{"id":36060,"date":"2025-05-19T15:55:12","date_gmt":"2025-05-19T15:55:12","guid":{"rendered":"https:\/\/3coty.com\/p\/02-chicken-080\/"},"modified":"2026-04-14T11:24:18","modified_gmt":"2026-04-14T11:24:18","slug":"02-chicken-080","status":"publish","type":"product","link":"https:\/\/3coty.com\/lt\/p\/02-chicken-080\/","title":{"rendered":"02. VI\u0160TIENA 080"},"content":{"rendered":"<p><a href=\"https:\/\/3coty.com\/wp-content\/uploads\/2025\/07\/3coty-p-02-tab-1.svg\"><img fetchpriority=\"high\" decoding=\"async\" class=\"alignnone size-full wp-image-62592\" role=\"img\" src=\"https:\/\/3coty.com\/wp-content\/uploads\/2025\/07\/3coty-p-02-tab-1.svg\" alt=\"\" width=\"283\" height=\"283\" \/><\/a><\/p>\n<h2>NAT\u016aRALUS IR VISAVALGIS 3COTY\u00ae KA\u010cI\u0172 MAISTAS<\/h2>\n<p><strong>99,5 % NAT\u016aRALI\u0172 M\u0116SOS INGREDIENTERI\u0172 ir gyv\u016bnin\u0117s kilm\u0117s produkt\u0173, gamint\u0173 savo nat\u016braliame maistingame sultinyje, 0,5 % SPIRULINA<\/strong><\/p>\n<p>J\u016br\u0173 dumbli\u0173 milteliai da\u017enai pridedami prie ka\u010di\u0173 maisto, kad sustiprint\u0173 j\u0173 imunin\u0119 sistem\u0105. M\u016bs\u0173 ka\u010di\u0173 maistas su spirulina pa\u0161alina sp\u0117liojimus, kiek jos prid\u0117ti. Mes \u012ftrauk\u0117me tiksl\u0173 kiek\u012f, u\u017etikrinant\u012f tobul\u0105 \u0161io supermaisto balans\u0105 suaugusioms kat\u0117ms. Smulkinta tekst\u016bra patinka kat\u0117ms, kurios m\u0117gsta manyti, kad med\u017eioja, pavyzd\u017eiui, bengal\u0173, abisin\u0173 ir meino kun\u0173 kat\u0117ms.<\/p>\n<p>Remiantis m\u016bs\u0173 pagrindiniu vi\u0161tienos skoniu, \u0161iame produkte yra prid\u0117ta 0,5 % spirulinos dumbli\u0173, kad b\u016bt\u0173 sustiprinta imunin\u0117 sistema ir pagerintas kailis.<\/p>\n","protected":false},"excerpt":{"rendered":"<p><a href=\"https:\/\/3coty.com\/wp-content\/uploads\/2025\/07\/3coty-p-02-description-1.svg\"><img decoding=\"async\" class=\"alignnone size-medium wp-image-62556\" role=\"img\" src=\"https:\/\/3coty.com\/wp-content\/uploads\/2025\/07\/3coty-p-02-description-1.svg\" alt=\"\" width=\"300\" height=\"300\" \/><\/a><\/p>\n<p><strong>SUAUGUSIOMS KAT\u0116MS<\/strong> | SUSMULKINTA | MONOPROTEINIS KA\u010cI\u0172 MAISTAS<br \/>\n<strong>SU SPIRULINA<\/strong><\/p>\n<p><a href=\"https:\/\/3coty.com\/wp-content\/uploads\/2025\/07\/3coty-p-02-description-2.svg\"><img decoding=\"async\" class=\"alignnone size-full wp-image-62574\" role=\"img\" src=\"https:\/\/3coty.com\/wp-content\/uploads\/2025\/07\/3coty-p-02-description-2.svg\" alt=\"\" width=\"506\" height=\"85\" \/><\/a><\/p>\n","protected":false},"featured_media":62638,"template":"","meta":{"_acf_changed":false},"product_brand":[1952],"product_cat":[363],"product_tag":[754],"class_list":{"0":"post-36060","1":"product","2":"type-product","3":"status-publish","4":"has-post-thumbnail","6":"product_brand-3coty","7":"product_cat-for-adult-cats","8":"product_tag-02ch","10":"first","11":"instock","12":"featured","13":"taxable","14":"shipping-taxable","15":"purchasable","16":"product-type-simple"},"acf":[],"yoast_head":"<!-- This site is optimized with the Yoast SEO Premium plugin v27.4 (Yoast SEO v27.4) - https:\/\/yoast.com\/product\/yoast-seo-premium-wordpress\/ -->\n<title>02. VI\u0160TIENA 080 (80g) | Suaugusioms kat\u0117ms | 3coty\u00ae Nat\u016bralus Ka\u010di\u0173 Maistas 100% M\u0117sos<\/title>\n<meta name=\"description\" content=\"Nat\u016bralus visavertis ir subalansuotas pa\u0161aras su vi\u0161tiena ir spirulinos dumbliais imunin\u0117s sistemos stiprinimui bei sveikam kailiui suaugusioms kat\u0117ms. Smulkinta tekst\u016bra m\u0117gstama Bengalijos ir Abisinijos ka\u010di\u0173.\" \/>\n<meta name=\"robots\" content=\"index, follow, max-snippet:-1, max-image-preview:large, max-video-preview:-1\" \/>\n<link rel=\"canonical\" href=\"https:\/\/3coty.com\/lt\/p\/02-chicken-080\/\" \/>\n<meta property=\"og:locale\" content=\"lt_LT\" \/>\n<meta property=\"og:type\" content=\"article\" \/>\n<meta property=\"og:title\" content=\"02. VI\u0160TIENA 080 (80g) | Suaugusioms kat\u0117ms | 3coty\u00ae Nat\u016bralus Ka\u010di\u0173 Maistas 100% M\u0117sos\" \/>\n<meta property=\"og:description\" content=\"Nat\u016bralus visavertis ir subalansuotas pa\u0161aras su vi\u0161tiena ir spirulinos dumbliais imunin\u0117s sistemos stiprinimui bei sveikam kailiui suaugusioms kat\u0117ms. Smulkinta tekst\u016bra m\u0117gstama Bengalijos ir Abisinijos ka\u010di\u0173.\" \/>\n<meta property=\"og:url\" content=\"https:\/\/3coty.com\/lt\/p\/02-chicken-080\/\" \/>\n<meta property=\"og:site_name\" content=\"3coty\u00ae\" \/>\n<meta property=\"article:publisher\" content=\"https:\/\/www.facebook.com\/3coty\" \/>\n<meta property=\"article:modified_time\" content=\"2026-04-14T11:24:18+00:00\" \/>\n<meta property=\"og:image\" content=\"https:\/\/3coty.com\/wp-content\/uploads\/2025\/10\/3coty-02-chicken-080-meat-only-cat-food.jpg\" \/>\n\t<meta property=\"og:image:width\" content=\"1200\" \/>\n\t<meta property=\"og:image:height\" content=\"630\" \/>\n\t<meta property=\"og:image:type\" content=\"image\/jpeg\" \/>\n<meta name=\"twitter:card\" content=\"summary_large_image\" \/>\n<meta name=\"twitter:title\" content=\"02. VI\u0160TIENA 080 (80g) | Suaugusioms kat\u0117ms | 3coty\u00ae Nat\u016bralus Ka\u010di\u0173 Maistas 100% M\u0117sos\" \/>\n<meta name=\"twitter:description\" content=\"Nat\u016bralus visavertis ir subalansuotas pa\u0161aras su vi\u0161tiena ir spirulinos dumbliais imunin\u0117s sistemos stiprinimui bei sveikam kailiui suaugusioms kat\u0117ms. Smulkinta tekst\u016bra m\u0117gstama Bengalijos ir Abisinijos ka\u010di\u0173.\" \/>\n<meta name=\"twitter:image\" content=\"https:\/\/3coty.com\/wp-content\/uploads\/2025\/10\/3coty-02-chicken-080-meat-only-cat-food.jpg\" \/>\n<meta name=\"twitter:site\" content=\"@3cotyCom\" \/>\n<meta name=\"twitter:label1\" content=\"Price\" \/>\n\t<meta name=\"twitter:data1\" content=\"\u20ac&nbsp;2.00\" \/>\n\t<meta name=\"twitter:label2\" content=\"Availability\" \/>\n\t<meta name=\"twitter:data2\" content=\"In stock\" \/>\n<script type=\"application\/ld+json\" class=\"yoast-schema-graph\">{\"@context\":\"https:\\\/\\\/schema.org\",\"@graph\":[{\"@type\":\"WebPage\",\"@id\":\"https:\\\/\\\/3coty.com\\\/lt\\\/p\\\/02-chicken-080\\\/\",\"url\":\"https:\\\/\\\/3coty.com\\\/lt\\\/p\\\/02-chicken-080\\\/\",\"name\":\"02. VI\u0160TIENA 080 (80g) | Suaugusioms kat\u0117ms | 3coty\u00ae Nat\u016bralus Ka\u010di\u0173 Maistas 100% M\u0117sos\",\"isPartOf\":{\"@id\":\"https:\\\/\\\/3coty.com\\\/lt\\\/#website\"},\"primaryImageOfPage\":{\"@id\":\"https:\\\/\\\/3coty.com\\\/lt\\\/p\\\/02-chicken-080\\\/#primaryimage\"},\"image\":{\"@id\":\"https:\\\/\\\/3coty.com\\\/lt\\\/p\\\/02-chicken-080\\\/#primaryimage\"},\"thumbnailUrl\":\"https:\\\/\\\/3coty.com\\\/wp-content\\\/uploads\\\/2025\\\/07\\\/3coty-p-02-080-01.jpg\",\"datePublished\":\"2025-05-19T15:55:12+00:00\",\"dateModified\":\"2026-04-14T11:24:18+00:00\",\"description\":\"Nat\u016bralus visavertis ir subalansuotas pa\u0161aras su vi\u0161tiena ir spirulinos dumbliais imunin\u0117s sistemos stiprinimui bei sveikam kailiui suaugusioms kat\u0117ms. Smulkinta tekst\u016bra m\u0117gstama Bengalijos ir Abisinijos ka\u010di\u0173.\",\"breadcrumb\":{\"@id\":\"https:\\\/\\\/3coty.com\\\/lt\\\/p\\\/02-chicken-080\\\/#breadcrumb\"},\"inLanguage\":\"lt-LT\",\"potentialAction\":[{\"@type\":\"ReadAction\",\"target\":[\"https:\\\/\\\/3coty.com\\\/lt\\\/p\\\/02-chicken-080\\\/\"]}]},{\"@type\":\"ImageObject\",\"inLanguage\":\"lt-LT\",\"@id\":\"https:\\\/\\\/3coty.com\\\/lt\\\/p\\\/02-chicken-080\\\/#primaryimage\",\"url\":\"https:\\\/\\\/3coty.com\\\/wp-content\\\/uploads\\\/2025\\\/07\\\/3coty-p-02-080-01.jpg\",\"contentUrl\":\"https:\\\/\\\/3coty.com\\\/wp-content\\\/uploads\\\/2025\\\/07\\\/3coty-p-02-080-01.jpg\",\"width\":1024,\"height\":1024},{\"@type\":\"BreadcrumbList\",\"@id\":\"https:\\\/\\\/3coty.com\\\/lt\\\/p\\\/02-chicken-080\\\/#breadcrumb\",\"itemListElement\":[{\"@type\":\"ListItem\",\"position\":1,\"name\":\"Home\",\"item\":\"https:\\\/\\\/3coty.com\\\/lt\\\/\"},{\"@type\":\"ListItem\",\"position\":2,\"name\":\"PARDUOTUV\u0116\",\"item\":\"https:\\\/\\\/3coty.com\\\/lt\\\/shop\\\/\"},{\"@type\":\"ListItem\",\"position\":3,\"name\":\"02. VI\u0160TIENA 080\"}]},{\"@type\":\"WebSite\",\"@id\":\"https:\\\/\\\/3coty.com\\\/lt\\\/#website\",\"url\":\"https:\\\/\\\/3coty.com\\\/lt\\\/\",\"name\":\"3coty\u00ae\",\"description\":\"Meat-only Cat Food\",\"publisher\":{\"@id\":\"https:\\\/\\\/3coty.com\\\/lt\\\/#organization\"},\"potentialAction\":[{\"@type\":\"SearchAction\",\"target\":{\"@type\":\"EntryPoint\",\"urlTemplate\":\"https:\\\/\\\/3coty.com\\\/lt\\\/?s={search_term_string}\"},\"query-input\":{\"@type\":\"PropertyValueSpecification\",\"valueRequired\":true,\"valueName\":\"search_term_string\"}}],\"inLanguage\":\"lt-LT\"},{\"@type\":\"Organization\",\"@id\":\"https:\\\/\\\/3coty.com\\\/lt\\\/#organization\",\"name\":\"3coty\u00ae\",\"alternateName\":\"3coty\",\"url\":\"https:\\\/\\\/3coty.com\\\/lt\\\/\",\"logo\":{\"@type\":\"ImageObject\",\"inLanguage\":\"lt-LT\",\"@id\":\"https:\\\/\\\/3coty.com\\\/lt\\\/#\\\/schema\\\/logo\\\/image\\\/\",\"url\":\"https:\\\/\\\/3coty.com\\\/wp-content\\\/uploads\\\/2025\\\/05\\\/icon-3coty-logo.svg\",\"contentUrl\":\"https:\\\/\\\/3coty.com\\\/wp-content\\\/uploads\\\/2025\\\/05\\\/icon-3coty-logo.svg\",\"width\":283,\"height\":283,\"caption\":\"3coty\u00ae\"},\"image\":{\"@id\":\"https:\\\/\\\/3coty.com\\\/lt\\\/#\\\/schema\\\/logo\\\/image\\\/\"},\"sameAs\":[\"https:\\\/\\\/www.facebook.com\\\/3coty\",\"https:\\\/\\\/x.com\\\/3cotyCom\",\"https:\\\/\\\/www.instagram.com\\\/3coty\",\"https:\\\/\\\/www.linkedin.com\\\/company\\\/3coty\",\"https:\\\/\\\/www.youtube.com\\\/@3coty\"]}]}<\/script>\n<meta property=\"product:price:amount\" content=\"2.00\" \/>\n<meta property=\"product:price:currency\" content=\"EUR\" \/>\n<meta property=\"og:availability\" content=\"instock\" \/>\n<meta property=\"product:availability\" content=\"instock\" \/>\n<meta property=\"product:retailer_item_id\" content=\"080T 02CH \/ 5901785317374\" \/>\n<meta property=\"product:condition\" content=\"new\" \/>\n<!-- \/ Yoast SEO Premium plugin. -->","yoast_head_json":{"title":"02. VI\u0160TIENA 080 (80g) | Suaugusioms kat\u0117ms | 3coty\u00ae Nat\u016bralus Ka\u010di\u0173 Maistas 100% M\u0117sos","description":"Nat\u016bralus visavertis ir subalansuotas pa\u0161aras su vi\u0161tiena ir spirulinos dumbliais imunin\u0117s sistemos stiprinimui bei sveikam kailiui suaugusioms kat\u0117ms. Smulkinta tekst\u016bra m\u0117gstama Bengalijos ir Abisinijos ka\u010di\u0173.","robots":{"index":"index","follow":"follow","max-snippet":"max-snippet:-1","max-image-preview":"max-image-preview:large","max-video-preview":"max-video-preview:-1"},"canonical":"https:\/\/3coty.com\/lt\/p\/02-chicken-080\/","og_locale":"lt_LT","og_type":"article","og_title":"02. VI\u0160TIENA 080 (80g) | Suaugusioms kat\u0117ms | 3coty\u00ae Nat\u016bralus Ka\u010di\u0173 Maistas 100% M\u0117sos","og_description":"Nat\u016bralus visavertis ir subalansuotas pa\u0161aras su vi\u0161tiena ir spirulinos dumbliais imunin\u0117s sistemos stiprinimui bei sveikam kailiui suaugusioms kat\u0117ms. Smulkinta tekst\u016bra m\u0117gstama Bengalijos ir Abisinijos ka\u010di\u0173.","og_url":"https:\/\/3coty.com\/lt\/p\/02-chicken-080\/","og_site_name":"3coty\u00ae","article_publisher":"https:\/\/www.facebook.com\/3coty","article_modified_time":"2026-04-14T11:24:18+00:00","og_image":[{"width":1200,"height":630,"url":"https:\/\/3coty.com\/wp-content\/uploads\/2025\/10\/3coty-02-chicken-080-meat-only-cat-food.jpg","type":"image\/jpeg"}],"twitter_card":"summary_large_image","twitter_title":"02. VI\u0160TIENA 080 (80g) | Suaugusioms kat\u0117ms | 3coty\u00ae Nat\u016bralus Ka\u010di\u0173 Maistas 100% M\u0117sos","twitter_description":"Nat\u016bralus visavertis ir subalansuotas pa\u0161aras su vi\u0161tiena ir spirulinos dumbliais imunin\u0117s sistemos stiprinimui bei sveikam kailiui suaugusioms kat\u0117ms. Smulkinta tekst\u016bra m\u0117gstama Bengalijos ir Abisinijos ka\u010di\u0173.","twitter_image":"https:\/\/3coty.com\/wp-content\/uploads\/2025\/10\/3coty-02-chicken-080-meat-only-cat-food.jpg","twitter_site":"@3cotyCom","twitter_misc":{"Price":"\u20ac&nbsp;2.00","Availability":"In stock"},"schema":{"@context":"https:\/\/schema.org","@graph":[{"@type":"WebPage","@id":"https:\/\/3coty.com\/lt\/p\/02-chicken-080\/","url":"https:\/\/3coty.com\/lt\/p\/02-chicken-080\/","name":"02. VI\u0160TIENA 080 (80g) | Suaugusioms kat\u0117ms | 3coty\u00ae Nat\u016bralus Ka\u010di\u0173 Maistas 100% M\u0117sos","isPartOf":{"@id":"https:\/\/3coty.com\/lt\/#website"},"primaryImageOfPage":{"@id":"https:\/\/3coty.com\/lt\/p\/02-chicken-080\/#primaryimage"},"image":{"@id":"https:\/\/3coty.com\/lt\/p\/02-chicken-080\/#primaryimage"},"thumbnailUrl":"https:\/\/3coty.com\/wp-content\/uploads\/2025\/07\/3coty-p-02-080-01.jpg","datePublished":"2025-05-19T15:55:12+00:00","dateModified":"2026-04-14T11:24:18+00:00","description":"Nat\u016bralus visavertis ir subalansuotas pa\u0161aras su vi\u0161tiena ir spirulinos dumbliais imunin\u0117s sistemos stiprinimui bei sveikam kailiui suaugusioms kat\u0117ms. Smulkinta tekst\u016bra m\u0117gstama Bengalijos ir Abisinijos ka\u010di\u0173.","breadcrumb":{"@id":"https:\/\/3coty.com\/lt\/p\/02-chicken-080\/#breadcrumb"},"inLanguage":"lt-LT","potentialAction":[{"@type":"ReadAction","target":["https:\/\/3coty.com\/lt\/p\/02-chicken-080\/"]}]},{"@type":"ImageObject","inLanguage":"lt-LT","@id":"https:\/\/3coty.com\/lt\/p\/02-chicken-080\/#primaryimage","url":"https:\/\/3coty.com\/wp-content\/uploads\/2025\/07\/3coty-p-02-080-01.jpg","contentUrl":"https:\/\/3coty.com\/wp-content\/uploads\/2025\/07\/3coty-p-02-080-01.jpg","width":1024,"height":1024},{"@type":"BreadcrumbList","@id":"https:\/\/3coty.com\/lt\/p\/02-chicken-080\/#breadcrumb","itemListElement":[{"@type":"ListItem","position":1,"name":"Home","item":"https:\/\/3coty.com\/lt\/"},{"@type":"ListItem","position":2,"name":"PARDUOTUV\u0116","item":"https:\/\/3coty.com\/lt\/shop\/"},{"@type":"ListItem","position":3,"name":"02. VI\u0160TIENA 080"}]},{"@type":"WebSite","@id":"https:\/\/3coty.com\/lt\/#website","url":"https:\/\/3coty.com\/lt\/","name":"3coty\u00ae","description":"Meat-only Cat Food","publisher":{"@id":"https:\/\/3coty.com\/lt\/#organization"},"potentialAction":[{"@type":"SearchAction","target":{"@type":"EntryPoint","urlTemplate":"https:\/\/3coty.com\/lt\/?s={search_term_string}"},"query-input":{"@type":"PropertyValueSpecification","valueRequired":true,"valueName":"search_term_string"}}],"inLanguage":"lt-LT"},{"@type":"Organization","@id":"https:\/\/3coty.com\/lt\/#organization","name":"3coty\u00ae","alternateName":"3coty","url":"https:\/\/3coty.com\/lt\/","logo":{"@type":"ImageObject","inLanguage":"lt-LT","@id":"https:\/\/3coty.com\/lt\/#\/schema\/logo\/image\/","url":"https:\/\/3coty.com\/wp-content\/uploads\/2025\/05\/icon-3coty-logo.svg","contentUrl":"https:\/\/3coty.com\/wp-content\/uploads\/2025\/05\/icon-3coty-logo.svg","width":283,"height":283,"caption":"3coty\u00ae"},"image":{"@id":"https:\/\/3coty.com\/lt\/#\/schema\/logo\/image\/"},"sameAs":["https:\/\/www.facebook.com\/3coty","https:\/\/x.com\/3cotyCom","https:\/\/www.instagram.com\/3coty","https:\/\/www.linkedin.com\/company\/3coty","https:\/\/www.youtube.com\/@3coty"]}]},"product_price_amount":"2.00","product_price_currency":"EUR","og_availability":"instock","product_availability":"instock","product_retailer_item_id":"080T 02CH \/ 5901785317374","product_condition":"new"},"_links":{"self":[{"href":"https:\/\/3coty.com\/lt\/wp-json\/wp\/v2\/product\/36060","targetHints":{"allow":["GET"]}}],"collection":[{"href":"https:\/\/3coty.com\/lt\/wp-json\/wp\/v2\/product"}],"about":[{"href":"https:\/\/3coty.com\/lt\/wp-json\/wp\/v2\/types\/product"}],"version-history":[{"count":4,"href":"https:\/\/3coty.com\/lt\/wp-json\/wp\/v2\/product\/36060\/revisions"}],"predecessor-version":[{"id":63054,"href":"https:\/\/3coty.com\/lt\/wp-json\/wp\/v2\/product\/36060\/revisions\/63054"}],"wp:featuredmedia":[{"embeddable":true,"href":"https:\/\/3coty.com\/lt\/wp-json\/wp\/v2\/media\/62638"}],"wp:attachment":[{"href":"https:\/\/3coty.com\/lt\/wp-json\/wp\/v2\/media?parent=36060"}],"wp:term":[{"taxonomy":"product_brand","embeddable":true,"href":"https:\/\/3coty.com\/lt\/wp-json\/wp\/v2\/product_brand?post=36060"},{"taxonomy":"product_cat","embeddable":true,"href":"https:\/\/3coty.com\/lt\/wp-json\/wp\/v2\/product_cat?post=36060"},{"taxonomy":"product_tag","embeddable":true,"href":"https:\/\/3coty.com\/lt\/wp-json\/wp\/v2\/product_tag?post=36060"}],"curies":[{"name":"wp","href":"https:\/\/api.w.org\/{rel}","templated":true}]}}