{"id":76771,"date":"2025-09-18T11:59:13","date_gmt":"2025-09-18T11:59:13","guid":{"rendered":"https:\/\/3coty.com\/?page_id=76771"},"modified":"2025-12-09T17:39:49","modified_gmt":"2025-12-09T17:39:49","slug":"cookie-policy","status":"publish","type":"page","link":"https:\/\/3coty.com\/lt\/cookie-policy\/","title":{"rendered":"Slapuk\u0173 politika"},"content":{"rendered":"<p>&nbsp;<\/p>\n<h1>Slapuk\u0173 politika<\/h1>\n<h2 data-start=\"213\" data-end=\"233\">Kas yra slapukai?<\/h2>\n<p data-start=\"235\" data-end=\"440\">Slapukai \u2013 tai ma\u017ei tekstiniai failai, saugomi j\u016bs\u0173 \u012frenginyje, kurie padeda mums u\u017etikrinti tinkam\u0105 svetain\u0117s veikim\u0105, pagerinti saugum\u0105, suteikti geresn\u0119 vartotojo patirt\u012f ir analizuoti svetain\u0117s na\u0161um\u0105.<\/p>\n<h2 data-start=\"447\" data-end=\"478\">Kaip mes naudojame slapukus?<\/h2>\n<p data-start=\"480\" data-end=\"563\">Kaip ir dauguma svetaini\u0173, mes naudojame tiek savo, tiek tre\u010di\u0173j\u0173 \u0161ali\u0173 slapukus.<\/p>\n<p data-start=\"565\" data-end=\"688\">B\u016btini slapukai u\u017etikrina tinkam\u0105 svetain\u0117s veikim\u0105 (pavyzd\u017eiui, palaiko j\u016bs\u0173 prisijungim\u0105 ir \u012fsimena kalb\u0105 bei valiut\u0105).<\/p>\n<p data-start=\"690\" data-end=\"797\">Na\u0161umo slapukai padeda mums suprasti, kaip lankytojai naudojasi m\u016bs\u0173 svetaine, kad gal\u0117tume j\u0105 tobulinti.<\/p>\n<p data-start=\"799\" data-end=\"897\">Rinkodaros slapukai leid\u017eia mums rodyti jums aktualius pasi\u016blymus ir vertinti reklamos efektyvum\u0105.<\/p>\n<p data-start=\"899\" data-end=\"918\">[wcc_category_list]<\/p>\n<p>&nbsp;<\/p>\n<h2 data-start=\"925\" data-end=\"954\">Slapuk\u0173 nustatym\u0173 valdymas<\/h2>\n<p data-start=\"956\" data-end=\"1171\">Savo slapuk\u0173 nustatymus galite bet kada pakeisti spustel\u0117j\u0119 mygtuk\u0105 [wcc_preference_button]. Tai leis jums dar kart\u0105 atidaryti slapuk\u0173 sutikimo juost\u0105 ir pakeisti savo nustatymus arba nedelsiant at\u0161aukti sutikim\u0105.<\/p>\n<p data-start=\"1173\" data-end=\"1431\">Be to, skirtingos nar\u0161ykl\u0117s si\u016blo \u012fvairius b\u016bdus blokuoti ir i\u0161trinti svetaini\u0173 naudojamus slapukus. Galite pakeisti savo nar\u0161ykl\u0117s nustatymus, kad blokuotum\u0117te arba i\u0161trintum\u0117te slapukus. \u017demiau pateiktos nuorodos \u012f pagrindini\u0173 nar\u0161ykli\u0173 pagalbos puslapius.<\/p>\n<p>Chrome: <a href=\"https:\/\/support.google.com\/accounts\/answer\/32050\"> https:\/\/support.google.com\/accounts\/answer\/32050<\/a><\/p>\n<p>Safari: <a href=\"https:\/\/support.apple.com\/en-in\/guide\/safari\/sfri11471\/mac\">https:\/\/support.apple.com\/en-in\/guide\/safari\/sfri11471\/mac<\/a><\/p>\n<p>Firefox: <a href=\"https:\/\/support.mozilla.org\/en-US\/kb\/clear-cookies-and-site-data-firefox?redirectslug=delete-cookies-remove-info-websites-stored&amp;redirectlocale=en-US\">https:\/\/support.mozilla.org\/en-US\/kb\/clear-cookies-and-site-data-firefox?redirectslug=delete-cookies-remove-info-websites-stored&amp;redirectlocale=en-US<\/a><\/p>\n<p>Microsoft Edge: <a href=\"https:\/\/support.microsoft.com\/en-us\/microsoft-edge\/delete-cookies-in-microsoft-edge-63947406-40ac-c3b8-57b9-2a946a29ae09\"> Slapuk\u0173 i\u0161trynimas nar\u0161ykl\u0117je Microsoft Edge \u2013 \u201eMicrosoft\u201c palaikymas<\/a><\/p>\n<p>Jei naudojate kit\u0105 nar\u0161ykl\u0119, apsilankykite oficialiame jos palaikymo puslapyje.<\/p>\n<p>&nbsp;<\/p>\n<p data-start=\"1567\" data-end=\"1781\">I\u0161sami\u0105 informacij\u0105 apie konkre\u010dius m\u016bs\u0173 naudojamus slapukus, \u012fskaitant tokius paslaug\u0173 teik\u0117jus kaip Google Analytics, WooCommerce, WPML, PayPal ir kitus, rasite m\u016bs\u0173 <a href=\"https:\/\/3coty.com\/lt\/privacy-policy\/\">Privatumo politikoje.<\/a><\/p>\n<p><strong data-start=\"2028\" data-end=\"2056\">Paskutinis atnaujinimas:<\/strong> 07.11.2025<\/p>\n<p>&nbsp;<\/p>\n","protected":false},"excerpt":{"rendered":"<p>&nbsp; Slapuk\u0173 politika Kas yra slapukai? Slapukai \u2013 tai ma\u017ei tekstiniai failai, saugomi j\u016bs\u0173 \u012frenginyje, kurie padeda mums u\u017etikrinti tinkam\u0105 svetain\u0117s veikim\u0105, pagerinti saugum\u0105, suteikti geresn\u0119 vartotojo patirt\u012f ir analizuoti svetain\u0117s na\u0161um\u0105. Kaip mes naudojame slapukus? Kaip ir dauguma svetaini\u0173, mes naudojame tiek savo, tiek tre\u010di\u0173j\u0173 \u0161ali\u0173 slapukus. B\u016btini slapukai u\u017etikrina tinkam\u0105 svetain\u0117s veikim\u0105 (pavyzd\u017eiui, &hellip;<\/p>\n","protected":false},"author":3,"featured_media":0,"parent":0,"menu_order":0,"comment_status":"closed","ping_status":"closed","template":"","meta":{"_acf_changed":false,"footnotes":""},"class_list":["post-76771","page","type-page","status-publish","hentry"],"acf":[],"yoast_head":"<!-- This site is optimized with the Yoast SEO Premium plugin v27.4 (Yoast SEO v27.4) - https:\/\/yoast.com\/product\/yoast-seo-premium-wordpress\/ -->\n<title>Slapuk\u0173 politika - 3coty\u00ae<\/title>\n<meta name=\"robots\" content=\"index, follow, max-snippet:-1, max-image-preview:large, max-video-preview:-1\" \/>\n<link rel=\"canonical\" href=\"https:\/\/3coty.com\/lt\/cookie-policy\/\" \/>\n<meta property=\"og:locale\" content=\"lt_LT\" \/>\n<meta property=\"og:type\" content=\"article\" \/>\n<meta property=\"og:title\" content=\"Slapuk\u0173 politika\" \/>\n<meta property=\"og:description\" content=\"&nbsp; Slapuk\u0173 politika Kas yra slapukai? Slapukai \u2013 tai ma\u017ei tekstiniai failai, saugomi j\u016bs\u0173 \u012frenginyje, kurie padeda mums u\u017etikrinti tinkam\u0105 svetain\u0117s veikim\u0105, pagerinti saugum\u0105, suteikti geresn\u0119 vartotojo patirt\u012f ir analizuoti svetain\u0117s na\u0161um\u0105. Kaip mes naudojame slapukus? Kaip ir dauguma svetaini\u0173, mes naudojame tiek savo, tiek tre\u010di\u0173j\u0173 \u0161ali\u0173 slapukus. B\u016btini slapukai u\u017etikrina tinkam\u0105 svetain\u0117s veikim\u0105 (pavyzd\u017eiui, &hellip;\" \/>\n<meta property=\"og:url\" content=\"https:\/\/3coty.com\/lt\/cookie-policy\/\" \/>\n<meta property=\"og:site_name\" content=\"3coty\u00ae\" \/>\n<meta property=\"article:publisher\" content=\"https:\/\/www.facebook.com\/3coty\" \/>\n<meta property=\"article:modified_time\" content=\"2025-12-09T17:39:49+00:00\" \/>\n<meta name=\"twitter:card\" content=\"summary_large_image\" \/>\n<meta name=\"twitter:site\" content=\"@3cotyCom\" \/>\n<meta name=\"twitter:label1\" content=\"Est. reading time\" \/>\n\t<meta name=\"twitter:data1\" content=\"1 minut\u0117\" \/>\n<script type=\"application\/ld+json\" class=\"yoast-schema-graph\">{\"@context\":\"https:\\\/\\\/schema.org\",\"@graph\":[{\"@type\":\"WebPage\",\"@id\":\"https:\\\/\\\/3coty.com\\\/lt\\\/cookie-policy\\\/\",\"url\":\"https:\\\/\\\/3coty.com\\\/lt\\\/cookie-policy\\\/\",\"name\":\"Slapuk\u0173 politika - 3coty\u00ae\",\"isPartOf\":{\"@id\":\"https:\\\/\\\/3coty.com\\\/lt\\\/#website\"},\"datePublished\":\"2025-09-18T11:59:13+00:00\",\"dateModified\":\"2025-12-09T17:39:49+00:00\",\"breadcrumb\":{\"@id\":\"https:\\\/\\\/3coty.com\\\/lt\\\/cookie-policy\\\/#breadcrumb\"},\"inLanguage\":\"lt-LT\",\"potentialAction\":[{\"@type\":\"ReadAction\",\"target\":[\"https:\\\/\\\/3coty.com\\\/lt\\\/cookie-policy\\\/\"]}]},{\"@type\":\"BreadcrumbList\",\"@id\":\"https:\\\/\\\/3coty.com\\\/lt\\\/cookie-policy\\\/#breadcrumb\",\"itemListElement\":[{\"@type\":\"ListItem\",\"position\":1,\"name\":\"Home\",\"item\":\"https:\\\/\\\/3coty.com\\\/lt\\\/\"},{\"@type\":\"ListItem\",\"position\":2,\"name\":\"Slapuk\u0173 politika\"}]},{\"@type\":\"WebSite\",\"@id\":\"https:\\\/\\\/3coty.com\\\/lt\\\/#website\",\"url\":\"https:\\\/\\\/3coty.com\\\/lt\\\/\",\"name\":\"3coty\u00ae\",\"description\":\"Meat-only Cat Food\",\"publisher\":{\"@id\":\"https:\\\/\\\/3coty.com\\\/lt\\\/#organization\"},\"potentialAction\":[{\"@type\":\"SearchAction\",\"target\":{\"@type\":\"EntryPoint\",\"urlTemplate\":\"https:\\\/\\\/3coty.com\\\/lt\\\/?s={search_term_string}\"},\"query-input\":{\"@type\":\"PropertyValueSpecification\",\"valueRequired\":true,\"valueName\":\"search_term_string\"}}],\"inLanguage\":\"lt-LT\"},{\"@type\":\"Organization\",\"@id\":\"https:\\\/\\\/3coty.com\\\/lt\\\/#organization\",\"name\":\"3coty\u00ae\",\"alternateName\":\"3coty\",\"url\":\"https:\\\/\\\/3coty.com\\\/lt\\\/\",\"logo\":{\"@type\":\"ImageObject\",\"inLanguage\":\"lt-LT\",\"@id\":\"https:\\\/\\\/3coty.com\\\/lt\\\/#\\\/schema\\\/logo\\\/image\\\/\",\"url\":\"https:\\\/\\\/3coty.com\\\/wp-content\\\/uploads\\\/2025\\\/05\\\/icon-3coty-logo.svg\",\"contentUrl\":\"https:\\\/\\\/3coty.com\\\/wp-content\\\/uploads\\\/2025\\\/05\\\/icon-3coty-logo.svg\",\"width\":283,\"height\":283,\"caption\":\"3coty\u00ae\"},\"image\":{\"@id\":\"https:\\\/\\\/3coty.com\\\/lt\\\/#\\\/schema\\\/logo\\\/image\\\/\"},\"sameAs\":[\"https:\\\/\\\/www.facebook.com\\\/3coty\",\"https:\\\/\\\/x.com\\\/3cotyCom\",\"https:\\\/\\\/www.instagram.com\\\/3coty\",\"https:\\\/\\\/www.linkedin.com\\\/company\\\/3coty\",\"https:\\\/\\\/www.youtube.com\\\/@3coty\"]}]}<\/script>\n<!-- \/ Yoast SEO Premium plugin. -->","yoast_head_json":{"title":"Slapuk\u0173 politika - 3coty\u00ae","robots":{"index":"index","follow":"follow","max-snippet":"max-snippet:-1","max-image-preview":"max-image-preview:large","max-video-preview":"max-video-preview:-1"},"canonical":"https:\/\/3coty.com\/lt\/cookie-policy\/","og_locale":"lt_LT","og_type":"article","og_title":"Slapuk\u0173 politika","og_description":"&nbsp; Slapuk\u0173 politika Kas yra slapukai? Slapukai \u2013 tai ma\u017ei tekstiniai failai, saugomi j\u016bs\u0173 \u012frenginyje, kurie padeda mums u\u017etikrinti tinkam\u0105 svetain\u0117s veikim\u0105, pagerinti saugum\u0105, suteikti geresn\u0119 vartotojo patirt\u012f ir analizuoti svetain\u0117s na\u0161um\u0105. Kaip mes naudojame slapukus? Kaip ir dauguma svetaini\u0173, mes naudojame tiek savo, tiek tre\u010di\u0173j\u0173 \u0161ali\u0173 slapukus. B\u016btini slapukai u\u017etikrina tinkam\u0105 svetain\u0117s veikim\u0105 (pavyzd\u017eiui, &hellip;","og_url":"https:\/\/3coty.com\/lt\/cookie-policy\/","og_site_name":"3coty\u00ae","article_publisher":"https:\/\/www.facebook.com\/3coty","article_modified_time":"2025-12-09T17:39:49+00:00","twitter_card":"summary_large_image","twitter_site":"@3cotyCom","twitter_misc":{"Est. reading time":"1 minut\u0117"},"schema":{"@context":"https:\/\/schema.org","@graph":[{"@type":"WebPage","@id":"https:\/\/3coty.com\/lt\/cookie-policy\/","url":"https:\/\/3coty.com\/lt\/cookie-policy\/","name":"Slapuk\u0173 politika - 3coty\u00ae","isPartOf":{"@id":"https:\/\/3coty.com\/lt\/#website"},"datePublished":"2025-09-18T11:59:13+00:00","dateModified":"2025-12-09T17:39:49+00:00","breadcrumb":{"@id":"https:\/\/3coty.com\/lt\/cookie-policy\/#breadcrumb"},"inLanguage":"lt-LT","potentialAction":[{"@type":"ReadAction","target":["https:\/\/3coty.com\/lt\/cookie-policy\/"]}]},{"@type":"BreadcrumbList","@id":"https:\/\/3coty.com\/lt\/cookie-policy\/#breadcrumb","itemListElement":[{"@type":"ListItem","position":1,"name":"Home","item":"https:\/\/3coty.com\/lt\/"},{"@type":"ListItem","position":2,"name":"Slapuk\u0173 politika"}]},{"@type":"WebSite","@id":"https:\/\/3coty.com\/lt\/#website","url":"https:\/\/3coty.com\/lt\/","name":"3coty\u00ae","description":"Meat-only Cat Food","publisher":{"@id":"https:\/\/3coty.com\/lt\/#organization"},"potentialAction":[{"@type":"SearchAction","target":{"@type":"EntryPoint","urlTemplate":"https:\/\/3coty.com\/lt\/?s={search_term_string}"},"query-input":{"@type":"PropertyValueSpecification","valueRequired":true,"valueName":"search_term_string"}}],"inLanguage":"lt-LT"},{"@type":"Organization","@id":"https:\/\/3coty.com\/lt\/#organization","name":"3coty\u00ae","alternateName":"3coty","url":"https:\/\/3coty.com\/lt\/","logo":{"@type":"ImageObject","inLanguage":"lt-LT","@id":"https:\/\/3coty.com\/lt\/#\/schema\/logo\/image\/","url":"https:\/\/3coty.com\/wp-content\/uploads\/2025\/05\/icon-3coty-logo.svg","contentUrl":"https:\/\/3coty.com\/wp-content\/uploads\/2025\/05\/icon-3coty-logo.svg","width":283,"height":283,"caption":"3coty\u00ae"},"image":{"@id":"https:\/\/3coty.com\/lt\/#\/schema\/logo\/image\/"},"sameAs":["https:\/\/www.facebook.com\/3coty","https:\/\/x.com\/3cotyCom","https:\/\/www.instagram.com\/3coty","https:\/\/www.linkedin.com\/company\/3coty","https:\/\/www.youtube.com\/@3coty"]}]}},"_links":{"self":[{"href":"https:\/\/3coty.com\/lt\/wp-json\/wp\/v2\/pages\/76771","targetHints":{"allow":["GET"]}}],"collection":[{"href":"https:\/\/3coty.com\/lt\/wp-json\/wp\/v2\/pages"}],"about":[{"href":"https:\/\/3coty.com\/lt\/wp-json\/wp\/v2\/types\/page"}],"author":[{"embeddable":true,"href":"https:\/\/3coty.com\/lt\/wp-json\/wp\/v2\/users\/3"}],"replies":[{"embeddable":true,"href":"https:\/\/3coty.com\/lt\/wp-json\/wp\/v2\/comments?post=76771"}],"version-history":[{"count":2,"href":"https:\/\/3coty.com\/lt\/wp-json\/wp\/v2\/pages\/76771\/revisions"}],"predecessor-version":[{"id":80662,"href":"https:\/\/3coty.com\/lt\/wp-json\/wp\/v2\/pages\/76771\/revisions\/80662"}],"wp:attachment":[{"href":"https:\/\/3coty.com\/lt\/wp-json\/wp\/v2\/media?parent=76771"}],"curies":[{"name":"wp","href":"https:\/\/api.w.org\/{rel}","templated":true}]}}