{"id":32023,"date":"2025-05-26T20:00:09","date_gmt":"2025-05-26T20:00:09","guid":{"rendered":"https:\/\/3coty.com\/p\/52-chicken-080\/"},"modified":"2026-04-16T09:01:24","modified_gmt":"2026-04-16T09:01:24","slug":"52-chicken-080","status":"publish","type":"product","link":"https:\/\/3coty.com\/it\/p\/52-chicken-080\/","title":{"rendered":"52. POLLO Struvite Care 080"},"content":{"rendered":"<p><a href=\"https:\/\/3coty.com\/wp-content\/uploads\/2025\/07\/3coty-p-52-tab-1.svg\"><img fetchpriority=\"high\" decoding=\"async\" class=\"alignnone size-full wp-image-45105\" role=\"img\" src=\"https:\/\/3coty.com\/wp-content\/uploads\/2025\/07\/3coty-p-52-tab-1.svg\" alt=\"\" width=\"283\" height=\"283\" \/><\/a><\/p>\n<h2>ALIMENTO PER GATTI 3COTY\u00ae NATURALE E COMPLETO<\/h2>\n<p><strong>INGREDIENTI DI CARNE 100% NATURALI e derivati animali cotti nel loro stesso brodo nutriente<\/strong><\/p>\n<p><strong>ALIMENTAZIONE NATURALE PER GATTI CON SENSIBILIT\u00c0 URINARIA | Effetto benefico sulla funzione del tratto urinario<\/strong><\/p>\n<p>Dopo il successo del nostro 51. TACCHINO Struvite Care, molti proprietari ci hanno chiesto una versione simile a base di pollo per supportare il corretto livello di pH urinario. Accogliendo sempre con entusiasmo il feedback dei clienti, abbiamo ampliato la nostra gamma di alimenti per gatti con esigenze speciali. Questo alimento \u00e8 adatto ai gatti adulti e la sua consistenza sminuzzata offre una maggiore masticabilit\u00e0. Rappresenta una dieta di mantenimento completa per gatti di tutte le et\u00e0.<\/p>\n<p>Una dieta completa con livello di pH ideale per gatti inclini a cristalli urinari o calcoli di struvite.<\/p>\n","protected":false},"excerpt":{"rendered":"<p><a href=\"https:\/\/3coty.com\/wp-content\/uploads\/2025\/07\/3coty-p-52-description-1.svg\"><img decoding=\"async\" class=\"alignnone size-medium wp-image-45069\" role=\"img\" src=\"https:\/\/3coty.com\/wp-content\/uploads\/2025\/07\/3coty-p-52-description-1.svg\" alt=\"\" width=\"300\" height=\"300\" \/><\/a><\/p>\n<p><strong>PER GATTI CON TRATTO URINARIO SENSIBILE<\/strong> | SFILACCETTI | ALIMENTAZIONE MONOPROTEICA PER GATTI<\/p>\n<p><a href=\"https:\/\/3coty.com\/wp-content\/uploads\/2025\/07\/3coty-p-52-description-2.svg\"><img decoding=\"async\" class=\"alignnone size-full wp-image-45087\" role=\"img\" src=\"https:\/\/3coty.com\/wp-content\/uploads\/2025\/07\/3coty-p-52-description-2.svg\" alt=\"\" width=\"506\" height=\"85\" \/><\/a><\/p>\n","protected":false},"featured_media":44933,"template":"","meta":{"_acf_changed":false},"product_brand":[],"product_cat":[424],"product_tag":[1202],"class_list":{"0":"post-32023","1":"product","2":"type-product","3":"status-publish","4":"has-post-thumbnail","6":"product_cat-well-being","7":"product_tag-52ch","9":"first","10":"instock","11":"featured","12":"taxable","13":"shipping-taxable","14":"purchasable","15":"product-type-simple"},"acf":[],"yoast_head":"<!-- This site is optimized with the Yoast SEO Premium plugin v27.4 (Yoast SEO v27.4) - https:\/\/yoast.com\/product\/yoast-seo-premium-wordpress\/ -->\n<title>52. POLLO Struvite Care 080 - 3coty\u00ae<\/title>\n<meta name=\"robots\" content=\"index, follow, max-snippet:-1, max-image-preview:large, max-video-preview:-1\" \/>\n<link rel=\"canonical\" href=\"https:\/\/3coty.com\/it\/p\/52-chicken-080\/\" \/>\n<meta property=\"og:locale\" content=\"it_IT\" \/>\n<meta property=\"og:type\" content=\"article\" \/>\n<meta property=\"og:title\" content=\"52. POLLO Struvite Care 080\" \/>\n<meta property=\"og:description\" content=\"PER GATTI CON TRATTO URINARIO SENSIBILE | SFILACCETTI | ALIMENTAZIONE MONOPROTEICA PER GATTI\" \/>\n<meta property=\"og:url\" content=\"https:\/\/3coty.com\/it\/p\/52-chicken-080\/\" \/>\n<meta property=\"og:site_name\" content=\"3coty\u00ae\" \/>\n<meta property=\"article:publisher\" content=\"https:\/\/www.facebook.com\/3coty\" \/>\n<meta property=\"article:modified_time\" content=\"2026-04-16T09:01:24+00:00\" \/>\n<meta property=\"og:image\" content=\"https:\/\/3coty.com\/wp-content\/uploads\/2025\/07\/3coty-p-52-080-01.jpg\" \/>\n\t<meta property=\"og:image:width\" content=\"1024\" \/>\n\t<meta property=\"og:image:height\" content=\"1024\" \/>\n\t<meta property=\"og:image:type\" content=\"image\/jpeg\" \/>\n<meta name=\"twitter:card\" content=\"summary_large_image\" \/>\n<meta name=\"twitter:site\" content=\"@3cotyCom\" \/>\n<meta name=\"twitter:label1\" content=\"Prezzo\" \/>\n\t<meta name=\"twitter:data1\" content=\"\u20ac&nbsp;2.50\" \/>\n\t<meta name=\"twitter:label2\" content=\"Disponibilit\u00e0\" \/>\n\t<meta name=\"twitter:data2\" content=\"In stock\" \/>\n<script type=\"application\/ld+json\" class=\"yoast-schema-graph\">{\"@context\":\"https:\\\/\\\/schema.org\",\"@graph\":[{\"@type\":\"WebPage\",\"@id\":\"https:\\\/\\\/3coty.com\\\/it\\\/p\\\/52-chicken-080\\\/\",\"url\":\"https:\\\/\\\/3coty.com\\\/it\\\/p\\\/52-chicken-080\\\/\",\"name\":\"52. POLLO Struvite Care 080 - 3coty\u00ae\",\"isPartOf\":{\"@id\":\"https:\\\/\\\/3coty.com\\\/it\\\/#website\"},\"primaryImageOfPage\":{\"@id\":\"https:\\\/\\\/3coty.com\\\/it\\\/p\\\/52-chicken-080\\\/#primaryimage\"},\"image\":{\"@id\":\"https:\\\/\\\/3coty.com\\\/it\\\/p\\\/52-chicken-080\\\/#primaryimage\"},\"thumbnailUrl\":\"https:\\\/\\\/3coty.com\\\/wp-content\\\/uploads\\\/2025\\\/07\\\/3coty-p-52-080-01.jpg\",\"datePublished\":\"2025-05-26T20:00:09+00:00\",\"dateModified\":\"2026-04-16T09:01:24+00:00\",\"breadcrumb\":{\"@id\":\"https:\\\/\\\/3coty.com\\\/it\\\/p\\\/52-chicken-080\\\/#breadcrumb\"},\"inLanguage\":\"it-IT\",\"potentialAction\":[{\"@type\":\"ReadAction\",\"target\":[\"https:\\\/\\\/3coty.com\\\/it\\\/p\\\/52-chicken-080\\\/\"]}]},{\"@type\":\"ImageObject\",\"inLanguage\":\"it-IT\",\"@id\":\"https:\\\/\\\/3coty.com\\\/it\\\/p\\\/52-chicken-080\\\/#primaryimage\",\"url\":\"https:\\\/\\\/3coty.com\\\/wp-content\\\/uploads\\\/2025\\\/07\\\/3coty-p-52-080-01.jpg\",\"contentUrl\":\"https:\\\/\\\/3coty.com\\\/wp-content\\\/uploads\\\/2025\\\/07\\\/3coty-p-52-080-01.jpg\",\"width\":1024,\"height\":1024},{\"@type\":\"BreadcrumbList\",\"@id\":\"https:\\\/\\\/3coty.com\\\/it\\\/p\\\/52-chicken-080\\\/#breadcrumb\",\"itemListElement\":[{\"@type\":\"ListItem\",\"position\":1,\"name\":\"Home\",\"item\":\"https:\\\/\\\/3coty.com\\\/it\\\/\"},{\"@type\":\"ListItem\",\"position\":2,\"name\":\"NEGOZIO\",\"item\":\"https:\\\/\\\/3coty.com\\\/it\\\/shop\\\/\"},{\"@type\":\"ListItem\",\"position\":3,\"name\":\"52. POLLO Struvite Care 080\"}]},{\"@type\":\"WebSite\",\"@id\":\"https:\\\/\\\/3coty.com\\\/it\\\/#website\",\"url\":\"https:\\\/\\\/3coty.com\\\/it\\\/\",\"name\":\"3coty\u00ae\",\"description\":\"Meat-only Cat Food\",\"publisher\":{\"@id\":\"https:\\\/\\\/3coty.com\\\/it\\\/#organization\"},\"potentialAction\":[{\"@type\":\"SearchAction\",\"target\":{\"@type\":\"EntryPoint\",\"urlTemplate\":\"https:\\\/\\\/3coty.com\\\/it\\\/?s={search_term_string}\"},\"query-input\":{\"@type\":\"PropertyValueSpecification\",\"valueRequired\":true,\"valueName\":\"search_term_string\"}}],\"inLanguage\":\"it-IT\"},{\"@type\":\"Organization\",\"@id\":\"https:\\\/\\\/3coty.com\\\/it\\\/#organization\",\"name\":\"3coty\u00ae\",\"alternateName\":\"3coty\",\"url\":\"https:\\\/\\\/3coty.com\\\/it\\\/\",\"logo\":{\"@type\":\"ImageObject\",\"inLanguage\":\"it-IT\",\"@id\":\"https:\\\/\\\/3coty.com\\\/it\\\/#\\\/schema\\\/logo\\\/image\\\/\",\"url\":\"https:\\\/\\\/3coty.com\\\/wp-content\\\/uploads\\\/2025\\\/05\\\/icon-3coty-logo.svg\",\"contentUrl\":\"https:\\\/\\\/3coty.com\\\/wp-content\\\/uploads\\\/2025\\\/05\\\/icon-3coty-logo.svg\",\"width\":283,\"height\":283,\"caption\":\"3coty\u00ae\"},\"image\":{\"@id\":\"https:\\\/\\\/3coty.com\\\/it\\\/#\\\/schema\\\/logo\\\/image\\\/\"},\"sameAs\":[\"https:\\\/\\\/www.facebook.com\\\/3coty\",\"https:\\\/\\\/x.com\\\/3cotyCom\",\"https:\\\/\\\/www.instagram.com\\\/3coty\",\"https:\\\/\\\/www.linkedin.com\\\/company\\\/3coty\",\"https:\\\/\\\/www.youtube.com\\\/@3coty\"]}]}<\/script>\n<meta property=\"product:price:amount\" content=\"2.50\" \/>\n<meta property=\"product:price:currency\" content=\"EUR\" \/>\n<meta property=\"og:availability\" content=\"instock\" \/>\n<meta property=\"product:availability\" content=\"instock\" \/>\n<meta property=\"product:retailer_item_id\" content=\"080T 52CH \/ 5901785318708\" \/>\n<meta property=\"product:condition\" content=\"new\" \/>\n<!-- \/ Yoast SEO Premium plugin. -->","yoast_head_json":{"title":"52. POLLO Struvite Care 080 - 3coty\u00ae","robots":{"index":"index","follow":"follow","max-snippet":"max-snippet:-1","max-image-preview":"max-image-preview:large","max-video-preview":"max-video-preview:-1"},"canonical":"https:\/\/3coty.com\/it\/p\/52-chicken-080\/","og_locale":"it_IT","og_type":"article","og_title":"52. POLLO Struvite Care 080","og_description":"PER GATTI CON TRATTO URINARIO SENSIBILE | SFILACCETTI | ALIMENTAZIONE MONOPROTEICA PER GATTI","og_url":"https:\/\/3coty.com\/it\/p\/52-chicken-080\/","og_site_name":"3coty\u00ae","article_publisher":"https:\/\/www.facebook.com\/3coty","article_modified_time":"2026-04-16T09:01:24+00:00","og_image":[{"width":1024,"height":1024,"url":"https:\/\/3coty.com\/wp-content\/uploads\/2025\/07\/3coty-p-52-080-01.jpg","type":"image\/jpeg"}],"twitter_card":"summary_large_image","twitter_site":"@3cotyCom","twitter_misc":{"Prezzo":"\u20ac&nbsp;2.50","Disponibilit\u00e0":"In stock"},"schema":{"@context":"https:\/\/schema.org","@graph":[{"@type":"WebPage","@id":"https:\/\/3coty.com\/it\/p\/52-chicken-080\/","url":"https:\/\/3coty.com\/it\/p\/52-chicken-080\/","name":"52. POLLO Struvite Care 080 - 3coty\u00ae","isPartOf":{"@id":"https:\/\/3coty.com\/it\/#website"},"primaryImageOfPage":{"@id":"https:\/\/3coty.com\/it\/p\/52-chicken-080\/#primaryimage"},"image":{"@id":"https:\/\/3coty.com\/it\/p\/52-chicken-080\/#primaryimage"},"thumbnailUrl":"https:\/\/3coty.com\/wp-content\/uploads\/2025\/07\/3coty-p-52-080-01.jpg","datePublished":"2025-05-26T20:00:09+00:00","dateModified":"2026-04-16T09:01:24+00:00","breadcrumb":{"@id":"https:\/\/3coty.com\/it\/p\/52-chicken-080\/#breadcrumb"},"inLanguage":"it-IT","potentialAction":[{"@type":"ReadAction","target":["https:\/\/3coty.com\/it\/p\/52-chicken-080\/"]}]},{"@type":"ImageObject","inLanguage":"it-IT","@id":"https:\/\/3coty.com\/it\/p\/52-chicken-080\/#primaryimage","url":"https:\/\/3coty.com\/wp-content\/uploads\/2025\/07\/3coty-p-52-080-01.jpg","contentUrl":"https:\/\/3coty.com\/wp-content\/uploads\/2025\/07\/3coty-p-52-080-01.jpg","width":1024,"height":1024},{"@type":"BreadcrumbList","@id":"https:\/\/3coty.com\/it\/p\/52-chicken-080\/#breadcrumb","itemListElement":[{"@type":"ListItem","position":1,"name":"Home","item":"https:\/\/3coty.com\/it\/"},{"@type":"ListItem","position":2,"name":"NEGOZIO","item":"https:\/\/3coty.com\/it\/shop\/"},{"@type":"ListItem","position":3,"name":"52. POLLO Struvite Care 080"}]},{"@type":"WebSite","@id":"https:\/\/3coty.com\/it\/#website","url":"https:\/\/3coty.com\/it\/","name":"3coty\u00ae","description":"Meat-only Cat Food","publisher":{"@id":"https:\/\/3coty.com\/it\/#organization"},"potentialAction":[{"@type":"SearchAction","target":{"@type":"EntryPoint","urlTemplate":"https:\/\/3coty.com\/it\/?s={search_term_string}"},"query-input":{"@type":"PropertyValueSpecification","valueRequired":true,"valueName":"search_term_string"}}],"inLanguage":"it-IT"},{"@type":"Organization","@id":"https:\/\/3coty.com\/it\/#organization","name":"3coty\u00ae","alternateName":"3coty","url":"https:\/\/3coty.com\/it\/","logo":{"@type":"ImageObject","inLanguage":"it-IT","@id":"https:\/\/3coty.com\/it\/#\/schema\/logo\/image\/","url":"https:\/\/3coty.com\/wp-content\/uploads\/2025\/05\/icon-3coty-logo.svg","contentUrl":"https:\/\/3coty.com\/wp-content\/uploads\/2025\/05\/icon-3coty-logo.svg","width":283,"height":283,"caption":"3coty\u00ae"},"image":{"@id":"https:\/\/3coty.com\/it\/#\/schema\/logo\/image\/"},"sameAs":["https:\/\/www.facebook.com\/3coty","https:\/\/x.com\/3cotyCom","https:\/\/www.instagram.com\/3coty","https:\/\/www.linkedin.com\/company\/3coty","https:\/\/www.youtube.com\/@3coty"]}]},"product_price_amount":"2.50","product_price_currency":"EUR","og_availability":"instock","product_availability":"instock","product_retailer_item_id":"080T 52CH \/ 5901785318708","product_condition":"new"},"_links":{"self":[{"href":"https:\/\/3coty.com\/it\/wp-json\/wp\/v2\/product\/32023","targetHints":{"allow":["GET"]}}],"collection":[{"href":"https:\/\/3coty.com\/it\/wp-json\/wp\/v2\/product"}],"about":[{"href":"https:\/\/3coty.com\/it\/wp-json\/wp\/v2\/types\/product"}],"version-history":[{"count":4,"href":"https:\/\/3coty.com\/it\/wp-json\/wp\/v2\/product\/32023\/revisions"}],"predecessor-version":[{"id":45464,"href":"https:\/\/3coty.com\/it\/wp-json\/wp\/v2\/product\/32023\/revisions\/45464"}],"wp:featuredmedia":[{"embeddable":true,"href":"https:\/\/3coty.com\/it\/wp-json\/wp\/v2\/media\/44933"}],"wp:attachment":[{"href":"https:\/\/3coty.com\/it\/wp-json\/wp\/v2\/media?parent=32023"}],"wp:term":[{"taxonomy":"product_brand","embeddable":true,"href":"https:\/\/3coty.com\/it\/wp-json\/wp\/v2\/product_brand?post=32023"},{"taxonomy":"product_cat","embeddable":true,"href":"https:\/\/3coty.com\/it\/wp-json\/wp\/v2\/product_cat?post=32023"},{"taxonomy":"product_tag","embeddable":true,"href":"https:\/\/3coty.com\/it\/wp-json\/wp\/v2\/product_tag?post=32023"}],"curies":[{"name":"wp","href":"https:\/\/api.w.org\/{rel}","templated":true}]}}