{"id":31924,"date":"2025-05-23T09:57:29","date_gmt":"2025-05-23T09:57:29","guid":{"rendered":"https:\/\/3coty.com\/p\/04-turkey-780\/"},"modified":"2026-03-17T18:43:12","modified_gmt":"2026-03-17T18:43:12","slug":"04-turkey-780","status":"publish","type":"product","link":"https:\/\/3coty.com\/it\/p\/04-turkey-780\/","title":{"rendered":"04. TACCHINO 780"},"content":{"rendered":"<p><a href=\"https:\/\/3coty.com\/wp-content\/uploads\/2025\/07\/3coty-p-04-tab-1.svg\"><img fetchpriority=\"high\" decoding=\"async\" class=\"alignnone size-full wp-image-61345\" role=\"img\" src=\"https:\/\/3coty.com\/wp-content\/uploads\/2025\/07\/3coty-p-04-tab-1.svg\" alt=\"\" width=\"283\" height=\"283\" \/><\/a><\/p>\n<h2>ALIMENTO PER GATTI 3COTY\u00ae NATURALE E COMPLETO<\/h2>\n<p><strong>INGREDIENTI DI CARNE 100% NATURALI e derivati animali cotti nel loro stesso brodo nutriente<\/strong><\/p>\n<p>Questo alimento umido naturale, completo ed equilibrato \u00e8 composto al 100% da tacchino. Il suo sapore, molto simile a quello del pollo, lo rende una scelta ideale in caso di sospetta allergia al pollo. Pu\u00f2 essere utilizzato come dieta di eliminazione monoproteica. Questa variet\u00e0 a ingredienti limitati \u00e8 preparata con carne scura di tacchino: cosce, colli e frattaglie. Non contiene aromi, coloranti n\u00e9 conservanti aggiunti.<\/p>\n<p>Dieta di eliminazione ideale per gatti allergici al pollo. Monoproteina al 100% tacchino dal sapore neutro, a base di carne scura.<\/p>\n","protected":false},"excerpt":{"rendered":"<p><a href=\"https:\/\/3coty.com\/wp-content\/uploads\/2025\/07\/3coty-p-04-description-1.svg\"><img decoding=\"async\" class=\"alignnone size-medium wp-image-61309\" role=\"img\" src=\"https:\/\/3coty.com\/wp-content\/uploads\/2025\/07\/3coty-p-04-description-1.svg\" alt=\"\" width=\"300\" height=\"300\" \/><\/a><\/p>\n<p><strong>PER GATTI ADULTI<\/strong> | PAT\u00c9 | ALIMENTAZIONE MONOPROTEICA PER GATTI<\/p>\n<p><a href=\"https:\/\/3coty.com\/wp-content\/uploads\/2025\/07\/3coty-p-04-description-2.svg\"><img decoding=\"async\" class=\"alignnone size-full wp-image-61327\" role=\"img\" src=\"https:\/\/3coty.com\/wp-content\/uploads\/2025\/07\/3coty-p-04-description-2.svg\" alt=\"\" width=\"506\" height=\"85\" \/><\/a><\/p>\n","protected":false},"featured_media":61659,"template":"","meta":{"_acf_changed":false},"product_brand":[1952],"product_cat":[355],"product_tag":[790],"class_list":{"0":"post-31924","1":"product","2":"type-product","3":"status-publish","4":"has-post-thumbnail","6":"product_brand-3coty","7":"product_cat-for-adult-cats","8":"product_tag-04tu","10":"first","11":"instock","12":"featured","13":"taxable","14":"shipping-taxable","15":"purchasable","16":"product-type-simple"},"acf":[],"yoast_head":"<!-- This site is optimized with the Yoast SEO Premium plugin v27.3 (Yoast SEO v27.3) - https:\/\/yoast.com\/product\/yoast-seo-premium-wordpress\/ -->\n<title>04. TACCHINO 780 (780g) | Per gatti adulti | 3coty\u00ae Cibo Naturale per Gatti 100% Carne<\/title>\n<meta name=\"description\" content=\"Alimentazione umida monoproteica 100% tacchino per diete di eliminazione senza cambiare il sapore. Ricetta a ingredienti limitati con carne scura e interiora.\" \/>\n<meta name=\"robots\" content=\"index, follow, max-snippet:-1, max-image-preview:large, max-video-preview:-1\" \/>\n<link rel=\"canonical\" href=\"https:\/\/3coty.com\/it\/p\/04-turkey-780\/\" \/>\n<meta property=\"og:locale\" content=\"it_IT\" \/>\n<meta property=\"og:type\" content=\"article\" \/>\n<meta property=\"og:title\" content=\"04. TACCHINO 780 (780g) | Per gatti adulti | 3coty\u00ae Cibo Naturale per Gatti 100% Carne\" \/>\n<meta property=\"og:description\" content=\"Alimentazione umida monoproteica 100% tacchino per diete di eliminazione senza cambiare il sapore. Ricetta a ingredienti limitati con carne scura e interiora.\" \/>\n<meta property=\"og:url\" content=\"https:\/\/3coty.com\/it\/p\/04-turkey-780\/\" \/>\n<meta property=\"og:site_name\" content=\"3coty\u00ae\" \/>\n<meta property=\"article:publisher\" content=\"https:\/\/www.facebook.com\/3coty\" \/>\n<meta property=\"article:modified_time\" content=\"2026-03-17T18:43:12+00:00\" \/>\n<meta property=\"og:image\" content=\"https:\/\/3coty.com\/wp-content\/uploads\/2025\/10\/3coty-04-turkey-780-meat-only-cat-food.jpg\" \/>\n\t<meta property=\"og:image:width\" content=\"1200\" \/>\n\t<meta property=\"og:image:height\" content=\"630\" \/>\n\t<meta property=\"og:image:type\" content=\"image\/jpeg\" \/>\n<meta name=\"twitter:card\" content=\"summary_large_image\" \/>\n<meta name=\"twitter:title\" content=\"04. TACCHINO 780 (780g) | Per gatti adulti | 3coty\u00ae Cibo Naturale per Gatti 100% Carne\" \/>\n<meta name=\"twitter:description\" content=\"Alimentazione umida monoproteica 100% tacchino per diete di eliminazione senza cambiare il sapore. Ricetta a ingredienti limitati con carne scura e interiora.\" \/>\n<meta name=\"twitter:image\" content=\"https:\/\/3coty.com\/wp-content\/uploads\/2025\/10\/3coty-04-turkey-780-meat-only-cat-food.jpg\" \/>\n<meta name=\"twitter:site\" content=\"@3cotyCom\" \/>\n<meta name=\"twitter:label1\" content=\"Prezzo\" \/>\n\t<meta name=\"twitter:data1\" content=\"\u20ac&nbsp;8.50\" \/>\n\t<meta name=\"twitter:label2\" content=\"Disponibilit\u00e0\" \/>\n\t<meta name=\"twitter:data2\" content=\"In stock\" \/>\n<script type=\"application\/ld+json\" class=\"yoast-schema-graph\">{\"@context\":\"https:\\\/\\\/schema.org\",\"@graph\":[{\"@type\":\"WebPage\",\"@id\":\"https:\\\/\\\/3coty.com\\\/it\\\/p\\\/04-turkey-780\\\/\",\"url\":\"https:\\\/\\\/3coty.com\\\/it\\\/p\\\/04-turkey-780\\\/\",\"name\":\"04. TACCHINO 780 (780g) | Per gatti adulti | 3coty\u00ae Cibo Naturale per Gatti 100% Carne\",\"isPartOf\":{\"@id\":\"https:\\\/\\\/3coty.com\\\/it\\\/#website\"},\"primaryImageOfPage\":{\"@id\":\"https:\\\/\\\/3coty.com\\\/it\\\/p\\\/04-turkey-780\\\/#primaryimage\"},\"image\":{\"@id\":\"https:\\\/\\\/3coty.com\\\/it\\\/p\\\/04-turkey-780\\\/#primaryimage\"},\"thumbnailUrl\":\"https:\\\/\\\/3coty.com\\\/wp-content\\\/uploads\\\/2025\\\/07\\\/3coty-p-04-780-01.jpg\",\"datePublished\":\"2025-05-23T09:57:29+00:00\",\"dateModified\":\"2026-03-17T18:43:12+00:00\",\"description\":\"Alimentazione umida monoproteica 100% tacchino per diete di eliminazione senza cambiare il sapore. Ricetta a ingredienti limitati con carne scura e interiora.\",\"breadcrumb\":{\"@id\":\"https:\\\/\\\/3coty.com\\\/it\\\/p\\\/04-turkey-780\\\/#breadcrumb\"},\"inLanguage\":\"it-IT\",\"potentialAction\":[{\"@type\":\"ReadAction\",\"target\":[\"https:\\\/\\\/3coty.com\\\/it\\\/p\\\/04-turkey-780\\\/\"]}]},{\"@type\":\"ImageObject\",\"inLanguage\":\"it-IT\",\"@id\":\"https:\\\/\\\/3coty.com\\\/it\\\/p\\\/04-turkey-780\\\/#primaryimage\",\"url\":\"https:\\\/\\\/3coty.com\\\/wp-content\\\/uploads\\\/2025\\\/07\\\/3coty-p-04-780-01.jpg\",\"contentUrl\":\"https:\\\/\\\/3coty.com\\\/wp-content\\\/uploads\\\/2025\\\/07\\\/3coty-p-04-780-01.jpg\",\"width\":1024,\"height\":1024},{\"@type\":\"BreadcrumbList\",\"@id\":\"https:\\\/\\\/3coty.com\\\/it\\\/p\\\/04-turkey-780\\\/#breadcrumb\",\"itemListElement\":[{\"@type\":\"ListItem\",\"position\":1,\"name\":\"Home\",\"item\":\"https:\\\/\\\/3coty.com\\\/it\\\/\"},{\"@type\":\"ListItem\",\"position\":2,\"name\":\"NEGOZIO\",\"item\":\"https:\\\/\\\/3coty.com\\\/it\\\/shop\\\/\"},{\"@type\":\"ListItem\",\"position\":3,\"name\":\"04. TACCHINO 780\"}]},{\"@type\":\"WebSite\",\"@id\":\"https:\\\/\\\/3coty.com\\\/it\\\/#website\",\"url\":\"https:\\\/\\\/3coty.com\\\/it\\\/\",\"name\":\"3coty\u00ae\",\"description\":\"Meat-only Cat Food\",\"publisher\":{\"@id\":\"https:\\\/\\\/3coty.com\\\/it\\\/#organization\"},\"potentialAction\":[{\"@type\":\"SearchAction\",\"target\":{\"@type\":\"EntryPoint\",\"urlTemplate\":\"https:\\\/\\\/3coty.com\\\/it\\\/?s={search_term_string}\"},\"query-input\":{\"@type\":\"PropertyValueSpecification\",\"valueRequired\":true,\"valueName\":\"search_term_string\"}}],\"inLanguage\":\"it-IT\"},{\"@type\":\"Organization\",\"@id\":\"https:\\\/\\\/3coty.com\\\/it\\\/#organization\",\"name\":\"3coty\u00ae\",\"alternateName\":\"3coty\",\"url\":\"https:\\\/\\\/3coty.com\\\/it\\\/\",\"logo\":{\"@type\":\"ImageObject\",\"inLanguage\":\"it-IT\",\"@id\":\"https:\\\/\\\/3coty.com\\\/it\\\/#\\\/schema\\\/logo\\\/image\\\/\",\"url\":\"https:\\\/\\\/3coty.com\\\/wp-content\\\/uploads\\\/2025\\\/05\\\/icon-3coty-logo.svg\",\"contentUrl\":\"https:\\\/\\\/3coty.com\\\/wp-content\\\/uploads\\\/2025\\\/05\\\/icon-3coty-logo.svg\",\"width\":283,\"height\":283,\"caption\":\"3coty\u00ae\"},\"image\":{\"@id\":\"https:\\\/\\\/3coty.com\\\/it\\\/#\\\/schema\\\/logo\\\/image\\\/\"},\"sameAs\":[\"https:\\\/\\\/www.facebook.com\\\/3coty\",\"https:\\\/\\\/x.com\\\/3cotyCom\",\"https:\\\/\\\/www.instagram.com\\\/3coty\",\"https:\\\/\\\/www.linkedin.com\\\/company\\\/3coty\",\"https:\\\/\\\/www.youtube.com\\\/@3coty\"]}]}<\/script>\n<meta property=\"product:price:amount\" content=\"8.50\" \/>\n<meta property=\"product:price:currency\" content=\"EUR\" \/>\n<meta property=\"og:availability\" content=\"instock\" \/>\n<meta property=\"product:availability\" content=\"instock\" \/>\n<meta property=\"product:retailer_item_id\" content=\"780T 04TU \/ 5901785316421\" \/>\n<meta property=\"product:condition\" content=\"new\" \/>\n<!-- \/ Yoast SEO Premium plugin. -->","yoast_head_json":{"title":"04. TACCHINO 780 (780g) | Per gatti adulti | 3coty\u00ae Cibo Naturale per Gatti 100% Carne","description":"Alimentazione umida monoproteica 100% tacchino per diete di eliminazione senza cambiare il sapore. Ricetta a ingredienti limitati con carne scura e interiora.","robots":{"index":"index","follow":"follow","max-snippet":"max-snippet:-1","max-image-preview":"max-image-preview:large","max-video-preview":"max-video-preview:-1"},"canonical":"https:\/\/3coty.com\/it\/p\/04-turkey-780\/","og_locale":"it_IT","og_type":"article","og_title":"04. TACCHINO 780 (780g) | Per gatti adulti | 3coty\u00ae Cibo Naturale per Gatti 100% Carne","og_description":"Alimentazione umida monoproteica 100% tacchino per diete di eliminazione senza cambiare il sapore. Ricetta a ingredienti limitati con carne scura e interiora.","og_url":"https:\/\/3coty.com\/it\/p\/04-turkey-780\/","og_site_name":"3coty\u00ae","article_publisher":"https:\/\/www.facebook.com\/3coty","article_modified_time":"2026-03-17T18:43:12+00:00","og_image":[{"width":1200,"height":630,"url":"https:\/\/3coty.com\/wp-content\/uploads\/2025\/10\/3coty-04-turkey-780-meat-only-cat-food.jpg","type":"image\/jpeg"}],"twitter_card":"summary_large_image","twitter_title":"04. TACCHINO 780 (780g) | Per gatti adulti | 3coty\u00ae Cibo Naturale per Gatti 100% Carne","twitter_description":"Alimentazione umida monoproteica 100% tacchino per diete di eliminazione senza cambiare il sapore. Ricetta a ingredienti limitati con carne scura e interiora.","twitter_image":"https:\/\/3coty.com\/wp-content\/uploads\/2025\/10\/3coty-04-turkey-780-meat-only-cat-food.jpg","twitter_site":"@3cotyCom","twitter_misc":{"Prezzo":"\u20ac&nbsp;8.50","Disponibilit\u00e0":"In stock"},"schema":{"@context":"https:\/\/schema.org","@graph":[{"@type":"WebPage","@id":"https:\/\/3coty.com\/it\/p\/04-turkey-780\/","url":"https:\/\/3coty.com\/it\/p\/04-turkey-780\/","name":"04. TACCHINO 780 (780g) | Per gatti adulti | 3coty\u00ae Cibo Naturale per Gatti 100% Carne","isPartOf":{"@id":"https:\/\/3coty.com\/it\/#website"},"primaryImageOfPage":{"@id":"https:\/\/3coty.com\/it\/p\/04-turkey-780\/#primaryimage"},"image":{"@id":"https:\/\/3coty.com\/it\/p\/04-turkey-780\/#primaryimage"},"thumbnailUrl":"https:\/\/3coty.com\/wp-content\/uploads\/2025\/07\/3coty-p-04-780-01.jpg","datePublished":"2025-05-23T09:57:29+00:00","dateModified":"2026-03-17T18:43:12+00:00","description":"Alimentazione umida monoproteica 100% tacchino per diete di eliminazione senza cambiare il sapore. Ricetta a ingredienti limitati con carne scura e interiora.","breadcrumb":{"@id":"https:\/\/3coty.com\/it\/p\/04-turkey-780\/#breadcrumb"},"inLanguage":"it-IT","potentialAction":[{"@type":"ReadAction","target":["https:\/\/3coty.com\/it\/p\/04-turkey-780\/"]}]},{"@type":"ImageObject","inLanguage":"it-IT","@id":"https:\/\/3coty.com\/it\/p\/04-turkey-780\/#primaryimage","url":"https:\/\/3coty.com\/wp-content\/uploads\/2025\/07\/3coty-p-04-780-01.jpg","contentUrl":"https:\/\/3coty.com\/wp-content\/uploads\/2025\/07\/3coty-p-04-780-01.jpg","width":1024,"height":1024},{"@type":"BreadcrumbList","@id":"https:\/\/3coty.com\/it\/p\/04-turkey-780\/#breadcrumb","itemListElement":[{"@type":"ListItem","position":1,"name":"Home","item":"https:\/\/3coty.com\/it\/"},{"@type":"ListItem","position":2,"name":"NEGOZIO","item":"https:\/\/3coty.com\/it\/shop\/"},{"@type":"ListItem","position":3,"name":"04. TACCHINO 780"}]},{"@type":"WebSite","@id":"https:\/\/3coty.com\/it\/#website","url":"https:\/\/3coty.com\/it\/","name":"3coty\u00ae","description":"Meat-only Cat Food","publisher":{"@id":"https:\/\/3coty.com\/it\/#organization"},"potentialAction":[{"@type":"SearchAction","target":{"@type":"EntryPoint","urlTemplate":"https:\/\/3coty.com\/it\/?s={search_term_string}"},"query-input":{"@type":"PropertyValueSpecification","valueRequired":true,"valueName":"search_term_string"}}],"inLanguage":"it-IT"},{"@type":"Organization","@id":"https:\/\/3coty.com\/it\/#organization","name":"3coty\u00ae","alternateName":"3coty","url":"https:\/\/3coty.com\/it\/","logo":{"@type":"ImageObject","inLanguage":"it-IT","@id":"https:\/\/3coty.com\/it\/#\/schema\/logo\/image\/","url":"https:\/\/3coty.com\/wp-content\/uploads\/2025\/05\/icon-3coty-logo.svg","contentUrl":"https:\/\/3coty.com\/wp-content\/uploads\/2025\/05\/icon-3coty-logo.svg","width":283,"height":283,"caption":"3coty\u00ae"},"image":{"@id":"https:\/\/3coty.com\/it\/#\/schema\/logo\/image\/"},"sameAs":["https:\/\/www.facebook.com\/3coty","https:\/\/x.com\/3cotyCom","https:\/\/www.instagram.com\/3coty","https:\/\/www.linkedin.com\/company\/3coty","https:\/\/www.youtube.com\/@3coty"]}]},"product_price_amount":"8.50","product_price_currency":"EUR","og_availability":"instock","product_availability":"instock","product_retailer_item_id":"780T 04TU \/ 5901785316421","product_condition":"new"},"_links":{"self":[{"href":"https:\/\/3coty.com\/it\/wp-json\/wp\/v2\/product\/31924","targetHints":{"allow":["GET"]}}],"collection":[{"href":"https:\/\/3coty.com\/it\/wp-json\/wp\/v2\/product"}],"about":[{"href":"https:\/\/3coty.com\/it\/wp-json\/wp\/v2\/types\/product"}],"version-history":[{"count":4,"href":"https:\/\/3coty.com\/it\/wp-json\/wp\/v2\/product\/31924\/revisions"}],"predecessor-version":[{"id":36701,"href":"https:\/\/3coty.com\/it\/wp-json\/wp\/v2\/product\/31924\/revisions\/36701"}],"wp:featuredmedia":[{"embeddable":true,"href":"https:\/\/3coty.com\/it\/wp-json\/wp\/v2\/media\/61659"}],"wp:attachment":[{"href":"https:\/\/3coty.com\/it\/wp-json\/wp\/v2\/media?parent=31924"}],"wp:term":[{"taxonomy":"product_brand","embeddable":true,"href":"https:\/\/3coty.com\/it\/wp-json\/wp\/v2\/product_brand?post=31924"},{"taxonomy":"product_cat","embeddable":true,"href":"https:\/\/3coty.com\/it\/wp-json\/wp\/v2\/product_cat?post=31924"},{"taxonomy":"product_tag","embeddable":true,"href":"https:\/\/3coty.com\/it\/wp-json\/wp\/v2\/product_tag?post=31924"}],"curies":[{"name":"wp","href":"https:\/\/api.w.org\/{rel}","templated":true}]}}