{"id":83962,"date":"2026-04-18T15:50:27","date_gmt":"2026-04-18T15:50:27","guid":{"rendered":"https:\/\/3coty.com\/?post_type=product&#038;p=83962"},"modified":"2026-04-18T15:52:06","modified_gmt":"2026-04-18T15:52:06","slug":"98-appetite-support-080","status":"publish","type":"product","link":"https:\/\/3coty.com\/fr\/p\/98-appetite-support-080\/","title":{"rendered":"98. SOUTIEN DE L\u2019APP\u00c9TIT 080"},"content":{"rendered":"<p><a href=\"https:\/\/3coty.com\/wp-content\/uploads\/2025\/07\/3coty-p-97-tab-1.svg\"><img fetchpriority=\"high\" decoding=\"async\" class=\"alignnone size-full wp-image-40832\" role=\"img\" src=\"https:\/\/3coty.com\/wp-content\/uploads\/2025\/07\/3coty-p-97-tab-1.svg\" alt=\"\" width=\"283\" height=\"283\" \/><\/a><\/p>\n<h2>3COTY\u00ae ALIMENT COMPL\u00c9MENTAIRE NATUREL POUR CHATS<\/h2>\n<p><strong>LEVURE NUTRITIONNELLE + CHLORELLA (Chlorella vulgaris) + BIOTINE<\/strong><\/p>\n<p>Pour les chats qui mangent parfois moins que d\u2019habitude en raison du stress, de changements hormonaux ou saisonniers, lors de d\u00e9placements ou pendant une transition vers une nouvelle alimentation, cette poudre aide \u00e0 raviver l\u2019int\u00e9r\u00eat pour leurs repas. La levure nutritionnelle apporte un go\u00fbt naturellement attractif, tandis que sa richesse en petits peptides et en acides amin\u00e9s libres soutient l\u2019absorption des nutriments. La taurine, un acide amin\u00e9 essentiel pour les chats, contribue au fonctionnement physiologique normal et \u00e0 la vitalit\u00e9 g\u00e9n\u00e9rale.<\/p>\n<p>Une solution simple pour accompagner les chats pendant les phases de baisse d\u2019app\u00e9tit et les aider \u00e0 retrouver une alimentation r\u00e9guli\u00e8re.<\/p>\n","protected":false},"excerpt":{"rendered":"<p><a href=\"https:\/\/3coty.com\/wp-content\/uploads\/2025\/07\/3coty-p-97-description-1.svg\"><img decoding=\"async\" class=\"alignnone wp-image-40958 size-medium\" role=\"img\" src=\"https:\/\/3coty.com\/wp-content\/uploads\/2025\/07\/3coty-p-97-description-1.svg\" alt=\"\" width=\"300\" height=\"300\" \/><\/a><\/p>\n<p><strong>POUR TOUS LES CHATS<\/strong> | POUDRE | ALIMENT COMPL\u00c9MENTAIRE NATUREL POUR CHATS<br \/>\n<strong>SOUTIENT ET STIMULE L\u2019APP\u00c9TIT<\/strong><\/p>\n<p><a href=\"https:\/\/3coty.com\/wp-content\/uploads\/2026\/03\/3coty-product-98-description-2.svg\"><img decoding=\"async\" class=\"alignnone size-full wp-image-83709\" role=\"img\" src=\"https:\/\/3coty.com\/wp-content\/uploads\/2026\/03\/3coty-product-98-description-2.svg\" alt=\"\" width=\"218\" height=\"85\" \/><\/a><\/p>\n","protected":false},"featured_media":83751,"template":"","meta":{"_acf_changed":false},"product_brand":[],"product_cat":[422],"product_tag":[2067],"class_list":{"0":"post-83962","1":"product","2":"type-product","3":"status-publish","4":"has-post-thumbnail","6":"product_cat-well-being","7":"product_tag-98as","9":"first","10":"instock","11":"taxable","12":"shipping-taxable","13":"purchasable","14":"product-type-simple"},"acf":[],"yoast_head":"<!-- This site is optimized with the Yoast SEO Premium plugin v27.4 (Yoast SEO v27.4) - https:\/\/yoast.com\/product\/yoast-seo-premium-wordpress\/ -->\n<title>98. SOUTIEN DE L\u2019APP\u00c9TIT 080 (80g) | Pour tous les chats | 3coty\u00ae Aliment compl\u00e9mentaire naturel pour chats<\/title>\n<meta name=\"description\" content=\"Poudre compl\u00e9mentaire pour chats pr\u00e9sentant une baisse d\u2019int\u00e9r\u00eat pour la nourriture, \u00e0 base de levure nutritionnelle et de taurine, pour aider \u00e0 r\u00e9tablir des habitudes alimentaires r\u00e9guli\u00e8res.\" \/>\n<meta name=\"robots\" content=\"index, follow, max-snippet:-1, max-image-preview:large, max-video-preview:-1\" \/>\n<link rel=\"canonical\" href=\"https:\/\/3coty.com\/fr\/p\/98-appetite-support-080\/\" \/>\n<meta property=\"og:locale\" content=\"fr_FR\" \/>\n<meta property=\"og:type\" content=\"article\" \/>\n<meta property=\"og:title\" content=\"98. SOUTIEN DE L\u2019APP\u00c9TIT 080 (80g) | Pour tous les chats | 3coty\u00ae Aliment compl\u00e9mentaire naturel pour chats\" \/>\n<meta property=\"og:description\" content=\"Poudre compl\u00e9mentaire pour chats pr\u00e9sentant une baisse d\u2019int\u00e9r\u00eat pour la nourriture, \u00e0 base de levure nutritionnelle et de taurine, pour aider \u00e0 r\u00e9tablir des habitudes alimentaires r\u00e9guli\u00e8res.\" \/>\n<meta property=\"og:url\" content=\"https:\/\/3coty.com\/fr\/p\/98-appetite-support-080\/\" \/>\n<meta property=\"og:site_name\" content=\"3coty\u00ae\" \/>\n<meta property=\"article:publisher\" content=\"https:\/\/www.facebook.com\/3coty\" \/>\n<meta property=\"article:modified_time\" content=\"2026-04-18T15:52:06+00:00\" \/>\n<meta property=\"og:image\" content=\"https:\/\/3coty.com\/wp-content\/uploads\/2026\/04\/3coty-98-appetite-support-complementary-cat-food.jpg\" \/>\n\t<meta property=\"og:image:width\" content=\"1200\" \/>\n\t<meta property=\"og:image:height\" content=\"630\" \/>\n\t<meta property=\"og:image:type\" content=\"image\/jpeg\" \/>\n<meta name=\"twitter:card\" content=\"summary_large_image\" \/>\n<meta name=\"twitter:title\" content=\"98. SOUTIEN DE L\u2019APP\u00c9TIT 080 (80g) | Pour tous les chats | 3coty\u00ae Aliment compl\u00e9mentaire naturel pour chats\" \/>\n<meta name=\"twitter:description\" content=\"Poudre compl\u00e9mentaire pour chats pr\u00e9sentant une baisse d\u2019int\u00e9r\u00eat pour la nourriture, \u00e0 base de levure nutritionnelle et de taurine, pour aider \u00e0 r\u00e9tablir des habitudes alimentaires r\u00e9guli\u00e8res.\" \/>\n<meta name=\"twitter:site\" content=\"@3cotyCom\" \/>\n<meta name=\"twitter:label1\" content=\"Prix\" \/>\n\t<meta name=\"twitter:data1\" content=\"\u20ac&nbsp;15.00\" \/>\n\t<meta name=\"twitter:label2\" content=\"Disponibilit\u00e9\" \/>\n\t<meta name=\"twitter:data2\" content=\"En stock\" \/>\n<script type=\"application\/ld+json\" class=\"yoast-schema-graph\">{\"@context\":\"https:\\\/\\\/schema.org\",\"@graph\":[{\"@type\":\"WebPage\",\"@id\":\"https:\\\/\\\/3coty.com\\\/fr\\\/p\\\/98-appetite-support-080\\\/\",\"url\":\"https:\\\/\\\/3coty.com\\\/fr\\\/p\\\/98-appetite-support-080\\\/\",\"name\":\"98. SOUTIEN DE L\u2019APP\u00c9TIT 080 (80g) | Pour tous les chats | 3coty\u00ae Aliment compl\u00e9mentaire naturel pour chats\",\"isPartOf\":{\"@id\":\"https:\\\/\\\/3coty.com\\\/fr\\\/#website\"},\"primaryImageOfPage\":{\"@id\":\"https:\\\/\\\/3coty.com\\\/fr\\\/p\\\/98-appetite-support-080\\\/#primaryimage\"},\"image\":{\"@id\":\"https:\\\/\\\/3coty.com\\\/fr\\\/p\\\/98-appetite-support-080\\\/#primaryimage\"},\"thumbnailUrl\":\"https:\\\/\\\/3coty.com\\\/wp-content\\\/uploads\\\/2026\\\/03\\\/3coty-product-98-01.jpg\",\"datePublished\":\"2026-04-18T15:50:27+00:00\",\"dateModified\":\"2026-04-18T15:52:06+00:00\",\"description\":\"Poudre compl\u00e9mentaire pour chats pr\u00e9sentant une baisse d\u2019int\u00e9r\u00eat pour la nourriture, \u00e0 base de levure nutritionnelle et de taurine, pour aider \u00e0 r\u00e9tablir des habitudes alimentaires r\u00e9guli\u00e8res.\",\"breadcrumb\":{\"@id\":\"https:\\\/\\\/3coty.com\\\/fr\\\/p\\\/98-appetite-support-080\\\/#breadcrumb\"},\"inLanguage\":\"fr-FR\",\"potentialAction\":[{\"@type\":\"ReadAction\",\"target\":[\"https:\\\/\\\/3coty.com\\\/fr\\\/p\\\/98-appetite-support-080\\\/\"]}]},{\"@type\":\"ImageObject\",\"inLanguage\":\"fr-FR\",\"@id\":\"https:\\\/\\\/3coty.com\\\/fr\\\/p\\\/98-appetite-support-080\\\/#primaryimage\",\"url\":\"https:\\\/\\\/3coty.com\\\/wp-content\\\/uploads\\\/2026\\\/03\\\/3coty-product-98-01.jpg\",\"contentUrl\":\"https:\\\/\\\/3coty.com\\\/wp-content\\\/uploads\\\/2026\\\/03\\\/3coty-product-98-01.jpg\",\"width\":1024,\"height\":1024},{\"@type\":\"BreadcrumbList\",\"@id\":\"https:\\\/\\\/3coty.com\\\/fr\\\/p\\\/98-appetite-support-080\\\/#breadcrumb\",\"itemListElement\":[{\"@type\":\"ListItem\",\"position\":1,\"name\":\"Home\",\"item\":\"https:\\\/\\\/3coty.com\\\/fr\\\/\"},{\"@type\":\"ListItem\",\"position\":2,\"name\":\"BOUTIQUE\",\"item\":\"https:\\\/\\\/3coty.com\\\/fr\\\/shop\\\/\"},{\"@type\":\"ListItem\",\"position\":3,\"name\":\"98. SOUTIEN DE L\u2019APP\u00c9TIT 080\"}]},{\"@type\":\"WebSite\",\"@id\":\"https:\\\/\\\/3coty.com\\\/fr\\\/#website\",\"url\":\"https:\\\/\\\/3coty.com\\\/fr\\\/\",\"name\":\"3coty\u00ae\",\"description\":\"Meat-only Cat Food\",\"publisher\":{\"@id\":\"https:\\\/\\\/3coty.com\\\/fr\\\/#organization\"},\"potentialAction\":[{\"@type\":\"SearchAction\",\"target\":{\"@type\":\"EntryPoint\",\"urlTemplate\":\"https:\\\/\\\/3coty.com\\\/fr\\\/?s={search_term_string}\"},\"query-input\":{\"@type\":\"PropertyValueSpecification\",\"valueRequired\":true,\"valueName\":\"search_term_string\"}}],\"inLanguage\":\"fr-FR\"},{\"@type\":\"Organization\",\"@id\":\"https:\\\/\\\/3coty.com\\\/fr\\\/#organization\",\"name\":\"3coty\u00ae\",\"alternateName\":\"3coty\",\"url\":\"https:\\\/\\\/3coty.com\\\/fr\\\/\",\"logo\":{\"@type\":\"ImageObject\",\"inLanguage\":\"fr-FR\",\"@id\":\"https:\\\/\\\/3coty.com\\\/fr\\\/#\\\/schema\\\/logo\\\/image\\\/\",\"url\":\"https:\\\/\\\/3coty.com\\\/wp-content\\\/uploads\\\/2025\\\/05\\\/icon-3coty-logo.svg\",\"contentUrl\":\"https:\\\/\\\/3coty.com\\\/wp-content\\\/uploads\\\/2025\\\/05\\\/icon-3coty-logo.svg\",\"width\":283,\"height\":283,\"caption\":\"3coty\u00ae\"},\"image\":{\"@id\":\"https:\\\/\\\/3coty.com\\\/fr\\\/#\\\/schema\\\/logo\\\/image\\\/\"},\"sameAs\":[\"https:\\\/\\\/www.facebook.com\\\/3coty\",\"https:\\\/\\\/x.com\\\/3cotyCom\",\"https:\\\/\\\/www.instagram.com\\\/3coty\",\"https:\\\/\\\/www.linkedin.com\\\/company\\\/3coty\",\"https:\\\/\\\/www.youtube.com\\\/@3coty\"]}]}<\/script>\n<meta property=\"product:price:amount\" content=\"15.00\" \/>\n<meta property=\"product:price:currency\" content=\"EUR\" \/>\n<meta property=\"og:availability\" content=\"instock\" \/>\n<meta property=\"product:availability\" content=\"instock\" \/>\n<meta property=\"product:retailer_item_id\" content=\"100J 98AS \/ 5901785318944\" \/>\n<meta property=\"product:condition\" content=\"new\" \/>\n<!-- \/ Yoast SEO Premium plugin. -->","yoast_head_json":{"title":"98. SOUTIEN DE L\u2019APP\u00c9TIT 080 (80g) | Pour tous les chats | 3coty\u00ae Aliment compl\u00e9mentaire naturel pour chats","description":"Poudre compl\u00e9mentaire pour chats pr\u00e9sentant une baisse d\u2019int\u00e9r\u00eat pour la nourriture, \u00e0 base de levure nutritionnelle et de taurine, pour aider \u00e0 r\u00e9tablir des habitudes alimentaires r\u00e9guli\u00e8res.","robots":{"index":"index","follow":"follow","max-snippet":"max-snippet:-1","max-image-preview":"max-image-preview:large","max-video-preview":"max-video-preview:-1"},"canonical":"https:\/\/3coty.com\/fr\/p\/98-appetite-support-080\/","og_locale":"fr_FR","og_type":"article","og_title":"98. SOUTIEN DE L\u2019APP\u00c9TIT 080 (80g) | Pour tous les chats | 3coty\u00ae Aliment compl\u00e9mentaire naturel pour chats","og_description":"Poudre compl\u00e9mentaire pour chats pr\u00e9sentant une baisse d\u2019int\u00e9r\u00eat pour la nourriture, \u00e0 base de levure nutritionnelle et de taurine, pour aider \u00e0 r\u00e9tablir des habitudes alimentaires r\u00e9guli\u00e8res.","og_url":"https:\/\/3coty.com\/fr\/p\/98-appetite-support-080\/","og_site_name":"3coty\u00ae","article_publisher":"https:\/\/www.facebook.com\/3coty","article_modified_time":"2026-04-18T15:52:06+00:00","og_image":[{"width":1200,"height":630,"url":"https:\/\/3coty.com\/wp-content\/uploads\/2026\/04\/3coty-98-appetite-support-complementary-cat-food.jpg","type":"image\/jpeg"}],"twitter_card":"summary_large_image","twitter_title":"98. SOUTIEN DE L\u2019APP\u00c9TIT 080 (80g) | Pour tous les chats | 3coty\u00ae Aliment compl\u00e9mentaire naturel pour chats","twitter_description":"Poudre compl\u00e9mentaire pour chats pr\u00e9sentant une baisse d\u2019int\u00e9r\u00eat pour la nourriture, \u00e0 base de levure nutritionnelle et de taurine, pour aider \u00e0 r\u00e9tablir des habitudes alimentaires r\u00e9guli\u00e8res.","twitter_site":"@3cotyCom","twitter_misc":{"Prix":"\u20ac&nbsp;15.00","Disponibilit\u00e9":"En stock"},"schema":{"@context":"https:\/\/schema.org","@graph":[{"@type":"WebPage","@id":"https:\/\/3coty.com\/fr\/p\/98-appetite-support-080\/","url":"https:\/\/3coty.com\/fr\/p\/98-appetite-support-080\/","name":"98. SOUTIEN DE L\u2019APP\u00c9TIT 080 (80g) | Pour tous les chats | 3coty\u00ae Aliment compl\u00e9mentaire naturel pour chats","isPartOf":{"@id":"https:\/\/3coty.com\/fr\/#website"},"primaryImageOfPage":{"@id":"https:\/\/3coty.com\/fr\/p\/98-appetite-support-080\/#primaryimage"},"image":{"@id":"https:\/\/3coty.com\/fr\/p\/98-appetite-support-080\/#primaryimage"},"thumbnailUrl":"https:\/\/3coty.com\/wp-content\/uploads\/2026\/03\/3coty-product-98-01.jpg","datePublished":"2026-04-18T15:50:27+00:00","dateModified":"2026-04-18T15:52:06+00:00","description":"Poudre compl\u00e9mentaire pour chats pr\u00e9sentant une baisse d\u2019int\u00e9r\u00eat pour la nourriture, \u00e0 base de levure nutritionnelle et de taurine, pour aider \u00e0 r\u00e9tablir des habitudes alimentaires r\u00e9guli\u00e8res.","breadcrumb":{"@id":"https:\/\/3coty.com\/fr\/p\/98-appetite-support-080\/#breadcrumb"},"inLanguage":"fr-FR","potentialAction":[{"@type":"ReadAction","target":["https:\/\/3coty.com\/fr\/p\/98-appetite-support-080\/"]}]},{"@type":"ImageObject","inLanguage":"fr-FR","@id":"https:\/\/3coty.com\/fr\/p\/98-appetite-support-080\/#primaryimage","url":"https:\/\/3coty.com\/wp-content\/uploads\/2026\/03\/3coty-product-98-01.jpg","contentUrl":"https:\/\/3coty.com\/wp-content\/uploads\/2026\/03\/3coty-product-98-01.jpg","width":1024,"height":1024},{"@type":"BreadcrumbList","@id":"https:\/\/3coty.com\/fr\/p\/98-appetite-support-080\/#breadcrumb","itemListElement":[{"@type":"ListItem","position":1,"name":"Home","item":"https:\/\/3coty.com\/fr\/"},{"@type":"ListItem","position":2,"name":"BOUTIQUE","item":"https:\/\/3coty.com\/fr\/shop\/"},{"@type":"ListItem","position":3,"name":"98. SOUTIEN DE L\u2019APP\u00c9TIT 080"}]},{"@type":"WebSite","@id":"https:\/\/3coty.com\/fr\/#website","url":"https:\/\/3coty.com\/fr\/","name":"3coty\u00ae","description":"Meat-only Cat Food","publisher":{"@id":"https:\/\/3coty.com\/fr\/#organization"},"potentialAction":[{"@type":"SearchAction","target":{"@type":"EntryPoint","urlTemplate":"https:\/\/3coty.com\/fr\/?s={search_term_string}"},"query-input":{"@type":"PropertyValueSpecification","valueRequired":true,"valueName":"search_term_string"}}],"inLanguage":"fr-FR"},{"@type":"Organization","@id":"https:\/\/3coty.com\/fr\/#organization","name":"3coty\u00ae","alternateName":"3coty","url":"https:\/\/3coty.com\/fr\/","logo":{"@type":"ImageObject","inLanguage":"fr-FR","@id":"https:\/\/3coty.com\/fr\/#\/schema\/logo\/image\/","url":"https:\/\/3coty.com\/wp-content\/uploads\/2025\/05\/icon-3coty-logo.svg","contentUrl":"https:\/\/3coty.com\/wp-content\/uploads\/2025\/05\/icon-3coty-logo.svg","width":283,"height":283,"caption":"3coty\u00ae"},"image":{"@id":"https:\/\/3coty.com\/fr\/#\/schema\/logo\/image\/"},"sameAs":["https:\/\/www.facebook.com\/3coty","https:\/\/x.com\/3cotyCom","https:\/\/www.instagram.com\/3coty","https:\/\/www.linkedin.com\/company\/3coty","https:\/\/www.youtube.com\/@3coty"]}]},"product_price_amount":"15.00","product_price_currency":"EUR","og_availability":"instock","product_availability":"instock","product_retailer_item_id":"100J 98AS \/ 5901785318944","product_condition":"new"},"_links":{"self":[{"href":"https:\/\/3coty.com\/fr\/wp-json\/wp\/v2\/product\/83962","targetHints":{"allow":["GET"]}}],"collection":[{"href":"https:\/\/3coty.com\/fr\/wp-json\/wp\/v2\/product"}],"about":[{"href":"https:\/\/3coty.com\/fr\/wp-json\/wp\/v2\/types\/product"}],"version-history":[{"count":2,"href":"https:\/\/3coty.com\/fr\/wp-json\/wp\/v2\/product\/83962\/revisions"}],"predecessor-version":[{"id":83994,"href":"https:\/\/3coty.com\/fr\/wp-json\/wp\/v2\/product\/83962\/revisions\/83994"}],"wp:featuredmedia":[{"embeddable":true,"href":"https:\/\/3coty.com\/fr\/wp-json\/wp\/v2\/media\/83751"}],"wp:attachment":[{"href":"https:\/\/3coty.com\/fr\/wp-json\/wp\/v2\/media?parent=83962"}],"wp:term":[{"taxonomy":"product_brand","embeddable":true,"href":"https:\/\/3coty.com\/fr\/wp-json\/wp\/v2\/product_brand?post=83962"},{"taxonomy":"product_cat","embeddable":true,"href":"https:\/\/3coty.com\/fr\/wp-json\/wp\/v2\/product_cat?post=83962"},{"taxonomy":"product_tag","embeddable":true,"href":"https:\/\/3coty.com\/fr\/wp-json\/wp\/v2\/product_tag?post=83962"}],"curies":[{"name":"wp","href":"https:\/\/api.w.org\/{rel}","templated":true}]}}