{"id":30427,"date":"2025-05-24T08:42:41","date_gmt":"2025-05-24T08:42:41","guid":{"rendered":"https:\/\/3coty.com\/p\/18-turkey-krill-080\/"},"modified":"2026-03-17T18:55:37","modified_gmt":"2026-03-17T18:55:37","slug":"18-turkey-krill-080","status":"publish","type":"product","link":"https:\/\/3coty.com\/fr\/p\/18-turkey-krill-080\/","title":{"rendered":"18. DINDE + KRILL Soutien au pelage 080"},"content":{"rendered":"<p><a href=\"https:\/\/3coty.com\/wp-content\/uploads\/2025\/07\/3coty-p-18-tab-1.svg\"><img fetchpriority=\"high\" decoding=\"async\" class=\"alignnone size-full wp-image-54426\" role=\"img\" src=\"https:\/\/3coty.com\/wp-content\/uploads\/2025\/07\/3coty-p-18-tab-1.svg\" alt=\"\" width=\"283\" height=\"283\" \/><\/a><\/p>\n<h2>ALIMENTATION POUR CHATS 3COTY\u00ae COMPL\u00c8TE ET NATURELLE<\/h2>\n<p><strong>95% D\u2019INGR\u00c9DIENTS DE VIANDE NATURELS et d\u00e9riv\u00e9s animaux cuits dans leur propre bouillon nutritif, 3% DE KRILL ANTARCTIQUE, 1% ALGUES BRUNES, 1% BIOTINE<\/strong><\/p>\n<p>La perte de poils chez les chats peut avoir plusieurs causes. Une fois celles-ci r\u00e9solues (par exemple apr\u00e8s une port\u00e9e), les chats b\u00e9n\u00e9ficient d\u2019un soutien nutritionnel pour faire repousser leur pelage. La biotine, \u00e9galement appel\u00e9e vitamine B7, joue un r\u00f4le essentiel dans la croissance du pelage. Associ\u00e9e aux acides gras Omega-3 facilement absorb\u00e9s, elle favorise une repousse forte et saine. Nous avons ajout\u00e9 des algues brunes norv\u00e9giennes pour leur teneur en biotine et du krill antarctique pour sa teneur en Omega-3 dans cet aliment \u00e0 base de dindon pour chats adultes.<\/p>\n<p>Sp\u00e9cialement formul\u00e9 pour aider les chats \u00e0 retrouver leur pelage apr\u00e8s la perte. Riche en biotine et Omega-3 provenant des algues et du krill.<\/p>\n","protected":false},"excerpt":{"rendered":"<p><a href=\"https:\/\/3coty.com\/wp-content\/uploads\/2025\/07\/3coty-p-18-description-1.svg\"><img decoding=\"async\" class=\"alignnone size-medium wp-image-54390\" role=\"img\" src=\"https:\/\/3coty.com\/wp-content\/uploads\/2025\/07\/3coty-p-18-description-1.svg\" alt=\"\" width=\"300\" height=\"300\" \/><\/a><\/p>\n<p><strong>POUR CHATS ST\u00c9RILIS\u00c9S ET ADULTES\u00a0| <\/strong>PAT\u00c9 | ALIMENTATION DUOPROT\u00c9IQUE POUR CHATS<br \/>\n<strong>AVEC KRILL ANTARCTIQUE | SOUTIEN AU PELAGE<\/strong><\/p>\n<p><a href=\"https:\/\/3coty.com\/wp-content\/uploads\/2025\/07\/3coty-p-18-description-2.svg\"><img decoding=\"async\" class=\"alignnone size-full wp-image-54408\" role=\"img\" src=\"https:\/\/3coty.com\/wp-content\/uploads\/2025\/07\/3coty-p-18-description-2.svg\" alt=\"\" width=\"506\" height=\"85\" \/><\/a><\/p>\n","protected":false},"featured_media":54468,"template":"","meta":{"_acf_changed":false},"product_brand":[],"product_cat":[352,368],"product_tag":[956],"class_list":{"0":"post-30427","1":"product","2":"type-product","3":"status-publish","4":"has-post-thumbnail","6":"product_cat-for-adult-cats","7":"product_cat-for-sterilised-cats","8":"product_tag-18tk","10":"first","11":"instock","12":"featured","13":"taxable","14":"shipping-taxable","15":"purchasable","16":"product-type-simple"},"acf":[],"yoast_head":"<!-- This site is optimized with the Yoast SEO Premium plugin v27.4 (Yoast SEO v27.4) - https:\/\/yoast.com\/product\/yoast-seo-premium-wordpress\/ -->\n<title>18. DINDE + KRILL Soutien au pelage 080 - 3coty\u00ae<\/title>\n<meta name=\"robots\" content=\"index, follow, max-snippet:-1, max-image-preview:large, max-video-preview:-1\" \/>\n<link rel=\"canonical\" href=\"https:\/\/3coty.com\/fr\/p\/18-turkey-krill-080\/\" \/>\n<meta property=\"og:locale\" content=\"fr_FR\" \/>\n<meta property=\"og:type\" content=\"article\" \/>\n<meta property=\"og:title\" content=\"18. DINDE + KRILL Soutien au pelage 080\" \/>\n<meta property=\"og:description\" content=\"POUR CHATS ST\u00c9RILIS\u00c9S ET ADULTES\u00a0| PAT\u00c9 | ALIMENTATION DUOPROT\u00c9IQUE POUR CHATS AVEC KRILL ANTARCTIQUE | SOUTIEN AU PELAGE\" \/>\n<meta property=\"og:url\" content=\"https:\/\/3coty.com\/fr\/p\/18-turkey-krill-080\/\" \/>\n<meta property=\"og:site_name\" content=\"3coty\u00ae\" \/>\n<meta property=\"article:publisher\" content=\"https:\/\/www.facebook.com\/3coty\" \/>\n<meta property=\"article:modified_time\" content=\"2026-03-17T18:55:37+00:00\" \/>\n<meta property=\"og:image\" content=\"https:\/\/3coty.com\/wp-content\/uploads\/2025\/07\/3coty-p-18-080-01.jpg\" \/>\n\t<meta property=\"og:image:width\" content=\"1024\" \/>\n\t<meta property=\"og:image:height\" content=\"1024\" \/>\n\t<meta property=\"og:image:type\" content=\"image\/jpeg\" \/>\n<meta name=\"twitter:card\" content=\"summary_large_image\" \/>\n<meta name=\"twitter:site\" content=\"@3cotyCom\" \/>\n<meta name=\"twitter:label1\" content=\"Prix\" \/>\n\t<meta name=\"twitter:data1\" content=\"\u20ac&nbsp;2.50\" \/>\n\t<meta name=\"twitter:label2\" content=\"Disponibilit\u00e9\" \/>\n\t<meta name=\"twitter:data2\" content=\"En stock\" \/>\n<script type=\"application\/ld+json\" class=\"yoast-schema-graph\">{\"@context\":\"https:\\\/\\\/schema.org\",\"@graph\":[{\"@type\":\"WebPage\",\"@id\":\"https:\\\/\\\/3coty.com\\\/fr\\\/p\\\/18-turkey-krill-080\\\/\",\"url\":\"https:\\\/\\\/3coty.com\\\/fr\\\/p\\\/18-turkey-krill-080\\\/\",\"name\":\"18. DINDE + KRILL Soutien au pelage 080 - 3coty\u00ae\",\"isPartOf\":{\"@id\":\"https:\\\/\\\/3coty.com\\\/fr\\\/#website\"},\"primaryImageOfPage\":{\"@id\":\"https:\\\/\\\/3coty.com\\\/fr\\\/p\\\/18-turkey-krill-080\\\/#primaryimage\"},\"image\":{\"@id\":\"https:\\\/\\\/3coty.com\\\/fr\\\/p\\\/18-turkey-krill-080\\\/#primaryimage\"},\"thumbnailUrl\":\"https:\\\/\\\/3coty.com\\\/wp-content\\\/uploads\\\/2025\\\/07\\\/3coty-p-18-080-01.jpg\",\"datePublished\":\"2025-05-24T08:42:41+00:00\",\"dateModified\":\"2026-03-17T18:55:37+00:00\",\"breadcrumb\":{\"@id\":\"https:\\\/\\\/3coty.com\\\/fr\\\/p\\\/18-turkey-krill-080\\\/#breadcrumb\"},\"inLanguage\":\"fr-FR\",\"potentialAction\":[{\"@type\":\"ReadAction\",\"target\":[\"https:\\\/\\\/3coty.com\\\/fr\\\/p\\\/18-turkey-krill-080\\\/\"]}]},{\"@type\":\"ImageObject\",\"inLanguage\":\"fr-FR\",\"@id\":\"https:\\\/\\\/3coty.com\\\/fr\\\/p\\\/18-turkey-krill-080\\\/#primaryimage\",\"url\":\"https:\\\/\\\/3coty.com\\\/wp-content\\\/uploads\\\/2025\\\/07\\\/3coty-p-18-080-01.jpg\",\"contentUrl\":\"https:\\\/\\\/3coty.com\\\/wp-content\\\/uploads\\\/2025\\\/07\\\/3coty-p-18-080-01.jpg\",\"width\":1024,\"height\":1024},{\"@type\":\"BreadcrumbList\",\"@id\":\"https:\\\/\\\/3coty.com\\\/fr\\\/p\\\/18-turkey-krill-080\\\/#breadcrumb\",\"itemListElement\":[{\"@type\":\"ListItem\",\"position\":1,\"name\":\"Home\",\"item\":\"https:\\\/\\\/3coty.com\\\/fr\\\/\"},{\"@type\":\"ListItem\",\"position\":2,\"name\":\"BOUTIQUE\",\"item\":\"https:\\\/\\\/3coty.com\\\/fr\\\/shop\\\/\"},{\"@type\":\"ListItem\",\"position\":3,\"name\":\"18. DINDE + KRILL Soutien au pelage 080\"}]},{\"@type\":\"WebSite\",\"@id\":\"https:\\\/\\\/3coty.com\\\/fr\\\/#website\",\"url\":\"https:\\\/\\\/3coty.com\\\/fr\\\/\",\"name\":\"3coty\u00ae\",\"description\":\"Meat-only Cat Food\",\"publisher\":{\"@id\":\"https:\\\/\\\/3coty.com\\\/fr\\\/#organization\"},\"potentialAction\":[{\"@type\":\"SearchAction\",\"target\":{\"@type\":\"EntryPoint\",\"urlTemplate\":\"https:\\\/\\\/3coty.com\\\/fr\\\/?s={search_term_string}\"},\"query-input\":{\"@type\":\"PropertyValueSpecification\",\"valueRequired\":true,\"valueName\":\"search_term_string\"}}],\"inLanguage\":\"fr-FR\"},{\"@type\":\"Organization\",\"@id\":\"https:\\\/\\\/3coty.com\\\/fr\\\/#organization\",\"name\":\"3coty\u00ae\",\"alternateName\":\"3coty\",\"url\":\"https:\\\/\\\/3coty.com\\\/fr\\\/\",\"logo\":{\"@type\":\"ImageObject\",\"inLanguage\":\"fr-FR\",\"@id\":\"https:\\\/\\\/3coty.com\\\/fr\\\/#\\\/schema\\\/logo\\\/image\\\/\",\"url\":\"https:\\\/\\\/3coty.com\\\/wp-content\\\/uploads\\\/2025\\\/05\\\/icon-3coty-logo.svg\",\"contentUrl\":\"https:\\\/\\\/3coty.com\\\/wp-content\\\/uploads\\\/2025\\\/05\\\/icon-3coty-logo.svg\",\"width\":283,\"height\":283,\"caption\":\"3coty\u00ae\"},\"image\":{\"@id\":\"https:\\\/\\\/3coty.com\\\/fr\\\/#\\\/schema\\\/logo\\\/image\\\/\"},\"sameAs\":[\"https:\\\/\\\/www.facebook.com\\\/3coty\",\"https:\\\/\\\/x.com\\\/3cotyCom\",\"https:\\\/\\\/www.instagram.com\\\/3coty\",\"https:\\\/\\\/www.linkedin.com\\\/company\\\/3coty\",\"https:\\\/\\\/www.youtube.com\\\/@3coty\"]}]}<\/script>\n<meta property=\"product:price:amount\" content=\"2.50\" \/>\n<meta property=\"product:price:currency\" content=\"EUR\" \/>\n<meta property=\"og:availability\" content=\"instock\" \/>\n<meta property=\"product:availability\" content=\"instock\" \/>\n<meta property=\"product:retailer_item_id\" content=\"080T 18TK \/ 5901785318500\" \/>\n<meta property=\"product:condition\" content=\"new\" \/>\n<!-- \/ Yoast SEO Premium plugin. -->","yoast_head_json":{"title":"18. DINDE + KRILL Soutien au pelage 080 - 3coty\u00ae","robots":{"index":"index","follow":"follow","max-snippet":"max-snippet:-1","max-image-preview":"max-image-preview:large","max-video-preview":"max-video-preview:-1"},"canonical":"https:\/\/3coty.com\/fr\/p\/18-turkey-krill-080\/","og_locale":"fr_FR","og_type":"article","og_title":"18. DINDE + KRILL Soutien au pelage 080","og_description":"POUR CHATS ST\u00c9RILIS\u00c9S ET ADULTES\u00a0| PAT\u00c9 | ALIMENTATION DUOPROT\u00c9IQUE POUR CHATS AVEC KRILL ANTARCTIQUE | SOUTIEN AU PELAGE","og_url":"https:\/\/3coty.com\/fr\/p\/18-turkey-krill-080\/","og_site_name":"3coty\u00ae","article_publisher":"https:\/\/www.facebook.com\/3coty","article_modified_time":"2026-03-17T18:55:37+00:00","og_image":[{"width":1024,"height":1024,"url":"https:\/\/3coty.com\/wp-content\/uploads\/2025\/07\/3coty-p-18-080-01.jpg","type":"image\/jpeg"}],"twitter_card":"summary_large_image","twitter_site":"@3cotyCom","twitter_misc":{"Prix":"\u20ac&nbsp;2.50","Disponibilit\u00e9":"En stock"},"schema":{"@context":"https:\/\/schema.org","@graph":[{"@type":"WebPage","@id":"https:\/\/3coty.com\/fr\/p\/18-turkey-krill-080\/","url":"https:\/\/3coty.com\/fr\/p\/18-turkey-krill-080\/","name":"18. DINDE + KRILL Soutien au pelage 080 - 3coty\u00ae","isPartOf":{"@id":"https:\/\/3coty.com\/fr\/#website"},"primaryImageOfPage":{"@id":"https:\/\/3coty.com\/fr\/p\/18-turkey-krill-080\/#primaryimage"},"image":{"@id":"https:\/\/3coty.com\/fr\/p\/18-turkey-krill-080\/#primaryimage"},"thumbnailUrl":"https:\/\/3coty.com\/wp-content\/uploads\/2025\/07\/3coty-p-18-080-01.jpg","datePublished":"2025-05-24T08:42:41+00:00","dateModified":"2026-03-17T18:55:37+00:00","breadcrumb":{"@id":"https:\/\/3coty.com\/fr\/p\/18-turkey-krill-080\/#breadcrumb"},"inLanguage":"fr-FR","potentialAction":[{"@type":"ReadAction","target":["https:\/\/3coty.com\/fr\/p\/18-turkey-krill-080\/"]}]},{"@type":"ImageObject","inLanguage":"fr-FR","@id":"https:\/\/3coty.com\/fr\/p\/18-turkey-krill-080\/#primaryimage","url":"https:\/\/3coty.com\/wp-content\/uploads\/2025\/07\/3coty-p-18-080-01.jpg","contentUrl":"https:\/\/3coty.com\/wp-content\/uploads\/2025\/07\/3coty-p-18-080-01.jpg","width":1024,"height":1024},{"@type":"BreadcrumbList","@id":"https:\/\/3coty.com\/fr\/p\/18-turkey-krill-080\/#breadcrumb","itemListElement":[{"@type":"ListItem","position":1,"name":"Home","item":"https:\/\/3coty.com\/fr\/"},{"@type":"ListItem","position":2,"name":"BOUTIQUE","item":"https:\/\/3coty.com\/fr\/shop\/"},{"@type":"ListItem","position":3,"name":"18. DINDE + KRILL Soutien au pelage 080"}]},{"@type":"WebSite","@id":"https:\/\/3coty.com\/fr\/#website","url":"https:\/\/3coty.com\/fr\/","name":"3coty\u00ae","description":"Meat-only Cat Food","publisher":{"@id":"https:\/\/3coty.com\/fr\/#organization"},"potentialAction":[{"@type":"SearchAction","target":{"@type":"EntryPoint","urlTemplate":"https:\/\/3coty.com\/fr\/?s={search_term_string}"},"query-input":{"@type":"PropertyValueSpecification","valueRequired":true,"valueName":"search_term_string"}}],"inLanguage":"fr-FR"},{"@type":"Organization","@id":"https:\/\/3coty.com\/fr\/#organization","name":"3coty\u00ae","alternateName":"3coty","url":"https:\/\/3coty.com\/fr\/","logo":{"@type":"ImageObject","inLanguage":"fr-FR","@id":"https:\/\/3coty.com\/fr\/#\/schema\/logo\/image\/","url":"https:\/\/3coty.com\/wp-content\/uploads\/2025\/05\/icon-3coty-logo.svg","contentUrl":"https:\/\/3coty.com\/wp-content\/uploads\/2025\/05\/icon-3coty-logo.svg","width":283,"height":283,"caption":"3coty\u00ae"},"image":{"@id":"https:\/\/3coty.com\/fr\/#\/schema\/logo\/image\/"},"sameAs":["https:\/\/www.facebook.com\/3coty","https:\/\/x.com\/3cotyCom","https:\/\/www.instagram.com\/3coty","https:\/\/www.linkedin.com\/company\/3coty","https:\/\/www.youtube.com\/@3coty"]}]},"product_price_amount":"2.50","product_price_currency":"EUR","og_availability":"instock","product_availability":"instock","product_retailer_item_id":"080T 18TK \/ 5901785318500","product_condition":"new"},"_links":{"self":[{"href":"https:\/\/3coty.com\/fr\/wp-json\/wp\/v2\/product\/30427","targetHints":{"allow":["GET"]}}],"collection":[{"href":"https:\/\/3coty.com\/fr\/wp-json\/wp\/v2\/product"}],"about":[{"href":"https:\/\/3coty.com\/fr\/wp-json\/wp\/v2\/types\/product"}],"version-history":[{"count":3,"href":"https:\/\/3coty.com\/fr\/wp-json\/wp\/v2\/product\/30427\/revisions"}],"predecessor-version":[{"id":54833,"href":"https:\/\/3coty.com\/fr\/wp-json\/wp\/v2\/product\/30427\/revisions\/54833"}],"wp:featuredmedia":[{"embeddable":true,"href":"https:\/\/3coty.com\/fr\/wp-json\/wp\/v2\/media\/54468"}],"wp:attachment":[{"href":"https:\/\/3coty.com\/fr\/wp-json\/wp\/v2\/media?parent=30427"}],"wp:term":[{"taxonomy":"product_brand","embeddable":true,"href":"https:\/\/3coty.com\/fr\/wp-json\/wp\/v2\/product_brand?post=30427"},{"taxonomy":"product_cat","embeddable":true,"href":"https:\/\/3coty.com\/fr\/wp-json\/wp\/v2\/product_cat?post=30427"},{"taxonomy":"product_tag","embeddable":true,"href":"https:\/\/3coty.com\/fr\/wp-json\/wp\/v2\/product_tag?post=30427"}],"curies":[{"name":"wp","href":"https:\/\/api.w.org\/{rel}","templated":true}]}}