{"id":30408,"date":"2025-05-23T14:24:19","date_gmt":"2025-05-23T14:24:19","guid":{"rendered":"https:\/\/3coty.com\/p\/11-turkey-180\/"},"modified":"2026-03-17T18:49:09","modified_gmt":"2026-03-17T18:49:09","slug":"11-turkey-180","status":"publish","type":"product","link":"https:\/\/3coty.com\/fr\/p\/11-turkey-180\/","title":{"rendered":"11. DINDE Contr\u00f4le du poids 180"},"content":{"rendered":"<p><a href=\"https:\/\/3coty.com\/wp-content\/uploads\/2025\/07\/3coty-p-11-tab-1.svg\"><img fetchpriority=\"high\" decoding=\"async\" class=\"alignnone size-full wp-image-57538\" role=\"img\" src=\"https:\/\/3coty.com\/wp-content\/uploads\/2025\/07\/3coty-p-11-tab-1.svg\" alt=\"\" width=\"283\" height=\"283\" \/><\/a><\/p>\n<h2>ALIMENTATION POUR CHATS 3COTY\u00ae COMPL\u00c8TE ET NATURELLE<\/h2>\n<p><strong>99,5% D\u2019INGR\u00c9DIENTS DE VIANDE NATURELS et d\u00e9riv\u00e9s animaux cuits dans leur propre bouillon nutritif, 0,5% DE CHLORELLE<\/strong><\/p>\n<p>Sp\u00e9cialement formul\u00e9 pour les chats ayant besoin de contr\u00f4ler leur poids, notamment apr\u00e8s st\u00e9rilisation, cet aliment humide monoprot\u00e9ique et hypocalorique est enrichi en chlorelle pour soutenir le syst\u00e8me immunitaire. Il convient aux r\u00e9gimes d\u2019\u00e9viction et, comme tous nos aliments humides naturels, il est complet et \u00e9quilibr\u00e9. Tout ce dont votre chat a besoin, dans une seule bo\u00eete.<\/p>\n<p>Dinde maigre et algue d\u2019eau douce pour renforcer le syst\u00e8me immunitaire, dans un aliment complet et hypocalorique pour chats.<\/p>\n","protected":false},"excerpt":{"rendered":"<p><a href=\"https:\/\/3coty.com\/wp-content\/uploads\/2025\/07\/3coty-p-11-description-1.svg\"><img decoding=\"async\" class=\"alignnone wp-image-57502\" role=\"img\" src=\"https:\/\/3coty.com\/wp-content\/uploads\/2025\/07\/3coty-p-11-description-1.svg\" alt=\"\" width=\"250\" \/><\/a><\/p>\n<p><strong>POUR LES CHATS ST\u00c9RILIS\u00c9S ET EN SURPOIDS<\/strong>\u00a0| PAT\u00c9 | ALIMENTATION MONOPROT\u00c9IQUE POUR CHATS<br \/>\n<strong>AVEC LA CHLORELLE<\/strong><\/p>\n<p><a href=\"https:\/\/3coty.com\/wp-content\/uploads\/2025\/07\/3coty-p-11-description-2.svg\"><img decoding=\"async\" class=\"alignnone size-full wp-image-57520\" role=\"img\" src=\"https:\/\/3coty.com\/wp-content\/uploads\/2025\/07\/3coty-p-11-description-2.svg\" alt=\"\" width=\"506\" height=\"85\" \/><\/a><\/p>\n","protected":false},"featured_media":57940,"template":"","meta":{"_acf_changed":false},"product_brand":[],"product_cat":[368],"product_tag":[874],"class_list":{"0":"post-30408","1":"product","2":"type-product","3":"status-publish","4":"has-post-thumbnail","6":"product_cat-for-sterilised-cats","7":"product_tag-11tu","9":"first","10":"instock","11":"featured","12":"taxable","13":"shipping-taxable","14":"purchasable","15":"product-type-simple"},"acf":[],"yoast_head":"<!-- This site is optimized with the Yoast SEO Premium plugin v27.3 (Yoast SEO v27.3) - https:\/\/yoast.com\/product\/yoast-seo-premium-wordpress\/ -->\n<title>11. DINDE Contr\u00f4le du poids 180 - 3coty\u00ae<\/title>\n<meta name=\"robots\" content=\"index, follow, max-snippet:-1, max-image-preview:large, max-video-preview:-1\" \/>\n<link rel=\"canonical\" href=\"https:\/\/3coty.com\/fr\/p\/11-turkey-180\/\" \/>\n<meta property=\"og:locale\" content=\"fr_FR\" \/>\n<meta property=\"og:type\" content=\"article\" \/>\n<meta property=\"og:title\" content=\"11. DINDE Contr\u00f4le du poids 180\" \/>\n<meta property=\"og:description\" content=\"POUR LES CHATS ST\u00c9RILIS\u00c9S ET EN SURPOIDS\u00a0| PAT\u00c9 | ALIMENTATION MONOPROT\u00c9IQUE POUR CHATS AVEC LA CHLORELLE\" \/>\n<meta property=\"og:url\" content=\"https:\/\/3coty.com\/fr\/p\/11-turkey-180\/\" \/>\n<meta property=\"og:site_name\" content=\"3coty\u00ae\" \/>\n<meta property=\"article:publisher\" content=\"https:\/\/www.facebook.com\/3coty\" \/>\n<meta property=\"article:modified_time\" content=\"2026-03-17T18:49:09+00:00\" \/>\n<meta property=\"og:image\" content=\"https:\/\/3coty.com\/wp-content\/uploads\/2025\/07\/3coty-p-11-180-01.jpg\" \/>\n\t<meta property=\"og:image:width\" content=\"1024\" \/>\n\t<meta property=\"og:image:height\" content=\"1024\" \/>\n\t<meta property=\"og:image:type\" content=\"image\/jpeg\" \/>\n<meta name=\"twitter:card\" content=\"summary_large_image\" \/>\n<meta name=\"twitter:site\" content=\"@3cotyCom\" \/>\n<meta name=\"twitter:label1\" content=\"Prix\" \/>\n\t<meta name=\"twitter:data1\" content=\"\u20ac&nbsp;4.00\" \/>\n\t<meta name=\"twitter:label2\" content=\"Disponibilit\u00e9\" \/>\n\t<meta name=\"twitter:data2\" content=\"En stock\" \/>\n<script type=\"application\/ld+json\" class=\"yoast-schema-graph\">{\"@context\":\"https:\\\/\\\/schema.org\",\"@graph\":[{\"@type\":\"WebPage\",\"@id\":\"https:\\\/\\\/3coty.com\\\/fr\\\/p\\\/11-turkey-180\\\/\",\"url\":\"https:\\\/\\\/3coty.com\\\/fr\\\/p\\\/11-turkey-180\\\/\",\"name\":\"11. DINDE Contr\u00f4le du poids 180 - 3coty\u00ae\",\"isPartOf\":{\"@id\":\"https:\\\/\\\/3coty.com\\\/fr\\\/#website\"},\"primaryImageOfPage\":{\"@id\":\"https:\\\/\\\/3coty.com\\\/fr\\\/p\\\/11-turkey-180\\\/#primaryimage\"},\"image\":{\"@id\":\"https:\\\/\\\/3coty.com\\\/fr\\\/p\\\/11-turkey-180\\\/#primaryimage\"},\"thumbnailUrl\":\"https:\\\/\\\/3coty.com\\\/wp-content\\\/uploads\\\/2025\\\/07\\\/3coty-p-11-180-01.jpg\",\"datePublished\":\"2025-05-23T14:24:19+00:00\",\"dateModified\":\"2026-03-17T18:49:09+00:00\",\"breadcrumb\":{\"@id\":\"https:\\\/\\\/3coty.com\\\/fr\\\/p\\\/11-turkey-180\\\/#breadcrumb\"},\"inLanguage\":\"fr-FR\",\"potentialAction\":[{\"@type\":\"ReadAction\",\"target\":[\"https:\\\/\\\/3coty.com\\\/fr\\\/p\\\/11-turkey-180\\\/\"]}]},{\"@type\":\"ImageObject\",\"inLanguage\":\"fr-FR\",\"@id\":\"https:\\\/\\\/3coty.com\\\/fr\\\/p\\\/11-turkey-180\\\/#primaryimage\",\"url\":\"https:\\\/\\\/3coty.com\\\/wp-content\\\/uploads\\\/2025\\\/07\\\/3coty-p-11-180-01.jpg\",\"contentUrl\":\"https:\\\/\\\/3coty.com\\\/wp-content\\\/uploads\\\/2025\\\/07\\\/3coty-p-11-180-01.jpg\",\"width\":1024,\"height\":1024},{\"@type\":\"BreadcrumbList\",\"@id\":\"https:\\\/\\\/3coty.com\\\/fr\\\/p\\\/11-turkey-180\\\/#breadcrumb\",\"itemListElement\":[{\"@type\":\"ListItem\",\"position\":1,\"name\":\"Home\",\"item\":\"https:\\\/\\\/3coty.com\\\/fr\\\/\"},{\"@type\":\"ListItem\",\"position\":2,\"name\":\"BOUTIQUE\",\"item\":\"https:\\\/\\\/3coty.com\\\/fr\\\/shop\\\/\"},{\"@type\":\"ListItem\",\"position\":3,\"name\":\"11. DINDE Contr\u00f4le du poids 180\"}]},{\"@type\":\"WebSite\",\"@id\":\"https:\\\/\\\/3coty.com\\\/fr\\\/#website\",\"url\":\"https:\\\/\\\/3coty.com\\\/fr\\\/\",\"name\":\"3coty\u00ae\",\"description\":\"Meat-only Cat Food\",\"publisher\":{\"@id\":\"https:\\\/\\\/3coty.com\\\/fr\\\/#organization\"},\"potentialAction\":[{\"@type\":\"SearchAction\",\"target\":{\"@type\":\"EntryPoint\",\"urlTemplate\":\"https:\\\/\\\/3coty.com\\\/fr\\\/?s={search_term_string}\"},\"query-input\":{\"@type\":\"PropertyValueSpecification\",\"valueRequired\":true,\"valueName\":\"search_term_string\"}}],\"inLanguage\":\"fr-FR\"},{\"@type\":\"Organization\",\"@id\":\"https:\\\/\\\/3coty.com\\\/fr\\\/#organization\",\"name\":\"3coty\u00ae\",\"alternateName\":\"3coty\",\"url\":\"https:\\\/\\\/3coty.com\\\/fr\\\/\",\"logo\":{\"@type\":\"ImageObject\",\"inLanguage\":\"fr-FR\",\"@id\":\"https:\\\/\\\/3coty.com\\\/fr\\\/#\\\/schema\\\/logo\\\/image\\\/\",\"url\":\"https:\\\/\\\/3coty.com\\\/wp-content\\\/uploads\\\/2025\\\/05\\\/icon-3coty-logo.svg\",\"contentUrl\":\"https:\\\/\\\/3coty.com\\\/wp-content\\\/uploads\\\/2025\\\/05\\\/icon-3coty-logo.svg\",\"width\":283,\"height\":283,\"caption\":\"3coty\u00ae\"},\"image\":{\"@id\":\"https:\\\/\\\/3coty.com\\\/fr\\\/#\\\/schema\\\/logo\\\/image\\\/\"},\"sameAs\":[\"https:\\\/\\\/www.facebook.com\\\/3coty\",\"https:\\\/\\\/x.com\\\/3cotyCom\",\"https:\\\/\\\/www.instagram.com\\\/3coty\",\"https:\\\/\\\/www.linkedin.com\\\/company\\\/3coty\",\"https:\\\/\\\/www.youtube.com\\\/@3coty\"]}]}<\/script>\n<meta property=\"product:price:amount\" content=\"4.00\" \/>\n<meta property=\"product:price:currency\" content=\"EUR\" \/>\n<meta property=\"og:availability\" content=\"instock\" \/>\n<meta property=\"product:availability\" content=\"instock\" \/>\n<meta property=\"product:retailer_item_id\" content=\"180T 11TU \/ 5901785315646\" \/>\n<meta property=\"product:condition\" content=\"new\" \/>\n<!-- \/ Yoast SEO Premium plugin. -->","yoast_head_json":{"title":"11. DINDE Contr\u00f4le du poids 180 - 3coty\u00ae","robots":{"index":"index","follow":"follow","max-snippet":"max-snippet:-1","max-image-preview":"max-image-preview:large","max-video-preview":"max-video-preview:-1"},"canonical":"https:\/\/3coty.com\/fr\/p\/11-turkey-180\/","og_locale":"fr_FR","og_type":"article","og_title":"11. DINDE Contr\u00f4le du poids 180","og_description":"POUR LES CHATS ST\u00c9RILIS\u00c9S ET EN SURPOIDS\u00a0| PAT\u00c9 | ALIMENTATION MONOPROT\u00c9IQUE POUR CHATS AVEC LA CHLORELLE","og_url":"https:\/\/3coty.com\/fr\/p\/11-turkey-180\/","og_site_name":"3coty\u00ae","article_publisher":"https:\/\/www.facebook.com\/3coty","article_modified_time":"2026-03-17T18:49:09+00:00","og_image":[{"width":1024,"height":1024,"url":"https:\/\/3coty.com\/wp-content\/uploads\/2025\/07\/3coty-p-11-180-01.jpg","type":"image\/jpeg"}],"twitter_card":"summary_large_image","twitter_site":"@3cotyCom","twitter_misc":{"Prix":"\u20ac&nbsp;4.00","Disponibilit\u00e9":"En stock"},"schema":{"@context":"https:\/\/schema.org","@graph":[{"@type":"WebPage","@id":"https:\/\/3coty.com\/fr\/p\/11-turkey-180\/","url":"https:\/\/3coty.com\/fr\/p\/11-turkey-180\/","name":"11. DINDE Contr\u00f4le du poids 180 - 3coty\u00ae","isPartOf":{"@id":"https:\/\/3coty.com\/fr\/#website"},"primaryImageOfPage":{"@id":"https:\/\/3coty.com\/fr\/p\/11-turkey-180\/#primaryimage"},"image":{"@id":"https:\/\/3coty.com\/fr\/p\/11-turkey-180\/#primaryimage"},"thumbnailUrl":"https:\/\/3coty.com\/wp-content\/uploads\/2025\/07\/3coty-p-11-180-01.jpg","datePublished":"2025-05-23T14:24:19+00:00","dateModified":"2026-03-17T18:49:09+00:00","breadcrumb":{"@id":"https:\/\/3coty.com\/fr\/p\/11-turkey-180\/#breadcrumb"},"inLanguage":"fr-FR","potentialAction":[{"@type":"ReadAction","target":["https:\/\/3coty.com\/fr\/p\/11-turkey-180\/"]}]},{"@type":"ImageObject","inLanguage":"fr-FR","@id":"https:\/\/3coty.com\/fr\/p\/11-turkey-180\/#primaryimage","url":"https:\/\/3coty.com\/wp-content\/uploads\/2025\/07\/3coty-p-11-180-01.jpg","contentUrl":"https:\/\/3coty.com\/wp-content\/uploads\/2025\/07\/3coty-p-11-180-01.jpg","width":1024,"height":1024},{"@type":"BreadcrumbList","@id":"https:\/\/3coty.com\/fr\/p\/11-turkey-180\/#breadcrumb","itemListElement":[{"@type":"ListItem","position":1,"name":"Home","item":"https:\/\/3coty.com\/fr\/"},{"@type":"ListItem","position":2,"name":"BOUTIQUE","item":"https:\/\/3coty.com\/fr\/shop\/"},{"@type":"ListItem","position":3,"name":"11. DINDE Contr\u00f4le du poids 180"}]},{"@type":"WebSite","@id":"https:\/\/3coty.com\/fr\/#website","url":"https:\/\/3coty.com\/fr\/","name":"3coty\u00ae","description":"Meat-only Cat Food","publisher":{"@id":"https:\/\/3coty.com\/fr\/#organization"},"potentialAction":[{"@type":"SearchAction","target":{"@type":"EntryPoint","urlTemplate":"https:\/\/3coty.com\/fr\/?s={search_term_string}"},"query-input":{"@type":"PropertyValueSpecification","valueRequired":true,"valueName":"search_term_string"}}],"inLanguage":"fr-FR"},{"@type":"Organization","@id":"https:\/\/3coty.com\/fr\/#organization","name":"3coty\u00ae","alternateName":"3coty","url":"https:\/\/3coty.com\/fr\/","logo":{"@type":"ImageObject","inLanguage":"fr-FR","@id":"https:\/\/3coty.com\/fr\/#\/schema\/logo\/image\/","url":"https:\/\/3coty.com\/wp-content\/uploads\/2025\/05\/icon-3coty-logo.svg","contentUrl":"https:\/\/3coty.com\/wp-content\/uploads\/2025\/05\/icon-3coty-logo.svg","width":283,"height":283,"caption":"3coty\u00ae"},"image":{"@id":"https:\/\/3coty.com\/fr\/#\/schema\/logo\/image\/"},"sameAs":["https:\/\/www.facebook.com\/3coty","https:\/\/x.com\/3cotyCom","https:\/\/www.instagram.com\/3coty","https:\/\/www.linkedin.com\/company\/3coty","https:\/\/www.youtube.com\/@3coty"]}]},"product_price_amount":"4.00","product_price_currency":"EUR","og_availability":"instock","product_availability":"instock","product_retailer_item_id":"180T 11TU \/ 5901785315646","product_condition":"new"},"_links":{"self":[{"href":"https:\/\/3coty.com\/fr\/wp-json\/wp\/v2\/product\/30408","targetHints":{"allow":["GET"]}}],"collection":[{"href":"https:\/\/3coty.com\/fr\/wp-json\/wp\/v2\/product"}],"about":[{"href":"https:\/\/3coty.com\/fr\/wp-json\/wp\/v2\/types\/product"}],"version-history":[{"count":3,"href":"https:\/\/3coty.com\/fr\/wp-json\/wp\/v2\/product\/30408\/revisions"}],"predecessor-version":[{"id":58217,"href":"https:\/\/3coty.com\/fr\/wp-json\/wp\/v2\/product\/30408\/revisions\/58217"}],"wp:featuredmedia":[{"embeddable":true,"href":"https:\/\/3coty.com\/fr\/wp-json\/wp\/v2\/media\/57940"}],"wp:attachment":[{"href":"https:\/\/3coty.com\/fr\/wp-json\/wp\/v2\/media?parent=30408"}],"wp:term":[{"taxonomy":"product_brand","embeddable":true,"href":"https:\/\/3coty.com\/fr\/wp-json\/wp\/v2\/product_brand?post=30408"},{"taxonomy":"product_cat","embeddable":true,"href":"https:\/\/3coty.com\/fr\/wp-json\/wp\/v2\/product_cat?post=30408"},{"taxonomy":"product_tag","embeddable":true,"href":"https:\/\/3coty.com\/fr\/wp-json\/wp\/v2\/product_tag?post=30408"}],"curies":[{"name":"wp","href":"https:\/\/api.w.org\/{rel}","templated":true}]}}