{"id":30403,"date":"2025-05-23T12:19:28","date_gmt":"2025-05-23T12:19:28","guid":{"rendered":"https:\/\/3coty.com\/p\/08-turkey-080\/"},"modified":"2026-03-17T18:47:06","modified_gmt":"2026-03-17T18:47:06","slug":"08-turkey-080","status":"publish","type":"product","link":"https:\/\/3coty.com\/fr\/p\/08-turkey-080\/","title":{"rendered":"08. DINDE 080"},"content":{"rendered":"<p><a href=\"https:\/\/3coty.com\/wp-content\/uploads\/2025\/07\/3coty-p-08-tab-1.svg\"><img fetchpriority=\"high\" decoding=\"async\" class=\"alignnone size-full wp-image-58452\" role=\"img\" src=\"https:\/\/3coty.com\/wp-content\/uploads\/2025\/07\/3coty-p-08-tab-1.svg\" alt=\"\" width=\"283\" height=\"283\" \/><\/a><\/p>\n<h2>ALIMENTATION POUR CHATS 3COTY\u00ae COMPL\u00c8TE ET NATURELLE<\/h2>\n<p><strong>99,5% D\u2019INGR\u00c9DIENTS DE VIANDE NATURELS et d\u00e9riv\u00e9s animaux cuits dans leur propre bouillon nutritif, 0,5 % DE SPIRULINE<\/strong><\/p>\n<p>La dinde et la spiruline dans cette alimentation humide naturelle pour chats apportent tous les nutriments essentiels \u00e0 une alimentation \u00e9quilibr\u00e9e, r\u00e9unis dans une seule bo\u00eete. La spiruline renforce le syst\u00e8me immunitaire, notamment chez les chats en convalescence, et donne \u00e0 la recette une l\u00e9g\u00e8re teinte verte. La viande de dinde est l\u2019une des meilleures sources de prot\u00e9ines pour un r\u00e9gime d\u2019\u00e9viction, et nos morceaux maigres conviennent \u00e9galement aux chats diab\u00e9tiques.<\/p>\n<p>Enrichie en spiruline, cette recette monoprot\u00e9ique \u00e0 base de dinde offre une texture p\u00e2t\u00e9 id\u00e9ale pour un r\u00e9gime d\u2019\u00e9viction.<\/p>\n","protected":false},"excerpt":{"rendered":"<p><a href=\"https:\/\/3coty.com\/wp-content\/uploads\/2025\/07\/3coty-p-08-description-1.svg\"><img decoding=\"async\" class=\"alignnone size-medium wp-image-58416\" role=\"img\" src=\"https:\/\/3coty.com\/wp-content\/uploads\/2025\/07\/3coty-p-08-description-1.svg\" alt=\"\" width=\"300\" height=\"300\" \/><\/a><\/p>\n<p><strong>POUR CHATS ADULTES<\/strong> | PAT\u00c9 | ALIMENTATION MONOPROT\u00c9IQUE POUR CHATS<br \/>\n<strong>\u00c0 LA SPIRULINE<\/strong><\/p>\n<p><a href=\"https:\/\/3coty.com\/wp-content\/uploads\/2025\/07\/3coty-p-08-description-2.svg\"><img decoding=\"async\" class=\"alignnone size-full wp-image-58434\" role=\"img\" src=\"https:\/\/3coty.com\/wp-content\/uploads\/2025\/07\/3coty-p-08-description-2.svg\" alt=\"\" width=\"506\" height=\"85\" \/><\/a><\/p>\n","protected":false},"featured_media":58494,"template":"","meta":{"_acf_changed":false},"product_brand":[],"product_cat":[352],"product_tag":[850],"class_list":{"0":"post-30403","1":"product","2":"type-product","3":"status-publish","4":"has-post-thumbnail","6":"product_cat-for-adult-cats","7":"product_tag-08tu","9":"first","10":"instock","11":"featured","12":"taxable","13":"shipping-taxable","14":"purchasable","15":"product-type-simple"},"acf":[],"yoast_head":"<!-- This site is optimized with the Yoast SEO Premium plugin v27.4 (Yoast SEO v27.4) - https:\/\/yoast.com\/product\/yoast-seo-premium-wordpress\/ -->\n<title>08. DINDE 080 - 3coty\u00ae<\/title>\n<meta name=\"robots\" content=\"index, follow, max-snippet:-1, max-image-preview:large, max-video-preview:-1\" \/>\n<link rel=\"canonical\" href=\"https:\/\/3coty.com\/fr\/p\/08-turkey-080\/\" \/>\n<meta property=\"og:locale\" content=\"fr_FR\" \/>\n<meta property=\"og:type\" content=\"article\" \/>\n<meta property=\"og:title\" content=\"08. DINDE 080\" \/>\n<meta property=\"og:description\" content=\"POUR CHATS ADULTES | PAT\u00c9 | ALIMENTATION MONOPROT\u00c9IQUE POUR CHATS \u00c0 LA SPIRULINE\" \/>\n<meta property=\"og:url\" content=\"https:\/\/3coty.com\/fr\/p\/08-turkey-080\/\" \/>\n<meta property=\"og:site_name\" content=\"3coty\u00ae\" \/>\n<meta property=\"article:publisher\" content=\"https:\/\/www.facebook.com\/3coty\" \/>\n<meta property=\"article:modified_time\" content=\"2026-03-17T18:47:06+00:00\" \/>\n<meta property=\"og:image\" content=\"https:\/\/3coty.com\/wp-content\/uploads\/2025\/07\/3coty-p-08-080-01.jpg\" \/>\n\t<meta property=\"og:image:width\" content=\"1024\" \/>\n\t<meta property=\"og:image:height\" content=\"1024\" \/>\n\t<meta property=\"og:image:type\" content=\"image\/jpeg\" \/>\n<meta name=\"twitter:card\" content=\"summary_large_image\" \/>\n<meta name=\"twitter:site\" content=\"@3cotyCom\" \/>\n<meta name=\"twitter:label1\" content=\"Prix\" \/>\n\t<meta name=\"twitter:data1\" content=\"\u20ac&nbsp;2.00\" \/>\n\t<meta name=\"twitter:label2\" content=\"Disponibilit\u00e9\" \/>\n\t<meta name=\"twitter:data2\" content=\"En stock\" \/>\n<script type=\"application\/ld+json\" class=\"yoast-schema-graph\">{\"@context\":\"https:\\\/\\\/schema.org\",\"@graph\":[{\"@type\":\"WebPage\",\"@id\":\"https:\\\/\\\/3coty.com\\\/fr\\\/p\\\/08-turkey-080\\\/\",\"url\":\"https:\\\/\\\/3coty.com\\\/fr\\\/p\\\/08-turkey-080\\\/\",\"name\":\"08. DINDE 080 - 3coty\u00ae\",\"isPartOf\":{\"@id\":\"https:\\\/\\\/3coty.com\\\/fr\\\/#website\"},\"primaryImageOfPage\":{\"@id\":\"https:\\\/\\\/3coty.com\\\/fr\\\/p\\\/08-turkey-080\\\/#primaryimage\"},\"image\":{\"@id\":\"https:\\\/\\\/3coty.com\\\/fr\\\/p\\\/08-turkey-080\\\/#primaryimage\"},\"thumbnailUrl\":\"https:\\\/\\\/3coty.com\\\/wp-content\\\/uploads\\\/2025\\\/07\\\/3coty-p-08-080-01.jpg\",\"datePublished\":\"2025-05-23T12:19:28+00:00\",\"dateModified\":\"2026-03-17T18:47:06+00:00\",\"breadcrumb\":{\"@id\":\"https:\\\/\\\/3coty.com\\\/fr\\\/p\\\/08-turkey-080\\\/#breadcrumb\"},\"inLanguage\":\"fr-FR\",\"potentialAction\":[{\"@type\":\"ReadAction\",\"target\":[\"https:\\\/\\\/3coty.com\\\/fr\\\/p\\\/08-turkey-080\\\/\"]}]},{\"@type\":\"ImageObject\",\"inLanguage\":\"fr-FR\",\"@id\":\"https:\\\/\\\/3coty.com\\\/fr\\\/p\\\/08-turkey-080\\\/#primaryimage\",\"url\":\"https:\\\/\\\/3coty.com\\\/wp-content\\\/uploads\\\/2025\\\/07\\\/3coty-p-08-080-01.jpg\",\"contentUrl\":\"https:\\\/\\\/3coty.com\\\/wp-content\\\/uploads\\\/2025\\\/07\\\/3coty-p-08-080-01.jpg\",\"width\":1024,\"height\":1024},{\"@type\":\"BreadcrumbList\",\"@id\":\"https:\\\/\\\/3coty.com\\\/fr\\\/p\\\/08-turkey-080\\\/#breadcrumb\",\"itemListElement\":[{\"@type\":\"ListItem\",\"position\":1,\"name\":\"Home\",\"item\":\"https:\\\/\\\/3coty.com\\\/fr\\\/\"},{\"@type\":\"ListItem\",\"position\":2,\"name\":\"BOUTIQUE\",\"item\":\"https:\\\/\\\/3coty.com\\\/fr\\\/shop\\\/\"},{\"@type\":\"ListItem\",\"position\":3,\"name\":\"08. DINDE 080\"}]},{\"@type\":\"WebSite\",\"@id\":\"https:\\\/\\\/3coty.com\\\/fr\\\/#website\",\"url\":\"https:\\\/\\\/3coty.com\\\/fr\\\/\",\"name\":\"3coty\u00ae\",\"description\":\"Meat-only Cat Food\",\"publisher\":{\"@id\":\"https:\\\/\\\/3coty.com\\\/fr\\\/#organization\"},\"potentialAction\":[{\"@type\":\"SearchAction\",\"target\":{\"@type\":\"EntryPoint\",\"urlTemplate\":\"https:\\\/\\\/3coty.com\\\/fr\\\/?s={search_term_string}\"},\"query-input\":{\"@type\":\"PropertyValueSpecification\",\"valueRequired\":true,\"valueName\":\"search_term_string\"}}],\"inLanguage\":\"fr-FR\"},{\"@type\":\"Organization\",\"@id\":\"https:\\\/\\\/3coty.com\\\/fr\\\/#organization\",\"name\":\"3coty\u00ae\",\"alternateName\":\"3coty\",\"url\":\"https:\\\/\\\/3coty.com\\\/fr\\\/\",\"logo\":{\"@type\":\"ImageObject\",\"inLanguage\":\"fr-FR\",\"@id\":\"https:\\\/\\\/3coty.com\\\/fr\\\/#\\\/schema\\\/logo\\\/image\\\/\",\"url\":\"https:\\\/\\\/3coty.com\\\/wp-content\\\/uploads\\\/2025\\\/05\\\/icon-3coty-logo.svg\",\"contentUrl\":\"https:\\\/\\\/3coty.com\\\/wp-content\\\/uploads\\\/2025\\\/05\\\/icon-3coty-logo.svg\",\"width\":283,\"height\":283,\"caption\":\"3coty\u00ae\"},\"image\":{\"@id\":\"https:\\\/\\\/3coty.com\\\/fr\\\/#\\\/schema\\\/logo\\\/image\\\/\"},\"sameAs\":[\"https:\\\/\\\/www.facebook.com\\\/3coty\",\"https:\\\/\\\/x.com\\\/3cotyCom\",\"https:\\\/\\\/www.instagram.com\\\/3coty\",\"https:\\\/\\\/www.linkedin.com\\\/company\\\/3coty\",\"https:\\\/\\\/www.youtube.com\\\/@3coty\"]}]}<\/script>\n<meta property=\"product:price:amount\" content=\"2.00\" \/>\n<meta property=\"product:price:currency\" content=\"EUR\" \/>\n<meta property=\"og:availability\" content=\"instock\" \/>\n<meta property=\"product:availability\" content=\"instock\" \/>\n<meta property=\"product:retailer_item_id\" content=\"080T 08TU \/ 5901785317336\" \/>\n<meta property=\"product:condition\" content=\"new\" \/>\n<!-- \/ Yoast SEO Premium plugin. -->","yoast_head_json":{"title":"08. DINDE 080 - 3coty\u00ae","robots":{"index":"index","follow":"follow","max-snippet":"max-snippet:-1","max-image-preview":"max-image-preview:large","max-video-preview":"max-video-preview:-1"},"canonical":"https:\/\/3coty.com\/fr\/p\/08-turkey-080\/","og_locale":"fr_FR","og_type":"article","og_title":"08. DINDE 080","og_description":"POUR CHATS ADULTES | PAT\u00c9 | ALIMENTATION MONOPROT\u00c9IQUE POUR CHATS \u00c0 LA SPIRULINE","og_url":"https:\/\/3coty.com\/fr\/p\/08-turkey-080\/","og_site_name":"3coty\u00ae","article_publisher":"https:\/\/www.facebook.com\/3coty","article_modified_time":"2026-03-17T18:47:06+00:00","og_image":[{"width":1024,"height":1024,"url":"https:\/\/3coty.com\/wp-content\/uploads\/2025\/07\/3coty-p-08-080-01.jpg","type":"image\/jpeg"}],"twitter_card":"summary_large_image","twitter_site":"@3cotyCom","twitter_misc":{"Prix":"\u20ac&nbsp;2.00","Disponibilit\u00e9":"En stock"},"schema":{"@context":"https:\/\/schema.org","@graph":[{"@type":"WebPage","@id":"https:\/\/3coty.com\/fr\/p\/08-turkey-080\/","url":"https:\/\/3coty.com\/fr\/p\/08-turkey-080\/","name":"08. DINDE 080 - 3coty\u00ae","isPartOf":{"@id":"https:\/\/3coty.com\/fr\/#website"},"primaryImageOfPage":{"@id":"https:\/\/3coty.com\/fr\/p\/08-turkey-080\/#primaryimage"},"image":{"@id":"https:\/\/3coty.com\/fr\/p\/08-turkey-080\/#primaryimage"},"thumbnailUrl":"https:\/\/3coty.com\/wp-content\/uploads\/2025\/07\/3coty-p-08-080-01.jpg","datePublished":"2025-05-23T12:19:28+00:00","dateModified":"2026-03-17T18:47:06+00:00","breadcrumb":{"@id":"https:\/\/3coty.com\/fr\/p\/08-turkey-080\/#breadcrumb"},"inLanguage":"fr-FR","potentialAction":[{"@type":"ReadAction","target":["https:\/\/3coty.com\/fr\/p\/08-turkey-080\/"]}]},{"@type":"ImageObject","inLanguage":"fr-FR","@id":"https:\/\/3coty.com\/fr\/p\/08-turkey-080\/#primaryimage","url":"https:\/\/3coty.com\/wp-content\/uploads\/2025\/07\/3coty-p-08-080-01.jpg","contentUrl":"https:\/\/3coty.com\/wp-content\/uploads\/2025\/07\/3coty-p-08-080-01.jpg","width":1024,"height":1024},{"@type":"BreadcrumbList","@id":"https:\/\/3coty.com\/fr\/p\/08-turkey-080\/#breadcrumb","itemListElement":[{"@type":"ListItem","position":1,"name":"Home","item":"https:\/\/3coty.com\/fr\/"},{"@type":"ListItem","position":2,"name":"BOUTIQUE","item":"https:\/\/3coty.com\/fr\/shop\/"},{"@type":"ListItem","position":3,"name":"08. DINDE 080"}]},{"@type":"WebSite","@id":"https:\/\/3coty.com\/fr\/#website","url":"https:\/\/3coty.com\/fr\/","name":"3coty\u00ae","description":"Meat-only Cat Food","publisher":{"@id":"https:\/\/3coty.com\/fr\/#organization"},"potentialAction":[{"@type":"SearchAction","target":{"@type":"EntryPoint","urlTemplate":"https:\/\/3coty.com\/fr\/?s={search_term_string}"},"query-input":{"@type":"PropertyValueSpecification","valueRequired":true,"valueName":"search_term_string"}}],"inLanguage":"fr-FR"},{"@type":"Organization","@id":"https:\/\/3coty.com\/fr\/#organization","name":"3coty\u00ae","alternateName":"3coty","url":"https:\/\/3coty.com\/fr\/","logo":{"@type":"ImageObject","inLanguage":"fr-FR","@id":"https:\/\/3coty.com\/fr\/#\/schema\/logo\/image\/","url":"https:\/\/3coty.com\/wp-content\/uploads\/2025\/05\/icon-3coty-logo.svg","contentUrl":"https:\/\/3coty.com\/wp-content\/uploads\/2025\/05\/icon-3coty-logo.svg","width":283,"height":283,"caption":"3coty\u00ae"},"image":{"@id":"https:\/\/3coty.com\/fr\/#\/schema\/logo\/image\/"},"sameAs":["https:\/\/www.facebook.com\/3coty","https:\/\/x.com\/3cotyCom","https:\/\/www.instagram.com\/3coty","https:\/\/www.linkedin.com\/company\/3coty","https:\/\/www.youtube.com\/@3coty"]}]},"product_price_amount":"2.00","product_price_currency":"EUR","og_availability":"instock","product_availability":"instock","product_retailer_item_id":"080T 08TU \/ 5901785317336","product_condition":"new"},"_links":{"self":[{"href":"https:\/\/3coty.com\/fr\/wp-json\/wp\/v2\/product\/30403","targetHints":{"allow":["GET"]}}],"collection":[{"href":"https:\/\/3coty.com\/fr\/wp-json\/wp\/v2\/product"}],"about":[{"href":"https:\/\/3coty.com\/fr\/wp-json\/wp\/v2\/types\/product"}],"version-history":[{"count":3,"href":"https:\/\/3coty.com\/fr\/wp-json\/wp\/v2\/product\/30403\/revisions"}],"predecessor-version":[{"id":58859,"href":"https:\/\/3coty.com\/fr\/wp-json\/wp\/v2\/product\/30403\/revisions\/58859"}],"wp:featuredmedia":[{"embeddable":true,"href":"https:\/\/3coty.com\/fr\/wp-json\/wp\/v2\/media\/58494"}],"wp:attachment":[{"href":"https:\/\/3coty.com\/fr\/wp-json\/wp\/v2\/media?parent=30403"}],"wp:term":[{"taxonomy":"product_brand","embeddable":true,"href":"https:\/\/3coty.com\/fr\/wp-json\/wp\/v2\/product_brand?post=30403"},{"taxonomy":"product_cat","embeddable":true,"href":"https:\/\/3coty.com\/fr\/wp-json\/wp\/v2\/product_cat?post=30403"},{"taxonomy":"product_tag","embeddable":true,"href":"https:\/\/3coty.com\/fr\/wp-json\/wp\/v2\/product_tag?post=30403"}],"curies":[{"name":"wp","href":"https:\/\/api.w.org\/{rel}","templated":true}]}}