{"id":30395,"date":"2025-05-23T11:10:43","date_gmt":"2025-05-23T11:10:43","guid":{"rendered":"https:\/\/3coty.com\/p\/06-goose-080\/"},"modified":"2026-03-17T18:45:12","modified_gmt":"2026-03-17T18:45:12","slug":"06-goose-080","status":"publish","type":"product","link":"https:\/\/3coty.com\/fr\/p\/06-goose-080\/","title":{"rendered":"06. OIE 080"},"content":{"rendered":"<p><a href=\"https:\/\/3coty.com\/wp-content\/uploads\/2025\/07\/3coty-p-06-tab-1.svg\"><img fetchpriority=\"high\" decoding=\"async\" class=\"alignnone size-full wp-image-59919\" role=\"img\" src=\"https:\/\/3coty.com\/wp-content\/uploads\/2025\/07\/3coty-p-06-tab-1.svg\" alt=\"\" width=\"283\" height=\"283\" \/><\/a><\/p>\n<h2>ALIMENTATION POUR CHATS 3COTY\u00ae COMPL\u00c8TE ET NATURELLE<\/h2>\n<p><strong>INGR\u00c9DIENTS DE VIANDE 100 % NATURELS et d\u00e9riv\u00e9s animaux cuits dans leur propre bouillon nutritif<\/strong><\/p>\n<p>Formul\u00e9e \u00e0 partir de la viande la plus fonc\u00e9e de notre gamme, cette vari\u00e9t\u00e9 100% oie est un aliment monoprot\u00e9ique adapt\u00e9 aux r\u00e9gimes d\u2019\u00e9viction, tout en aidant \u00e0 contr\u00f4ler le poids du chat. Faible en mati\u00e8res grasses et riche en nutriments, elle convient \u00e0 tous les chats adultes et repr\u00e9sente un excellent choix pour les chats st\u00e9rilis\u00e9s. Il s\u2019agit d\u2019un aliment humide naturel, complet et \u00e9quilibr\u00e9, dont la disponibilit\u00e9 peut varier selon la saisonnalit\u00e9 de l\u2019oie.<\/p>\n<p>L\u2019oie est notre viande la plus maigre. Tr\u00e8s nutritive, elle convient parfaitement aux chats st\u00e9rilis\u00e9s et \u00e0 ceux ayant besoin d\u2019un meilleur contr\u00f4le du poids.<\/p>\n","protected":false},"excerpt":{"rendered":"<p><a href=\"https:\/\/3coty.com\/wp-content\/uploads\/2025\/07\/3coty-p-06-description-1.svg\"><img decoding=\"async\" class=\"alignnone wp-image-59883\" role=\"img\" src=\"https:\/\/3coty.com\/wp-content\/uploads\/2025\/07\/3coty-p-06-description-1.svg\" alt=\"\" width=\"350\" \/><\/a><\/p>\n<p><strong>POUR CHATS ST\u00c9RILIS\u00c9S ET ADULTES<\/strong>\u00a0| PAT\u00c9 | ALIMENTATION MONOPROT\u00c9IQUE POUR CHATS<\/p>\n<p><a href=\"https:\/\/3coty.com\/wp-content\/uploads\/2025\/07\/3coty-p-06-description-2.svg\"><img decoding=\"async\" class=\"alignnone size-full wp-image-59901\" role=\"img\" src=\"https:\/\/3coty.com\/wp-content\/uploads\/2025\/07\/3coty-p-06-description-2.svg\" alt=\"\" width=\"506\" height=\"85\" \/><\/a><\/p>\n","protected":false},"featured_media":59961,"template":"","meta":{"_acf_changed":false},"product_brand":[1952],"product_cat":[352,368],"product_tag":[832],"class_list":{"0":"post-30395","1":"product","2":"type-product","3":"status-publish","4":"has-post-thumbnail","6":"product_brand-3coty","7":"product_cat-for-adult-cats","8":"product_cat-for-sterilised-cats","9":"product_tag-06go","11":"first","12":"instock","13":"featured","14":"taxable","15":"shipping-taxable","16":"purchasable","17":"product-type-simple"},"acf":[],"yoast_head":"<!-- This site is optimized with the Yoast SEO Premium plugin v27.4 (Yoast SEO v27.4) - https:\/\/yoast.com\/product\/yoast-seo-premium-wordpress\/ -->\n<title>06. OIE 080 (80g) | pour Chats adultes | 3coty\u00ae Alimentation Naturelle pour Chats 100% Viande<\/title>\n<meta name=\"description\" content=\"Cette alimentation humide monoprot\u00e9ique 100% oie est \u00e9labor\u00e9e \u00e0 partir de viande fonc\u00e9e naturellement faible en mati\u00e8res grasses et riche en nutriments. Elle convient \u00e0 tous les chats adultes et est id\u00e9ale pour les chats st\u00e9rilis\u00e9s et les r\u00e9gimes d\u2019\u00e9viction tout en aidant \u00e0 g\u00e9rer le poids. Une nourriture naturelle compl\u00e8te et \u00e9quilibr\u00e9e 3coty\u00ae \u00e0 base de viande uniquement.\" \/>\n<meta name=\"robots\" content=\"index, follow, max-snippet:-1, max-image-preview:large, max-video-preview:-1\" \/>\n<link rel=\"canonical\" href=\"https:\/\/3coty.com\/fr\/p\/06-goose-080\/\" \/>\n<meta property=\"og:locale\" content=\"fr_FR\" \/>\n<meta property=\"og:type\" content=\"article\" \/>\n<meta property=\"og:title\" content=\"06. OIE 080 (80g) | pour Chats adultes | 3coty\u00ae Alimentation Naturelle pour Chats 100% Viande\" \/>\n<meta property=\"og:description\" content=\"Cette alimentation humide monoprot\u00e9ique 100% oie est \u00e9labor\u00e9e \u00e0 partir de viande fonc\u00e9e naturellement faible en mati\u00e8res grasses et riche en nutriments. Elle convient \u00e0 tous les chats adultes et est id\u00e9ale pour les chats st\u00e9rilis\u00e9s et les r\u00e9gimes d\u2019\u00e9viction tout en aidant \u00e0 g\u00e9rer le poids. Une nourriture naturelle compl\u00e8te et \u00e9quilibr\u00e9e 3coty\u00ae \u00e0 base de viande uniquement.\" \/>\n<meta property=\"og:url\" content=\"https:\/\/3coty.com\/fr\/p\/06-goose-080\/\" \/>\n<meta property=\"og:site_name\" content=\"3coty\u00ae\" \/>\n<meta property=\"article:publisher\" content=\"https:\/\/www.facebook.com\/3coty\" \/>\n<meta property=\"article:modified_time\" content=\"2026-03-17T18:45:12+00:00\" \/>\n<meta property=\"og:image\" content=\"https:\/\/3coty.com\/wp-content\/uploads\/2025\/12\/3coty-06-goose-080-meat-only-cat-food.jpg\" \/>\n\t<meta property=\"og:image:width\" content=\"1200\" \/>\n\t<meta property=\"og:image:height\" content=\"630\" \/>\n\t<meta property=\"og:image:type\" content=\"image\/jpeg\" \/>\n<meta name=\"twitter:card\" content=\"summary_large_image\" \/>\n<meta name=\"twitter:title\" content=\"06. OIE 080 (80g) | pour Chats adultes | 3coty\u00ae Alimentation Naturelle pour Chats 100% Viande\" \/>\n<meta name=\"twitter:description\" content=\"Cette alimentation humide monoprot\u00e9ique 100% oie est \u00e9labor\u00e9e \u00e0 partir de viande fonc\u00e9e naturellement faible en mati\u00e8res grasses et riche en nutriments. Elle convient \u00e0 tous les chats adultes et est id\u00e9ale pour les chats st\u00e9rilis\u00e9s et les r\u00e9gimes d\u2019\u00e9viction tout en aidant \u00e0 g\u00e9rer le poids. Une nourriture naturelle compl\u00e8te et \u00e9quilibr\u00e9e 3coty\u00ae \u00e0 base de viande uniquement.\" \/>\n<meta name=\"twitter:image\" content=\"https:\/\/3coty.com\/wp-content\/uploads\/2025\/12\/3coty-06-goose-080-meat-only-cat-food.jpg\" \/>\n<meta name=\"twitter:site\" content=\"@3cotyCom\" \/>\n<meta name=\"twitter:label1\" content=\"Prix\" \/>\n\t<meta name=\"twitter:data1\" content=\"\u20ac&nbsp;3.00\" \/>\n\t<meta name=\"twitter:label2\" content=\"Disponibilit\u00e9\" \/>\n\t<meta name=\"twitter:data2\" content=\"En stock\" \/>\n<script type=\"application\/ld+json\" class=\"yoast-schema-graph\">{\"@context\":\"https:\\\/\\\/schema.org\",\"@graph\":[{\"@type\":\"WebPage\",\"@id\":\"https:\\\/\\\/3coty.com\\\/fr\\\/p\\\/06-goose-080\\\/\",\"url\":\"https:\\\/\\\/3coty.com\\\/fr\\\/p\\\/06-goose-080\\\/\",\"name\":\"06. OIE 080 (80g) | pour Chats adultes | 3coty\u00ae Alimentation Naturelle pour Chats 100% Viande\",\"isPartOf\":{\"@id\":\"https:\\\/\\\/3coty.com\\\/fr\\\/#website\"},\"primaryImageOfPage\":{\"@id\":\"https:\\\/\\\/3coty.com\\\/fr\\\/p\\\/06-goose-080\\\/#primaryimage\"},\"image\":{\"@id\":\"https:\\\/\\\/3coty.com\\\/fr\\\/p\\\/06-goose-080\\\/#primaryimage\"},\"thumbnailUrl\":\"https:\\\/\\\/3coty.com\\\/wp-content\\\/uploads\\\/2025\\\/07\\\/3coty-p-06-080-01.jpg\",\"datePublished\":\"2025-05-23T11:10:43+00:00\",\"dateModified\":\"2026-03-17T18:45:12+00:00\",\"description\":\"Cette alimentation humide monoprot\u00e9ique 100% oie est \u00e9labor\u00e9e \u00e0 partir de viande fonc\u00e9e naturellement faible en mati\u00e8res grasses et riche en nutriments. Elle convient \u00e0 tous les chats adultes et est id\u00e9ale pour les chats st\u00e9rilis\u00e9s et les r\u00e9gimes d\u2019\u00e9viction tout en aidant \u00e0 g\u00e9rer le poids. Une nourriture naturelle compl\u00e8te et \u00e9quilibr\u00e9e 3coty\u00ae \u00e0 base de viande uniquement.\",\"breadcrumb\":{\"@id\":\"https:\\\/\\\/3coty.com\\\/fr\\\/p\\\/06-goose-080\\\/#breadcrumb\"},\"inLanguage\":\"fr-FR\",\"potentialAction\":[{\"@type\":\"ReadAction\",\"target\":[\"https:\\\/\\\/3coty.com\\\/fr\\\/p\\\/06-goose-080\\\/\"]}]},{\"@type\":\"ImageObject\",\"inLanguage\":\"fr-FR\",\"@id\":\"https:\\\/\\\/3coty.com\\\/fr\\\/p\\\/06-goose-080\\\/#primaryimage\",\"url\":\"https:\\\/\\\/3coty.com\\\/wp-content\\\/uploads\\\/2025\\\/07\\\/3coty-p-06-080-01.jpg\",\"contentUrl\":\"https:\\\/\\\/3coty.com\\\/wp-content\\\/uploads\\\/2025\\\/07\\\/3coty-p-06-080-01.jpg\",\"width\":1024,\"height\":1024},{\"@type\":\"BreadcrumbList\",\"@id\":\"https:\\\/\\\/3coty.com\\\/fr\\\/p\\\/06-goose-080\\\/#breadcrumb\",\"itemListElement\":[{\"@type\":\"ListItem\",\"position\":1,\"name\":\"Home\",\"item\":\"https:\\\/\\\/3coty.com\\\/fr\\\/\"},{\"@type\":\"ListItem\",\"position\":2,\"name\":\"BOUTIQUE\",\"item\":\"https:\\\/\\\/3coty.com\\\/fr\\\/shop\\\/\"},{\"@type\":\"ListItem\",\"position\":3,\"name\":\"06. OIE 080\"}]},{\"@type\":\"WebSite\",\"@id\":\"https:\\\/\\\/3coty.com\\\/fr\\\/#website\",\"url\":\"https:\\\/\\\/3coty.com\\\/fr\\\/\",\"name\":\"3coty\u00ae\",\"description\":\"Meat-only Cat Food\",\"publisher\":{\"@id\":\"https:\\\/\\\/3coty.com\\\/fr\\\/#organization\"},\"potentialAction\":[{\"@type\":\"SearchAction\",\"target\":{\"@type\":\"EntryPoint\",\"urlTemplate\":\"https:\\\/\\\/3coty.com\\\/fr\\\/?s={search_term_string}\"},\"query-input\":{\"@type\":\"PropertyValueSpecification\",\"valueRequired\":true,\"valueName\":\"search_term_string\"}}],\"inLanguage\":\"fr-FR\"},{\"@type\":\"Organization\",\"@id\":\"https:\\\/\\\/3coty.com\\\/fr\\\/#organization\",\"name\":\"3coty\u00ae\",\"alternateName\":\"3coty\",\"url\":\"https:\\\/\\\/3coty.com\\\/fr\\\/\",\"logo\":{\"@type\":\"ImageObject\",\"inLanguage\":\"fr-FR\",\"@id\":\"https:\\\/\\\/3coty.com\\\/fr\\\/#\\\/schema\\\/logo\\\/image\\\/\",\"url\":\"https:\\\/\\\/3coty.com\\\/wp-content\\\/uploads\\\/2025\\\/05\\\/icon-3coty-logo.svg\",\"contentUrl\":\"https:\\\/\\\/3coty.com\\\/wp-content\\\/uploads\\\/2025\\\/05\\\/icon-3coty-logo.svg\",\"width\":283,\"height\":283,\"caption\":\"3coty\u00ae\"},\"image\":{\"@id\":\"https:\\\/\\\/3coty.com\\\/fr\\\/#\\\/schema\\\/logo\\\/image\\\/\"},\"sameAs\":[\"https:\\\/\\\/www.facebook.com\\\/3coty\",\"https:\\\/\\\/x.com\\\/3cotyCom\",\"https:\\\/\\\/www.instagram.com\\\/3coty\",\"https:\\\/\\\/www.linkedin.com\\\/company\\\/3coty\",\"https:\\\/\\\/www.youtube.com\\\/@3coty\"]}]}<\/script>\n<meta property=\"product:price:amount\" content=\"3.00\" \/>\n<meta property=\"product:price:currency\" content=\"EUR\" \/>\n<meta property=\"og:availability\" content=\"instock\" \/>\n<meta property=\"product:availability\" content=\"instock\" \/>\n<meta property=\"product:retailer_item_id\" content=\"080T 06GO \/ 5901785317237\" \/>\n<meta property=\"product:condition\" content=\"new\" \/>\n<!-- \/ Yoast SEO Premium plugin. -->","yoast_head_json":{"title":"06. OIE 080 (80g) | pour Chats adultes | 3coty\u00ae Alimentation Naturelle pour Chats 100% Viande","description":"Cette alimentation humide monoprot\u00e9ique 100% oie est \u00e9labor\u00e9e \u00e0 partir de viande fonc\u00e9e naturellement faible en mati\u00e8res grasses et riche en nutriments. Elle convient \u00e0 tous les chats adultes et est id\u00e9ale pour les chats st\u00e9rilis\u00e9s et les r\u00e9gimes d\u2019\u00e9viction tout en aidant \u00e0 g\u00e9rer le poids. Une nourriture naturelle compl\u00e8te et \u00e9quilibr\u00e9e 3coty\u00ae \u00e0 base de viande uniquement.","robots":{"index":"index","follow":"follow","max-snippet":"max-snippet:-1","max-image-preview":"max-image-preview:large","max-video-preview":"max-video-preview:-1"},"canonical":"https:\/\/3coty.com\/fr\/p\/06-goose-080\/","og_locale":"fr_FR","og_type":"article","og_title":"06. OIE 080 (80g) | pour Chats adultes | 3coty\u00ae Alimentation Naturelle pour Chats 100% Viande","og_description":"Cette alimentation humide monoprot\u00e9ique 100% oie est \u00e9labor\u00e9e \u00e0 partir de viande fonc\u00e9e naturellement faible en mati\u00e8res grasses et riche en nutriments. Elle convient \u00e0 tous les chats adultes et est id\u00e9ale pour les chats st\u00e9rilis\u00e9s et les r\u00e9gimes d\u2019\u00e9viction tout en aidant \u00e0 g\u00e9rer le poids. Une nourriture naturelle compl\u00e8te et \u00e9quilibr\u00e9e 3coty\u00ae \u00e0 base de viande uniquement.","og_url":"https:\/\/3coty.com\/fr\/p\/06-goose-080\/","og_site_name":"3coty\u00ae","article_publisher":"https:\/\/www.facebook.com\/3coty","article_modified_time":"2026-03-17T18:45:12+00:00","og_image":[{"width":1200,"height":630,"url":"https:\/\/3coty.com\/wp-content\/uploads\/2025\/12\/3coty-06-goose-080-meat-only-cat-food.jpg","type":"image\/jpeg"}],"twitter_card":"summary_large_image","twitter_title":"06. OIE 080 (80g) | pour Chats adultes | 3coty\u00ae Alimentation Naturelle pour Chats 100% Viande","twitter_description":"Cette alimentation humide monoprot\u00e9ique 100% oie est \u00e9labor\u00e9e \u00e0 partir de viande fonc\u00e9e naturellement faible en mati\u00e8res grasses et riche en nutriments. Elle convient \u00e0 tous les chats adultes et est id\u00e9ale pour les chats st\u00e9rilis\u00e9s et les r\u00e9gimes d\u2019\u00e9viction tout en aidant \u00e0 g\u00e9rer le poids. Une nourriture naturelle compl\u00e8te et \u00e9quilibr\u00e9e 3coty\u00ae \u00e0 base de viande uniquement.","twitter_image":"https:\/\/3coty.com\/wp-content\/uploads\/2025\/12\/3coty-06-goose-080-meat-only-cat-food.jpg","twitter_site":"@3cotyCom","twitter_misc":{"Prix":"\u20ac&nbsp;3.00","Disponibilit\u00e9":"En stock"},"schema":{"@context":"https:\/\/schema.org","@graph":[{"@type":"WebPage","@id":"https:\/\/3coty.com\/fr\/p\/06-goose-080\/","url":"https:\/\/3coty.com\/fr\/p\/06-goose-080\/","name":"06. OIE 080 (80g) | pour Chats adultes | 3coty\u00ae Alimentation Naturelle pour Chats 100% Viande","isPartOf":{"@id":"https:\/\/3coty.com\/fr\/#website"},"primaryImageOfPage":{"@id":"https:\/\/3coty.com\/fr\/p\/06-goose-080\/#primaryimage"},"image":{"@id":"https:\/\/3coty.com\/fr\/p\/06-goose-080\/#primaryimage"},"thumbnailUrl":"https:\/\/3coty.com\/wp-content\/uploads\/2025\/07\/3coty-p-06-080-01.jpg","datePublished":"2025-05-23T11:10:43+00:00","dateModified":"2026-03-17T18:45:12+00:00","description":"Cette alimentation humide monoprot\u00e9ique 100% oie est \u00e9labor\u00e9e \u00e0 partir de viande fonc\u00e9e naturellement faible en mati\u00e8res grasses et riche en nutriments. Elle convient \u00e0 tous les chats adultes et est id\u00e9ale pour les chats st\u00e9rilis\u00e9s et les r\u00e9gimes d\u2019\u00e9viction tout en aidant \u00e0 g\u00e9rer le poids. Une nourriture naturelle compl\u00e8te et \u00e9quilibr\u00e9e 3coty\u00ae \u00e0 base de viande uniquement.","breadcrumb":{"@id":"https:\/\/3coty.com\/fr\/p\/06-goose-080\/#breadcrumb"},"inLanguage":"fr-FR","potentialAction":[{"@type":"ReadAction","target":["https:\/\/3coty.com\/fr\/p\/06-goose-080\/"]}]},{"@type":"ImageObject","inLanguage":"fr-FR","@id":"https:\/\/3coty.com\/fr\/p\/06-goose-080\/#primaryimage","url":"https:\/\/3coty.com\/wp-content\/uploads\/2025\/07\/3coty-p-06-080-01.jpg","contentUrl":"https:\/\/3coty.com\/wp-content\/uploads\/2025\/07\/3coty-p-06-080-01.jpg","width":1024,"height":1024},{"@type":"BreadcrumbList","@id":"https:\/\/3coty.com\/fr\/p\/06-goose-080\/#breadcrumb","itemListElement":[{"@type":"ListItem","position":1,"name":"Home","item":"https:\/\/3coty.com\/fr\/"},{"@type":"ListItem","position":2,"name":"BOUTIQUE","item":"https:\/\/3coty.com\/fr\/shop\/"},{"@type":"ListItem","position":3,"name":"06. OIE 080"}]},{"@type":"WebSite","@id":"https:\/\/3coty.com\/fr\/#website","url":"https:\/\/3coty.com\/fr\/","name":"3coty\u00ae","description":"Meat-only Cat Food","publisher":{"@id":"https:\/\/3coty.com\/fr\/#organization"},"potentialAction":[{"@type":"SearchAction","target":{"@type":"EntryPoint","urlTemplate":"https:\/\/3coty.com\/fr\/?s={search_term_string}"},"query-input":{"@type":"PropertyValueSpecification","valueRequired":true,"valueName":"search_term_string"}}],"inLanguage":"fr-FR"},{"@type":"Organization","@id":"https:\/\/3coty.com\/fr\/#organization","name":"3coty\u00ae","alternateName":"3coty","url":"https:\/\/3coty.com\/fr\/","logo":{"@type":"ImageObject","inLanguage":"fr-FR","@id":"https:\/\/3coty.com\/fr\/#\/schema\/logo\/image\/","url":"https:\/\/3coty.com\/wp-content\/uploads\/2025\/05\/icon-3coty-logo.svg","contentUrl":"https:\/\/3coty.com\/wp-content\/uploads\/2025\/05\/icon-3coty-logo.svg","width":283,"height":283,"caption":"3coty\u00ae"},"image":{"@id":"https:\/\/3coty.com\/fr\/#\/schema\/logo\/image\/"},"sameAs":["https:\/\/www.facebook.com\/3coty","https:\/\/x.com\/3cotyCom","https:\/\/www.instagram.com\/3coty","https:\/\/www.linkedin.com\/company\/3coty","https:\/\/www.youtube.com\/@3coty"]}]},"product_price_amount":"3.00","product_price_currency":"EUR","og_availability":"instock","product_availability":"instock","product_retailer_item_id":"080T 06GO \/ 5901785317237","product_condition":"new"},"_links":{"self":[{"href":"https:\/\/3coty.com\/fr\/wp-json\/wp\/v2\/product\/30395","targetHints":{"allow":["GET"]}}],"collection":[{"href":"https:\/\/3coty.com\/fr\/wp-json\/wp\/v2\/product"}],"about":[{"href":"https:\/\/3coty.com\/fr\/wp-json\/wp\/v2\/types\/product"}],"version-history":[{"count":4,"href":"https:\/\/3coty.com\/fr\/wp-json\/wp\/v2\/product\/30395\/revisions"}],"predecessor-version":[{"id":81012,"href":"https:\/\/3coty.com\/fr\/wp-json\/wp\/v2\/product\/30395\/revisions\/81012"}],"wp:featuredmedia":[{"embeddable":true,"href":"https:\/\/3coty.com\/fr\/wp-json\/wp\/v2\/media\/59961"}],"wp:attachment":[{"href":"https:\/\/3coty.com\/fr\/wp-json\/wp\/v2\/media?parent=30395"}],"wp:term":[{"taxonomy":"product_brand","embeddable":true,"href":"https:\/\/3coty.com\/fr\/wp-json\/wp\/v2\/product_brand?post=30395"},{"taxonomy":"product_cat","embeddable":true,"href":"https:\/\/3coty.com\/fr\/wp-json\/wp\/v2\/product_cat?post=30395"},{"taxonomy":"product_tag","embeddable":true,"href":"https:\/\/3coty.com\/fr\/wp-json\/wp\/v2\/product_tag?post=30395"}],"curies":[{"name":"wp","href":"https:\/\/api.w.org\/{rel}","templated":true}]}}