{"id":30394,"date":"2025-05-23T10:55:55","date_gmt":"2025-05-23T10:55:55","guid":{"rendered":"https:\/\/3coty.com\/p\/05-duck-780\/"},"modified":"2026-03-17T18:44:52","modified_gmt":"2026-03-17T18:44:52","slug":"05-duck-780","status":"publish","type":"product","link":"https:\/\/3coty.com\/fr\/p\/05-duck-780\/","title":{"rendered":"05. CANARD 780"},"content":{"rendered":"<p><a href=\"https:\/\/3coty.com\/wp-content\/uploads\/2025\/07\/3coty-p-05-tab-1.svg\"><img fetchpriority=\"high\" decoding=\"async\" class=\"alignnone size-full wp-image-60722\" role=\"img\" src=\"https:\/\/3coty.com\/wp-content\/uploads\/2025\/07\/3coty-p-05-tab-1.svg\" alt=\"\" width=\"283\" height=\"283\" \/><\/a><\/p>\n<h2>ALIMENTATION POUR CHATS 3COTY\u00ae COMPL\u00c8TE ET NATURELLE<\/h2>\n<p><strong>INGR\u00c9DIENTS DE VIANDE 100 % NATURELS et d\u00e9riv\u00e9s animaux cuits dans leur propre bouillon nutritif<\/strong><\/p>\n<p>Trouver une bonne source de prot\u00e9ine pour un r\u00e9gime d\u2019\u00e9viction peut \u00eatre un vrai d\u00e9fi. Cette vari\u00e9t\u00e9 100 % canard, \u00e0 base de viande brune, est une alimentation \u00e0 ingr\u00e9dients limit\u00e9s que les chats adultes appr\u00e9cient particuli\u00e8rement, selon notre exp\u00e9rience. Lors de la transition vers une alimentation exclusivement carn\u00e9e, ce repas naturel, complet et \u00e9quilibr\u00e9, pr\u00e9par\u00e9 dans son propre bouillon, est g\u00e9n\u00e9ralement bien accept\u00e9.<\/p>\n<p>Viande brune de canard nourrissante, cuite dans son propre bouillon. Aliment monoprot\u00e9ique id\u00e9al pour un r\u00e9gime d\u2019\u00e9viction.<\/p>\n","protected":false},"excerpt":{"rendered":"<p><a href=\"https:\/\/3coty.com\/wp-content\/uploads\/2025\/07\/3coty-p-05-description-1.svg\"><img decoding=\"async\" class=\"alignnone size-medium wp-image-60686\" role=\"img\" src=\"https:\/\/3coty.com\/wp-content\/uploads\/2025\/07\/3coty-p-05-description-1.svg\" alt=\"\" width=\"300\" height=\"300\" \/><\/a><\/p>\n<p><strong>POUR CHATS ADULTES<\/strong> | PAT\u00c9 | ALIMENTATION MONOPROT\u00c9IQUE POUR CHATS<\/p>\n<p><a href=\"https:\/\/3coty.com\/wp-content\/uploads\/2025\/07\/3coty-p-05-description-4.svg\"><img decoding=\"async\" class=\"alignnone size-full wp-image-60704\" role=\"img\" src=\"https:\/\/3coty.com\/wp-content\/uploads\/2025\/07\/3coty-p-05-description-4.svg\" alt=\"\" width=\"506\" height=\"85\" \/><\/a><\/p>\n","protected":false},"featured_media":61034,"template":"","meta":{"_acf_changed":false},"product_brand":[1952],"product_cat":[352],"product_tag":[812],"class_list":{"0":"post-30394","1":"product","2":"type-product","3":"status-publish","4":"has-post-thumbnail","6":"product_brand-3coty","7":"product_cat-for-adult-cats","8":"product_tag-05du","10":"first","11":"instock","12":"featured","13":"taxable","14":"shipping-taxable","15":"purchasable","16":"product-type-simple"},"acf":[],"yoast_head":"<!-- This site is optimized with the Yoast SEO Premium plugin v27.4 (Yoast SEO v27.4) - https:\/\/yoast.com\/product\/yoast-seo-premium-wordpress\/ -->\n<title>05. CANARD 780 (780g) | pour Chats adultes | 3coty\u00ae Alimentation Naturelle pour Chats 100% Viande<\/title>\n<meta name=\"description\" content=\"Nourriture humide pour chats 100 % canard, viande noire monoprot\u00e9ique cuite dans son propre bouillon. Cette recette \u00e0 ingr\u00e9dients limit\u00e9s pour chats adultes est id\u00e9ale pour un r\u00e9gime d\u2019\u00e9limination.\" \/>\n<meta name=\"robots\" content=\"index, follow, max-snippet:-1, max-image-preview:large, max-video-preview:-1\" \/>\n<link rel=\"canonical\" href=\"https:\/\/3coty.com\/fr\/p\/05-duck-780\/\" \/>\n<meta property=\"og:locale\" content=\"fr_FR\" \/>\n<meta property=\"og:type\" content=\"article\" \/>\n<meta property=\"og:title\" content=\"05. CANARD 780 (780g) | pour Chats adultes | 3coty\u00ae Alimentation Naturelle pour Chats 100% Viande\" \/>\n<meta property=\"og:description\" content=\"Nourriture humide pour chats 100 % canard, viande noire monoprot\u00e9ique cuite dans son propre bouillon. Cette recette \u00e0 ingr\u00e9dients limit\u00e9s pour chats adultes est id\u00e9ale pour un r\u00e9gime d\u2019\u00e9limination.\" \/>\n<meta property=\"og:url\" content=\"https:\/\/3coty.com\/fr\/p\/05-duck-780\/\" \/>\n<meta property=\"og:site_name\" content=\"3coty\u00ae\" \/>\n<meta property=\"article:publisher\" content=\"https:\/\/www.facebook.com\/3coty\" \/>\n<meta property=\"article:modified_time\" content=\"2026-03-17T18:44:52+00:00\" \/>\n<meta property=\"og:image\" content=\"https:\/\/3coty.com\/wp-content\/uploads\/2025\/10\/3coty-05-duck-780-meat-only-cat-food.jpg\" \/>\n\t<meta property=\"og:image:width\" content=\"1200\" \/>\n\t<meta property=\"og:image:height\" content=\"630\" \/>\n\t<meta property=\"og:image:type\" content=\"image\/jpeg\" \/>\n<meta name=\"twitter:card\" content=\"summary_large_image\" \/>\n<meta name=\"twitter:title\" content=\"05. CANARD 780 (780g) | pour Chats adultes | 3coty\u00ae Alimentation Naturelle pour Chats 100% Viande\" \/>\n<meta name=\"twitter:description\" content=\"Nourriture humide pour chats 100 % canard, viande noire monoprot\u00e9ique cuite dans son propre bouillon. Cette recette \u00e0 ingr\u00e9dients limit\u00e9s pour chats adultes est id\u00e9ale pour un r\u00e9gime d\u2019\u00e9limination.\" \/>\n<meta name=\"twitter:image\" content=\"https:\/\/3coty.com\/wp-content\/uploads\/2025\/10\/3coty-05-duck-780-meat-only-cat-food.jpg\" \/>\n<meta name=\"twitter:site\" content=\"@3cotyCom\" \/>\n<meta name=\"twitter:label1\" content=\"Prix\" \/>\n\t<meta name=\"twitter:data1\" content=\"\u20ac&nbsp;10.35\" \/>\n\t<meta name=\"twitter:label2\" content=\"Disponibilit\u00e9\" \/>\n\t<meta name=\"twitter:data2\" content=\"En stock\" \/>\n<script type=\"application\/ld+json\" class=\"yoast-schema-graph\">{\"@context\":\"https:\\\/\\\/schema.org\",\"@graph\":[{\"@type\":\"WebPage\",\"@id\":\"https:\\\/\\\/3coty.com\\\/fr\\\/p\\\/05-duck-780\\\/\",\"url\":\"https:\\\/\\\/3coty.com\\\/fr\\\/p\\\/05-duck-780\\\/\",\"name\":\"05. CANARD 780 (780g) | pour Chats adultes | 3coty\u00ae Alimentation Naturelle pour Chats 100% Viande\",\"isPartOf\":{\"@id\":\"https:\\\/\\\/3coty.com\\\/fr\\\/#website\"},\"primaryImageOfPage\":{\"@id\":\"https:\\\/\\\/3coty.com\\\/fr\\\/p\\\/05-duck-780\\\/#primaryimage\"},\"image\":{\"@id\":\"https:\\\/\\\/3coty.com\\\/fr\\\/p\\\/05-duck-780\\\/#primaryimage\"},\"thumbnailUrl\":\"https:\\\/\\\/3coty.com\\\/wp-content\\\/uploads\\\/2025\\\/07\\\/3coty-p-05-780-01.jpg\",\"datePublished\":\"2025-05-23T10:55:55+00:00\",\"dateModified\":\"2026-03-17T18:44:52+00:00\",\"description\":\"Nourriture humide pour chats 100 % canard, viande noire monoprot\u00e9ique cuite dans son propre bouillon. Cette recette \u00e0 ingr\u00e9dients limit\u00e9s pour chats adultes est id\u00e9ale pour un r\u00e9gime d\u2019\u00e9limination.\",\"breadcrumb\":{\"@id\":\"https:\\\/\\\/3coty.com\\\/fr\\\/p\\\/05-duck-780\\\/#breadcrumb\"},\"inLanguage\":\"fr-FR\",\"potentialAction\":[{\"@type\":\"ReadAction\",\"target\":[\"https:\\\/\\\/3coty.com\\\/fr\\\/p\\\/05-duck-780\\\/\"]}]},{\"@type\":\"ImageObject\",\"inLanguage\":\"fr-FR\",\"@id\":\"https:\\\/\\\/3coty.com\\\/fr\\\/p\\\/05-duck-780\\\/#primaryimage\",\"url\":\"https:\\\/\\\/3coty.com\\\/wp-content\\\/uploads\\\/2025\\\/07\\\/3coty-p-05-780-01.jpg\",\"contentUrl\":\"https:\\\/\\\/3coty.com\\\/wp-content\\\/uploads\\\/2025\\\/07\\\/3coty-p-05-780-01.jpg\",\"width\":1024,\"height\":1024},{\"@type\":\"BreadcrumbList\",\"@id\":\"https:\\\/\\\/3coty.com\\\/fr\\\/p\\\/05-duck-780\\\/#breadcrumb\",\"itemListElement\":[{\"@type\":\"ListItem\",\"position\":1,\"name\":\"Home\",\"item\":\"https:\\\/\\\/3coty.com\\\/fr\\\/\"},{\"@type\":\"ListItem\",\"position\":2,\"name\":\"BOUTIQUE\",\"item\":\"https:\\\/\\\/3coty.com\\\/fr\\\/shop\\\/\"},{\"@type\":\"ListItem\",\"position\":3,\"name\":\"05. CANARD 780\"}]},{\"@type\":\"WebSite\",\"@id\":\"https:\\\/\\\/3coty.com\\\/fr\\\/#website\",\"url\":\"https:\\\/\\\/3coty.com\\\/fr\\\/\",\"name\":\"3coty\u00ae\",\"description\":\"Meat-only Cat Food\",\"publisher\":{\"@id\":\"https:\\\/\\\/3coty.com\\\/fr\\\/#organization\"},\"potentialAction\":[{\"@type\":\"SearchAction\",\"target\":{\"@type\":\"EntryPoint\",\"urlTemplate\":\"https:\\\/\\\/3coty.com\\\/fr\\\/?s={search_term_string}\"},\"query-input\":{\"@type\":\"PropertyValueSpecification\",\"valueRequired\":true,\"valueName\":\"search_term_string\"}}],\"inLanguage\":\"fr-FR\"},{\"@type\":\"Organization\",\"@id\":\"https:\\\/\\\/3coty.com\\\/fr\\\/#organization\",\"name\":\"3coty\u00ae\",\"alternateName\":\"3coty\",\"url\":\"https:\\\/\\\/3coty.com\\\/fr\\\/\",\"logo\":{\"@type\":\"ImageObject\",\"inLanguage\":\"fr-FR\",\"@id\":\"https:\\\/\\\/3coty.com\\\/fr\\\/#\\\/schema\\\/logo\\\/image\\\/\",\"url\":\"https:\\\/\\\/3coty.com\\\/wp-content\\\/uploads\\\/2025\\\/05\\\/icon-3coty-logo.svg\",\"contentUrl\":\"https:\\\/\\\/3coty.com\\\/wp-content\\\/uploads\\\/2025\\\/05\\\/icon-3coty-logo.svg\",\"width\":283,\"height\":283,\"caption\":\"3coty\u00ae\"},\"image\":{\"@id\":\"https:\\\/\\\/3coty.com\\\/fr\\\/#\\\/schema\\\/logo\\\/image\\\/\"},\"sameAs\":[\"https:\\\/\\\/www.facebook.com\\\/3coty\",\"https:\\\/\\\/x.com\\\/3cotyCom\",\"https:\\\/\\\/www.instagram.com\\\/3coty\",\"https:\\\/\\\/www.linkedin.com\\\/company\\\/3coty\",\"https:\\\/\\\/www.youtube.com\\\/@3coty\"]}]}<\/script>\n<meta property=\"product:price:amount\" content=\"10.35\" \/>\n<meta property=\"product:price:currency\" content=\"EUR\" \/>\n<meta property=\"og:availability\" content=\"instock\" \/>\n<meta property=\"product:availability\" content=\"instock\" \/>\n<meta property=\"product:retailer_item_id\" content=\"780T 05DU \/ 5901785317312\" \/>\n<meta property=\"product:condition\" content=\"new\" \/>\n<!-- \/ Yoast SEO Premium plugin. -->","yoast_head_json":{"title":"05. CANARD 780 (780g) | pour Chats adultes | 3coty\u00ae Alimentation Naturelle pour Chats 100% Viande","description":"Nourriture humide pour chats 100 % canard, viande noire monoprot\u00e9ique cuite dans son propre bouillon. Cette recette \u00e0 ingr\u00e9dients limit\u00e9s pour chats adultes est id\u00e9ale pour un r\u00e9gime d\u2019\u00e9limination.","robots":{"index":"index","follow":"follow","max-snippet":"max-snippet:-1","max-image-preview":"max-image-preview:large","max-video-preview":"max-video-preview:-1"},"canonical":"https:\/\/3coty.com\/fr\/p\/05-duck-780\/","og_locale":"fr_FR","og_type":"article","og_title":"05. CANARD 780 (780g) | pour Chats adultes | 3coty\u00ae Alimentation Naturelle pour Chats 100% Viande","og_description":"Nourriture humide pour chats 100 % canard, viande noire monoprot\u00e9ique cuite dans son propre bouillon. Cette recette \u00e0 ingr\u00e9dients limit\u00e9s pour chats adultes est id\u00e9ale pour un r\u00e9gime d\u2019\u00e9limination.","og_url":"https:\/\/3coty.com\/fr\/p\/05-duck-780\/","og_site_name":"3coty\u00ae","article_publisher":"https:\/\/www.facebook.com\/3coty","article_modified_time":"2026-03-17T18:44:52+00:00","og_image":[{"width":1200,"height":630,"url":"https:\/\/3coty.com\/wp-content\/uploads\/2025\/10\/3coty-05-duck-780-meat-only-cat-food.jpg","type":"image\/jpeg"}],"twitter_card":"summary_large_image","twitter_title":"05. CANARD 780 (780g) | pour Chats adultes | 3coty\u00ae Alimentation Naturelle pour Chats 100% Viande","twitter_description":"Nourriture humide pour chats 100 % canard, viande noire monoprot\u00e9ique cuite dans son propre bouillon. Cette recette \u00e0 ingr\u00e9dients limit\u00e9s pour chats adultes est id\u00e9ale pour un r\u00e9gime d\u2019\u00e9limination.","twitter_image":"https:\/\/3coty.com\/wp-content\/uploads\/2025\/10\/3coty-05-duck-780-meat-only-cat-food.jpg","twitter_site":"@3cotyCom","twitter_misc":{"Prix":"\u20ac&nbsp;10.35","Disponibilit\u00e9":"En stock"},"schema":{"@context":"https:\/\/schema.org","@graph":[{"@type":"WebPage","@id":"https:\/\/3coty.com\/fr\/p\/05-duck-780\/","url":"https:\/\/3coty.com\/fr\/p\/05-duck-780\/","name":"05. CANARD 780 (780g) | pour Chats adultes | 3coty\u00ae Alimentation Naturelle pour Chats 100% Viande","isPartOf":{"@id":"https:\/\/3coty.com\/fr\/#website"},"primaryImageOfPage":{"@id":"https:\/\/3coty.com\/fr\/p\/05-duck-780\/#primaryimage"},"image":{"@id":"https:\/\/3coty.com\/fr\/p\/05-duck-780\/#primaryimage"},"thumbnailUrl":"https:\/\/3coty.com\/wp-content\/uploads\/2025\/07\/3coty-p-05-780-01.jpg","datePublished":"2025-05-23T10:55:55+00:00","dateModified":"2026-03-17T18:44:52+00:00","description":"Nourriture humide pour chats 100 % canard, viande noire monoprot\u00e9ique cuite dans son propre bouillon. Cette recette \u00e0 ingr\u00e9dients limit\u00e9s pour chats adultes est id\u00e9ale pour un r\u00e9gime d\u2019\u00e9limination.","breadcrumb":{"@id":"https:\/\/3coty.com\/fr\/p\/05-duck-780\/#breadcrumb"},"inLanguage":"fr-FR","potentialAction":[{"@type":"ReadAction","target":["https:\/\/3coty.com\/fr\/p\/05-duck-780\/"]}]},{"@type":"ImageObject","inLanguage":"fr-FR","@id":"https:\/\/3coty.com\/fr\/p\/05-duck-780\/#primaryimage","url":"https:\/\/3coty.com\/wp-content\/uploads\/2025\/07\/3coty-p-05-780-01.jpg","contentUrl":"https:\/\/3coty.com\/wp-content\/uploads\/2025\/07\/3coty-p-05-780-01.jpg","width":1024,"height":1024},{"@type":"BreadcrumbList","@id":"https:\/\/3coty.com\/fr\/p\/05-duck-780\/#breadcrumb","itemListElement":[{"@type":"ListItem","position":1,"name":"Home","item":"https:\/\/3coty.com\/fr\/"},{"@type":"ListItem","position":2,"name":"BOUTIQUE","item":"https:\/\/3coty.com\/fr\/shop\/"},{"@type":"ListItem","position":3,"name":"05. CANARD 780"}]},{"@type":"WebSite","@id":"https:\/\/3coty.com\/fr\/#website","url":"https:\/\/3coty.com\/fr\/","name":"3coty\u00ae","description":"Meat-only Cat Food","publisher":{"@id":"https:\/\/3coty.com\/fr\/#organization"},"potentialAction":[{"@type":"SearchAction","target":{"@type":"EntryPoint","urlTemplate":"https:\/\/3coty.com\/fr\/?s={search_term_string}"},"query-input":{"@type":"PropertyValueSpecification","valueRequired":true,"valueName":"search_term_string"}}],"inLanguage":"fr-FR"},{"@type":"Organization","@id":"https:\/\/3coty.com\/fr\/#organization","name":"3coty\u00ae","alternateName":"3coty","url":"https:\/\/3coty.com\/fr\/","logo":{"@type":"ImageObject","inLanguage":"fr-FR","@id":"https:\/\/3coty.com\/fr\/#\/schema\/logo\/image\/","url":"https:\/\/3coty.com\/wp-content\/uploads\/2025\/05\/icon-3coty-logo.svg","contentUrl":"https:\/\/3coty.com\/wp-content\/uploads\/2025\/05\/icon-3coty-logo.svg","width":283,"height":283,"caption":"3coty\u00ae"},"image":{"@id":"https:\/\/3coty.com\/fr\/#\/schema\/logo\/image\/"},"sameAs":["https:\/\/www.facebook.com\/3coty","https:\/\/x.com\/3cotyCom","https:\/\/www.instagram.com\/3coty","https:\/\/www.linkedin.com\/company\/3coty","https:\/\/www.youtube.com\/@3coty"]}]},"product_price_amount":"10.35","product_price_currency":"EUR","og_availability":"instock","product_availability":"instock","product_retailer_item_id":"780T 05DU \/ 5901785317312","product_condition":"new"},"_links":{"self":[{"href":"https:\/\/3coty.com\/fr\/wp-json\/wp\/v2\/product\/30394","targetHints":{"allow":["GET"]}}],"collection":[{"href":"https:\/\/3coty.com\/fr\/wp-json\/wp\/v2\/product"}],"about":[{"href":"https:\/\/3coty.com\/fr\/wp-json\/wp\/v2\/types\/product"}],"version-history":[{"count":3,"href":"https:\/\/3coty.com\/fr\/wp-json\/wp\/v2\/product\/30394\/revisions"}],"predecessor-version":[{"id":61133,"href":"https:\/\/3coty.com\/fr\/wp-json\/wp\/v2\/product\/30394\/revisions\/61133"}],"wp:featuredmedia":[{"embeddable":true,"href":"https:\/\/3coty.com\/fr\/wp-json\/wp\/v2\/media\/61034"}],"wp:attachment":[{"href":"https:\/\/3coty.com\/fr\/wp-json\/wp\/v2\/media?parent=30394"}],"wp:term":[{"taxonomy":"product_brand","embeddable":true,"href":"https:\/\/3coty.com\/fr\/wp-json\/wp\/v2\/product_brand?post=30394"},{"taxonomy":"product_cat","embeddable":true,"href":"https:\/\/3coty.com\/fr\/wp-json\/wp\/v2\/product_cat?post=30394"},{"taxonomy":"product_tag","embeddable":true,"href":"https:\/\/3coty.com\/fr\/wp-json\/wp\/v2\/product_tag?post=30394"}],"curies":[{"name":"wp","href":"https:\/\/api.w.org\/{rel}","templated":true}]}}