{"id":30353,"date":"2025-05-19T15:23:58","date_gmt":"2025-05-19T15:23:58","guid":{"rendered":"https:\/\/3coty.com\/p\/01-chicken-390\/"},"modified":"2026-03-17T18:38:55","modified_gmt":"2026-03-17T18:38:55","slug":"01-chicken-390","status":"publish","type":"product","link":"https:\/\/3coty.com\/fr\/p\/01-chicken-390\/","title":{"rendered":"01. POULET 390"},"content":{"rendered":"<p><a href=\"https:\/\/3coty.com\/wp-content\/uploads\/2025\/07\/3coty-p-01-tab-1.svg\"><img fetchpriority=\"high\" decoding=\"async\" class=\"alignnone size-full wp-image-63218\" role=\"img\" src=\"https:\/\/3coty.com\/wp-content\/uploads\/2025\/07\/3coty-p-01-tab-1.svg\" alt=\"\" width=\"283\" height=\"283\" \/><\/a><\/p>\n<h2>ALIMENTATION POUR CHATS 3COTY\u00ae COMPL\u00c8TE ET NATURELLE<\/h2>\n<p><strong>INGR\u00c9DIENTS DE VIANDE 100 % NATURELS et d\u00e9riv\u00e9s animaux cuits dans leur propre bouillon nutritif<\/strong><\/p>\n<p>Notre produit phare, d\u00e9velopp\u00e9 pour \u00eatre une alimentation humide 100 % poulet, compl\u00e8te et \u00e9quilibr\u00e9e, donc adapt\u00e9e aux r\u00e9gimes d\u2019\u00e9viction pour chats adultes. Contient des c\u0153urs, des g\u00e9siers et du foie, comme mangent les chats qui consomment leurs proies. Les chats Abyssins, Bengals et Maine Coons appr\u00e9cient toutes les parties du poulet, pas seulement les cuisses et les ailes. Alimentation monoprot\u00e9ique pr\u00e9par\u00e9e dans son propre bouillon.<\/p>\n<p>Alimentation monoprot\u00e9ique pour chats, compos\u00e9e \u00e0 100 % de viande et d\u2019abats de poulet \u2013 id\u00e9ale pour les r\u00e9gimes d\u2019\u00e9viction, comme chez les chats habitu\u00e9s \u00e0 l\u2019alimentation B.A.R.F. ou crue.<\/p>\n","protected":false},"excerpt":{"rendered":"<p><a href=\"https:\/\/3coty.com\/wp-content\/uploads\/2025\/07\/3coty-p-01-description-1.svg\"><img decoding=\"async\" class=\"alignnone size-medium wp-image-63182\" role=\"img\" src=\"https:\/\/3coty.com\/wp-content\/uploads\/2025\/07\/3coty-p-01-description-1.svg\" alt=\"\" width=\"300\" height=\"300\" \/><\/a><\/p>\n<p><strong>POUR CHATS ADULTES<\/strong> | PAT\u00c9 | ALIMENTATION MONOPROT\u00c9IQUE POUR CHATS<\/p>\n<p><a href=\"https:\/\/3coty.com\/wp-content\/uploads\/2025\/07\/3coty-p-01-description-2.svg\"><img decoding=\"async\" class=\"alignnone size-full wp-image-63200\" role=\"img\" src=\"https:\/\/3coty.com\/wp-content\/uploads\/2025\/07\/3coty-p-01-description-2.svg\" alt=\"\" width=\"506\" height=\"85\" \/><\/a><\/p>\n","protected":false},"featured_media":63440,"template":"","meta":{"_acf_changed":false},"product_brand":[1952],"product_cat":[352],"product_tag":[742],"class_list":{"0":"post-30353","1":"product","2":"type-product","3":"status-publish","4":"has-post-thumbnail","6":"product_brand-3coty","7":"product_cat-for-adult-cats","8":"product_tag-01ch","10":"first","11":"instock","12":"featured","13":"taxable","14":"shipping-taxable","15":"purchasable","16":"product-type-simple"},"acf":[],"yoast_head":"<!-- This site is optimized with the Yoast SEO Premium plugin v27.3 (Yoast SEO v27.3) - https:\/\/yoast.com\/product\/yoast-seo-premium-wordpress\/ -->\n<title>01. POULET 390 (390g) | pour Chats adultes | 3coty\u00ae Alimentation Naturelle pour Chats 100% Viande<\/title>\n<meta name=\"description\" content=\"D\u00e9couvrez la boutique 3coty\u00ae d\u2019alimentation naturelle et exclusivement \u00e0 base de viande pour chats, \u00e9labor\u00e9e \u00e0 partir d\u2019ingr\u00e9dients 100 % frais. Explorez des recettes saines con\u00e7ues pour soutenir le bien-\u00eatre de votre chat \u00e0 chaque \u00e9tape de sa vie.\" \/>\n<meta name=\"robots\" content=\"index, follow, max-snippet:-1, max-image-preview:large, max-video-preview:-1\" \/>\n<link rel=\"canonical\" href=\"https:\/\/3coty.com\/fr\/p\/01-chicken-390\/\" \/>\n<meta property=\"og:locale\" content=\"fr_FR\" \/>\n<meta property=\"og:type\" content=\"article\" \/>\n<meta property=\"og:title\" content=\"01. POULET 390 (390g) | pour Chats adultes | 3coty\u00ae Alimentation Naturelle pour Chats 100% Viande\" \/>\n<meta property=\"og:description\" content=\"D\u00e9couvrez la boutique 3coty\u00ae d\u2019alimentation naturelle et exclusivement \u00e0 base de viande pour chats, \u00e9labor\u00e9e \u00e0 partir d\u2019ingr\u00e9dients 100 % frais. Explorez des recettes saines con\u00e7ues pour soutenir le bien-\u00eatre de votre chat \u00e0 chaque \u00e9tape de sa vie.\" \/>\n<meta property=\"og:url\" content=\"https:\/\/3coty.com\/fr\/p\/01-chicken-390\/\" \/>\n<meta property=\"og:site_name\" content=\"3coty\u00ae\" \/>\n<meta property=\"article:publisher\" content=\"https:\/\/www.facebook.com\/3coty\" \/>\n<meta property=\"article:modified_time\" content=\"2026-03-17T18:38:55+00:00\" \/>\n<meta property=\"og:image\" content=\"https:\/\/3coty.com\/wp-content\/uploads\/2025\/10\/3coty-01-chicken-390-meat-only-cat-food.jpg\" \/>\n\t<meta property=\"og:image:width\" content=\"1200\" \/>\n\t<meta property=\"og:image:height\" content=\"630\" \/>\n\t<meta property=\"og:image:type\" content=\"image\/jpeg\" \/>\n<meta name=\"twitter:card\" content=\"summary_large_image\" \/>\n<meta name=\"twitter:title\" content=\"01. POULET 390 (390g) | pour Chats adultes | 3coty\u00ae Alimentation Naturelle pour Chats 100% Viande\" \/>\n<meta name=\"twitter:description\" content=\"D\u00e9couvrez la boutique 3coty\u00ae d\u2019alimentation naturelle et exclusivement \u00e0 base de viande pour chats, \u00e9labor\u00e9e \u00e0 partir d\u2019ingr\u00e9dients 100 % frais. Explorez des recettes saines con\u00e7ues pour soutenir le bien-\u00eatre de votre chat \u00e0 chaque \u00e9tape de sa vie.\" \/>\n<meta name=\"twitter:image\" content=\"https:\/\/3coty.com\/wp-content\/uploads\/2025\/10\/3coty-01-chicken-390-meat-only-cat-food.jpg\" \/>\n<meta name=\"twitter:site\" content=\"@3cotyCom\" \/>\n<meta name=\"twitter:label1\" content=\"Prix\" \/>\n\t<meta name=\"twitter:data1\" content=\"\u20ac&nbsp;4.50\" \/>\n\t<meta name=\"twitter:label2\" content=\"Disponibilit\u00e9\" \/>\n\t<meta name=\"twitter:data2\" content=\"En stock\" \/>\n<script type=\"application\/ld+json\" class=\"yoast-schema-graph\">{\"@context\":\"https:\\\/\\\/schema.org\",\"@graph\":[{\"@type\":\"WebPage\",\"@id\":\"https:\\\/\\\/3coty.com\\\/fr\\\/p\\\/01-chicken-390\\\/\",\"url\":\"https:\\\/\\\/3coty.com\\\/fr\\\/p\\\/01-chicken-390\\\/\",\"name\":\"01. POULET 390 (390g) | pour Chats adultes | 3coty\u00ae Alimentation Naturelle pour Chats 100% Viande\",\"isPartOf\":{\"@id\":\"https:\\\/\\\/3coty.com\\\/fr\\\/#website\"},\"primaryImageOfPage\":{\"@id\":\"https:\\\/\\\/3coty.com\\\/fr\\\/p\\\/01-chicken-390\\\/#primaryimage\"},\"image\":{\"@id\":\"https:\\\/\\\/3coty.com\\\/fr\\\/p\\\/01-chicken-390\\\/#primaryimage\"},\"thumbnailUrl\":\"https:\\\/\\\/3coty.com\\\/wp-content\\\/uploads\\\/2025\\\/07\\\/3coty-p-01-390-01.jpg\",\"datePublished\":\"2025-05-19T15:23:58+00:00\",\"dateModified\":\"2026-03-17T18:38:55+00:00\",\"description\":\"D\u00e9couvrez la boutique 3coty\u00ae d\u2019alimentation naturelle et exclusivement \u00e0 base de viande pour chats, \u00e9labor\u00e9e \u00e0 partir d\u2019ingr\u00e9dients 100 % frais. Explorez des recettes saines con\u00e7ues pour soutenir le bien-\u00eatre de votre chat \u00e0 chaque \u00e9tape de sa vie.\",\"breadcrumb\":{\"@id\":\"https:\\\/\\\/3coty.com\\\/fr\\\/p\\\/01-chicken-390\\\/#breadcrumb\"},\"inLanguage\":\"fr-FR\",\"potentialAction\":[{\"@type\":\"ReadAction\",\"target\":[\"https:\\\/\\\/3coty.com\\\/fr\\\/p\\\/01-chicken-390\\\/\"]}]},{\"@type\":\"ImageObject\",\"inLanguage\":\"fr-FR\",\"@id\":\"https:\\\/\\\/3coty.com\\\/fr\\\/p\\\/01-chicken-390\\\/#primaryimage\",\"url\":\"https:\\\/\\\/3coty.com\\\/wp-content\\\/uploads\\\/2025\\\/07\\\/3coty-p-01-390-01.jpg\",\"contentUrl\":\"https:\\\/\\\/3coty.com\\\/wp-content\\\/uploads\\\/2025\\\/07\\\/3coty-p-01-390-01.jpg\",\"width\":1024,\"height\":1024},{\"@type\":\"BreadcrumbList\",\"@id\":\"https:\\\/\\\/3coty.com\\\/fr\\\/p\\\/01-chicken-390\\\/#breadcrumb\",\"itemListElement\":[{\"@type\":\"ListItem\",\"position\":1,\"name\":\"Home\",\"item\":\"https:\\\/\\\/3coty.com\\\/fr\\\/\"},{\"@type\":\"ListItem\",\"position\":2,\"name\":\"BOUTIQUE\",\"item\":\"https:\\\/\\\/3coty.com\\\/fr\\\/shop\\\/\"},{\"@type\":\"ListItem\",\"position\":3,\"name\":\"01. POULET 390\"}]},{\"@type\":\"WebSite\",\"@id\":\"https:\\\/\\\/3coty.com\\\/fr\\\/#website\",\"url\":\"https:\\\/\\\/3coty.com\\\/fr\\\/\",\"name\":\"3coty\u00ae\",\"description\":\"Meat-only Cat Food\",\"publisher\":{\"@id\":\"https:\\\/\\\/3coty.com\\\/fr\\\/#organization\"},\"potentialAction\":[{\"@type\":\"SearchAction\",\"target\":{\"@type\":\"EntryPoint\",\"urlTemplate\":\"https:\\\/\\\/3coty.com\\\/fr\\\/?s={search_term_string}\"},\"query-input\":{\"@type\":\"PropertyValueSpecification\",\"valueRequired\":true,\"valueName\":\"search_term_string\"}}],\"inLanguage\":\"fr-FR\"},{\"@type\":\"Organization\",\"@id\":\"https:\\\/\\\/3coty.com\\\/fr\\\/#organization\",\"name\":\"3coty\u00ae\",\"alternateName\":\"3coty\",\"url\":\"https:\\\/\\\/3coty.com\\\/fr\\\/\",\"logo\":{\"@type\":\"ImageObject\",\"inLanguage\":\"fr-FR\",\"@id\":\"https:\\\/\\\/3coty.com\\\/fr\\\/#\\\/schema\\\/logo\\\/image\\\/\",\"url\":\"https:\\\/\\\/3coty.com\\\/wp-content\\\/uploads\\\/2025\\\/05\\\/icon-3coty-logo.svg\",\"contentUrl\":\"https:\\\/\\\/3coty.com\\\/wp-content\\\/uploads\\\/2025\\\/05\\\/icon-3coty-logo.svg\",\"width\":283,\"height\":283,\"caption\":\"3coty\u00ae\"},\"image\":{\"@id\":\"https:\\\/\\\/3coty.com\\\/fr\\\/#\\\/schema\\\/logo\\\/image\\\/\"},\"sameAs\":[\"https:\\\/\\\/www.facebook.com\\\/3coty\",\"https:\\\/\\\/x.com\\\/3cotyCom\",\"https:\\\/\\\/www.instagram.com\\\/3coty\",\"https:\\\/\\\/www.linkedin.com\\\/company\\\/3coty\",\"https:\\\/\\\/www.youtube.com\\\/@3coty\"]}]}<\/script>\n<meta property=\"product:price:amount\" content=\"4.50\" \/>\n<meta property=\"product:price:currency\" content=\"EUR\" \/>\n<meta property=\"og:availability\" content=\"instock\" \/>\n<meta property=\"product:availability\" content=\"instock\" \/>\n<meta property=\"product:retailer_item_id\" content=\"390T 01CH \/ 5901785315806\" \/>\n<meta property=\"product:condition\" content=\"new\" \/>\n<!-- \/ Yoast SEO Premium plugin. -->","yoast_head_json":{"title":"01. POULET 390 (390g) | pour Chats adultes | 3coty\u00ae Alimentation Naturelle pour Chats 100% Viande","description":"D\u00e9couvrez la boutique 3coty\u00ae d\u2019alimentation naturelle et exclusivement \u00e0 base de viande pour chats, \u00e9labor\u00e9e \u00e0 partir d\u2019ingr\u00e9dients 100 % frais. Explorez des recettes saines con\u00e7ues pour soutenir le bien-\u00eatre de votre chat \u00e0 chaque \u00e9tape de sa vie.","robots":{"index":"index","follow":"follow","max-snippet":"max-snippet:-1","max-image-preview":"max-image-preview:large","max-video-preview":"max-video-preview:-1"},"canonical":"https:\/\/3coty.com\/fr\/p\/01-chicken-390\/","og_locale":"fr_FR","og_type":"article","og_title":"01. POULET 390 (390g) | pour Chats adultes | 3coty\u00ae Alimentation Naturelle pour Chats 100% Viande","og_description":"D\u00e9couvrez la boutique 3coty\u00ae d\u2019alimentation naturelle et exclusivement \u00e0 base de viande pour chats, \u00e9labor\u00e9e \u00e0 partir d\u2019ingr\u00e9dients 100 % frais. Explorez des recettes saines con\u00e7ues pour soutenir le bien-\u00eatre de votre chat \u00e0 chaque \u00e9tape de sa vie.","og_url":"https:\/\/3coty.com\/fr\/p\/01-chicken-390\/","og_site_name":"3coty\u00ae","article_publisher":"https:\/\/www.facebook.com\/3coty","article_modified_time":"2026-03-17T18:38:55+00:00","og_image":[{"width":1200,"height":630,"url":"https:\/\/3coty.com\/wp-content\/uploads\/2025\/10\/3coty-01-chicken-390-meat-only-cat-food.jpg","type":"image\/jpeg"}],"twitter_card":"summary_large_image","twitter_title":"01. POULET 390 (390g) | pour Chats adultes | 3coty\u00ae Alimentation Naturelle pour Chats 100% Viande","twitter_description":"D\u00e9couvrez la boutique 3coty\u00ae d\u2019alimentation naturelle et exclusivement \u00e0 base de viande pour chats, \u00e9labor\u00e9e \u00e0 partir d\u2019ingr\u00e9dients 100 % frais. Explorez des recettes saines con\u00e7ues pour soutenir le bien-\u00eatre de votre chat \u00e0 chaque \u00e9tape de sa vie.","twitter_image":"https:\/\/3coty.com\/wp-content\/uploads\/2025\/10\/3coty-01-chicken-390-meat-only-cat-food.jpg","twitter_site":"@3cotyCom","twitter_misc":{"Prix":"\u20ac&nbsp;4.50","Disponibilit\u00e9":"En stock"},"schema":{"@context":"https:\/\/schema.org","@graph":[{"@type":"WebPage","@id":"https:\/\/3coty.com\/fr\/p\/01-chicken-390\/","url":"https:\/\/3coty.com\/fr\/p\/01-chicken-390\/","name":"01. POULET 390 (390g) | pour Chats adultes | 3coty\u00ae Alimentation Naturelle pour Chats 100% Viande","isPartOf":{"@id":"https:\/\/3coty.com\/fr\/#website"},"primaryImageOfPage":{"@id":"https:\/\/3coty.com\/fr\/p\/01-chicken-390\/#primaryimage"},"image":{"@id":"https:\/\/3coty.com\/fr\/p\/01-chicken-390\/#primaryimage"},"thumbnailUrl":"https:\/\/3coty.com\/wp-content\/uploads\/2025\/07\/3coty-p-01-390-01.jpg","datePublished":"2025-05-19T15:23:58+00:00","dateModified":"2026-03-17T18:38:55+00:00","description":"D\u00e9couvrez la boutique 3coty\u00ae d\u2019alimentation naturelle et exclusivement \u00e0 base de viande pour chats, \u00e9labor\u00e9e \u00e0 partir d\u2019ingr\u00e9dients 100 % frais. Explorez des recettes saines con\u00e7ues pour soutenir le bien-\u00eatre de votre chat \u00e0 chaque \u00e9tape de sa vie.","breadcrumb":{"@id":"https:\/\/3coty.com\/fr\/p\/01-chicken-390\/#breadcrumb"},"inLanguage":"fr-FR","potentialAction":[{"@type":"ReadAction","target":["https:\/\/3coty.com\/fr\/p\/01-chicken-390\/"]}]},{"@type":"ImageObject","inLanguage":"fr-FR","@id":"https:\/\/3coty.com\/fr\/p\/01-chicken-390\/#primaryimage","url":"https:\/\/3coty.com\/wp-content\/uploads\/2025\/07\/3coty-p-01-390-01.jpg","contentUrl":"https:\/\/3coty.com\/wp-content\/uploads\/2025\/07\/3coty-p-01-390-01.jpg","width":1024,"height":1024},{"@type":"BreadcrumbList","@id":"https:\/\/3coty.com\/fr\/p\/01-chicken-390\/#breadcrumb","itemListElement":[{"@type":"ListItem","position":1,"name":"Home","item":"https:\/\/3coty.com\/fr\/"},{"@type":"ListItem","position":2,"name":"BOUTIQUE","item":"https:\/\/3coty.com\/fr\/shop\/"},{"@type":"ListItem","position":3,"name":"01. POULET 390"}]},{"@type":"WebSite","@id":"https:\/\/3coty.com\/fr\/#website","url":"https:\/\/3coty.com\/fr\/","name":"3coty\u00ae","description":"Meat-only Cat Food","publisher":{"@id":"https:\/\/3coty.com\/fr\/#organization"},"potentialAction":[{"@type":"SearchAction","target":{"@type":"EntryPoint","urlTemplate":"https:\/\/3coty.com\/fr\/?s={search_term_string}"},"query-input":{"@type":"PropertyValueSpecification","valueRequired":true,"valueName":"search_term_string"}}],"inLanguage":"fr-FR"},{"@type":"Organization","@id":"https:\/\/3coty.com\/fr\/#organization","name":"3coty\u00ae","alternateName":"3coty","url":"https:\/\/3coty.com\/fr\/","logo":{"@type":"ImageObject","inLanguage":"fr-FR","@id":"https:\/\/3coty.com\/fr\/#\/schema\/logo\/image\/","url":"https:\/\/3coty.com\/wp-content\/uploads\/2025\/05\/icon-3coty-logo.svg","contentUrl":"https:\/\/3coty.com\/wp-content\/uploads\/2025\/05\/icon-3coty-logo.svg","width":283,"height":283,"caption":"3coty\u00ae"},"image":{"@id":"https:\/\/3coty.com\/fr\/#\/schema\/logo\/image\/"},"sameAs":["https:\/\/www.facebook.com\/3coty","https:\/\/x.com\/3cotyCom","https:\/\/www.instagram.com\/3coty","https:\/\/www.linkedin.com\/company\/3coty","https:\/\/www.youtube.com\/@3coty"]}]},"product_price_amount":"4.50","product_price_currency":"EUR","og_availability":"instock","product_availability":"instock","product_retailer_item_id":"390T 01CH \/ 5901785315806","product_condition":"new"},"_links":{"self":[{"href":"https:\/\/3coty.com\/fr\/wp-json\/wp\/v2\/product\/30353","targetHints":{"allow":["GET"]}}],"collection":[{"href":"https:\/\/3coty.com\/fr\/wp-json\/wp\/v2\/product"}],"about":[{"href":"https:\/\/3coty.com\/fr\/wp-json\/wp\/v2\/types\/product"}],"version-history":[{"count":5,"href":"https:\/\/3coty.com\/fr\/wp-json\/wp\/v2\/product\/30353\/revisions"}],"predecessor-version":[{"id":63630,"href":"https:\/\/3coty.com\/fr\/wp-json\/wp\/v2\/product\/30353\/revisions\/63630"}],"wp:featuredmedia":[{"embeddable":true,"href":"https:\/\/3coty.com\/fr\/wp-json\/wp\/v2\/media\/63440"}],"wp:attachment":[{"href":"https:\/\/3coty.com\/fr\/wp-json\/wp\/v2\/media?parent=30353"}],"wp:term":[{"taxonomy":"product_brand","embeddable":true,"href":"https:\/\/3coty.com\/fr\/wp-json\/wp\/v2\/product_brand?post=30353"},{"taxonomy":"product_cat","embeddable":true,"href":"https:\/\/3coty.com\/fr\/wp-json\/wp\/v2\/product_cat?post=30353"},{"taxonomy":"product_tag","embeddable":true,"href":"https:\/\/3coty.com\/fr\/wp-json\/wp\/v2\/product_tag?post=30353"}],"curies":[{"name":"wp","href":"https:\/\/api.w.org\/{rel}","templated":true}]}}