{"id":83964,"date":"2026-04-18T15:50:27","date_gmt":"2026-04-18T15:50:27","guid":{"rendered":"https:\/\/3coty.com\/?post_type=product&#038;p=83964"},"modified":"2026-04-18T15:56:41","modified_gmt":"2026-04-18T15:56:41","slug":"98-appetite-support-080","status":"publish","type":"product","link":"https:\/\/3coty.com\/fi\/p\/98-appetite-support-080\/","title":{"rendered":"98. RUOKAHALUN TUKI 080"},"content":{"rendered":"<p><a href=\"https:\/\/3coty.com\/wp-content\/uploads\/2025\/07\/3coty-p-97-tab-1.svg\"><img fetchpriority=\"high\" decoding=\"async\" class=\"alignnone size-full wp-image-40832\" role=\"img\" src=\"https:\/\/3coty.com\/wp-content\/uploads\/2025\/07\/3coty-p-97-tab-1.svg\" alt=\"\" width=\"283\" height=\"283\" \/><\/a><\/p>\n<h2>3COTY\u00ae LUONNOLLINEN T\u00c4YDENNYSRAVINTO KISSOILLE<\/h2>\n<p><strong>RAVINTOHIIVA + KLORELLA (Chlorella vulgaris) + BIOTIINI<\/strong><\/p>\n<p>Kissoille, jotka sy\u00f6v\u00e4t joskus tavallista v\u00e4hemm\u00e4n stressin, hormonaalisten tai kausittaisten muutosten vuoksi, matkustamisen aikana tai siirtyess\u00e4\u00e4n uuteen ruokaan, t\u00e4m\u00e4 jauhe auttaa palauttamaan kiinnostuksen ruokaan. Ravintohiiva tuo luonnollisesti houkuttelevan maun, ja sen korkea pienten peptidien ja vapaiden aminohappojen pitoisuus tukee ravintoaineiden imeytymist\u00e4. Tauriini, kissoille v\u00e4ltt\u00e4m\u00e4t\u00f6n aminohappo, tukee normaalia fysiologista toimintaa ja yleist\u00e4 elinvoimaa.<\/p>\n<p>Yksinkertainen tapa tukea kissoja ruokahalun heikentyess\u00e4 ja auttaa palaamaan s\u00e4\u00e4nn\u00f6lliseen ruokailuun.<\/p>\n","protected":false},"excerpt":{"rendered":"<p><a href=\"https:\/\/3coty.com\/wp-content\/uploads\/2025\/07\/3coty-p-97-description-1.svg\"><img decoding=\"async\" class=\"alignnone wp-image-40958 size-medium\" role=\"img\" src=\"https:\/\/3coty.com\/wp-content\/uploads\/2025\/07\/3coty-p-97-description-1.svg\" alt=\"\" width=\"300\" height=\"300\" \/><\/a><\/p>\n<p><strong>KAIKILLE KISSOILLE<\/strong> | JAUHE | LUONNOLLINEN T\u00c4YDENNYSRAVINTO KISSOILLE<br \/>\n<strong>TUKEE JA PARANTAA RUOKAHALUA<\/strong><\/p>\n<p><a href=\"https:\/\/3coty.com\/wp-content\/uploads\/2026\/03\/3coty-product-98-description-2.svg\"><img decoding=\"async\" class=\"alignnone size-full wp-image-83709\" role=\"img\" src=\"https:\/\/3coty.com\/wp-content\/uploads\/2026\/03\/3coty-product-98-description-2.svg\" alt=\"\" width=\"218\" height=\"85\" \/><\/a><\/p>\n","protected":false},"featured_media":83750,"template":"","meta":{"_acf_changed":false},"product_brand":[],"product_cat":[421],"product_tag":[2069],"class_list":{"0":"post-83964","1":"product","2":"type-product","3":"status-publish","4":"has-post-thumbnail","6":"product_cat-well-being","7":"product_tag-98as","9":"first","10":"instock","11":"taxable","12":"shipping-taxable","13":"purchasable","14":"product-type-simple"},"acf":[],"yoast_head":"<!-- This site is optimized with the Yoast SEO Premium plugin v27.4 (Yoast SEO v27.4) - https:\/\/yoast.com\/product\/yoast-seo-premium-wordpress\/ -->\n<title>98. RUOKAHALUN TUKI 080 (80g) | Kaikille kissoille | 3coty\u00ae Luonnollinen t\u00e4ydennysravinto kissoille<\/title>\n<meta name=\"description\" content=\"T\u00e4ydennysravintojauhe kissoille, joiden kiinnostus ruokaan on v\u00e4hentynyt. Sis\u00e4lt\u00e4\u00e4 ravintohiivaa ja tauriinia, jotka auttavat palauttamaan s\u00e4\u00e4nn\u00f6llisen ruokailun.\" \/>\n<meta name=\"robots\" content=\"index, follow, max-snippet:-1, max-image-preview:large, max-video-preview:-1\" \/>\n<link rel=\"canonical\" href=\"https:\/\/3coty.com\/fi\/p\/98-appetite-support-080\/\" \/>\n<meta property=\"og:locale\" content=\"fi_FI\" \/>\n<meta property=\"og:type\" content=\"article\" \/>\n<meta property=\"og:title\" content=\"98. RUOKAHALUN TUKI 080 (80g) | Kaikille kissoille | 3coty\u00ae Luonnollinen t\u00e4ydennysravinto kissoille\" \/>\n<meta property=\"og:description\" content=\"T\u00e4ydennysravintojauhe kissoille, joiden kiinnostus ruokaan on v\u00e4hentynyt. Sis\u00e4lt\u00e4\u00e4 ravintohiivaa ja tauriinia, jotka auttavat palauttamaan s\u00e4\u00e4nn\u00f6llisen ruokailun.\" \/>\n<meta property=\"og:url\" content=\"https:\/\/3coty.com\/fi\/p\/98-appetite-support-080\/\" \/>\n<meta property=\"og:site_name\" content=\"3coty\u00ae\" \/>\n<meta property=\"article:publisher\" content=\"https:\/\/www.facebook.com\/3coty\" \/>\n<meta property=\"article:modified_time\" content=\"2026-04-18T15:56:41+00:00\" \/>\n<meta property=\"og:image\" content=\"https:\/\/3coty.com\/wp-content\/uploads\/2026\/04\/3coty-98-appetite-support-complementary-cat-food.jpg\" \/>\n\t<meta property=\"og:image:width\" content=\"1200\" \/>\n\t<meta property=\"og:image:height\" content=\"630\" \/>\n\t<meta property=\"og:image:type\" content=\"image\/jpeg\" \/>\n<meta name=\"twitter:card\" content=\"summary_large_image\" \/>\n<meta name=\"twitter:title\" content=\"98. RUOKAHALUN TUKI 080 (80g) | Kaikille kissoille | 3coty\u00ae Luonnollinen t\u00e4ydennysravinto kissoille\" \/>\n<meta name=\"twitter:description\" content=\"T\u00e4ydennysravintojauhe kissoille, joiden kiinnostus ruokaan on v\u00e4hentynyt. Sis\u00e4lt\u00e4\u00e4 ravintohiivaa ja tauriinia, jotka auttavat palauttamaan s\u00e4\u00e4nn\u00f6llisen ruokailun.\" \/>\n<meta name=\"twitter:site\" content=\"@3cotyCom\" \/>\n<meta name=\"twitter:label1\" content=\"Hinta\" \/>\n\t<meta name=\"twitter:data1\" content=\"\u20ac&nbsp;15.00\" \/>\n\t<meta name=\"twitter:label2\" content=\"Saatavuus\" \/>\n\t<meta name=\"twitter:data2\" content=\"Varastossa\" \/>\n<script type=\"application\/ld+json\" class=\"yoast-schema-graph\">{\"@context\":\"https:\\\/\\\/schema.org\",\"@graph\":[{\"@type\":\"WebPage\",\"@id\":\"https:\\\/\\\/3coty.com\\\/fi\\\/p\\\/98-appetite-support-080\\\/\",\"url\":\"https:\\\/\\\/3coty.com\\\/fi\\\/p\\\/98-appetite-support-080\\\/\",\"name\":\"98. RUOKAHALUN TUKI 080 (80g) | Kaikille kissoille | 3coty\u00ae Luonnollinen t\u00e4ydennysravinto kissoille\",\"isPartOf\":{\"@id\":\"https:\\\/\\\/3coty.com\\\/fi\\\/#website\"},\"primaryImageOfPage\":{\"@id\":\"https:\\\/\\\/3coty.com\\\/fi\\\/p\\\/98-appetite-support-080\\\/#primaryimage\"},\"image\":{\"@id\":\"https:\\\/\\\/3coty.com\\\/fi\\\/p\\\/98-appetite-support-080\\\/#primaryimage\"},\"thumbnailUrl\":\"https:\\\/\\\/3coty.com\\\/wp-content\\\/uploads\\\/2026\\\/03\\\/3coty-product-98-01.jpg\",\"datePublished\":\"2026-04-18T15:50:27+00:00\",\"dateModified\":\"2026-04-18T15:56:41+00:00\",\"description\":\"T\u00e4ydennysravintojauhe kissoille, joiden kiinnostus ruokaan on v\u00e4hentynyt. Sis\u00e4lt\u00e4\u00e4 ravintohiivaa ja tauriinia, jotka auttavat palauttamaan s\u00e4\u00e4nn\u00f6llisen ruokailun.\",\"breadcrumb\":{\"@id\":\"https:\\\/\\\/3coty.com\\\/fi\\\/p\\\/98-appetite-support-080\\\/#breadcrumb\"},\"inLanguage\":\"fi\",\"potentialAction\":[{\"@type\":\"ReadAction\",\"target\":[\"https:\\\/\\\/3coty.com\\\/fi\\\/p\\\/98-appetite-support-080\\\/\"]}]},{\"@type\":\"ImageObject\",\"inLanguage\":\"fi\",\"@id\":\"https:\\\/\\\/3coty.com\\\/fi\\\/p\\\/98-appetite-support-080\\\/#primaryimage\",\"url\":\"https:\\\/\\\/3coty.com\\\/wp-content\\\/uploads\\\/2026\\\/03\\\/3coty-product-98-01.jpg\",\"contentUrl\":\"https:\\\/\\\/3coty.com\\\/wp-content\\\/uploads\\\/2026\\\/03\\\/3coty-product-98-01.jpg\",\"width\":1024,\"height\":1024},{\"@type\":\"BreadcrumbList\",\"@id\":\"https:\\\/\\\/3coty.com\\\/fi\\\/p\\\/98-appetite-support-080\\\/#breadcrumb\",\"itemListElement\":[{\"@type\":\"ListItem\",\"position\":1,\"name\":\"Home\",\"item\":\"https:\\\/\\\/3coty.com\\\/fi\\\/\"},{\"@type\":\"ListItem\",\"position\":2,\"name\":\"KAUPPA\",\"item\":\"https:\\\/\\\/3coty.com\\\/fi\\\/shop\\\/\"},{\"@type\":\"ListItem\",\"position\":3,\"name\":\"98. RUOKAHALUN TUKI 080\"}]},{\"@type\":\"WebSite\",\"@id\":\"https:\\\/\\\/3coty.com\\\/fi\\\/#website\",\"url\":\"https:\\\/\\\/3coty.com\\\/fi\\\/\",\"name\":\"3coty\u00ae\",\"description\":\"Meat-only Cat Food\",\"publisher\":{\"@id\":\"https:\\\/\\\/3coty.com\\\/fi\\\/#organization\"},\"potentialAction\":[{\"@type\":\"SearchAction\",\"target\":{\"@type\":\"EntryPoint\",\"urlTemplate\":\"https:\\\/\\\/3coty.com\\\/fi\\\/?s={search_term_string}\"},\"query-input\":{\"@type\":\"PropertyValueSpecification\",\"valueRequired\":true,\"valueName\":\"search_term_string\"}}],\"inLanguage\":\"fi\"},{\"@type\":\"Organization\",\"@id\":\"https:\\\/\\\/3coty.com\\\/fi\\\/#organization\",\"name\":\"3coty\u00ae\",\"alternateName\":\"3coty\",\"url\":\"https:\\\/\\\/3coty.com\\\/fi\\\/\",\"logo\":{\"@type\":\"ImageObject\",\"inLanguage\":\"fi\",\"@id\":\"https:\\\/\\\/3coty.com\\\/fi\\\/#\\\/schema\\\/logo\\\/image\\\/\",\"url\":\"https:\\\/\\\/3coty.com\\\/wp-content\\\/uploads\\\/2025\\\/05\\\/icon-3coty-logo.svg\",\"contentUrl\":\"https:\\\/\\\/3coty.com\\\/wp-content\\\/uploads\\\/2025\\\/05\\\/icon-3coty-logo.svg\",\"width\":283,\"height\":283,\"caption\":\"3coty\u00ae\"},\"image\":{\"@id\":\"https:\\\/\\\/3coty.com\\\/fi\\\/#\\\/schema\\\/logo\\\/image\\\/\"},\"sameAs\":[\"https:\\\/\\\/www.facebook.com\\\/3coty\",\"https:\\\/\\\/x.com\\\/3cotyCom\",\"https:\\\/\\\/www.instagram.com\\\/3coty\",\"https:\\\/\\\/www.linkedin.com\\\/company\\\/3coty\",\"https:\\\/\\\/www.youtube.com\\\/@3coty\"]}]}<\/script>\n<meta property=\"product:price:amount\" content=\"15.00\" \/>\n<meta property=\"product:price:currency\" content=\"EUR\" \/>\n<meta property=\"og:availability\" content=\"instock\" \/>\n<meta property=\"product:availability\" content=\"instock\" \/>\n<meta property=\"product:retailer_item_id\" content=\"100J 98AS \/ 5901785318944\" \/>\n<meta property=\"product:condition\" content=\"new\" \/>\n<!-- \/ Yoast SEO Premium plugin. -->","yoast_head_json":{"title":"98. RUOKAHALUN TUKI 080 (80g) | Kaikille kissoille | 3coty\u00ae Luonnollinen t\u00e4ydennysravinto kissoille","description":"T\u00e4ydennysravintojauhe kissoille, joiden kiinnostus ruokaan on v\u00e4hentynyt. Sis\u00e4lt\u00e4\u00e4 ravintohiivaa ja tauriinia, jotka auttavat palauttamaan s\u00e4\u00e4nn\u00f6llisen ruokailun.","robots":{"index":"index","follow":"follow","max-snippet":"max-snippet:-1","max-image-preview":"max-image-preview:large","max-video-preview":"max-video-preview:-1"},"canonical":"https:\/\/3coty.com\/fi\/p\/98-appetite-support-080\/","og_locale":"fi_FI","og_type":"article","og_title":"98. RUOKAHALUN TUKI 080 (80g) | Kaikille kissoille | 3coty\u00ae Luonnollinen t\u00e4ydennysravinto kissoille","og_description":"T\u00e4ydennysravintojauhe kissoille, joiden kiinnostus ruokaan on v\u00e4hentynyt. Sis\u00e4lt\u00e4\u00e4 ravintohiivaa ja tauriinia, jotka auttavat palauttamaan s\u00e4\u00e4nn\u00f6llisen ruokailun.","og_url":"https:\/\/3coty.com\/fi\/p\/98-appetite-support-080\/","og_site_name":"3coty\u00ae","article_publisher":"https:\/\/www.facebook.com\/3coty","article_modified_time":"2026-04-18T15:56:41+00:00","og_image":[{"width":1200,"height":630,"url":"https:\/\/3coty.com\/wp-content\/uploads\/2026\/04\/3coty-98-appetite-support-complementary-cat-food.jpg","type":"image\/jpeg"}],"twitter_card":"summary_large_image","twitter_title":"98. RUOKAHALUN TUKI 080 (80g) | Kaikille kissoille | 3coty\u00ae Luonnollinen t\u00e4ydennysravinto kissoille","twitter_description":"T\u00e4ydennysravintojauhe kissoille, joiden kiinnostus ruokaan on v\u00e4hentynyt. Sis\u00e4lt\u00e4\u00e4 ravintohiivaa ja tauriinia, jotka auttavat palauttamaan s\u00e4\u00e4nn\u00f6llisen ruokailun.","twitter_site":"@3cotyCom","twitter_misc":{"Hinta":"\u20ac&nbsp;15.00","Saatavuus":"Varastossa"},"schema":{"@context":"https:\/\/schema.org","@graph":[{"@type":"WebPage","@id":"https:\/\/3coty.com\/fi\/p\/98-appetite-support-080\/","url":"https:\/\/3coty.com\/fi\/p\/98-appetite-support-080\/","name":"98. RUOKAHALUN TUKI 080 (80g) | Kaikille kissoille | 3coty\u00ae Luonnollinen t\u00e4ydennysravinto kissoille","isPartOf":{"@id":"https:\/\/3coty.com\/fi\/#website"},"primaryImageOfPage":{"@id":"https:\/\/3coty.com\/fi\/p\/98-appetite-support-080\/#primaryimage"},"image":{"@id":"https:\/\/3coty.com\/fi\/p\/98-appetite-support-080\/#primaryimage"},"thumbnailUrl":"https:\/\/3coty.com\/wp-content\/uploads\/2026\/03\/3coty-product-98-01.jpg","datePublished":"2026-04-18T15:50:27+00:00","dateModified":"2026-04-18T15:56:41+00:00","description":"T\u00e4ydennysravintojauhe kissoille, joiden kiinnostus ruokaan on v\u00e4hentynyt. Sis\u00e4lt\u00e4\u00e4 ravintohiivaa ja tauriinia, jotka auttavat palauttamaan s\u00e4\u00e4nn\u00f6llisen ruokailun.","breadcrumb":{"@id":"https:\/\/3coty.com\/fi\/p\/98-appetite-support-080\/#breadcrumb"},"inLanguage":"fi","potentialAction":[{"@type":"ReadAction","target":["https:\/\/3coty.com\/fi\/p\/98-appetite-support-080\/"]}]},{"@type":"ImageObject","inLanguage":"fi","@id":"https:\/\/3coty.com\/fi\/p\/98-appetite-support-080\/#primaryimage","url":"https:\/\/3coty.com\/wp-content\/uploads\/2026\/03\/3coty-product-98-01.jpg","contentUrl":"https:\/\/3coty.com\/wp-content\/uploads\/2026\/03\/3coty-product-98-01.jpg","width":1024,"height":1024},{"@type":"BreadcrumbList","@id":"https:\/\/3coty.com\/fi\/p\/98-appetite-support-080\/#breadcrumb","itemListElement":[{"@type":"ListItem","position":1,"name":"Home","item":"https:\/\/3coty.com\/fi\/"},{"@type":"ListItem","position":2,"name":"KAUPPA","item":"https:\/\/3coty.com\/fi\/shop\/"},{"@type":"ListItem","position":3,"name":"98. RUOKAHALUN TUKI 080"}]},{"@type":"WebSite","@id":"https:\/\/3coty.com\/fi\/#website","url":"https:\/\/3coty.com\/fi\/","name":"3coty\u00ae","description":"Meat-only Cat Food","publisher":{"@id":"https:\/\/3coty.com\/fi\/#organization"},"potentialAction":[{"@type":"SearchAction","target":{"@type":"EntryPoint","urlTemplate":"https:\/\/3coty.com\/fi\/?s={search_term_string}"},"query-input":{"@type":"PropertyValueSpecification","valueRequired":true,"valueName":"search_term_string"}}],"inLanguage":"fi"},{"@type":"Organization","@id":"https:\/\/3coty.com\/fi\/#organization","name":"3coty\u00ae","alternateName":"3coty","url":"https:\/\/3coty.com\/fi\/","logo":{"@type":"ImageObject","inLanguage":"fi","@id":"https:\/\/3coty.com\/fi\/#\/schema\/logo\/image\/","url":"https:\/\/3coty.com\/wp-content\/uploads\/2025\/05\/icon-3coty-logo.svg","contentUrl":"https:\/\/3coty.com\/wp-content\/uploads\/2025\/05\/icon-3coty-logo.svg","width":283,"height":283,"caption":"3coty\u00ae"},"image":{"@id":"https:\/\/3coty.com\/fi\/#\/schema\/logo\/image\/"},"sameAs":["https:\/\/www.facebook.com\/3coty","https:\/\/x.com\/3cotyCom","https:\/\/www.instagram.com\/3coty","https:\/\/www.linkedin.com\/company\/3coty","https:\/\/www.youtube.com\/@3coty"]}]},"product_price_amount":"15.00","product_price_currency":"EUR","og_availability":"instock","product_availability":"instock","product_retailer_item_id":"100J 98AS \/ 5901785318944","product_condition":"new"},"_links":{"self":[{"href":"https:\/\/3coty.com\/fi\/wp-json\/wp\/v2\/product\/83964","targetHints":{"allow":["GET"]}}],"collection":[{"href":"https:\/\/3coty.com\/fi\/wp-json\/wp\/v2\/product"}],"about":[{"href":"https:\/\/3coty.com\/fi\/wp-json\/wp\/v2\/types\/product"}],"version-history":[{"count":3,"href":"https:\/\/3coty.com\/fi\/wp-json\/wp\/v2\/product\/83964\/revisions"}],"predecessor-version":[{"id":84019,"href":"https:\/\/3coty.com\/fi\/wp-json\/wp\/v2\/product\/83964\/revisions\/84019"}],"wp:featuredmedia":[{"embeddable":true,"href":"https:\/\/3coty.com\/fi\/wp-json\/wp\/v2\/media\/83750"}],"wp:attachment":[{"href":"https:\/\/3coty.com\/fi\/wp-json\/wp\/v2\/media?parent=83964"}],"wp:term":[{"taxonomy":"product_brand","embeddable":true,"href":"https:\/\/3coty.com\/fi\/wp-json\/wp\/v2\/product_brand?post=83964"},{"taxonomy":"product_cat","embeddable":true,"href":"https:\/\/3coty.com\/fi\/wp-json\/wp\/v2\/product_cat?post=83964"},{"taxonomy":"product_tag","embeddable":true,"href":"https:\/\/3coty.com\/fi\/wp-json\/wp\/v2\/product_tag?post=83964"}],"curies":[{"name":"wp","href":"https:\/\/api.w.org\/{rel}","templated":true}]}}