{"id":31094,"date":"2025-05-25T08:18:26","date_gmt":"2025-05-25T08:18:26","guid":{"rendered":"https:\/\/3coty.com\/p\/34-turkey-780\/"},"modified":"2026-04-14T10:53:43","modified_gmt":"2026-04-14T10:53:43","slug":"34-turkey-780","status":"publish","type":"product","link":"https:\/\/3coty.com\/fi\/p\/34-turkey-780\/","title":{"rendered":"34. KALKKUNA 780"},"content":{"rendered":"<p><a href=\"https:\/\/3coty.com\/wp-content\/uploads\/2025\/07\/3coty-p-34-tab-1.svg\"><img fetchpriority=\"high\" decoding=\"async\" class=\"alignnone size-full wp-image-49431\" role=\"img\" src=\"https:\/\/3coty.com\/wp-content\/uploads\/2025\/07\/3coty-p-34-tab-1.svg\" alt=\"\" width=\"283\" height=\"283\" \/><\/a><\/p>\n<h2>LUONNONMUKAINEN JA TASAPAINOITETTU 3COTY\u00ae T\u00c4YSRAVINTO KISSOILLE<\/h2>\n<p><strong>99% LUONNOLLISIA LIHA-AINESOSIA keitettyn\u00e4 omassa ravitsevassa lihaliemess\u00e4\u00e4n, 1% SOLMULEV\u00c4<\/strong><\/p>\n<p>Kun kissat vanhenevat, niiden ruoansulatusj\u00e4rjestelm\u00e4 voi hy\u00f6ty\u00e4 lis\u00e4tuesta ummetuksen v\u00e4ltt\u00e4miseksi. T\u00e4h\u00e4n kalkkunamonoproteiiniruokaan lis\u00e4tty solmulev\u00e4 tekee juuri n\u00e4in ja lis\u00e4ksi vahvistaa immuunij\u00e4rjestelm\u00e4\u00e4. Koska jotkut i\u00e4kk\u00e4\u00e4t kissat my\u00f6s mieluummin nuolevat ruokaansa kuin pureskelevat sit\u00e4, t\u00e4m\u00e4 luonnollinen m\u00e4rk\u00e4ruoka on valmistettu moussena.<\/p>\n<p>Helppo sy\u00f6d\u00e4 ja sulattaa, uusi monoproteiininen kalkkunaruokamme solmulev\u00e4ll\u00e4 varustettuna mousse-muotoisena ruokana seniorikissoille.<\/p>\n","protected":false},"excerpt":{"rendered":"<p><a href=\"https:\/\/3coty.com\/wp-content\/uploads\/2025\/07\/3coty-p-34-description-1.svg\"><img decoding=\"async\" class=\"alignnone size-medium wp-image-49829\" role=\"img\" src=\"https:\/\/3coty.com\/wp-content\/uploads\/2025\/07\/3coty-p-34-description-1.svg\" alt=\"\" width=\"300\" height=\"300\" \/><\/a><\/p>\n<p><strong>SENIORIKISSOILLE<\/strong> | MOUSSE | MONOPROTEIININEN KISSANRUOKA<\/p>\n<p><a href=\"https:\/\/3coty.com\/wp-content\/uploads\/2025\/07\/3coty-p-34-description-2.svg\"><img decoding=\"async\" class=\"alignnone size-full wp-image-49413\" role=\"img\" src=\"https:\/\/3coty.com\/wp-content\/uploads\/2025\/07\/3coty-p-34-description-2.svg\" alt=\"\" width=\"506\" height=\"85\" \/><\/a><\/p>\n","protected":false},"featured_media":49742,"template":"","meta":{"_acf_changed":false},"product_brand":[],"product_cat":[405],"product_tag":[1080],"class_list":{"0":"post-31094","1":"product","2":"type-product","3":"status-publish","4":"has-post-thumbnail","6":"product_cat-for-senior-cats","7":"product_tag-34tu","9":"first","10":"outofstock","11":"featured","12":"taxable","13":"shipping-taxable","14":"purchasable","15":"product-type-simple"},"acf":[],"yoast_head":"<!-- This site is optimized with the Yoast SEO Premium plugin v27.4 (Yoast SEO v27.4) - https:\/\/yoast.com\/product\/yoast-seo-premium-wordpress\/ -->\n<title>34. KALKKUNA 780 - 3coty\u00ae<\/title>\n<meta name=\"robots\" content=\"index, follow, max-snippet:-1, max-image-preview:large, max-video-preview:-1\" \/>\n<link rel=\"canonical\" href=\"https:\/\/3coty.com\/fi\/p\/34-turkey-780\/\" \/>\n<meta property=\"og:locale\" content=\"fi_FI\" \/>\n<meta property=\"og:type\" content=\"article\" \/>\n<meta property=\"og:title\" content=\"34. KALKKUNA 780\" \/>\n<meta property=\"og:description\" content=\"SENIORIKISSOILLE | MOUSSE | MONOPROTEIININEN KISSANRUOKA\" \/>\n<meta property=\"og:url\" content=\"https:\/\/3coty.com\/fi\/p\/34-turkey-780\/\" \/>\n<meta property=\"og:site_name\" content=\"3coty\u00ae\" \/>\n<meta property=\"article:publisher\" content=\"https:\/\/www.facebook.com\/3coty\" \/>\n<meta property=\"article:modified_time\" content=\"2026-04-14T10:53:43+00:00\" \/>\n<meta property=\"og:image\" content=\"https:\/\/3coty.com\/wp-content\/uploads\/2025\/07\/3coty-p-34-780-01.jpg\" \/>\n\t<meta property=\"og:image:width\" content=\"1024\" \/>\n\t<meta property=\"og:image:height\" content=\"1024\" \/>\n\t<meta property=\"og:image:type\" content=\"image\/jpeg\" \/>\n<meta name=\"twitter:card\" content=\"summary_large_image\" \/>\n<meta name=\"twitter:site\" content=\"@3cotyCom\" \/>\n<meta name=\"twitter:label1\" content=\"Hinta\" \/>\n\t<meta name=\"twitter:data1\" content=\"\u20ac&nbsp;10.35\" \/>\n\t<meta name=\"twitter:label2\" content=\"Saatavuus\" \/>\n\t<meta name=\"twitter:data2\" content=\"Loppu varastosta\" \/>\n<script type=\"application\/ld+json\" class=\"yoast-schema-graph\">{\"@context\":\"https:\\\/\\\/schema.org\",\"@graph\":[{\"@type\":\"WebPage\",\"@id\":\"https:\\\/\\\/3coty.com\\\/fi\\\/p\\\/34-turkey-780\\\/\",\"url\":\"https:\\\/\\\/3coty.com\\\/fi\\\/p\\\/34-turkey-780\\\/\",\"name\":\"34. KALKKUNA 780 - 3coty\u00ae\",\"isPartOf\":{\"@id\":\"https:\\\/\\\/3coty.com\\\/fi\\\/#website\"},\"primaryImageOfPage\":{\"@id\":\"https:\\\/\\\/3coty.com\\\/fi\\\/p\\\/34-turkey-780\\\/#primaryimage\"},\"image\":{\"@id\":\"https:\\\/\\\/3coty.com\\\/fi\\\/p\\\/34-turkey-780\\\/#primaryimage\"},\"thumbnailUrl\":\"https:\\\/\\\/3coty.com\\\/wp-content\\\/uploads\\\/2025\\\/07\\\/3coty-p-34-780-01.jpg\",\"datePublished\":\"2025-05-25T08:18:26+00:00\",\"dateModified\":\"2026-04-14T10:53:43+00:00\",\"breadcrumb\":{\"@id\":\"https:\\\/\\\/3coty.com\\\/fi\\\/p\\\/34-turkey-780\\\/#breadcrumb\"},\"inLanguage\":\"fi\",\"potentialAction\":[{\"@type\":\"ReadAction\",\"target\":[\"https:\\\/\\\/3coty.com\\\/fi\\\/p\\\/34-turkey-780\\\/\"]}]},{\"@type\":\"ImageObject\",\"inLanguage\":\"fi\",\"@id\":\"https:\\\/\\\/3coty.com\\\/fi\\\/p\\\/34-turkey-780\\\/#primaryimage\",\"url\":\"https:\\\/\\\/3coty.com\\\/wp-content\\\/uploads\\\/2025\\\/07\\\/3coty-p-34-780-01.jpg\",\"contentUrl\":\"https:\\\/\\\/3coty.com\\\/wp-content\\\/uploads\\\/2025\\\/07\\\/3coty-p-34-780-01.jpg\",\"width\":1024,\"height\":1024},{\"@type\":\"BreadcrumbList\",\"@id\":\"https:\\\/\\\/3coty.com\\\/fi\\\/p\\\/34-turkey-780\\\/#breadcrumb\",\"itemListElement\":[{\"@type\":\"ListItem\",\"position\":1,\"name\":\"Home\",\"item\":\"https:\\\/\\\/3coty.com\\\/fi\\\/\"},{\"@type\":\"ListItem\",\"position\":2,\"name\":\"KAUPPA\",\"item\":\"https:\\\/\\\/3coty.com\\\/fi\\\/shop\\\/\"},{\"@type\":\"ListItem\",\"position\":3,\"name\":\"34. KALKKUNA 780\"}]},{\"@type\":\"WebSite\",\"@id\":\"https:\\\/\\\/3coty.com\\\/fi\\\/#website\",\"url\":\"https:\\\/\\\/3coty.com\\\/fi\\\/\",\"name\":\"3coty\u00ae\",\"description\":\"Meat-only Cat Food\",\"publisher\":{\"@id\":\"https:\\\/\\\/3coty.com\\\/fi\\\/#organization\"},\"potentialAction\":[{\"@type\":\"SearchAction\",\"target\":{\"@type\":\"EntryPoint\",\"urlTemplate\":\"https:\\\/\\\/3coty.com\\\/fi\\\/?s={search_term_string}\"},\"query-input\":{\"@type\":\"PropertyValueSpecification\",\"valueRequired\":true,\"valueName\":\"search_term_string\"}}],\"inLanguage\":\"fi\"},{\"@type\":\"Organization\",\"@id\":\"https:\\\/\\\/3coty.com\\\/fi\\\/#organization\",\"name\":\"3coty\u00ae\",\"alternateName\":\"3coty\",\"url\":\"https:\\\/\\\/3coty.com\\\/fi\\\/\",\"logo\":{\"@type\":\"ImageObject\",\"inLanguage\":\"fi\",\"@id\":\"https:\\\/\\\/3coty.com\\\/fi\\\/#\\\/schema\\\/logo\\\/image\\\/\",\"url\":\"https:\\\/\\\/3coty.com\\\/wp-content\\\/uploads\\\/2025\\\/05\\\/icon-3coty-logo.svg\",\"contentUrl\":\"https:\\\/\\\/3coty.com\\\/wp-content\\\/uploads\\\/2025\\\/05\\\/icon-3coty-logo.svg\",\"width\":283,\"height\":283,\"caption\":\"3coty\u00ae\"},\"image\":{\"@id\":\"https:\\\/\\\/3coty.com\\\/fi\\\/#\\\/schema\\\/logo\\\/image\\\/\"},\"sameAs\":[\"https:\\\/\\\/www.facebook.com\\\/3coty\",\"https:\\\/\\\/x.com\\\/3cotyCom\",\"https:\\\/\\\/www.instagram.com\\\/3coty\",\"https:\\\/\\\/www.linkedin.com\\\/company\\\/3coty\",\"https:\\\/\\\/www.youtube.com\\\/@3coty\"]}]}<\/script>\n<meta property=\"product:price:amount\" content=\"10.35\" \/>\n<meta property=\"product:price:currency\" content=\"EUR\" \/>\n<meta property=\"og:availability\" content=\"out of stock\" \/>\n<meta property=\"product:availability\" content=\"out of stock\" \/>\n<meta property=\"product:retailer_item_id\" content=\"780T 34TU \/ 5901785310054\" \/>\n<meta property=\"product:condition\" content=\"new\" \/>\n<!-- \/ Yoast SEO Premium plugin. -->","yoast_head_json":{"title":"34. KALKKUNA 780 - 3coty\u00ae","robots":{"index":"index","follow":"follow","max-snippet":"max-snippet:-1","max-image-preview":"max-image-preview:large","max-video-preview":"max-video-preview:-1"},"canonical":"https:\/\/3coty.com\/fi\/p\/34-turkey-780\/","og_locale":"fi_FI","og_type":"article","og_title":"34. KALKKUNA 780","og_description":"SENIORIKISSOILLE | MOUSSE | MONOPROTEIININEN KISSANRUOKA","og_url":"https:\/\/3coty.com\/fi\/p\/34-turkey-780\/","og_site_name":"3coty\u00ae","article_publisher":"https:\/\/www.facebook.com\/3coty","article_modified_time":"2026-04-14T10:53:43+00:00","og_image":[{"width":1024,"height":1024,"url":"https:\/\/3coty.com\/wp-content\/uploads\/2025\/07\/3coty-p-34-780-01.jpg","type":"image\/jpeg"}],"twitter_card":"summary_large_image","twitter_site":"@3cotyCom","twitter_misc":{"Hinta":"\u20ac&nbsp;10.35","Saatavuus":"Loppu varastosta"},"schema":{"@context":"https:\/\/schema.org","@graph":[{"@type":"WebPage","@id":"https:\/\/3coty.com\/fi\/p\/34-turkey-780\/","url":"https:\/\/3coty.com\/fi\/p\/34-turkey-780\/","name":"34. KALKKUNA 780 - 3coty\u00ae","isPartOf":{"@id":"https:\/\/3coty.com\/fi\/#website"},"primaryImageOfPage":{"@id":"https:\/\/3coty.com\/fi\/p\/34-turkey-780\/#primaryimage"},"image":{"@id":"https:\/\/3coty.com\/fi\/p\/34-turkey-780\/#primaryimage"},"thumbnailUrl":"https:\/\/3coty.com\/wp-content\/uploads\/2025\/07\/3coty-p-34-780-01.jpg","datePublished":"2025-05-25T08:18:26+00:00","dateModified":"2026-04-14T10:53:43+00:00","breadcrumb":{"@id":"https:\/\/3coty.com\/fi\/p\/34-turkey-780\/#breadcrumb"},"inLanguage":"fi","potentialAction":[{"@type":"ReadAction","target":["https:\/\/3coty.com\/fi\/p\/34-turkey-780\/"]}]},{"@type":"ImageObject","inLanguage":"fi","@id":"https:\/\/3coty.com\/fi\/p\/34-turkey-780\/#primaryimage","url":"https:\/\/3coty.com\/wp-content\/uploads\/2025\/07\/3coty-p-34-780-01.jpg","contentUrl":"https:\/\/3coty.com\/wp-content\/uploads\/2025\/07\/3coty-p-34-780-01.jpg","width":1024,"height":1024},{"@type":"BreadcrumbList","@id":"https:\/\/3coty.com\/fi\/p\/34-turkey-780\/#breadcrumb","itemListElement":[{"@type":"ListItem","position":1,"name":"Home","item":"https:\/\/3coty.com\/fi\/"},{"@type":"ListItem","position":2,"name":"KAUPPA","item":"https:\/\/3coty.com\/fi\/shop\/"},{"@type":"ListItem","position":3,"name":"34. KALKKUNA 780"}]},{"@type":"WebSite","@id":"https:\/\/3coty.com\/fi\/#website","url":"https:\/\/3coty.com\/fi\/","name":"3coty\u00ae","description":"Meat-only Cat Food","publisher":{"@id":"https:\/\/3coty.com\/fi\/#organization"},"potentialAction":[{"@type":"SearchAction","target":{"@type":"EntryPoint","urlTemplate":"https:\/\/3coty.com\/fi\/?s={search_term_string}"},"query-input":{"@type":"PropertyValueSpecification","valueRequired":true,"valueName":"search_term_string"}}],"inLanguage":"fi"},{"@type":"Organization","@id":"https:\/\/3coty.com\/fi\/#organization","name":"3coty\u00ae","alternateName":"3coty","url":"https:\/\/3coty.com\/fi\/","logo":{"@type":"ImageObject","inLanguage":"fi","@id":"https:\/\/3coty.com\/fi\/#\/schema\/logo\/image\/","url":"https:\/\/3coty.com\/wp-content\/uploads\/2025\/05\/icon-3coty-logo.svg","contentUrl":"https:\/\/3coty.com\/wp-content\/uploads\/2025\/05\/icon-3coty-logo.svg","width":283,"height":283,"caption":"3coty\u00ae"},"image":{"@id":"https:\/\/3coty.com\/fi\/#\/schema\/logo\/image\/"},"sameAs":["https:\/\/www.facebook.com\/3coty","https:\/\/x.com\/3cotyCom","https:\/\/www.instagram.com\/3coty","https:\/\/www.linkedin.com\/company\/3coty","https:\/\/www.youtube.com\/@3coty"]}]},"product_price_amount":"10.35","product_price_currency":"EUR","og_availability":"out of stock","product_availability":"out of stock","product_retailer_item_id":"780T 34TU \/ 5901785310054","product_condition":"new"},"_links":{"self":[{"href":"https:\/\/3coty.com\/fi\/wp-json\/wp\/v2\/product\/31094","targetHints":{"allow":["GET"]}}],"collection":[{"href":"https:\/\/3coty.com\/fi\/wp-json\/wp\/v2\/product"}],"about":[{"href":"https:\/\/3coty.com\/fi\/wp-json\/wp\/v2\/types\/product"}],"version-history":[{"count":3,"href":"https:\/\/3coty.com\/fi\/wp-json\/wp\/v2\/product\/31094\/revisions"}],"predecessor-version":[{"id":49875,"href":"https:\/\/3coty.com\/fi\/wp-json\/wp\/v2\/product\/31094\/revisions\/49875"}],"wp:featuredmedia":[{"embeddable":true,"href":"https:\/\/3coty.com\/fi\/wp-json\/wp\/v2\/media\/49742"}],"wp:attachment":[{"href":"https:\/\/3coty.com\/fi\/wp-json\/wp\/v2\/media?parent=31094"}],"wp:term":[{"taxonomy":"product_brand","embeddable":true,"href":"https:\/\/3coty.com\/fi\/wp-json\/wp\/v2\/product_brand?post=31094"},{"taxonomy":"product_cat","embeddable":true,"href":"https:\/\/3coty.com\/fi\/wp-json\/wp\/v2\/product_cat?post=31094"},{"taxonomy":"product_tag","embeddable":true,"href":"https:\/\/3coty.com\/fi\/wp-json\/wp\/v2\/product_tag?post=31094"}],"curies":[{"name":"wp","href":"https:\/\/api.w.org\/{rel}","templated":true}]}}