{"id":31043,"date":"2025-05-23T15:27:12","date_gmt":"2025-05-23T15:27:12","guid":{"rendered":"https:\/\/3coty.com\/p\/12-chicken-duck-080\/"},"modified":"2026-03-17T18:50:14","modified_gmt":"2026-03-17T18:50:14","slug":"12-chicken-duck-080","status":"publish","type":"product","link":"https:\/\/3coty.com\/fi\/p\/12-chicken-duck-080\/","title":{"rendered":"12. KANA + ANKKA 080"},"content":{"rendered":"<p><a href=\"https:\/\/3coty.com\/wp-content\/uploads\/2025\/07\/3coty-p-12-tab-1.svg\"><img fetchpriority=\"high\" decoding=\"async\" class=\"alignnone size-full wp-image-56912\" role=\"img\" src=\"https:\/\/3coty.com\/wp-content\/uploads\/2025\/07\/3coty-p-12-tab-1.svg\" alt=\"\" width=\"283\" height=\"283\" \/><\/a><\/p>\n<h2>LUONNONMUKAINEN JA TASAPAINOITETTU 3COTY\u00ae T\u00c4YSRAVINTO KISSOILLE<\/h2>\n<p><strong>100% LUONNOLLISIA LIHA-AINESOSIA keitettyn\u00e4 omassa ravitsevassa lihaliemess\u00e4\u00e4n<\/strong><\/p>\n<p>Kanan- ja ankanlihan sek\u00e4 sis\u00e4elinten yhdistelm\u00e4 antaa t\u00e4lle kahta proteiinia sis\u00e4lt\u00e4v\u00e4lle kissanruoalle runsaasti makua, mutta se pysyy kuitenkin miedon makuisena. T\u00e4m\u00e4 tekee siit\u00e4 hyv\u00e4n maun esitell\u00e4 3coty\u00ae ainoastaan lihaa sis\u00e4lt\u00e4v\u00e4n ravitsevan kissanruoan. T\u00e4m\u00e4 voi my\u00f6s olla hyv\u00e4 maku tarjota kissoille, jotka ovat olleet kanaruokavaliolla, koska ankka voi olla hyv\u00e4 vaihtoehto allergisille kissoille.<\/p>\n<p>T\u00e4ynn\u00e4 makua oleva kahden proteiinin miedonmakuinen kissanruoka joka on valmistettu kanan- ja ankanlihasta sek\u00e4 sis\u00e4elimist\u00e4.<\/p>\n","protected":false},"excerpt":{"rendered":"<p><a href=\"https:\/\/3coty.com\/wp-content\/uploads\/2025\/07\/3coty-p-12-description-1.svg\"><img decoding=\"async\" class=\"alignnone size-medium wp-image-56876\" role=\"img\" src=\"https:\/\/3coty.com\/wp-content\/uploads\/2025\/07\/3coty-p-12-description-1.svg\" alt=\"\" width=\"300\" height=\"300\" \/><\/a><\/p>\n<p><strong>AIKUISELLE KISSALLE<\/strong> | PAT\u00c9 | DUOPROTEIININEN KISSANRUOKA<\/p>\n<p><a href=\"https:\/\/3coty.com\/wp-content\/uploads\/2025\/07\/3coty-p-12-description-2.svg\"><img decoding=\"async\" class=\"alignnone size-full wp-image-56894\" role=\"img\" src=\"https:\/\/3coty.com\/wp-content\/uploads\/2025\/07\/3coty-p-12-description-2.svg\" alt=\"\" width=\"506\" height=\"85\" \/><\/a><\/p>\n","protected":false},"featured_media":56953,"template":"","meta":{"_acf_changed":false},"product_brand":[],"product_cat":[356],"product_tag":[889],"class_list":{"0":"post-31043","1":"product","2":"type-product","3":"status-publish","4":"has-post-thumbnail","6":"product_cat-for-adult-cats","7":"product_tag-12cd","9":"first","10":"outofstock","11":"featured","12":"taxable","13":"shipping-taxable","14":"purchasable","15":"product-type-simple"},"acf":[],"yoast_head":"<!-- This site is optimized with the Yoast SEO Premium plugin v27.4 (Yoast SEO v27.4) - https:\/\/yoast.com\/product\/yoast-seo-premium-wordpress\/ -->\n<title>12. KANA + ANKKA 080 - 3coty\u00ae<\/title>\n<meta name=\"robots\" content=\"index, follow, max-snippet:-1, max-image-preview:large, max-video-preview:-1\" \/>\n<link rel=\"canonical\" href=\"https:\/\/3coty.com\/fi\/p\/12-chicken-duck-080\/\" \/>\n<meta property=\"og:locale\" content=\"fi_FI\" \/>\n<meta property=\"og:type\" content=\"article\" \/>\n<meta property=\"og:title\" content=\"12. KANA + ANKKA 080\" \/>\n<meta property=\"og:description\" content=\"AIKUISELLE KISSALLE | PAT\u00c9 | DUOPROTEIININEN KISSANRUOKA\" \/>\n<meta property=\"og:url\" content=\"https:\/\/3coty.com\/fi\/p\/12-chicken-duck-080\/\" \/>\n<meta property=\"og:site_name\" content=\"3coty\u00ae\" \/>\n<meta property=\"article:publisher\" content=\"https:\/\/www.facebook.com\/3coty\" \/>\n<meta property=\"article:modified_time\" content=\"2026-03-17T18:50:14+00:00\" \/>\n<meta property=\"og:image\" content=\"https:\/\/3coty.com\/wp-content\/uploads\/2025\/07\/3coty-p-12-080-01.jpg\" \/>\n\t<meta property=\"og:image:width\" content=\"1024\" \/>\n\t<meta property=\"og:image:height\" content=\"1024\" \/>\n\t<meta property=\"og:image:type\" content=\"image\/jpeg\" \/>\n<meta name=\"twitter:card\" content=\"summary_large_image\" \/>\n<meta name=\"twitter:site\" content=\"@3cotyCom\" \/>\n<meta name=\"twitter:label1\" content=\"Hinta\" \/>\n\t<meta name=\"twitter:data1\" content=\"\u20ac&nbsp;2.50\" \/>\n\t<meta name=\"twitter:label2\" content=\"Saatavuus\" \/>\n\t<meta name=\"twitter:data2\" content=\"Loppu varastosta\" \/>\n<script type=\"application\/ld+json\" class=\"yoast-schema-graph\">{\"@context\":\"https:\\\/\\\/schema.org\",\"@graph\":[{\"@type\":\"WebPage\",\"@id\":\"https:\\\/\\\/3coty.com\\\/fi\\\/p\\\/12-chicken-duck-080\\\/\",\"url\":\"https:\\\/\\\/3coty.com\\\/fi\\\/p\\\/12-chicken-duck-080\\\/\",\"name\":\"12. KANA + ANKKA 080 - 3coty\u00ae\",\"isPartOf\":{\"@id\":\"https:\\\/\\\/3coty.com\\\/fi\\\/#website\"},\"primaryImageOfPage\":{\"@id\":\"https:\\\/\\\/3coty.com\\\/fi\\\/p\\\/12-chicken-duck-080\\\/#primaryimage\"},\"image\":{\"@id\":\"https:\\\/\\\/3coty.com\\\/fi\\\/p\\\/12-chicken-duck-080\\\/#primaryimage\"},\"thumbnailUrl\":\"https:\\\/\\\/3coty.com\\\/wp-content\\\/uploads\\\/2025\\\/07\\\/3coty-p-12-080-01.jpg\",\"datePublished\":\"2025-05-23T15:27:12+00:00\",\"dateModified\":\"2026-03-17T18:50:14+00:00\",\"breadcrumb\":{\"@id\":\"https:\\\/\\\/3coty.com\\\/fi\\\/p\\\/12-chicken-duck-080\\\/#breadcrumb\"},\"inLanguage\":\"fi\",\"potentialAction\":[{\"@type\":\"ReadAction\",\"target\":[\"https:\\\/\\\/3coty.com\\\/fi\\\/p\\\/12-chicken-duck-080\\\/\"]}]},{\"@type\":\"ImageObject\",\"inLanguage\":\"fi\",\"@id\":\"https:\\\/\\\/3coty.com\\\/fi\\\/p\\\/12-chicken-duck-080\\\/#primaryimage\",\"url\":\"https:\\\/\\\/3coty.com\\\/wp-content\\\/uploads\\\/2025\\\/07\\\/3coty-p-12-080-01.jpg\",\"contentUrl\":\"https:\\\/\\\/3coty.com\\\/wp-content\\\/uploads\\\/2025\\\/07\\\/3coty-p-12-080-01.jpg\",\"width\":1024,\"height\":1024},{\"@type\":\"BreadcrumbList\",\"@id\":\"https:\\\/\\\/3coty.com\\\/fi\\\/p\\\/12-chicken-duck-080\\\/#breadcrumb\",\"itemListElement\":[{\"@type\":\"ListItem\",\"position\":1,\"name\":\"Home\",\"item\":\"https:\\\/\\\/3coty.com\\\/fi\\\/\"},{\"@type\":\"ListItem\",\"position\":2,\"name\":\"KAUPPA\",\"item\":\"https:\\\/\\\/3coty.com\\\/fi\\\/shop\\\/\"},{\"@type\":\"ListItem\",\"position\":3,\"name\":\"12. KANA + ANKKA 080\"}]},{\"@type\":\"WebSite\",\"@id\":\"https:\\\/\\\/3coty.com\\\/fi\\\/#website\",\"url\":\"https:\\\/\\\/3coty.com\\\/fi\\\/\",\"name\":\"3coty\u00ae\",\"description\":\"Meat-only Cat Food\",\"publisher\":{\"@id\":\"https:\\\/\\\/3coty.com\\\/fi\\\/#organization\"},\"potentialAction\":[{\"@type\":\"SearchAction\",\"target\":{\"@type\":\"EntryPoint\",\"urlTemplate\":\"https:\\\/\\\/3coty.com\\\/fi\\\/?s={search_term_string}\"},\"query-input\":{\"@type\":\"PropertyValueSpecification\",\"valueRequired\":true,\"valueName\":\"search_term_string\"}}],\"inLanguage\":\"fi\"},{\"@type\":\"Organization\",\"@id\":\"https:\\\/\\\/3coty.com\\\/fi\\\/#organization\",\"name\":\"3coty\u00ae\",\"alternateName\":\"3coty\",\"url\":\"https:\\\/\\\/3coty.com\\\/fi\\\/\",\"logo\":{\"@type\":\"ImageObject\",\"inLanguage\":\"fi\",\"@id\":\"https:\\\/\\\/3coty.com\\\/fi\\\/#\\\/schema\\\/logo\\\/image\\\/\",\"url\":\"https:\\\/\\\/3coty.com\\\/wp-content\\\/uploads\\\/2025\\\/05\\\/icon-3coty-logo.svg\",\"contentUrl\":\"https:\\\/\\\/3coty.com\\\/wp-content\\\/uploads\\\/2025\\\/05\\\/icon-3coty-logo.svg\",\"width\":283,\"height\":283,\"caption\":\"3coty\u00ae\"},\"image\":{\"@id\":\"https:\\\/\\\/3coty.com\\\/fi\\\/#\\\/schema\\\/logo\\\/image\\\/\"},\"sameAs\":[\"https:\\\/\\\/www.facebook.com\\\/3coty\",\"https:\\\/\\\/x.com\\\/3cotyCom\",\"https:\\\/\\\/www.instagram.com\\\/3coty\",\"https:\\\/\\\/www.linkedin.com\\\/company\\\/3coty\",\"https:\\\/\\\/www.youtube.com\\\/@3coty\"]}]}<\/script>\n<meta property=\"product:price:amount\" content=\"2.50\" \/>\n<meta property=\"product:price:currency\" content=\"EUR\" \/>\n<meta property=\"og:availability\" content=\"out of stock\" \/>\n<meta property=\"product:availability\" content=\"out of stock\" \/>\n<meta property=\"product:retailer_item_id\" content=\"080T 12CD \/ 5901785316223\" \/>\n<meta property=\"product:condition\" content=\"new\" \/>\n<!-- \/ Yoast SEO Premium plugin. -->","yoast_head_json":{"title":"12. KANA + ANKKA 080 - 3coty\u00ae","robots":{"index":"index","follow":"follow","max-snippet":"max-snippet:-1","max-image-preview":"max-image-preview:large","max-video-preview":"max-video-preview:-1"},"canonical":"https:\/\/3coty.com\/fi\/p\/12-chicken-duck-080\/","og_locale":"fi_FI","og_type":"article","og_title":"12. KANA + ANKKA 080","og_description":"AIKUISELLE KISSALLE | PAT\u00c9 | DUOPROTEIININEN KISSANRUOKA","og_url":"https:\/\/3coty.com\/fi\/p\/12-chicken-duck-080\/","og_site_name":"3coty\u00ae","article_publisher":"https:\/\/www.facebook.com\/3coty","article_modified_time":"2026-03-17T18:50:14+00:00","og_image":[{"width":1024,"height":1024,"url":"https:\/\/3coty.com\/wp-content\/uploads\/2025\/07\/3coty-p-12-080-01.jpg","type":"image\/jpeg"}],"twitter_card":"summary_large_image","twitter_site":"@3cotyCom","twitter_misc":{"Hinta":"\u20ac&nbsp;2.50","Saatavuus":"Loppu varastosta"},"schema":{"@context":"https:\/\/schema.org","@graph":[{"@type":"WebPage","@id":"https:\/\/3coty.com\/fi\/p\/12-chicken-duck-080\/","url":"https:\/\/3coty.com\/fi\/p\/12-chicken-duck-080\/","name":"12. KANA + ANKKA 080 - 3coty\u00ae","isPartOf":{"@id":"https:\/\/3coty.com\/fi\/#website"},"primaryImageOfPage":{"@id":"https:\/\/3coty.com\/fi\/p\/12-chicken-duck-080\/#primaryimage"},"image":{"@id":"https:\/\/3coty.com\/fi\/p\/12-chicken-duck-080\/#primaryimage"},"thumbnailUrl":"https:\/\/3coty.com\/wp-content\/uploads\/2025\/07\/3coty-p-12-080-01.jpg","datePublished":"2025-05-23T15:27:12+00:00","dateModified":"2026-03-17T18:50:14+00:00","breadcrumb":{"@id":"https:\/\/3coty.com\/fi\/p\/12-chicken-duck-080\/#breadcrumb"},"inLanguage":"fi","potentialAction":[{"@type":"ReadAction","target":["https:\/\/3coty.com\/fi\/p\/12-chicken-duck-080\/"]}]},{"@type":"ImageObject","inLanguage":"fi","@id":"https:\/\/3coty.com\/fi\/p\/12-chicken-duck-080\/#primaryimage","url":"https:\/\/3coty.com\/wp-content\/uploads\/2025\/07\/3coty-p-12-080-01.jpg","contentUrl":"https:\/\/3coty.com\/wp-content\/uploads\/2025\/07\/3coty-p-12-080-01.jpg","width":1024,"height":1024},{"@type":"BreadcrumbList","@id":"https:\/\/3coty.com\/fi\/p\/12-chicken-duck-080\/#breadcrumb","itemListElement":[{"@type":"ListItem","position":1,"name":"Home","item":"https:\/\/3coty.com\/fi\/"},{"@type":"ListItem","position":2,"name":"KAUPPA","item":"https:\/\/3coty.com\/fi\/shop\/"},{"@type":"ListItem","position":3,"name":"12. KANA + ANKKA 080"}]},{"@type":"WebSite","@id":"https:\/\/3coty.com\/fi\/#website","url":"https:\/\/3coty.com\/fi\/","name":"3coty\u00ae","description":"Meat-only Cat Food","publisher":{"@id":"https:\/\/3coty.com\/fi\/#organization"},"potentialAction":[{"@type":"SearchAction","target":{"@type":"EntryPoint","urlTemplate":"https:\/\/3coty.com\/fi\/?s={search_term_string}"},"query-input":{"@type":"PropertyValueSpecification","valueRequired":true,"valueName":"search_term_string"}}],"inLanguage":"fi"},{"@type":"Organization","@id":"https:\/\/3coty.com\/fi\/#organization","name":"3coty\u00ae","alternateName":"3coty","url":"https:\/\/3coty.com\/fi\/","logo":{"@type":"ImageObject","inLanguage":"fi","@id":"https:\/\/3coty.com\/fi\/#\/schema\/logo\/image\/","url":"https:\/\/3coty.com\/wp-content\/uploads\/2025\/05\/icon-3coty-logo.svg","contentUrl":"https:\/\/3coty.com\/wp-content\/uploads\/2025\/05\/icon-3coty-logo.svg","width":283,"height":283,"caption":"3coty\u00ae"},"image":{"@id":"https:\/\/3coty.com\/fi\/#\/schema\/logo\/image\/"},"sameAs":["https:\/\/www.facebook.com\/3coty","https:\/\/x.com\/3cotyCom","https:\/\/www.instagram.com\/3coty","https:\/\/www.linkedin.com\/company\/3coty","https:\/\/www.youtube.com\/@3coty"]}]},"product_price_amount":"2.50","product_price_currency":"EUR","og_availability":"out of stock","product_availability":"out of stock","product_retailer_item_id":"080T 12CD \/ 5901785316223","product_condition":"new"},"_links":{"self":[{"href":"https:\/\/3coty.com\/fi\/wp-json\/wp\/v2\/product\/31043","targetHints":{"allow":["GET"]}}],"collection":[{"href":"https:\/\/3coty.com\/fi\/wp-json\/wp\/v2\/product"}],"about":[{"href":"https:\/\/3coty.com\/fi\/wp-json\/wp\/v2\/types\/product"}],"version-history":[{"count":3,"href":"https:\/\/3coty.com\/fi\/wp-json\/wp\/v2\/product\/31043\/revisions"}],"predecessor-version":[{"id":57335,"href":"https:\/\/3coty.com\/fi\/wp-json\/wp\/v2\/product\/31043\/revisions\/57335"}],"wp:featuredmedia":[{"embeddable":true,"href":"https:\/\/3coty.com\/fi\/wp-json\/wp\/v2\/media\/56953"}],"wp:attachment":[{"href":"https:\/\/3coty.com\/fi\/wp-json\/wp\/v2\/media?parent=31043"}],"wp:term":[{"taxonomy":"product_brand","embeddable":true,"href":"https:\/\/3coty.com\/fi\/wp-json\/wp\/v2\/product_brand?post=31043"},{"taxonomy":"product_cat","embeddable":true,"href":"https:\/\/3coty.com\/fi\/wp-json\/wp\/v2\/product_cat?post=31043"},{"taxonomy":"product_tag","embeddable":true,"href":"https:\/\/3coty.com\/fi\/wp-json\/wp\/v2\/product_tag?post=31043"}],"curies":[{"name":"wp","href":"https:\/\/api.w.org\/{rel}","templated":true}]}}