{"id":31038,"date":"2025-05-23T12:55:36","date_gmt":"2025-05-23T12:55:36","guid":{"rendered":"https:\/\/3coty.com\/p\/08-turkey-780\/"},"modified":"2026-03-17T18:48:24","modified_gmt":"2026-03-17T18:48:24","slug":"08-turkey-780","status":"publish","type":"product","link":"https:\/\/3coty.com\/fi\/p\/08-turkey-780\/","title":{"rendered":"08. KALKKUNA 780"},"content":{"rendered":"<p><a href=\"https:\/\/3coty.com\/wp-content\/uploads\/2025\/07\/3coty-p-08-tab-1.svg\"><img fetchpriority=\"high\" decoding=\"async\" class=\"alignnone size-full wp-image-58452\" role=\"img\" src=\"https:\/\/3coty.com\/wp-content\/uploads\/2025\/07\/3coty-p-08-tab-1.svg\" alt=\"\" width=\"283\" height=\"283\" \/><\/a><\/p>\n<h2>LUONNONMUKAINEN JA TASAPAINOITETTU 3COTY\u00ae T\u00c4YSRAVINTO KISSOILLE<\/h2>\n<p><strong>99,5% LUONNOLLISIA LIHA-AINESOSIA keitettyn\u00e4 omassa ravitsevassa lihaliemess\u00e4\u00e4n, 0,5% SPIRULINA<\/strong><\/p>\n<p>T\u00e4m\u00e4n luonnollisen kissan m\u00e4rk\u00e4ruoan sis\u00e4lt\u00e4m\u00e4 kalkkuna ja spirulina tarjoavat kaikki tasapainoisen ruokavalion ravintoaineet yhdest\u00e4 purkista. Lev\u00e4t vahvistavat toipuvien kissojen immuunij\u00e4rjestelm\u00e4\u00e4 sek\u00e4 v\u00e4rj\u00e4\u00e4v\u00e4t ruoan hieman vihre\u00e4ksi. Kalkkunanliha on yksi parhaista proteiineista eliminaatiodieetti\u00e4 varten, v\u00e4h\u00e4rasvaiset palat tekev\u00e4t t\u00e4st\u00e4 ruokavaliosta sopivan diabeetikkokissoille.<\/p>\n<p>Spirulinalla tehostettuna t\u00e4m\u00e4 kalkkunan makuinen monoproteiini on ihanteellinen pate-muotoinen eliminaatiodieetti.<\/p>\n","protected":false},"excerpt":{"rendered":"<p><a href=\"https:\/\/3coty.com\/wp-content\/uploads\/2025\/07\/3coty-p-08-description-1.svg\"><img decoding=\"async\" class=\"alignnone size-medium wp-image-58416\" role=\"img\" src=\"https:\/\/3coty.com\/wp-content\/uploads\/2025\/07\/3coty-p-08-description-1.svg\" alt=\"\" width=\"300\" height=\"300\" \/><\/a><\/p>\n<p><strong>AIKUISELLE KISSALLE<\/strong> | PAT\u00c9 | MONOPROTEIININEN KISSANRUOKA<br \/>\n<strong>SPIRULINALLA<\/strong><\/p>\n<p><a href=\"https:\/\/3coty.com\/wp-content\/uploads\/2025\/07\/3coty-p-08-description-2.svg\"><img decoding=\"async\" class=\"alignnone size-full wp-image-58434\" role=\"img\" src=\"https:\/\/3coty.com\/wp-content\/uploads\/2025\/07\/3coty-p-08-description-2.svg\" alt=\"\" width=\"506\" height=\"85\" \/><\/a><\/p>\n","protected":false},"featured_media":58763,"template":"","meta":{"_acf_changed":false},"product_brand":[],"product_cat":[356],"product_tag":[849],"class_list":{"0":"post-31038","1":"product","2":"type-product","3":"status-publish","4":"has-post-thumbnail","6":"product_cat-for-adult-cats","7":"product_tag-08tu","9":"first","10":"outofstock","11":"featured","12":"taxable","13":"shipping-taxable","14":"purchasable","15":"product-type-simple"},"acf":[],"yoast_head":"<!-- This site is optimized with the Yoast SEO Premium plugin v27.4 (Yoast SEO v27.4) - https:\/\/yoast.com\/product\/yoast-seo-premium-wordpress\/ -->\n<title>08. KALKKUNA 780 - 3coty\u00ae<\/title>\n<meta name=\"robots\" content=\"index, follow, max-snippet:-1, max-image-preview:large, max-video-preview:-1\" \/>\n<link rel=\"canonical\" href=\"https:\/\/3coty.com\/fi\/p\/08-turkey-780\/\" \/>\n<meta property=\"og:locale\" content=\"fi_FI\" \/>\n<meta property=\"og:type\" content=\"article\" \/>\n<meta property=\"og:title\" content=\"08. KALKKUNA 780\" \/>\n<meta property=\"og:description\" content=\"AIKUISELLE KISSALLE | PAT\u00c9 | MONOPROTEIININEN KISSANRUOKA SPIRULINALLA\" \/>\n<meta property=\"og:url\" content=\"https:\/\/3coty.com\/fi\/p\/08-turkey-780\/\" \/>\n<meta property=\"og:site_name\" content=\"3coty\u00ae\" \/>\n<meta property=\"article:publisher\" content=\"https:\/\/www.facebook.com\/3coty\" \/>\n<meta property=\"article:modified_time\" content=\"2026-03-17T18:48:24+00:00\" \/>\n<meta property=\"og:image\" content=\"https:\/\/3coty.com\/wp-content\/uploads\/2025\/07\/3coty-p-08-780-01.jpg\" \/>\n\t<meta property=\"og:image:width\" content=\"1024\" \/>\n\t<meta property=\"og:image:height\" content=\"1024\" \/>\n\t<meta property=\"og:image:type\" content=\"image\/jpeg\" \/>\n<meta name=\"twitter:card\" content=\"summary_large_image\" \/>\n<meta name=\"twitter:site\" content=\"@3cotyCom\" \/>\n<meta name=\"twitter:label1\" content=\"Hinta\" \/>\n\t<meta name=\"twitter:data1\" content=\"\u20ac&nbsp;8.50\" \/>\n\t<meta name=\"twitter:label2\" content=\"Saatavuus\" \/>\n\t<meta name=\"twitter:data2\" content=\"Loppu varastosta\" \/>\n<script type=\"application\/ld+json\" class=\"yoast-schema-graph\">{\"@context\":\"https:\\\/\\\/schema.org\",\"@graph\":[{\"@type\":\"WebPage\",\"@id\":\"https:\\\/\\\/3coty.com\\\/fi\\\/p\\\/08-turkey-780\\\/\",\"url\":\"https:\\\/\\\/3coty.com\\\/fi\\\/p\\\/08-turkey-780\\\/\",\"name\":\"08. KALKKUNA 780 - 3coty\u00ae\",\"isPartOf\":{\"@id\":\"https:\\\/\\\/3coty.com\\\/fi\\\/#website\"},\"primaryImageOfPage\":{\"@id\":\"https:\\\/\\\/3coty.com\\\/fi\\\/p\\\/08-turkey-780\\\/#primaryimage\"},\"image\":{\"@id\":\"https:\\\/\\\/3coty.com\\\/fi\\\/p\\\/08-turkey-780\\\/#primaryimage\"},\"thumbnailUrl\":\"https:\\\/\\\/3coty.com\\\/wp-content\\\/uploads\\\/2025\\\/07\\\/3coty-p-08-780-01.jpg\",\"datePublished\":\"2025-05-23T12:55:36+00:00\",\"dateModified\":\"2026-03-17T18:48:24+00:00\",\"breadcrumb\":{\"@id\":\"https:\\\/\\\/3coty.com\\\/fi\\\/p\\\/08-turkey-780\\\/#breadcrumb\"},\"inLanguage\":\"fi\",\"potentialAction\":[{\"@type\":\"ReadAction\",\"target\":[\"https:\\\/\\\/3coty.com\\\/fi\\\/p\\\/08-turkey-780\\\/\"]}]},{\"@type\":\"ImageObject\",\"inLanguage\":\"fi\",\"@id\":\"https:\\\/\\\/3coty.com\\\/fi\\\/p\\\/08-turkey-780\\\/#primaryimage\",\"url\":\"https:\\\/\\\/3coty.com\\\/wp-content\\\/uploads\\\/2025\\\/07\\\/3coty-p-08-780-01.jpg\",\"contentUrl\":\"https:\\\/\\\/3coty.com\\\/wp-content\\\/uploads\\\/2025\\\/07\\\/3coty-p-08-780-01.jpg\",\"width\":1024,\"height\":1024},{\"@type\":\"BreadcrumbList\",\"@id\":\"https:\\\/\\\/3coty.com\\\/fi\\\/p\\\/08-turkey-780\\\/#breadcrumb\",\"itemListElement\":[{\"@type\":\"ListItem\",\"position\":1,\"name\":\"Home\",\"item\":\"https:\\\/\\\/3coty.com\\\/fi\\\/\"},{\"@type\":\"ListItem\",\"position\":2,\"name\":\"KAUPPA\",\"item\":\"https:\\\/\\\/3coty.com\\\/fi\\\/shop\\\/\"},{\"@type\":\"ListItem\",\"position\":3,\"name\":\"08. KALKKUNA 780\"}]},{\"@type\":\"WebSite\",\"@id\":\"https:\\\/\\\/3coty.com\\\/fi\\\/#website\",\"url\":\"https:\\\/\\\/3coty.com\\\/fi\\\/\",\"name\":\"3coty\u00ae\",\"description\":\"Meat-only Cat Food\",\"publisher\":{\"@id\":\"https:\\\/\\\/3coty.com\\\/fi\\\/#organization\"},\"potentialAction\":[{\"@type\":\"SearchAction\",\"target\":{\"@type\":\"EntryPoint\",\"urlTemplate\":\"https:\\\/\\\/3coty.com\\\/fi\\\/?s={search_term_string}\"},\"query-input\":{\"@type\":\"PropertyValueSpecification\",\"valueRequired\":true,\"valueName\":\"search_term_string\"}}],\"inLanguage\":\"fi\"},{\"@type\":\"Organization\",\"@id\":\"https:\\\/\\\/3coty.com\\\/fi\\\/#organization\",\"name\":\"3coty\u00ae\",\"alternateName\":\"3coty\",\"url\":\"https:\\\/\\\/3coty.com\\\/fi\\\/\",\"logo\":{\"@type\":\"ImageObject\",\"inLanguage\":\"fi\",\"@id\":\"https:\\\/\\\/3coty.com\\\/fi\\\/#\\\/schema\\\/logo\\\/image\\\/\",\"url\":\"https:\\\/\\\/3coty.com\\\/wp-content\\\/uploads\\\/2025\\\/05\\\/icon-3coty-logo.svg\",\"contentUrl\":\"https:\\\/\\\/3coty.com\\\/wp-content\\\/uploads\\\/2025\\\/05\\\/icon-3coty-logo.svg\",\"width\":283,\"height\":283,\"caption\":\"3coty\u00ae\"},\"image\":{\"@id\":\"https:\\\/\\\/3coty.com\\\/fi\\\/#\\\/schema\\\/logo\\\/image\\\/\"},\"sameAs\":[\"https:\\\/\\\/www.facebook.com\\\/3coty\",\"https:\\\/\\\/x.com\\\/3cotyCom\",\"https:\\\/\\\/www.instagram.com\\\/3coty\",\"https:\\\/\\\/www.linkedin.com\\\/company\\\/3coty\",\"https:\\\/\\\/www.youtube.com\\\/@3coty\"]}]}<\/script>\n<meta property=\"product:price:amount\" content=\"8.50\" \/>\n<meta property=\"product:price:currency\" content=\"EUR\" \/>\n<meta property=\"og:availability\" content=\"out of stock\" \/>\n<meta property=\"product:availability\" content=\"out of stock\" \/>\n<meta property=\"product:retailer_item_id\" content=\"780T 08TU \/ 5901785317367\" \/>\n<meta property=\"product:condition\" content=\"new\" \/>\n<!-- \/ Yoast SEO Premium plugin. -->","yoast_head_json":{"title":"08. KALKKUNA 780 - 3coty\u00ae","robots":{"index":"index","follow":"follow","max-snippet":"max-snippet:-1","max-image-preview":"max-image-preview:large","max-video-preview":"max-video-preview:-1"},"canonical":"https:\/\/3coty.com\/fi\/p\/08-turkey-780\/","og_locale":"fi_FI","og_type":"article","og_title":"08. KALKKUNA 780","og_description":"AIKUISELLE KISSALLE | PAT\u00c9 | MONOPROTEIININEN KISSANRUOKA SPIRULINALLA","og_url":"https:\/\/3coty.com\/fi\/p\/08-turkey-780\/","og_site_name":"3coty\u00ae","article_publisher":"https:\/\/www.facebook.com\/3coty","article_modified_time":"2026-03-17T18:48:24+00:00","og_image":[{"width":1024,"height":1024,"url":"https:\/\/3coty.com\/wp-content\/uploads\/2025\/07\/3coty-p-08-780-01.jpg","type":"image\/jpeg"}],"twitter_card":"summary_large_image","twitter_site":"@3cotyCom","twitter_misc":{"Hinta":"\u20ac&nbsp;8.50","Saatavuus":"Loppu varastosta"},"schema":{"@context":"https:\/\/schema.org","@graph":[{"@type":"WebPage","@id":"https:\/\/3coty.com\/fi\/p\/08-turkey-780\/","url":"https:\/\/3coty.com\/fi\/p\/08-turkey-780\/","name":"08. KALKKUNA 780 - 3coty\u00ae","isPartOf":{"@id":"https:\/\/3coty.com\/fi\/#website"},"primaryImageOfPage":{"@id":"https:\/\/3coty.com\/fi\/p\/08-turkey-780\/#primaryimage"},"image":{"@id":"https:\/\/3coty.com\/fi\/p\/08-turkey-780\/#primaryimage"},"thumbnailUrl":"https:\/\/3coty.com\/wp-content\/uploads\/2025\/07\/3coty-p-08-780-01.jpg","datePublished":"2025-05-23T12:55:36+00:00","dateModified":"2026-03-17T18:48:24+00:00","breadcrumb":{"@id":"https:\/\/3coty.com\/fi\/p\/08-turkey-780\/#breadcrumb"},"inLanguage":"fi","potentialAction":[{"@type":"ReadAction","target":["https:\/\/3coty.com\/fi\/p\/08-turkey-780\/"]}]},{"@type":"ImageObject","inLanguage":"fi","@id":"https:\/\/3coty.com\/fi\/p\/08-turkey-780\/#primaryimage","url":"https:\/\/3coty.com\/wp-content\/uploads\/2025\/07\/3coty-p-08-780-01.jpg","contentUrl":"https:\/\/3coty.com\/wp-content\/uploads\/2025\/07\/3coty-p-08-780-01.jpg","width":1024,"height":1024},{"@type":"BreadcrumbList","@id":"https:\/\/3coty.com\/fi\/p\/08-turkey-780\/#breadcrumb","itemListElement":[{"@type":"ListItem","position":1,"name":"Home","item":"https:\/\/3coty.com\/fi\/"},{"@type":"ListItem","position":2,"name":"KAUPPA","item":"https:\/\/3coty.com\/fi\/shop\/"},{"@type":"ListItem","position":3,"name":"08. KALKKUNA 780"}]},{"@type":"WebSite","@id":"https:\/\/3coty.com\/fi\/#website","url":"https:\/\/3coty.com\/fi\/","name":"3coty\u00ae","description":"Meat-only Cat Food","publisher":{"@id":"https:\/\/3coty.com\/fi\/#organization"},"potentialAction":[{"@type":"SearchAction","target":{"@type":"EntryPoint","urlTemplate":"https:\/\/3coty.com\/fi\/?s={search_term_string}"},"query-input":{"@type":"PropertyValueSpecification","valueRequired":true,"valueName":"search_term_string"}}],"inLanguage":"fi"},{"@type":"Organization","@id":"https:\/\/3coty.com\/fi\/#organization","name":"3coty\u00ae","alternateName":"3coty","url":"https:\/\/3coty.com\/fi\/","logo":{"@type":"ImageObject","inLanguage":"fi","@id":"https:\/\/3coty.com\/fi\/#\/schema\/logo\/image\/","url":"https:\/\/3coty.com\/wp-content\/uploads\/2025\/05\/icon-3coty-logo.svg","contentUrl":"https:\/\/3coty.com\/wp-content\/uploads\/2025\/05\/icon-3coty-logo.svg","width":283,"height":283,"caption":"3coty\u00ae"},"image":{"@id":"https:\/\/3coty.com\/fi\/#\/schema\/logo\/image\/"},"sameAs":["https:\/\/www.facebook.com\/3coty","https:\/\/x.com\/3cotyCom","https:\/\/www.instagram.com\/3coty","https:\/\/www.linkedin.com\/company\/3coty","https:\/\/www.youtube.com\/@3coty"]}]},"product_price_amount":"8.50","product_price_currency":"EUR","og_availability":"out of stock","product_availability":"out of stock","product_retailer_item_id":"780T 08TU \/ 5901785317367","product_condition":"new"},"_links":{"self":[{"href":"https:\/\/3coty.com\/fi\/wp-json\/wp\/v2\/product\/31038","targetHints":{"allow":["GET"]}}],"collection":[{"href":"https:\/\/3coty.com\/fi\/wp-json\/wp\/v2\/product"}],"about":[{"href":"https:\/\/3coty.com\/fi\/wp-json\/wp\/v2\/types\/product"}],"version-history":[{"count":3,"href":"https:\/\/3coty.com\/fi\/wp-json\/wp\/v2\/product\/31038\/revisions"}],"predecessor-version":[{"id":58878,"href":"https:\/\/3coty.com\/fi\/wp-json\/wp\/v2\/product\/31038\/revisions\/58878"}],"wp:featuredmedia":[{"embeddable":true,"href":"https:\/\/3coty.com\/fi\/wp-json\/wp\/v2\/media\/58763"}],"wp:attachment":[{"href":"https:\/\/3coty.com\/fi\/wp-json\/wp\/v2\/media?parent=31038"}],"wp:term":[{"taxonomy":"product_brand","embeddable":true,"href":"https:\/\/3coty.com\/fi\/wp-json\/wp\/v2\/product_brand?post=31038"},{"taxonomy":"product_cat","embeddable":true,"href":"https:\/\/3coty.com\/fi\/wp-json\/wp\/v2\/product_cat?post=31038"},{"taxonomy":"product_tag","embeddable":true,"href":"https:\/\/3coty.com\/fi\/wp-json\/wp\/v2\/product_tag?post=31038"}],"curies":[{"name":"wp","href":"https:\/\/api.w.org\/{rel}","templated":true}]}}