{"id":31031,"date":"2025-05-23T11:38:22","date_gmt":"2025-05-23T11:38:22","guid":{"rendered":"https:\/\/3coty.com\/p\/07-turkey-080\/"},"modified":"2026-03-17T18:46:05","modified_gmt":"2026-03-17T18:46:05","slug":"07-turkey-080","status":"publish","type":"product","link":"https:\/\/3coty.com\/fi\/p\/07-turkey-080\/","title":{"rendered":"07. KALKKUNA 080"},"content":{"rendered":"<p><a href=\"https:\/\/3coty.com\/wp-content\/uploads\/2025\/07\/3coty-p-07-tab-1.svg\"><img fetchpriority=\"high\" decoding=\"async\" class=\"alignnone size-full wp-image-59665\" role=\"img\" src=\"https:\/\/3coty.com\/wp-content\/uploads\/2025\/07\/3coty-p-07-tab-1.svg\" alt=\"\" width=\"283\" height=\"283\" \/><\/a><\/p>\n<h2>LUONNONMUKAINEN JA TASAPAINOITETTU 3COTY\u00ae T\u00c4YSRAVINTO KISSOILLE<\/h2>\n<p><strong>100% LUONNOLLISIA LIHA-AINESOSIA keitettyn\u00e4 omassa ravitsevassa lihaliemess\u00e4\u00e4n<\/strong><\/p>\n<p>Luonnollinen, t\u00e4ydellinen ja tasapainoinen monoproteiininen kissanruoka, joka on valmistettu 100-prosenttisesti omassa liemess\u00e4\u00e4n kypsennetyst\u00e4 kalkkunasta. Ihanteellinen monoproteiiniruoka eliminointidieetti\u00e4 varten, kun ep\u00e4ill\u00e4\u00e4n ruoka-aineallergioita. Se ei kuitenkaan sovellu vain t\u00e4h\u00e4n tilanteeseen, vaan sen silputtu rakenne sopii kissoille, jotka rakastavat pureskella ruokaansa luonnossa. Monien aikuisten bengalien ja brittil\u00e4isten lyhytkarvaisten ja muiden isompien rotujen suosima ruoka, jota kissanpentujen voi olla vaikea sy\u00f6d\u00e4.<\/p>\n<p>Isoja paloja silputtua kalkkunaa omassa hyytel\u00f6ss\u00e4\u00e4n, t\u00e4m\u00e4 monoproteiininen kissanruoka on ihanteellinen eliminaatiodieetille.<\/p>\n","protected":false},"excerpt":{"rendered":"<p><a href=\"https:\/\/3coty.com\/wp-content\/uploads\/2025\/07\/3coty-p-07-description-1.svg\"><img decoding=\"async\" class=\"alignnone size-medium wp-image-59629\" role=\"img\" src=\"https:\/\/3coty.com\/wp-content\/uploads\/2025\/07\/3coty-p-07-description-1.svg\" alt=\"\" width=\"300\" height=\"300\" \/><\/a><\/p>\n<p><strong>AIKUISELLE KISSALLE<\/strong> | SILPUTTU | MONOPROTEIININEN KISSANRUOKA<\/p>\n<p><a href=\"https:\/\/3coty.com\/wp-content\/uploads\/2025\/07\/3coty-p-07-description-2.svg\"><img decoding=\"async\" class=\"alignnone size-full wp-image-59647\" role=\"img\" src=\"https:\/\/3coty.com\/wp-content\/uploads\/2025\/07\/3coty-p-07-description-2.svg\" alt=\"\" width=\"506\" height=\"85\" \/><\/a><\/p>\n","protected":false},"featured_media":59116,"template":"","meta":{"_acf_changed":false},"product_brand":[1952],"product_cat":[356],"product_tag":[843],"class_list":{"0":"post-31031","1":"product","2":"type-product","3":"status-publish","4":"has-post-thumbnail","6":"product_brand-3coty","7":"product_cat-for-adult-cats","8":"product_tag-07tu","10":"first","11":"instock","12":"featured","13":"taxable","14":"shipping-taxable","15":"purchasable","16":"product-type-simple"},"acf":[],"yoast_head":"<!-- This site is optimized with the Yoast SEO Premium plugin v27.4 (Yoast SEO v27.4) - https:\/\/yoast.com\/product\/yoast-seo-premium-wordpress\/ -->\n<title>07. KALKKUNA 080 (80g) | Aikuisille kissoille | 3coty\u00ae Luonnollinen Kissaruoka 100% Lihaa<\/title>\n<meta name=\"description\" content=\"T\u00e4m\u00e4 yksiproteiininen m\u00e4rk\u00e4ruoka, joka sis\u00e4lt\u00e4\u00e4 100% silputtua kalkkunanlihaa, on luonnollinen, t\u00e4ydellinen ja tasapainoinen ja se on kypsennetty omassa liemess\u00e4\u00e4n. Se on ihanteellinen aikuisille kissoille eliminointiruokavalioihin silloin kun ep\u00e4ill\u00e4\u00e4n ruoka allergiaa ja sopii erityisesti suurikokoisille kissoille, jotka nauttivat suuremmista lihapaloista. 3coty\u00ae kissanruoka on valmistettu vain lihasta.\" \/>\n<meta name=\"robots\" content=\"index, follow, max-snippet:-1, max-image-preview:large, max-video-preview:-1\" \/>\n<link rel=\"canonical\" href=\"https:\/\/3coty.com\/fi\/p\/07-turkey-080\/\" \/>\n<meta property=\"og:locale\" content=\"fi_FI\" \/>\n<meta property=\"og:type\" content=\"article\" \/>\n<meta property=\"og:title\" content=\"07. KALKKUNA 080 (80g) | Aikuisille kissoille | 3coty\u00ae Luonnollinen Kissaruoka 100% Lihaa\" \/>\n<meta property=\"og:description\" content=\"T\u00e4m\u00e4 yksiproteiininen m\u00e4rk\u00e4ruoka, joka sis\u00e4lt\u00e4\u00e4 100% silputtua kalkkunanlihaa, on luonnollinen, t\u00e4ydellinen ja tasapainoinen ja se on kypsennetty omassa liemess\u00e4\u00e4n. Se on ihanteellinen aikuisille kissoille eliminointiruokavalioihin silloin kun ep\u00e4ill\u00e4\u00e4n ruoka allergiaa ja sopii erityisesti suurikokoisille kissoille, jotka nauttivat suuremmista lihapaloista. 3coty\u00ae kissanruoka on valmistettu vain lihasta.\" \/>\n<meta property=\"og:url\" content=\"https:\/\/3coty.com\/fi\/p\/07-turkey-080\/\" \/>\n<meta property=\"og:site_name\" content=\"3coty\u00ae\" \/>\n<meta property=\"article:publisher\" content=\"https:\/\/www.facebook.com\/3coty\" \/>\n<meta property=\"article:modified_time\" content=\"2026-03-17T18:46:05+00:00\" \/>\n<meta property=\"og:image\" content=\"https:\/\/3coty.com\/wp-content\/uploads\/2025\/12\/3coty-07-turkey-080-meat-only-cat-food.jpg\" \/>\n\t<meta property=\"og:image:width\" content=\"1200\" \/>\n\t<meta property=\"og:image:height\" content=\"630\" \/>\n\t<meta property=\"og:image:type\" content=\"image\/jpeg\" \/>\n<meta name=\"twitter:card\" content=\"summary_large_image\" \/>\n<meta name=\"twitter:title\" content=\"07. KALKKUNA 080 (80g) | Aikuisille kissoille | 3coty\u00ae Luonnollinen Kissaruoka 100% Lihaa\" \/>\n<meta name=\"twitter:description\" content=\"T\u00e4m\u00e4 yksiproteiininen m\u00e4rk\u00e4ruoka, joka sis\u00e4lt\u00e4\u00e4 100% silputtua kalkkunanlihaa, on luonnollinen, t\u00e4ydellinen ja tasapainoinen ja se on kypsennetty omassa liemess\u00e4\u00e4n. Se on ihanteellinen aikuisille kissoille eliminointiruokavalioihin silloin kun ep\u00e4ill\u00e4\u00e4n ruoka allergiaa ja sopii erityisesti suurikokoisille kissoille, jotka nauttivat suuremmista lihapaloista. 3coty\u00ae kissanruoka on valmistettu vain lihasta.\" \/>\n<meta name=\"twitter:image\" content=\"https:\/\/3coty.com\/wp-content\/uploads\/2025\/12\/3coty-07-turkey-080-meat-only-cat-food.jpg\" \/>\n<meta name=\"twitter:site\" content=\"@3cotyCom\" \/>\n<meta name=\"twitter:label1\" content=\"Hinta\" \/>\n\t<meta name=\"twitter:data1\" content=\"\u20ac&nbsp;2.00\" \/>\n\t<meta name=\"twitter:label2\" content=\"Saatavuus\" \/>\n\t<meta name=\"twitter:data2\" content=\"Varastossa\" \/>\n<script type=\"application\/ld+json\" class=\"yoast-schema-graph\">{\"@context\":\"https:\\\/\\\/schema.org\",\"@graph\":[{\"@type\":\"WebPage\",\"@id\":\"https:\\\/\\\/3coty.com\\\/fi\\\/p\\\/07-turkey-080\\\/\",\"url\":\"https:\\\/\\\/3coty.com\\\/fi\\\/p\\\/07-turkey-080\\\/\",\"name\":\"07. KALKKUNA 080 (80g) | Aikuisille kissoille | 3coty\u00ae Luonnollinen Kissaruoka 100% Lihaa\",\"isPartOf\":{\"@id\":\"https:\\\/\\\/3coty.com\\\/fi\\\/#website\"},\"primaryImageOfPage\":{\"@id\":\"https:\\\/\\\/3coty.com\\\/fi\\\/p\\\/07-turkey-080\\\/#primaryimage\"},\"image\":{\"@id\":\"https:\\\/\\\/3coty.com\\\/fi\\\/p\\\/07-turkey-080\\\/#primaryimage\"},\"thumbnailUrl\":\"https:\\\/\\\/3coty.com\\\/wp-content\\\/uploads\\\/2025\\\/07\\\/3coty-p-07-080-01.jpg\",\"datePublished\":\"2025-05-23T11:38:22+00:00\",\"dateModified\":\"2026-03-17T18:46:05+00:00\",\"description\":\"T\u00e4m\u00e4 yksiproteiininen m\u00e4rk\u00e4ruoka, joka sis\u00e4lt\u00e4\u00e4 100% silputtua kalkkunanlihaa, on luonnollinen, t\u00e4ydellinen ja tasapainoinen ja se on kypsennetty omassa liemess\u00e4\u00e4n. Se on ihanteellinen aikuisille kissoille eliminointiruokavalioihin silloin kun ep\u00e4ill\u00e4\u00e4n ruoka allergiaa ja sopii erityisesti suurikokoisille kissoille, jotka nauttivat suuremmista lihapaloista. 3coty\u00ae kissanruoka on valmistettu vain lihasta.\",\"breadcrumb\":{\"@id\":\"https:\\\/\\\/3coty.com\\\/fi\\\/p\\\/07-turkey-080\\\/#breadcrumb\"},\"inLanguage\":\"fi\",\"potentialAction\":[{\"@type\":\"ReadAction\",\"target\":[\"https:\\\/\\\/3coty.com\\\/fi\\\/p\\\/07-turkey-080\\\/\"]}]},{\"@type\":\"ImageObject\",\"inLanguage\":\"fi\",\"@id\":\"https:\\\/\\\/3coty.com\\\/fi\\\/p\\\/07-turkey-080\\\/#primaryimage\",\"url\":\"https:\\\/\\\/3coty.com\\\/wp-content\\\/uploads\\\/2025\\\/07\\\/3coty-p-07-080-01.jpg\",\"contentUrl\":\"https:\\\/\\\/3coty.com\\\/wp-content\\\/uploads\\\/2025\\\/07\\\/3coty-p-07-080-01.jpg\",\"width\":1024,\"height\":1024},{\"@type\":\"BreadcrumbList\",\"@id\":\"https:\\\/\\\/3coty.com\\\/fi\\\/p\\\/07-turkey-080\\\/#breadcrumb\",\"itemListElement\":[{\"@type\":\"ListItem\",\"position\":1,\"name\":\"Home\",\"item\":\"https:\\\/\\\/3coty.com\\\/fi\\\/\"},{\"@type\":\"ListItem\",\"position\":2,\"name\":\"KAUPPA\",\"item\":\"https:\\\/\\\/3coty.com\\\/fi\\\/shop\\\/\"},{\"@type\":\"ListItem\",\"position\":3,\"name\":\"07. KALKKUNA 080\"}]},{\"@type\":\"WebSite\",\"@id\":\"https:\\\/\\\/3coty.com\\\/fi\\\/#website\",\"url\":\"https:\\\/\\\/3coty.com\\\/fi\\\/\",\"name\":\"3coty\u00ae\",\"description\":\"Meat-only Cat Food\",\"publisher\":{\"@id\":\"https:\\\/\\\/3coty.com\\\/fi\\\/#organization\"},\"potentialAction\":[{\"@type\":\"SearchAction\",\"target\":{\"@type\":\"EntryPoint\",\"urlTemplate\":\"https:\\\/\\\/3coty.com\\\/fi\\\/?s={search_term_string}\"},\"query-input\":{\"@type\":\"PropertyValueSpecification\",\"valueRequired\":true,\"valueName\":\"search_term_string\"}}],\"inLanguage\":\"fi\"},{\"@type\":\"Organization\",\"@id\":\"https:\\\/\\\/3coty.com\\\/fi\\\/#organization\",\"name\":\"3coty\u00ae\",\"alternateName\":\"3coty\",\"url\":\"https:\\\/\\\/3coty.com\\\/fi\\\/\",\"logo\":{\"@type\":\"ImageObject\",\"inLanguage\":\"fi\",\"@id\":\"https:\\\/\\\/3coty.com\\\/fi\\\/#\\\/schema\\\/logo\\\/image\\\/\",\"url\":\"https:\\\/\\\/3coty.com\\\/wp-content\\\/uploads\\\/2025\\\/05\\\/icon-3coty-logo.svg\",\"contentUrl\":\"https:\\\/\\\/3coty.com\\\/wp-content\\\/uploads\\\/2025\\\/05\\\/icon-3coty-logo.svg\",\"width\":283,\"height\":283,\"caption\":\"3coty\u00ae\"},\"image\":{\"@id\":\"https:\\\/\\\/3coty.com\\\/fi\\\/#\\\/schema\\\/logo\\\/image\\\/\"},\"sameAs\":[\"https:\\\/\\\/www.facebook.com\\\/3coty\",\"https:\\\/\\\/x.com\\\/3cotyCom\",\"https:\\\/\\\/www.instagram.com\\\/3coty\",\"https:\\\/\\\/www.linkedin.com\\\/company\\\/3coty\",\"https:\\\/\\\/www.youtube.com\\\/@3coty\"]}]}<\/script>\n<meta property=\"product:price:amount\" content=\"2.00\" \/>\n<meta property=\"product:price:currency\" content=\"EUR\" \/>\n<meta property=\"og:availability\" content=\"instock\" \/>\n<meta property=\"product:availability\" content=\"instock\" \/>\n<meta property=\"product:retailer_item_id\" content=\"080T 07TU \/ 5901785316902\" \/>\n<meta property=\"product:condition\" content=\"new\" \/>\n<!-- \/ Yoast SEO Premium plugin. -->","yoast_head_json":{"title":"07. KALKKUNA 080 (80g) | Aikuisille kissoille | 3coty\u00ae Luonnollinen Kissaruoka 100% Lihaa","description":"T\u00e4m\u00e4 yksiproteiininen m\u00e4rk\u00e4ruoka, joka sis\u00e4lt\u00e4\u00e4 100% silputtua kalkkunanlihaa, on luonnollinen, t\u00e4ydellinen ja tasapainoinen ja se on kypsennetty omassa liemess\u00e4\u00e4n. Se on ihanteellinen aikuisille kissoille eliminointiruokavalioihin silloin kun ep\u00e4ill\u00e4\u00e4n ruoka allergiaa ja sopii erityisesti suurikokoisille kissoille, jotka nauttivat suuremmista lihapaloista. 3coty\u00ae kissanruoka on valmistettu vain lihasta.","robots":{"index":"index","follow":"follow","max-snippet":"max-snippet:-1","max-image-preview":"max-image-preview:large","max-video-preview":"max-video-preview:-1"},"canonical":"https:\/\/3coty.com\/fi\/p\/07-turkey-080\/","og_locale":"fi_FI","og_type":"article","og_title":"07. KALKKUNA 080 (80g) | Aikuisille kissoille | 3coty\u00ae Luonnollinen Kissaruoka 100% Lihaa","og_description":"T\u00e4m\u00e4 yksiproteiininen m\u00e4rk\u00e4ruoka, joka sis\u00e4lt\u00e4\u00e4 100% silputtua kalkkunanlihaa, on luonnollinen, t\u00e4ydellinen ja tasapainoinen ja se on kypsennetty omassa liemess\u00e4\u00e4n. Se on ihanteellinen aikuisille kissoille eliminointiruokavalioihin silloin kun ep\u00e4ill\u00e4\u00e4n ruoka allergiaa ja sopii erityisesti suurikokoisille kissoille, jotka nauttivat suuremmista lihapaloista. 3coty\u00ae kissanruoka on valmistettu vain lihasta.","og_url":"https:\/\/3coty.com\/fi\/p\/07-turkey-080\/","og_site_name":"3coty\u00ae","article_publisher":"https:\/\/www.facebook.com\/3coty","article_modified_time":"2026-03-17T18:46:05+00:00","og_image":[{"width":1200,"height":630,"url":"https:\/\/3coty.com\/wp-content\/uploads\/2025\/12\/3coty-07-turkey-080-meat-only-cat-food.jpg","type":"image\/jpeg"}],"twitter_card":"summary_large_image","twitter_title":"07. KALKKUNA 080 (80g) | Aikuisille kissoille | 3coty\u00ae Luonnollinen Kissaruoka 100% Lihaa","twitter_description":"T\u00e4m\u00e4 yksiproteiininen m\u00e4rk\u00e4ruoka, joka sis\u00e4lt\u00e4\u00e4 100% silputtua kalkkunanlihaa, on luonnollinen, t\u00e4ydellinen ja tasapainoinen ja se on kypsennetty omassa liemess\u00e4\u00e4n. Se on ihanteellinen aikuisille kissoille eliminointiruokavalioihin silloin kun ep\u00e4ill\u00e4\u00e4n ruoka allergiaa ja sopii erityisesti suurikokoisille kissoille, jotka nauttivat suuremmista lihapaloista. 3coty\u00ae kissanruoka on valmistettu vain lihasta.","twitter_image":"https:\/\/3coty.com\/wp-content\/uploads\/2025\/12\/3coty-07-turkey-080-meat-only-cat-food.jpg","twitter_site":"@3cotyCom","twitter_misc":{"Hinta":"\u20ac&nbsp;2.00","Saatavuus":"Varastossa"},"schema":{"@context":"https:\/\/schema.org","@graph":[{"@type":"WebPage","@id":"https:\/\/3coty.com\/fi\/p\/07-turkey-080\/","url":"https:\/\/3coty.com\/fi\/p\/07-turkey-080\/","name":"07. KALKKUNA 080 (80g) | Aikuisille kissoille | 3coty\u00ae Luonnollinen Kissaruoka 100% Lihaa","isPartOf":{"@id":"https:\/\/3coty.com\/fi\/#website"},"primaryImageOfPage":{"@id":"https:\/\/3coty.com\/fi\/p\/07-turkey-080\/#primaryimage"},"image":{"@id":"https:\/\/3coty.com\/fi\/p\/07-turkey-080\/#primaryimage"},"thumbnailUrl":"https:\/\/3coty.com\/wp-content\/uploads\/2025\/07\/3coty-p-07-080-01.jpg","datePublished":"2025-05-23T11:38:22+00:00","dateModified":"2026-03-17T18:46:05+00:00","description":"T\u00e4m\u00e4 yksiproteiininen m\u00e4rk\u00e4ruoka, joka sis\u00e4lt\u00e4\u00e4 100% silputtua kalkkunanlihaa, on luonnollinen, t\u00e4ydellinen ja tasapainoinen ja se on kypsennetty omassa liemess\u00e4\u00e4n. Se on ihanteellinen aikuisille kissoille eliminointiruokavalioihin silloin kun ep\u00e4ill\u00e4\u00e4n ruoka allergiaa ja sopii erityisesti suurikokoisille kissoille, jotka nauttivat suuremmista lihapaloista. 3coty\u00ae kissanruoka on valmistettu vain lihasta.","breadcrumb":{"@id":"https:\/\/3coty.com\/fi\/p\/07-turkey-080\/#breadcrumb"},"inLanguage":"fi","potentialAction":[{"@type":"ReadAction","target":["https:\/\/3coty.com\/fi\/p\/07-turkey-080\/"]}]},{"@type":"ImageObject","inLanguage":"fi","@id":"https:\/\/3coty.com\/fi\/p\/07-turkey-080\/#primaryimage","url":"https:\/\/3coty.com\/wp-content\/uploads\/2025\/07\/3coty-p-07-080-01.jpg","contentUrl":"https:\/\/3coty.com\/wp-content\/uploads\/2025\/07\/3coty-p-07-080-01.jpg","width":1024,"height":1024},{"@type":"BreadcrumbList","@id":"https:\/\/3coty.com\/fi\/p\/07-turkey-080\/#breadcrumb","itemListElement":[{"@type":"ListItem","position":1,"name":"Home","item":"https:\/\/3coty.com\/fi\/"},{"@type":"ListItem","position":2,"name":"KAUPPA","item":"https:\/\/3coty.com\/fi\/shop\/"},{"@type":"ListItem","position":3,"name":"07. KALKKUNA 080"}]},{"@type":"WebSite","@id":"https:\/\/3coty.com\/fi\/#website","url":"https:\/\/3coty.com\/fi\/","name":"3coty\u00ae","description":"Meat-only Cat Food","publisher":{"@id":"https:\/\/3coty.com\/fi\/#organization"},"potentialAction":[{"@type":"SearchAction","target":{"@type":"EntryPoint","urlTemplate":"https:\/\/3coty.com\/fi\/?s={search_term_string}"},"query-input":{"@type":"PropertyValueSpecification","valueRequired":true,"valueName":"search_term_string"}}],"inLanguage":"fi"},{"@type":"Organization","@id":"https:\/\/3coty.com\/fi\/#organization","name":"3coty\u00ae","alternateName":"3coty","url":"https:\/\/3coty.com\/fi\/","logo":{"@type":"ImageObject","inLanguage":"fi","@id":"https:\/\/3coty.com\/fi\/#\/schema\/logo\/image\/","url":"https:\/\/3coty.com\/wp-content\/uploads\/2025\/05\/icon-3coty-logo.svg","contentUrl":"https:\/\/3coty.com\/wp-content\/uploads\/2025\/05\/icon-3coty-logo.svg","width":283,"height":283,"caption":"3coty\u00ae"},"image":{"@id":"https:\/\/3coty.com\/fi\/#\/schema\/logo\/image\/"},"sameAs":["https:\/\/www.facebook.com\/3coty","https:\/\/x.com\/3cotyCom","https:\/\/www.instagram.com\/3coty","https:\/\/www.linkedin.com\/company\/3coty","https:\/\/www.youtube.com\/@3coty"]}]},"product_price_amount":"2.00","product_price_currency":"EUR","og_availability":"instock","product_availability":"instock","product_retailer_item_id":"080T 07TU \/ 5901785316902","product_condition":"new"},"_links":{"self":[{"href":"https:\/\/3coty.com\/fi\/wp-json\/wp\/v2\/product\/31031","targetHints":{"allow":["GET"]}}],"collection":[{"href":"https:\/\/3coty.com\/fi\/wp-json\/wp\/v2\/product"}],"about":[{"href":"https:\/\/3coty.com\/fi\/wp-json\/wp\/v2\/types\/product"}],"version-history":[{"count":5,"href":"https:\/\/3coty.com\/fi\/wp-json\/wp\/v2\/product\/31031\/revisions"}],"predecessor-version":[{"id":81973,"href":"https:\/\/3coty.com\/fi\/wp-json\/wp\/v2\/product\/31031\/revisions\/81973"}],"wp:featuredmedia":[{"embeddable":true,"href":"https:\/\/3coty.com\/fi\/wp-json\/wp\/v2\/media\/59116"}],"wp:attachment":[{"href":"https:\/\/3coty.com\/fi\/wp-json\/wp\/v2\/media?parent=31031"}],"wp:term":[{"taxonomy":"product_brand","embeddable":true,"href":"https:\/\/3coty.com\/fi\/wp-json\/wp\/v2\/product_brand?post=31031"},{"taxonomy":"product_cat","embeddable":true,"href":"https:\/\/3coty.com\/fi\/wp-json\/wp\/v2\/product_cat?post=31031"},{"taxonomy":"product_tag","embeddable":true,"href":"https:\/\/3coty.com\/fi\/wp-json\/wp\/v2\/product_tag?post=31031"}],"curies":[{"name":"wp","href":"https:\/\/api.w.org\/{rel}","templated":true}]}}