{"id":31027,"date":"2025-05-23T11:10:43","date_gmt":"2025-05-23T11:10:43","guid":{"rendered":"https:\/\/3coty.com\/p\/06-goose-080\/"},"modified":"2026-03-17T18:45:12","modified_gmt":"2026-03-17T18:45:12","slug":"06-goose-080","status":"publish","type":"product","link":"https:\/\/3coty.com\/fi\/p\/06-goose-080\/","title":{"rendered":"06. HANHI 080"},"content":{"rendered":"<p><a href=\"https:\/\/3coty.com\/wp-content\/uploads\/2025\/07\/3coty-p-06-tab-1.svg\"><img fetchpriority=\"high\" decoding=\"async\" class=\"alignnone size-full wp-image-59919\" role=\"img\" src=\"https:\/\/3coty.com\/wp-content\/uploads\/2025\/07\/3coty-p-06-tab-1.svg\" alt=\"\" width=\"283\" height=\"283\" \/><\/a><\/p>\n<h2>LUONNONMUKAINEN JA TASAPAINOITETTU 3COTY\u00ae T\u00c4YSRAVINTO KISSOILLE<\/h2>\n<p><strong>100% LUONNOLLISIA LIHA-AINESOSIA keitettyn\u00e4 omassa ravitsevassa lihaliemess\u00e4\u00e4n<\/strong><\/p>\n<p>Valikoimamme tummimmasta lihasta valmistettu 100-prosenttinen hanhenmakuinen monoproteiiniruoka on eliminaatiodieetti\u00e4 varten, jonka avulla voit hallita kissasi painoa. V\u00e4h\u00e4rasvainen ja ravinteikas, se sopii kaikille aikuisille kissoille ja on ihanteellinen ruoka steriloidulle kissalle. Se on luonnollinen, t\u00e4ydellinen ja tasapainoinen kissan m\u00e4rk\u00e4ruoka, jonka saatavuuteen voi vaikuttaa hanhen kausiluonteisuus.<\/p>\n<p>Hanhi on v\u00e4h\u00e4rasvaisinta lihaamme. Se on eritt\u00e4in ravitsevaa ja sopii sterilisoiduille kissoille ja niille, joilla on painohuolia.<\/p>\n","protected":false},"excerpt":{"rendered":"<p><a href=\"https:\/\/3coty.com\/wp-content\/uploads\/2025\/07\/3coty-p-06-description-1.svg\"><img decoding=\"async\" class=\"alignnone wp-image-59883\" role=\"img\" src=\"https:\/\/3coty.com\/wp-content\/uploads\/2025\/07\/3coty-p-06-description-1.svg\" alt=\"\" width=\"350\" \/><\/a><\/p>\n<p><strong>STERILOIDUILLE JA AIKUISILLE KISSOILLE<\/strong>\u00a0| PAT\u00c9 | MONOPROTEIININEN KISSANRUOKA<\/p>\n<p><a href=\"https:\/\/3coty.com\/wp-content\/uploads\/2025\/07\/3coty-p-06-description-2.svg\"><img decoding=\"async\" class=\"alignnone size-full wp-image-59901\" role=\"img\" src=\"https:\/\/3coty.com\/wp-content\/uploads\/2025\/07\/3coty-p-06-description-2.svg\" alt=\"\" width=\"506\" height=\"85\" \/><\/a><\/p>\n","protected":false},"featured_media":59960,"template":"","meta":{"_acf_changed":false},"product_brand":[1952],"product_cat":[356,372],"product_tag":[820],"class_list":{"0":"post-31027","1":"product","2":"type-product","3":"status-publish","4":"has-post-thumbnail","6":"product_brand-3coty","7":"product_cat-for-adult-cats","8":"product_cat-for-sterilised-cats","9":"product_tag-06go","11":"first","12":"instock","13":"featured","14":"taxable","15":"shipping-taxable","16":"purchasable","17":"product-type-simple"},"acf":[],"yoast_head":"<!-- This site is optimized with the Yoast SEO Premium plugin v27.4 (Yoast SEO v27.4) - https:\/\/yoast.com\/product\/yoast-seo-premium-wordpress\/ -->\n<title>06. HANHI 080 (80g) | Aikuisille kissoille | 3coty\u00ae Luonnollinen Kissaruoka 100% Lihaa<\/title>\n<meta name=\"description\" content=\"T\u00e4m\u00e4 yksiproteiininen 100% hanhea sis\u00e4lt\u00e4v\u00e4 m\u00e4rk\u00e4ruoka on valmistettu tummasta lihasta, joka on luonnostaan v\u00e4h\u00e4rasvaista ja ravinteikasta. Se sopii kaikille aikuisille kissoille ja on ihanteellinen steriloiduille kissoille sek\u00e4 eliminointiruokavalioihin samalla kun se tukee painonhallintaa. 3coty\u00ae luonnollinen, t\u00e4ydellinen ja tasapainoinen vain lihasta valmistettu kissanruoka.\" \/>\n<meta name=\"robots\" content=\"index, follow, max-snippet:-1, max-image-preview:large, max-video-preview:-1\" \/>\n<link rel=\"canonical\" href=\"https:\/\/3coty.com\/fi\/p\/06-goose-080\/\" \/>\n<meta property=\"og:locale\" content=\"fi_FI\" \/>\n<meta property=\"og:type\" content=\"article\" \/>\n<meta property=\"og:title\" content=\"06. HANHI 080 (80g) | Aikuisille kissoille | 3coty\u00ae Luonnollinen Kissaruoka 100% Lihaa\" \/>\n<meta property=\"og:description\" content=\"T\u00e4m\u00e4 yksiproteiininen 100% hanhea sis\u00e4lt\u00e4v\u00e4 m\u00e4rk\u00e4ruoka on valmistettu tummasta lihasta, joka on luonnostaan v\u00e4h\u00e4rasvaista ja ravinteikasta. Se sopii kaikille aikuisille kissoille ja on ihanteellinen steriloiduille kissoille sek\u00e4 eliminointiruokavalioihin samalla kun se tukee painonhallintaa. 3coty\u00ae luonnollinen, t\u00e4ydellinen ja tasapainoinen vain lihasta valmistettu kissanruoka.\" \/>\n<meta property=\"og:url\" content=\"https:\/\/3coty.com\/fi\/p\/06-goose-080\/\" \/>\n<meta property=\"og:site_name\" content=\"3coty\u00ae\" \/>\n<meta property=\"article:publisher\" content=\"https:\/\/www.facebook.com\/3coty\" \/>\n<meta property=\"article:modified_time\" content=\"2026-03-17T18:45:12+00:00\" \/>\n<meta property=\"og:image\" content=\"https:\/\/3coty.com\/wp-content\/uploads\/2025\/12\/3coty-06-goose-080-meat-only-cat-food.jpg\" \/>\n\t<meta property=\"og:image:width\" content=\"1200\" \/>\n\t<meta property=\"og:image:height\" content=\"630\" \/>\n\t<meta property=\"og:image:type\" content=\"image\/jpeg\" \/>\n<meta name=\"twitter:card\" content=\"summary_large_image\" \/>\n<meta name=\"twitter:title\" content=\"06. HANHI 080 (80g) | Aikuisille kissoille | 3coty\u00ae Luonnollinen Kissaruoka 100% Lihaa\" \/>\n<meta name=\"twitter:description\" content=\"T\u00e4m\u00e4 yksiproteiininen 100% hanhea sis\u00e4lt\u00e4v\u00e4 m\u00e4rk\u00e4ruoka on valmistettu tummasta lihasta, joka on luonnostaan v\u00e4h\u00e4rasvaista ja ravinteikasta. Se sopii kaikille aikuisille kissoille ja on ihanteellinen steriloiduille kissoille sek\u00e4 eliminointiruokavalioihin samalla kun se tukee painonhallintaa. 3coty\u00ae luonnollinen, t\u00e4ydellinen ja tasapainoinen vain lihasta valmistettu kissanruoka.\" \/>\n<meta name=\"twitter:image\" content=\"https:\/\/3coty.com\/wp-content\/uploads\/2025\/12\/3coty-06-goose-080-meat-only-cat-food.jpg\" \/>\n<meta name=\"twitter:site\" content=\"@3cotyCom\" \/>\n<meta name=\"twitter:label1\" content=\"Hinta\" \/>\n\t<meta name=\"twitter:data1\" content=\"\u20ac&nbsp;3.00\" \/>\n\t<meta name=\"twitter:label2\" content=\"Saatavuus\" \/>\n\t<meta name=\"twitter:data2\" content=\"Varastossa\" \/>\n<script type=\"application\/ld+json\" class=\"yoast-schema-graph\">{\"@context\":\"https:\\\/\\\/schema.org\",\"@graph\":[{\"@type\":\"WebPage\",\"@id\":\"https:\\\/\\\/3coty.com\\\/fi\\\/p\\\/06-goose-080\\\/\",\"url\":\"https:\\\/\\\/3coty.com\\\/fi\\\/p\\\/06-goose-080\\\/\",\"name\":\"06. HANHI 080 (80g) | Aikuisille kissoille | 3coty\u00ae Luonnollinen Kissaruoka 100% Lihaa\",\"isPartOf\":{\"@id\":\"https:\\\/\\\/3coty.com\\\/fi\\\/#website\"},\"primaryImageOfPage\":{\"@id\":\"https:\\\/\\\/3coty.com\\\/fi\\\/p\\\/06-goose-080\\\/#primaryimage\"},\"image\":{\"@id\":\"https:\\\/\\\/3coty.com\\\/fi\\\/p\\\/06-goose-080\\\/#primaryimage\"},\"thumbnailUrl\":\"https:\\\/\\\/3coty.com\\\/wp-content\\\/uploads\\\/2025\\\/07\\\/3coty-p-06-080-01.jpg\",\"datePublished\":\"2025-05-23T11:10:43+00:00\",\"dateModified\":\"2026-03-17T18:45:12+00:00\",\"description\":\"T\u00e4m\u00e4 yksiproteiininen 100% hanhea sis\u00e4lt\u00e4v\u00e4 m\u00e4rk\u00e4ruoka on valmistettu tummasta lihasta, joka on luonnostaan v\u00e4h\u00e4rasvaista ja ravinteikasta. Se sopii kaikille aikuisille kissoille ja on ihanteellinen steriloiduille kissoille sek\u00e4 eliminointiruokavalioihin samalla kun se tukee painonhallintaa. 3coty\u00ae luonnollinen, t\u00e4ydellinen ja tasapainoinen vain lihasta valmistettu kissanruoka.\",\"breadcrumb\":{\"@id\":\"https:\\\/\\\/3coty.com\\\/fi\\\/p\\\/06-goose-080\\\/#breadcrumb\"},\"inLanguage\":\"fi\",\"potentialAction\":[{\"@type\":\"ReadAction\",\"target\":[\"https:\\\/\\\/3coty.com\\\/fi\\\/p\\\/06-goose-080\\\/\"]}]},{\"@type\":\"ImageObject\",\"inLanguage\":\"fi\",\"@id\":\"https:\\\/\\\/3coty.com\\\/fi\\\/p\\\/06-goose-080\\\/#primaryimage\",\"url\":\"https:\\\/\\\/3coty.com\\\/wp-content\\\/uploads\\\/2025\\\/07\\\/3coty-p-06-080-01.jpg\",\"contentUrl\":\"https:\\\/\\\/3coty.com\\\/wp-content\\\/uploads\\\/2025\\\/07\\\/3coty-p-06-080-01.jpg\",\"width\":1024,\"height\":1024},{\"@type\":\"BreadcrumbList\",\"@id\":\"https:\\\/\\\/3coty.com\\\/fi\\\/p\\\/06-goose-080\\\/#breadcrumb\",\"itemListElement\":[{\"@type\":\"ListItem\",\"position\":1,\"name\":\"Home\",\"item\":\"https:\\\/\\\/3coty.com\\\/fi\\\/\"},{\"@type\":\"ListItem\",\"position\":2,\"name\":\"KAUPPA\",\"item\":\"https:\\\/\\\/3coty.com\\\/fi\\\/shop\\\/\"},{\"@type\":\"ListItem\",\"position\":3,\"name\":\"06. HANHI 080\"}]},{\"@type\":\"WebSite\",\"@id\":\"https:\\\/\\\/3coty.com\\\/fi\\\/#website\",\"url\":\"https:\\\/\\\/3coty.com\\\/fi\\\/\",\"name\":\"3coty\u00ae\",\"description\":\"Meat-only Cat Food\",\"publisher\":{\"@id\":\"https:\\\/\\\/3coty.com\\\/fi\\\/#organization\"},\"potentialAction\":[{\"@type\":\"SearchAction\",\"target\":{\"@type\":\"EntryPoint\",\"urlTemplate\":\"https:\\\/\\\/3coty.com\\\/fi\\\/?s={search_term_string}\"},\"query-input\":{\"@type\":\"PropertyValueSpecification\",\"valueRequired\":true,\"valueName\":\"search_term_string\"}}],\"inLanguage\":\"fi\"},{\"@type\":\"Organization\",\"@id\":\"https:\\\/\\\/3coty.com\\\/fi\\\/#organization\",\"name\":\"3coty\u00ae\",\"alternateName\":\"3coty\",\"url\":\"https:\\\/\\\/3coty.com\\\/fi\\\/\",\"logo\":{\"@type\":\"ImageObject\",\"inLanguage\":\"fi\",\"@id\":\"https:\\\/\\\/3coty.com\\\/fi\\\/#\\\/schema\\\/logo\\\/image\\\/\",\"url\":\"https:\\\/\\\/3coty.com\\\/wp-content\\\/uploads\\\/2025\\\/05\\\/icon-3coty-logo.svg\",\"contentUrl\":\"https:\\\/\\\/3coty.com\\\/wp-content\\\/uploads\\\/2025\\\/05\\\/icon-3coty-logo.svg\",\"width\":283,\"height\":283,\"caption\":\"3coty\u00ae\"},\"image\":{\"@id\":\"https:\\\/\\\/3coty.com\\\/fi\\\/#\\\/schema\\\/logo\\\/image\\\/\"},\"sameAs\":[\"https:\\\/\\\/www.facebook.com\\\/3coty\",\"https:\\\/\\\/x.com\\\/3cotyCom\",\"https:\\\/\\\/www.instagram.com\\\/3coty\",\"https:\\\/\\\/www.linkedin.com\\\/company\\\/3coty\",\"https:\\\/\\\/www.youtube.com\\\/@3coty\"]}]}<\/script>\n<meta property=\"product:price:amount\" content=\"3.00\" \/>\n<meta property=\"product:price:currency\" content=\"EUR\" \/>\n<meta property=\"og:availability\" content=\"instock\" \/>\n<meta property=\"product:availability\" content=\"instock\" \/>\n<meta property=\"product:retailer_item_id\" content=\"080T 06GO \/ 5901785317237\" \/>\n<meta property=\"product:condition\" content=\"new\" \/>\n<!-- \/ Yoast SEO Premium plugin. -->","yoast_head_json":{"title":"06. HANHI 080 (80g) | Aikuisille kissoille | 3coty\u00ae Luonnollinen Kissaruoka 100% Lihaa","description":"T\u00e4m\u00e4 yksiproteiininen 100% hanhea sis\u00e4lt\u00e4v\u00e4 m\u00e4rk\u00e4ruoka on valmistettu tummasta lihasta, joka on luonnostaan v\u00e4h\u00e4rasvaista ja ravinteikasta. Se sopii kaikille aikuisille kissoille ja on ihanteellinen steriloiduille kissoille sek\u00e4 eliminointiruokavalioihin samalla kun se tukee painonhallintaa. 3coty\u00ae luonnollinen, t\u00e4ydellinen ja tasapainoinen vain lihasta valmistettu kissanruoka.","robots":{"index":"index","follow":"follow","max-snippet":"max-snippet:-1","max-image-preview":"max-image-preview:large","max-video-preview":"max-video-preview:-1"},"canonical":"https:\/\/3coty.com\/fi\/p\/06-goose-080\/","og_locale":"fi_FI","og_type":"article","og_title":"06. HANHI 080 (80g) | Aikuisille kissoille | 3coty\u00ae Luonnollinen Kissaruoka 100% Lihaa","og_description":"T\u00e4m\u00e4 yksiproteiininen 100% hanhea sis\u00e4lt\u00e4v\u00e4 m\u00e4rk\u00e4ruoka on valmistettu tummasta lihasta, joka on luonnostaan v\u00e4h\u00e4rasvaista ja ravinteikasta. Se sopii kaikille aikuisille kissoille ja on ihanteellinen steriloiduille kissoille sek\u00e4 eliminointiruokavalioihin samalla kun se tukee painonhallintaa. 3coty\u00ae luonnollinen, t\u00e4ydellinen ja tasapainoinen vain lihasta valmistettu kissanruoka.","og_url":"https:\/\/3coty.com\/fi\/p\/06-goose-080\/","og_site_name":"3coty\u00ae","article_publisher":"https:\/\/www.facebook.com\/3coty","article_modified_time":"2026-03-17T18:45:12+00:00","og_image":[{"width":1200,"height":630,"url":"https:\/\/3coty.com\/wp-content\/uploads\/2025\/12\/3coty-06-goose-080-meat-only-cat-food.jpg","type":"image\/jpeg"}],"twitter_card":"summary_large_image","twitter_title":"06. HANHI 080 (80g) | Aikuisille kissoille | 3coty\u00ae Luonnollinen Kissaruoka 100% Lihaa","twitter_description":"T\u00e4m\u00e4 yksiproteiininen 100% hanhea sis\u00e4lt\u00e4v\u00e4 m\u00e4rk\u00e4ruoka on valmistettu tummasta lihasta, joka on luonnostaan v\u00e4h\u00e4rasvaista ja ravinteikasta. Se sopii kaikille aikuisille kissoille ja on ihanteellinen steriloiduille kissoille sek\u00e4 eliminointiruokavalioihin samalla kun se tukee painonhallintaa. 3coty\u00ae luonnollinen, t\u00e4ydellinen ja tasapainoinen vain lihasta valmistettu kissanruoka.","twitter_image":"https:\/\/3coty.com\/wp-content\/uploads\/2025\/12\/3coty-06-goose-080-meat-only-cat-food.jpg","twitter_site":"@3cotyCom","twitter_misc":{"Hinta":"\u20ac&nbsp;3.00","Saatavuus":"Varastossa"},"schema":{"@context":"https:\/\/schema.org","@graph":[{"@type":"WebPage","@id":"https:\/\/3coty.com\/fi\/p\/06-goose-080\/","url":"https:\/\/3coty.com\/fi\/p\/06-goose-080\/","name":"06. HANHI 080 (80g) | Aikuisille kissoille | 3coty\u00ae Luonnollinen Kissaruoka 100% Lihaa","isPartOf":{"@id":"https:\/\/3coty.com\/fi\/#website"},"primaryImageOfPage":{"@id":"https:\/\/3coty.com\/fi\/p\/06-goose-080\/#primaryimage"},"image":{"@id":"https:\/\/3coty.com\/fi\/p\/06-goose-080\/#primaryimage"},"thumbnailUrl":"https:\/\/3coty.com\/wp-content\/uploads\/2025\/07\/3coty-p-06-080-01.jpg","datePublished":"2025-05-23T11:10:43+00:00","dateModified":"2026-03-17T18:45:12+00:00","description":"T\u00e4m\u00e4 yksiproteiininen 100% hanhea sis\u00e4lt\u00e4v\u00e4 m\u00e4rk\u00e4ruoka on valmistettu tummasta lihasta, joka on luonnostaan v\u00e4h\u00e4rasvaista ja ravinteikasta. Se sopii kaikille aikuisille kissoille ja on ihanteellinen steriloiduille kissoille sek\u00e4 eliminointiruokavalioihin samalla kun se tukee painonhallintaa. 3coty\u00ae luonnollinen, t\u00e4ydellinen ja tasapainoinen vain lihasta valmistettu kissanruoka.","breadcrumb":{"@id":"https:\/\/3coty.com\/fi\/p\/06-goose-080\/#breadcrumb"},"inLanguage":"fi","potentialAction":[{"@type":"ReadAction","target":["https:\/\/3coty.com\/fi\/p\/06-goose-080\/"]}]},{"@type":"ImageObject","inLanguage":"fi","@id":"https:\/\/3coty.com\/fi\/p\/06-goose-080\/#primaryimage","url":"https:\/\/3coty.com\/wp-content\/uploads\/2025\/07\/3coty-p-06-080-01.jpg","contentUrl":"https:\/\/3coty.com\/wp-content\/uploads\/2025\/07\/3coty-p-06-080-01.jpg","width":1024,"height":1024},{"@type":"BreadcrumbList","@id":"https:\/\/3coty.com\/fi\/p\/06-goose-080\/#breadcrumb","itemListElement":[{"@type":"ListItem","position":1,"name":"Home","item":"https:\/\/3coty.com\/fi\/"},{"@type":"ListItem","position":2,"name":"KAUPPA","item":"https:\/\/3coty.com\/fi\/shop\/"},{"@type":"ListItem","position":3,"name":"06. HANHI 080"}]},{"@type":"WebSite","@id":"https:\/\/3coty.com\/fi\/#website","url":"https:\/\/3coty.com\/fi\/","name":"3coty\u00ae","description":"Meat-only Cat Food","publisher":{"@id":"https:\/\/3coty.com\/fi\/#organization"},"potentialAction":[{"@type":"SearchAction","target":{"@type":"EntryPoint","urlTemplate":"https:\/\/3coty.com\/fi\/?s={search_term_string}"},"query-input":{"@type":"PropertyValueSpecification","valueRequired":true,"valueName":"search_term_string"}}],"inLanguage":"fi"},{"@type":"Organization","@id":"https:\/\/3coty.com\/fi\/#organization","name":"3coty\u00ae","alternateName":"3coty","url":"https:\/\/3coty.com\/fi\/","logo":{"@type":"ImageObject","inLanguage":"fi","@id":"https:\/\/3coty.com\/fi\/#\/schema\/logo\/image\/","url":"https:\/\/3coty.com\/wp-content\/uploads\/2025\/05\/icon-3coty-logo.svg","contentUrl":"https:\/\/3coty.com\/wp-content\/uploads\/2025\/05\/icon-3coty-logo.svg","width":283,"height":283,"caption":"3coty\u00ae"},"image":{"@id":"https:\/\/3coty.com\/fi\/#\/schema\/logo\/image\/"},"sameAs":["https:\/\/www.facebook.com\/3coty","https:\/\/x.com\/3cotyCom","https:\/\/www.instagram.com\/3coty","https:\/\/www.linkedin.com\/company\/3coty","https:\/\/www.youtube.com\/@3coty"]}]},"product_price_amount":"3.00","product_price_currency":"EUR","og_availability":"instock","product_availability":"instock","product_retailer_item_id":"080T 06GO \/ 5901785317237","product_condition":"new"},"_links":{"self":[{"href":"https:\/\/3coty.com\/fi\/wp-json\/wp\/v2\/product\/31027","targetHints":{"allow":["GET"]}}],"collection":[{"href":"https:\/\/3coty.com\/fi\/wp-json\/wp\/v2\/product"}],"about":[{"href":"https:\/\/3coty.com\/fi\/wp-json\/wp\/v2\/types\/product"}],"version-history":[{"count":3,"href":"https:\/\/3coty.com\/fi\/wp-json\/wp\/v2\/product\/31027\/revisions"}],"predecessor-version":[{"id":60342,"href":"https:\/\/3coty.com\/fi\/wp-json\/wp\/v2\/product\/31027\/revisions\/60342"}],"wp:featuredmedia":[{"embeddable":true,"href":"https:\/\/3coty.com\/fi\/wp-json\/wp\/v2\/media\/59960"}],"wp:attachment":[{"href":"https:\/\/3coty.com\/fi\/wp-json\/wp\/v2\/media?parent=31027"}],"wp:term":[{"taxonomy":"product_brand","embeddable":true,"href":"https:\/\/3coty.com\/fi\/wp-json\/wp\/v2\/product_brand?post=31027"},{"taxonomy":"product_cat","embeddable":true,"href":"https:\/\/3coty.com\/fi\/wp-json\/wp\/v2\/product_cat?post=31027"},{"taxonomy":"product_tag","embeddable":true,"href":"https:\/\/3coty.com\/fi\/wp-json\/wp\/v2\/product_tag?post=31027"}],"curies":[{"name":"wp","href":"https:\/\/api.w.org\/{rel}","templated":true}]}}