{"id":31011,"date":"2025-05-19T15:55:12","date_gmt":"2025-05-19T15:55:12","guid":{"rendered":"https:\/\/3coty.com\/p\/02-chicken-080\/"},"modified":"2026-04-14T11:24:18","modified_gmt":"2026-04-14T11:24:18","slug":"02-chicken-080","status":"publish","type":"product","link":"https:\/\/3coty.com\/fi\/p\/02-chicken-080\/","title":{"rendered":"02. KANA 080"},"content":{"rendered":"<p><a href=\"https:\/\/3coty.com\/wp-content\/uploads\/2025\/07\/3coty-p-02-tab-1.svg\"><img fetchpriority=\"high\" decoding=\"async\" class=\"alignnone size-full wp-image-62592\" role=\"img\" src=\"https:\/\/3coty.com\/wp-content\/uploads\/2025\/07\/3coty-p-02-tab-1.svg\" alt=\"\" width=\"283\" height=\"283\" \/><\/a><\/p>\n<h2>LUONNONMUKAINEN JA TASAPAINOITETTU 3COTY\u00ae T\u00c4YSRAVINTO KISSOILLE<\/h2>\n<p><strong>99,5% LUONNOLLISIA LIHA-AINESOSIA keitettyn\u00e4 omassa ravitsevassa lihaliemess\u00e4\u00e4n, 0,5% SPIRULINA<\/strong><\/p>\n<p>Lev\u00e4jauhetta lis\u00e4t\u00e4\u00e4n usein kissanruokaan kissojen immuunij\u00e4rjestelm\u00e4n vahvistamiseksi. Spirulinaa sis\u00e4lt\u00e4v\u00e4 kissanruokamme poistaa arvailun siit\u00e4, kuinka paljon sit\u00e4 tulisi lis\u00e4t\u00e4. Olemme lis\u00e4nneet juuri oikean m\u00e4\u00e4r\u00e4n, jotta aikuiset kissat saisivat tasapainoisen m\u00e4\u00e4r\u00e4n t\u00e4t\u00e4 superravintoa . Silputtu rakenne miellytt\u00e4\u00e4 kissoja, jotka luulevat mets\u00e4st\u00e4v\u00e4ns\u00e4, kuten bengaleita, abessinialaisia ja maine cooneja.<\/p>\n<p>Perustuu keskeiseen kananmakuumme, johon on lis\u00e4tty 0,5% spirulina-lev\u00e4\u00e4 vahvistamaan immuunij\u00e4rjestelm\u00e4\u00e4 ja parantamaan turkkia.<\/p>\n","protected":false},"excerpt":{"rendered":"<p><a href=\"https:\/\/3coty.com\/wp-content\/uploads\/2025\/07\/3coty-p-02-description-1.svg\"><img decoding=\"async\" class=\"alignnone size-medium wp-image-62556\" role=\"img\" src=\"https:\/\/3coty.com\/wp-content\/uploads\/2025\/07\/3coty-p-02-description-1.svg\" alt=\"\" width=\"300\" height=\"300\" \/><\/a><\/p>\n<p><strong>AIKUISELLE KISSALLE<\/strong> | SILPUTTU | MONOPROTEIININEN KISSANRUOKA<br \/>\n<strong>SPIRULINALLA<\/strong><\/p>\n<p><a href=\"https:\/\/3coty.com\/wp-content\/uploads\/2025\/07\/3coty-p-02-description-2.svg\"><img decoding=\"async\" class=\"alignnone size-full wp-image-62574\" role=\"img\" src=\"https:\/\/3coty.com\/wp-content\/uploads\/2025\/07\/3coty-p-02-description-2.svg\" alt=\"\" width=\"506\" height=\"85\" \/><\/a><\/p>\n","protected":false},"featured_media":62633,"template":"","meta":{"_acf_changed":false},"product_brand":[1952],"product_cat":[356],"product_tag":[765],"class_list":{"0":"post-31011","1":"product","2":"type-product","3":"status-publish","4":"has-post-thumbnail","6":"product_brand-3coty","7":"product_cat-for-adult-cats","8":"product_tag-02ch","10":"first","11":"instock","12":"featured","13":"taxable","14":"shipping-taxable","15":"purchasable","16":"product-type-simple"},"acf":[],"yoast_head":"<!-- This site is optimized with the Yoast SEO Premium plugin v27.4 (Yoast SEO v27.4) - https:\/\/yoast.com\/product\/yoast-seo-premium-wordpress\/ -->\n<title>02. KANA 080 (80g) | Aikuisille kissoille | 3coty\u00ae Luonnollinen Kissaruoka 100% Lihaa<\/title>\n<meta name=\"description\" content=\"Luonnollinen t\u00e4ydellinen tasapainoinen kananlihaa sis\u00e4lt\u00e4v\u00e4 kissanruoka jossa on spirulinaa immuunij\u00e4rjestelm\u00e4n vahvistajana aikuisille kissoille. Silputtu rakenne josta bengalit ja abessinialaiset pit\u00e4v\u00e4t.\" \/>\n<meta name=\"robots\" content=\"index, follow, max-snippet:-1, max-image-preview:large, max-video-preview:-1\" \/>\n<link rel=\"canonical\" href=\"https:\/\/3coty.com\/fi\/p\/02-chicken-080\/\" \/>\n<meta property=\"og:locale\" content=\"fi_FI\" \/>\n<meta property=\"og:type\" content=\"article\" \/>\n<meta property=\"og:title\" content=\"02. KANA 080 (80g) | Aikuisille kissoille | 3coty\u00ae Luonnollinen Kissaruoka 100% Lihaa\" \/>\n<meta property=\"og:description\" content=\"Luonnollinen t\u00e4ydellinen tasapainoinen kananlihaa sis\u00e4lt\u00e4v\u00e4 kissanruoka jossa on spirulinaa immuunij\u00e4rjestelm\u00e4n vahvistajana aikuisille kissoille. Silputtu rakenne josta bengalit ja abessinialaiset pit\u00e4v\u00e4t.\" \/>\n<meta property=\"og:url\" content=\"https:\/\/3coty.com\/fi\/p\/02-chicken-080\/\" \/>\n<meta property=\"og:site_name\" content=\"3coty\u00ae\" \/>\n<meta property=\"article:publisher\" content=\"https:\/\/www.facebook.com\/3coty\" \/>\n<meta property=\"article:modified_time\" content=\"2026-04-14T11:24:18+00:00\" \/>\n<meta property=\"og:image\" content=\"https:\/\/3coty.com\/wp-content\/uploads\/2025\/10\/3coty-02-chicken-080-meat-only-cat-food.jpg\" \/>\n\t<meta property=\"og:image:width\" content=\"1200\" \/>\n\t<meta property=\"og:image:height\" content=\"630\" \/>\n\t<meta property=\"og:image:type\" content=\"image\/jpeg\" \/>\n<meta name=\"twitter:card\" content=\"summary_large_image\" \/>\n<meta name=\"twitter:title\" content=\"02. KANA 080 (80g) | Aikuisille kissoille | 3coty\u00ae Luonnollinen Kissaruoka 100% Lihaa\" \/>\n<meta name=\"twitter:description\" content=\"Luonnollinen t\u00e4ydellinen tasapainoinen kananlihaa sis\u00e4lt\u00e4v\u00e4 kissanruoka jossa on spirulinaa immuunij\u00e4rjestelm\u00e4n vahvistajana aikuisille kissoille. Silputtu rakenne josta bengalit ja abessinialaiset pit\u00e4v\u00e4t.\" \/>\n<meta name=\"twitter:image\" content=\"https:\/\/3coty.com\/wp-content\/uploads\/2025\/10\/3coty-02-chicken-080-meat-only-cat-food.jpg\" \/>\n<meta name=\"twitter:site\" content=\"@3cotyCom\" \/>\n<meta name=\"twitter:label1\" content=\"Hinta\" \/>\n\t<meta name=\"twitter:data1\" content=\"\u20ac&nbsp;2.00\" \/>\n\t<meta name=\"twitter:label2\" content=\"Saatavuus\" \/>\n\t<meta name=\"twitter:data2\" content=\"Varastossa\" \/>\n<script type=\"application\/ld+json\" class=\"yoast-schema-graph\">{\"@context\":\"https:\\\/\\\/schema.org\",\"@graph\":[{\"@type\":\"WebPage\",\"@id\":\"https:\\\/\\\/3coty.com\\\/fi\\\/p\\\/02-chicken-080\\\/\",\"url\":\"https:\\\/\\\/3coty.com\\\/fi\\\/p\\\/02-chicken-080\\\/\",\"name\":\"02. KANA 080 (80g) | Aikuisille kissoille | 3coty\u00ae Luonnollinen Kissaruoka 100% Lihaa\",\"isPartOf\":{\"@id\":\"https:\\\/\\\/3coty.com\\\/fi\\\/#website\"},\"primaryImageOfPage\":{\"@id\":\"https:\\\/\\\/3coty.com\\\/fi\\\/p\\\/02-chicken-080\\\/#primaryimage\"},\"image\":{\"@id\":\"https:\\\/\\\/3coty.com\\\/fi\\\/p\\\/02-chicken-080\\\/#primaryimage\"},\"thumbnailUrl\":\"https:\\\/\\\/3coty.com\\\/wp-content\\\/uploads\\\/2025\\\/07\\\/3coty-p-02-080-01.jpg\",\"datePublished\":\"2025-05-19T15:55:12+00:00\",\"dateModified\":\"2026-04-14T11:24:18+00:00\",\"description\":\"Luonnollinen t\u00e4ydellinen tasapainoinen kananlihaa sis\u00e4lt\u00e4v\u00e4 kissanruoka jossa on spirulinaa immuunij\u00e4rjestelm\u00e4n vahvistajana aikuisille kissoille. Silputtu rakenne josta bengalit ja abessinialaiset pit\u00e4v\u00e4t.\",\"breadcrumb\":{\"@id\":\"https:\\\/\\\/3coty.com\\\/fi\\\/p\\\/02-chicken-080\\\/#breadcrumb\"},\"inLanguage\":\"fi\",\"potentialAction\":[{\"@type\":\"ReadAction\",\"target\":[\"https:\\\/\\\/3coty.com\\\/fi\\\/p\\\/02-chicken-080\\\/\"]}]},{\"@type\":\"ImageObject\",\"inLanguage\":\"fi\",\"@id\":\"https:\\\/\\\/3coty.com\\\/fi\\\/p\\\/02-chicken-080\\\/#primaryimage\",\"url\":\"https:\\\/\\\/3coty.com\\\/wp-content\\\/uploads\\\/2025\\\/07\\\/3coty-p-02-080-01.jpg\",\"contentUrl\":\"https:\\\/\\\/3coty.com\\\/wp-content\\\/uploads\\\/2025\\\/07\\\/3coty-p-02-080-01.jpg\",\"width\":1024,\"height\":1024},{\"@type\":\"BreadcrumbList\",\"@id\":\"https:\\\/\\\/3coty.com\\\/fi\\\/p\\\/02-chicken-080\\\/#breadcrumb\",\"itemListElement\":[{\"@type\":\"ListItem\",\"position\":1,\"name\":\"Home\",\"item\":\"https:\\\/\\\/3coty.com\\\/fi\\\/\"},{\"@type\":\"ListItem\",\"position\":2,\"name\":\"KAUPPA\",\"item\":\"https:\\\/\\\/3coty.com\\\/fi\\\/shop\\\/\"},{\"@type\":\"ListItem\",\"position\":3,\"name\":\"02. KANA 080\"}]},{\"@type\":\"WebSite\",\"@id\":\"https:\\\/\\\/3coty.com\\\/fi\\\/#website\",\"url\":\"https:\\\/\\\/3coty.com\\\/fi\\\/\",\"name\":\"3coty\u00ae\",\"description\":\"Meat-only Cat Food\",\"publisher\":{\"@id\":\"https:\\\/\\\/3coty.com\\\/fi\\\/#organization\"},\"potentialAction\":[{\"@type\":\"SearchAction\",\"target\":{\"@type\":\"EntryPoint\",\"urlTemplate\":\"https:\\\/\\\/3coty.com\\\/fi\\\/?s={search_term_string}\"},\"query-input\":{\"@type\":\"PropertyValueSpecification\",\"valueRequired\":true,\"valueName\":\"search_term_string\"}}],\"inLanguage\":\"fi\"},{\"@type\":\"Organization\",\"@id\":\"https:\\\/\\\/3coty.com\\\/fi\\\/#organization\",\"name\":\"3coty\u00ae\",\"alternateName\":\"3coty\",\"url\":\"https:\\\/\\\/3coty.com\\\/fi\\\/\",\"logo\":{\"@type\":\"ImageObject\",\"inLanguage\":\"fi\",\"@id\":\"https:\\\/\\\/3coty.com\\\/fi\\\/#\\\/schema\\\/logo\\\/image\\\/\",\"url\":\"https:\\\/\\\/3coty.com\\\/wp-content\\\/uploads\\\/2025\\\/05\\\/icon-3coty-logo.svg\",\"contentUrl\":\"https:\\\/\\\/3coty.com\\\/wp-content\\\/uploads\\\/2025\\\/05\\\/icon-3coty-logo.svg\",\"width\":283,\"height\":283,\"caption\":\"3coty\u00ae\"},\"image\":{\"@id\":\"https:\\\/\\\/3coty.com\\\/fi\\\/#\\\/schema\\\/logo\\\/image\\\/\"},\"sameAs\":[\"https:\\\/\\\/www.facebook.com\\\/3coty\",\"https:\\\/\\\/x.com\\\/3cotyCom\",\"https:\\\/\\\/www.instagram.com\\\/3coty\",\"https:\\\/\\\/www.linkedin.com\\\/company\\\/3coty\",\"https:\\\/\\\/www.youtube.com\\\/@3coty\"]}]}<\/script>\n<meta property=\"product:price:amount\" content=\"2.00\" \/>\n<meta property=\"product:price:currency\" content=\"EUR\" \/>\n<meta property=\"og:availability\" content=\"instock\" \/>\n<meta property=\"product:availability\" content=\"instock\" \/>\n<meta property=\"product:retailer_item_id\" content=\"080T 02CH \/ 5901785317374\" \/>\n<meta property=\"product:condition\" content=\"new\" \/>\n<!-- \/ Yoast SEO Premium plugin. -->","yoast_head_json":{"title":"02. KANA 080 (80g) | Aikuisille kissoille | 3coty\u00ae Luonnollinen Kissaruoka 100% Lihaa","description":"Luonnollinen t\u00e4ydellinen tasapainoinen kananlihaa sis\u00e4lt\u00e4v\u00e4 kissanruoka jossa on spirulinaa immuunij\u00e4rjestelm\u00e4n vahvistajana aikuisille kissoille. Silputtu rakenne josta bengalit ja abessinialaiset pit\u00e4v\u00e4t.","robots":{"index":"index","follow":"follow","max-snippet":"max-snippet:-1","max-image-preview":"max-image-preview:large","max-video-preview":"max-video-preview:-1"},"canonical":"https:\/\/3coty.com\/fi\/p\/02-chicken-080\/","og_locale":"fi_FI","og_type":"article","og_title":"02. KANA 080 (80g) | Aikuisille kissoille | 3coty\u00ae Luonnollinen Kissaruoka 100% Lihaa","og_description":"Luonnollinen t\u00e4ydellinen tasapainoinen kananlihaa sis\u00e4lt\u00e4v\u00e4 kissanruoka jossa on spirulinaa immuunij\u00e4rjestelm\u00e4n vahvistajana aikuisille kissoille. Silputtu rakenne josta bengalit ja abessinialaiset pit\u00e4v\u00e4t.","og_url":"https:\/\/3coty.com\/fi\/p\/02-chicken-080\/","og_site_name":"3coty\u00ae","article_publisher":"https:\/\/www.facebook.com\/3coty","article_modified_time":"2026-04-14T11:24:18+00:00","og_image":[{"width":1200,"height":630,"url":"https:\/\/3coty.com\/wp-content\/uploads\/2025\/10\/3coty-02-chicken-080-meat-only-cat-food.jpg","type":"image\/jpeg"}],"twitter_card":"summary_large_image","twitter_title":"02. KANA 080 (80g) | Aikuisille kissoille | 3coty\u00ae Luonnollinen Kissaruoka 100% Lihaa","twitter_description":"Luonnollinen t\u00e4ydellinen tasapainoinen kananlihaa sis\u00e4lt\u00e4v\u00e4 kissanruoka jossa on spirulinaa immuunij\u00e4rjestelm\u00e4n vahvistajana aikuisille kissoille. Silputtu rakenne josta bengalit ja abessinialaiset pit\u00e4v\u00e4t.","twitter_image":"https:\/\/3coty.com\/wp-content\/uploads\/2025\/10\/3coty-02-chicken-080-meat-only-cat-food.jpg","twitter_site":"@3cotyCom","twitter_misc":{"Hinta":"\u20ac&nbsp;2.00","Saatavuus":"Varastossa"},"schema":{"@context":"https:\/\/schema.org","@graph":[{"@type":"WebPage","@id":"https:\/\/3coty.com\/fi\/p\/02-chicken-080\/","url":"https:\/\/3coty.com\/fi\/p\/02-chicken-080\/","name":"02. KANA 080 (80g) | Aikuisille kissoille | 3coty\u00ae Luonnollinen Kissaruoka 100% Lihaa","isPartOf":{"@id":"https:\/\/3coty.com\/fi\/#website"},"primaryImageOfPage":{"@id":"https:\/\/3coty.com\/fi\/p\/02-chicken-080\/#primaryimage"},"image":{"@id":"https:\/\/3coty.com\/fi\/p\/02-chicken-080\/#primaryimage"},"thumbnailUrl":"https:\/\/3coty.com\/wp-content\/uploads\/2025\/07\/3coty-p-02-080-01.jpg","datePublished":"2025-05-19T15:55:12+00:00","dateModified":"2026-04-14T11:24:18+00:00","description":"Luonnollinen t\u00e4ydellinen tasapainoinen kananlihaa sis\u00e4lt\u00e4v\u00e4 kissanruoka jossa on spirulinaa immuunij\u00e4rjestelm\u00e4n vahvistajana aikuisille kissoille. Silputtu rakenne josta bengalit ja abessinialaiset pit\u00e4v\u00e4t.","breadcrumb":{"@id":"https:\/\/3coty.com\/fi\/p\/02-chicken-080\/#breadcrumb"},"inLanguage":"fi","potentialAction":[{"@type":"ReadAction","target":["https:\/\/3coty.com\/fi\/p\/02-chicken-080\/"]}]},{"@type":"ImageObject","inLanguage":"fi","@id":"https:\/\/3coty.com\/fi\/p\/02-chicken-080\/#primaryimage","url":"https:\/\/3coty.com\/wp-content\/uploads\/2025\/07\/3coty-p-02-080-01.jpg","contentUrl":"https:\/\/3coty.com\/wp-content\/uploads\/2025\/07\/3coty-p-02-080-01.jpg","width":1024,"height":1024},{"@type":"BreadcrumbList","@id":"https:\/\/3coty.com\/fi\/p\/02-chicken-080\/#breadcrumb","itemListElement":[{"@type":"ListItem","position":1,"name":"Home","item":"https:\/\/3coty.com\/fi\/"},{"@type":"ListItem","position":2,"name":"KAUPPA","item":"https:\/\/3coty.com\/fi\/shop\/"},{"@type":"ListItem","position":3,"name":"02. KANA 080"}]},{"@type":"WebSite","@id":"https:\/\/3coty.com\/fi\/#website","url":"https:\/\/3coty.com\/fi\/","name":"3coty\u00ae","description":"Meat-only Cat Food","publisher":{"@id":"https:\/\/3coty.com\/fi\/#organization"},"potentialAction":[{"@type":"SearchAction","target":{"@type":"EntryPoint","urlTemplate":"https:\/\/3coty.com\/fi\/?s={search_term_string}"},"query-input":{"@type":"PropertyValueSpecification","valueRequired":true,"valueName":"search_term_string"}}],"inLanguage":"fi"},{"@type":"Organization","@id":"https:\/\/3coty.com\/fi\/#organization","name":"3coty\u00ae","alternateName":"3coty","url":"https:\/\/3coty.com\/fi\/","logo":{"@type":"ImageObject","inLanguage":"fi","@id":"https:\/\/3coty.com\/fi\/#\/schema\/logo\/image\/","url":"https:\/\/3coty.com\/wp-content\/uploads\/2025\/05\/icon-3coty-logo.svg","contentUrl":"https:\/\/3coty.com\/wp-content\/uploads\/2025\/05\/icon-3coty-logo.svg","width":283,"height":283,"caption":"3coty\u00ae"},"image":{"@id":"https:\/\/3coty.com\/fi\/#\/schema\/logo\/image\/"},"sameAs":["https:\/\/www.facebook.com\/3coty","https:\/\/x.com\/3cotyCom","https:\/\/www.instagram.com\/3coty","https:\/\/www.linkedin.com\/company\/3coty","https:\/\/www.youtube.com\/@3coty"]}]},"product_price_amount":"2.00","product_price_currency":"EUR","og_availability":"instock","product_availability":"instock","product_retailer_item_id":"080T 02CH \/ 5901785317374","product_condition":"new"},"_links":{"self":[{"href":"https:\/\/3coty.com\/fi\/wp-json\/wp\/v2\/product\/31011","targetHints":{"allow":["GET"]}}],"collection":[{"href":"https:\/\/3coty.com\/fi\/wp-json\/wp\/v2\/product"}],"about":[{"href":"https:\/\/3coty.com\/fi\/wp-json\/wp\/v2\/types\/product"}],"version-history":[{"count":3,"href":"https:\/\/3coty.com\/fi\/wp-json\/wp\/v2\/product\/31011\/revisions"}],"predecessor-version":[{"id":63018,"href":"https:\/\/3coty.com\/fi\/wp-json\/wp\/v2\/product\/31011\/revisions\/63018"}],"wp:featuredmedia":[{"embeddable":true,"href":"https:\/\/3coty.com\/fi\/wp-json\/wp\/v2\/media\/62633"}],"wp:attachment":[{"href":"https:\/\/3coty.com\/fi\/wp-json\/wp\/v2\/media?parent=31011"}],"wp:term":[{"taxonomy":"product_brand","embeddable":true,"href":"https:\/\/3coty.com\/fi\/wp-json\/wp\/v2\/product_brand?post=31011"},{"taxonomy":"product_cat","embeddable":true,"href":"https:\/\/3coty.com\/fi\/wp-json\/wp\/v2\/product_cat?post=31011"},{"taxonomy":"product_tag","embeddable":true,"href":"https:\/\/3coty.com\/fi\/wp-json\/wp\/v2\/product_tag?post=31011"}],"curies":[{"name":"wp","href":"https:\/\/api.w.org\/{rel}","templated":true}]}}