{"id":31009,"date":"2025-05-19T15:23:58","date_gmt":"2025-05-19T15:23:58","guid":{"rendered":"https:\/\/3coty.com\/p\/01-chicken-390\/"},"modified":"2026-03-17T18:38:55","modified_gmt":"2026-03-17T18:38:55","slug":"01-chicken-390","status":"publish","type":"product","link":"https:\/\/3coty.com\/fi\/p\/01-chicken-390\/","title":{"rendered":"01. KANA 390"},"content":{"rendered":"<p><a href=\"https:\/\/3coty.com\/wp-content\/uploads\/2025\/07\/3coty-p-01-tab-1.svg\"><img fetchpriority=\"high\" decoding=\"async\" class=\"alignnone size-full wp-image-63218\" role=\"img\" src=\"https:\/\/3coty.com\/wp-content\/uploads\/2025\/07\/3coty-p-01-tab-1.svg\" alt=\"\" width=\"283\" height=\"283\" \/><\/a><\/p>\n<h2>LUONNONMUKAINEN JA TASAPAINOITETTU 3COTY\u00ae T\u00c4YSRAVINTO KISSOILLE<\/h2>\n<p><strong>100% LUONNOLLISIA LIHA-AINESOSIA keitettyn\u00e4 omassa ravitsevassa lihaliemess\u00e4\u00e4n<\/strong><\/p>\n<p>Suosikkituotteemme, kehitetty 100-prosenttisesti kanaa sis\u00e4lt\u00e4v\u00e4ksi kissan m\u00e4rk\u00e4ruoaksi, joka on t\u00e4ysi- ja tasapainoista, joten se soveltuu aikuisten kissojen eliminaatiodieetiksi. Sis\u00e4lt\u00e4\u00e4 syd\u00e4mi\u00e4, kivipiiraita ja maksaa, samoin kuin kissojen saaliissa. Abessinialaiskissat, bengalit ja maine coonit nauttivat kanan kaikkien osien mausta, eiv\u00e4t vain jalkojen ja siipien mausta. Omassa liemess\u00e4\u00e4n valmistettu monoproteiininen kissanruoka.<\/p>\n<p>Monoproteiininen kissanruoka, joka on valmistettu 100% kananlihasta ja sis\u00e4elimist\u00e4, ihanteellinen esimerkiksi BARF-ruokavalioon tottuneiden kissojen eliminaatiodieetteihin.<\/p>\n","protected":false},"excerpt":{"rendered":"<p><a href=\"https:\/\/3coty.com\/wp-content\/uploads\/2025\/07\/3coty-p-01-description-1.svg\"><img decoding=\"async\" class=\"alignnone size-medium wp-image-63182\" role=\"img\" src=\"https:\/\/3coty.com\/wp-content\/uploads\/2025\/07\/3coty-p-01-description-1.svg\" alt=\"\" width=\"300\" height=\"300\" \/><\/a><\/p>\n<p><strong>AIKUISELLE KISSALLE<\/strong> | PAT\u00c9 | MONOPROTEIININEN KISSANRUOKA<\/p>\n<p><a href=\"https:\/\/3coty.com\/wp-content\/uploads\/2025\/07\/3coty-p-01-description-2.svg\"><img decoding=\"async\" class=\"alignnone size-full wp-image-63200\" role=\"img\" src=\"https:\/\/3coty.com\/wp-content\/uploads\/2025\/07\/3coty-p-01-description-2.svg\" alt=\"\" width=\"506\" height=\"85\" \/><\/a><\/p>\n","protected":false},"featured_media":63439,"template":"","meta":{"_acf_changed":false},"product_brand":[1952],"product_cat":[356],"product_tag":[743],"class_list":{"0":"post-31009","1":"product","2":"type-product","3":"status-publish","4":"has-post-thumbnail","6":"product_brand-3coty","7":"product_cat-for-adult-cats","8":"product_tag-01ch","10":"first","11":"outofstock","12":"featured","13":"taxable","14":"shipping-taxable","15":"purchasable","16":"product-type-simple"},"acf":[],"yoast_head":"<!-- This site is optimized with the Yoast SEO Premium plugin v27.4 (Yoast SEO v27.4) - https:\/\/yoast.com\/product\/yoast-seo-premium-wordpress\/ -->\n<title>01. KANA 390 (390g) | Aikuisille kissoille | 3coty\u00ae Luonnollinen Kissaruoka 100% Lihaa<\/title>\n<meta name=\"description\" content=\"Tutustu 3coty\u00ae-verkkokauppaan, jossa on luonnollista ja vain lihasta valmistettua kissanruokaa, tehty 100% tuoreista raaka-aineista. L\u00f6yd\u00e4 terveellisi\u00e4 reseptej\u00e4, jotka tukevat kissasi hyvinvointia jokaisessa el\u00e4m\u00e4nvaiheessa.\" \/>\n<meta name=\"robots\" content=\"index, follow, max-snippet:-1, max-image-preview:large, max-video-preview:-1\" \/>\n<link rel=\"canonical\" href=\"https:\/\/3coty.com\/fi\/p\/01-chicken-390\/\" \/>\n<meta property=\"og:locale\" content=\"fi_FI\" \/>\n<meta property=\"og:type\" content=\"article\" \/>\n<meta property=\"og:title\" content=\"01. KANA 390 (390g) | Aikuisille kissoille | 3coty\u00ae Luonnollinen Kissaruoka 100% Lihaa\" \/>\n<meta property=\"og:description\" content=\"Tutustu 3coty\u00ae-verkkokauppaan, jossa on luonnollista ja vain lihasta valmistettua kissanruokaa, tehty 100% tuoreista raaka-aineista. L\u00f6yd\u00e4 terveellisi\u00e4 reseptej\u00e4, jotka tukevat kissasi hyvinvointia jokaisessa el\u00e4m\u00e4nvaiheessa.\" \/>\n<meta property=\"og:url\" content=\"https:\/\/3coty.com\/fi\/p\/01-chicken-390\/\" \/>\n<meta property=\"og:site_name\" content=\"3coty\u00ae\" \/>\n<meta property=\"article:publisher\" content=\"https:\/\/www.facebook.com\/3coty\" \/>\n<meta property=\"article:modified_time\" content=\"2026-03-17T18:38:55+00:00\" \/>\n<meta property=\"og:image\" content=\"https:\/\/3coty.com\/wp-content\/uploads\/2025\/10\/3coty-01-chicken-390-meat-only-cat-food.jpg\" \/>\n\t<meta property=\"og:image:width\" content=\"1200\" \/>\n\t<meta property=\"og:image:height\" content=\"630\" \/>\n\t<meta property=\"og:image:type\" content=\"image\/jpeg\" \/>\n<meta name=\"twitter:card\" content=\"summary_large_image\" \/>\n<meta name=\"twitter:title\" content=\"01. KANA 390 (390g) | Aikuisille kissoille | 3coty\u00ae Luonnollinen Kissaruoka 100% Lihaa\" \/>\n<meta name=\"twitter:description\" content=\"Tutustu 3coty\u00ae-verkkokauppaan, jossa on luonnollista ja vain lihasta valmistettua kissanruokaa, tehty 100% tuoreista raaka-aineista. L\u00f6yd\u00e4 terveellisi\u00e4 reseptej\u00e4, jotka tukevat kissasi hyvinvointia jokaisessa el\u00e4m\u00e4nvaiheessa.\" \/>\n<meta name=\"twitter:image\" content=\"https:\/\/3coty.com\/wp-content\/uploads\/2025\/10\/3coty-01-chicken-390-meat-only-cat-food.jpg\" \/>\n<meta name=\"twitter:site\" content=\"@3cotyCom\" \/>\n<meta name=\"twitter:label1\" content=\"Hinta\" \/>\n\t<meta name=\"twitter:data1\" content=\"\u20ac&nbsp;4.50\" \/>\n\t<meta name=\"twitter:label2\" content=\"Saatavuus\" \/>\n\t<meta name=\"twitter:data2\" content=\"Loppu varastosta\" \/>\n<script type=\"application\/ld+json\" class=\"yoast-schema-graph\">{\"@context\":\"https:\\\/\\\/schema.org\",\"@graph\":[{\"@type\":\"WebPage\",\"@id\":\"https:\\\/\\\/3coty.com\\\/fi\\\/p\\\/01-chicken-390\\\/\",\"url\":\"https:\\\/\\\/3coty.com\\\/fi\\\/p\\\/01-chicken-390\\\/\",\"name\":\"01. KANA 390 (390g) | Aikuisille kissoille | 3coty\u00ae Luonnollinen Kissaruoka 100% Lihaa\",\"isPartOf\":{\"@id\":\"https:\\\/\\\/3coty.com\\\/fi\\\/#website\"},\"primaryImageOfPage\":{\"@id\":\"https:\\\/\\\/3coty.com\\\/fi\\\/p\\\/01-chicken-390\\\/#primaryimage\"},\"image\":{\"@id\":\"https:\\\/\\\/3coty.com\\\/fi\\\/p\\\/01-chicken-390\\\/#primaryimage\"},\"thumbnailUrl\":\"https:\\\/\\\/3coty.com\\\/wp-content\\\/uploads\\\/2025\\\/07\\\/3coty-p-01-390-01.jpg\",\"datePublished\":\"2025-05-19T15:23:58+00:00\",\"dateModified\":\"2026-03-17T18:38:55+00:00\",\"description\":\"Tutustu 3coty\u00ae-verkkokauppaan, jossa on luonnollista ja vain lihasta valmistettua kissanruokaa, tehty 100% tuoreista raaka-aineista. L\u00f6yd\u00e4 terveellisi\u00e4 reseptej\u00e4, jotka tukevat kissasi hyvinvointia jokaisessa el\u00e4m\u00e4nvaiheessa.\",\"breadcrumb\":{\"@id\":\"https:\\\/\\\/3coty.com\\\/fi\\\/p\\\/01-chicken-390\\\/#breadcrumb\"},\"inLanguage\":\"fi\",\"potentialAction\":[{\"@type\":\"ReadAction\",\"target\":[\"https:\\\/\\\/3coty.com\\\/fi\\\/p\\\/01-chicken-390\\\/\"]}]},{\"@type\":\"ImageObject\",\"inLanguage\":\"fi\",\"@id\":\"https:\\\/\\\/3coty.com\\\/fi\\\/p\\\/01-chicken-390\\\/#primaryimage\",\"url\":\"https:\\\/\\\/3coty.com\\\/wp-content\\\/uploads\\\/2025\\\/07\\\/3coty-p-01-390-01.jpg\",\"contentUrl\":\"https:\\\/\\\/3coty.com\\\/wp-content\\\/uploads\\\/2025\\\/07\\\/3coty-p-01-390-01.jpg\",\"width\":1024,\"height\":1024},{\"@type\":\"BreadcrumbList\",\"@id\":\"https:\\\/\\\/3coty.com\\\/fi\\\/p\\\/01-chicken-390\\\/#breadcrumb\",\"itemListElement\":[{\"@type\":\"ListItem\",\"position\":1,\"name\":\"Home\",\"item\":\"https:\\\/\\\/3coty.com\\\/fi\\\/\"},{\"@type\":\"ListItem\",\"position\":2,\"name\":\"KAUPPA\",\"item\":\"https:\\\/\\\/3coty.com\\\/fi\\\/shop\\\/\"},{\"@type\":\"ListItem\",\"position\":3,\"name\":\"01. KANA 390\"}]},{\"@type\":\"WebSite\",\"@id\":\"https:\\\/\\\/3coty.com\\\/fi\\\/#website\",\"url\":\"https:\\\/\\\/3coty.com\\\/fi\\\/\",\"name\":\"3coty\u00ae\",\"description\":\"Meat-only Cat Food\",\"publisher\":{\"@id\":\"https:\\\/\\\/3coty.com\\\/fi\\\/#organization\"},\"potentialAction\":[{\"@type\":\"SearchAction\",\"target\":{\"@type\":\"EntryPoint\",\"urlTemplate\":\"https:\\\/\\\/3coty.com\\\/fi\\\/?s={search_term_string}\"},\"query-input\":{\"@type\":\"PropertyValueSpecification\",\"valueRequired\":true,\"valueName\":\"search_term_string\"}}],\"inLanguage\":\"fi\"},{\"@type\":\"Organization\",\"@id\":\"https:\\\/\\\/3coty.com\\\/fi\\\/#organization\",\"name\":\"3coty\u00ae\",\"alternateName\":\"3coty\",\"url\":\"https:\\\/\\\/3coty.com\\\/fi\\\/\",\"logo\":{\"@type\":\"ImageObject\",\"inLanguage\":\"fi\",\"@id\":\"https:\\\/\\\/3coty.com\\\/fi\\\/#\\\/schema\\\/logo\\\/image\\\/\",\"url\":\"https:\\\/\\\/3coty.com\\\/wp-content\\\/uploads\\\/2025\\\/05\\\/icon-3coty-logo.svg\",\"contentUrl\":\"https:\\\/\\\/3coty.com\\\/wp-content\\\/uploads\\\/2025\\\/05\\\/icon-3coty-logo.svg\",\"width\":283,\"height\":283,\"caption\":\"3coty\u00ae\"},\"image\":{\"@id\":\"https:\\\/\\\/3coty.com\\\/fi\\\/#\\\/schema\\\/logo\\\/image\\\/\"},\"sameAs\":[\"https:\\\/\\\/www.facebook.com\\\/3coty\",\"https:\\\/\\\/x.com\\\/3cotyCom\",\"https:\\\/\\\/www.instagram.com\\\/3coty\",\"https:\\\/\\\/www.linkedin.com\\\/company\\\/3coty\",\"https:\\\/\\\/www.youtube.com\\\/@3coty\"]}]}<\/script>\n<meta property=\"product:price:amount\" content=\"4.50\" \/>\n<meta property=\"product:price:currency\" content=\"EUR\" \/>\n<meta property=\"og:availability\" content=\"out of stock\" \/>\n<meta property=\"product:availability\" content=\"out of stock\" \/>\n<meta property=\"product:retailer_item_id\" content=\"390T 01CH \/ 5901785315806\" \/>\n<meta property=\"product:condition\" content=\"new\" \/>\n<!-- \/ Yoast SEO Premium plugin. -->","yoast_head_json":{"title":"01. KANA 390 (390g) | Aikuisille kissoille | 3coty\u00ae Luonnollinen Kissaruoka 100% Lihaa","description":"Tutustu 3coty\u00ae-verkkokauppaan, jossa on luonnollista ja vain lihasta valmistettua kissanruokaa, tehty 100% tuoreista raaka-aineista. L\u00f6yd\u00e4 terveellisi\u00e4 reseptej\u00e4, jotka tukevat kissasi hyvinvointia jokaisessa el\u00e4m\u00e4nvaiheessa.","robots":{"index":"index","follow":"follow","max-snippet":"max-snippet:-1","max-image-preview":"max-image-preview:large","max-video-preview":"max-video-preview:-1"},"canonical":"https:\/\/3coty.com\/fi\/p\/01-chicken-390\/","og_locale":"fi_FI","og_type":"article","og_title":"01. KANA 390 (390g) | Aikuisille kissoille | 3coty\u00ae Luonnollinen Kissaruoka 100% Lihaa","og_description":"Tutustu 3coty\u00ae-verkkokauppaan, jossa on luonnollista ja vain lihasta valmistettua kissanruokaa, tehty 100% tuoreista raaka-aineista. L\u00f6yd\u00e4 terveellisi\u00e4 reseptej\u00e4, jotka tukevat kissasi hyvinvointia jokaisessa el\u00e4m\u00e4nvaiheessa.","og_url":"https:\/\/3coty.com\/fi\/p\/01-chicken-390\/","og_site_name":"3coty\u00ae","article_publisher":"https:\/\/www.facebook.com\/3coty","article_modified_time":"2026-03-17T18:38:55+00:00","og_image":[{"width":1200,"height":630,"url":"https:\/\/3coty.com\/wp-content\/uploads\/2025\/10\/3coty-01-chicken-390-meat-only-cat-food.jpg","type":"image\/jpeg"}],"twitter_card":"summary_large_image","twitter_title":"01. KANA 390 (390g) | Aikuisille kissoille | 3coty\u00ae Luonnollinen Kissaruoka 100% Lihaa","twitter_description":"Tutustu 3coty\u00ae-verkkokauppaan, jossa on luonnollista ja vain lihasta valmistettua kissanruokaa, tehty 100% tuoreista raaka-aineista. L\u00f6yd\u00e4 terveellisi\u00e4 reseptej\u00e4, jotka tukevat kissasi hyvinvointia jokaisessa el\u00e4m\u00e4nvaiheessa.","twitter_image":"https:\/\/3coty.com\/wp-content\/uploads\/2025\/10\/3coty-01-chicken-390-meat-only-cat-food.jpg","twitter_site":"@3cotyCom","twitter_misc":{"Hinta":"\u20ac&nbsp;4.50","Saatavuus":"Loppu varastosta"},"schema":{"@context":"https:\/\/schema.org","@graph":[{"@type":"WebPage","@id":"https:\/\/3coty.com\/fi\/p\/01-chicken-390\/","url":"https:\/\/3coty.com\/fi\/p\/01-chicken-390\/","name":"01. KANA 390 (390g) | Aikuisille kissoille | 3coty\u00ae Luonnollinen Kissaruoka 100% Lihaa","isPartOf":{"@id":"https:\/\/3coty.com\/fi\/#website"},"primaryImageOfPage":{"@id":"https:\/\/3coty.com\/fi\/p\/01-chicken-390\/#primaryimage"},"image":{"@id":"https:\/\/3coty.com\/fi\/p\/01-chicken-390\/#primaryimage"},"thumbnailUrl":"https:\/\/3coty.com\/wp-content\/uploads\/2025\/07\/3coty-p-01-390-01.jpg","datePublished":"2025-05-19T15:23:58+00:00","dateModified":"2026-03-17T18:38:55+00:00","description":"Tutustu 3coty\u00ae-verkkokauppaan, jossa on luonnollista ja vain lihasta valmistettua kissanruokaa, tehty 100% tuoreista raaka-aineista. L\u00f6yd\u00e4 terveellisi\u00e4 reseptej\u00e4, jotka tukevat kissasi hyvinvointia jokaisessa el\u00e4m\u00e4nvaiheessa.","breadcrumb":{"@id":"https:\/\/3coty.com\/fi\/p\/01-chicken-390\/#breadcrumb"},"inLanguage":"fi","potentialAction":[{"@type":"ReadAction","target":["https:\/\/3coty.com\/fi\/p\/01-chicken-390\/"]}]},{"@type":"ImageObject","inLanguage":"fi","@id":"https:\/\/3coty.com\/fi\/p\/01-chicken-390\/#primaryimage","url":"https:\/\/3coty.com\/wp-content\/uploads\/2025\/07\/3coty-p-01-390-01.jpg","contentUrl":"https:\/\/3coty.com\/wp-content\/uploads\/2025\/07\/3coty-p-01-390-01.jpg","width":1024,"height":1024},{"@type":"BreadcrumbList","@id":"https:\/\/3coty.com\/fi\/p\/01-chicken-390\/#breadcrumb","itemListElement":[{"@type":"ListItem","position":1,"name":"Home","item":"https:\/\/3coty.com\/fi\/"},{"@type":"ListItem","position":2,"name":"KAUPPA","item":"https:\/\/3coty.com\/fi\/shop\/"},{"@type":"ListItem","position":3,"name":"01. KANA 390"}]},{"@type":"WebSite","@id":"https:\/\/3coty.com\/fi\/#website","url":"https:\/\/3coty.com\/fi\/","name":"3coty\u00ae","description":"Meat-only Cat Food","publisher":{"@id":"https:\/\/3coty.com\/fi\/#organization"},"potentialAction":[{"@type":"SearchAction","target":{"@type":"EntryPoint","urlTemplate":"https:\/\/3coty.com\/fi\/?s={search_term_string}"},"query-input":{"@type":"PropertyValueSpecification","valueRequired":true,"valueName":"search_term_string"}}],"inLanguage":"fi"},{"@type":"Organization","@id":"https:\/\/3coty.com\/fi\/#organization","name":"3coty\u00ae","alternateName":"3coty","url":"https:\/\/3coty.com\/fi\/","logo":{"@type":"ImageObject","inLanguage":"fi","@id":"https:\/\/3coty.com\/fi\/#\/schema\/logo\/image\/","url":"https:\/\/3coty.com\/wp-content\/uploads\/2025\/05\/icon-3coty-logo.svg","contentUrl":"https:\/\/3coty.com\/wp-content\/uploads\/2025\/05\/icon-3coty-logo.svg","width":283,"height":283,"caption":"3coty\u00ae"},"image":{"@id":"https:\/\/3coty.com\/fi\/#\/schema\/logo\/image\/"},"sameAs":["https:\/\/www.facebook.com\/3coty","https:\/\/x.com\/3cotyCom","https:\/\/www.instagram.com\/3coty","https:\/\/www.linkedin.com\/company\/3coty","https:\/\/www.youtube.com\/@3coty"]}]},"product_price_amount":"4.50","product_price_currency":"EUR","og_availability":"out of stock","product_availability":"out of stock","product_retailer_item_id":"390T 01CH \/ 5901785315806","product_condition":"new"},"_links":{"self":[{"href":"https:\/\/3coty.com\/fi\/wp-json\/wp\/v2\/product\/31009","targetHints":{"allow":["GET"]}}],"collection":[{"href":"https:\/\/3coty.com\/fi\/wp-json\/wp\/v2\/product"}],"about":[{"href":"https:\/\/3coty.com\/fi\/wp-json\/wp\/v2\/types\/product"}],"version-history":[{"count":3,"href":"https:\/\/3coty.com\/fi\/wp-json\/wp\/v2\/product\/31009\/revisions"}],"predecessor-version":[{"id":31146,"href":"https:\/\/3coty.com\/fi\/wp-json\/wp\/v2\/product\/31009\/revisions\/31146"}],"wp:featuredmedia":[{"embeddable":true,"href":"https:\/\/3coty.com\/fi\/wp-json\/wp\/v2\/media\/63439"}],"wp:attachment":[{"href":"https:\/\/3coty.com\/fi\/wp-json\/wp\/v2\/media?parent=31009"}],"wp:term":[{"taxonomy":"product_brand","embeddable":true,"href":"https:\/\/3coty.com\/fi\/wp-json\/wp\/v2\/product_brand?post=31009"},{"taxonomy":"product_cat","embeddable":true,"href":"https:\/\/3coty.com\/fi\/wp-json\/wp\/v2\/product_cat?post=31009"},{"taxonomy":"product_tag","embeddable":true,"href":"https:\/\/3coty.com\/fi\/wp-json\/wp\/v2\/product_tag?post=31009"}],"curies":[{"name":"wp","href":"https:\/\/api.w.org\/{rel}","templated":true}]}}