{"id":76755,"date":"2025-09-18T11:59:13","date_gmt":"2025-09-18T11:59:13","guid":{"rendered":"https:\/\/3coty.com\/?page_id=76755"},"modified":"2025-12-09T17:29:20","modified_gmt":"2025-12-09T17:29:20","slug":"cookie-policy","status":"publish","type":"page","link":"https:\/\/3coty.com\/fi\/cookie-policy\/","title":{"rendered":"Ev\u00e4stek\u00e4yt\u00e4nt\u00f6"},"content":{"rendered":"<p>&nbsp;<\/p>\n<h1>Ev\u00e4stek\u00e4yt\u00e4nt\u00f6<\/h1>\n<h2 data-start=\"214\" data-end=\"236\">Mit\u00e4 ev\u00e4steet ovat?<\/h2>\n<p data-start=\"238\" data-end=\"482\">Ev\u00e4steet ovat pieni\u00e4 tekstitiedostoja, jotka tallennetaan laitteellesi ja auttavat meit\u00e4 varmistamaan, ett\u00e4 verkkosivustomme toimii oikein, parantamaan turvallisuutta, tarjoamaan paremman k\u00e4ytt\u00f6kokemuksen ja analysoimaan sivuston suorituskyky\u00e4.<\/p>\n<p>&nbsp;<\/p>\n<h2 data-start=\"489\" data-end=\"518\">Kuinka k\u00e4yt\u00e4mme ev\u00e4steit\u00e4?<\/h2>\n<p data-start=\"520\" data-end=\"609\">Kuten useimmat verkkosivustot, k\u00e4yt\u00e4mme sek\u00e4 omia ett\u00e4 kolmansien osapuolien ev\u00e4steit\u00e4.<\/p>\n<p data-start=\"611\" data-end=\"762\">V\u00e4ltt\u00e4m\u00e4tt\u00f6m\u00e4t ev\u00e4steet varmistavat, ett\u00e4 sivusto toimii oikein (esimerkiksi pit\u00e4v\u00e4t sinut kirjautuneena ja muistavat kieli- sek\u00e4 valuuttavalintasi).<\/p>\n<p data-start=\"764\" data-end=\"888\">Suorituskykyev\u00e4steet auttavat meit\u00e4 ymm\u00e4rt\u00e4m\u00e4\u00e4n, miten k\u00e4vij\u00e4t k\u00e4ytt\u00e4v\u00e4t sivustoamme, jotta voimme parantaa sen toimintaa.<\/p>\n<p data-start=\"890\" data-end=\"1002\">Markkinointiev\u00e4steet mahdollistavat asiaankuuluvien tarjousten n\u00e4ytt\u00e4misen ja mainonnan tehokkuuden mittaamisen.<\/p>\n<p data-start=\"1004\" data-end=\"1023\">[wcc_category_list]<\/p>\n<p>&nbsp;<\/p>\n<h2 data-start=\"1030\" data-end=\"1057\">Ev\u00e4steasetusten hallinta<\/h2>\n<p data-start=\"1059\" data-end=\"1289\">Voit muuttaa ev\u00e4steasetuksiasi milloin tahansa napsauttamalla painiketta [wcc_preference_button]. T\u00e4m\u00e4 antaa sinulle mahdollisuuden avata ev\u00e4stesuostumusbannerin uudelleen ja muuttaa asetuksiasi tai peruuttaa suostumuksesi heti.<\/p>\n<p data-start=\"1291\" data-end=\"1521\">Lis\u00e4ksi eri selaimet tarjoavat erilaisia tapoja est\u00e4\u00e4 ja poistaa verkkosivustojen k\u00e4ytt\u00e4mi\u00e4 ev\u00e4steit\u00e4. Voit muuttaa selaimesi asetuksia est\u00e4\u00e4ksesi tai poistaaksesi ev\u00e4steet. Alla on linkit yleisimpien verkkoselainten tukisivuille.<\/p>\n<p>Chrome: <a href=\"https:\/\/support.google.com\/accounts\/answer\/32050\"> https:\/\/support.google.com\/accounts\/answer\/32050<\/a><\/p>\n<p>Safari: <a href=\"https:\/\/support.apple.com\/en-in\/guide\/safari\/sfri11471\/mac\">https:\/\/support.apple.com\/en-in\/guide\/safari\/sfri11471\/mac<\/a><\/p>\n<p>Firefox: <a href=\"https:\/\/support.mozilla.org\/en-US\/kb\/clear-cookies-and-site-data-firefox?redirectslug=delete-cookies-remove-info-websites-stored&amp;redirectlocale=en-US\">https:\/\/support.mozilla.org\/en-US\/kb\/clear-cookies-and-site-data-firefox?redirectslug=delete-cookies-remove-info-websites-stored&amp;redirectlocale=en-US<\/a><\/p>\n<p>Microsoft Edge: <a href=\"https:\/\/support.microsoft.com\/en-us\/microsoft-edge\/delete-cookies-in-microsoft-edge-63947406-40ac-c3b8-57b9-2a946a29ae09\"> Poista ev\u00e4steet Microsoft Edgess\u00e4 \u2013 Microsoftin tuki<\/a><\/p>\n<p>Jos k\u00e4yt\u00e4t jotakin muuta verkkoselainta, vieraile selaimesi virallisilla tukisivuilla.<\/p>\n<p>Lis\u00e4tietoja k\u00e4ytt\u00e4mist\u00e4mme ev\u00e4steist\u00e4, mukaan lukien palveluntarjoajat kuten Google Analytics, WooCommerce, WPML, PayPal ja muut, l\u00f6ytyy <a href=\"https:\/\/3coty.com\/fi\/privacy-policy\/\">tietosuojak\u00e4yt\u00e4nn\u00f6st\u00e4mme<\/a>.<\/p>\n<p>&nbsp;<\/p>\n<p><strong data-start=\"2074\" data-end=\"2097\">Viimeisin p\u00e4ivitys:<\/strong> 07.11.2025<\/p>\n<p>&nbsp;<\/p>\n","protected":false},"excerpt":{"rendered":"<p>&nbsp; Ev\u00e4stek\u00e4yt\u00e4nt\u00f6 Mit\u00e4 ev\u00e4steet ovat? Ev\u00e4steet ovat pieni\u00e4 tekstitiedostoja, jotka tallennetaan laitteellesi ja auttavat meit\u00e4 varmistamaan, ett\u00e4 verkkosivustomme toimii oikein, parantamaan turvallisuutta, tarjoamaan paremman k\u00e4ytt\u00f6kokemuksen ja analysoimaan sivuston suorituskyky\u00e4. &nbsp; Kuinka k\u00e4yt\u00e4mme ev\u00e4steit\u00e4? Kuten useimmat verkkosivustot, k\u00e4yt\u00e4mme sek\u00e4 omia ett\u00e4 kolmansien osapuolien ev\u00e4steit\u00e4. V\u00e4ltt\u00e4m\u00e4tt\u00f6m\u00e4t ev\u00e4steet varmistavat, ett\u00e4 sivusto toimii oikein (esimerkiksi pit\u00e4v\u00e4t sinut kirjautuneena ja &hellip;<\/p>\n","protected":false},"author":3,"featured_media":0,"parent":0,"menu_order":0,"comment_status":"closed","ping_status":"closed","template":"","meta":{"_acf_changed":false,"footnotes":""},"class_list":["post-76755","page","type-page","status-publish","hentry"],"acf":[],"yoast_head":"<!-- This site is optimized with the Yoast SEO Premium plugin v27.4 (Yoast SEO v27.4) - https:\/\/yoast.com\/product\/yoast-seo-premium-wordpress\/ -->\n<title>Ev\u00e4stek\u00e4yt\u00e4nt\u00f6 - 3coty\u00ae<\/title>\n<meta name=\"robots\" content=\"index, follow, max-snippet:-1, max-image-preview:large, max-video-preview:-1\" \/>\n<link rel=\"canonical\" href=\"https:\/\/3coty.com\/fi\/cookie-policy\/\" \/>\n<meta property=\"og:locale\" content=\"fi_FI\" \/>\n<meta property=\"og:type\" content=\"article\" \/>\n<meta property=\"og:title\" content=\"Ev\u00e4stek\u00e4yt\u00e4nt\u00f6\" \/>\n<meta property=\"og:description\" content=\"&nbsp; Ev\u00e4stek\u00e4yt\u00e4nt\u00f6 Mit\u00e4 ev\u00e4steet ovat? Ev\u00e4steet ovat pieni\u00e4 tekstitiedostoja, jotka tallennetaan laitteellesi ja auttavat meit\u00e4 varmistamaan, ett\u00e4 verkkosivustomme toimii oikein, parantamaan turvallisuutta, tarjoamaan paremman k\u00e4ytt\u00f6kokemuksen ja analysoimaan sivuston suorituskyky\u00e4. &nbsp; Kuinka k\u00e4yt\u00e4mme ev\u00e4steit\u00e4? Kuten useimmat verkkosivustot, k\u00e4yt\u00e4mme sek\u00e4 omia ett\u00e4 kolmansien osapuolien ev\u00e4steit\u00e4. V\u00e4ltt\u00e4m\u00e4tt\u00f6m\u00e4t ev\u00e4steet varmistavat, ett\u00e4 sivusto toimii oikein (esimerkiksi pit\u00e4v\u00e4t sinut kirjautuneena ja &hellip;\" \/>\n<meta property=\"og:url\" content=\"https:\/\/3coty.com\/fi\/cookie-policy\/\" \/>\n<meta property=\"og:site_name\" content=\"3coty\u00ae\" \/>\n<meta property=\"article:publisher\" content=\"https:\/\/www.facebook.com\/3coty\" \/>\n<meta property=\"article:modified_time\" content=\"2025-12-09T17:29:20+00:00\" \/>\n<meta name=\"twitter:card\" content=\"summary_large_image\" \/>\n<meta name=\"twitter:site\" content=\"@3cotyCom\" \/>\n<meta name=\"twitter:label1\" content=\"Arvioitu lukuaika\" \/>\n\t<meta name=\"twitter:data1\" content=\"1 minuutti\" \/>\n<script type=\"application\/ld+json\" class=\"yoast-schema-graph\">{\"@context\":\"https:\\\/\\\/schema.org\",\"@graph\":[{\"@type\":\"WebPage\",\"@id\":\"https:\\\/\\\/3coty.com\\\/fi\\\/cookie-policy\\\/\",\"url\":\"https:\\\/\\\/3coty.com\\\/fi\\\/cookie-policy\\\/\",\"name\":\"Ev\u00e4stek\u00e4yt\u00e4nt\u00f6 - 3coty\u00ae\",\"isPartOf\":{\"@id\":\"https:\\\/\\\/3coty.com\\\/fi\\\/#website\"},\"datePublished\":\"2025-09-18T11:59:13+00:00\",\"dateModified\":\"2025-12-09T17:29:20+00:00\",\"breadcrumb\":{\"@id\":\"https:\\\/\\\/3coty.com\\\/fi\\\/cookie-policy\\\/#breadcrumb\"},\"inLanguage\":\"fi\",\"potentialAction\":[{\"@type\":\"ReadAction\",\"target\":[\"https:\\\/\\\/3coty.com\\\/fi\\\/cookie-policy\\\/\"]}]},{\"@type\":\"BreadcrumbList\",\"@id\":\"https:\\\/\\\/3coty.com\\\/fi\\\/cookie-policy\\\/#breadcrumb\",\"itemListElement\":[{\"@type\":\"ListItem\",\"position\":1,\"name\":\"Home\",\"item\":\"https:\\\/\\\/3coty.com\\\/fi\\\/\"},{\"@type\":\"ListItem\",\"position\":2,\"name\":\"Ev\u00e4stek\u00e4yt\u00e4nt\u00f6\"}]},{\"@type\":\"WebSite\",\"@id\":\"https:\\\/\\\/3coty.com\\\/fi\\\/#website\",\"url\":\"https:\\\/\\\/3coty.com\\\/fi\\\/\",\"name\":\"3coty\u00ae\",\"description\":\"Meat-only Cat Food\",\"publisher\":{\"@id\":\"https:\\\/\\\/3coty.com\\\/fi\\\/#organization\"},\"potentialAction\":[{\"@type\":\"SearchAction\",\"target\":{\"@type\":\"EntryPoint\",\"urlTemplate\":\"https:\\\/\\\/3coty.com\\\/fi\\\/?s={search_term_string}\"},\"query-input\":{\"@type\":\"PropertyValueSpecification\",\"valueRequired\":true,\"valueName\":\"search_term_string\"}}],\"inLanguage\":\"fi\"},{\"@type\":\"Organization\",\"@id\":\"https:\\\/\\\/3coty.com\\\/fi\\\/#organization\",\"name\":\"3coty\u00ae\",\"alternateName\":\"3coty\",\"url\":\"https:\\\/\\\/3coty.com\\\/fi\\\/\",\"logo\":{\"@type\":\"ImageObject\",\"inLanguage\":\"fi\",\"@id\":\"https:\\\/\\\/3coty.com\\\/fi\\\/#\\\/schema\\\/logo\\\/image\\\/\",\"url\":\"https:\\\/\\\/3coty.com\\\/wp-content\\\/uploads\\\/2025\\\/05\\\/icon-3coty-logo.svg\",\"contentUrl\":\"https:\\\/\\\/3coty.com\\\/wp-content\\\/uploads\\\/2025\\\/05\\\/icon-3coty-logo.svg\",\"width\":283,\"height\":283,\"caption\":\"3coty\u00ae\"},\"image\":{\"@id\":\"https:\\\/\\\/3coty.com\\\/fi\\\/#\\\/schema\\\/logo\\\/image\\\/\"},\"sameAs\":[\"https:\\\/\\\/www.facebook.com\\\/3coty\",\"https:\\\/\\\/x.com\\\/3cotyCom\",\"https:\\\/\\\/www.instagram.com\\\/3coty\",\"https:\\\/\\\/www.linkedin.com\\\/company\\\/3coty\",\"https:\\\/\\\/www.youtube.com\\\/@3coty\"]}]}<\/script>\n<!-- \/ Yoast SEO Premium plugin. -->","yoast_head_json":{"title":"Ev\u00e4stek\u00e4yt\u00e4nt\u00f6 - 3coty\u00ae","robots":{"index":"index","follow":"follow","max-snippet":"max-snippet:-1","max-image-preview":"max-image-preview:large","max-video-preview":"max-video-preview:-1"},"canonical":"https:\/\/3coty.com\/fi\/cookie-policy\/","og_locale":"fi_FI","og_type":"article","og_title":"Ev\u00e4stek\u00e4yt\u00e4nt\u00f6","og_description":"&nbsp; Ev\u00e4stek\u00e4yt\u00e4nt\u00f6 Mit\u00e4 ev\u00e4steet ovat? Ev\u00e4steet ovat pieni\u00e4 tekstitiedostoja, jotka tallennetaan laitteellesi ja auttavat meit\u00e4 varmistamaan, ett\u00e4 verkkosivustomme toimii oikein, parantamaan turvallisuutta, tarjoamaan paremman k\u00e4ytt\u00f6kokemuksen ja analysoimaan sivuston suorituskyky\u00e4. &nbsp; Kuinka k\u00e4yt\u00e4mme ev\u00e4steit\u00e4? Kuten useimmat verkkosivustot, k\u00e4yt\u00e4mme sek\u00e4 omia ett\u00e4 kolmansien osapuolien ev\u00e4steit\u00e4. V\u00e4ltt\u00e4m\u00e4tt\u00f6m\u00e4t ev\u00e4steet varmistavat, ett\u00e4 sivusto toimii oikein (esimerkiksi pit\u00e4v\u00e4t sinut kirjautuneena ja &hellip;","og_url":"https:\/\/3coty.com\/fi\/cookie-policy\/","og_site_name":"3coty\u00ae","article_publisher":"https:\/\/www.facebook.com\/3coty","article_modified_time":"2025-12-09T17:29:20+00:00","twitter_card":"summary_large_image","twitter_site":"@3cotyCom","twitter_misc":{"Arvioitu lukuaika":"1 minuutti"},"schema":{"@context":"https:\/\/schema.org","@graph":[{"@type":"WebPage","@id":"https:\/\/3coty.com\/fi\/cookie-policy\/","url":"https:\/\/3coty.com\/fi\/cookie-policy\/","name":"Ev\u00e4stek\u00e4yt\u00e4nt\u00f6 - 3coty\u00ae","isPartOf":{"@id":"https:\/\/3coty.com\/fi\/#website"},"datePublished":"2025-09-18T11:59:13+00:00","dateModified":"2025-12-09T17:29:20+00:00","breadcrumb":{"@id":"https:\/\/3coty.com\/fi\/cookie-policy\/#breadcrumb"},"inLanguage":"fi","potentialAction":[{"@type":"ReadAction","target":["https:\/\/3coty.com\/fi\/cookie-policy\/"]}]},{"@type":"BreadcrumbList","@id":"https:\/\/3coty.com\/fi\/cookie-policy\/#breadcrumb","itemListElement":[{"@type":"ListItem","position":1,"name":"Home","item":"https:\/\/3coty.com\/fi\/"},{"@type":"ListItem","position":2,"name":"Ev\u00e4stek\u00e4yt\u00e4nt\u00f6"}]},{"@type":"WebSite","@id":"https:\/\/3coty.com\/fi\/#website","url":"https:\/\/3coty.com\/fi\/","name":"3coty\u00ae","description":"Meat-only Cat Food","publisher":{"@id":"https:\/\/3coty.com\/fi\/#organization"},"potentialAction":[{"@type":"SearchAction","target":{"@type":"EntryPoint","urlTemplate":"https:\/\/3coty.com\/fi\/?s={search_term_string}"},"query-input":{"@type":"PropertyValueSpecification","valueRequired":true,"valueName":"search_term_string"}}],"inLanguage":"fi"},{"@type":"Organization","@id":"https:\/\/3coty.com\/fi\/#organization","name":"3coty\u00ae","alternateName":"3coty","url":"https:\/\/3coty.com\/fi\/","logo":{"@type":"ImageObject","inLanguage":"fi","@id":"https:\/\/3coty.com\/fi\/#\/schema\/logo\/image\/","url":"https:\/\/3coty.com\/wp-content\/uploads\/2025\/05\/icon-3coty-logo.svg","contentUrl":"https:\/\/3coty.com\/wp-content\/uploads\/2025\/05\/icon-3coty-logo.svg","width":283,"height":283,"caption":"3coty\u00ae"},"image":{"@id":"https:\/\/3coty.com\/fi\/#\/schema\/logo\/image\/"},"sameAs":["https:\/\/www.facebook.com\/3coty","https:\/\/x.com\/3cotyCom","https:\/\/www.instagram.com\/3coty","https:\/\/www.linkedin.com\/company\/3coty","https:\/\/www.youtube.com\/@3coty"]}]}},"_links":{"self":[{"href":"https:\/\/3coty.com\/fi\/wp-json\/wp\/v2\/pages\/76755","targetHints":{"allow":["GET"]}}],"collection":[{"href":"https:\/\/3coty.com\/fi\/wp-json\/wp\/v2\/pages"}],"about":[{"href":"https:\/\/3coty.com\/fi\/wp-json\/wp\/v2\/types\/page"}],"author":[{"embeddable":true,"href":"https:\/\/3coty.com\/fi\/wp-json\/wp\/v2\/users\/3"}],"replies":[{"embeddable":true,"href":"https:\/\/3coty.com\/fi\/wp-json\/wp\/v2\/comments?post=76755"}],"version-history":[{"count":2,"href":"https:\/\/3coty.com\/fi\/wp-json\/wp\/v2\/pages\/76755\/revisions"}],"predecessor-version":[{"id":80654,"href":"https:\/\/3coty.com\/fi\/wp-json\/wp\/v2\/pages\/76755\/revisions\/80654"}],"wp:attachment":[{"href":"https:\/\/3coty.com\/fi\/wp-json\/wp\/v2\/media?parent=76755"}],"curies":[{"name":"wp","href":"https:\/\/api.w.org\/{rel}","templated":true}]}}