{"id":35512,"date":"2025-05-24T19:28:20","date_gmt":"2025-05-24T19:28:20","guid":{"rendered":"https:\/\/3coty.com\/p\/32-chicken-180\/"},"modified":"2026-03-17T19:04:37","modified_gmt":"2026-03-17T19:04:37","slug":"32-chicken-180","status":"publish","type":"product","link":"https:\/\/3coty.com\/et\/p\/32-chicken-180\/","title":{"rendered":"32. KANA 180"},"content":{"rendered":"<p><a href=\"https:\/\/3coty.com\/wp-content\/uploads\/2025\/07\/3coty-p-32-tab-1.svg\"><img fetchpriority=\"high\" decoding=\"async\" class=\"alignnone size-full wp-image-50692\" role=\"img\" src=\"https:\/\/3coty.com\/wp-content\/uploads\/2025\/07\/3coty-p-32-tab-1.svg\" alt=\"\" width=\"283\" height=\"283\" \/><\/a><\/p>\n<h2>LOODUSLIK JA T\u00c4ISV\u00c4\u00c4RTUSLIK 3COTY\u00ae TOIT V\u00c4IKESTELE KASSIPOEGADELE JA EMAKASSIDELE<\/h2>\n<p><strong>99.5% LOODUSLIKUD LIHATOOTED ja loomse p\u00e4ritoluga koostisosad, keedetud oma toitvas puljongis, 0.5% SPIRULIINAT<\/strong><\/p>\n<p>Viimastel tiinusen\u00e4dalatel keskendub emakassi keha kassipoegade arengule. Hea toitumine toetab teda nii selles protsessis kui ka tema enda tervise s\u00e4ilitamises. Tiine kass vajab lisaks ka rohkem tauriini. See kanamaitseline mousse on rikastatud t\u00e4iendava tauriiniga ning spirulina annab toidule roheka varjundi. Vetikad toetavad immuuns\u00fcsteemi, naharakke ja kasukat. Piimalt tahkele toidule \u00fcleminevad kassipojad saavad seda limpsida ema kausist, taldrikult v\u00f5i sinu s\u00f5rme pealt.<\/p>\n<p>V\u00e4lja t\u00f6\u00f6tatud kasvuks ja taastumiseks, sobib andmiseks v\u00e4ikestele kassipoegadele ja nende imetavatele emadele.<\/p>\n","protected":false},"excerpt":{"rendered":"<p><a href=\"https:\/\/3coty.com\/wp-content\/uploads\/2025\/07\/3coty-p-32-description-1.svg\"><img decoding=\"async\" class=\"alignnone size-medium wp-image-50656\" role=\"img\" src=\"https:\/\/3coty.com\/wp-content\/uploads\/2025\/07\/3coty-p-32-description-1.svg\" alt=\"\" width=\"300\" height=\"300\" \/><\/a><\/p>\n<p><strong>V\u00c4IKESTELE KASSIPOEGADELE JA EMAKASSIDELE<\/strong> | MOUSSE | MONOPROTEIN CAT FOOD<br \/>\n<strong>SPIRULIINAGA<\/strong><\/p>\n<p><a href=\"https:\/\/3coty.com\/wp-content\/uploads\/2025\/07\/3coty-p-32-description-2.svg\"><img decoding=\"async\" class=\"alignnone size-full wp-image-50674\" role=\"img\" src=\"https:\/\/3coty.com\/wp-content\/uploads\/2025\/07\/3coty-p-32-description-2.svg\" alt=\"\" width=\"506\" height=\"85\" \/><\/a><\/p>\n","protected":false},"featured_media":50822,"template":"","meta":{"_acf_changed":false},"product_brand":[],"product_cat":[394,364],"product_tag":[1048],"class_list":{"0":"post-35512","1":"product","2":"type-product","3":"status-publish","4":"has-post-thumbnail","6":"product_cat-for-kittens","7":"product_cat-for-adult-cats","8":"product_tag-32ch","10":"first","11":"outofstock","12":"featured","13":"taxable","14":"shipping-taxable","15":"purchasable","16":"product-type-simple"},"acf":[],"yoast_head":"<!-- This site is optimized with the Yoast SEO Premium plugin v27.4 (Yoast SEO v27.4) - https:\/\/yoast.com\/product\/yoast-seo-premium-wordpress\/ -->\n<title>32. KANA 180 - 3coty\u00ae<\/title>\n<meta name=\"robots\" content=\"index, follow, max-snippet:-1, max-image-preview:large, max-video-preview:-1\" \/>\n<link rel=\"canonical\" href=\"https:\/\/3coty.com\/et\/p\/32-chicken-180\/\" \/>\n<meta property=\"og:locale\" content=\"et_EE\" \/>\n<meta property=\"og:type\" content=\"article\" \/>\n<meta property=\"og:title\" content=\"32. KANA 180\" \/>\n<meta property=\"og:description\" content=\"V\u00c4IKESTELE KASSIPOEGADELE JA EMAKASSIDELE | MOUSSE | MONOPROTEIN CAT FOOD SPIRULIINAGA\" \/>\n<meta property=\"og:url\" content=\"https:\/\/3coty.com\/et\/p\/32-chicken-180\/\" \/>\n<meta property=\"og:site_name\" content=\"3coty\u00ae\" \/>\n<meta property=\"article:publisher\" content=\"https:\/\/www.facebook.com\/3coty\" \/>\n<meta property=\"article:modified_time\" content=\"2026-03-17T19:04:37+00:00\" \/>\n<meta property=\"og:image\" content=\"https:\/\/3coty.com\/wp-content\/uploads\/2025\/07\/3coty-p-32-180-01.jpg\" \/>\n\t<meta property=\"og:image:width\" content=\"1024\" \/>\n\t<meta property=\"og:image:height\" content=\"1024\" \/>\n\t<meta property=\"og:image:type\" content=\"image\/jpeg\" \/>\n<meta name=\"twitter:card\" content=\"summary_large_image\" \/>\n<meta name=\"twitter:site\" content=\"@3cotyCom\" \/>\n<meta name=\"twitter:label1\" content=\"Price\" \/>\n\t<meta name=\"twitter:data1\" content=\"\u20ac&nbsp;3.30\" \/>\n\t<meta name=\"twitter:label2\" content=\"Availability\" \/>\n\t<meta name=\"twitter:data2\" content=\"Out of stock\" \/>\n<script type=\"application\/ld+json\" class=\"yoast-schema-graph\">{\"@context\":\"https:\\\/\\\/schema.org\",\"@graph\":[{\"@type\":\"WebPage\",\"@id\":\"https:\\\/\\\/3coty.com\\\/et\\\/p\\\/32-chicken-180\\\/\",\"url\":\"https:\\\/\\\/3coty.com\\\/et\\\/p\\\/32-chicken-180\\\/\",\"name\":\"32. KANA 180 - 3coty\u00ae\",\"isPartOf\":{\"@id\":\"https:\\\/\\\/3coty.com\\\/et\\\/#website\"},\"primaryImageOfPage\":{\"@id\":\"https:\\\/\\\/3coty.com\\\/et\\\/p\\\/32-chicken-180\\\/#primaryimage\"},\"image\":{\"@id\":\"https:\\\/\\\/3coty.com\\\/et\\\/p\\\/32-chicken-180\\\/#primaryimage\"},\"thumbnailUrl\":\"https:\\\/\\\/3coty.com\\\/wp-content\\\/uploads\\\/2025\\\/07\\\/3coty-p-32-180-01.jpg\",\"datePublished\":\"2025-05-24T19:28:20+00:00\",\"dateModified\":\"2026-03-17T19:04:37+00:00\",\"breadcrumb\":{\"@id\":\"https:\\\/\\\/3coty.com\\\/et\\\/p\\\/32-chicken-180\\\/#breadcrumb\"},\"inLanguage\":\"et\",\"potentialAction\":[{\"@type\":\"ReadAction\",\"target\":[\"https:\\\/\\\/3coty.com\\\/et\\\/p\\\/32-chicken-180\\\/\"]}]},{\"@type\":\"ImageObject\",\"inLanguage\":\"et\",\"@id\":\"https:\\\/\\\/3coty.com\\\/et\\\/p\\\/32-chicken-180\\\/#primaryimage\",\"url\":\"https:\\\/\\\/3coty.com\\\/wp-content\\\/uploads\\\/2025\\\/07\\\/3coty-p-32-180-01.jpg\",\"contentUrl\":\"https:\\\/\\\/3coty.com\\\/wp-content\\\/uploads\\\/2025\\\/07\\\/3coty-p-32-180-01.jpg\",\"width\":1024,\"height\":1024},{\"@type\":\"BreadcrumbList\",\"@id\":\"https:\\\/\\\/3coty.com\\\/et\\\/p\\\/32-chicken-180\\\/#breadcrumb\",\"itemListElement\":[{\"@type\":\"ListItem\",\"position\":1,\"name\":\"Home\",\"item\":\"https:\\\/\\\/3coty.com\\\/et\\\/\"},{\"@type\":\"ListItem\",\"position\":2,\"name\":\"POOD\",\"item\":\"https:\\\/\\\/3coty.com\\\/et\\\/shop\\\/\"},{\"@type\":\"ListItem\",\"position\":3,\"name\":\"32. KANA 180\"}]},{\"@type\":\"WebSite\",\"@id\":\"https:\\\/\\\/3coty.com\\\/et\\\/#website\",\"url\":\"https:\\\/\\\/3coty.com\\\/et\\\/\",\"name\":\"3coty\u00ae\",\"description\":\"Meat-only Cat Food\",\"publisher\":{\"@id\":\"https:\\\/\\\/3coty.com\\\/et\\\/#organization\"},\"potentialAction\":[{\"@type\":\"SearchAction\",\"target\":{\"@type\":\"EntryPoint\",\"urlTemplate\":\"https:\\\/\\\/3coty.com\\\/et\\\/?s={search_term_string}\"},\"query-input\":{\"@type\":\"PropertyValueSpecification\",\"valueRequired\":true,\"valueName\":\"search_term_string\"}}],\"inLanguage\":\"et\"},{\"@type\":\"Organization\",\"@id\":\"https:\\\/\\\/3coty.com\\\/et\\\/#organization\",\"name\":\"3coty\u00ae\",\"alternateName\":\"3coty\",\"url\":\"https:\\\/\\\/3coty.com\\\/et\\\/\",\"logo\":{\"@type\":\"ImageObject\",\"inLanguage\":\"et\",\"@id\":\"https:\\\/\\\/3coty.com\\\/et\\\/#\\\/schema\\\/logo\\\/image\\\/\",\"url\":\"https:\\\/\\\/3coty.com\\\/wp-content\\\/uploads\\\/2025\\\/05\\\/icon-3coty-logo.svg\",\"contentUrl\":\"https:\\\/\\\/3coty.com\\\/wp-content\\\/uploads\\\/2025\\\/05\\\/icon-3coty-logo.svg\",\"width\":283,\"height\":283,\"caption\":\"3coty\u00ae\"},\"image\":{\"@id\":\"https:\\\/\\\/3coty.com\\\/et\\\/#\\\/schema\\\/logo\\\/image\\\/\"},\"sameAs\":[\"https:\\\/\\\/www.facebook.com\\\/3coty\",\"https:\\\/\\\/x.com\\\/3cotyCom\",\"https:\\\/\\\/www.instagram.com\\\/3coty\",\"https:\\\/\\\/www.linkedin.com\\\/company\\\/3coty\",\"https:\\\/\\\/www.youtube.com\\\/@3coty\"]}]}<\/script>\n<meta property=\"product:price:amount\" content=\"3.30\" \/>\n<meta property=\"product:price:currency\" content=\"EUR\" \/>\n<meta property=\"og:availability\" content=\"out of stock\" \/>\n<meta property=\"product:availability\" content=\"out of stock\" \/>\n<meta property=\"product:retailer_item_id\" content=\"180T 32CH \/ 5901785317428\" \/>\n<meta property=\"product:condition\" content=\"new\" \/>\n<!-- \/ Yoast SEO Premium plugin. -->","yoast_head_json":{"title":"32. KANA 180 - 3coty\u00ae","robots":{"index":"index","follow":"follow","max-snippet":"max-snippet:-1","max-image-preview":"max-image-preview:large","max-video-preview":"max-video-preview:-1"},"canonical":"https:\/\/3coty.com\/et\/p\/32-chicken-180\/","og_locale":"et_EE","og_type":"article","og_title":"32. KANA 180","og_description":"V\u00c4IKESTELE KASSIPOEGADELE JA EMAKASSIDELE | MOUSSE | MONOPROTEIN CAT FOOD SPIRULIINAGA","og_url":"https:\/\/3coty.com\/et\/p\/32-chicken-180\/","og_site_name":"3coty\u00ae","article_publisher":"https:\/\/www.facebook.com\/3coty","article_modified_time":"2026-03-17T19:04:37+00:00","og_image":[{"width":1024,"height":1024,"url":"https:\/\/3coty.com\/wp-content\/uploads\/2025\/07\/3coty-p-32-180-01.jpg","type":"image\/jpeg"}],"twitter_card":"summary_large_image","twitter_site":"@3cotyCom","twitter_misc":{"Price":"\u20ac&nbsp;3.30","Availability":"Out of stock"},"schema":{"@context":"https:\/\/schema.org","@graph":[{"@type":"WebPage","@id":"https:\/\/3coty.com\/et\/p\/32-chicken-180\/","url":"https:\/\/3coty.com\/et\/p\/32-chicken-180\/","name":"32. KANA 180 - 3coty\u00ae","isPartOf":{"@id":"https:\/\/3coty.com\/et\/#website"},"primaryImageOfPage":{"@id":"https:\/\/3coty.com\/et\/p\/32-chicken-180\/#primaryimage"},"image":{"@id":"https:\/\/3coty.com\/et\/p\/32-chicken-180\/#primaryimage"},"thumbnailUrl":"https:\/\/3coty.com\/wp-content\/uploads\/2025\/07\/3coty-p-32-180-01.jpg","datePublished":"2025-05-24T19:28:20+00:00","dateModified":"2026-03-17T19:04:37+00:00","breadcrumb":{"@id":"https:\/\/3coty.com\/et\/p\/32-chicken-180\/#breadcrumb"},"inLanguage":"et","potentialAction":[{"@type":"ReadAction","target":["https:\/\/3coty.com\/et\/p\/32-chicken-180\/"]}]},{"@type":"ImageObject","inLanguage":"et","@id":"https:\/\/3coty.com\/et\/p\/32-chicken-180\/#primaryimage","url":"https:\/\/3coty.com\/wp-content\/uploads\/2025\/07\/3coty-p-32-180-01.jpg","contentUrl":"https:\/\/3coty.com\/wp-content\/uploads\/2025\/07\/3coty-p-32-180-01.jpg","width":1024,"height":1024},{"@type":"BreadcrumbList","@id":"https:\/\/3coty.com\/et\/p\/32-chicken-180\/#breadcrumb","itemListElement":[{"@type":"ListItem","position":1,"name":"Home","item":"https:\/\/3coty.com\/et\/"},{"@type":"ListItem","position":2,"name":"POOD","item":"https:\/\/3coty.com\/et\/shop\/"},{"@type":"ListItem","position":3,"name":"32. KANA 180"}]},{"@type":"WebSite","@id":"https:\/\/3coty.com\/et\/#website","url":"https:\/\/3coty.com\/et\/","name":"3coty\u00ae","description":"Meat-only Cat Food","publisher":{"@id":"https:\/\/3coty.com\/et\/#organization"},"potentialAction":[{"@type":"SearchAction","target":{"@type":"EntryPoint","urlTemplate":"https:\/\/3coty.com\/et\/?s={search_term_string}"},"query-input":{"@type":"PropertyValueSpecification","valueRequired":true,"valueName":"search_term_string"}}],"inLanguage":"et"},{"@type":"Organization","@id":"https:\/\/3coty.com\/et\/#organization","name":"3coty\u00ae","alternateName":"3coty","url":"https:\/\/3coty.com\/et\/","logo":{"@type":"ImageObject","inLanguage":"et","@id":"https:\/\/3coty.com\/et\/#\/schema\/logo\/image\/","url":"https:\/\/3coty.com\/wp-content\/uploads\/2025\/05\/icon-3coty-logo.svg","contentUrl":"https:\/\/3coty.com\/wp-content\/uploads\/2025\/05\/icon-3coty-logo.svg","width":283,"height":283,"caption":"3coty\u00ae"},"image":{"@id":"https:\/\/3coty.com\/et\/#\/schema\/logo\/image\/"},"sameAs":["https:\/\/www.facebook.com\/3coty","https:\/\/x.com\/3cotyCom","https:\/\/www.instagram.com\/3coty","https:\/\/www.linkedin.com\/company\/3coty","https:\/\/www.youtube.com\/@3coty"]}]},"product_price_amount":"3.30","product_price_currency":"EUR","og_availability":"out of stock","product_availability":"out of stock","product_retailer_item_id":"180T 32CH \/ 5901785317428","product_condition":"new"},"_links":{"self":[{"href":"https:\/\/3coty.com\/et\/wp-json\/wp\/v2\/product\/35512","targetHints":{"allow":["GET"]}}],"collection":[{"href":"https:\/\/3coty.com\/et\/wp-json\/wp\/v2\/product"}],"about":[{"href":"https:\/\/3coty.com\/et\/wp-json\/wp\/v2\/types\/product"}],"version-history":[{"count":4,"href":"https:\/\/3coty.com\/et\/wp-json\/wp\/v2\/product\/35512\/revisions"}],"predecessor-version":[{"id":51160,"href":"https:\/\/3coty.com\/et\/wp-json\/wp\/v2\/product\/35512\/revisions\/51160"}],"wp:featuredmedia":[{"embeddable":true,"href":"https:\/\/3coty.com\/et\/wp-json\/wp\/v2\/media\/50822"}],"wp:attachment":[{"href":"https:\/\/3coty.com\/et\/wp-json\/wp\/v2\/media?parent=35512"}],"wp:term":[{"taxonomy":"product_brand","embeddable":true,"href":"https:\/\/3coty.com\/et\/wp-json\/wp\/v2\/product_brand?post=35512"},{"taxonomy":"product_cat","embeddable":true,"href":"https:\/\/3coty.com\/et\/wp-json\/wp\/v2\/product_cat?post=35512"},{"taxonomy":"product_tag","embeddable":true,"href":"https:\/\/3coty.com\/et\/wp-json\/wp\/v2\/product_tag?post=35512"}],"curies":[{"name":"wp","href":"https:\/\/api.w.org\/{rel}","templated":true}]}}