{"id":35475,"date":"2025-05-23T19:08:03","date_gmt":"2025-05-23T19:08:03","guid":{"rendered":"https:\/\/3coty.com\/p\/14-turkey-duck-080\/"},"modified":"2026-04-16T03:56:32","modified_gmt":"2026-04-16T03:56:32","slug":"14-turkey-duck-080","status":"publish","type":"product","link":"https:\/\/3coty.com\/et\/p\/14-turkey-duck-080\/","title":{"rendered":"14. KALKUN + PART 080"},"content":{"rendered":"<p><a href=\"https:\/\/3coty.com\/wp-content\/uploads\/2025\/07\/3coty-p-14-tab-1.svg\"><img fetchpriority=\"high\" decoding=\"async\" class=\"alignnone size-full wp-image-56290\" role=\"img\" src=\"https:\/\/3coty.com\/wp-content\/uploads\/2025\/07\/3coty-p-14-tab-1.svg\" alt=\"\" width=\"283\" height=\"283\" \/><\/a><\/p>\n<h2>LOODUSLIK JA T\u00c4ISV\u00c4\u00c4RTUSLIK 3COTY\u00ae KASSITOIT<\/h2>\n<p><strong>100% LOODUSLIKUD LIHATOOTED ja loomse p\u00e4ritoluga koostisosad, keedetud oma toitvas puljongis<\/strong><\/p>\n<p>Nii kalkuni- kui ka pardiliha ei tekita tavaliselt allergilisi reaktsioone. Seet\u00f5ttu kasutatakse neid sageli eliminaatdieetides, et rahustada immuuns\u00fcsteemi. Teise valgu lisamine kassitoidule pakub nii kassile kui ka omanikule maitsete mitmekesisust. Pardiliha soolakas maitse ja mahlasus on kasside jaoks eriti ahvatlev p\u00e4rast ainult kalkunilihal p\u00f5hinevat dieeti.<\/p>\n<p>V\u00e4lja t\u00f6\u00f6tatud allergiatega kassidele, see ebatavaline kombinatsioon pakub vaheldust ja soolakat maitset.<\/p>\n","protected":false},"excerpt":{"rendered":"<p><a href=\"https:\/\/3coty.com\/wp-content\/uploads\/2025\/07\/3coty-p-14-description-1.svg\"><img decoding=\"async\" class=\"alignnone size-medium wp-image-56254\" role=\"img\" src=\"https:\/\/3coty.com\/wp-content\/uploads\/2025\/07\/3coty-p-14-description-1.svg\" alt=\"\" width=\"300\" height=\"300\" \/><\/a><\/p>\n<p><strong>T\u00c4ISKASVANUD KASSIDELE<\/strong> | PASTET\u0160 | DUOVALKUDEGA KASSITOIT<\/p>\n<p><a href=\"https:\/\/3coty.com\/wp-content\/uploads\/2025\/07\/3coty-p-14-description-2.svg\"><img decoding=\"async\" class=\"alignnone size-full wp-image-56272\" role=\"img\" src=\"https:\/\/3coty.com\/wp-content\/uploads\/2025\/07\/3coty-p-14-description-2.svg\" alt=\"\" width=\"506\" height=\"85\" \/><\/a><\/p>\n","protected":false},"featured_media":56330,"template":"","meta":{"_acf_changed":false},"product_brand":[],"product_cat":[364],"product_tag":[898],"class_list":{"0":"post-35475","1":"product","2":"type-product","3":"status-publish","4":"has-post-thumbnail","6":"product_cat-for-adult-cats","7":"product_tag-14td","9":"first","10":"instock","11":"featured","12":"taxable","13":"shipping-taxable","14":"purchasable","15":"product-type-simple"},"acf":[],"yoast_head":"<!-- This site is optimized with the Yoast SEO Premium plugin v27.4 (Yoast SEO v27.4) - https:\/\/yoast.com\/product\/yoast-seo-premium-wordpress\/ -->\n<title>14. KALKUN + PART 080 - 3coty\u00ae<\/title>\n<meta name=\"robots\" content=\"index, follow, max-snippet:-1, max-image-preview:large, max-video-preview:-1\" \/>\n<link rel=\"canonical\" href=\"https:\/\/3coty.com\/et\/p\/14-turkey-duck-080\/\" \/>\n<meta property=\"og:locale\" content=\"et_EE\" \/>\n<meta property=\"og:type\" content=\"article\" \/>\n<meta property=\"og:title\" content=\"14. KALKUN + PART 080\" \/>\n<meta property=\"og:description\" content=\"T\u00c4ISKASVANUD KASSIDELE | PASTET\u0160 | DUOVALKUDEGA KASSITOIT\" \/>\n<meta property=\"og:url\" content=\"https:\/\/3coty.com\/et\/p\/14-turkey-duck-080\/\" \/>\n<meta property=\"og:site_name\" content=\"3coty\u00ae\" \/>\n<meta property=\"article:publisher\" content=\"https:\/\/www.facebook.com\/3coty\" \/>\n<meta property=\"article:modified_time\" content=\"2026-04-16T03:56:32+00:00\" \/>\n<meta property=\"og:image\" content=\"https:\/\/3coty.com\/wp-content\/uploads\/2025\/07\/3coty-p-14-080-01.jpg\" \/>\n\t<meta property=\"og:image:width\" content=\"1024\" \/>\n\t<meta property=\"og:image:height\" content=\"1024\" \/>\n\t<meta property=\"og:image:type\" content=\"image\/jpeg\" \/>\n<meta name=\"twitter:card\" content=\"summary_large_image\" \/>\n<meta name=\"twitter:site\" content=\"@3cotyCom\" \/>\n<meta name=\"twitter:label1\" content=\"Price\" \/>\n\t<meta name=\"twitter:data1\" content=\"\u20ac&nbsp;2.50\" \/>\n\t<meta name=\"twitter:label2\" content=\"Availability\" \/>\n\t<meta name=\"twitter:data2\" content=\"In stock\" \/>\n<script type=\"application\/ld+json\" class=\"yoast-schema-graph\">{\"@context\":\"https:\\\/\\\/schema.org\",\"@graph\":[{\"@type\":\"WebPage\",\"@id\":\"https:\\\/\\\/3coty.com\\\/et\\\/p\\\/14-turkey-duck-080\\\/\",\"url\":\"https:\\\/\\\/3coty.com\\\/et\\\/p\\\/14-turkey-duck-080\\\/\",\"name\":\"14. KALKUN + PART 080 - 3coty\u00ae\",\"isPartOf\":{\"@id\":\"https:\\\/\\\/3coty.com\\\/et\\\/#website\"},\"primaryImageOfPage\":{\"@id\":\"https:\\\/\\\/3coty.com\\\/et\\\/p\\\/14-turkey-duck-080\\\/#primaryimage\"},\"image\":{\"@id\":\"https:\\\/\\\/3coty.com\\\/et\\\/p\\\/14-turkey-duck-080\\\/#primaryimage\"},\"thumbnailUrl\":\"https:\\\/\\\/3coty.com\\\/wp-content\\\/uploads\\\/2025\\\/07\\\/3coty-p-14-080-01.jpg\",\"datePublished\":\"2025-05-23T19:08:03+00:00\",\"dateModified\":\"2026-04-16T03:56:32+00:00\",\"breadcrumb\":{\"@id\":\"https:\\\/\\\/3coty.com\\\/et\\\/p\\\/14-turkey-duck-080\\\/#breadcrumb\"},\"inLanguage\":\"et\",\"potentialAction\":[{\"@type\":\"ReadAction\",\"target\":[\"https:\\\/\\\/3coty.com\\\/et\\\/p\\\/14-turkey-duck-080\\\/\"]}]},{\"@type\":\"ImageObject\",\"inLanguage\":\"et\",\"@id\":\"https:\\\/\\\/3coty.com\\\/et\\\/p\\\/14-turkey-duck-080\\\/#primaryimage\",\"url\":\"https:\\\/\\\/3coty.com\\\/wp-content\\\/uploads\\\/2025\\\/07\\\/3coty-p-14-080-01.jpg\",\"contentUrl\":\"https:\\\/\\\/3coty.com\\\/wp-content\\\/uploads\\\/2025\\\/07\\\/3coty-p-14-080-01.jpg\",\"width\":1024,\"height\":1024},{\"@type\":\"BreadcrumbList\",\"@id\":\"https:\\\/\\\/3coty.com\\\/et\\\/p\\\/14-turkey-duck-080\\\/#breadcrumb\",\"itemListElement\":[{\"@type\":\"ListItem\",\"position\":1,\"name\":\"Home\",\"item\":\"https:\\\/\\\/3coty.com\\\/et\\\/\"},{\"@type\":\"ListItem\",\"position\":2,\"name\":\"POOD\",\"item\":\"https:\\\/\\\/3coty.com\\\/et\\\/shop\\\/\"},{\"@type\":\"ListItem\",\"position\":3,\"name\":\"14. KALKUN + PART 080\"}]},{\"@type\":\"WebSite\",\"@id\":\"https:\\\/\\\/3coty.com\\\/et\\\/#website\",\"url\":\"https:\\\/\\\/3coty.com\\\/et\\\/\",\"name\":\"3coty\u00ae\",\"description\":\"Meat-only Cat Food\",\"publisher\":{\"@id\":\"https:\\\/\\\/3coty.com\\\/et\\\/#organization\"},\"potentialAction\":[{\"@type\":\"SearchAction\",\"target\":{\"@type\":\"EntryPoint\",\"urlTemplate\":\"https:\\\/\\\/3coty.com\\\/et\\\/?s={search_term_string}\"},\"query-input\":{\"@type\":\"PropertyValueSpecification\",\"valueRequired\":true,\"valueName\":\"search_term_string\"}}],\"inLanguage\":\"et\"},{\"@type\":\"Organization\",\"@id\":\"https:\\\/\\\/3coty.com\\\/et\\\/#organization\",\"name\":\"3coty\u00ae\",\"alternateName\":\"3coty\",\"url\":\"https:\\\/\\\/3coty.com\\\/et\\\/\",\"logo\":{\"@type\":\"ImageObject\",\"inLanguage\":\"et\",\"@id\":\"https:\\\/\\\/3coty.com\\\/et\\\/#\\\/schema\\\/logo\\\/image\\\/\",\"url\":\"https:\\\/\\\/3coty.com\\\/wp-content\\\/uploads\\\/2025\\\/05\\\/icon-3coty-logo.svg\",\"contentUrl\":\"https:\\\/\\\/3coty.com\\\/wp-content\\\/uploads\\\/2025\\\/05\\\/icon-3coty-logo.svg\",\"width\":283,\"height\":283,\"caption\":\"3coty\u00ae\"},\"image\":{\"@id\":\"https:\\\/\\\/3coty.com\\\/et\\\/#\\\/schema\\\/logo\\\/image\\\/\"},\"sameAs\":[\"https:\\\/\\\/www.facebook.com\\\/3coty\",\"https:\\\/\\\/x.com\\\/3cotyCom\",\"https:\\\/\\\/www.instagram.com\\\/3coty\",\"https:\\\/\\\/www.linkedin.com\\\/company\\\/3coty\",\"https:\\\/\\\/www.youtube.com\\\/@3coty\"]}]}<\/script>\n<meta property=\"product:price:amount\" content=\"2.50\" \/>\n<meta property=\"product:price:currency\" content=\"EUR\" \/>\n<meta property=\"og:availability\" content=\"instock\" \/>\n<meta property=\"product:availability\" content=\"instock\" \/>\n<meta property=\"product:retailer_item_id\" content=\"080T 14TC \/ 5901785316469\" \/>\n<meta property=\"product:condition\" content=\"new\" \/>\n<!-- \/ Yoast SEO Premium plugin. -->","yoast_head_json":{"title":"14. KALKUN + PART 080 - 3coty\u00ae","robots":{"index":"index","follow":"follow","max-snippet":"max-snippet:-1","max-image-preview":"max-image-preview:large","max-video-preview":"max-video-preview:-1"},"canonical":"https:\/\/3coty.com\/et\/p\/14-turkey-duck-080\/","og_locale":"et_EE","og_type":"article","og_title":"14. KALKUN + PART 080","og_description":"T\u00c4ISKASVANUD KASSIDELE | PASTET\u0160 | DUOVALKUDEGA KASSITOIT","og_url":"https:\/\/3coty.com\/et\/p\/14-turkey-duck-080\/","og_site_name":"3coty\u00ae","article_publisher":"https:\/\/www.facebook.com\/3coty","article_modified_time":"2026-04-16T03:56:32+00:00","og_image":[{"width":1024,"height":1024,"url":"https:\/\/3coty.com\/wp-content\/uploads\/2025\/07\/3coty-p-14-080-01.jpg","type":"image\/jpeg"}],"twitter_card":"summary_large_image","twitter_site":"@3cotyCom","twitter_misc":{"Price":"\u20ac&nbsp;2.50","Availability":"In stock"},"schema":{"@context":"https:\/\/schema.org","@graph":[{"@type":"WebPage","@id":"https:\/\/3coty.com\/et\/p\/14-turkey-duck-080\/","url":"https:\/\/3coty.com\/et\/p\/14-turkey-duck-080\/","name":"14. KALKUN + PART 080 - 3coty\u00ae","isPartOf":{"@id":"https:\/\/3coty.com\/et\/#website"},"primaryImageOfPage":{"@id":"https:\/\/3coty.com\/et\/p\/14-turkey-duck-080\/#primaryimage"},"image":{"@id":"https:\/\/3coty.com\/et\/p\/14-turkey-duck-080\/#primaryimage"},"thumbnailUrl":"https:\/\/3coty.com\/wp-content\/uploads\/2025\/07\/3coty-p-14-080-01.jpg","datePublished":"2025-05-23T19:08:03+00:00","dateModified":"2026-04-16T03:56:32+00:00","breadcrumb":{"@id":"https:\/\/3coty.com\/et\/p\/14-turkey-duck-080\/#breadcrumb"},"inLanguage":"et","potentialAction":[{"@type":"ReadAction","target":["https:\/\/3coty.com\/et\/p\/14-turkey-duck-080\/"]}]},{"@type":"ImageObject","inLanguage":"et","@id":"https:\/\/3coty.com\/et\/p\/14-turkey-duck-080\/#primaryimage","url":"https:\/\/3coty.com\/wp-content\/uploads\/2025\/07\/3coty-p-14-080-01.jpg","contentUrl":"https:\/\/3coty.com\/wp-content\/uploads\/2025\/07\/3coty-p-14-080-01.jpg","width":1024,"height":1024},{"@type":"BreadcrumbList","@id":"https:\/\/3coty.com\/et\/p\/14-turkey-duck-080\/#breadcrumb","itemListElement":[{"@type":"ListItem","position":1,"name":"Home","item":"https:\/\/3coty.com\/et\/"},{"@type":"ListItem","position":2,"name":"POOD","item":"https:\/\/3coty.com\/et\/shop\/"},{"@type":"ListItem","position":3,"name":"14. KALKUN + PART 080"}]},{"@type":"WebSite","@id":"https:\/\/3coty.com\/et\/#website","url":"https:\/\/3coty.com\/et\/","name":"3coty\u00ae","description":"Meat-only Cat Food","publisher":{"@id":"https:\/\/3coty.com\/et\/#organization"},"potentialAction":[{"@type":"SearchAction","target":{"@type":"EntryPoint","urlTemplate":"https:\/\/3coty.com\/et\/?s={search_term_string}"},"query-input":{"@type":"PropertyValueSpecification","valueRequired":true,"valueName":"search_term_string"}}],"inLanguage":"et"},{"@type":"Organization","@id":"https:\/\/3coty.com\/et\/#organization","name":"3coty\u00ae","alternateName":"3coty","url":"https:\/\/3coty.com\/et\/","logo":{"@type":"ImageObject","inLanguage":"et","@id":"https:\/\/3coty.com\/et\/#\/schema\/logo\/image\/","url":"https:\/\/3coty.com\/wp-content\/uploads\/2025\/05\/icon-3coty-logo.svg","contentUrl":"https:\/\/3coty.com\/wp-content\/uploads\/2025\/05\/icon-3coty-logo.svg","width":283,"height":283,"caption":"3coty\u00ae"},"image":{"@id":"https:\/\/3coty.com\/et\/#\/schema\/logo\/image\/"},"sameAs":["https:\/\/www.facebook.com\/3coty","https:\/\/x.com\/3cotyCom","https:\/\/www.instagram.com\/3coty","https:\/\/www.linkedin.com\/company\/3coty","https:\/\/www.youtube.com\/@3coty"]}]},"product_price_amount":"2.50","product_price_currency":"EUR","og_availability":"instock","product_availability":"instock","product_retailer_item_id":"080T 14TC \/ 5901785316469","product_condition":"new"},"_links":{"self":[{"href":"https:\/\/3coty.com\/et\/wp-json\/wp\/v2\/product\/35475","targetHints":{"allow":["GET"]}}],"collection":[{"href":"https:\/\/3coty.com\/et\/wp-json\/wp\/v2\/product"}],"about":[{"href":"https:\/\/3coty.com\/et\/wp-json\/wp\/v2\/types\/product"}],"version-history":[{"count":4,"href":"https:\/\/3coty.com\/et\/wp-json\/wp\/v2\/product\/35475\/revisions"}],"predecessor-version":[{"id":56752,"href":"https:\/\/3coty.com\/et\/wp-json\/wp\/v2\/product\/35475\/revisions\/56752"}],"wp:featuredmedia":[{"embeddable":true,"href":"https:\/\/3coty.com\/et\/wp-json\/wp\/v2\/media\/56330"}],"wp:attachment":[{"href":"https:\/\/3coty.com\/et\/wp-json\/wp\/v2\/media?parent=35475"}],"wp:term":[{"taxonomy":"product_brand","embeddable":true,"href":"https:\/\/3coty.com\/et\/wp-json\/wp\/v2\/product_brand?post=35475"},{"taxonomy":"product_cat","embeddable":true,"href":"https:\/\/3coty.com\/et\/wp-json\/wp\/v2\/product_cat?post=35475"},{"taxonomy":"product_tag","embeddable":true,"href":"https:\/\/3coty.com\/et\/wp-json\/wp\/v2\/product_tag?post=35475"}],"curies":[{"name":"wp","href":"https:\/\/api.w.org\/{rel}","templated":true}]}}