{"id":35462,"date":"2025-05-23T12:14:38","date_gmt":"2025-05-23T12:14:38","guid":{"rendered":"https:\/\/3coty.com\/p\/07-turkey-780\/"},"modified":"2026-03-17T18:46:38","modified_gmt":"2026-03-17T18:46:38","slug":"07-turkey-780","status":"publish","type":"product","link":"https:\/\/3coty.com\/et\/p\/07-turkey-780\/","title":{"rendered":"07. KALKUN 780"},"content":{"rendered":"<p><a href=\"https:\/\/3coty.com\/wp-content\/uploads\/2025\/07\/3coty-p-07-tab-1.svg\"><img fetchpriority=\"high\" decoding=\"async\" class=\"alignnone size-full wp-image-59665\" role=\"img\" src=\"https:\/\/3coty.com\/wp-content\/uploads\/2025\/07\/3coty-p-07-tab-1.svg\" alt=\"\" width=\"283\" height=\"283\" \/><\/a><\/p>\n<h2>LOODUSLIK JA T\u00c4ISV\u00c4\u00c4RTUSLIK 3COTY\u00ae KASSITOIT<\/h2>\n<p><strong>100% LOODUSLIKUD LIHATOOTED ja loomse p\u00e4ritoluga koostisosad, keedetud oma toitvas puljongis<\/strong><\/p>\n<p>Looduslik t\u00e4isv\u00e4\u00e4rtuslik ja tasakaalustatud monovalkudega kassitoit, valmistatud 100% kalkunist ja keedetud oma puljongis. Sobib h\u00e4sti eliminaatdieediks, kui kahtlustate toiduallergiat. Samas meeldib see toit paljudele kassidele ka muudel juhtudel, sest riivliha tekstuur pakub n\u00e4rimisnaudingut nagu looduses. Eelistatud paljude t\u00e4iskasvanud bengalite, briti l\u00fchikarvaliste ja teiste suuremate t\u00f5ugude seas. Kassipoegadel v\u00f5ib suuremate lihat\u00fckkide s\u00f6\u00f6mine olla keeruline.<\/p>\n<p>Suured riivitud kalkunit\u00fckid oma looduslikus \u017eelees. See monovalkudega kassitoit sobib suurep\u00e4raselt eliminaatdieediks.<\/p>\n","protected":false},"excerpt":{"rendered":"<p><a href=\"https:\/\/3coty.com\/wp-content\/uploads\/2025\/07\/3coty-p-07-description-1.svg\"><img decoding=\"async\" class=\"alignnone size-medium wp-image-59629\" role=\"img\" src=\"https:\/\/3coty.com\/wp-content\/uploads\/2025\/07\/3coty-p-07-description-1.svg\" alt=\"\" width=\"300\" height=\"300\" \/><\/a><\/p>\n<p><strong>T\u00c4ISKASVANUD KASSIDELE<\/strong> | REBITUD | MONOVALKUDEGA KASSITOIT<\/p>\n<p><a href=\"https:\/\/3coty.com\/wp-content\/uploads\/2025\/07\/3coty-p-07-description-2.svg\"><img decoding=\"async\" class=\"alignnone size-full wp-image-59647\" role=\"img\" src=\"https:\/\/3coty.com\/wp-content\/uploads\/2025\/07\/3coty-p-07-description-2.svg\" alt=\"\" width=\"506\" height=\"85\" \/><\/a><\/p>\n","protected":false},"featured_media":59385,"template":"","meta":{"_acf_changed":false},"product_brand":[1952],"product_cat":[364],"product_tag":[837],"class_list":{"0":"post-35462","1":"product","2":"type-product","3":"status-publish","4":"has-post-thumbnail","6":"product_brand-3coty","7":"product_cat-for-adult-cats","8":"product_tag-07tu","10":"first","11":"outofstock","12":"featured","13":"taxable","14":"shipping-taxable","15":"purchasable","16":"product-type-simple"},"acf":[],"yoast_head":"<!-- This site is optimized with the Yoast SEO Premium plugin v27.4 (Yoast SEO v27.4) - https:\/\/yoast.com\/product\/yoast-seo-premium-wordpress\/ -->\n<title>07. KALKUN 780 (780g) | T\u00e4iskasvanud kassidele | 3coty\u00ae Looduslik Kassitoit 100% Liha<\/title>\n<meta name=\"description\" content=\"See \u00fchel valgul p\u00f5hinev 100% rebitud kalkunist valmistatud m\u00e4rgtoit on looduslik, t\u00e4isv\u00e4\u00e4rtuslik ja tasakaalustatud ning on keedetud oma puljongis. See sobib suurep\u00e4raselt t\u00e4iskasvanud kasside eliminaatdieetidele, kui kahtlustatakse toiduallergiat, ja eriti h\u00e4sti suurematele kassit\u00f5ugudele, kes naudivad suuremaid lihat\u00fckke. 3coty\u00ae kassitoit, mis on valmistatud ainult lihast.\" \/>\n<meta name=\"robots\" content=\"index, follow, max-snippet:-1, max-image-preview:large, max-video-preview:-1\" \/>\n<link rel=\"canonical\" href=\"https:\/\/3coty.com\/et\/p\/07-turkey-780\/\" \/>\n<meta property=\"og:locale\" content=\"et_EE\" \/>\n<meta property=\"og:type\" content=\"article\" \/>\n<meta property=\"og:title\" content=\"07. KALKUN 780 (780g) | T\u00e4iskasvanud kassidele | 3coty\u00ae Looduslik Kassitoit 100% Liha\" \/>\n<meta property=\"og:description\" content=\"See \u00fchel valgul p\u00f5hinev 100% rebitud kalkunist valmistatud m\u00e4rgtoit on looduslik, t\u00e4isv\u00e4\u00e4rtuslik ja tasakaalustatud ning on keedetud oma puljongis. See sobib suurep\u00e4raselt t\u00e4iskasvanud kasside eliminaatdieetidele, kui kahtlustatakse toiduallergiat, ja eriti h\u00e4sti suurematele kassit\u00f5ugudele, kes naudivad suuremaid lihat\u00fckke. 3coty\u00ae kassitoit, mis on valmistatud ainult lihast.\" \/>\n<meta property=\"og:url\" content=\"https:\/\/3coty.com\/et\/p\/07-turkey-780\/\" \/>\n<meta property=\"og:site_name\" content=\"3coty\u00ae\" \/>\n<meta property=\"article:publisher\" content=\"https:\/\/www.facebook.com\/3coty\" \/>\n<meta property=\"article:modified_time\" content=\"2026-03-17T18:46:38+00:00\" \/>\n<meta property=\"og:image\" content=\"https:\/\/3coty.com\/wp-content\/uploads\/2025\/12\/3coty-07-turkey-780-meat-only-cat-food.jpg\" \/>\n\t<meta property=\"og:image:width\" content=\"1200\" \/>\n\t<meta property=\"og:image:height\" content=\"630\" \/>\n\t<meta property=\"og:image:type\" content=\"image\/jpeg\" \/>\n<meta name=\"twitter:card\" content=\"summary_large_image\" \/>\n<meta name=\"twitter:title\" content=\"07. KALKUN 780 (780g) | T\u00e4iskasvanud kassidele | 3coty\u00ae Looduslik Kassitoit 100% Liha\" \/>\n<meta name=\"twitter:description\" content=\"See \u00fchel valgul p\u00f5hinev 100% rebitud kalkunist valmistatud m\u00e4rgtoit on looduslik, t\u00e4isv\u00e4\u00e4rtuslik ja tasakaalustatud ning on keedetud oma puljongis. See sobib suurep\u00e4raselt t\u00e4iskasvanud kasside eliminaatdieetidele, kui kahtlustatakse toiduallergiat, ja eriti h\u00e4sti suurematele kassit\u00f5ugudele, kes naudivad suuremaid lihat\u00fckke. 3coty\u00ae kassitoit, mis on valmistatud ainult lihast.\" \/>\n<meta name=\"twitter:image\" content=\"https:\/\/3coty.com\/wp-content\/uploads\/2025\/12\/3coty-07-turkey-780-meat-only-cat-food.jpg\" \/>\n<meta name=\"twitter:site\" content=\"@3cotyCom\" \/>\n<meta name=\"twitter:label1\" content=\"Price\" \/>\n\t<meta name=\"twitter:data1\" content=\"\u20ac&nbsp;8.50\" \/>\n\t<meta name=\"twitter:label2\" content=\"Availability\" \/>\n\t<meta name=\"twitter:data2\" content=\"Out of stock\" \/>\n<script type=\"application\/ld+json\" class=\"yoast-schema-graph\">{\"@context\":\"https:\\\/\\\/schema.org\",\"@graph\":[{\"@type\":\"WebPage\",\"@id\":\"https:\\\/\\\/3coty.com\\\/et\\\/p\\\/07-turkey-780\\\/\",\"url\":\"https:\\\/\\\/3coty.com\\\/et\\\/p\\\/07-turkey-780\\\/\",\"name\":\"07. KALKUN 780 (780g) | T\u00e4iskasvanud kassidele | 3coty\u00ae Looduslik Kassitoit 100% Liha\",\"isPartOf\":{\"@id\":\"https:\\\/\\\/3coty.com\\\/et\\\/#website\"},\"primaryImageOfPage\":{\"@id\":\"https:\\\/\\\/3coty.com\\\/et\\\/p\\\/07-turkey-780\\\/#primaryimage\"},\"image\":{\"@id\":\"https:\\\/\\\/3coty.com\\\/et\\\/p\\\/07-turkey-780\\\/#primaryimage\"},\"thumbnailUrl\":\"https:\\\/\\\/3coty.com\\\/wp-content\\\/uploads\\\/2025\\\/07\\\/3coty-p-07-780-01.jpg\",\"datePublished\":\"2025-05-23T12:14:38+00:00\",\"dateModified\":\"2026-03-17T18:46:38+00:00\",\"description\":\"See \u00fchel valgul p\u00f5hinev 100% rebitud kalkunist valmistatud m\u00e4rgtoit on looduslik, t\u00e4isv\u00e4\u00e4rtuslik ja tasakaalustatud ning on keedetud oma puljongis. See sobib suurep\u00e4raselt t\u00e4iskasvanud kasside eliminaatdieetidele, kui kahtlustatakse toiduallergiat, ja eriti h\u00e4sti suurematele kassit\u00f5ugudele, kes naudivad suuremaid lihat\u00fckke. 3coty\u00ae kassitoit, mis on valmistatud ainult lihast.\",\"breadcrumb\":{\"@id\":\"https:\\\/\\\/3coty.com\\\/et\\\/p\\\/07-turkey-780\\\/#breadcrumb\"},\"inLanguage\":\"et\",\"potentialAction\":[{\"@type\":\"ReadAction\",\"target\":[\"https:\\\/\\\/3coty.com\\\/et\\\/p\\\/07-turkey-780\\\/\"]}]},{\"@type\":\"ImageObject\",\"inLanguage\":\"et\",\"@id\":\"https:\\\/\\\/3coty.com\\\/et\\\/p\\\/07-turkey-780\\\/#primaryimage\",\"url\":\"https:\\\/\\\/3coty.com\\\/wp-content\\\/uploads\\\/2025\\\/07\\\/3coty-p-07-780-01.jpg\",\"contentUrl\":\"https:\\\/\\\/3coty.com\\\/wp-content\\\/uploads\\\/2025\\\/07\\\/3coty-p-07-780-01.jpg\",\"width\":1024,\"height\":1024},{\"@type\":\"BreadcrumbList\",\"@id\":\"https:\\\/\\\/3coty.com\\\/et\\\/p\\\/07-turkey-780\\\/#breadcrumb\",\"itemListElement\":[{\"@type\":\"ListItem\",\"position\":1,\"name\":\"Home\",\"item\":\"https:\\\/\\\/3coty.com\\\/et\\\/\"},{\"@type\":\"ListItem\",\"position\":2,\"name\":\"POOD\",\"item\":\"https:\\\/\\\/3coty.com\\\/et\\\/shop\\\/\"},{\"@type\":\"ListItem\",\"position\":3,\"name\":\"07. KALKUN 780\"}]},{\"@type\":\"WebSite\",\"@id\":\"https:\\\/\\\/3coty.com\\\/et\\\/#website\",\"url\":\"https:\\\/\\\/3coty.com\\\/et\\\/\",\"name\":\"3coty\u00ae\",\"description\":\"Meat-only Cat Food\",\"publisher\":{\"@id\":\"https:\\\/\\\/3coty.com\\\/et\\\/#organization\"},\"potentialAction\":[{\"@type\":\"SearchAction\",\"target\":{\"@type\":\"EntryPoint\",\"urlTemplate\":\"https:\\\/\\\/3coty.com\\\/et\\\/?s={search_term_string}\"},\"query-input\":{\"@type\":\"PropertyValueSpecification\",\"valueRequired\":true,\"valueName\":\"search_term_string\"}}],\"inLanguage\":\"et\"},{\"@type\":\"Organization\",\"@id\":\"https:\\\/\\\/3coty.com\\\/et\\\/#organization\",\"name\":\"3coty\u00ae\",\"alternateName\":\"3coty\",\"url\":\"https:\\\/\\\/3coty.com\\\/et\\\/\",\"logo\":{\"@type\":\"ImageObject\",\"inLanguage\":\"et\",\"@id\":\"https:\\\/\\\/3coty.com\\\/et\\\/#\\\/schema\\\/logo\\\/image\\\/\",\"url\":\"https:\\\/\\\/3coty.com\\\/wp-content\\\/uploads\\\/2025\\\/05\\\/icon-3coty-logo.svg\",\"contentUrl\":\"https:\\\/\\\/3coty.com\\\/wp-content\\\/uploads\\\/2025\\\/05\\\/icon-3coty-logo.svg\",\"width\":283,\"height\":283,\"caption\":\"3coty\u00ae\"},\"image\":{\"@id\":\"https:\\\/\\\/3coty.com\\\/et\\\/#\\\/schema\\\/logo\\\/image\\\/\"},\"sameAs\":[\"https:\\\/\\\/www.facebook.com\\\/3coty\",\"https:\\\/\\\/x.com\\\/3cotyCom\",\"https:\\\/\\\/www.instagram.com\\\/3coty\",\"https:\\\/\\\/www.linkedin.com\\\/company\\\/3coty\",\"https:\\\/\\\/www.youtube.com\\\/@3coty\"]}]}<\/script>\n<meta property=\"product:price:amount\" content=\"8.50\" \/>\n<meta property=\"product:price:currency\" content=\"EUR\" \/>\n<meta property=\"og:availability\" content=\"out of stock\" \/>\n<meta property=\"product:availability\" content=\"out of stock\" \/>\n<meta property=\"product:retailer_item_id\" content=\"780T 07TU \/ 5901785316957\" \/>\n<meta property=\"product:condition\" content=\"new\" \/>\n<!-- \/ Yoast SEO Premium plugin. -->","yoast_head_json":{"title":"07. KALKUN 780 (780g) | T\u00e4iskasvanud kassidele | 3coty\u00ae Looduslik Kassitoit 100% Liha","description":"See \u00fchel valgul p\u00f5hinev 100% rebitud kalkunist valmistatud m\u00e4rgtoit on looduslik, t\u00e4isv\u00e4\u00e4rtuslik ja tasakaalustatud ning on keedetud oma puljongis. See sobib suurep\u00e4raselt t\u00e4iskasvanud kasside eliminaatdieetidele, kui kahtlustatakse toiduallergiat, ja eriti h\u00e4sti suurematele kassit\u00f5ugudele, kes naudivad suuremaid lihat\u00fckke. 3coty\u00ae kassitoit, mis on valmistatud ainult lihast.","robots":{"index":"index","follow":"follow","max-snippet":"max-snippet:-1","max-image-preview":"max-image-preview:large","max-video-preview":"max-video-preview:-1"},"canonical":"https:\/\/3coty.com\/et\/p\/07-turkey-780\/","og_locale":"et_EE","og_type":"article","og_title":"07. KALKUN 780 (780g) | T\u00e4iskasvanud kassidele | 3coty\u00ae Looduslik Kassitoit 100% Liha","og_description":"See \u00fchel valgul p\u00f5hinev 100% rebitud kalkunist valmistatud m\u00e4rgtoit on looduslik, t\u00e4isv\u00e4\u00e4rtuslik ja tasakaalustatud ning on keedetud oma puljongis. See sobib suurep\u00e4raselt t\u00e4iskasvanud kasside eliminaatdieetidele, kui kahtlustatakse toiduallergiat, ja eriti h\u00e4sti suurematele kassit\u00f5ugudele, kes naudivad suuremaid lihat\u00fckke. 3coty\u00ae kassitoit, mis on valmistatud ainult lihast.","og_url":"https:\/\/3coty.com\/et\/p\/07-turkey-780\/","og_site_name":"3coty\u00ae","article_publisher":"https:\/\/www.facebook.com\/3coty","article_modified_time":"2026-03-17T18:46:38+00:00","og_image":[{"width":1200,"height":630,"url":"https:\/\/3coty.com\/wp-content\/uploads\/2025\/12\/3coty-07-turkey-780-meat-only-cat-food.jpg","type":"image\/jpeg"}],"twitter_card":"summary_large_image","twitter_title":"07. KALKUN 780 (780g) | T\u00e4iskasvanud kassidele | 3coty\u00ae Looduslik Kassitoit 100% Liha","twitter_description":"See \u00fchel valgul p\u00f5hinev 100% rebitud kalkunist valmistatud m\u00e4rgtoit on looduslik, t\u00e4isv\u00e4\u00e4rtuslik ja tasakaalustatud ning on keedetud oma puljongis. See sobib suurep\u00e4raselt t\u00e4iskasvanud kasside eliminaatdieetidele, kui kahtlustatakse toiduallergiat, ja eriti h\u00e4sti suurematele kassit\u00f5ugudele, kes naudivad suuremaid lihat\u00fckke. 3coty\u00ae kassitoit, mis on valmistatud ainult lihast.","twitter_image":"https:\/\/3coty.com\/wp-content\/uploads\/2025\/12\/3coty-07-turkey-780-meat-only-cat-food.jpg","twitter_site":"@3cotyCom","twitter_misc":{"Price":"\u20ac&nbsp;8.50","Availability":"Out of stock"},"schema":{"@context":"https:\/\/schema.org","@graph":[{"@type":"WebPage","@id":"https:\/\/3coty.com\/et\/p\/07-turkey-780\/","url":"https:\/\/3coty.com\/et\/p\/07-turkey-780\/","name":"07. KALKUN 780 (780g) | T\u00e4iskasvanud kassidele | 3coty\u00ae Looduslik Kassitoit 100% Liha","isPartOf":{"@id":"https:\/\/3coty.com\/et\/#website"},"primaryImageOfPage":{"@id":"https:\/\/3coty.com\/et\/p\/07-turkey-780\/#primaryimage"},"image":{"@id":"https:\/\/3coty.com\/et\/p\/07-turkey-780\/#primaryimage"},"thumbnailUrl":"https:\/\/3coty.com\/wp-content\/uploads\/2025\/07\/3coty-p-07-780-01.jpg","datePublished":"2025-05-23T12:14:38+00:00","dateModified":"2026-03-17T18:46:38+00:00","description":"See \u00fchel valgul p\u00f5hinev 100% rebitud kalkunist valmistatud m\u00e4rgtoit on looduslik, t\u00e4isv\u00e4\u00e4rtuslik ja tasakaalustatud ning on keedetud oma puljongis. See sobib suurep\u00e4raselt t\u00e4iskasvanud kasside eliminaatdieetidele, kui kahtlustatakse toiduallergiat, ja eriti h\u00e4sti suurematele kassit\u00f5ugudele, kes naudivad suuremaid lihat\u00fckke. 3coty\u00ae kassitoit, mis on valmistatud ainult lihast.","breadcrumb":{"@id":"https:\/\/3coty.com\/et\/p\/07-turkey-780\/#breadcrumb"},"inLanguage":"et","potentialAction":[{"@type":"ReadAction","target":["https:\/\/3coty.com\/et\/p\/07-turkey-780\/"]}]},{"@type":"ImageObject","inLanguage":"et","@id":"https:\/\/3coty.com\/et\/p\/07-turkey-780\/#primaryimage","url":"https:\/\/3coty.com\/wp-content\/uploads\/2025\/07\/3coty-p-07-780-01.jpg","contentUrl":"https:\/\/3coty.com\/wp-content\/uploads\/2025\/07\/3coty-p-07-780-01.jpg","width":1024,"height":1024},{"@type":"BreadcrumbList","@id":"https:\/\/3coty.com\/et\/p\/07-turkey-780\/#breadcrumb","itemListElement":[{"@type":"ListItem","position":1,"name":"Home","item":"https:\/\/3coty.com\/et\/"},{"@type":"ListItem","position":2,"name":"POOD","item":"https:\/\/3coty.com\/et\/shop\/"},{"@type":"ListItem","position":3,"name":"07. KALKUN 780"}]},{"@type":"WebSite","@id":"https:\/\/3coty.com\/et\/#website","url":"https:\/\/3coty.com\/et\/","name":"3coty\u00ae","description":"Meat-only Cat Food","publisher":{"@id":"https:\/\/3coty.com\/et\/#organization"},"potentialAction":[{"@type":"SearchAction","target":{"@type":"EntryPoint","urlTemplate":"https:\/\/3coty.com\/et\/?s={search_term_string}"},"query-input":{"@type":"PropertyValueSpecification","valueRequired":true,"valueName":"search_term_string"}}],"inLanguage":"et"},{"@type":"Organization","@id":"https:\/\/3coty.com\/et\/#organization","name":"3coty\u00ae","alternateName":"3coty","url":"https:\/\/3coty.com\/et\/","logo":{"@type":"ImageObject","inLanguage":"et","@id":"https:\/\/3coty.com\/et\/#\/schema\/logo\/image\/","url":"https:\/\/3coty.com\/wp-content\/uploads\/2025\/05\/icon-3coty-logo.svg","contentUrl":"https:\/\/3coty.com\/wp-content\/uploads\/2025\/05\/icon-3coty-logo.svg","width":283,"height":283,"caption":"3coty\u00ae"},"image":{"@id":"https:\/\/3coty.com\/et\/#\/schema\/logo\/image\/"},"sameAs":["https:\/\/www.facebook.com\/3coty","https:\/\/x.com\/3cotyCom","https:\/\/www.instagram.com\/3coty","https:\/\/www.linkedin.com\/company\/3coty","https:\/\/www.youtube.com\/@3coty"]}]},"product_price_amount":"8.50","product_price_currency":"EUR","og_availability":"out of stock","product_availability":"out of stock","product_retailer_item_id":"780T 07TU \/ 5901785316957","product_condition":"new"},"_links":{"self":[{"href":"https:\/\/3coty.com\/et\/wp-json\/wp\/v2\/product\/35462","targetHints":{"allow":["GET"]}}],"collection":[{"href":"https:\/\/3coty.com\/et\/wp-json\/wp\/v2\/product"}],"about":[{"href":"https:\/\/3coty.com\/et\/wp-json\/wp\/v2\/types\/product"}],"version-history":[{"count":5,"href":"https:\/\/3coty.com\/et\/wp-json\/wp\/v2\/product\/35462\/revisions"}],"predecessor-version":[{"id":59762,"href":"https:\/\/3coty.com\/et\/wp-json\/wp\/v2\/product\/35462\/revisions\/59762"}],"wp:featuredmedia":[{"embeddable":true,"href":"https:\/\/3coty.com\/et\/wp-json\/wp\/v2\/media\/59385"}],"wp:attachment":[{"href":"https:\/\/3coty.com\/et\/wp-json\/wp\/v2\/media?parent=35462"}],"wp:term":[{"taxonomy":"product_brand","embeddable":true,"href":"https:\/\/3coty.com\/et\/wp-json\/wp\/v2\/product_brand?post=35462"},{"taxonomy":"product_cat","embeddable":true,"href":"https:\/\/3coty.com\/et\/wp-json\/wp\/v2\/product_cat?post=35462"},{"taxonomy":"product_tag","embeddable":true,"href":"https:\/\/3coty.com\/et\/wp-json\/wp\/v2\/product_tag?post=35462"}],"curies":[{"name":"wp","href":"https:\/\/api.w.org\/{rel}","templated":true}]}}