{"id":35453,"date":"2025-05-23T10:35:36","date_gmt":"2025-05-23T10:35:36","guid":{"rendered":"https:\/\/3coty.com\/p\/05-duck-390\/"},"modified":"2026-04-16T03:49:34","modified_gmt":"2026-04-16T03:49:34","slug":"05-duck-390","status":"publish","type":"product","link":"https:\/\/3coty.com\/et\/p\/05-duck-390\/","title":{"rendered":"05. PART 390"},"content":{"rendered":"<p><a href=\"https:\/\/3coty.com\/wp-content\/uploads\/2025\/07\/3coty-p-05-tab-1.svg\"><img fetchpriority=\"high\" decoding=\"async\" class=\"alignnone size-full wp-image-60722\" role=\"img\" src=\"https:\/\/3coty.com\/wp-content\/uploads\/2025\/07\/3coty-p-05-tab-1.svg\" alt=\"\" width=\"283\" height=\"283\" \/><\/a><\/p>\n<h2>LOODUSLIK JA T\u00c4ISV\u00c4\u00c4RTUSLIK 3COTY\u00ae KASSITOIT<\/h2>\n<p><strong>100% LOODUSLIKUD LIHATOOTED ja loomse p\u00e4ritoluga koostisosad, keedetud oma toitvas puljongis<\/strong><\/p>\n<p>\u00d5ige monovalkudega valiku leidmine eliminaatdieedi jaoks v\u00f5ib olla keeruline. See 100% pardilihaga tumeda liha retsept on piiratud koostisega kassitoit, mida t\u00e4iskasvanud kassid meie kogemuse j\u00e4rgi v\u00e4ga armastavad. Kui tutvustate oma kassile ainult lihast koosnevat dieeti, v\u00f5etakse see looduslik, t\u00e4isv\u00e4\u00e4rtuslik ja tasakaalustatud puljongis valmistatud toit tavaliselt kiiresti omaks.<\/p>\n<p>Toitev tume pardiliha oma puljongis, ideaalne monovalkudega toit eliminaatdieedi jaoks.<\/p>\n","protected":false},"excerpt":{"rendered":"<p><a href=\"https:\/\/3coty.com\/wp-content\/uploads\/2025\/07\/3coty-p-05-description-1.svg\"><img decoding=\"async\" class=\"alignnone size-medium wp-image-60686\" role=\"img\" src=\"https:\/\/3coty.com\/wp-content\/uploads\/2025\/07\/3coty-p-05-description-1.svg\" alt=\"\" width=\"300\" height=\"300\" \/><\/a><\/p>\n<p><strong>T\u00c4ISKASVANUD KASSIDELE<\/strong> | PASTET\u0160 | MONOVALKUDEGA KASSITOIT<\/p>\n<p><a href=\"https:\/\/3coty.com\/wp-content\/uploads\/2025\/07\/3coty-p-05-description-4.svg\"><img decoding=\"async\" class=\"alignnone size-full wp-image-60704\" role=\"img\" src=\"https:\/\/3coty.com\/wp-content\/uploads\/2025\/07\/3coty-p-05-description-4.svg\" alt=\"\" width=\"506\" height=\"85\" \/><\/a><\/p>\n","protected":false},"featured_media":60942,"template":"","meta":{"_acf_changed":false},"product_brand":[1952],"product_cat":[364],"product_tag":[815],"class_list":{"0":"post-35453","1":"product","2":"type-product","3":"status-publish","4":"has-post-thumbnail","6":"product_brand-3coty","7":"product_cat-for-adult-cats","8":"product_tag-05du","10":"first","11":"instock","12":"featured","13":"taxable","14":"shipping-taxable","15":"purchasable","16":"product-type-simple"},"acf":[],"yoast_head":"<!-- This site is optimized with the Yoast SEO Premium plugin v27.4 (Yoast SEO v27.4) - https:\/\/yoast.com\/product\/yoast-seo-premium-wordpress\/ -->\n<title>05. PART 390 (390g) | T\u00e4iskasvanud kassidele | 3coty\u00ae Looduslik Kassitoit 100% Liha<\/title>\n<meta name=\"description\" content=\"100% pardi m\u00e4rgtoit kassidele, tume monoproteiinliha, keedetud oma puljongis. See piiratud koostisosadega toit sobib suurep\u00e4raselt t\u00e4iskasvanud kassidele elimineeriva dieedi jaoks.\" \/>\n<meta name=\"robots\" content=\"index, follow, max-snippet:-1, max-image-preview:large, max-video-preview:-1\" \/>\n<link rel=\"canonical\" href=\"https:\/\/3coty.com\/et\/p\/05-duck-390\/\" \/>\n<meta property=\"og:locale\" content=\"et_EE\" \/>\n<meta property=\"og:type\" content=\"article\" \/>\n<meta property=\"og:title\" content=\"05. PART 390 (390g) | T\u00e4iskasvanud kassidele | 3coty\u00ae Looduslik Kassitoit 100% Liha\" \/>\n<meta property=\"og:description\" content=\"100% pardi m\u00e4rgtoit kassidele, tume monoproteiinliha, keedetud oma puljongis. See piiratud koostisosadega toit sobib suurep\u00e4raselt t\u00e4iskasvanud kassidele elimineeriva dieedi jaoks.\" \/>\n<meta property=\"og:url\" content=\"https:\/\/3coty.com\/et\/p\/05-duck-390\/\" \/>\n<meta property=\"og:site_name\" content=\"3coty\u00ae\" \/>\n<meta property=\"article:publisher\" content=\"https:\/\/www.facebook.com\/3coty\" \/>\n<meta property=\"article:modified_time\" content=\"2026-04-16T03:49:34+00:00\" \/>\n<meta property=\"og:image\" content=\"https:\/\/3coty.com\/wp-content\/uploads\/2025\/10\/3coty-05-duck-390-meat-only-cat-food.jpg\" \/>\n\t<meta property=\"og:image:width\" content=\"1200\" \/>\n\t<meta property=\"og:image:height\" content=\"630\" \/>\n\t<meta property=\"og:image:type\" content=\"image\/jpeg\" \/>\n<meta name=\"twitter:card\" content=\"summary_large_image\" \/>\n<meta name=\"twitter:title\" content=\"05. PART 390 (390g) | T\u00e4iskasvanud kassidele | 3coty\u00ae Looduslik Kassitoit 100% Liha\" \/>\n<meta name=\"twitter:description\" content=\"100% pardi m\u00e4rgtoit kassidele, tume monoproteiinliha, keedetud oma puljongis. See piiratud koostisosadega toit sobib suurep\u00e4raselt t\u00e4iskasvanud kassidele elimineeriva dieedi jaoks.\" \/>\n<meta name=\"twitter:image\" content=\"https:\/\/3coty.com\/wp-content\/uploads\/2025\/10\/3coty-05-duck-390-meat-only-cat-food.jpg\" \/>\n<meta name=\"twitter:site\" content=\"@3cotyCom\" \/>\n<meta name=\"twitter:label1\" content=\"Price\" \/>\n\t<meta name=\"twitter:data1\" content=\"\u20ac&nbsp;5.75\" \/>\n\t<meta name=\"twitter:label2\" content=\"Availability\" \/>\n\t<meta name=\"twitter:data2\" content=\"In stock\" \/>\n<script type=\"application\/ld+json\" class=\"yoast-schema-graph\">{\"@context\":\"https:\\\/\\\/schema.org\",\"@graph\":[{\"@type\":\"WebPage\",\"@id\":\"https:\\\/\\\/3coty.com\\\/et\\\/p\\\/05-duck-390\\\/\",\"url\":\"https:\\\/\\\/3coty.com\\\/et\\\/p\\\/05-duck-390\\\/\",\"name\":\"05. PART 390 (390g) | T\u00e4iskasvanud kassidele | 3coty\u00ae Looduslik Kassitoit 100% Liha\",\"isPartOf\":{\"@id\":\"https:\\\/\\\/3coty.com\\\/et\\\/#website\"},\"primaryImageOfPage\":{\"@id\":\"https:\\\/\\\/3coty.com\\\/et\\\/p\\\/05-duck-390\\\/#primaryimage\"},\"image\":{\"@id\":\"https:\\\/\\\/3coty.com\\\/et\\\/p\\\/05-duck-390\\\/#primaryimage\"},\"thumbnailUrl\":\"https:\\\/\\\/3coty.com\\\/wp-content\\\/uploads\\\/2025\\\/07\\\/3coty-p-05-390-01.jpg\",\"datePublished\":\"2025-05-23T10:35:36+00:00\",\"dateModified\":\"2026-04-16T03:49:34+00:00\",\"description\":\"100% pardi m\u00e4rgtoit kassidele, tume monoproteiinliha, keedetud oma puljongis. See piiratud koostisosadega toit sobib suurep\u00e4raselt t\u00e4iskasvanud kassidele elimineeriva dieedi jaoks.\",\"breadcrumb\":{\"@id\":\"https:\\\/\\\/3coty.com\\\/et\\\/p\\\/05-duck-390\\\/#breadcrumb\"},\"inLanguage\":\"et\",\"potentialAction\":[{\"@type\":\"ReadAction\",\"target\":[\"https:\\\/\\\/3coty.com\\\/et\\\/p\\\/05-duck-390\\\/\"]}]},{\"@type\":\"ImageObject\",\"inLanguage\":\"et\",\"@id\":\"https:\\\/\\\/3coty.com\\\/et\\\/p\\\/05-duck-390\\\/#primaryimage\",\"url\":\"https:\\\/\\\/3coty.com\\\/wp-content\\\/uploads\\\/2025\\\/07\\\/3coty-p-05-390-01.jpg\",\"contentUrl\":\"https:\\\/\\\/3coty.com\\\/wp-content\\\/uploads\\\/2025\\\/07\\\/3coty-p-05-390-01.jpg\",\"width\":1024,\"height\":1024},{\"@type\":\"BreadcrumbList\",\"@id\":\"https:\\\/\\\/3coty.com\\\/et\\\/p\\\/05-duck-390\\\/#breadcrumb\",\"itemListElement\":[{\"@type\":\"ListItem\",\"position\":1,\"name\":\"Home\",\"item\":\"https:\\\/\\\/3coty.com\\\/et\\\/\"},{\"@type\":\"ListItem\",\"position\":2,\"name\":\"POOD\",\"item\":\"https:\\\/\\\/3coty.com\\\/et\\\/shop\\\/\"},{\"@type\":\"ListItem\",\"position\":3,\"name\":\"05. PART 390\"}]},{\"@type\":\"WebSite\",\"@id\":\"https:\\\/\\\/3coty.com\\\/et\\\/#website\",\"url\":\"https:\\\/\\\/3coty.com\\\/et\\\/\",\"name\":\"3coty\u00ae\",\"description\":\"Meat-only Cat Food\",\"publisher\":{\"@id\":\"https:\\\/\\\/3coty.com\\\/et\\\/#organization\"},\"potentialAction\":[{\"@type\":\"SearchAction\",\"target\":{\"@type\":\"EntryPoint\",\"urlTemplate\":\"https:\\\/\\\/3coty.com\\\/et\\\/?s={search_term_string}\"},\"query-input\":{\"@type\":\"PropertyValueSpecification\",\"valueRequired\":true,\"valueName\":\"search_term_string\"}}],\"inLanguage\":\"et\"},{\"@type\":\"Organization\",\"@id\":\"https:\\\/\\\/3coty.com\\\/et\\\/#organization\",\"name\":\"3coty\u00ae\",\"alternateName\":\"3coty\",\"url\":\"https:\\\/\\\/3coty.com\\\/et\\\/\",\"logo\":{\"@type\":\"ImageObject\",\"inLanguage\":\"et\",\"@id\":\"https:\\\/\\\/3coty.com\\\/et\\\/#\\\/schema\\\/logo\\\/image\\\/\",\"url\":\"https:\\\/\\\/3coty.com\\\/wp-content\\\/uploads\\\/2025\\\/05\\\/icon-3coty-logo.svg\",\"contentUrl\":\"https:\\\/\\\/3coty.com\\\/wp-content\\\/uploads\\\/2025\\\/05\\\/icon-3coty-logo.svg\",\"width\":283,\"height\":283,\"caption\":\"3coty\u00ae\"},\"image\":{\"@id\":\"https:\\\/\\\/3coty.com\\\/et\\\/#\\\/schema\\\/logo\\\/image\\\/\"},\"sameAs\":[\"https:\\\/\\\/www.facebook.com\\\/3coty\",\"https:\\\/\\\/x.com\\\/3cotyCom\",\"https:\\\/\\\/www.instagram.com\\\/3coty\",\"https:\\\/\\\/www.linkedin.com\\\/company\\\/3coty\",\"https:\\\/\\\/www.youtube.com\\\/@3coty\"]}]}<\/script>\n<meta property=\"product:price:amount\" content=\"5.75\" \/>\n<meta property=\"product:price:currency\" content=\"EUR\" \/>\n<meta property=\"og:availability\" content=\"instock\" \/>\n<meta property=\"product:availability\" content=\"instock\" \/>\n<meta property=\"product:retailer_item_id\" content=\"390T 05DU \/ 5901785317305\" \/>\n<meta property=\"product:condition\" content=\"new\" \/>\n<!-- \/ Yoast SEO Premium plugin. -->","yoast_head_json":{"title":"05. PART 390 (390g) | T\u00e4iskasvanud kassidele | 3coty\u00ae Looduslik Kassitoit 100% Liha","description":"100% pardi m\u00e4rgtoit kassidele, tume monoproteiinliha, keedetud oma puljongis. See piiratud koostisosadega toit sobib suurep\u00e4raselt t\u00e4iskasvanud kassidele elimineeriva dieedi jaoks.","robots":{"index":"index","follow":"follow","max-snippet":"max-snippet:-1","max-image-preview":"max-image-preview:large","max-video-preview":"max-video-preview:-1"},"canonical":"https:\/\/3coty.com\/et\/p\/05-duck-390\/","og_locale":"et_EE","og_type":"article","og_title":"05. PART 390 (390g) | T\u00e4iskasvanud kassidele | 3coty\u00ae Looduslik Kassitoit 100% Liha","og_description":"100% pardi m\u00e4rgtoit kassidele, tume monoproteiinliha, keedetud oma puljongis. See piiratud koostisosadega toit sobib suurep\u00e4raselt t\u00e4iskasvanud kassidele elimineeriva dieedi jaoks.","og_url":"https:\/\/3coty.com\/et\/p\/05-duck-390\/","og_site_name":"3coty\u00ae","article_publisher":"https:\/\/www.facebook.com\/3coty","article_modified_time":"2026-04-16T03:49:34+00:00","og_image":[{"width":1200,"height":630,"url":"https:\/\/3coty.com\/wp-content\/uploads\/2025\/10\/3coty-05-duck-390-meat-only-cat-food.jpg","type":"image\/jpeg"}],"twitter_card":"summary_large_image","twitter_title":"05. PART 390 (390g) | T\u00e4iskasvanud kassidele | 3coty\u00ae Looduslik Kassitoit 100% Liha","twitter_description":"100% pardi m\u00e4rgtoit kassidele, tume monoproteiinliha, keedetud oma puljongis. See piiratud koostisosadega toit sobib suurep\u00e4raselt t\u00e4iskasvanud kassidele elimineeriva dieedi jaoks.","twitter_image":"https:\/\/3coty.com\/wp-content\/uploads\/2025\/10\/3coty-05-duck-390-meat-only-cat-food.jpg","twitter_site":"@3cotyCom","twitter_misc":{"Price":"\u20ac&nbsp;5.75","Availability":"In stock"},"schema":{"@context":"https:\/\/schema.org","@graph":[{"@type":"WebPage","@id":"https:\/\/3coty.com\/et\/p\/05-duck-390\/","url":"https:\/\/3coty.com\/et\/p\/05-duck-390\/","name":"05. PART 390 (390g) | T\u00e4iskasvanud kassidele | 3coty\u00ae Looduslik Kassitoit 100% Liha","isPartOf":{"@id":"https:\/\/3coty.com\/et\/#website"},"primaryImageOfPage":{"@id":"https:\/\/3coty.com\/et\/p\/05-duck-390\/#primaryimage"},"image":{"@id":"https:\/\/3coty.com\/et\/p\/05-duck-390\/#primaryimage"},"thumbnailUrl":"https:\/\/3coty.com\/wp-content\/uploads\/2025\/07\/3coty-p-05-390-01.jpg","datePublished":"2025-05-23T10:35:36+00:00","dateModified":"2026-04-16T03:49:34+00:00","description":"100% pardi m\u00e4rgtoit kassidele, tume monoproteiinliha, keedetud oma puljongis. See piiratud koostisosadega toit sobib suurep\u00e4raselt t\u00e4iskasvanud kassidele elimineeriva dieedi jaoks.","breadcrumb":{"@id":"https:\/\/3coty.com\/et\/p\/05-duck-390\/#breadcrumb"},"inLanguage":"et","potentialAction":[{"@type":"ReadAction","target":["https:\/\/3coty.com\/et\/p\/05-duck-390\/"]}]},{"@type":"ImageObject","inLanguage":"et","@id":"https:\/\/3coty.com\/et\/p\/05-duck-390\/#primaryimage","url":"https:\/\/3coty.com\/wp-content\/uploads\/2025\/07\/3coty-p-05-390-01.jpg","contentUrl":"https:\/\/3coty.com\/wp-content\/uploads\/2025\/07\/3coty-p-05-390-01.jpg","width":1024,"height":1024},{"@type":"BreadcrumbList","@id":"https:\/\/3coty.com\/et\/p\/05-duck-390\/#breadcrumb","itemListElement":[{"@type":"ListItem","position":1,"name":"Home","item":"https:\/\/3coty.com\/et\/"},{"@type":"ListItem","position":2,"name":"POOD","item":"https:\/\/3coty.com\/et\/shop\/"},{"@type":"ListItem","position":3,"name":"05. PART 390"}]},{"@type":"WebSite","@id":"https:\/\/3coty.com\/et\/#website","url":"https:\/\/3coty.com\/et\/","name":"3coty\u00ae","description":"Meat-only Cat Food","publisher":{"@id":"https:\/\/3coty.com\/et\/#organization"},"potentialAction":[{"@type":"SearchAction","target":{"@type":"EntryPoint","urlTemplate":"https:\/\/3coty.com\/et\/?s={search_term_string}"},"query-input":{"@type":"PropertyValueSpecification","valueRequired":true,"valueName":"search_term_string"}}],"inLanguage":"et"},{"@type":"Organization","@id":"https:\/\/3coty.com\/et\/#organization","name":"3coty\u00ae","alternateName":"3coty","url":"https:\/\/3coty.com\/et\/","logo":{"@type":"ImageObject","inLanguage":"et","@id":"https:\/\/3coty.com\/et\/#\/schema\/logo\/image\/","url":"https:\/\/3coty.com\/wp-content\/uploads\/2025\/05\/icon-3coty-logo.svg","contentUrl":"https:\/\/3coty.com\/wp-content\/uploads\/2025\/05\/icon-3coty-logo.svg","width":283,"height":283,"caption":"3coty\u00ae"},"image":{"@id":"https:\/\/3coty.com\/et\/#\/schema\/logo\/image\/"},"sameAs":["https:\/\/www.facebook.com\/3coty","https:\/\/x.com\/3cotyCom","https:\/\/www.instagram.com\/3coty","https:\/\/www.linkedin.com\/company\/3coty","https:\/\/www.youtube.com\/@3coty"]}]},"product_price_amount":"5.75","product_price_currency":"EUR","og_availability":"instock","product_availability":"instock","product_retailer_item_id":"390T 05DU \/ 5901785317305","product_condition":"new"},"_links":{"self":[{"href":"https:\/\/3coty.com\/et\/wp-json\/wp\/v2\/product\/35453","targetHints":{"allow":["GET"]}}],"collection":[{"href":"https:\/\/3coty.com\/et\/wp-json\/wp\/v2\/product"}],"about":[{"href":"https:\/\/3coty.com\/et\/wp-json\/wp\/v2\/types\/product"}],"version-history":[{"count":4,"href":"https:\/\/3coty.com\/et\/wp-json\/wp\/v2\/product\/35453\/revisions"}],"predecessor-version":[{"id":61187,"href":"https:\/\/3coty.com\/et\/wp-json\/wp\/v2\/product\/35453\/revisions\/61187"}],"wp:featuredmedia":[{"embeddable":true,"href":"https:\/\/3coty.com\/et\/wp-json\/wp\/v2\/media\/60942"}],"wp:attachment":[{"href":"https:\/\/3coty.com\/et\/wp-json\/wp\/v2\/media?parent=35453"}],"wp:term":[{"taxonomy":"product_brand","embeddable":true,"href":"https:\/\/3coty.com\/et\/wp-json\/wp\/v2\/product_brand?post=35453"},{"taxonomy":"product_cat","embeddable":true,"href":"https:\/\/3coty.com\/et\/wp-json\/wp\/v2\/product_cat?post=35453"},{"taxonomy":"product_tag","embeddable":true,"href":"https:\/\/3coty.com\/et\/wp-json\/wp\/v2\/product_tag?post=35453"}],"curies":[{"name":"wp","href":"https:\/\/api.w.org\/{rel}","templated":true}]}}