{"id":76773,"date":"2025-09-18T11:59:13","date_gmt":"2025-09-18T11:59:13","guid":{"rendered":"https:\/\/3coty.com\/?page_id=76773"},"modified":"2025-12-09T17:40:53","modified_gmt":"2025-12-09T17:40:53","slug":"cookie-policy","status":"publish","type":"page","link":"https:\/\/3coty.com\/et\/cookie-policy\/","title":{"rendered":"K\u00fcpsiste poliitika"},"content":{"rendered":"<p>&nbsp;<\/p>\n<h1>K\u00fcpsiste poliitika<\/h1>\n<h2 data-start=\"203\" data-end=\"222\">Mis on k\u00fcpsised?<\/h2>\n<p data-start=\"224\" data-end=\"440\">K\u00fcpsised on v\u00e4ikesed tekstifailid, mis salvestatakse teie seadmesse ja aitavad meil tagada meie veebisaidi korrektse toimimise, parandada turvalisust, pakkuda paremat kasutajakogemust ning anal\u00fc\u00fcsida saidi toimivust.<\/p>\n<p>&nbsp;<\/p>\n<h2 data-start=\"447\" data-end=\"479\">Kuidas me kasutame k\u00fcpsiseid?<\/h2>\n<p data-start=\"481\" data-end=\"572\">Nagu enamik veebisaite, kasutame nii oma k\u00fcpsiseid kui ka kolmandate osapoolte k\u00fcpsiseid.<\/p>\n<p data-start=\"574\" data-end=\"707\">Vajalikud k\u00fcpsised tagavad, et veebisait t\u00f6\u00f6tab \u00f5igesti (n\u00e4iteks hoiavad teid sisselogituna ja m\u00e4letavad teie keelt ning valuutat).<\/p>\n<p data-start=\"709\" data-end=\"820\">J\u00f5udlusk\u00fcpsised aitavad meil m\u00f5ista, kuidas k\u00fclastajad meie veebisaiti kasutavad, et saaksime seda t\u00e4iustada.<\/p>\n<p data-start=\"822\" data-end=\"922\">Turundusk\u00fcpsised v\u00f5imaldavad meil n\u00e4idata teile asjakohaseid pakkumisi ja m\u00f5\u00f5ta reklaamide t\u00f5husust.<\/p>\n<p data-start=\"924\" data-end=\"943\">[wcc_category_list]<\/p>\n<p>&nbsp;<\/p>\n<h2 data-start=\"950\" data-end=\"982\">K\u00fcpsiste eelistuste haldamine<\/h2>\n<p data-start=\"984\" data-end=\"1181\">Saate oma k\u00fcpsiste eelistusi igal ajal muuta, kl\u00f5psates nupul [wcc_preference_button]. See v\u00f5imaldab teil taasavada k\u00fcpsiste n\u00f5usoleku b\u00e4nneri ja muuta oma eelistusi v\u00f5i t\u00fchistada n\u00f5usoleku kohe.<\/p>\n<p data-start=\"1183\" data-end=\"1447\">Lisaks pakuvad erinevad brauserid erinevaid viise veebisaitide kasutatavate k\u00fcpsiste blokeerimiseks ja kustutamiseks. Saate oma brauseri seadetes muuta k\u00fcpsiste blokeerimise v\u00f5i kustutamise valikuid. Allpool on toodud viited peamiste veebibrauserite tugilehtedele.<\/p>\n<p>Chrome: <a href=\"https:\/\/support.google.com\/accounts\/answer\/32050\"> https:\/\/support.google.com\/accounts\/answer\/32050<\/a><\/p>\n<p>Safari: <a href=\"https:\/\/support.apple.com\/en-in\/guide\/safari\/sfri11471\/mac\">https:\/\/support.apple.com\/en-in\/guide\/safari\/sfri11471\/mac<\/a><\/p>\n<p>Firefox: <a href=\"https:\/\/support.mozilla.org\/en-US\/kb\/clear-cookies-and-site-data-firefox?redirectslug=delete-cookies-remove-info-websites-stored&amp;redirectlocale=en-US\">https:\/\/support.mozilla.org\/en-US\/kb\/clear-cookies-and-site-data-firefox?redirectslug=delete-cookies-remove-info-websites-stored&amp;redirectlocale=en-US<\/a><\/p>\n<p>Microsoft Edge: <a href=\"https:\/\/support.microsoft.com\/en-us\/microsoft-edge\/delete-cookies-in-microsoft-edge-63947406-40ac-c3b8-57b9-2a946a29ae09\"> K\u00fcpsiste kustutamine Microsoft Edge\u2019is \u2013 Microsofti tugi<\/a><\/p>\n<p>Kui kasutate m\u00f5nda muud veebibrauserit, k\u00fclastage oma brauseri ametlikku tugilehte.<\/p>\n<p>&nbsp;<\/p>\n<p data-start=\"1567\" data-end=\"1781\">\u00dcksikasjalikku teavet konkreetsete k\u00fcpsiste kohta, mida me kasutame, sealhulgas teenusepakkujate nagu Google Analytics, WooCommerce, WPML, PayPal ja teiste kohta, leiate meie <a href=\"https:\/\/3coty.com\/et\/privacy-policy\/\">privaatsuspoliitikast<\/a>.<\/p>\n<p><strong data-start=\"2043\" data-end=\"2063\">Viimane uuendus:<\/strong> 07.11.2025<\/p>\n<p>&nbsp;<\/p>\n","protected":false},"excerpt":{"rendered":"<p>&nbsp; K\u00fcpsiste poliitika Mis on k\u00fcpsised? K\u00fcpsised on v\u00e4ikesed tekstifailid, mis salvestatakse teie seadmesse ja aitavad meil tagada meie veebisaidi korrektse toimimise, parandada turvalisust, pakkuda paremat kasutajakogemust ning anal\u00fc\u00fcsida saidi toimivust. &nbsp; Kuidas me kasutame k\u00fcpsiseid? Nagu enamik veebisaite, kasutame nii oma k\u00fcpsiseid kui ka kolmandate osapoolte k\u00fcpsiseid. Vajalikud k\u00fcpsised tagavad, et veebisait t\u00f6\u00f6tab \u00f5igesti &hellip;<\/p>\n","protected":false},"author":3,"featured_media":0,"parent":0,"menu_order":0,"comment_status":"closed","ping_status":"closed","template":"","meta":{"_acf_changed":false,"footnotes":""},"class_list":["post-76773","page","type-page","status-publish","hentry"],"acf":[],"yoast_head":"<!-- This site is optimized with the Yoast SEO Premium plugin v27.4 (Yoast SEO v27.4) - https:\/\/yoast.com\/product\/yoast-seo-premium-wordpress\/ -->\n<title>K\u00fcpsiste poliitika - 3coty\u00ae<\/title>\n<meta name=\"robots\" content=\"index, follow, max-snippet:-1, max-image-preview:large, max-video-preview:-1\" \/>\n<link rel=\"canonical\" href=\"https:\/\/3coty.com\/et\/cookie-policy\/\" \/>\n<meta property=\"og:locale\" content=\"et_EE\" \/>\n<meta property=\"og:type\" content=\"article\" \/>\n<meta property=\"og:title\" content=\"K\u00fcpsiste poliitika\" \/>\n<meta property=\"og:description\" content=\"&nbsp; K\u00fcpsiste poliitika Mis on k\u00fcpsised? K\u00fcpsised on v\u00e4ikesed tekstifailid, mis salvestatakse teie seadmesse ja aitavad meil tagada meie veebisaidi korrektse toimimise, parandada turvalisust, pakkuda paremat kasutajakogemust ning anal\u00fc\u00fcsida saidi toimivust. &nbsp; Kuidas me kasutame k\u00fcpsiseid? Nagu enamik veebisaite, kasutame nii oma k\u00fcpsiseid kui ka kolmandate osapoolte k\u00fcpsiseid. Vajalikud k\u00fcpsised tagavad, et veebisait t\u00f6\u00f6tab \u00f5igesti &hellip;\" \/>\n<meta property=\"og:url\" content=\"https:\/\/3coty.com\/et\/cookie-policy\/\" \/>\n<meta property=\"og:site_name\" content=\"3coty\u00ae\" \/>\n<meta property=\"article:publisher\" content=\"https:\/\/www.facebook.com\/3coty\" \/>\n<meta property=\"article:modified_time\" content=\"2025-12-09T17:40:53+00:00\" \/>\n<meta name=\"twitter:card\" content=\"summary_large_image\" \/>\n<meta name=\"twitter:site\" content=\"@3cotyCom\" \/>\n<meta name=\"twitter:label1\" content=\"Est. reading time\" \/>\n\t<meta name=\"twitter:data1\" content=\"1 minut\" \/>\n<script type=\"application\/ld+json\" class=\"yoast-schema-graph\">{\"@context\":\"https:\\\/\\\/schema.org\",\"@graph\":[{\"@type\":\"WebPage\",\"@id\":\"https:\\\/\\\/3coty.com\\\/et\\\/cookie-policy\\\/\",\"url\":\"https:\\\/\\\/3coty.com\\\/et\\\/cookie-policy\\\/\",\"name\":\"K\u00fcpsiste poliitika - 3coty\u00ae\",\"isPartOf\":{\"@id\":\"https:\\\/\\\/3coty.com\\\/et\\\/#website\"},\"datePublished\":\"2025-09-18T11:59:13+00:00\",\"dateModified\":\"2025-12-09T17:40:53+00:00\",\"breadcrumb\":{\"@id\":\"https:\\\/\\\/3coty.com\\\/et\\\/cookie-policy\\\/#breadcrumb\"},\"inLanguage\":\"et\",\"potentialAction\":[{\"@type\":\"ReadAction\",\"target\":[\"https:\\\/\\\/3coty.com\\\/et\\\/cookie-policy\\\/\"]}]},{\"@type\":\"BreadcrumbList\",\"@id\":\"https:\\\/\\\/3coty.com\\\/et\\\/cookie-policy\\\/#breadcrumb\",\"itemListElement\":[{\"@type\":\"ListItem\",\"position\":1,\"name\":\"Home\",\"item\":\"https:\\\/\\\/3coty.com\\\/et\\\/\"},{\"@type\":\"ListItem\",\"position\":2,\"name\":\"K\u00fcpsiste poliitika\"}]},{\"@type\":\"WebSite\",\"@id\":\"https:\\\/\\\/3coty.com\\\/et\\\/#website\",\"url\":\"https:\\\/\\\/3coty.com\\\/et\\\/\",\"name\":\"3coty\u00ae\",\"description\":\"Meat-only Cat Food\",\"publisher\":{\"@id\":\"https:\\\/\\\/3coty.com\\\/et\\\/#organization\"},\"potentialAction\":[{\"@type\":\"SearchAction\",\"target\":{\"@type\":\"EntryPoint\",\"urlTemplate\":\"https:\\\/\\\/3coty.com\\\/et\\\/?s={search_term_string}\"},\"query-input\":{\"@type\":\"PropertyValueSpecification\",\"valueRequired\":true,\"valueName\":\"search_term_string\"}}],\"inLanguage\":\"et\"},{\"@type\":\"Organization\",\"@id\":\"https:\\\/\\\/3coty.com\\\/et\\\/#organization\",\"name\":\"3coty\u00ae\",\"alternateName\":\"3coty\",\"url\":\"https:\\\/\\\/3coty.com\\\/et\\\/\",\"logo\":{\"@type\":\"ImageObject\",\"inLanguage\":\"et\",\"@id\":\"https:\\\/\\\/3coty.com\\\/et\\\/#\\\/schema\\\/logo\\\/image\\\/\",\"url\":\"https:\\\/\\\/3coty.com\\\/wp-content\\\/uploads\\\/2025\\\/05\\\/icon-3coty-logo.svg\",\"contentUrl\":\"https:\\\/\\\/3coty.com\\\/wp-content\\\/uploads\\\/2025\\\/05\\\/icon-3coty-logo.svg\",\"width\":283,\"height\":283,\"caption\":\"3coty\u00ae\"},\"image\":{\"@id\":\"https:\\\/\\\/3coty.com\\\/et\\\/#\\\/schema\\\/logo\\\/image\\\/\"},\"sameAs\":[\"https:\\\/\\\/www.facebook.com\\\/3coty\",\"https:\\\/\\\/x.com\\\/3cotyCom\",\"https:\\\/\\\/www.instagram.com\\\/3coty\",\"https:\\\/\\\/www.linkedin.com\\\/company\\\/3coty\",\"https:\\\/\\\/www.youtube.com\\\/@3coty\"]}]}<\/script>\n<!-- \/ Yoast SEO Premium plugin. -->","yoast_head_json":{"title":"K\u00fcpsiste poliitika - 3coty\u00ae","robots":{"index":"index","follow":"follow","max-snippet":"max-snippet:-1","max-image-preview":"max-image-preview:large","max-video-preview":"max-video-preview:-1"},"canonical":"https:\/\/3coty.com\/et\/cookie-policy\/","og_locale":"et_EE","og_type":"article","og_title":"K\u00fcpsiste poliitika","og_description":"&nbsp; K\u00fcpsiste poliitika Mis on k\u00fcpsised? K\u00fcpsised on v\u00e4ikesed tekstifailid, mis salvestatakse teie seadmesse ja aitavad meil tagada meie veebisaidi korrektse toimimise, parandada turvalisust, pakkuda paremat kasutajakogemust ning anal\u00fc\u00fcsida saidi toimivust. &nbsp; Kuidas me kasutame k\u00fcpsiseid? Nagu enamik veebisaite, kasutame nii oma k\u00fcpsiseid kui ka kolmandate osapoolte k\u00fcpsiseid. Vajalikud k\u00fcpsised tagavad, et veebisait t\u00f6\u00f6tab \u00f5igesti &hellip;","og_url":"https:\/\/3coty.com\/et\/cookie-policy\/","og_site_name":"3coty\u00ae","article_publisher":"https:\/\/www.facebook.com\/3coty","article_modified_time":"2025-12-09T17:40:53+00:00","twitter_card":"summary_large_image","twitter_site":"@3cotyCom","twitter_misc":{"Est. reading time":"1 minut"},"schema":{"@context":"https:\/\/schema.org","@graph":[{"@type":"WebPage","@id":"https:\/\/3coty.com\/et\/cookie-policy\/","url":"https:\/\/3coty.com\/et\/cookie-policy\/","name":"K\u00fcpsiste poliitika - 3coty\u00ae","isPartOf":{"@id":"https:\/\/3coty.com\/et\/#website"},"datePublished":"2025-09-18T11:59:13+00:00","dateModified":"2025-12-09T17:40:53+00:00","breadcrumb":{"@id":"https:\/\/3coty.com\/et\/cookie-policy\/#breadcrumb"},"inLanguage":"et","potentialAction":[{"@type":"ReadAction","target":["https:\/\/3coty.com\/et\/cookie-policy\/"]}]},{"@type":"BreadcrumbList","@id":"https:\/\/3coty.com\/et\/cookie-policy\/#breadcrumb","itemListElement":[{"@type":"ListItem","position":1,"name":"Home","item":"https:\/\/3coty.com\/et\/"},{"@type":"ListItem","position":2,"name":"K\u00fcpsiste poliitika"}]},{"@type":"WebSite","@id":"https:\/\/3coty.com\/et\/#website","url":"https:\/\/3coty.com\/et\/","name":"3coty\u00ae","description":"Meat-only Cat Food","publisher":{"@id":"https:\/\/3coty.com\/et\/#organization"},"potentialAction":[{"@type":"SearchAction","target":{"@type":"EntryPoint","urlTemplate":"https:\/\/3coty.com\/et\/?s={search_term_string}"},"query-input":{"@type":"PropertyValueSpecification","valueRequired":true,"valueName":"search_term_string"}}],"inLanguage":"et"},{"@type":"Organization","@id":"https:\/\/3coty.com\/et\/#organization","name":"3coty\u00ae","alternateName":"3coty","url":"https:\/\/3coty.com\/et\/","logo":{"@type":"ImageObject","inLanguage":"et","@id":"https:\/\/3coty.com\/et\/#\/schema\/logo\/image\/","url":"https:\/\/3coty.com\/wp-content\/uploads\/2025\/05\/icon-3coty-logo.svg","contentUrl":"https:\/\/3coty.com\/wp-content\/uploads\/2025\/05\/icon-3coty-logo.svg","width":283,"height":283,"caption":"3coty\u00ae"},"image":{"@id":"https:\/\/3coty.com\/et\/#\/schema\/logo\/image\/"},"sameAs":["https:\/\/www.facebook.com\/3coty","https:\/\/x.com\/3cotyCom","https:\/\/www.instagram.com\/3coty","https:\/\/www.linkedin.com\/company\/3coty","https:\/\/www.youtube.com\/@3coty"]}]}},"_links":{"self":[{"href":"https:\/\/3coty.com\/et\/wp-json\/wp\/v2\/pages\/76773","targetHints":{"allow":["GET"]}}],"collection":[{"href":"https:\/\/3coty.com\/et\/wp-json\/wp\/v2\/pages"}],"about":[{"href":"https:\/\/3coty.com\/et\/wp-json\/wp\/v2\/types\/page"}],"author":[{"embeddable":true,"href":"https:\/\/3coty.com\/et\/wp-json\/wp\/v2\/users\/3"}],"replies":[{"embeddable":true,"href":"https:\/\/3coty.com\/et\/wp-json\/wp\/v2\/comments?post=76773"}],"version-history":[{"count":2,"href":"https:\/\/3coty.com\/et\/wp-json\/wp\/v2\/pages\/76773\/revisions"}],"predecessor-version":[{"id":80663,"href":"https:\/\/3coty.com\/et\/wp-json\/wp\/v2\/pages\/76773\/revisions\/80663"}],"wp:attachment":[{"href":"https:\/\/3coty.com\/et\/wp-json\/wp\/v2\/media?parent=76773"}],"curies":[{"name":"wp","href":"https:\/\/api.w.org\/{rel}","templated":true}]}}