{"id":33336,"date":"2025-05-26T16:18:33","date_gmt":"2025-05-26T16:18:33","guid":{"rendered":"https:\/\/3coty.com\/p\/47-turkey-goose-390\/"},"modified":"2026-02-09T10:22:13","modified_gmt":"2026-02-09T10:22:13","slug":"47-turkey-goose-390","status":"publish","type":"product","link":"https:\/\/3coty.com\/es\/p\/47-turkey-goose-390\/","title":{"rendered":"47. PAVO + OCA 390"},"content":{"rendered":"<p><a href=\"https:\/\/3coty.com\/wp-content\/uploads\/2025\/07\/3coty-p-47-tab-1.svg\"><img fetchpriority=\"high\" decoding=\"async\" class=\"alignnone size-full wp-image-46265\" role=\"img\" src=\"https:\/\/3coty.com\/wp-content\/uploads\/2025\/07\/3coty-p-47-tab-1.svg\" alt=\"\" width=\"283\" height=\"283\" \/><\/a><\/p>\n<h2>ALIMENTACI\u00d3N COMPLETA Y NATURAL PARA GATITOS 3COTY\u00ae<\/h2>\n<p><strong>INGREDIENTES DE CARNE 100% NATURALES y derivados animales cocinados en su propio caldo nutritivo<\/strong><\/p>\n<p>Alimento h\u00famedo hipercal\u00f3rico para gatitos, elaborado solo con pavo y oca. Esta mousse rica y nutritiva es ideal si te preocupa que las alergias se transmitan de la madre a los gatitos. Ofrece una opci\u00f3n sin pollo para el destete, permitiendo que los gatitos se desarrollen sin sobrecargar su sistema inmunitario. Su textura en mousse y alto contenido cal\u00f3rico tambi\u00e9n la hacen adecuada para gatos en recuperaci\u00f3n.<\/p>\n<p>Mousse rica para gatitos, elaborada con pavo y oca. Ideal como primer alimento para camadas de madres al\u00e9rgicas.<\/p>\n","protected":false},"excerpt":{"rendered":"<p><a href=\"https:\/\/3coty.com\/wp-content\/uploads\/2025\/07\/3coty-p-47-description-1.svg\"><img decoding=\"async\" class=\"alignnone size-medium wp-image-46229\" role=\"img\" src=\"https:\/\/3coty.com\/wp-content\/uploads\/2025\/07\/3coty-p-47-description-1.svg\" alt=\"\" width=\"300\" height=\"300\" \/><\/a><\/p>\n<p><strong>PARA GATITOS<\/strong> | MOUSSE | ALIMENTACI\u00d3N DUPROTEICA PARA GATOS<\/p>\n<p><a href=\"https:\/\/3coty.com\/wp-content\/uploads\/2025\/07\/3coty-p-47-description-4.svg\"><img decoding=\"async\" class=\"alignnone size-full wp-image-46247\" role=\"img\" src=\"https:\/\/3coty.com\/wp-content\/uploads\/2025\/07\/3coty-p-47-description-4.svg\" alt=\"\" width=\"506\" height=\"85\" \/><\/a><\/p>\n","protected":false},"featured_media":46425,"template":"","meta":{"_acf_changed":false},"product_brand":[],"product_cat":[388],"product_tag":[1165],"class_list":{"0":"post-33336","1":"product","2":"type-product","3":"status-publish","4":"has-post-thumbnail","6":"product_cat-for-kittens","7":"product_tag-47tg","9":"first","10":"instock","11":"featured","12":"taxable","13":"shipping-taxable","14":"purchasable","15":"product-type-simple"},"acf":[],"yoast_head":"<!-- This site is optimized with the Yoast SEO Premium plugin v27.3 (Yoast SEO v27.3) - https:\/\/yoast.com\/product\/yoast-seo-premium-wordpress\/ -->\n<title>47. PAVO + OCA 390 - 3coty\u00ae<\/title>\n<meta name=\"robots\" content=\"index, follow, max-snippet:-1, max-image-preview:large, max-video-preview:-1\" \/>\n<link rel=\"canonical\" href=\"https:\/\/3coty.com\/es\/p\/47-turkey-goose-390\/\" \/>\n<meta property=\"og:locale\" content=\"es_ES\" \/>\n<meta property=\"og:type\" content=\"article\" \/>\n<meta property=\"og:title\" content=\"47. PAVO + OCA 390\" \/>\n<meta property=\"og:description\" content=\"PARA GATITOS | MOUSSE | ALIMENTACI\u00d3N DUPROTEICA PARA GATOS\" \/>\n<meta property=\"og:url\" content=\"https:\/\/3coty.com\/es\/p\/47-turkey-goose-390\/\" \/>\n<meta property=\"og:site_name\" content=\"3coty\u00ae\" \/>\n<meta property=\"article:publisher\" content=\"https:\/\/www.facebook.com\/3coty\" \/>\n<meta property=\"article:modified_time\" content=\"2026-02-09T10:22:13+00:00\" \/>\n<meta property=\"og:image\" content=\"https:\/\/3coty.com\/wp-content\/uploads\/2025\/07\/3coty-p-47-390-01.jpg\" \/>\n\t<meta property=\"og:image:width\" content=\"1024\" \/>\n\t<meta property=\"og:image:height\" content=\"1024\" \/>\n\t<meta property=\"og:image:type\" content=\"image\/jpeg\" \/>\n<meta name=\"twitter:card\" content=\"summary_large_image\" \/>\n<meta name=\"twitter:site\" content=\"@3cotyCom\" \/>\n<meta name=\"twitter:label1\" content=\"Price\" \/>\n\t<meta name=\"twitter:data1\" content=\"\u20ac&nbsp;5.75\" \/>\n\t<meta name=\"twitter:label2\" content=\"Availability\" \/>\n\t<meta name=\"twitter:data2\" content=\"In stock\" \/>\n<script type=\"application\/ld+json\" class=\"yoast-schema-graph\">{\"@context\":\"https:\\\/\\\/schema.org\",\"@graph\":[{\"@type\":\"WebPage\",\"@id\":\"https:\\\/\\\/3coty.com\\\/es\\\/p\\\/47-turkey-goose-390\\\/\",\"url\":\"https:\\\/\\\/3coty.com\\\/es\\\/p\\\/47-turkey-goose-390\\\/\",\"name\":\"47. PAVO + OCA 390 - 3coty\u00ae\",\"isPartOf\":{\"@id\":\"https:\\\/\\\/3coty.com\\\/es\\\/#website\"},\"primaryImageOfPage\":{\"@id\":\"https:\\\/\\\/3coty.com\\\/es\\\/p\\\/47-turkey-goose-390\\\/#primaryimage\"},\"image\":{\"@id\":\"https:\\\/\\\/3coty.com\\\/es\\\/p\\\/47-turkey-goose-390\\\/#primaryimage\"},\"thumbnailUrl\":\"https:\\\/\\\/3coty.com\\\/wp-content\\\/uploads\\\/2025\\\/07\\\/3coty-p-47-390-01.jpg\",\"datePublished\":\"2025-05-26T16:18:33+00:00\",\"dateModified\":\"2026-02-09T10:22:13+00:00\",\"breadcrumb\":{\"@id\":\"https:\\\/\\\/3coty.com\\\/es\\\/p\\\/47-turkey-goose-390\\\/#breadcrumb\"},\"inLanguage\":\"es-ES\",\"potentialAction\":[{\"@type\":\"ReadAction\",\"target\":[\"https:\\\/\\\/3coty.com\\\/es\\\/p\\\/47-turkey-goose-390\\\/\"]}]},{\"@type\":\"ImageObject\",\"inLanguage\":\"es-ES\",\"@id\":\"https:\\\/\\\/3coty.com\\\/es\\\/p\\\/47-turkey-goose-390\\\/#primaryimage\",\"url\":\"https:\\\/\\\/3coty.com\\\/wp-content\\\/uploads\\\/2025\\\/07\\\/3coty-p-47-390-01.jpg\",\"contentUrl\":\"https:\\\/\\\/3coty.com\\\/wp-content\\\/uploads\\\/2025\\\/07\\\/3coty-p-47-390-01.jpg\",\"width\":1024,\"height\":1024},{\"@type\":\"BreadcrumbList\",\"@id\":\"https:\\\/\\\/3coty.com\\\/es\\\/p\\\/47-turkey-goose-390\\\/#breadcrumb\",\"itemListElement\":[{\"@type\":\"ListItem\",\"position\":1,\"name\":\"Home\",\"item\":\"https:\\\/\\\/3coty.com\\\/es\\\/\"},{\"@type\":\"ListItem\",\"position\":2,\"name\":\"TIENDA\",\"item\":\"https:\\\/\\\/3coty.com\\\/es\\\/shop\\\/\"},{\"@type\":\"ListItem\",\"position\":3,\"name\":\"47. PAVO + OCA 390\"}]},{\"@type\":\"WebSite\",\"@id\":\"https:\\\/\\\/3coty.com\\\/es\\\/#website\",\"url\":\"https:\\\/\\\/3coty.com\\\/es\\\/\",\"name\":\"3coty\u00ae\",\"description\":\"Meat-only Cat Food\",\"publisher\":{\"@id\":\"https:\\\/\\\/3coty.com\\\/es\\\/#organization\"},\"potentialAction\":[{\"@type\":\"SearchAction\",\"target\":{\"@type\":\"EntryPoint\",\"urlTemplate\":\"https:\\\/\\\/3coty.com\\\/es\\\/?s={search_term_string}\"},\"query-input\":{\"@type\":\"PropertyValueSpecification\",\"valueRequired\":true,\"valueName\":\"search_term_string\"}}],\"inLanguage\":\"es-ES\"},{\"@type\":\"Organization\",\"@id\":\"https:\\\/\\\/3coty.com\\\/es\\\/#organization\",\"name\":\"3coty\u00ae\",\"alternateName\":\"3coty\",\"url\":\"https:\\\/\\\/3coty.com\\\/es\\\/\",\"logo\":{\"@type\":\"ImageObject\",\"inLanguage\":\"es-ES\",\"@id\":\"https:\\\/\\\/3coty.com\\\/es\\\/#\\\/schema\\\/logo\\\/image\\\/\",\"url\":\"https:\\\/\\\/3coty.com\\\/wp-content\\\/uploads\\\/2025\\\/05\\\/icon-3coty-logo.svg\",\"contentUrl\":\"https:\\\/\\\/3coty.com\\\/wp-content\\\/uploads\\\/2025\\\/05\\\/icon-3coty-logo.svg\",\"width\":283,\"height\":283,\"caption\":\"3coty\u00ae\"},\"image\":{\"@id\":\"https:\\\/\\\/3coty.com\\\/es\\\/#\\\/schema\\\/logo\\\/image\\\/\"},\"sameAs\":[\"https:\\\/\\\/www.facebook.com\\\/3coty\",\"https:\\\/\\\/x.com\\\/3cotyCom\",\"https:\\\/\\\/www.instagram.com\\\/3coty\",\"https:\\\/\\\/www.linkedin.com\\\/company\\\/3coty\",\"https:\\\/\\\/www.youtube.com\\\/@3coty\"]}]}<\/script>\n<meta property=\"product:price:amount\" content=\"5.75\" \/>\n<meta property=\"product:price:currency\" content=\"EUR\" \/>\n<meta property=\"og:availability\" content=\"instock\" \/>\n<meta property=\"product:availability\" content=\"instock\" \/>\n<meta property=\"product:retailer_item_id\" content=\"390T 47TG \/ 5901785317046\" \/>\n<meta property=\"product:condition\" content=\"new\" \/>\n<!-- \/ Yoast SEO Premium plugin. -->","yoast_head_json":{"title":"47. PAVO + OCA 390 - 3coty\u00ae","robots":{"index":"index","follow":"follow","max-snippet":"max-snippet:-1","max-image-preview":"max-image-preview:large","max-video-preview":"max-video-preview:-1"},"canonical":"https:\/\/3coty.com\/es\/p\/47-turkey-goose-390\/","og_locale":"es_ES","og_type":"article","og_title":"47. PAVO + OCA 390","og_description":"PARA GATITOS | MOUSSE | ALIMENTACI\u00d3N DUPROTEICA PARA GATOS","og_url":"https:\/\/3coty.com\/es\/p\/47-turkey-goose-390\/","og_site_name":"3coty\u00ae","article_publisher":"https:\/\/www.facebook.com\/3coty","article_modified_time":"2026-02-09T10:22:13+00:00","og_image":[{"width":1024,"height":1024,"url":"https:\/\/3coty.com\/wp-content\/uploads\/2025\/07\/3coty-p-47-390-01.jpg","type":"image\/jpeg"}],"twitter_card":"summary_large_image","twitter_site":"@3cotyCom","twitter_misc":{"Price":"\u20ac&nbsp;5.75","Availability":"In stock"},"schema":{"@context":"https:\/\/schema.org","@graph":[{"@type":"WebPage","@id":"https:\/\/3coty.com\/es\/p\/47-turkey-goose-390\/","url":"https:\/\/3coty.com\/es\/p\/47-turkey-goose-390\/","name":"47. PAVO + OCA 390 - 3coty\u00ae","isPartOf":{"@id":"https:\/\/3coty.com\/es\/#website"},"primaryImageOfPage":{"@id":"https:\/\/3coty.com\/es\/p\/47-turkey-goose-390\/#primaryimage"},"image":{"@id":"https:\/\/3coty.com\/es\/p\/47-turkey-goose-390\/#primaryimage"},"thumbnailUrl":"https:\/\/3coty.com\/wp-content\/uploads\/2025\/07\/3coty-p-47-390-01.jpg","datePublished":"2025-05-26T16:18:33+00:00","dateModified":"2026-02-09T10:22:13+00:00","breadcrumb":{"@id":"https:\/\/3coty.com\/es\/p\/47-turkey-goose-390\/#breadcrumb"},"inLanguage":"es-ES","potentialAction":[{"@type":"ReadAction","target":["https:\/\/3coty.com\/es\/p\/47-turkey-goose-390\/"]}]},{"@type":"ImageObject","inLanguage":"es-ES","@id":"https:\/\/3coty.com\/es\/p\/47-turkey-goose-390\/#primaryimage","url":"https:\/\/3coty.com\/wp-content\/uploads\/2025\/07\/3coty-p-47-390-01.jpg","contentUrl":"https:\/\/3coty.com\/wp-content\/uploads\/2025\/07\/3coty-p-47-390-01.jpg","width":1024,"height":1024},{"@type":"BreadcrumbList","@id":"https:\/\/3coty.com\/es\/p\/47-turkey-goose-390\/#breadcrumb","itemListElement":[{"@type":"ListItem","position":1,"name":"Home","item":"https:\/\/3coty.com\/es\/"},{"@type":"ListItem","position":2,"name":"TIENDA","item":"https:\/\/3coty.com\/es\/shop\/"},{"@type":"ListItem","position":3,"name":"47. PAVO + OCA 390"}]},{"@type":"WebSite","@id":"https:\/\/3coty.com\/es\/#website","url":"https:\/\/3coty.com\/es\/","name":"3coty\u00ae","description":"Meat-only Cat Food","publisher":{"@id":"https:\/\/3coty.com\/es\/#organization"},"potentialAction":[{"@type":"SearchAction","target":{"@type":"EntryPoint","urlTemplate":"https:\/\/3coty.com\/es\/?s={search_term_string}"},"query-input":{"@type":"PropertyValueSpecification","valueRequired":true,"valueName":"search_term_string"}}],"inLanguage":"es-ES"},{"@type":"Organization","@id":"https:\/\/3coty.com\/es\/#organization","name":"3coty\u00ae","alternateName":"3coty","url":"https:\/\/3coty.com\/es\/","logo":{"@type":"ImageObject","inLanguage":"es-ES","@id":"https:\/\/3coty.com\/es\/#\/schema\/logo\/image\/","url":"https:\/\/3coty.com\/wp-content\/uploads\/2025\/05\/icon-3coty-logo.svg","contentUrl":"https:\/\/3coty.com\/wp-content\/uploads\/2025\/05\/icon-3coty-logo.svg","width":283,"height":283,"caption":"3coty\u00ae"},"image":{"@id":"https:\/\/3coty.com\/es\/#\/schema\/logo\/image\/"},"sameAs":["https:\/\/www.facebook.com\/3coty","https:\/\/x.com\/3cotyCom","https:\/\/www.instagram.com\/3coty","https:\/\/www.linkedin.com\/company\/3coty","https:\/\/www.youtube.com\/@3coty"]}]},"product_price_amount":"5.75","product_price_currency":"EUR","og_availability":"instock","product_availability":"instock","product_retailer_item_id":"390T 47TG \/ 5901785317046","product_condition":"new"},"_links":{"self":[{"href":"https:\/\/3coty.com\/es\/wp-json\/wp\/v2\/product\/33336","targetHints":{"allow":["GET"]}}],"collection":[{"href":"https:\/\/3coty.com\/es\/wp-json\/wp\/v2\/product"}],"about":[{"href":"https:\/\/3coty.com\/es\/wp-json\/wp\/v2\/types\/product"}],"version-history":[{"count":4,"href":"https:\/\/3coty.com\/es\/wp-json\/wp\/v2\/product\/33336\/revisions"}],"predecessor-version":[{"id":46503,"href":"https:\/\/3coty.com\/es\/wp-json\/wp\/v2\/product\/33336\/revisions\/46503"}],"wp:featuredmedia":[{"embeddable":true,"href":"https:\/\/3coty.com\/es\/wp-json\/wp\/v2\/media\/46425"}],"wp:attachment":[{"href":"https:\/\/3coty.com\/es\/wp-json\/wp\/v2\/media?parent=33336"}],"wp:term":[{"taxonomy":"product_brand","embeddable":true,"href":"https:\/\/3coty.com\/es\/wp-json\/wp\/v2\/product_brand?post=33336"},{"taxonomy":"product_cat","embeddable":true,"href":"https:\/\/3coty.com\/es\/wp-json\/wp\/v2\/product_cat?post=33336"},{"taxonomy":"product_tag","embeddable":true,"href":"https:\/\/3coty.com\/es\/wp-json\/wp\/v2\/product_tag?post=33336"}],"curies":[{"name":"wp","href":"https:\/\/api.w.org\/{rel}","templated":true}]}}