{"id":33297,"date":"2025-05-24T17:42:50","date_gmt":"2025-05-24T17:42:50","guid":{"rendered":"https:\/\/3coty.com\/p\/24-turkey-goose-780\/"},"modified":"2026-03-11T15:48:52","modified_gmt":"2026-03-11T15:48:52","slug":"24-turkey-goose-780","status":"publish","type":"product","link":"https:\/\/3coty.com\/es\/p\/24-turkey-goose-780\/","title":{"rendered":"24. PAVO + OCA 780"},"content":{"rendered":"<p><a href=\"https:\/\/3coty.com\/wp-content\/uploads\/2025\/07\/3coty-p-24-tab-1.svg\"><img fetchpriority=\"high\" decoding=\"async\" class=\"alignnone size-full wp-image-52565\" role=\"img\" src=\"https:\/\/3coty.com\/wp-content\/uploads\/2025\/07\/3coty-p-24-tab-1.svg\" alt=\"\" width=\"283\" height=\"283\" \/><\/a><\/p>\n<h2>ALIMENTACI\u00d3N COMPLETA Y NATURAL PARA GATOS 3COTY\u00ae<\/h2>\n<p><strong>INGREDIENTES DE CARNE 100% NATURALES y derivados animales cocinados en su propio caldo nutritivo<\/strong><\/p>\n<p>La base de pavo proporciona equilibrio a esta comida h\u00fameda natural, completa y equilibrada para gatos. El 46% de oca le confiere un sabor y una riqueza m\u00e1s fuertes, as\u00ed como una mayor carga cal\u00f3rica que nuestros otros sabores. El delicioso y rico alimento duo-proteico de carne de ave sigue siendo 100% carne y es ideal para gatos en crecimiento, los que necesitan ganar peso tras una enfermedad o los machos sementales.<\/p>\n<p>La rica carne de oca da a esta comida para gatos a base de pavo un toque picante y cal\u00f3rico para gatos que necesitan ganar peso.<\/p>\n","protected":false},"excerpt":{"rendered":"<p><a href=\"https:\/\/3coty.com\/wp-content\/uploads\/2025\/07\/3coty-p-24-description-1.svg\"><img decoding=\"async\" class=\"alignnone size-medium wp-image-52529\" role=\"img\" src=\"https:\/\/3coty.com\/wp-content\/uploads\/2025\/07\/3coty-p-24-description-1.svg\" alt=\"\" width=\"300\" height=\"300\" \/><\/a><\/p>\n<p><strong>PARA GATOS ADULTOS<\/strong> | CORONILLA | ALIMENTACI\u00d3N DUPROTEICA PARA GATOS<\/p>\n<p><a href=\"https:\/\/3coty.com\/wp-content\/uploads\/2025\/07\/3coty-p-24-description-2.svg\"><img decoding=\"async\" class=\"alignnone size-full wp-image-52547\" role=\"img\" src=\"https:\/\/3coty.com\/wp-content\/uploads\/2025\/07\/3coty-p-24-description-2.svg\" alt=\"\" width=\"506\" height=\"85\" \/><\/a><\/p>\n","protected":false},"featured_media":52887,"template":"","meta":{"_acf_changed":false},"product_brand":[],"product_cat":[354],"product_tag":[1007],"class_list":{"0":"post-33297","1":"product","2":"type-product","3":"status-publish","4":"has-post-thumbnail","6":"product_cat-for-adult-cats","7":"product_tag-24tg","9":"first","10":"instock","11":"featured","12":"taxable","13":"shipping-taxable","14":"purchasable","15":"product-type-simple"},"acf":[],"yoast_head":"<!-- This site is optimized with the Yoast SEO Premium plugin v27.3 (Yoast SEO v27.3) - https:\/\/yoast.com\/product\/yoast-seo-premium-wordpress\/ -->\n<title>24. PAVO + OCA 780 - 3coty\u00ae<\/title>\n<meta name=\"robots\" content=\"index, follow, max-snippet:-1, max-image-preview:large, max-video-preview:-1\" \/>\n<link rel=\"canonical\" href=\"https:\/\/3coty.com\/es\/p\/24-turkey-goose-780\/\" \/>\n<meta property=\"og:locale\" content=\"es_ES\" \/>\n<meta property=\"og:type\" content=\"article\" \/>\n<meta property=\"og:title\" content=\"24. PAVO + OCA 780\" \/>\n<meta property=\"og:description\" content=\"PARA GATOS ADULTOS | CORONILLA | ALIMENTACI\u00d3N DUPROTEICA PARA GATOS\" \/>\n<meta property=\"og:url\" content=\"https:\/\/3coty.com\/es\/p\/24-turkey-goose-780\/\" \/>\n<meta property=\"og:site_name\" content=\"3coty\u00ae\" \/>\n<meta property=\"article:publisher\" content=\"https:\/\/www.facebook.com\/3coty\" \/>\n<meta property=\"article:modified_time\" content=\"2026-03-11T15:48:52+00:00\" \/>\n<meta property=\"og:image\" content=\"https:\/\/3coty.com\/wp-content\/uploads\/2025\/07\/3coty-p-24-780-01.jpg\" \/>\n\t<meta property=\"og:image:width\" content=\"1024\" \/>\n\t<meta property=\"og:image:height\" content=\"1024\" \/>\n\t<meta property=\"og:image:type\" content=\"image\/jpeg\" \/>\n<meta name=\"twitter:card\" content=\"summary_large_image\" \/>\n<meta name=\"twitter:site\" content=\"@3cotyCom\" \/>\n<meta name=\"twitter:label1\" content=\"Price\" \/>\n\t<meta name=\"twitter:data1\" content=\"\u20ac&nbsp;10.35\" \/>\n\t<meta name=\"twitter:label2\" content=\"Availability\" \/>\n\t<meta name=\"twitter:data2\" content=\"In stock\" \/>\n<script type=\"application\/ld+json\" class=\"yoast-schema-graph\">{\"@context\":\"https:\\\/\\\/schema.org\",\"@graph\":[{\"@type\":\"WebPage\",\"@id\":\"https:\\\/\\\/3coty.com\\\/es\\\/p\\\/24-turkey-goose-780\\\/\",\"url\":\"https:\\\/\\\/3coty.com\\\/es\\\/p\\\/24-turkey-goose-780\\\/\",\"name\":\"24. PAVO + OCA 780 - 3coty\u00ae\",\"isPartOf\":{\"@id\":\"https:\\\/\\\/3coty.com\\\/es\\\/#website\"},\"primaryImageOfPage\":{\"@id\":\"https:\\\/\\\/3coty.com\\\/es\\\/p\\\/24-turkey-goose-780\\\/#primaryimage\"},\"image\":{\"@id\":\"https:\\\/\\\/3coty.com\\\/es\\\/p\\\/24-turkey-goose-780\\\/#primaryimage\"},\"thumbnailUrl\":\"https:\\\/\\\/3coty.com\\\/wp-content\\\/uploads\\\/2025\\\/07\\\/3coty-p-24-780-01.jpg\",\"datePublished\":\"2025-05-24T17:42:50+00:00\",\"dateModified\":\"2026-03-11T15:48:52+00:00\",\"breadcrumb\":{\"@id\":\"https:\\\/\\\/3coty.com\\\/es\\\/p\\\/24-turkey-goose-780\\\/#breadcrumb\"},\"inLanguage\":\"es-ES\",\"potentialAction\":[{\"@type\":\"ReadAction\",\"target\":[\"https:\\\/\\\/3coty.com\\\/es\\\/p\\\/24-turkey-goose-780\\\/\"]}]},{\"@type\":\"ImageObject\",\"inLanguage\":\"es-ES\",\"@id\":\"https:\\\/\\\/3coty.com\\\/es\\\/p\\\/24-turkey-goose-780\\\/#primaryimage\",\"url\":\"https:\\\/\\\/3coty.com\\\/wp-content\\\/uploads\\\/2025\\\/07\\\/3coty-p-24-780-01.jpg\",\"contentUrl\":\"https:\\\/\\\/3coty.com\\\/wp-content\\\/uploads\\\/2025\\\/07\\\/3coty-p-24-780-01.jpg\",\"width\":1024,\"height\":1024},{\"@type\":\"BreadcrumbList\",\"@id\":\"https:\\\/\\\/3coty.com\\\/es\\\/p\\\/24-turkey-goose-780\\\/#breadcrumb\",\"itemListElement\":[{\"@type\":\"ListItem\",\"position\":1,\"name\":\"Home\",\"item\":\"https:\\\/\\\/3coty.com\\\/es\\\/\"},{\"@type\":\"ListItem\",\"position\":2,\"name\":\"TIENDA\",\"item\":\"https:\\\/\\\/3coty.com\\\/es\\\/shop\\\/\"},{\"@type\":\"ListItem\",\"position\":3,\"name\":\"24. PAVO + OCA 780\"}]},{\"@type\":\"WebSite\",\"@id\":\"https:\\\/\\\/3coty.com\\\/es\\\/#website\",\"url\":\"https:\\\/\\\/3coty.com\\\/es\\\/\",\"name\":\"3coty\u00ae\",\"description\":\"Meat-only Cat Food\",\"publisher\":{\"@id\":\"https:\\\/\\\/3coty.com\\\/es\\\/#organization\"},\"potentialAction\":[{\"@type\":\"SearchAction\",\"target\":{\"@type\":\"EntryPoint\",\"urlTemplate\":\"https:\\\/\\\/3coty.com\\\/es\\\/?s={search_term_string}\"},\"query-input\":{\"@type\":\"PropertyValueSpecification\",\"valueRequired\":true,\"valueName\":\"search_term_string\"}}],\"inLanguage\":\"es-ES\"},{\"@type\":\"Organization\",\"@id\":\"https:\\\/\\\/3coty.com\\\/es\\\/#organization\",\"name\":\"3coty\u00ae\",\"alternateName\":\"3coty\",\"url\":\"https:\\\/\\\/3coty.com\\\/es\\\/\",\"logo\":{\"@type\":\"ImageObject\",\"inLanguage\":\"es-ES\",\"@id\":\"https:\\\/\\\/3coty.com\\\/es\\\/#\\\/schema\\\/logo\\\/image\\\/\",\"url\":\"https:\\\/\\\/3coty.com\\\/wp-content\\\/uploads\\\/2025\\\/05\\\/icon-3coty-logo.svg\",\"contentUrl\":\"https:\\\/\\\/3coty.com\\\/wp-content\\\/uploads\\\/2025\\\/05\\\/icon-3coty-logo.svg\",\"width\":283,\"height\":283,\"caption\":\"3coty\u00ae\"},\"image\":{\"@id\":\"https:\\\/\\\/3coty.com\\\/es\\\/#\\\/schema\\\/logo\\\/image\\\/\"},\"sameAs\":[\"https:\\\/\\\/www.facebook.com\\\/3coty\",\"https:\\\/\\\/x.com\\\/3cotyCom\",\"https:\\\/\\\/www.instagram.com\\\/3coty\",\"https:\\\/\\\/www.linkedin.com\\\/company\\\/3coty\",\"https:\\\/\\\/www.youtube.com\\\/@3coty\"]}]}<\/script>\n<meta property=\"product:price:amount\" content=\"10.35\" \/>\n<meta property=\"product:price:currency\" content=\"EUR\" \/>\n<meta property=\"og:availability\" content=\"instock\" \/>\n<meta property=\"product:availability\" content=\"instock\" \/>\n<meta property=\"product:retailer_item_id\" content=\"780T 24TG \/ 5901785316445\" \/>\n<meta property=\"product:condition\" content=\"new\" \/>\n<!-- \/ Yoast SEO Premium plugin. -->","yoast_head_json":{"title":"24. PAVO + OCA 780 - 3coty\u00ae","robots":{"index":"index","follow":"follow","max-snippet":"max-snippet:-1","max-image-preview":"max-image-preview:large","max-video-preview":"max-video-preview:-1"},"canonical":"https:\/\/3coty.com\/es\/p\/24-turkey-goose-780\/","og_locale":"es_ES","og_type":"article","og_title":"24. PAVO + OCA 780","og_description":"PARA GATOS ADULTOS | CORONILLA | ALIMENTACI\u00d3N DUPROTEICA PARA GATOS","og_url":"https:\/\/3coty.com\/es\/p\/24-turkey-goose-780\/","og_site_name":"3coty\u00ae","article_publisher":"https:\/\/www.facebook.com\/3coty","article_modified_time":"2026-03-11T15:48:52+00:00","og_image":[{"width":1024,"height":1024,"url":"https:\/\/3coty.com\/wp-content\/uploads\/2025\/07\/3coty-p-24-780-01.jpg","type":"image\/jpeg"}],"twitter_card":"summary_large_image","twitter_site":"@3cotyCom","twitter_misc":{"Price":"\u20ac&nbsp;10.35","Availability":"In stock"},"schema":{"@context":"https:\/\/schema.org","@graph":[{"@type":"WebPage","@id":"https:\/\/3coty.com\/es\/p\/24-turkey-goose-780\/","url":"https:\/\/3coty.com\/es\/p\/24-turkey-goose-780\/","name":"24. PAVO + OCA 780 - 3coty\u00ae","isPartOf":{"@id":"https:\/\/3coty.com\/es\/#website"},"primaryImageOfPage":{"@id":"https:\/\/3coty.com\/es\/p\/24-turkey-goose-780\/#primaryimage"},"image":{"@id":"https:\/\/3coty.com\/es\/p\/24-turkey-goose-780\/#primaryimage"},"thumbnailUrl":"https:\/\/3coty.com\/wp-content\/uploads\/2025\/07\/3coty-p-24-780-01.jpg","datePublished":"2025-05-24T17:42:50+00:00","dateModified":"2026-03-11T15:48:52+00:00","breadcrumb":{"@id":"https:\/\/3coty.com\/es\/p\/24-turkey-goose-780\/#breadcrumb"},"inLanguage":"es-ES","potentialAction":[{"@type":"ReadAction","target":["https:\/\/3coty.com\/es\/p\/24-turkey-goose-780\/"]}]},{"@type":"ImageObject","inLanguage":"es-ES","@id":"https:\/\/3coty.com\/es\/p\/24-turkey-goose-780\/#primaryimage","url":"https:\/\/3coty.com\/wp-content\/uploads\/2025\/07\/3coty-p-24-780-01.jpg","contentUrl":"https:\/\/3coty.com\/wp-content\/uploads\/2025\/07\/3coty-p-24-780-01.jpg","width":1024,"height":1024},{"@type":"BreadcrumbList","@id":"https:\/\/3coty.com\/es\/p\/24-turkey-goose-780\/#breadcrumb","itemListElement":[{"@type":"ListItem","position":1,"name":"Home","item":"https:\/\/3coty.com\/es\/"},{"@type":"ListItem","position":2,"name":"TIENDA","item":"https:\/\/3coty.com\/es\/shop\/"},{"@type":"ListItem","position":3,"name":"24. PAVO + OCA 780"}]},{"@type":"WebSite","@id":"https:\/\/3coty.com\/es\/#website","url":"https:\/\/3coty.com\/es\/","name":"3coty\u00ae","description":"Meat-only Cat Food","publisher":{"@id":"https:\/\/3coty.com\/es\/#organization"},"potentialAction":[{"@type":"SearchAction","target":{"@type":"EntryPoint","urlTemplate":"https:\/\/3coty.com\/es\/?s={search_term_string}"},"query-input":{"@type":"PropertyValueSpecification","valueRequired":true,"valueName":"search_term_string"}}],"inLanguage":"es-ES"},{"@type":"Organization","@id":"https:\/\/3coty.com\/es\/#organization","name":"3coty\u00ae","alternateName":"3coty","url":"https:\/\/3coty.com\/es\/","logo":{"@type":"ImageObject","inLanguage":"es-ES","@id":"https:\/\/3coty.com\/es\/#\/schema\/logo\/image\/","url":"https:\/\/3coty.com\/wp-content\/uploads\/2025\/05\/icon-3coty-logo.svg","contentUrl":"https:\/\/3coty.com\/wp-content\/uploads\/2025\/05\/icon-3coty-logo.svg","width":283,"height":283,"caption":"3coty\u00ae"},"image":{"@id":"https:\/\/3coty.com\/es\/#\/schema\/logo\/image\/"},"sameAs":["https:\/\/www.facebook.com\/3coty","https:\/\/x.com\/3cotyCom","https:\/\/www.instagram.com\/3coty","https:\/\/www.linkedin.com\/company\/3coty","https:\/\/www.youtube.com\/@3coty"]}]},"product_price_amount":"10.35","product_price_currency":"EUR","og_availability":"instock","product_availability":"instock","product_retailer_item_id":"780T 24TG \/ 5901785316445","product_condition":"new"},"_links":{"self":[{"href":"https:\/\/3coty.com\/es\/wp-json\/wp\/v2\/product\/33297","targetHints":{"allow":["GET"]}}],"collection":[{"href":"https:\/\/3coty.com\/es\/wp-json\/wp\/v2\/product"}],"about":[{"href":"https:\/\/3coty.com\/es\/wp-json\/wp\/v2\/types\/product"}],"version-history":[{"count":4,"href":"https:\/\/3coty.com\/es\/wp-json\/wp\/v2\/product\/33297\/revisions"}],"predecessor-version":[{"id":52983,"href":"https:\/\/3coty.com\/es\/wp-json\/wp\/v2\/product\/33297\/revisions\/52983"}],"wp:featuredmedia":[{"embeddable":true,"href":"https:\/\/3coty.com\/es\/wp-json\/wp\/v2\/media\/52887"}],"wp:attachment":[{"href":"https:\/\/3coty.com\/es\/wp-json\/wp\/v2\/media?parent=33297"}],"wp:term":[{"taxonomy":"product_brand","embeddable":true,"href":"https:\/\/3coty.com\/es\/wp-json\/wp\/v2\/product_brand?post=33297"},{"taxonomy":"product_cat","embeddable":true,"href":"https:\/\/3coty.com\/es\/wp-json\/wp\/v2\/product_cat?post=33297"},{"taxonomy":"product_tag","embeddable":true,"href":"https:\/\/3coty.com\/es\/wp-json\/wp\/v2\/product_tag?post=33297"}],"curies":[{"name":"wp","href":"https:\/\/api.w.org\/{rel}","templated":true}]}}