{"id":33250,"date":"2025-05-23T11:10:43","date_gmt":"2025-05-23T11:10:43","guid":{"rendered":"https:\/\/3coty.com\/p\/06-goose-080\/"},"modified":"2026-03-17T18:45:12","modified_gmt":"2026-03-17T18:45:12","slug":"06-goose-080","status":"publish","type":"product","link":"https:\/\/3coty.com\/es\/p\/06-goose-080\/","title":{"rendered":"06. OCA 080"},"content":{"rendered":"<p><a href=\"https:\/\/3coty.com\/wp-content\/uploads\/2025\/07\/3coty-p-06-tab-1.svg\"><img fetchpriority=\"high\" decoding=\"async\" class=\"alignnone size-full wp-image-59919\" role=\"img\" src=\"https:\/\/3coty.com\/wp-content\/uploads\/2025\/07\/3coty-p-06-tab-1.svg\" alt=\"\" width=\"283\" height=\"283\" \/><\/a><\/p>\n<h2>ALIMENTACI\u00d3N COMPLETA Y NATURAL PARA GATOS 3COTY\u00ae<\/h2>\n<p><strong>INGREDIENTES DE CARNE 100% NATURALES y derivados animales cocinados en su propio caldo nutritivo<\/strong><\/p>\n<p>Elaborada con la carne m\u00e1s oscura de nuestra gama, esta variedad 100% ganso es un alimento monoproteico ideal para dietas de eliminaci\u00f3n, que tambi\u00e9n ayuda a controlar el peso del gato. Baja en grasa y rica en nutrientes, es adecuada para todos los gatos adultos y especialmente recomendada para gatos esterilizados. Se trata de un alimento h\u00famedo natural, completo y equilibrado, cuya disponibilidad puede verse afectada por la estacionalidad del ganso.<\/p>\n<p>El ganso es nuestra carne m\u00e1s magra. Muy nutritiva, es adecuada para gatos esterilizados y aquellos con necesidades de control de peso.<\/p>\n","protected":false},"excerpt":{"rendered":"<p><a href=\"https:\/\/3coty.com\/wp-content\/uploads\/2025\/07\/3coty-p-06-description-1.svg\"><img decoding=\"async\" class=\"alignnone wp-image-59883\" role=\"img\" src=\"https:\/\/3coty.com\/wp-content\/uploads\/2025\/07\/3coty-p-06-description-1.svg\" alt=\"\" width=\"350\" \/><\/a><\/p>\n<p><strong>PARA GATOS ESTERILIZADOS Y ADULTOS<\/strong>\u00a0| CORONILLA | ALIMENTACI\u00d3N MONOPROTEICA PARA GATOS<\/p>\n<p><a href=\"https:\/\/3coty.com\/wp-content\/uploads\/2025\/07\/3coty-p-06-description-2.svg\"><img decoding=\"async\" class=\"alignnone size-full wp-image-59901\" role=\"img\" src=\"https:\/\/3coty.com\/wp-content\/uploads\/2025\/07\/3coty-p-06-description-2.svg\" alt=\"\" width=\"506\" height=\"85\" \/><\/a><\/p>\n","protected":false},"featured_media":59971,"template":"","meta":{"_acf_changed":false},"product_brand":[1952],"product_cat":[354,370],"product_tag":[830],"class_list":{"0":"post-33250","1":"product","2":"type-product","3":"status-publish","4":"has-post-thumbnail","6":"product_brand-3coty","7":"product_cat-for-adult-cats","8":"product_cat-for-sterilised-cats","9":"product_tag-06go","11":"first","12":"instock","13":"featured","14":"taxable","15":"shipping-taxable","16":"purchasable","17":"product-type-simple"},"acf":[],"yoast_head":"<!-- This site is optimized with the Yoast SEO Premium plugin v27.4 (Yoast SEO v27.4) - https:\/\/yoast.com\/product\/yoast-seo-premium-wordpress\/ -->\n<title>06. OCA 080 (80g) | Para gatos adultos | 3coty\u00ae Comida Natural para Gatos 100% Carne<\/title>\n<meta name=\"description\" content=\"Este alimento h\u00famedo monoproteico 100% oca est\u00e1 elaborado con carne oscura naturalmente baja en grasa y rica en nutrientes. Es adecuado para todos los gatos adultos y es ideal para gatos esterilizados y para dietas de eliminaci\u00f3n mientras ayuda a controlar el peso. Un alimento natural completo y equilibrado de 3coty\u00ae hecho \u00fanicamente con carne.\" \/>\n<meta name=\"robots\" content=\"index, follow, max-snippet:-1, max-image-preview:large, max-video-preview:-1\" \/>\n<link rel=\"canonical\" href=\"https:\/\/3coty.com\/es\/p\/06-goose-080\/\" \/>\n<meta property=\"og:locale\" content=\"es_ES\" \/>\n<meta property=\"og:type\" content=\"article\" \/>\n<meta property=\"og:title\" content=\"06. OCA 080 (80g) | Para gatos adultos | 3coty\u00ae Comida Natural para Gatos 100% Carne\" \/>\n<meta property=\"og:description\" content=\"Este alimento h\u00famedo monoproteico 100% oca est\u00e1 elaborado con carne oscura naturalmente baja en grasa y rica en nutrientes. Es adecuado para todos los gatos adultos y es ideal para gatos esterilizados y para dietas de eliminaci\u00f3n mientras ayuda a controlar el peso. Un alimento natural completo y equilibrado de 3coty\u00ae hecho \u00fanicamente con carne.\" \/>\n<meta property=\"og:url\" content=\"https:\/\/3coty.com\/es\/p\/06-goose-080\/\" \/>\n<meta property=\"og:site_name\" content=\"3coty\u00ae\" \/>\n<meta property=\"article:publisher\" content=\"https:\/\/www.facebook.com\/3coty\" \/>\n<meta property=\"article:modified_time\" content=\"2026-03-17T18:45:12+00:00\" \/>\n<meta property=\"og:image\" content=\"https:\/\/3coty.com\/wp-content\/uploads\/2025\/12\/3coty-06-goose-080-meat-only-cat-food.jpg\" \/>\n\t<meta property=\"og:image:width\" content=\"1200\" \/>\n\t<meta property=\"og:image:height\" content=\"630\" \/>\n\t<meta property=\"og:image:type\" content=\"image\/jpeg\" \/>\n<meta name=\"twitter:card\" content=\"summary_large_image\" \/>\n<meta name=\"twitter:title\" content=\"06. OCA 080 (80g) | Para gatos adultos | 3coty\u00ae Comida Natural para Gatos 100% Carne\" \/>\n<meta name=\"twitter:description\" content=\"Este alimento h\u00famedo monoproteico 100% oca est\u00e1 elaborado con carne oscura naturalmente baja en grasa y rica en nutrientes. Es adecuado para todos los gatos adultos y es ideal para gatos esterilizados y para dietas de eliminaci\u00f3n mientras ayuda a controlar el peso. Un alimento natural completo y equilibrado de 3coty\u00ae hecho \u00fanicamente con carne.\" \/>\n<meta name=\"twitter:image\" content=\"https:\/\/3coty.com\/wp-content\/uploads\/2025\/12\/3coty-06-goose-080-meat-only-cat-food.jpg\" \/>\n<meta name=\"twitter:site\" content=\"@3cotyCom\" \/>\n<meta name=\"twitter:label1\" content=\"Price\" \/>\n\t<meta name=\"twitter:data1\" content=\"\u20ac&nbsp;3.00\" \/>\n\t<meta name=\"twitter:label2\" content=\"Availability\" \/>\n\t<meta name=\"twitter:data2\" content=\"In stock\" \/>\n<script type=\"application\/ld+json\" class=\"yoast-schema-graph\">{\"@context\":\"https:\\\/\\\/schema.org\",\"@graph\":[{\"@type\":\"WebPage\",\"@id\":\"https:\\\/\\\/3coty.com\\\/es\\\/p\\\/06-goose-080\\\/\",\"url\":\"https:\\\/\\\/3coty.com\\\/es\\\/p\\\/06-goose-080\\\/\",\"name\":\"06. OCA 080 (80g) | Para gatos adultos | 3coty\u00ae Comida Natural para Gatos 100% Carne\",\"isPartOf\":{\"@id\":\"https:\\\/\\\/3coty.com\\\/es\\\/#website\"},\"primaryImageOfPage\":{\"@id\":\"https:\\\/\\\/3coty.com\\\/es\\\/p\\\/06-goose-080\\\/#primaryimage\"},\"image\":{\"@id\":\"https:\\\/\\\/3coty.com\\\/es\\\/p\\\/06-goose-080\\\/#primaryimage\"},\"thumbnailUrl\":\"https:\\\/\\\/3coty.com\\\/wp-content\\\/uploads\\\/2025\\\/07\\\/3coty-p-06-080-01.jpg\",\"datePublished\":\"2025-05-23T11:10:43+00:00\",\"dateModified\":\"2026-03-17T18:45:12+00:00\",\"description\":\"Este alimento h\u00famedo monoproteico 100% oca est\u00e1 elaborado con carne oscura naturalmente baja en grasa y rica en nutrientes. Es adecuado para todos los gatos adultos y es ideal para gatos esterilizados y para dietas de eliminaci\u00f3n mientras ayuda a controlar el peso. Un alimento natural completo y equilibrado de 3coty\u00ae hecho \u00fanicamente con carne.\",\"breadcrumb\":{\"@id\":\"https:\\\/\\\/3coty.com\\\/es\\\/p\\\/06-goose-080\\\/#breadcrumb\"},\"inLanguage\":\"es-ES\",\"potentialAction\":[{\"@type\":\"ReadAction\",\"target\":[\"https:\\\/\\\/3coty.com\\\/es\\\/p\\\/06-goose-080\\\/\"]}]},{\"@type\":\"ImageObject\",\"inLanguage\":\"es-ES\",\"@id\":\"https:\\\/\\\/3coty.com\\\/es\\\/p\\\/06-goose-080\\\/#primaryimage\",\"url\":\"https:\\\/\\\/3coty.com\\\/wp-content\\\/uploads\\\/2025\\\/07\\\/3coty-p-06-080-01.jpg\",\"contentUrl\":\"https:\\\/\\\/3coty.com\\\/wp-content\\\/uploads\\\/2025\\\/07\\\/3coty-p-06-080-01.jpg\",\"width\":1024,\"height\":1024},{\"@type\":\"BreadcrumbList\",\"@id\":\"https:\\\/\\\/3coty.com\\\/es\\\/p\\\/06-goose-080\\\/#breadcrumb\",\"itemListElement\":[{\"@type\":\"ListItem\",\"position\":1,\"name\":\"Home\",\"item\":\"https:\\\/\\\/3coty.com\\\/es\\\/\"},{\"@type\":\"ListItem\",\"position\":2,\"name\":\"TIENDA\",\"item\":\"https:\\\/\\\/3coty.com\\\/es\\\/shop\\\/\"},{\"@type\":\"ListItem\",\"position\":3,\"name\":\"06. OCA 080\"}]},{\"@type\":\"WebSite\",\"@id\":\"https:\\\/\\\/3coty.com\\\/es\\\/#website\",\"url\":\"https:\\\/\\\/3coty.com\\\/es\\\/\",\"name\":\"3coty\u00ae\",\"description\":\"Meat-only Cat Food\",\"publisher\":{\"@id\":\"https:\\\/\\\/3coty.com\\\/es\\\/#organization\"},\"potentialAction\":[{\"@type\":\"SearchAction\",\"target\":{\"@type\":\"EntryPoint\",\"urlTemplate\":\"https:\\\/\\\/3coty.com\\\/es\\\/?s={search_term_string}\"},\"query-input\":{\"@type\":\"PropertyValueSpecification\",\"valueRequired\":true,\"valueName\":\"search_term_string\"}}],\"inLanguage\":\"es-ES\"},{\"@type\":\"Organization\",\"@id\":\"https:\\\/\\\/3coty.com\\\/es\\\/#organization\",\"name\":\"3coty\u00ae\",\"alternateName\":\"3coty\",\"url\":\"https:\\\/\\\/3coty.com\\\/es\\\/\",\"logo\":{\"@type\":\"ImageObject\",\"inLanguage\":\"es-ES\",\"@id\":\"https:\\\/\\\/3coty.com\\\/es\\\/#\\\/schema\\\/logo\\\/image\\\/\",\"url\":\"https:\\\/\\\/3coty.com\\\/wp-content\\\/uploads\\\/2025\\\/05\\\/icon-3coty-logo.svg\",\"contentUrl\":\"https:\\\/\\\/3coty.com\\\/wp-content\\\/uploads\\\/2025\\\/05\\\/icon-3coty-logo.svg\",\"width\":283,\"height\":283,\"caption\":\"3coty\u00ae\"},\"image\":{\"@id\":\"https:\\\/\\\/3coty.com\\\/es\\\/#\\\/schema\\\/logo\\\/image\\\/\"},\"sameAs\":[\"https:\\\/\\\/www.facebook.com\\\/3coty\",\"https:\\\/\\\/x.com\\\/3cotyCom\",\"https:\\\/\\\/www.instagram.com\\\/3coty\",\"https:\\\/\\\/www.linkedin.com\\\/company\\\/3coty\",\"https:\\\/\\\/www.youtube.com\\\/@3coty\"]}]}<\/script>\n<meta property=\"product:price:amount\" content=\"3.00\" \/>\n<meta property=\"product:price:currency\" content=\"EUR\" \/>\n<meta property=\"og:availability\" content=\"instock\" \/>\n<meta property=\"product:availability\" content=\"instock\" \/>\n<meta property=\"product:retailer_item_id\" content=\"080T 06GO \/ 5901785317237\" \/>\n<meta property=\"product:condition\" content=\"new\" \/>\n<!-- \/ Yoast SEO Premium plugin. -->","yoast_head_json":{"title":"06. OCA 080 (80g) | Para gatos adultos | 3coty\u00ae Comida Natural para Gatos 100% Carne","description":"Este alimento h\u00famedo monoproteico 100% oca est\u00e1 elaborado con carne oscura naturalmente baja en grasa y rica en nutrientes. Es adecuado para todos los gatos adultos y es ideal para gatos esterilizados y para dietas de eliminaci\u00f3n mientras ayuda a controlar el peso. Un alimento natural completo y equilibrado de 3coty\u00ae hecho \u00fanicamente con carne.","robots":{"index":"index","follow":"follow","max-snippet":"max-snippet:-1","max-image-preview":"max-image-preview:large","max-video-preview":"max-video-preview:-1"},"canonical":"https:\/\/3coty.com\/es\/p\/06-goose-080\/","og_locale":"es_ES","og_type":"article","og_title":"06. OCA 080 (80g) | Para gatos adultos | 3coty\u00ae Comida Natural para Gatos 100% Carne","og_description":"Este alimento h\u00famedo monoproteico 100% oca est\u00e1 elaborado con carne oscura naturalmente baja en grasa y rica en nutrientes. Es adecuado para todos los gatos adultos y es ideal para gatos esterilizados y para dietas de eliminaci\u00f3n mientras ayuda a controlar el peso. Un alimento natural completo y equilibrado de 3coty\u00ae hecho \u00fanicamente con carne.","og_url":"https:\/\/3coty.com\/es\/p\/06-goose-080\/","og_site_name":"3coty\u00ae","article_publisher":"https:\/\/www.facebook.com\/3coty","article_modified_time":"2026-03-17T18:45:12+00:00","og_image":[{"width":1200,"height":630,"url":"https:\/\/3coty.com\/wp-content\/uploads\/2025\/12\/3coty-06-goose-080-meat-only-cat-food.jpg","type":"image\/jpeg"}],"twitter_card":"summary_large_image","twitter_title":"06. OCA 080 (80g) | Para gatos adultos | 3coty\u00ae Comida Natural para Gatos 100% Carne","twitter_description":"Este alimento h\u00famedo monoproteico 100% oca est\u00e1 elaborado con carne oscura naturalmente baja en grasa y rica en nutrientes. Es adecuado para todos los gatos adultos y es ideal para gatos esterilizados y para dietas de eliminaci\u00f3n mientras ayuda a controlar el peso. Un alimento natural completo y equilibrado de 3coty\u00ae hecho \u00fanicamente con carne.","twitter_image":"https:\/\/3coty.com\/wp-content\/uploads\/2025\/12\/3coty-06-goose-080-meat-only-cat-food.jpg","twitter_site":"@3cotyCom","twitter_misc":{"Price":"\u20ac&nbsp;3.00","Availability":"In stock"},"schema":{"@context":"https:\/\/schema.org","@graph":[{"@type":"WebPage","@id":"https:\/\/3coty.com\/es\/p\/06-goose-080\/","url":"https:\/\/3coty.com\/es\/p\/06-goose-080\/","name":"06. OCA 080 (80g) | Para gatos adultos | 3coty\u00ae Comida Natural para Gatos 100% Carne","isPartOf":{"@id":"https:\/\/3coty.com\/es\/#website"},"primaryImageOfPage":{"@id":"https:\/\/3coty.com\/es\/p\/06-goose-080\/#primaryimage"},"image":{"@id":"https:\/\/3coty.com\/es\/p\/06-goose-080\/#primaryimage"},"thumbnailUrl":"https:\/\/3coty.com\/wp-content\/uploads\/2025\/07\/3coty-p-06-080-01.jpg","datePublished":"2025-05-23T11:10:43+00:00","dateModified":"2026-03-17T18:45:12+00:00","description":"Este alimento h\u00famedo monoproteico 100% oca est\u00e1 elaborado con carne oscura naturalmente baja en grasa y rica en nutrientes. Es adecuado para todos los gatos adultos y es ideal para gatos esterilizados y para dietas de eliminaci\u00f3n mientras ayuda a controlar el peso. Un alimento natural completo y equilibrado de 3coty\u00ae hecho \u00fanicamente con carne.","breadcrumb":{"@id":"https:\/\/3coty.com\/es\/p\/06-goose-080\/#breadcrumb"},"inLanguage":"es-ES","potentialAction":[{"@type":"ReadAction","target":["https:\/\/3coty.com\/es\/p\/06-goose-080\/"]}]},{"@type":"ImageObject","inLanguage":"es-ES","@id":"https:\/\/3coty.com\/es\/p\/06-goose-080\/#primaryimage","url":"https:\/\/3coty.com\/wp-content\/uploads\/2025\/07\/3coty-p-06-080-01.jpg","contentUrl":"https:\/\/3coty.com\/wp-content\/uploads\/2025\/07\/3coty-p-06-080-01.jpg","width":1024,"height":1024},{"@type":"BreadcrumbList","@id":"https:\/\/3coty.com\/es\/p\/06-goose-080\/#breadcrumb","itemListElement":[{"@type":"ListItem","position":1,"name":"Home","item":"https:\/\/3coty.com\/es\/"},{"@type":"ListItem","position":2,"name":"TIENDA","item":"https:\/\/3coty.com\/es\/shop\/"},{"@type":"ListItem","position":3,"name":"06. OCA 080"}]},{"@type":"WebSite","@id":"https:\/\/3coty.com\/es\/#website","url":"https:\/\/3coty.com\/es\/","name":"3coty\u00ae","description":"Meat-only Cat Food","publisher":{"@id":"https:\/\/3coty.com\/es\/#organization"},"potentialAction":[{"@type":"SearchAction","target":{"@type":"EntryPoint","urlTemplate":"https:\/\/3coty.com\/es\/?s={search_term_string}"},"query-input":{"@type":"PropertyValueSpecification","valueRequired":true,"valueName":"search_term_string"}}],"inLanguage":"es-ES"},{"@type":"Organization","@id":"https:\/\/3coty.com\/es\/#organization","name":"3coty\u00ae","alternateName":"3coty","url":"https:\/\/3coty.com\/es\/","logo":{"@type":"ImageObject","inLanguage":"es-ES","@id":"https:\/\/3coty.com\/es\/#\/schema\/logo\/image\/","url":"https:\/\/3coty.com\/wp-content\/uploads\/2025\/05\/icon-3coty-logo.svg","contentUrl":"https:\/\/3coty.com\/wp-content\/uploads\/2025\/05\/icon-3coty-logo.svg","width":283,"height":283,"caption":"3coty\u00ae"},"image":{"@id":"https:\/\/3coty.com\/es\/#\/schema\/logo\/image\/"},"sameAs":["https:\/\/www.facebook.com\/3coty","https:\/\/x.com\/3cotyCom","https:\/\/www.instagram.com\/3coty","https:\/\/www.linkedin.com\/company\/3coty","https:\/\/www.youtube.com\/@3coty"]}]},"product_price_amount":"3.00","product_price_currency":"EUR","og_availability":"instock","product_availability":"instock","product_retailer_item_id":"080T 06GO \/ 5901785317237","product_condition":"new"},"_links":{"self":[{"href":"https:\/\/3coty.com\/es\/wp-json\/wp\/v2\/product\/33250","targetHints":{"allow":["GET"]}}],"collection":[{"href":"https:\/\/3coty.com\/es\/wp-json\/wp\/v2\/product"}],"about":[{"href":"https:\/\/3coty.com\/es\/wp-json\/wp\/v2\/types\/product"}],"version-history":[{"count":4,"href":"https:\/\/3coty.com\/es\/wp-json\/wp\/v2\/product\/33250\/revisions"}],"predecessor-version":[{"id":60334,"href":"https:\/\/3coty.com\/es\/wp-json\/wp\/v2\/product\/33250\/revisions\/60334"}],"wp:featuredmedia":[{"embeddable":true,"href":"https:\/\/3coty.com\/es\/wp-json\/wp\/v2\/media\/59971"}],"wp:attachment":[{"href":"https:\/\/3coty.com\/es\/wp-json\/wp\/v2\/media?parent=33250"}],"wp:term":[{"taxonomy":"product_brand","embeddable":true,"href":"https:\/\/3coty.com\/es\/wp-json\/wp\/v2\/product_brand?post=33250"},{"taxonomy":"product_cat","embeddable":true,"href":"https:\/\/3coty.com\/es\/wp-json\/wp\/v2\/product_cat?post=33250"},{"taxonomy":"product_tag","embeddable":true,"href":"https:\/\/3coty.com\/es\/wp-json\/wp\/v2\/product_tag?post=33250"}],"curies":[{"name":"wp","href":"https:\/\/api.w.org\/{rel}","templated":true}]}}