{"id":33238,"date":"2025-05-19T17:28:40","date_gmt":"2025-05-19T17:28:40","guid":{"rendered":"https:\/\/3coty.com\/p\/03-chicken-080\/"},"modified":"2026-04-16T03:45:44","modified_gmt":"2026-04-16T03:45:44","slug":"03-chicken-080","status":"publish","type":"product","link":"https:\/\/3coty.com\/es\/p\/03-chicken-080\/","title":{"rendered":"03. POLLO 080"},"content":{"rendered":"<p><a href=\"https:\/\/3coty.com\/wp-content\/uploads\/2025\/07\/3coty-p-03-tab-1.svg\"><img fetchpriority=\"high\" decoding=\"async\" class=\"alignnone size-full wp-image-61964\" role=\"img\" src=\"https:\/\/3coty.com\/wp-content\/uploads\/2025\/07\/3coty-p-03-tab-1.svg\" alt=\"\" width=\"283\" height=\"283\" \/><\/a><\/p>\n<h2>ALIMENTACI\u00d3N COMPLETA Y NATURAL PARA GATOS 3COTY\u00ae<\/h2>\n<p><strong>INGREDIENTES DE CARNE 100% NATURALES y derivados animales cocinados en su propio caldo nutritivo<\/strong><\/p>\n<p>Este sabor 100% pollo tiene un alto contenido de carne muscular, lo que lo hace f\u00e1cil de digerir. Es ideal para ayudar a los gatos a hacer la transici\u00f3n hacia una dieta exclusivamente c\u00e1rnica, ya sea desde el pienso seco o desde una alimentaci\u00f3n B.A.R.F. Tiene el mismo sabor que nuestro producto 33. POLLO para gatitos, pero en esta versi\u00f3n para gatos adultos los trozos de carne son m\u00e1s grandes. Es el alimento perfecto para los gatos que adoran el pollo. Este sabor fue el primer producto que lanzamos como opci\u00f3n monoproteica apta para una dieta de eliminaci\u00f3n.<\/p>\n<p>Uno de los favoritos de muchos gatos, este sabor 100% pollo se elabora con muslos y v\u00edsceras de pollo. Es un alimento exclusivamente c\u00e1rnico, delicado y f\u00e1cil de digerir.<\/p>\n","protected":false},"excerpt":{"rendered":"<p><a href=\"https:\/\/3coty.com\/wp-content\/uploads\/2025\/07\/3coty-p-03-description-1.svg\"><img decoding=\"async\" class=\"alignnone size-medium wp-image-61928\" role=\"img\" src=\"https:\/\/3coty.com\/wp-content\/uploads\/2025\/07\/3coty-p-03-description-1.svg\" alt=\"\" width=\"300\" height=\"300\" \/><\/a><\/p>\n<p><strong>PARA GATOS ADULTOS<\/strong> | CORONILLA | ALIMENTACI\u00d3N MONOPROTEICA PARA GATOS<\/p>\n<p><a href=\"https:\/\/3coty.com\/wp-content\/uploads\/2025\/07\/3coty-p-03-description-2.svg\"><img decoding=\"async\" class=\"alignnone size-full wp-image-61946\" role=\"img\" src=\"https:\/\/3coty.com\/wp-content\/uploads\/2025\/07\/3coty-p-03-description-2.svg\" alt=\"\" width=\"506\" height=\"85\" \/><\/a><\/p>\n","protected":false},"featured_media":62016,"template":"","meta":{"_acf_changed":false},"product_brand":[1952],"product_cat":[354],"product_tag":[784],"class_list":{"0":"post-33238","1":"product","2":"type-product","3":"status-publish","4":"has-post-thumbnail","6":"product_brand-3coty","7":"product_cat-for-adult-cats","8":"product_tag-03ch","10":"first","11":"instock","12":"featured","13":"taxable","14":"shipping-taxable","15":"purchasable","16":"product-type-simple"},"acf":[],"yoast_head":"<!-- This site is optimized with the Yoast SEO Premium plugin v27.4 (Yoast SEO v27.4) - https:\/\/yoast.com\/product\/yoast-seo-premium-wordpress\/ -->\n<title>03. POLLO 080 (80g) | Para gatos adultos | 3coty\u00ae Comida Natural para Gatos 100% Carne<\/title>\n<meta name=\"description\" content=\"Carne de pollo deliciosamente preparada. Alimentaci\u00f3n natural completa y equilibrada monoproteica para gatos adultos con una dieta solo de carne. Pollo 100%.\" \/>\n<meta name=\"robots\" content=\"index, follow, max-snippet:-1, max-image-preview:large, max-video-preview:-1\" \/>\n<link rel=\"canonical\" href=\"https:\/\/3coty.com\/es\/p\/03-chicken-080\/\" \/>\n<meta property=\"og:locale\" content=\"es_ES\" \/>\n<meta property=\"og:type\" content=\"article\" \/>\n<meta property=\"og:title\" content=\"03. POLLO 080 (80g) | Para gatos adultos | 3coty\u00ae Comida Natural para Gatos 100% Carne\" \/>\n<meta property=\"og:description\" content=\"Carne de pollo deliciosamente preparada. Alimentaci\u00f3n natural completa y equilibrada monoproteica para gatos adultos con una dieta solo de carne. Pollo 100%.\" \/>\n<meta property=\"og:url\" content=\"https:\/\/3coty.com\/es\/p\/03-chicken-080\/\" \/>\n<meta property=\"og:site_name\" content=\"3coty\u00ae\" \/>\n<meta property=\"article:publisher\" content=\"https:\/\/www.facebook.com\/3coty\" \/>\n<meta property=\"article:modified_time\" content=\"2026-04-16T03:45:44+00:00\" \/>\n<meta property=\"og:image\" content=\"https:\/\/3coty.com\/wp-content\/uploads\/2025\/10\/3coty-03-chicken-080-meat-only-cat-food.jpg\" \/>\n\t<meta property=\"og:image:width\" content=\"1200\" \/>\n\t<meta property=\"og:image:height\" content=\"630\" \/>\n\t<meta property=\"og:image:type\" content=\"image\/jpeg\" \/>\n<meta name=\"twitter:card\" content=\"summary_large_image\" \/>\n<meta name=\"twitter:title\" content=\"03. POLLO 080 (80g) | Para gatos adultos | 3coty\u00ae Comida Natural para Gatos 100% Carne\" \/>\n<meta name=\"twitter:description\" content=\"Carne de pollo deliciosamente preparada. Alimentaci\u00f3n natural completa y equilibrada monoproteica para gatos adultos con una dieta solo de carne. Pollo 100%.\" \/>\n<meta name=\"twitter:image\" content=\"https:\/\/3coty.com\/wp-content\/uploads\/2025\/10\/3coty-03-chicken-080-meat-only-cat-food.jpg\" \/>\n<meta name=\"twitter:site\" content=\"@3cotyCom\" \/>\n<meta name=\"twitter:label1\" content=\"Price\" \/>\n\t<meta name=\"twitter:data1\" content=\"\u20ac&nbsp;2.00\" \/>\n\t<meta name=\"twitter:label2\" content=\"Availability\" \/>\n\t<meta name=\"twitter:data2\" content=\"In stock\" \/>\n<script type=\"application\/ld+json\" class=\"yoast-schema-graph\">{\"@context\":\"https:\\\/\\\/schema.org\",\"@graph\":[{\"@type\":\"WebPage\",\"@id\":\"https:\\\/\\\/3coty.com\\\/es\\\/p\\\/03-chicken-080\\\/\",\"url\":\"https:\\\/\\\/3coty.com\\\/es\\\/p\\\/03-chicken-080\\\/\",\"name\":\"03. POLLO 080 (80g) | Para gatos adultos | 3coty\u00ae Comida Natural para Gatos 100% Carne\",\"isPartOf\":{\"@id\":\"https:\\\/\\\/3coty.com\\\/es\\\/#website\"},\"primaryImageOfPage\":{\"@id\":\"https:\\\/\\\/3coty.com\\\/es\\\/p\\\/03-chicken-080\\\/#primaryimage\"},\"image\":{\"@id\":\"https:\\\/\\\/3coty.com\\\/es\\\/p\\\/03-chicken-080\\\/#primaryimage\"},\"thumbnailUrl\":\"https:\\\/\\\/3coty.com\\\/wp-content\\\/uploads\\\/2025\\\/07\\\/3coty-p-03-080-01.jpg\",\"datePublished\":\"2025-05-19T17:28:40+00:00\",\"dateModified\":\"2026-04-16T03:45:44+00:00\",\"description\":\"Carne de pollo deliciosamente preparada. Alimentaci\u00f3n natural completa y equilibrada monoproteica para gatos adultos con una dieta solo de carne. Pollo 100%.\",\"breadcrumb\":{\"@id\":\"https:\\\/\\\/3coty.com\\\/es\\\/p\\\/03-chicken-080\\\/#breadcrumb\"},\"inLanguage\":\"es-ES\",\"potentialAction\":[{\"@type\":\"ReadAction\",\"target\":[\"https:\\\/\\\/3coty.com\\\/es\\\/p\\\/03-chicken-080\\\/\"]}]},{\"@type\":\"ImageObject\",\"inLanguage\":\"es-ES\",\"@id\":\"https:\\\/\\\/3coty.com\\\/es\\\/p\\\/03-chicken-080\\\/#primaryimage\",\"url\":\"https:\\\/\\\/3coty.com\\\/wp-content\\\/uploads\\\/2025\\\/07\\\/3coty-p-03-080-01.jpg\",\"contentUrl\":\"https:\\\/\\\/3coty.com\\\/wp-content\\\/uploads\\\/2025\\\/07\\\/3coty-p-03-080-01.jpg\",\"width\":1024,\"height\":1024},{\"@type\":\"BreadcrumbList\",\"@id\":\"https:\\\/\\\/3coty.com\\\/es\\\/p\\\/03-chicken-080\\\/#breadcrumb\",\"itemListElement\":[{\"@type\":\"ListItem\",\"position\":1,\"name\":\"Home\",\"item\":\"https:\\\/\\\/3coty.com\\\/es\\\/\"},{\"@type\":\"ListItem\",\"position\":2,\"name\":\"TIENDA\",\"item\":\"https:\\\/\\\/3coty.com\\\/es\\\/shop\\\/\"},{\"@type\":\"ListItem\",\"position\":3,\"name\":\"03. POLLO 080\"}]},{\"@type\":\"WebSite\",\"@id\":\"https:\\\/\\\/3coty.com\\\/es\\\/#website\",\"url\":\"https:\\\/\\\/3coty.com\\\/es\\\/\",\"name\":\"3coty\u00ae\",\"description\":\"Meat-only Cat Food\",\"publisher\":{\"@id\":\"https:\\\/\\\/3coty.com\\\/es\\\/#organization\"},\"potentialAction\":[{\"@type\":\"SearchAction\",\"target\":{\"@type\":\"EntryPoint\",\"urlTemplate\":\"https:\\\/\\\/3coty.com\\\/es\\\/?s={search_term_string}\"},\"query-input\":{\"@type\":\"PropertyValueSpecification\",\"valueRequired\":true,\"valueName\":\"search_term_string\"}}],\"inLanguage\":\"es-ES\"},{\"@type\":\"Organization\",\"@id\":\"https:\\\/\\\/3coty.com\\\/es\\\/#organization\",\"name\":\"3coty\u00ae\",\"alternateName\":\"3coty\",\"url\":\"https:\\\/\\\/3coty.com\\\/es\\\/\",\"logo\":{\"@type\":\"ImageObject\",\"inLanguage\":\"es-ES\",\"@id\":\"https:\\\/\\\/3coty.com\\\/es\\\/#\\\/schema\\\/logo\\\/image\\\/\",\"url\":\"https:\\\/\\\/3coty.com\\\/wp-content\\\/uploads\\\/2025\\\/05\\\/icon-3coty-logo.svg\",\"contentUrl\":\"https:\\\/\\\/3coty.com\\\/wp-content\\\/uploads\\\/2025\\\/05\\\/icon-3coty-logo.svg\",\"width\":283,\"height\":283,\"caption\":\"3coty\u00ae\"},\"image\":{\"@id\":\"https:\\\/\\\/3coty.com\\\/es\\\/#\\\/schema\\\/logo\\\/image\\\/\"},\"sameAs\":[\"https:\\\/\\\/www.facebook.com\\\/3coty\",\"https:\\\/\\\/x.com\\\/3cotyCom\",\"https:\\\/\\\/www.instagram.com\\\/3coty\",\"https:\\\/\\\/www.linkedin.com\\\/company\\\/3coty\",\"https:\\\/\\\/www.youtube.com\\\/@3coty\"]}]}<\/script>\n<meta property=\"product:price:amount\" content=\"2.00\" \/>\n<meta property=\"product:price:currency\" content=\"EUR\" \/>\n<meta property=\"og:availability\" content=\"instock\" \/>\n<meta property=\"product:availability\" content=\"instock\" \/>\n<meta property=\"product:retailer_item_id\" content=\"080T 03CH \/ 5901785315707\" \/>\n<meta property=\"product:condition\" content=\"new\" \/>\n<!-- \/ Yoast SEO Premium plugin. -->","yoast_head_json":{"title":"03. POLLO 080 (80g) | Para gatos adultos | 3coty\u00ae Comida Natural para Gatos 100% Carne","description":"Carne de pollo deliciosamente preparada. Alimentaci\u00f3n natural completa y equilibrada monoproteica para gatos adultos con una dieta solo de carne. Pollo 100%.","robots":{"index":"index","follow":"follow","max-snippet":"max-snippet:-1","max-image-preview":"max-image-preview:large","max-video-preview":"max-video-preview:-1"},"canonical":"https:\/\/3coty.com\/es\/p\/03-chicken-080\/","og_locale":"es_ES","og_type":"article","og_title":"03. POLLO 080 (80g) | Para gatos adultos | 3coty\u00ae Comida Natural para Gatos 100% Carne","og_description":"Carne de pollo deliciosamente preparada. Alimentaci\u00f3n natural completa y equilibrada monoproteica para gatos adultos con una dieta solo de carne. Pollo 100%.","og_url":"https:\/\/3coty.com\/es\/p\/03-chicken-080\/","og_site_name":"3coty\u00ae","article_publisher":"https:\/\/www.facebook.com\/3coty","article_modified_time":"2026-04-16T03:45:44+00:00","og_image":[{"width":1200,"height":630,"url":"https:\/\/3coty.com\/wp-content\/uploads\/2025\/10\/3coty-03-chicken-080-meat-only-cat-food.jpg","type":"image\/jpeg"}],"twitter_card":"summary_large_image","twitter_title":"03. POLLO 080 (80g) | Para gatos adultos | 3coty\u00ae Comida Natural para Gatos 100% Carne","twitter_description":"Carne de pollo deliciosamente preparada. Alimentaci\u00f3n natural completa y equilibrada monoproteica para gatos adultos con una dieta solo de carne. Pollo 100%.","twitter_image":"https:\/\/3coty.com\/wp-content\/uploads\/2025\/10\/3coty-03-chicken-080-meat-only-cat-food.jpg","twitter_site":"@3cotyCom","twitter_misc":{"Price":"\u20ac&nbsp;2.00","Availability":"In stock"},"schema":{"@context":"https:\/\/schema.org","@graph":[{"@type":"WebPage","@id":"https:\/\/3coty.com\/es\/p\/03-chicken-080\/","url":"https:\/\/3coty.com\/es\/p\/03-chicken-080\/","name":"03. POLLO 080 (80g) | Para gatos adultos | 3coty\u00ae Comida Natural para Gatos 100% Carne","isPartOf":{"@id":"https:\/\/3coty.com\/es\/#website"},"primaryImageOfPage":{"@id":"https:\/\/3coty.com\/es\/p\/03-chicken-080\/#primaryimage"},"image":{"@id":"https:\/\/3coty.com\/es\/p\/03-chicken-080\/#primaryimage"},"thumbnailUrl":"https:\/\/3coty.com\/wp-content\/uploads\/2025\/07\/3coty-p-03-080-01.jpg","datePublished":"2025-05-19T17:28:40+00:00","dateModified":"2026-04-16T03:45:44+00:00","description":"Carne de pollo deliciosamente preparada. Alimentaci\u00f3n natural completa y equilibrada monoproteica para gatos adultos con una dieta solo de carne. Pollo 100%.","breadcrumb":{"@id":"https:\/\/3coty.com\/es\/p\/03-chicken-080\/#breadcrumb"},"inLanguage":"es-ES","potentialAction":[{"@type":"ReadAction","target":["https:\/\/3coty.com\/es\/p\/03-chicken-080\/"]}]},{"@type":"ImageObject","inLanguage":"es-ES","@id":"https:\/\/3coty.com\/es\/p\/03-chicken-080\/#primaryimage","url":"https:\/\/3coty.com\/wp-content\/uploads\/2025\/07\/3coty-p-03-080-01.jpg","contentUrl":"https:\/\/3coty.com\/wp-content\/uploads\/2025\/07\/3coty-p-03-080-01.jpg","width":1024,"height":1024},{"@type":"BreadcrumbList","@id":"https:\/\/3coty.com\/es\/p\/03-chicken-080\/#breadcrumb","itemListElement":[{"@type":"ListItem","position":1,"name":"Home","item":"https:\/\/3coty.com\/es\/"},{"@type":"ListItem","position":2,"name":"TIENDA","item":"https:\/\/3coty.com\/es\/shop\/"},{"@type":"ListItem","position":3,"name":"03. POLLO 080"}]},{"@type":"WebSite","@id":"https:\/\/3coty.com\/es\/#website","url":"https:\/\/3coty.com\/es\/","name":"3coty\u00ae","description":"Meat-only Cat Food","publisher":{"@id":"https:\/\/3coty.com\/es\/#organization"},"potentialAction":[{"@type":"SearchAction","target":{"@type":"EntryPoint","urlTemplate":"https:\/\/3coty.com\/es\/?s={search_term_string}"},"query-input":{"@type":"PropertyValueSpecification","valueRequired":true,"valueName":"search_term_string"}}],"inLanguage":"es-ES"},{"@type":"Organization","@id":"https:\/\/3coty.com\/es\/#organization","name":"3coty\u00ae","alternateName":"3coty","url":"https:\/\/3coty.com\/es\/","logo":{"@type":"ImageObject","inLanguage":"es-ES","@id":"https:\/\/3coty.com\/es\/#\/schema\/logo\/image\/","url":"https:\/\/3coty.com\/wp-content\/uploads\/2025\/05\/icon-3coty-logo.svg","contentUrl":"https:\/\/3coty.com\/wp-content\/uploads\/2025\/05\/icon-3coty-logo.svg","width":283,"height":283,"caption":"3coty\u00ae"},"image":{"@id":"https:\/\/3coty.com\/es\/#\/schema\/logo\/image\/"},"sameAs":["https:\/\/www.facebook.com\/3coty","https:\/\/x.com\/3cotyCom","https:\/\/www.instagram.com\/3coty","https:\/\/www.linkedin.com\/company\/3coty","https:\/\/www.youtube.com\/@3coty"]}]},"product_price_amount":"2.00","product_price_currency":"EUR","og_availability":"instock","product_availability":"instock","product_retailer_item_id":"080T 03CH \/ 5901785315707","product_condition":"new"},"_links":{"self":[{"href":"https:\/\/3coty.com\/es\/wp-json\/wp\/v2\/product\/33238","targetHints":{"allow":["GET"]}}],"collection":[{"href":"https:\/\/3coty.com\/es\/wp-json\/wp\/v2\/product"}],"about":[{"href":"https:\/\/3coty.com\/es\/wp-json\/wp\/v2\/types\/product"}],"version-history":[{"count":4,"href":"https:\/\/3coty.com\/es\/wp-json\/wp\/v2\/product\/33238\/revisions"}],"predecessor-version":[{"id":62384,"href":"https:\/\/3coty.com\/es\/wp-json\/wp\/v2\/product\/33238\/revisions\/62384"}],"wp:featuredmedia":[{"embeddable":true,"href":"https:\/\/3coty.com\/es\/wp-json\/wp\/v2\/media\/62016"}],"wp:attachment":[{"href":"https:\/\/3coty.com\/es\/wp-json\/wp\/v2\/media?parent=33238"}],"wp:term":[{"taxonomy":"product_brand","embeddable":true,"href":"https:\/\/3coty.com\/es\/wp-json\/wp\/v2\/product_brand?post=33238"},{"taxonomy":"product_cat","embeddable":true,"href":"https:\/\/3coty.com\/es\/wp-json\/wp\/v2\/product_cat?post=33238"},{"taxonomy":"product_tag","embeddable":true,"href":"https:\/\/3coty.com\/es\/wp-json\/wp\/v2\/product_tag?post=33238"}],"curies":[{"name":"wp","href":"https:\/\/api.w.org\/{rel}","templated":true}]}}