{"id":33231,"date":"2025-05-16T17:56:30","date_gmt":"2025-05-16T17:56:30","guid":{"rendered":"https:\/\/3coty.com\/p\/01-chicken-180\/"},"modified":"2026-04-04T06:50:20","modified_gmt":"2026-04-04T06:50:20","slug":"01-chicken-180","status":"publish","type":"product","link":"https:\/\/3coty.com\/es\/p\/01-chicken-180\/","title":{"rendered":"01. POLLO 180"},"content":{"rendered":"<p><a href=\"https:\/\/3coty.com\/wp-content\/uploads\/2025\/07\/3coty-p-01-tab-1.svg\"><img fetchpriority=\"high\" decoding=\"async\" class=\"alignnone size-full wp-image-63218\" role=\"img\" src=\"https:\/\/3coty.com\/wp-content\/uploads\/2025\/07\/3coty-p-01-tab-1.svg\" alt=\"\" width=\"283\" height=\"283\" \/><\/a><\/p>\n<h2>ALIMENTACI\u00d3N COMPLETA Y NATURAL PARA GATOS 3COTY\u00ae<\/h2>\n<p><strong>INGREDIENTES DE CARNE 100% NATURALES y derivados animales cocinados en su propio caldo nutritivo<\/strong><\/p>\n<p>Nuestro producto insignia, creado como una alimentaci\u00f3n h\u00fameda 100 % de pollo, completa y equilibrada, ideal para dietas de eliminaci\u00f3n en gatos adultos. Contiene corazones, mollejas e h\u00edgado, tal como los consumir\u00edan los gatos que cazan sus presas. Razas como el Abisinio, el Bengal\u00ed y el Maine Coon disfrutan de todas las partes del pollo, no solo de los muslos y las alas. Alimento monoproteico elaborado en su propio caldo.<\/p>\n<p>Alimentaci\u00f3n monoproteica elaborada con carne y v\u00edsceras de pollo 100 %, ideal para dietas de eliminaci\u00f3n, muy bien aceptada por gatos acostumbrados al B.A.R.F.<\/p>\n","protected":false},"excerpt":{"rendered":"<p><a href=\"https:\/\/3coty.com\/wp-content\/uploads\/2025\/07\/3coty-p-01-description-1.svg\"><img decoding=\"async\" class=\"alignnone size-medium wp-image-63182\" role=\"img\" src=\"https:\/\/3coty.com\/wp-content\/uploads\/2025\/07\/3coty-p-01-description-1.svg\" alt=\"\" width=\"300\" height=\"300\" \/><\/a><\/p>\n<p><strong>PARA GATOS ADULTOS<\/strong> | CORONILLA | ALIMENTACI\u00d3N MONOPROTEICA PARA GATOS<\/p>\n<p><a href=\"https:\/\/3coty.com\/wp-content\/uploads\/2025\/07\/3coty-p-01-description-2.svg\"><img decoding=\"async\" class=\"alignnone size-full wp-image-63200\" role=\"img\" src=\"https:\/\/3coty.com\/wp-content\/uploads\/2025\/07\/3coty-p-01-description-2.svg\" alt=\"\" width=\"506\" height=\"85\" \/><\/a><\/p>\n","protected":false},"featured_media":63360,"template":"","meta":{"_acf_changed":false},"product_brand":[1952],"product_cat":[354],"product_tag":[749],"class_list":{"0":"post-33231","1":"product","2":"type-product","3":"status-publish","4":"has-post-thumbnail","6":"product_brand-3coty","7":"product_cat-for-adult-cats","8":"product_tag-01ch","10":"first","11":"instock","12":"featured","13":"taxable","14":"shipping-taxable","15":"purchasable","16":"product-type-simple"},"acf":[],"yoast_head":"<!-- This site is optimized with the Yoast SEO Premium plugin v27.3 (Yoast SEO v27.3) - https:\/\/yoast.com\/product\/yoast-seo-premium-wordpress\/ -->\n<title>01. POLLO 180 (180g) | Para gatos adultos | 3coty\u00ae Comida Natural para Gatos 100% Carne<\/title>\n<meta name=\"description\" content=\"Visita la tienda 3coty\u00ae de alimento natural y solo de carne para gatos, elaborado con ingredientes 100% frescos. Descubre recetas saludables creadas para apoyar el bienestar de tu gato en todas las etapas de su vida.\" \/>\n<meta name=\"robots\" content=\"index, follow, max-snippet:-1, max-image-preview:large, max-video-preview:-1\" \/>\n<link rel=\"canonical\" href=\"https:\/\/3coty.com\/es\/p\/01-chicken-180\/\" \/>\n<meta property=\"og:locale\" content=\"es_ES\" \/>\n<meta property=\"og:type\" content=\"article\" \/>\n<meta property=\"og:title\" content=\"01. POLLO 180 (180g) | Para gatos adultos | 3coty\u00ae Comida Natural para Gatos 100% Carne\" \/>\n<meta property=\"og:description\" content=\"Visita la tienda 3coty\u00ae de alimento natural y solo de carne para gatos, elaborado con ingredientes 100% frescos. Descubre recetas saludables creadas para apoyar el bienestar de tu gato en todas las etapas de su vida.\" \/>\n<meta property=\"og:url\" content=\"https:\/\/3coty.com\/es\/p\/01-chicken-180\/\" \/>\n<meta property=\"og:site_name\" content=\"3coty\u00ae\" \/>\n<meta property=\"article:publisher\" content=\"https:\/\/www.facebook.com\/3coty\" \/>\n<meta property=\"article:modified_time\" content=\"2026-04-04T06:50:20+00:00\" \/>\n<meta property=\"og:image\" content=\"https:\/\/3coty.com\/wp-content\/uploads\/2025\/10\/3coty-01-chicken-180-meat-only-cat-food.jpg\" \/>\n\t<meta property=\"og:image:width\" content=\"1200\" \/>\n\t<meta property=\"og:image:height\" content=\"630\" \/>\n\t<meta property=\"og:image:type\" content=\"image\/jpeg\" \/>\n<meta name=\"twitter:card\" content=\"summary_large_image\" \/>\n<meta name=\"twitter:title\" content=\"01. POLLO 180 (180g) | Para gatos adultos | 3coty\u00ae Comida Natural para Gatos 100% Carne\" \/>\n<meta name=\"twitter:description\" content=\"Visita la tienda 3coty\u00ae de alimento natural y solo de carne para gatos, elaborado con ingredientes 100% frescos. Descubre recetas saludables creadas para apoyar el bienestar de tu gato en todas las etapas de su vida.\" \/>\n<meta name=\"twitter:image\" content=\"https:\/\/3coty.com\/wp-content\/uploads\/2025\/10\/3coty-01-chicken-180-meat-only-cat-food.jpg\" \/>\n<meta name=\"twitter:site\" content=\"@3cotyCom\" \/>\n<meta name=\"twitter:label1\" content=\"Price\" \/>\n\t<meta name=\"twitter:data1\" content=\"\u20ac&nbsp;3.30\" \/>\n\t<meta name=\"twitter:label2\" content=\"Availability\" \/>\n\t<meta name=\"twitter:data2\" content=\"In stock\" \/>\n<script type=\"application\/ld+json\" class=\"yoast-schema-graph\">{\"@context\":\"https:\\\/\\\/schema.org\",\"@graph\":[{\"@type\":\"WebPage\",\"@id\":\"https:\\\/\\\/3coty.com\\\/es\\\/p\\\/01-chicken-180\\\/\",\"url\":\"https:\\\/\\\/3coty.com\\\/es\\\/p\\\/01-chicken-180\\\/\",\"name\":\"01. POLLO 180 (180g) | Para gatos adultos | 3coty\u00ae Comida Natural para Gatos 100% Carne\",\"isPartOf\":{\"@id\":\"https:\\\/\\\/3coty.com\\\/es\\\/#website\"},\"primaryImageOfPage\":{\"@id\":\"https:\\\/\\\/3coty.com\\\/es\\\/p\\\/01-chicken-180\\\/#primaryimage\"},\"image\":{\"@id\":\"https:\\\/\\\/3coty.com\\\/es\\\/p\\\/01-chicken-180\\\/#primaryimage\"},\"thumbnailUrl\":\"https:\\\/\\\/3coty.com\\\/wp-content\\\/uploads\\\/2025\\\/07\\\/3coty-p-01-180-01.jpg\",\"datePublished\":\"2025-05-16T17:56:30+00:00\",\"dateModified\":\"2026-04-04T06:50:20+00:00\",\"description\":\"Visita la tienda 3coty\u00ae de alimento natural y solo de carne para gatos, elaborado con ingredientes 100% frescos. Descubre recetas saludables creadas para apoyar el bienestar de tu gato en todas las etapas de su vida.\",\"breadcrumb\":{\"@id\":\"https:\\\/\\\/3coty.com\\\/es\\\/p\\\/01-chicken-180\\\/#breadcrumb\"},\"inLanguage\":\"es-ES\",\"potentialAction\":[{\"@type\":\"ReadAction\",\"target\":[\"https:\\\/\\\/3coty.com\\\/es\\\/p\\\/01-chicken-180\\\/\"]}]},{\"@type\":\"ImageObject\",\"inLanguage\":\"es-ES\",\"@id\":\"https:\\\/\\\/3coty.com\\\/es\\\/p\\\/01-chicken-180\\\/#primaryimage\",\"url\":\"https:\\\/\\\/3coty.com\\\/wp-content\\\/uploads\\\/2025\\\/07\\\/3coty-p-01-180-01.jpg\",\"contentUrl\":\"https:\\\/\\\/3coty.com\\\/wp-content\\\/uploads\\\/2025\\\/07\\\/3coty-p-01-180-01.jpg\",\"width\":1024,\"height\":1024},{\"@type\":\"BreadcrumbList\",\"@id\":\"https:\\\/\\\/3coty.com\\\/es\\\/p\\\/01-chicken-180\\\/#breadcrumb\",\"itemListElement\":[{\"@type\":\"ListItem\",\"position\":1,\"name\":\"Home\",\"item\":\"https:\\\/\\\/3coty.com\\\/es\\\/\"},{\"@type\":\"ListItem\",\"position\":2,\"name\":\"TIENDA\",\"item\":\"https:\\\/\\\/3coty.com\\\/es\\\/shop\\\/\"},{\"@type\":\"ListItem\",\"position\":3,\"name\":\"01. POLLO 180\"}]},{\"@type\":\"WebSite\",\"@id\":\"https:\\\/\\\/3coty.com\\\/es\\\/#website\",\"url\":\"https:\\\/\\\/3coty.com\\\/es\\\/\",\"name\":\"3coty\u00ae\",\"description\":\"Meat-only Cat Food\",\"publisher\":{\"@id\":\"https:\\\/\\\/3coty.com\\\/es\\\/#organization\"},\"potentialAction\":[{\"@type\":\"SearchAction\",\"target\":{\"@type\":\"EntryPoint\",\"urlTemplate\":\"https:\\\/\\\/3coty.com\\\/es\\\/?s={search_term_string}\"},\"query-input\":{\"@type\":\"PropertyValueSpecification\",\"valueRequired\":true,\"valueName\":\"search_term_string\"}}],\"inLanguage\":\"es-ES\"},{\"@type\":\"Organization\",\"@id\":\"https:\\\/\\\/3coty.com\\\/es\\\/#organization\",\"name\":\"3coty\u00ae\",\"alternateName\":\"3coty\",\"url\":\"https:\\\/\\\/3coty.com\\\/es\\\/\",\"logo\":{\"@type\":\"ImageObject\",\"inLanguage\":\"es-ES\",\"@id\":\"https:\\\/\\\/3coty.com\\\/es\\\/#\\\/schema\\\/logo\\\/image\\\/\",\"url\":\"https:\\\/\\\/3coty.com\\\/wp-content\\\/uploads\\\/2025\\\/05\\\/icon-3coty-logo.svg\",\"contentUrl\":\"https:\\\/\\\/3coty.com\\\/wp-content\\\/uploads\\\/2025\\\/05\\\/icon-3coty-logo.svg\",\"width\":283,\"height\":283,\"caption\":\"3coty\u00ae\"},\"image\":{\"@id\":\"https:\\\/\\\/3coty.com\\\/es\\\/#\\\/schema\\\/logo\\\/image\\\/\"},\"sameAs\":[\"https:\\\/\\\/www.facebook.com\\\/3coty\",\"https:\\\/\\\/x.com\\\/3cotyCom\",\"https:\\\/\\\/www.instagram.com\\\/3coty\",\"https:\\\/\\\/www.linkedin.com\\\/company\\\/3coty\",\"https:\\\/\\\/www.youtube.com\\\/@3coty\"]}]}<\/script>\n<meta property=\"product:price:amount\" content=\"3.30\" \/>\n<meta property=\"product:price:currency\" content=\"EUR\" \/>\n<meta property=\"og:availability\" content=\"instock\" \/>\n<meta property=\"product:availability\" content=\"instock\" \/>\n<meta property=\"product:retailer_item_id\" content=\"180T 01CH \/ 5901785315820\" \/>\n<meta property=\"product:condition\" content=\"new\" \/>\n<!-- \/ Yoast SEO Premium plugin. -->","yoast_head_json":{"title":"01. POLLO 180 (180g) | Para gatos adultos | 3coty\u00ae Comida Natural para Gatos 100% Carne","description":"Visita la tienda 3coty\u00ae de alimento natural y solo de carne para gatos, elaborado con ingredientes 100% frescos. Descubre recetas saludables creadas para apoyar el bienestar de tu gato en todas las etapas de su vida.","robots":{"index":"index","follow":"follow","max-snippet":"max-snippet:-1","max-image-preview":"max-image-preview:large","max-video-preview":"max-video-preview:-1"},"canonical":"https:\/\/3coty.com\/es\/p\/01-chicken-180\/","og_locale":"es_ES","og_type":"article","og_title":"01. POLLO 180 (180g) | Para gatos adultos | 3coty\u00ae Comida Natural para Gatos 100% Carne","og_description":"Visita la tienda 3coty\u00ae de alimento natural y solo de carne para gatos, elaborado con ingredientes 100% frescos. Descubre recetas saludables creadas para apoyar el bienestar de tu gato en todas las etapas de su vida.","og_url":"https:\/\/3coty.com\/es\/p\/01-chicken-180\/","og_site_name":"3coty\u00ae","article_publisher":"https:\/\/www.facebook.com\/3coty","article_modified_time":"2026-04-04T06:50:20+00:00","og_image":[{"width":1200,"height":630,"url":"https:\/\/3coty.com\/wp-content\/uploads\/2025\/10\/3coty-01-chicken-180-meat-only-cat-food.jpg","type":"image\/jpeg"}],"twitter_card":"summary_large_image","twitter_title":"01. POLLO 180 (180g) | Para gatos adultos | 3coty\u00ae Comida Natural para Gatos 100% Carne","twitter_description":"Visita la tienda 3coty\u00ae de alimento natural y solo de carne para gatos, elaborado con ingredientes 100% frescos. Descubre recetas saludables creadas para apoyar el bienestar de tu gato en todas las etapas de su vida.","twitter_image":"https:\/\/3coty.com\/wp-content\/uploads\/2025\/10\/3coty-01-chicken-180-meat-only-cat-food.jpg","twitter_site":"@3cotyCom","twitter_misc":{"Price":"\u20ac&nbsp;3.30","Availability":"In stock"},"schema":{"@context":"https:\/\/schema.org","@graph":[{"@type":"WebPage","@id":"https:\/\/3coty.com\/es\/p\/01-chicken-180\/","url":"https:\/\/3coty.com\/es\/p\/01-chicken-180\/","name":"01. POLLO 180 (180g) | Para gatos adultos | 3coty\u00ae Comida Natural para Gatos 100% Carne","isPartOf":{"@id":"https:\/\/3coty.com\/es\/#website"},"primaryImageOfPage":{"@id":"https:\/\/3coty.com\/es\/p\/01-chicken-180\/#primaryimage"},"image":{"@id":"https:\/\/3coty.com\/es\/p\/01-chicken-180\/#primaryimage"},"thumbnailUrl":"https:\/\/3coty.com\/wp-content\/uploads\/2025\/07\/3coty-p-01-180-01.jpg","datePublished":"2025-05-16T17:56:30+00:00","dateModified":"2026-04-04T06:50:20+00:00","description":"Visita la tienda 3coty\u00ae de alimento natural y solo de carne para gatos, elaborado con ingredientes 100% frescos. Descubre recetas saludables creadas para apoyar el bienestar de tu gato en todas las etapas de su vida.","breadcrumb":{"@id":"https:\/\/3coty.com\/es\/p\/01-chicken-180\/#breadcrumb"},"inLanguage":"es-ES","potentialAction":[{"@type":"ReadAction","target":["https:\/\/3coty.com\/es\/p\/01-chicken-180\/"]}]},{"@type":"ImageObject","inLanguage":"es-ES","@id":"https:\/\/3coty.com\/es\/p\/01-chicken-180\/#primaryimage","url":"https:\/\/3coty.com\/wp-content\/uploads\/2025\/07\/3coty-p-01-180-01.jpg","contentUrl":"https:\/\/3coty.com\/wp-content\/uploads\/2025\/07\/3coty-p-01-180-01.jpg","width":1024,"height":1024},{"@type":"BreadcrumbList","@id":"https:\/\/3coty.com\/es\/p\/01-chicken-180\/#breadcrumb","itemListElement":[{"@type":"ListItem","position":1,"name":"Home","item":"https:\/\/3coty.com\/es\/"},{"@type":"ListItem","position":2,"name":"TIENDA","item":"https:\/\/3coty.com\/es\/shop\/"},{"@type":"ListItem","position":3,"name":"01. POLLO 180"}]},{"@type":"WebSite","@id":"https:\/\/3coty.com\/es\/#website","url":"https:\/\/3coty.com\/es\/","name":"3coty\u00ae","description":"Meat-only Cat Food","publisher":{"@id":"https:\/\/3coty.com\/es\/#organization"},"potentialAction":[{"@type":"SearchAction","target":{"@type":"EntryPoint","urlTemplate":"https:\/\/3coty.com\/es\/?s={search_term_string}"},"query-input":{"@type":"PropertyValueSpecification","valueRequired":true,"valueName":"search_term_string"}}],"inLanguage":"es-ES"},{"@type":"Organization","@id":"https:\/\/3coty.com\/es\/#organization","name":"3coty\u00ae","alternateName":"3coty","url":"https:\/\/3coty.com\/es\/","logo":{"@type":"ImageObject","inLanguage":"es-ES","@id":"https:\/\/3coty.com\/es\/#\/schema\/logo\/image\/","url":"https:\/\/3coty.com\/wp-content\/uploads\/2025\/05\/icon-3coty-logo.svg","contentUrl":"https:\/\/3coty.com\/wp-content\/uploads\/2025\/05\/icon-3coty-logo.svg","width":283,"height":283,"caption":"3coty\u00ae"},"image":{"@id":"https:\/\/3coty.com\/es\/#\/schema\/logo\/image\/"},"sameAs":["https:\/\/www.facebook.com\/3coty","https:\/\/x.com\/3cotyCom","https:\/\/www.instagram.com\/3coty","https:\/\/www.linkedin.com\/company\/3coty","https:\/\/www.youtube.com\/@3coty"]}]},"product_price_amount":"3.30","product_price_currency":"EUR","og_availability":"instock","product_availability":"instock","product_retailer_item_id":"180T 01CH \/ 5901785315820","product_condition":"new"},"_links":{"self":[{"href":"https:\/\/3coty.com\/es\/wp-json\/wp\/v2\/product\/33231","targetHints":{"allow":["GET"]}}],"collection":[{"href":"https:\/\/3coty.com\/es\/wp-json\/wp\/v2\/product"}],"about":[{"href":"https:\/\/3coty.com\/es\/wp-json\/wp\/v2\/types\/product"}],"version-history":[{"count":4,"href":"https:\/\/3coty.com\/es\/wp-json\/wp\/v2\/product\/33231\/revisions"}],"predecessor-version":[{"id":63637,"href":"https:\/\/3coty.com\/es\/wp-json\/wp\/v2\/product\/33231\/revisions\/63637"}],"wp:featuredmedia":[{"embeddable":true,"href":"https:\/\/3coty.com\/es\/wp-json\/wp\/v2\/media\/63360"}],"wp:attachment":[{"href":"https:\/\/3coty.com\/es\/wp-json\/wp\/v2\/media?parent=33231"}],"wp:term":[{"taxonomy":"product_brand","embeddable":true,"href":"https:\/\/3coty.com\/es\/wp-json\/wp\/v2\/product_brand?post=33231"},{"taxonomy":"product_cat","embeddable":true,"href":"https:\/\/3coty.com\/es\/wp-json\/wp\/v2\/product_cat?post=33231"},{"taxonomy":"product_tag","embeddable":true,"href":"https:\/\/3coty.com\/es\/wp-json\/wp\/v2\/product_tag?post=33231"}],"curies":[{"name":"wp","href":"https:\/\/api.w.org\/{rel}","templated":true}]}}