{"id":83963,"date":"2026-04-18T15:50:27","date_gmt":"2026-04-18T15:50:27","guid":{"rendered":"https:\/\/3coty.com\/?post_type=product&#038;p=83963"},"modified":"2026-04-18T15:52:49","modified_gmt":"2026-04-18T15:52:49","slug":"98-appetite-support-080","status":"publish","type":"product","link":"https:\/\/3coty.com\/de\/p\/98-appetite-support-080\/","title":{"rendered":"98. APPETITUNTERST\u00dcTZUNG 080"},"content":{"rendered":"<p><a href=\"https:\/\/3coty.com\/wp-content\/uploads\/2025\/07\/3coty-p-97-tab-1.svg\"><img fetchpriority=\"high\" decoding=\"async\" class=\"alignnone size-full wp-image-40832\" role=\"img\" src=\"https:\/\/3coty.com\/wp-content\/uploads\/2025\/07\/3coty-p-97-tab-1.svg\" alt=\"\" width=\"283\" height=\"283\" \/><\/a><\/p>\n<h2>3COTY\u00ae NAT\u00dcRLICHES ERG\u00c4NZUNGSFUTTER F\u00dcR KATZEN<\/h2>\n<p><strong>N\u00c4HRHEFE + CHLORELLA (Chlorella vulgaris) + BIOTIN <\/strong><\/p>\n<p>F\u00fcr Katzen, die aufgrund von Stress, hormonellen oder saisonalen Ver\u00e4nderungen, auf Reisen oder bei der Umstellung auf ein neues Futter manchmal weniger fressen als gew\u00f6hnlich, hilft dieses Pulver, das Interesse am Futter wieder zu wecken. N\u00e4hrhefe sorgt f\u00fcr einen nat\u00fcrlich attraktiven Geschmack, w\u00e4hrend ihr hoher Gehalt an kleinen Peptiden und freien Aminos\u00e4uren die N\u00e4hrstoffaufnahme unterst\u00fctzt. Taurin, eine essenzielle Aminos\u00e4ure f\u00fcr Katzen, unterst\u00fctzt die normale physiologische Funktion und die allgemeine Vitalit\u00e4t.<\/p>\n<p>Eine einfache M\u00f6glichkeit, Katzen in Phasen mit geringerem Appetit zu unterst\u00fctzen und sie wieder zu einem regelm\u00e4\u00dfigen Fressverhalten zu bringen.<\/p>\n","protected":false},"excerpt":{"rendered":"<p><a href=\"https:\/\/3coty.com\/wp-content\/uploads\/2025\/07\/3coty-p-97-description-1.svg\"><img decoding=\"async\" class=\"alignnone wp-image-40958 size-medium\" role=\"img\" src=\"https:\/\/3coty.com\/wp-content\/uploads\/2025\/07\/3coty-p-97-description-1.svg\" alt=\"\" width=\"300\" height=\"300\" \/><\/a><\/p>\n<p><strong>F\u00dcR ALLE KATZEN<\/strong> | PULVER | NAT\u00dcRLICHES ERG\u00c4NZUNGSFUTTER F\u00dcR KATZEN<br \/>\n<strong>UNTERST\u00dcTZT Z\u00c4HNE UND ZAHNFLEISCH<\/strong><\/p>\n<p><a href=\"https:\/\/3coty.com\/wp-content\/uploads\/2026\/03\/3coty-product-98-description-2.svg\"><img decoding=\"async\" class=\"alignnone size-full wp-image-83709\" role=\"img\" src=\"https:\/\/3coty.com\/wp-content\/uploads\/2026\/03\/3coty-product-98-description-2.svg\" alt=\"\" width=\"218\" height=\"85\" \/><\/a><\/p>\n","protected":false},"featured_media":83752,"template":"","meta":{"_acf_changed":false},"product_brand":[],"product_cat":[423],"product_tag":[2068],"class_list":{"0":"post-83963","1":"product","2":"type-product","3":"status-publish","4":"has-post-thumbnail","6":"product_cat-well-being","7":"product_tag-98as","9":"first","10":"instock","11":"taxable","12":"shipping-taxable","13":"purchasable","14":"product-type-simple"},"acf":[],"yoast_head":"<!-- This site is optimized with the Yoast SEO Premium plugin v27.4 (Yoast SEO v27.4) - https:\/\/yoast.com\/product\/yoast-seo-premium-wordpress\/ -->\n<title>98. APPETITUNTERST\u00dcTZUNG 080 (80g) | F\u00fcr alle Katzen | 3coty\u00ae Nat\u00fcrliches Erg\u00e4nzungsfuttermittel f\u00fcr Katzen<\/title>\n<meta name=\"description\" content=\"Erg\u00e4nzungsfutter in Pulverform f\u00fcr Katzen mit vermindertem Interesse am Futter, mit N\u00e4hrhefe und Taurin, zur Unterst\u00fctzung eines regelm\u00e4\u00dfigen Fressverhaltens.\" \/>\n<meta name=\"robots\" content=\"index, follow, max-snippet:-1, max-image-preview:large, max-video-preview:-1\" \/>\n<link rel=\"canonical\" href=\"https:\/\/3coty.com\/de\/p\/98-appetite-support-080\/\" \/>\n<meta property=\"og:locale\" content=\"de_DE\" \/>\n<meta property=\"og:type\" content=\"article\" \/>\n<meta property=\"og:title\" content=\"98. APPETITUNTERST\u00dcTZUNG 080 (80g) | F\u00fcr alle Katzen | 3coty\u00ae Nat\u00fcrliches Erg\u00e4nzungsfuttermittel f\u00fcr Katzen\" \/>\n<meta property=\"og:description\" content=\"Erg\u00e4nzungsfutter in Pulverform f\u00fcr Katzen mit vermindertem Interesse am Futter, mit N\u00e4hrhefe und Taurin, zur Unterst\u00fctzung eines regelm\u00e4\u00dfigen Fressverhaltens.\" \/>\n<meta property=\"og:url\" content=\"https:\/\/3coty.com\/de\/p\/98-appetite-support-080\/\" \/>\n<meta property=\"og:site_name\" content=\"3coty\u00ae\" \/>\n<meta property=\"article:publisher\" content=\"https:\/\/www.facebook.com\/3coty\" \/>\n<meta property=\"article:modified_time\" content=\"2026-04-18T15:52:49+00:00\" \/>\n<meta property=\"og:image\" content=\"https:\/\/3coty.com\/wp-content\/uploads\/2026\/04\/3coty-98-appetite-support-complementary-cat-food-1024x538.jpg\" \/>\n<meta name=\"twitter:card\" content=\"summary_large_image\" \/>\n<meta name=\"twitter:title\" content=\"98. APPETITUNTERST\u00dcTZUNG 080 (80g) | F\u00fcr alle Katzen | 3coty\u00ae Nat\u00fcrliches Erg\u00e4nzungsfuttermittel f\u00fcr Katzen\" \/>\n<meta name=\"twitter:description\" content=\"Erg\u00e4nzungsfutter in Pulverform f\u00fcr Katzen mit vermindertem Interesse am Futter, mit N\u00e4hrhefe und Taurin, zur Unterst\u00fctzung eines regelm\u00e4\u00dfigen Fressverhaltens.\" \/>\n<meta name=\"twitter:site\" content=\"@3cotyCom\" \/>\n<meta name=\"twitter:label1\" content=\"Preis\" \/>\n\t<meta name=\"twitter:data1\" content=\"\u20ac&nbsp;15.00\" \/>\n\t<meta name=\"twitter:label2\" content=\"Verf\u00fcgbarkeit\" \/>\n\t<meta name=\"twitter:data2\" content=\"Auf Lager\" \/>\n<script type=\"application\/ld+json\" class=\"yoast-schema-graph\">{\"@context\":\"https:\\\/\\\/schema.org\",\"@graph\":[{\"@type\":\"WebPage\",\"@id\":\"https:\\\/\\\/3coty.com\\\/de\\\/p\\\/98-appetite-support-080\\\/\",\"url\":\"https:\\\/\\\/3coty.com\\\/de\\\/p\\\/98-appetite-support-080\\\/\",\"name\":\"98. APPETITUNTERST\u00dcTZUNG 080 (80g) | F\u00fcr alle Katzen | 3coty\u00ae Nat\u00fcrliches Erg\u00e4nzungsfuttermittel f\u00fcr Katzen\",\"isPartOf\":{\"@id\":\"https:\\\/\\\/3coty.com\\\/de\\\/#website\"},\"primaryImageOfPage\":{\"@id\":\"https:\\\/\\\/3coty.com\\\/de\\\/p\\\/98-appetite-support-080\\\/#primaryimage\"},\"image\":{\"@id\":\"https:\\\/\\\/3coty.com\\\/de\\\/p\\\/98-appetite-support-080\\\/#primaryimage\"},\"thumbnailUrl\":\"https:\\\/\\\/3coty.com\\\/wp-content\\\/uploads\\\/2026\\\/03\\\/3coty-product-98-01.jpg\",\"datePublished\":\"2026-04-18T15:50:27+00:00\",\"dateModified\":\"2026-04-18T15:52:49+00:00\",\"description\":\"Erg\u00e4nzungsfutter in Pulverform f\u00fcr Katzen mit vermindertem Interesse am Futter, mit N\u00e4hrhefe und Taurin, zur Unterst\u00fctzung eines regelm\u00e4\u00dfigen Fressverhaltens.\",\"breadcrumb\":{\"@id\":\"https:\\\/\\\/3coty.com\\\/de\\\/p\\\/98-appetite-support-080\\\/#breadcrumb\"},\"inLanguage\":\"de\",\"potentialAction\":[{\"@type\":\"ReadAction\",\"target\":[\"https:\\\/\\\/3coty.com\\\/de\\\/p\\\/98-appetite-support-080\\\/\"]}]},{\"@type\":\"ImageObject\",\"inLanguage\":\"de\",\"@id\":\"https:\\\/\\\/3coty.com\\\/de\\\/p\\\/98-appetite-support-080\\\/#primaryimage\",\"url\":\"https:\\\/\\\/3coty.com\\\/wp-content\\\/uploads\\\/2026\\\/03\\\/3coty-product-98-01.jpg\",\"contentUrl\":\"https:\\\/\\\/3coty.com\\\/wp-content\\\/uploads\\\/2026\\\/03\\\/3coty-product-98-01.jpg\",\"width\":1024,\"height\":1024},{\"@type\":\"BreadcrumbList\",\"@id\":\"https:\\\/\\\/3coty.com\\\/de\\\/p\\\/98-appetite-support-080\\\/#breadcrumb\",\"itemListElement\":[{\"@type\":\"ListItem\",\"position\":1,\"name\":\"Home\",\"item\":\"https:\\\/\\\/3coty.com\\\/de\\\/\"},{\"@type\":\"ListItem\",\"position\":2,\"name\":\"SHOP\",\"item\":\"https:\\\/\\\/3coty.com\\\/de\\\/shop\\\/\"},{\"@type\":\"ListItem\",\"position\":3,\"name\":\"98. APPETITUNTERST\u00dcTZUNG 080\"}]},{\"@type\":\"WebSite\",\"@id\":\"https:\\\/\\\/3coty.com\\\/de\\\/#website\",\"url\":\"https:\\\/\\\/3coty.com\\\/de\\\/\",\"name\":\"3coty\u00ae\",\"description\":\"Meat-only Cat Food\",\"publisher\":{\"@id\":\"https:\\\/\\\/3coty.com\\\/de\\\/#organization\"},\"potentialAction\":[{\"@type\":\"SearchAction\",\"target\":{\"@type\":\"EntryPoint\",\"urlTemplate\":\"https:\\\/\\\/3coty.com\\\/de\\\/?s={search_term_string}\"},\"query-input\":{\"@type\":\"PropertyValueSpecification\",\"valueRequired\":true,\"valueName\":\"search_term_string\"}}],\"inLanguage\":\"de\"},{\"@type\":\"Organization\",\"@id\":\"https:\\\/\\\/3coty.com\\\/de\\\/#organization\",\"name\":\"3coty\u00ae\",\"alternateName\":\"3coty\",\"url\":\"https:\\\/\\\/3coty.com\\\/de\\\/\",\"logo\":{\"@type\":\"ImageObject\",\"inLanguage\":\"de\",\"@id\":\"https:\\\/\\\/3coty.com\\\/de\\\/#\\\/schema\\\/logo\\\/image\\\/\",\"url\":\"https:\\\/\\\/3coty.com\\\/wp-content\\\/uploads\\\/2025\\\/05\\\/icon-3coty-logo.svg\",\"contentUrl\":\"https:\\\/\\\/3coty.com\\\/wp-content\\\/uploads\\\/2025\\\/05\\\/icon-3coty-logo.svg\",\"width\":283,\"height\":283,\"caption\":\"3coty\u00ae\"},\"image\":{\"@id\":\"https:\\\/\\\/3coty.com\\\/de\\\/#\\\/schema\\\/logo\\\/image\\\/\"},\"sameAs\":[\"https:\\\/\\\/www.facebook.com\\\/3coty\",\"https:\\\/\\\/x.com\\\/3cotyCom\",\"https:\\\/\\\/www.instagram.com\\\/3coty\",\"https:\\\/\\\/www.linkedin.com\\\/company\\\/3coty\",\"https:\\\/\\\/www.youtube.com\\\/@3coty\"]}]}<\/script>\n<meta property=\"product:price:amount\" content=\"15.00\" \/>\n<meta property=\"product:price:currency\" content=\"EUR\" \/>\n<meta property=\"og:availability\" content=\"instock\" \/>\n<meta property=\"product:availability\" content=\"instock\" \/>\n<meta property=\"product:retailer_item_id\" content=\"100J 98AS \/ 5901785318944\" \/>\n<meta property=\"product:condition\" content=\"new\" \/>\n<!-- \/ Yoast SEO Premium plugin. -->","yoast_head_json":{"title":"98. APPETITUNTERST\u00dcTZUNG 080 (80g) | F\u00fcr alle Katzen | 3coty\u00ae Nat\u00fcrliches Erg\u00e4nzungsfuttermittel f\u00fcr Katzen","description":"Erg\u00e4nzungsfutter in Pulverform f\u00fcr Katzen mit vermindertem Interesse am Futter, mit N\u00e4hrhefe und Taurin, zur Unterst\u00fctzung eines regelm\u00e4\u00dfigen Fressverhaltens.","robots":{"index":"index","follow":"follow","max-snippet":"max-snippet:-1","max-image-preview":"max-image-preview:large","max-video-preview":"max-video-preview:-1"},"canonical":"https:\/\/3coty.com\/de\/p\/98-appetite-support-080\/","og_locale":"de_DE","og_type":"article","og_title":"98. APPETITUNTERST\u00dcTZUNG 080 (80g) | F\u00fcr alle Katzen | 3coty\u00ae Nat\u00fcrliches Erg\u00e4nzungsfuttermittel f\u00fcr Katzen","og_description":"Erg\u00e4nzungsfutter in Pulverform f\u00fcr Katzen mit vermindertem Interesse am Futter, mit N\u00e4hrhefe und Taurin, zur Unterst\u00fctzung eines regelm\u00e4\u00dfigen Fressverhaltens.","og_url":"https:\/\/3coty.com\/de\/p\/98-appetite-support-080\/","og_site_name":"3coty\u00ae","article_publisher":"https:\/\/www.facebook.com\/3coty","article_modified_time":"2026-04-18T15:52:49+00:00","og_image":[{"url":"https:\/\/3coty.com\/wp-content\/uploads\/2026\/04\/3coty-98-appetite-support-complementary-cat-food-1024x538.jpg","type":"","width":"","height":""}],"twitter_card":"summary_large_image","twitter_title":"98. APPETITUNTERST\u00dcTZUNG 080 (80g) | F\u00fcr alle Katzen | 3coty\u00ae Nat\u00fcrliches Erg\u00e4nzungsfuttermittel f\u00fcr Katzen","twitter_description":"Erg\u00e4nzungsfutter in Pulverform f\u00fcr Katzen mit vermindertem Interesse am Futter, mit N\u00e4hrhefe und Taurin, zur Unterst\u00fctzung eines regelm\u00e4\u00dfigen Fressverhaltens.","twitter_site":"@3cotyCom","twitter_misc":{"Preis":"\u20ac&nbsp;15.00","Verf\u00fcgbarkeit":"Auf Lager"},"schema":{"@context":"https:\/\/schema.org","@graph":[{"@type":"WebPage","@id":"https:\/\/3coty.com\/de\/p\/98-appetite-support-080\/","url":"https:\/\/3coty.com\/de\/p\/98-appetite-support-080\/","name":"98. APPETITUNTERST\u00dcTZUNG 080 (80g) | F\u00fcr alle Katzen | 3coty\u00ae Nat\u00fcrliches Erg\u00e4nzungsfuttermittel f\u00fcr Katzen","isPartOf":{"@id":"https:\/\/3coty.com\/de\/#website"},"primaryImageOfPage":{"@id":"https:\/\/3coty.com\/de\/p\/98-appetite-support-080\/#primaryimage"},"image":{"@id":"https:\/\/3coty.com\/de\/p\/98-appetite-support-080\/#primaryimage"},"thumbnailUrl":"https:\/\/3coty.com\/wp-content\/uploads\/2026\/03\/3coty-product-98-01.jpg","datePublished":"2026-04-18T15:50:27+00:00","dateModified":"2026-04-18T15:52:49+00:00","description":"Erg\u00e4nzungsfutter in Pulverform f\u00fcr Katzen mit vermindertem Interesse am Futter, mit N\u00e4hrhefe und Taurin, zur Unterst\u00fctzung eines regelm\u00e4\u00dfigen Fressverhaltens.","breadcrumb":{"@id":"https:\/\/3coty.com\/de\/p\/98-appetite-support-080\/#breadcrumb"},"inLanguage":"de","potentialAction":[{"@type":"ReadAction","target":["https:\/\/3coty.com\/de\/p\/98-appetite-support-080\/"]}]},{"@type":"ImageObject","inLanguage":"de","@id":"https:\/\/3coty.com\/de\/p\/98-appetite-support-080\/#primaryimage","url":"https:\/\/3coty.com\/wp-content\/uploads\/2026\/03\/3coty-product-98-01.jpg","contentUrl":"https:\/\/3coty.com\/wp-content\/uploads\/2026\/03\/3coty-product-98-01.jpg","width":1024,"height":1024},{"@type":"BreadcrumbList","@id":"https:\/\/3coty.com\/de\/p\/98-appetite-support-080\/#breadcrumb","itemListElement":[{"@type":"ListItem","position":1,"name":"Home","item":"https:\/\/3coty.com\/de\/"},{"@type":"ListItem","position":2,"name":"SHOP","item":"https:\/\/3coty.com\/de\/shop\/"},{"@type":"ListItem","position":3,"name":"98. APPETITUNTERST\u00dcTZUNG 080"}]},{"@type":"WebSite","@id":"https:\/\/3coty.com\/de\/#website","url":"https:\/\/3coty.com\/de\/","name":"3coty\u00ae","description":"Meat-only Cat Food","publisher":{"@id":"https:\/\/3coty.com\/de\/#organization"},"potentialAction":[{"@type":"SearchAction","target":{"@type":"EntryPoint","urlTemplate":"https:\/\/3coty.com\/de\/?s={search_term_string}"},"query-input":{"@type":"PropertyValueSpecification","valueRequired":true,"valueName":"search_term_string"}}],"inLanguage":"de"},{"@type":"Organization","@id":"https:\/\/3coty.com\/de\/#organization","name":"3coty\u00ae","alternateName":"3coty","url":"https:\/\/3coty.com\/de\/","logo":{"@type":"ImageObject","inLanguage":"de","@id":"https:\/\/3coty.com\/de\/#\/schema\/logo\/image\/","url":"https:\/\/3coty.com\/wp-content\/uploads\/2025\/05\/icon-3coty-logo.svg","contentUrl":"https:\/\/3coty.com\/wp-content\/uploads\/2025\/05\/icon-3coty-logo.svg","width":283,"height":283,"caption":"3coty\u00ae"},"image":{"@id":"https:\/\/3coty.com\/de\/#\/schema\/logo\/image\/"},"sameAs":["https:\/\/www.facebook.com\/3coty","https:\/\/x.com\/3cotyCom","https:\/\/www.instagram.com\/3coty","https:\/\/www.linkedin.com\/company\/3coty","https:\/\/www.youtube.com\/@3coty"]}]},"product_price_amount":"15.00","product_price_currency":"EUR","og_availability":"instock","product_availability":"instock","product_retailer_item_id":"100J 98AS \/ 5901785318944","product_condition":"new"},"_links":{"self":[{"href":"https:\/\/3coty.com\/de\/wp-json\/wp\/v2\/product\/83963","targetHints":{"allow":["GET"]}}],"collection":[{"href":"https:\/\/3coty.com\/de\/wp-json\/wp\/v2\/product"}],"about":[{"href":"https:\/\/3coty.com\/de\/wp-json\/wp\/v2\/types\/product"}],"version-history":[{"count":3,"href":"https:\/\/3coty.com\/de\/wp-json\/wp\/v2\/product\/83963\/revisions"}],"predecessor-version":[{"id":84016,"href":"https:\/\/3coty.com\/de\/wp-json\/wp\/v2\/product\/83963\/revisions\/84016"}],"wp:featuredmedia":[{"embeddable":true,"href":"https:\/\/3coty.com\/de\/wp-json\/wp\/v2\/media\/83752"}],"wp:attachment":[{"href":"https:\/\/3coty.com\/de\/wp-json\/wp\/v2\/media?parent=83963"}],"wp:term":[{"taxonomy":"product_brand","embeddable":true,"href":"https:\/\/3coty.com\/de\/wp-json\/wp\/v2\/product_brand?post=83963"},{"taxonomy":"product_cat","embeddable":true,"href":"https:\/\/3coty.com\/de\/wp-json\/wp\/v2\/product_cat?post=83963"},{"taxonomy":"product_tag","embeddable":true,"href":"https:\/\/3coty.com\/de\/wp-json\/wp\/v2\/product_tag?post=83963"}],"curies":[{"name":"wp","href":"https:\/\/api.w.org\/{rel}","templated":true}]}}