{"id":31728,"date":"2025-05-28T07:13:22","date_gmt":"2025-05-28T07:13:22","guid":{"rendered":"https:\/\/3coty.com\/p\/86-gb-snug-m\/"},"modified":"2025-07-13T18:50:00","modified_gmt":"2025-07-13T18:50:00","slug":"86-gb-snug-m","status":"publish","type":"product","link":"https:\/\/3coty.com\/de\/p\/86-gb-snug-m\/","title":{"rendered":"86.GB SNUG M"},"content":{"rendered":"<h2>3COTY\u00ae MITTELGROSSER UND FLAUSCHIGER SCHLAFSACK F\u00dcR KATZE ODER GROSSES K\u00c4TZCHEN<\/h2>\n<p><strong>50% weicher Polarstoff, 50% kuscheliger Minky-Stoff<\/strong><\/p>\n<p>Ein Schlafsack, der gr\u00f6\u00dfenm\u00e4\u00dfig f\u00fcr erwachsene Hauskatzen eignet, oder f\u00fcr K\u00e4tzchen der gr\u00f6\u00dferen Rassen wie Norwegische Waldkatzen oder Maine Coon. Es kann flach aufgelegt werden, damit die Katze darauf liegen kann, oder mit umgekrempelten Seiten zu einem runden Bett gemacht werden. Das Innere ist flauschig und das \u00e4u\u00dfere Vlies h\u00e4lt alles warm und gem\u00fctlich.<\/p>\n<p>Flauschiger Schlafsack mittlerer Gr\u00f6\u00dfe, passend f\u00fcr Hauskatzen und K\u00e4tzchen der gr\u00f6\u00dferen Rassen.<\/p>\n<p>&nbsp;<\/p>\n<p><a href=\"https:\/\/3coty.com\/wp-content\/uploads\/2025\/07\/3coty-p-86-tab-2.svg\"><img fetchpriority=\"high\" decoding=\"async\" class=\"alignnone size-medium wp-image-42435\" role=\"img\" src=\"https:\/\/3coty.com\/wp-content\/uploads\/2025\/07\/3coty-p-86-tab-2.svg\" alt=\"\" width=\"300\" height=\"300\" \/><\/a><\/p>\n<p><strong>PFLEGEHINWEISE:<\/strong> Kalte Handw\u00e4sche oder kalte Maschinenw\u00e4sche, NICHT bleichen, NICHT b\u00fcgeln, NICHT im Trockner trocknen, Chemisch reinigbar<\/p>\n","protected":false},"excerpt":{"rendered":"<p><a href=\"https:\/\/3coty.com\/wp-content\/uploads\/2025\/07\/3coty-p-86-description-1.svg\"><img decoding=\"async\" class=\"alignnone size-medium wp-image-42345\" role=\"img\" src=\"https:\/\/3coty.com\/wp-content\/uploads\/2025\/07\/3coty-p-86-description-1.svg\" alt=\"\" width=\"300\" height=\"300\" \/><\/a><\/p>\n<p><strong>F\u00dcR ALLE KATZEN<\/strong> | 60 CM x 75 CM | MITTELGROSSER UND FLAUSCHIGER SCHLAFSACK F\u00dcR KATZEN<\/p>\n<p><a href=\"https:\/\/3coty.com\/wp-content\/uploads\/2025\/07\/3coty-p-86-description-2-GB.svg\"><img decoding=\"async\" class=\"alignnone size-medium wp-image-42370\" role=\"img\" src=\"https:\/\/3coty.com\/wp-content\/uploads\/2025\/07\/3coty-p-86-description-2-GB.svg\" alt=\"\" width=\"300\" height=\"300\" \/><\/a><\/p>\n","protected":false},"featured_media":42478,"template":"","meta":{"_acf_changed":false},"product_brand":[],"product_cat":[439],"product_tag":[1423],"class_list":{"0":"post-31728","1":"product","2":"type-product","3":"status-publish","4":"has-post-thumbnail","6":"product_cat-accessories","7":"product_tag-86sm","9":"first","10":"outofstock","11":"taxable","12":"shipping-taxable","13":"purchasable","14":"product-type-simple"},"acf":[],"yoast_head":"<!-- This site is optimized with the Yoast SEO Premium plugin v27.3 (Yoast SEO v27.3) - https:\/\/yoast.com\/product\/yoast-seo-premium-wordpress\/ -->\n<title>86.GB SNUG M - 3coty\u00ae<\/title>\n<meta name=\"robots\" content=\"index, follow, max-snippet:-1, max-image-preview:large, max-video-preview:-1\" \/>\n<link rel=\"canonical\" href=\"https:\/\/3coty.com\/de\/p\/86-gb-snug-m\/\" \/>\n<meta property=\"og:locale\" content=\"de_DE\" \/>\n<meta property=\"og:type\" content=\"article\" \/>\n<meta property=\"og:title\" content=\"86.GB SNUG M\" \/>\n<meta property=\"og:description\" content=\"F\u00dcR ALLE KATZEN | 60 CM x 75 CM | MITTELGROSSER UND FLAUSCHIGER SCHLAFSACK F\u00dcR KATZEN\" \/>\n<meta property=\"og:url\" content=\"https:\/\/3coty.com\/de\/p\/86-gb-snug-m\/\" \/>\n<meta property=\"og:site_name\" content=\"3coty\u00ae\" \/>\n<meta property=\"article:publisher\" content=\"https:\/\/www.facebook.com\/3coty\" \/>\n<meta property=\"article:modified_time\" content=\"2025-07-13T18:50:00+00:00\" \/>\n<meta property=\"og:image\" content=\"https:\/\/3coty.com\/wp-content\/uploads\/2025\/07\/3coty-p-86GB-02.jpg\" \/>\n\t<meta property=\"og:image:width\" content=\"1024\" \/>\n\t<meta property=\"og:image:height\" content=\"1024\" \/>\n\t<meta property=\"og:image:type\" content=\"image\/jpeg\" \/>\n<meta name=\"twitter:card\" content=\"summary_large_image\" \/>\n<meta name=\"twitter:site\" content=\"@3cotyCom\" \/>\n<meta name=\"twitter:label1\" content=\"Preis\" \/>\n\t<meta name=\"twitter:data1\" content=\"\u20ac&nbsp;70.00\" \/>\n\t<meta name=\"twitter:label2\" content=\"Verf\u00fcgbarkeit\" \/>\n\t<meta name=\"twitter:data2\" content=\"ausverkauft\" \/>\n<script type=\"application\/ld+json\" class=\"yoast-schema-graph\">{\"@context\":\"https:\\\/\\\/schema.org\",\"@graph\":[{\"@type\":\"WebPage\",\"@id\":\"https:\\\/\\\/3coty.com\\\/de\\\/p\\\/86-gb-snug-m\\\/\",\"url\":\"https:\\\/\\\/3coty.com\\\/de\\\/p\\\/86-gb-snug-m\\\/\",\"name\":\"86.GB SNUG M - 3coty\u00ae\",\"isPartOf\":{\"@id\":\"https:\\\/\\\/3coty.com\\\/de\\\/#website\"},\"primaryImageOfPage\":{\"@id\":\"https:\\\/\\\/3coty.com\\\/de\\\/p\\\/86-gb-snug-m\\\/#primaryimage\"},\"image\":{\"@id\":\"https:\\\/\\\/3coty.com\\\/de\\\/p\\\/86-gb-snug-m\\\/#primaryimage\"},\"thumbnailUrl\":\"https:\\\/\\\/3coty.com\\\/wp-content\\\/uploads\\\/2025\\\/07\\\/3coty-p-86GB-02.jpg\",\"datePublished\":\"2025-05-28T07:13:22+00:00\",\"dateModified\":\"2025-07-13T18:50:00+00:00\",\"breadcrumb\":{\"@id\":\"https:\\\/\\\/3coty.com\\\/de\\\/p\\\/86-gb-snug-m\\\/#breadcrumb\"},\"inLanguage\":\"de\",\"potentialAction\":[{\"@type\":\"ReadAction\",\"target\":[\"https:\\\/\\\/3coty.com\\\/de\\\/p\\\/86-gb-snug-m\\\/\"]}]},{\"@type\":\"ImageObject\",\"inLanguage\":\"de\",\"@id\":\"https:\\\/\\\/3coty.com\\\/de\\\/p\\\/86-gb-snug-m\\\/#primaryimage\",\"url\":\"https:\\\/\\\/3coty.com\\\/wp-content\\\/uploads\\\/2025\\\/07\\\/3coty-p-86GB-02.jpg\",\"contentUrl\":\"https:\\\/\\\/3coty.com\\\/wp-content\\\/uploads\\\/2025\\\/07\\\/3coty-p-86GB-02.jpg\",\"width\":1024,\"height\":1024},{\"@type\":\"BreadcrumbList\",\"@id\":\"https:\\\/\\\/3coty.com\\\/de\\\/p\\\/86-gb-snug-m\\\/#breadcrumb\",\"itemListElement\":[{\"@type\":\"ListItem\",\"position\":1,\"name\":\"Home\",\"item\":\"https:\\\/\\\/3coty.com\\\/de\\\/\"},{\"@type\":\"ListItem\",\"position\":2,\"name\":\"SHOP\",\"item\":\"https:\\\/\\\/3coty.com\\\/de\\\/shop\\\/\"},{\"@type\":\"ListItem\",\"position\":3,\"name\":\"86.GB SNUG M\"}]},{\"@type\":\"WebSite\",\"@id\":\"https:\\\/\\\/3coty.com\\\/de\\\/#website\",\"url\":\"https:\\\/\\\/3coty.com\\\/de\\\/\",\"name\":\"3coty\u00ae\",\"description\":\"Meat-only Cat Food\",\"publisher\":{\"@id\":\"https:\\\/\\\/3coty.com\\\/de\\\/#organization\"},\"potentialAction\":[{\"@type\":\"SearchAction\",\"target\":{\"@type\":\"EntryPoint\",\"urlTemplate\":\"https:\\\/\\\/3coty.com\\\/de\\\/?s={search_term_string}\"},\"query-input\":{\"@type\":\"PropertyValueSpecification\",\"valueRequired\":true,\"valueName\":\"search_term_string\"}}],\"inLanguage\":\"de\"},{\"@type\":\"Organization\",\"@id\":\"https:\\\/\\\/3coty.com\\\/de\\\/#organization\",\"name\":\"3coty\u00ae\",\"alternateName\":\"3coty\",\"url\":\"https:\\\/\\\/3coty.com\\\/de\\\/\",\"logo\":{\"@type\":\"ImageObject\",\"inLanguage\":\"de\",\"@id\":\"https:\\\/\\\/3coty.com\\\/de\\\/#\\\/schema\\\/logo\\\/image\\\/\",\"url\":\"https:\\\/\\\/3coty.com\\\/wp-content\\\/uploads\\\/2025\\\/05\\\/icon-3coty-logo.svg\",\"contentUrl\":\"https:\\\/\\\/3coty.com\\\/wp-content\\\/uploads\\\/2025\\\/05\\\/icon-3coty-logo.svg\",\"width\":283,\"height\":283,\"caption\":\"3coty\u00ae\"},\"image\":{\"@id\":\"https:\\\/\\\/3coty.com\\\/de\\\/#\\\/schema\\\/logo\\\/image\\\/\"},\"sameAs\":[\"https:\\\/\\\/www.facebook.com\\\/3coty\",\"https:\\\/\\\/x.com\\\/3cotyCom\",\"https:\\\/\\\/www.instagram.com\\\/3coty\",\"https:\\\/\\\/www.linkedin.com\\\/company\\\/3coty\",\"https:\\\/\\\/www.youtube.com\\\/@3coty\"]}]}<\/script>\n<meta property=\"product:price:amount\" content=\"70.00\" \/>\n<meta property=\"product:price:currency\" content=\"EUR\" \/>\n<meta property=\"og:availability\" content=\"out of stock\" \/>\n<meta property=\"product:availability\" content=\"out of stock\" \/>\n<meta property=\"product:retailer_item_id\" content=\"6075 86SM \/ 5901785316551\" \/>\n<meta property=\"product:condition\" content=\"new\" \/>\n<!-- \/ Yoast SEO Premium plugin. -->","yoast_head_json":{"title":"86.GB SNUG M - 3coty\u00ae","robots":{"index":"index","follow":"follow","max-snippet":"max-snippet:-1","max-image-preview":"max-image-preview:large","max-video-preview":"max-video-preview:-1"},"canonical":"https:\/\/3coty.com\/de\/p\/86-gb-snug-m\/","og_locale":"de_DE","og_type":"article","og_title":"86.GB SNUG M","og_description":"F\u00dcR ALLE KATZEN | 60 CM x 75 CM | MITTELGROSSER UND FLAUSCHIGER SCHLAFSACK F\u00dcR KATZEN","og_url":"https:\/\/3coty.com\/de\/p\/86-gb-snug-m\/","og_site_name":"3coty\u00ae","article_publisher":"https:\/\/www.facebook.com\/3coty","article_modified_time":"2025-07-13T18:50:00+00:00","og_image":[{"width":1024,"height":1024,"url":"https:\/\/3coty.com\/wp-content\/uploads\/2025\/07\/3coty-p-86GB-02.jpg","type":"image\/jpeg"}],"twitter_card":"summary_large_image","twitter_site":"@3cotyCom","twitter_misc":{"Preis":"\u20ac&nbsp;70.00","Verf\u00fcgbarkeit":"ausverkauft"},"schema":{"@context":"https:\/\/schema.org","@graph":[{"@type":"WebPage","@id":"https:\/\/3coty.com\/de\/p\/86-gb-snug-m\/","url":"https:\/\/3coty.com\/de\/p\/86-gb-snug-m\/","name":"86.GB SNUG M - 3coty\u00ae","isPartOf":{"@id":"https:\/\/3coty.com\/de\/#website"},"primaryImageOfPage":{"@id":"https:\/\/3coty.com\/de\/p\/86-gb-snug-m\/#primaryimage"},"image":{"@id":"https:\/\/3coty.com\/de\/p\/86-gb-snug-m\/#primaryimage"},"thumbnailUrl":"https:\/\/3coty.com\/wp-content\/uploads\/2025\/07\/3coty-p-86GB-02.jpg","datePublished":"2025-05-28T07:13:22+00:00","dateModified":"2025-07-13T18:50:00+00:00","breadcrumb":{"@id":"https:\/\/3coty.com\/de\/p\/86-gb-snug-m\/#breadcrumb"},"inLanguage":"de","potentialAction":[{"@type":"ReadAction","target":["https:\/\/3coty.com\/de\/p\/86-gb-snug-m\/"]}]},{"@type":"ImageObject","inLanguage":"de","@id":"https:\/\/3coty.com\/de\/p\/86-gb-snug-m\/#primaryimage","url":"https:\/\/3coty.com\/wp-content\/uploads\/2025\/07\/3coty-p-86GB-02.jpg","contentUrl":"https:\/\/3coty.com\/wp-content\/uploads\/2025\/07\/3coty-p-86GB-02.jpg","width":1024,"height":1024},{"@type":"BreadcrumbList","@id":"https:\/\/3coty.com\/de\/p\/86-gb-snug-m\/#breadcrumb","itemListElement":[{"@type":"ListItem","position":1,"name":"Home","item":"https:\/\/3coty.com\/de\/"},{"@type":"ListItem","position":2,"name":"SHOP","item":"https:\/\/3coty.com\/de\/shop\/"},{"@type":"ListItem","position":3,"name":"86.GB SNUG M"}]},{"@type":"WebSite","@id":"https:\/\/3coty.com\/de\/#website","url":"https:\/\/3coty.com\/de\/","name":"3coty\u00ae","description":"Meat-only Cat Food","publisher":{"@id":"https:\/\/3coty.com\/de\/#organization"},"potentialAction":[{"@type":"SearchAction","target":{"@type":"EntryPoint","urlTemplate":"https:\/\/3coty.com\/de\/?s={search_term_string}"},"query-input":{"@type":"PropertyValueSpecification","valueRequired":true,"valueName":"search_term_string"}}],"inLanguage":"de"},{"@type":"Organization","@id":"https:\/\/3coty.com\/de\/#organization","name":"3coty\u00ae","alternateName":"3coty","url":"https:\/\/3coty.com\/de\/","logo":{"@type":"ImageObject","inLanguage":"de","@id":"https:\/\/3coty.com\/de\/#\/schema\/logo\/image\/","url":"https:\/\/3coty.com\/wp-content\/uploads\/2025\/05\/icon-3coty-logo.svg","contentUrl":"https:\/\/3coty.com\/wp-content\/uploads\/2025\/05\/icon-3coty-logo.svg","width":283,"height":283,"caption":"3coty\u00ae"},"image":{"@id":"https:\/\/3coty.com\/de\/#\/schema\/logo\/image\/"},"sameAs":["https:\/\/www.facebook.com\/3coty","https:\/\/x.com\/3cotyCom","https:\/\/www.instagram.com\/3coty","https:\/\/www.linkedin.com\/company\/3coty","https:\/\/www.youtube.com\/@3coty"]}]},"product_price_amount":"70.00","product_price_currency":"EUR","og_availability":"out of stock","product_availability":"out of stock","product_retailer_item_id":"6075 86SM \/ 5901785316551","product_condition":"new"},"_links":{"self":[{"href":"https:\/\/3coty.com\/de\/wp-json\/wp\/v2\/product\/31728","targetHints":{"allow":["GET"]}}],"collection":[{"href":"https:\/\/3coty.com\/de\/wp-json\/wp\/v2\/product"}],"about":[{"href":"https:\/\/3coty.com\/de\/wp-json\/wp\/v2\/types\/product"}],"version-history":[{"count":4,"href":"https:\/\/3coty.com\/de\/wp-json\/wp\/v2\/product\/31728\/revisions"}],"predecessor-version":[{"id":42684,"href":"https:\/\/3coty.com\/de\/wp-json\/wp\/v2\/product\/31728\/revisions\/42684"}],"wp:featuredmedia":[{"embeddable":true,"href":"https:\/\/3coty.com\/de\/wp-json\/wp\/v2\/media\/42478"}],"wp:attachment":[{"href":"https:\/\/3coty.com\/de\/wp-json\/wp\/v2\/media?parent=31728"}],"wp:term":[{"taxonomy":"product_brand","embeddable":true,"href":"https:\/\/3coty.com\/de\/wp-json\/wp\/v2\/product_brand?post=31728"},{"taxonomy":"product_cat","embeddable":true,"href":"https:\/\/3coty.com\/de\/wp-json\/wp\/v2\/product_cat?post=31728"},{"taxonomy":"product_tag","embeddable":true,"href":"https:\/\/3coty.com\/de\/wp-json\/wp\/v2\/product_tag?post=31728"}],"curies":[{"name":"wp","href":"https:\/\/api.w.org\/{rel}","templated":true}]}}