{"id":31719,"date":"2025-05-27T12:47:45","date_gmt":"2025-05-27T12:47:45","guid":{"rendered":"https:\/\/3coty.com\/p\/61-chicken-160\/"},"modified":"2026-04-16T04:23:27","modified_gmt":"2026-04-16T04:23:27","slug":"61-chicken-160","status":"publish","type":"product","link":"https:\/\/3coty.com\/de\/p\/61-chicken-160\/","title":{"rendered":"61. H\u00c4HNCHEN Cheers! 160"},"content":{"rendered":"<p><a href=\"https:\/\/3coty.com\/wp-content\/uploads\/2025\/07\/3coty-p-61-tab-1.svg\"><img fetchpriority=\"high\" decoding=\"async\" class=\"alignnone size-full wp-image-44442\" role=\"img\" src=\"https:\/\/3coty.com\/wp-content\/uploads\/2025\/07\/3coty-p-61-tab-1.svg\" alt=\"\" width=\"283\" height=\"283\" \/><\/a><\/p>\n<h2>3COTY\u00ae CHEERS! NAT\u00dcRLICHES ERG\u00c4NZUNGSFUTTERMITTEL f\u00fcr Katzen<\/h2>\n<p><strong>N\u00e4hrstoffreiche nat\u00fcrliche Br\u00fche mit gekochten Fleischbestandteilen<\/strong><\/p>\n<p>Wenn Katzen \u00e4lter werden, ist es wichtig, dass sie genug Fl\u00fcssigkeit aufnehmen, entweder durch Nassfutter oder trinken. Eine einfache Wasserschale reicht manchmal nicht aus, damit eine Katze genug trinkt. Diese Br\u00fche aus gegartem H\u00e4hnchen riecht und schmeckt nach Fleisch und regt Katzen an, mehr Fl\u00fcssigkeit aufzunehmen, und damit Nierenproblemen vorzubeugen.<\/p>\n<p>Leckere Trinkbr\u00fche f\u00fcr Katzen, zur F\u00f6rderung der Fl\u00fcssigkeitsaufnahme, aus dem gleichen hochwertigen Fleisch wie unser Futter.<\/p>\n","protected":false},"excerpt":{"rendered":"<p><a href=\"https:\/\/3coty.com\/wp-content\/uploads\/2025\/07\/3coty-p-61-description-1.svg\"><img decoding=\"async\" class=\"alignnone size-medium wp-image-44406\" role=\"img\" src=\"https:\/\/3coty.com\/wp-content\/uploads\/2025\/07\/3coty-p-61-description-1.svg\" alt=\"\" width=\"300\" height=\"300\" \/><\/a><\/p>\n<p><strong>F\u00dcR ALLE KATZEN<\/strong> | BR\u00dcHE | MONOPROTEIN-KATZENFUTTER<\/p>\n<p><a href=\"https:\/\/3coty.com\/wp-content\/uploads\/2025\/07\/3coty-p-61-description-4.svg\"><img decoding=\"async\" class=\"alignnone size-full wp-image-44424\" role=\"img\" src=\"https:\/\/3coty.com\/wp-content\/uploads\/2025\/07\/3coty-p-61-description-4.svg\" alt=\"\" width=\"506\" height=\"85\" \/><\/a><\/p>\n","protected":false},"featured_media":44251,"template":"","meta":{"_acf_changed":false},"product_brand":[],"product_cat":[423],"product_tag":[1239],"class_list":{"0":"post-31719","1":"product","2":"type-product","3":"status-publish","4":"has-post-thumbnail","6":"product_cat-well-being","7":"product_tag-61ch","9":"first","10":"instock","11":"featured","12":"taxable","13":"shipping-taxable","14":"purchasable","15":"product-type-simple"},"acf":[],"yoast_head":"<!-- This site is optimized with the Yoast SEO Premium plugin v27.4 (Yoast SEO v27.4) - https:\/\/yoast.com\/product\/yoast-seo-premium-wordpress\/ -->\n<title>61. H\u00c4HNCHEN Cheers! 160 - 3coty\u00ae<\/title>\n<meta name=\"robots\" content=\"index, follow, max-snippet:-1, max-image-preview:large, max-video-preview:-1\" \/>\n<link rel=\"canonical\" href=\"https:\/\/3coty.com\/de\/p\/61-chicken-160\/\" \/>\n<meta property=\"og:locale\" content=\"de_DE\" \/>\n<meta property=\"og:type\" content=\"article\" \/>\n<meta property=\"og:title\" content=\"61. H\u00c4HNCHEN Cheers! 160\" \/>\n<meta property=\"og:description\" content=\"F\u00dcR ALLE KATZEN | BR\u00dcHE | MONOPROTEIN-KATZENFUTTER\" \/>\n<meta property=\"og:url\" content=\"https:\/\/3coty.com\/de\/p\/61-chicken-160\/\" \/>\n<meta property=\"og:site_name\" content=\"3coty\u00ae\" \/>\n<meta property=\"article:publisher\" content=\"https:\/\/www.facebook.com\/3coty\" \/>\n<meta property=\"article:modified_time\" content=\"2026-04-16T04:23:27+00:00\" \/>\n<meta property=\"og:image\" content=\"https:\/\/3coty.com\/wp-content\/uploads\/2025\/07\/3coty-p-61-160-01.jpg\" \/>\n\t<meta property=\"og:image:width\" content=\"1024\" \/>\n\t<meta property=\"og:image:height\" content=\"1024\" \/>\n\t<meta property=\"og:image:type\" content=\"image\/jpeg\" \/>\n<meta name=\"twitter:card\" content=\"summary_large_image\" \/>\n<meta name=\"twitter:site\" content=\"@3cotyCom\" \/>\n<meta name=\"twitter:label1\" content=\"Preis\" \/>\n\t<meta name=\"twitter:data1\" content=\"\u20ac&nbsp;2.50\" \/>\n\t<meta name=\"twitter:label2\" content=\"Verf\u00fcgbarkeit\" \/>\n\t<meta name=\"twitter:data2\" content=\"Auf Lager\" \/>\n<script type=\"application\/ld+json\" class=\"yoast-schema-graph\">{\"@context\":\"https:\\\/\\\/schema.org\",\"@graph\":[{\"@type\":\"WebPage\",\"@id\":\"https:\\\/\\\/3coty.com\\\/de\\\/p\\\/61-chicken-160\\\/\",\"url\":\"https:\\\/\\\/3coty.com\\\/de\\\/p\\\/61-chicken-160\\\/\",\"name\":\"61. H\u00c4HNCHEN Cheers! 160 - 3coty\u00ae\",\"isPartOf\":{\"@id\":\"https:\\\/\\\/3coty.com\\\/de\\\/#website\"},\"primaryImageOfPage\":{\"@id\":\"https:\\\/\\\/3coty.com\\\/de\\\/p\\\/61-chicken-160\\\/#primaryimage\"},\"image\":{\"@id\":\"https:\\\/\\\/3coty.com\\\/de\\\/p\\\/61-chicken-160\\\/#primaryimage\"},\"thumbnailUrl\":\"https:\\\/\\\/3coty.com\\\/wp-content\\\/uploads\\\/2025\\\/07\\\/3coty-p-61-160-01.jpg\",\"datePublished\":\"2025-05-27T12:47:45+00:00\",\"dateModified\":\"2026-04-16T04:23:27+00:00\",\"breadcrumb\":{\"@id\":\"https:\\\/\\\/3coty.com\\\/de\\\/p\\\/61-chicken-160\\\/#breadcrumb\"},\"inLanguage\":\"de\",\"potentialAction\":[{\"@type\":\"ReadAction\",\"target\":[\"https:\\\/\\\/3coty.com\\\/de\\\/p\\\/61-chicken-160\\\/\"]}]},{\"@type\":\"ImageObject\",\"inLanguage\":\"de\",\"@id\":\"https:\\\/\\\/3coty.com\\\/de\\\/p\\\/61-chicken-160\\\/#primaryimage\",\"url\":\"https:\\\/\\\/3coty.com\\\/wp-content\\\/uploads\\\/2025\\\/07\\\/3coty-p-61-160-01.jpg\",\"contentUrl\":\"https:\\\/\\\/3coty.com\\\/wp-content\\\/uploads\\\/2025\\\/07\\\/3coty-p-61-160-01.jpg\",\"width\":1024,\"height\":1024},{\"@type\":\"BreadcrumbList\",\"@id\":\"https:\\\/\\\/3coty.com\\\/de\\\/p\\\/61-chicken-160\\\/#breadcrumb\",\"itemListElement\":[{\"@type\":\"ListItem\",\"position\":1,\"name\":\"Home\",\"item\":\"https:\\\/\\\/3coty.com\\\/de\\\/\"},{\"@type\":\"ListItem\",\"position\":2,\"name\":\"SHOP\",\"item\":\"https:\\\/\\\/3coty.com\\\/de\\\/shop\\\/\"},{\"@type\":\"ListItem\",\"position\":3,\"name\":\"61. H\u00c4HNCHEN Cheers! 160\"}]},{\"@type\":\"WebSite\",\"@id\":\"https:\\\/\\\/3coty.com\\\/de\\\/#website\",\"url\":\"https:\\\/\\\/3coty.com\\\/de\\\/\",\"name\":\"3coty\u00ae\",\"description\":\"Meat-only Cat Food\",\"publisher\":{\"@id\":\"https:\\\/\\\/3coty.com\\\/de\\\/#organization\"},\"potentialAction\":[{\"@type\":\"SearchAction\",\"target\":{\"@type\":\"EntryPoint\",\"urlTemplate\":\"https:\\\/\\\/3coty.com\\\/de\\\/?s={search_term_string}\"},\"query-input\":{\"@type\":\"PropertyValueSpecification\",\"valueRequired\":true,\"valueName\":\"search_term_string\"}}],\"inLanguage\":\"de\"},{\"@type\":\"Organization\",\"@id\":\"https:\\\/\\\/3coty.com\\\/de\\\/#organization\",\"name\":\"3coty\u00ae\",\"alternateName\":\"3coty\",\"url\":\"https:\\\/\\\/3coty.com\\\/de\\\/\",\"logo\":{\"@type\":\"ImageObject\",\"inLanguage\":\"de\",\"@id\":\"https:\\\/\\\/3coty.com\\\/de\\\/#\\\/schema\\\/logo\\\/image\\\/\",\"url\":\"https:\\\/\\\/3coty.com\\\/wp-content\\\/uploads\\\/2025\\\/05\\\/icon-3coty-logo.svg\",\"contentUrl\":\"https:\\\/\\\/3coty.com\\\/wp-content\\\/uploads\\\/2025\\\/05\\\/icon-3coty-logo.svg\",\"width\":283,\"height\":283,\"caption\":\"3coty\u00ae\"},\"image\":{\"@id\":\"https:\\\/\\\/3coty.com\\\/de\\\/#\\\/schema\\\/logo\\\/image\\\/\"},\"sameAs\":[\"https:\\\/\\\/www.facebook.com\\\/3coty\",\"https:\\\/\\\/x.com\\\/3cotyCom\",\"https:\\\/\\\/www.instagram.com\\\/3coty\",\"https:\\\/\\\/www.linkedin.com\\\/company\\\/3coty\",\"https:\\\/\\\/www.youtube.com\\\/@3coty\"]}]}<\/script>\n<meta property=\"product:price:amount\" content=\"2.50\" \/>\n<meta property=\"product:price:currency\" content=\"EUR\" \/>\n<meta property=\"og:availability\" content=\"instock\" \/>\n<meta property=\"product:availability\" content=\"instock\" \/>\n<meta property=\"product:retailer_item_id\" content=\"160T 61CH \/ 5901785316629\" \/>\n<meta property=\"product:condition\" content=\"new\" \/>\n<!-- \/ Yoast SEO Premium plugin. -->","yoast_head_json":{"title":"61. H\u00c4HNCHEN Cheers! 160 - 3coty\u00ae","robots":{"index":"index","follow":"follow","max-snippet":"max-snippet:-1","max-image-preview":"max-image-preview:large","max-video-preview":"max-video-preview:-1"},"canonical":"https:\/\/3coty.com\/de\/p\/61-chicken-160\/","og_locale":"de_DE","og_type":"article","og_title":"61. H\u00c4HNCHEN Cheers! 160","og_description":"F\u00dcR ALLE KATZEN | BR\u00dcHE | MONOPROTEIN-KATZENFUTTER","og_url":"https:\/\/3coty.com\/de\/p\/61-chicken-160\/","og_site_name":"3coty\u00ae","article_publisher":"https:\/\/www.facebook.com\/3coty","article_modified_time":"2026-04-16T04:23:27+00:00","og_image":[{"width":1024,"height":1024,"url":"https:\/\/3coty.com\/wp-content\/uploads\/2025\/07\/3coty-p-61-160-01.jpg","type":"image\/jpeg"}],"twitter_card":"summary_large_image","twitter_site":"@3cotyCom","twitter_misc":{"Preis":"\u20ac&nbsp;2.50","Verf\u00fcgbarkeit":"Auf Lager"},"schema":{"@context":"https:\/\/schema.org","@graph":[{"@type":"WebPage","@id":"https:\/\/3coty.com\/de\/p\/61-chicken-160\/","url":"https:\/\/3coty.com\/de\/p\/61-chicken-160\/","name":"61. H\u00c4HNCHEN Cheers! 160 - 3coty\u00ae","isPartOf":{"@id":"https:\/\/3coty.com\/de\/#website"},"primaryImageOfPage":{"@id":"https:\/\/3coty.com\/de\/p\/61-chicken-160\/#primaryimage"},"image":{"@id":"https:\/\/3coty.com\/de\/p\/61-chicken-160\/#primaryimage"},"thumbnailUrl":"https:\/\/3coty.com\/wp-content\/uploads\/2025\/07\/3coty-p-61-160-01.jpg","datePublished":"2025-05-27T12:47:45+00:00","dateModified":"2026-04-16T04:23:27+00:00","breadcrumb":{"@id":"https:\/\/3coty.com\/de\/p\/61-chicken-160\/#breadcrumb"},"inLanguage":"de","potentialAction":[{"@type":"ReadAction","target":["https:\/\/3coty.com\/de\/p\/61-chicken-160\/"]}]},{"@type":"ImageObject","inLanguage":"de","@id":"https:\/\/3coty.com\/de\/p\/61-chicken-160\/#primaryimage","url":"https:\/\/3coty.com\/wp-content\/uploads\/2025\/07\/3coty-p-61-160-01.jpg","contentUrl":"https:\/\/3coty.com\/wp-content\/uploads\/2025\/07\/3coty-p-61-160-01.jpg","width":1024,"height":1024},{"@type":"BreadcrumbList","@id":"https:\/\/3coty.com\/de\/p\/61-chicken-160\/#breadcrumb","itemListElement":[{"@type":"ListItem","position":1,"name":"Home","item":"https:\/\/3coty.com\/de\/"},{"@type":"ListItem","position":2,"name":"SHOP","item":"https:\/\/3coty.com\/de\/shop\/"},{"@type":"ListItem","position":3,"name":"61. H\u00c4HNCHEN Cheers! 160"}]},{"@type":"WebSite","@id":"https:\/\/3coty.com\/de\/#website","url":"https:\/\/3coty.com\/de\/","name":"3coty\u00ae","description":"Meat-only Cat Food","publisher":{"@id":"https:\/\/3coty.com\/de\/#organization"},"potentialAction":[{"@type":"SearchAction","target":{"@type":"EntryPoint","urlTemplate":"https:\/\/3coty.com\/de\/?s={search_term_string}"},"query-input":{"@type":"PropertyValueSpecification","valueRequired":true,"valueName":"search_term_string"}}],"inLanguage":"de"},{"@type":"Organization","@id":"https:\/\/3coty.com\/de\/#organization","name":"3coty\u00ae","alternateName":"3coty","url":"https:\/\/3coty.com\/de\/","logo":{"@type":"ImageObject","inLanguage":"de","@id":"https:\/\/3coty.com\/de\/#\/schema\/logo\/image\/","url":"https:\/\/3coty.com\/wp-content\/uploads\/2025\/05\/icon-3coty-logo.svg","contentUrl":"https:\/\/3coty.com\/wp-content\/uploads\/2025\/05\/icon-3coty-logo.svg","width":283,"height":283,"caption":"3coty\u00ae"},"image":{"@id":"https:\/\/3coty.com\/de\/#\/schema\/logo\/image\/"},"sameAs":["https:\/\/www.facebook.com\/3coty","https:\/\/x.com\/3cotyCom","https:\/\/www.instagram.com\/3coty","https:\/\/www.linkedin.com\/company\/3coty","https:\/\/www.youtube.com\/@3coty"]}]},"product_price_amount":"2.50","product_price_currency":"EUR","og_availability":"instock","product_availability":"instock","product_retailer_item_id":"160T 61CH \/ 5901785316629","product_condition":"new"},"_links":{"self":[{"href":"https:\/\/3coty.com\/de\/wp-json\/wp\/v2\/product\/31719","targetHints":{"allow":["GET"]}}],"collection":[{"href":"https:\/\/3coty.com\/de\/wp-json\/wp\/v2\/product"}],"about":[{"href":"https:\/\/3coty.com\/de\/wp-json\/wp\/v2\/types\/product"}],"version-history":[{"count":4,"href":"https:\/\/3coty.com\/de\/wp-json\/wp\/v2\/product\/31719\/revisions"}],"predecessor-version":[{"id":44468,"href":"https:\/\/3coty.com\/de\/wp-json\/wp\/v2\/product\/31719\/revisions\/44468"}],"wp:featuredmedia":[{"embeddable":true,"href":"https:\/\/3coty.com\/de\/wp-json\/wp\/v2\/media\/44251"}],"wp:attachment":[{"href":"https:\/\/3coty.com\/de\/wp-json\/wp\/v2\/media?parent=31719"}],"wp:term":[{"taxonomy":"product_brand","embeddable":true,"href":"https:\/\/3coty.com\/de\/wp-json\/wp\/v2\/product_brand?post=31719"},{"taxonomy":"product_cat","embeddable":true,"href":"https:\/\/3coty.com\/de\/wp-json\/wp\/v2\/product_cat?post=31719"},{"taxonomy":"product_tag","embeddable":true,"href":"https:\/\/3coty.com\/de\/wp-json\/wp\/v2\/product_tag?post=31719"}],"curies":[{"name":"wp","href":"https:\/\/api.w.org\/{rel}","templated":true}]}}