{"id":31692,"date":"2025-05-25T12:57:07","date_gmt":"2025-05-25T12:57:07","guid":{"rendered":"https:\/\/3coty.com\/p\/41-turkey-chicken-080\/"},"modified":"2026-03-28T05:13:21","modified_gmt":"2026-03-28T05:13:21","slug":"41-turkey-chicken-080","status":"publish","type":"product","link":"https:\/\/3coty.com\/de\/p\/41-turkey-chicken-080\/","title":{"rendered":"41. TRUTHAHN + H\u00c4HNCHEN 080"},"content":{"rendered":"<p><a href=\"https:\/\/3coty.com\/wp-content\/uploads\/2025\/07\/3coty-p-41-tab-1.svg\"><img fetchpriority=\"high\" decoding=\"async\" class=\"alignnone size-full wp-image-48186\" role=\"img\" src=\"https:\/\/3coty.com\/wp-content\/uploads\/2025\/07\/3coty-p-41-tab-1.svg\" alt=\"\" width=\"283\" height=\"283\" \/><\/a><\/p>\n<h2>NAT\u00dcRLICHES UND KOMPLETTES K\u00c4TZCHENFUTTER 3COTY\u00ae<\/h2>\n<p><strong>100% NAT\u00dcRLICHES FLEISCH UND TIERISCHE NEBENPRODUKTE, schonend gegart in eigener n\u00e4hrstoffreicher Br\u00fche<\/strong><\/p>\n<p>Dieses Kitten Futter ist speziell als erste feste Nahrung konzipiert, um Wachstum und Entwicklung zu f\u00f6rdern. Die Mousse Textur ist leicht zu lecken, w\u00e4hrend die Z\u00e4hne sich noch entwickeln. K\u00e4tzchen werden mit diesen zwei Hauptproteinen im Futter f\u00fcr erwachsene Katzen vertraut. Der Geschmack ist \u00e4hnlich wie der von 21. TRUTHAHN + H\u00c4HNCHEN, obwohl das f\u00fcr erwachsene Katzen ausgerichtet ist.<\/p>\n<p>K\u00e4tzchen Futter in eine Mousse aus H\u00e4hnchen und Truthahn f\u00fcr das erste 100% Fleisch Futter.<\/p>\n","protected":false},"excerpt":{"rendered":"<p><a href=\"https:\/\/3coty.com\/wp-content\/uploads\/2025\/07\/3coty-p-41-description-1.svg\"><img decoding=\"async\" class=\"alignnone size-medium wp-image-48150\" role=\"img\" src=\"https:\/\/3coty.com\/wp-content\/uploads\/2025\/07\/3coty-p-41-description-1.svg\" alt=\"\" width=\"300\" height=\"300\" \/><\/a><\/p>\n<p><strong>F\u00dcR K\u00c4TZCHEN<\/strong> | MOUSSE | DUOPROTEIN-KATZENFUTTER<\/p>\n<p><a href=\"https:\/\/3coty.com\/wp-content\/uploads\/2025\/07\/3coty-p-41-description-2.svg\"><img decoding=\"async\" class=\"alignnone size-full wp-image-48168\" role=\"img\" src=\"https:\/\/3coty.com\/wp-content\/uploads\/2025\/07\/3coty-p-41-description-2.svg\" alt=\"\" width=\"506\" height=\"85\" \/><\/a><\/p>\n","protected":false},"featured_media":48229,"template":"","meta":{"_acf_changed":false},"product_brand":[1952],"product_cat":[386],"product_tag":[1105],"class_list":{"0":"post-31692","1":"product","2":"type-product","3":"status-publish","4":"has-post-thumbnail","6":"product_brand-3coty","7":"product_cat-for-kittens","8":"product_tag-41tc","10":"first","11":"instock","12":"featured","13":"taxable","14":"shipping-taxable","15":"purchasable","16":"product-type-simple"},"acf":[],"yoast_head":"<!-- This site is optimized with the Yoast SEO Premium plugin v27.4 (Yoast SEO v27.4) - https:\/\/yoast.com\/product\/yoast-seo-premium-wordpress\/ -->\n<title>41. TRUTHAHN + H\u00c4HNCHEN 080 (80g) | F\u00fcr K\u00e4tzchen | 3coty\u00ae Nat\u00fcrliches Katzenfutter 100% Fleisch<\/title>\n<meta name=\"description\" content=\"Truthahn- und H\u00e4hnchenfutter f\u00fcr K\u00e4tzchen in Mousse-Textur f\u00fcr eine nat\u00fcrliche vollst\u00e4ndige und ausgewogene Ern\u00e4hrung ab dem Absetzen. Perfekt kombinierte Fleischsorten f\u00fcr gesundes Wachstum.\" \/>\n<meta name=\"robots\" content=\"index, follow, max-snippet:-1, max-image-preview:large, max-video-preview:-1\" \/>\n<link rel=\"canonical\" href=\"https:\/\/3coty.com\/de\/p\/41-turkey-chicken-080\/\" \/>\n<meta property=\"og:locale\" content=\"de_DE\" \/>\n<meta property=\"og:type\" content=\"article\" \/>\n<meta property=\"og:title\" content=\"41. TRUTHAHN + H\u00c4HNCHEN 080 (80g) | F\u00fcr K\u00e4tzchen | 3coty\u00ae Nat\u00fcrliches Katzenfutter 100% Fleisch\" \/>\n<meta property=\"og:description\" content=\"Truthahn- und H\u00e4hnchenfutter f\u00fcr K\u00e4tzchen in Mousse-Textur f\u00fcr eine nat\u00fcrliche vollst\u00e4ndige und ausgewogene Ern\u00e4hrung ab dem Absetzen. Perfekt kombinierte Fleischsorten f\u00fcr gesundes Wachstum.\" \/>\n<meta property=\"og:url\" content=\"https:\/\/3coty.com\/de\/p\/41-turkey-chicken-080\/\" \/>\n<meta property=\"og:site_name\" content=\"3coty\u00ae\" \/>\n<meta property=\"article:publisher\" content=\"https:\/\/www.facebook.com\/3coty\" \/>\n<meta property=\"article:modified_time\" content=\"2026-03-28T05:13:21+00:00\" \/>\n<meta property=\"og:image\" content=\"https:\/\/3coty.com\/wp-content\/uploads\/2025\/10\/3coty-41-turkey-chicken-080-meat-only-cat-food.jpg\" \/>\n\t<meta property=\"og:image:width\" content=\"1200\" \/>\n\t<meta property=\"og:image:height\" content=\"630\" \/>\n\t<meta property=\"og:image:type\" content=\"image\/jpeg\" \/>\n<meta name=\"twitter:card\" content=\"summary_large_image\" \/>\n<meta name=\"twitter:title\" content=\"41. TRUTHAHN + H\u00c4HNCHEN 080 (80g) | F\u00fcr K\u00e4tzchen | 3coty\u00ae Nat\u00fcrliches Katzenfutter 100% Fleisch\" \/>\n<meta name=\"twitter:description\" content=\"Truthahn- und H\u00e4hnchenfutter f\u00fcr K\u00e4tzchen in Mousse-Textur f\u00fcr eine nat\u00fcrliche vollst\u00e4ndige und ausgewogene Ern\u00e4hrung ab dem Absetzen. Perfekt kombinierte Fleischsorten f\u00fcr gesundes Wachstum.\" \/>\n<meta name=\"twitter:image\" content=\"https:\/\/3coty.com\/wp-content\/uploads\/2025\/10\/3coty-41-turkey-chicken-080-meat-only-cat-food.jpg\" \/>\n<meta name=\"twitter:site\" content=\"@3cotyCom\" \/>\n<meta name=\"twitter:label1\" content=\"Preis\" \/>\n\t<meta name=\"twitter:data1\" content=\"\u20ac&nbsp;2.00\" \/>\n\t<meta name=\"twitter:label2\" content=\"Verf\u00fcgbarkeit\" \/>\n\t<meta name=\"twitter:data2\" content=\"Auf Lager\" \/>\n<script type=\"application\/ld+json\" class=\"yoast-schema-graph\">{\"@context\":\"https:\\\/\\\/schema.org\",\"@graph\":[{\"@type\":\"WebPage\",\"@id\":\"https:\\\/\\\/3coty.com\\\/de\\\/p\\\/41-turkey-chicken-080\\\/\",\"url\":\"https:\\\/\\\/3coty.com\\\/de\\\/p\\\/41-turkey-chicken-080\\\/\",\"name\":\"41. TRUTHAHN + H\u00c4HNCHEN 080 (80g) | F\u00fcr K\u00e4tzchen | 3coty\u00ae Nat\u00fcrliches Katzenfutter 100% Fleisch\",\"isPartOf\":{\"@id\":\"https:\\\/\\\/3coty.com\\\/de\\\/#website\"},\"primaryImageOfPage\":{\"@id\":\"https:\\\/\\\/3coty.com\\\/de\\\/p\\\/41-turkey-chicken-080\\\/#primaryimage\"},\"image\":{\"@id\":\"https:\\\/\\\/3coty.com\\\/de\\\/p\\\/41-turkey-chicken-080\\\/#primaryimage\"},\"thumbnailUrl\":\"https:\\\/\\\/3coty.com\\\/wp-content\\\/uploads\\\/2025\\\/07\\\/3coty-p-41-080-01.jpg\",\"datePublished\":\"2025-05-25T12:57:07+00:00\",\"dateModified\":\"2026-03-28T05:13:21+00:00\",\"description\":\"Truthahn- und H\u00e4hnchenfutter f\u00fcr K\u00e4tzchen in Mousse-Textur f\u00fcr eine nat\u00fcrliche vollst\u00e4ndige und ausgewogene Ern\u00e4hrung ab dem Absetzen. Perfekt kombinierte Fleischsorten f\u00fcr gesundes Wachstum.\",\"breadcrumb\":{\"@id\":\"https:\\\/\\\/3coty.com\\\/de\\\/p\\\/41-turkey-chicken-080\\\/#breadcrumb\"},\"inLanguage\":\"de\",\"potentialAction\":[{\"@type\":\"ReadAction\",\"target\":[\"https:\\\/\\\/3coty.com\\\/de\\\/p\\\/41-turkey-chicken-080\\\/\"]}]},{\"@type\":\"ImageObject\",\"inLanguage\":\"de\",\"@id\":\"https:\\\/\\\/3coty.com\\\/de\\\/p\\\/41-turkey-chicken-080\\\/#primaryimage\",\"url\":\"https:\\\/\\\/3coty.com\\\/wp-content\\\/uploads\\\/2025\\\/07\\\/3coty-p-41-080-01.jpg\",\"contentUrl\":\"https:\\\/\\\/3coty.com\\\/wp-content\\\/uploads\\\/2025\\\/07\\\/3coty-p-41-080-01.jpg\",\"width\":1024,\"height\":1024},{\"@type\":\"BreadcrumbList\",\"@id\":\"https:\\\/\\\/3coty.com\\\/de\\\/p\\\/41-turkey-chicken-080\\\/#breadcrumb\",\"itemListElement\":[{\"@type\":\"ListItem\",\"position\":1,\"name\":\"Home\",\"item\":\"https:\\\/\\\/3coty.com\\\/de\\\/\"},{\"@type\":\"ListItem\",\"position\":2,\"name\":\"SHOP\",\"item\":\"https:\\\/\\\/3coty.com\\\/de\\\/shop\\\/\"},{\"@type\":\"ListItem\",\"position\":3,\"name\":\"41. TRUTHAHN + H\u00c4HNCHEN 080\"}]},{\"@type\":\"WebSite\",\"@id\":\"https:\\\/\\\/3coty.com\\\/de\\\/#website\",\"url\":\"https:\\\/\\\/3coty.com\\\/de\\\/\",\"name\":\"3coty\u00ae\",\"description\":\"Meat-only Cat Food\",\"publisher\":{\"@id\":\"https:\\\/\\\/3coty.com\\\/de\\\/#organization\"},\"potentialAction\":[{\"@type\":\"SearchAction\",\"target\":{\"@type\":\"EntryPoint\",\"urlTemplate\":\"https:\\\/\\\/3coty.com\\\/de\\\/?s={search_term_string}\"},\"query-input\":{\"@type\":\"PropertyValueSpecification\",\"valueRequired\":true,\"valueName\":\"search_term_string\"}}],\"inLanguage\":\"de\"},{\"@type\":\"Organization\",\"@id\":\"https:\\\/\\\/3coty.com\\\/de\\\/#organization\",\"name\":\"3coty\u00ae\",\"alternateName\":\"3coty\",\"url\":\"https:\\\/\\\/3coty.com\\\/de\\\/\",\"logo\":{\"@type\":\"ImageObject\",\"inLanguage\":\"de\",\"@id\":\"https:\\\/\\\/3coty.com\\\/de\\\/#\\\/schema\\\/logo\\\/image\\\/\",\"url\":\"https:\\\/\\\/3coty.com\\\/wp-content\\\/uploads\\\/2025\\\/05\\\/icon-3coty-logo.svg\",\"contentUrl\":\"https:\\\/\\\/3coty.com\\\/wp-content\\\/uploads\\\/2025\\\/05\\\/icon-3coty-logo.svg\",\"width\":283,\"height\":283,\"caption\":\"3coty\u00ae\"},\"image\":{\"@id\":\"https:\\\/\\\/3coty.com\\\/de\\\/#\\\/schema\\\/logo\\\/image\\\/\"},\"sameAs\":[\"https:\\\/\\\/www.facebook.com\\\/3coty\",\"https:\\\/\\\/x.com\\\/3cotyCom\",\"https:\\\/\\\/www.instagram.com\\\/3coty\",\"https:\\\/\\\/www.linkedin.com\\\/company\\\/3coty\",\"https:\\\/\\\/www.youtube.com\\\/@3coty\"]}]}<\/script>\n<meta property=\"product:price:amount\" content=\"2.00\" \/>\n<meta property=\"product:price:currency\" content=\"EUR\" \/>\n<meta property=\"og:availability\" content=\"instock\" \/>\n<meta property=\"product:availability\" content=\"instock\" \/>\n<meta property=\"product:retailer_item_id\" content=\"080T 41TC \/ 5901785316339\" \/>\n<meta property=\"product:condition\" content=\"new\" \/>\n<!-- \/ Yoast SEO Premium plugin. -->","yoast_head_json":{"title":"41. TRUTHAHN + H\u00c4HNCHEN 080 (80g) | F\u00fcr K\u00e4tzchen | 3coty\u00ae Nat\u00fcrliches Katzenfutter 100% Fleisch","description":"Truthahn- und H\u00e4hnchenfutter f\u00fcr K\u00e4tzchen in Mousse-Textur f\u00fcr eine nat\u00fcrliche vollst\u00e4ndige und ausgewogene Ern\u00e4hrung ab dem Absetzen. Perfekt kombinierte Fleischsorten f\u00fcr gesundes Wachstum.","robots":{"index":"index","follow":"follow","max-snippet":"max-snippet:-1","max-image-preview":"max-image-preview:large","max-video-preview":"max-video-preview:-1"},"canonical":"https:\/\/3coty.com\/de\/p\/41-turkey-chicken-080\/","og_locale":"de_DE","og_type":"article","og_title":"41. TRUTHAHN + H\u00c4HNCHEN 080 (80g) | F\u00fcr K\u00e4tzchen | 3coty\u00ae Nat\u00fcrliches Katzenfutter 100% Fleisch","og_description":"Truthahn- und H\u00e4hnchenfutter f\u00fcr K\u00e4tzchen in Mousse-Textur f\u00fcr eine nat\u00fcrliche vollst\u00e4ndige und ausgewogene Ern\u00e4hrung ab dem Absetzen. Perfekt kombinierte Fleischsorten f\u00fcr gesundes Wachstum.","og_url":"https:\/\/3coty.com\/de\/p\/41-turkey-chicken-080\/","og_site_name":"3coty\u00ae","article_publisher":"https:\/\/www.facebook.com\/3coty","article_modified_time":"2026-03-28T05:13:21+00:00","og_image":[{"width":1200,"height":630,"url":"https:\/\/3coty.com\/wp-content\/uploads\/2025\/10\/3coty-41-turkey-chicken-080-meat-only-cat-food.jpg","type":"image\/jpeg"}],"twitter_card":"summary_large_image","twitter_title":"41. TRUTHAHN + H\u00c4HNCHEN 080 (80g) | F\u00fcr K\u00e4tzchen | 3coty\u00ae Nat\u00fcrliches Katzenfutter 100% Fleisch","twitter_description":"Truthahn- und H\u00e4hnchenfutter f\u00fcr K\u00e4tzchen in Mousse-Textur f\u00fcr eine nat\u00fcrliche vollst\u00e4ndige und ausgewogene Ern\u00e4hrung ab dem Absetzen. Perfekt kombinierte Fleischsorten f\u00fcr gesundes Wachstum.","twitter_image":"https:\/\/3coty.com\/wp-content\/uploads\/2025\/10\/3coty-41-turkey-chicken-080-meat-only-cat-food.jpg","twitter_site":"@3cotyCom","twitter_misc":{"Preis":"\u20ac&nbsp;2.00","Verf\u00fcgbarkeit":"Auf Lager"},"schema":{"@context":"https:\/\/schema.org","@graph":[{"@type":"WebPage","@id":"https:\/\/3coty.com\/de\/p\/41-turkey-chicken-080\/","url":"https:\/\/3coty.com\/de\/p\/41-turkey-chicken-080\/","name":"41. TRUTHAHN + H\u00c4HNCHEN 080 (80g) | F\u00fcr K\u00e4tzchen | 3coty\u00ae Nat\u00fcrliches Katzenfutter 100% Fleisch","isPartOf":{"@id":"https:\/\/3coty.com\/de\/#website"},"primaryImageOfPage":{"@id":"https:\/\/3coty.com\/de\/p\/41-turkey-chicken-080\/#primaryimage"},"image":{"@id":"https:\/\/3coty.com\/de\/p\/41-turkey-chicken-080\/#primaryimage"},"thumbnailUrl":"https:\/\/3coty.com\/wp-content\/uploads\/2025\/07\/3coty-p-41-080-01.jpg","datePublished":"2025-05-25T12:57:07+00:00","dateModified":"2026-03-28T05:13:21+00:00","description":"Truthahn- und H\u00e4hnchenfutter f\u00fcr K\u00e4tzchen in Mousse-Textur f\u00fcr eine nat\u00fcrliche vollst\u00e4ndige und ausgewogene Ern\u00e4hrung ab dem Absetzen. Perfekt kombinierte Fleischsorten f\u00fcr gesundes Wachstum.","breadcrumb":{"@id":"https:\/\/3coty.com\/de\/p\/41-turkey-chicken-080\/#breadcrumb"},"inLanguage":"de","potentialAction":[{"@type":"ReadAction","target":["https:\/\/3coty.com\/de\/p\/41-turkey-chicken-080\/"]}]},{"@type":"ImageObject","inLanguage":"de","@id":"https:\/\/3coty.com\/de\/p\/41-turkey-chicken-080\/#primaryimage","url":"https:\/\/3coty.com\/wp-content\/uploads\/2025\/07\/3coty-p-41-080-01.jpg","contentUrl":"https:\/\/3coty.com\/wp-content\/uploads\/2025\/07\/3coty-p-41-080-01.jpg","width":1024,"height":1024},{"@type":"BreadcrumbList","@id":"https:\/\/3coty.com\/de\/p\/41-turkey-chicken-080\/#breadcrumb","itemListElement":[{"@type":"ListItem","position":1,"name":"Home","item":"https:\/\/3coty.com\/de\/"},{"@type":"ListItem","position":2,"name":"SHOP","item":"https:\/\/3coty.com\/de\/shop\/"},{"@type":"ListItem","position":3,"name":"41. TRUTHAHN + H\u00c4HNCHEN 080"}]},{"@type":"WebSite","@id":"https:\/\/3coty.com\/de\/#website","url":"https:\/\/3coty.com\/de\/","name":"3coty\u00ae","description":"Meat-only Cat Food","publisher":{"@id":"https:\/\/3coty.com\/de\/#organization"},"potentialAction":[{"@type":"SearchAction","target":{"@type":"EntryPoint","urlTemplate":"https:\/\/3coty.com\/de\/?s={search_term_string}"},"query-input":{"@type":"PropertyValueSpecification","valueRequired":true,"valueName":"search_term_string"}}],"inLanguage":"de"},{"@type":"Organization","@id":"https:\/\/3coty.com\/de\/#organization","name":"3coty\u00ae","alternateName":"3coty","url":"https:\/\/3coty.com\/de\/","logo":{"@type":"ImageObject","inLanguage":"de","@id":"https:\/\/3coty.com\/de\/#\/schema\/logo\/image\/","url":"https:\/\/3coty.com\/wp-content\/uploads\/2025\/05\/icon-3coty-logo.svg","contentUrl":"https:\/\/3coty.com\/wp-content\/uploads\/2025\/05\/icon-3coty-logo.svg","width":283,"height":283,"caption":"3coty\u00ae"},"image":{"@id":"https:\/\/3coty.com\/de\/#\/schema\/logo\/image\/"},"sameAs":["https:\/\/www.facebook.com\/3coty","https:\/\/x.com\/3cotyCom","https:\/\/www.instagram.com\/3coty","https:\/\/www.linkedin.com\/company\/3coty","https:\/\/www.youtube.com\/@3coty"]}]},"product_price_amount":"2.00","product_price_currency":"EUR","og_availability":"instock","product_availability":"instock","product_retailer_item_id":"080T 41TC \/ 5901785316339","product_condition":"new"},"_links":{"self":[{"href":"https:\/\/3coty.com\/de\/wp-json\/wp\/v2\/product\/31692","targetHints":{"allow":["GET"]}}],"collection":[{"href":"https:\/\/3coty.com\/de\/wp-json\/wp\/v2\/product"}],"about":[{"href":"https:\/\/3coty.com\/de\/wp-json\/wp\/v2\/types\/product"}],"version-history":[{"count":4,"href":"https:\/\/3coty.com\/de\/wp-json\/wp\/v2\/product\/31692\/revisions"}],"predecessor-version":[{"id":48598,"href":"https:\/\/3coty.com\/de\/wp-json\/wp\/v2\/product\/31692\/revisions\/48598"}],"wp:featuredmedia":[{"embeddable":true,"href":"https:\/\/3coty.com\/de\/wp-json\/wp\/v2\/media\/48229"}],"wp:attachment":[{"href":"https:\/\/3coty.com\/de\/wp-json\/wp\/v2\/media?parent=31692"}],"wp:term":[{"taxonomy":"product_brand","embeddable":true,"href":"https:\/\/3coty.com\/de\/wp-json\/wp\/v2\/product_brand?post=31692"},{"taxonomy":"product_cat","embeddable":true,"href":"https:\/\/3coty.com\/de\/wp-json\/wp\/v2\/product_cat?post=31692"},{"taxonomy":"product_tag","embeddable":true,"href":"https:\/\/3coty.com\/de\/wp-json\/wp\/v2\/product_tag?post=31692"}],"curies":[{"name":"wp","href":"https:\/\/api.w.org\/{rel}","templated":true}]}}