{"id":31642,"date":"2025-05-23T19:40:19","date_gmt":"2025-05-23T19:40:19","guid":{"rendered":"https:\/\/3coty.com\/p\/14-turkey-duck-390\/"},"modified":"2026-04-16T03:56:53","modified_gmt":"2026-04-16T03:56:53","slug":"14-turkey-duck-390","status":"publish","type":"product","link":"https:\/\/3coty.com\/de\/p\/14-turkey-duck-390\/","title":{"rendered":"14. TRUTHAHN + ENTE 390"},"content":{"rendered":"<p><a href=\"https:\/\/3coty.com\/wp-content\/uploads\/2025\/07\/3coty-p-14-tab-1.svg\"><img fetchpriority=\"high\" decoding=\"async\" class=\"alignnone size-full wp-image-56290\" role=\"img\" src=\"https:\/\/3coty.com\/wp-content\/uploads\/2025\/07\/3coty-p-14-tab-1.svg\" alt=\"\" width=\"283\" height=\"283\" \/><\/a><\/p>\n<h2>KOMPLETTES UND NAT\u00dcRLICHES 3COTY\u00ae KATZENFUTTER<\/h2>\n<p><strong>100% NAT\u00dcRLICHES FLEISCH UND TIERISCHE NEBENPRODUKTE, schonend gegart in eigener n\u00e4hrstoffreicher Br\u00fche<\/strong><\/p>\n<p>Truthahn und Ente l\u00f6sen beide selten Allergiereaktionen aus. Sie werden daher oft einzeln als Eliminationsdi\u00e4t verwendet, um das Immunsystem zu beruhigen. Das andere Fleisch kann dann eingebracht werden, um Ihnen und Ihrer Katze etwas Abwechslung zu bieten. Katzen erfreuen sich an dem pikanten Geschmack des saftigen Entenfleisches.<\/p>\n<p>F\u00fcr allergische Katzen entwickelt, ist diese schmackhafte Kombination eher ungew\u00f6hnlich.<\/p>\n","protected":false},"excerpt":{"rendered":"<p><a href=\"https:\/\/3coty.com\/wp-content\/uploads\/2025\/07\/3coty-p-14-description-1.svg\"><img decoding=\"async\" class=\"alignnone size-medium wp-image-56254\" role=\"img\" src=\"https:\/\/3coty.com\/wp-content\/uploads\/2025\/07\/3coty-p-14-description-1.svg\" alt=\"\" width=\"300\" height=\"300\" \/><\/a><\/p>\n<p><strong>F\u00dcR ERWACHSENE KATZEN<\/strong> | PASTETE | DUOPROTEIN-KATZENFUTTER<\/p>\n<p><a href=\"https:\/\/3coty.com\/wp-content\/uploads\/2025\/07\/3coty-p-14-description-2.svg\"><img decoding=\"async\" class=\"alignnone size-full wp-image-56272\" role=\"img\" src=\"https:\/\/3coty.com\/wp-content\/uploads\/2025\/07\/3coty-p-14-description-2.svg\" alt=\"\" width=\"506\" height=\"85\" \/><\/a><\/p>\n","protected":false},"featured_media":56513,"template":"","meta":{"_acf_changed":false},"product_brand":[],"product_cat":[353],"product_tag":[897],"class_list":{"0":"post-31642","1":"product","2":"type-product","3":"status-publish","4":"has-post-thumbnail","6":"product_cat-for-adult-cats","7":"product_tag-14td","9":"first","10":"instock","11":"featured","12":"taxable","13":"shipping-taxable","14":"purchasable","15":"product-type-simple"},"acf":[],"yoast_head":"<!-- This site is optimized with the Yoast SEO Premium plugin v27.4 (Yoast SEO v27.4) - https:\/\/yoast.com\/product\/yoast-seo-premium-wordpress\/ -->\n<title>14. TRUTHAHN + ENTE 390 - 3coty\u00ae<\/title>\n<meta name=\"robots\" content=\"index, follow, max-snippet:-1, max-image-preview:large, max-video-preview:-1\" \/>\n<link rel=\"canonical\" href=\"https:\/\/3coty.com\/de\/p\/14-turkey-duck-390\/\" \/>\n<meta property=\"og:locale\" content=\"de_DE\" \/>\n<meta property=\"og:type\" content=\"article\" \/>\n<meta property=\"og:title\" content=\"14. TRUTHAHN + ENTE 390\" \/>\n<meta property=\"og:description\" content=\"F\u00dcR ERWACHSENE KATZEN | PASTETE | DUOPROTEIN-KATZENFUTTER\" \/>\n<meta property=\"og:url\" content=\"https:\/\/3coty.com\/de\/p\/14-turkey-duck-390\/\" \/>\n<meta property=\"og:site_name\" content=\"3coty\u00ae\" \/>\n<meta property=\"article:publisher\" content=\"https:\/\/www.facebook.com\/3coty\" \/>\n<meta property=\"article:modified_time\" content=\"2026-04-16T03:56:53+00:00\" \/>\n<meta property=\"og:image\" content=\"https:\/\/3coty.com\/wp-content\/uploads\/2025\/07\/3coty-p-14-390-01.jpg\" \/>\n\t<meta property=\"og:image:width\" content=\"1024\" \/>\n\t<meta property=\"og:image:height\" content=\"1024\" \/>\n\t<meta property=\"og:image:type\" content=\"image\/jpeg\" \/>\n<meta name=\"twitter:card\" content=\"summary_large_image\" \/>\n<meta name=\"twitter:site\" content=\"@3cotyCom\" \/>\n<meta name=\"twitter:label1\" content=\"Preis\" \/>\n\t<meta name=\"twitter:data1\" content=\"\u20ac&nbsp;5.75\" \/>\n\t<meta name=\"twitter:label2\" content=\"Verf\u00fcgbarkeit\" \/>\n\t<meta name=\"twitter:data2\" content=\"Auf Lager\" \/>\n<script type=\"application\/ld+json\" class=\"yoast-schema-graph\">{\"@context\":\"https:\\\/\\\/schema.org\",\"@graph\":[{\"@type\":\"WebPage\",\"@id\":\"https:\\\/\\\/3coty.com\\\/de\\\/p\\\/14-turkey-duck-390\\\/\",\"url\":\"https:\\\/\\\/3coty.com\\\/de\\\/p\\\/14-turkey-duck-390\\\/\",\"name\":\"14. TRUTHAHN + ENTE 390 - 3coty\u00ae\",\"isPartOf\":{\"@id\":\"https:\\\/\\\/3coty.com\\\/de\\\/#website\"},\"primaryImageOfPage\":{\"@id\":\"https:\\\/\\\/3coty.com\\\/de\\\/p\\\/14-turkey-duck-390\\\/#primaryimage\"},\"image\":{\"@id\":\"https:\\\/\\\/3coty.com\\\/de\\\/p\\\/14-turkey-duck-390\\\/#primaryimage\"},\"thumbnailUrl\":\"https:\\\/\\\/3coty.com\\\/wp-content\\\/uploads\\\/2025\\\/07\\\/3coty-p-14-390-01.jpg\",\"datePublished\":\"2025-05-23T19:40:19+00:00\",\"dateModified\":\"2026-04-16T03:56:53+00:00\",\"breadcrumb\":{\"@id\":\"https:\\\/\\\/3coty.com\\\/de\\\/p\\\/14-turkey-duck-390\\\/#breadcrumb\"},\"inLanguage\":\"de\",\"potentialAction\":[{\"@type\":\"ReadAction\",\"target\":[\"https:\\\/\\\/3coty.com\\\/de\\\/p\\\/14-turkey-duck-390\\\/\"]}]},{\"@type\":\"ImageObject\",\"inLanguage\":\"de\",\"@id\":\"https:\\\/\\\/3coty.com\\\/de\\\/p\\\/14-turkey-duck-390\\\/#primaryimage\",\"url\":\"https:\\\/\\\/3coty.com\\\/wp-content\\\/uploads\\\/2025\\\/07\\\/3coty-p-14-390-01.jpg\",\"contentUrl\":\"https:\\\/\\\/3coty.com\\\/wp-content\\\/uploads\\\/2025\\\/07\\\/3coty-p-14-390-01.jpg\",\"width\":1024,\"height\":1024},{\"@type\":\"BreadcrumbList\",\"@id\":\"https:\\\/\\\/3coty.com\\\/de\\\/p\\\/14-turkey-duck-390\\\/#breadcrumb\",\"itemListElement\":[{\"@type\":\"ListItem\",\"position\":1,\"name\":\"Home\",\"item\":\"https:\\\/\\\/3coty.com\\\/de\\\/\"},{\"@type\":\"ListItem\",\"position\":2,\"name\":\"SHOP\",\"item\":\"https:\\\/\\\/3coty.com\\\/de\\\/shop\\\/\"},{\"@type\":\"ListItem\",\"position\":3,\"name\":\"14. TRUTHAHN + ENTE 390\"}]},{\"@type\":\"WebSite\",\"@id\":\"https:\\\/\\\/3coty.com\\\/de\\\/#website\",\"url\":\"https:\\\/\\\/3coty.com\\\/de\\\/\",\"name\":\"3coty\u00ae\",\"description\":\"Meat-only Cat Food\",\"publisher\":{\"@id\":\"https:\\\/\\\/3coty.com\\\/de\\\/#organization\"},\"potentialAction\":[{\"@type\":\"SearchAction\",\"target\":{\"@type\":\"EntryPoint\",\"urlTemplate\":\"https:\\\/\\\/3coty.com\\\/de\\\/?s={search_term_string}\"},\"query-input\":{\"@type\":\"PropertyValueSpecification\",\"valueRequired\":true,\"valueName\":\"search_term_string\"}}],\"inLanguage\":\"de\"},{\"@type\":\"Organization\",\"@id\":\"https:\\\/\\\/3coty.com\\\/de\\\/#organization\",\"name\":\"3coty\u00ae\",\"alternateName\":\"3coty\",\"url\":\"https:\\\/\\\/3coty.com\\\/de\\\/\",\"logo\":{\"@type\":\"ImageObject\",\"inLanguage\":\"de\",\"@id\":\"https:\\\/\\\/3coty.com\\\/de\\\/#\\\/schema\\\/logo\\\/image\\\/\",\"url\":\"https:\\\/\\\/3coty.com\\\/wp-content\\\/uploads\\\/2025\\\/05\\\/icon-3coty-logo.svg\",\"contentUrl\":\"https:\\\/\\\/3coty.com\\\/wp-content\\\/uploads\\\/2025\\\/05\\\/icon-3coty-logo.svg\",\"width\":283,\"height\":283,\"caption\":\"3coty\u00ae\"},\"image\":{\"@id\":\"https:\\\/\\\/3coty.com\\\/de\\\/#\\\/schema\\\/logo\\\/image\\\/\"},\"sameAs\":[\"https:\\\/\\\/www.facebook.com\\\/3coty\",\"https:\\\/\\\/x.com\\\/3cotyCom\",\"https:\\\/\\\/www.instagram.com\\\/3coty\",\"https:\\\/\\\/www.linkedin.com\\\/company\\\/3coty\",\"https:\\\/\\\/www.youtube.com\\\/@3coty\"]}]}<\/script>\n<meta property=\"product:price:amount\" content=\"5.75\" \/>\n<meta property=\"product:price:currency\" content=\"EUR\" \/>\n<meta property=\"og:availability\" content=\"instock\" \/>\n<meta property=\"product:availability\" content=\"instock\" \/>\n<meta property=\"product:retailer_item_id\" content=\"390T 14TC \/ 5901785316483\" \/>\n<meta property=\"product:condition\" content=\"new\" \/>\n<!-- \/ Yoast SEO Premium plugin. -->","yoast_head_json":{"title":"14. TRUTHAHN + ENTE 390 - 3coty\u00ae","robots":{"index":"index","follow":"follow","max-snippet":"max-snippet:-1","max-image-preview":"max-image-preview:large","max-video-preview":"max-video-preview:-1"},"canonical":"https:\/\/3coty.com\/de\/p\/14-turkey-duck-390\/","og_locale":"de_DE","og_type":"article","og_title":"14. TRUTHAHN + ENTE 390","og_description":"F\u00dcR ERWACHSENE KATZEN | PASTETE | DUOPROTEIN-KATZENFUTTER","og_url":"https:\/\/3coty.com\/de\/p\/14-turkey-duck-390\/","og_site_name":"3coty\u00ae","article_publisher":"https:\/\/www.facebook.com\/3coty","article_modified_time":"2026-04-16T03:56:53+00:00","og_image":[{"width":1024,"height":1024,"url":"https:\/\/3coty.com\/wp-content\/uploads\/2025\/07\/3coty-p-14-390-01.jpg","type":"image\/jpeg"}],"twitter_card":"summary_large_image","twitter_site":"@3cotyCom","twitter_misc":{"Preis":"\u20ac&nbsp;5.75","Verf\u00fcgbarkeit":"Auf Lager"},"schema":{"@context":"https:\/\/schema.org","@graph":[{"@type":"WebPage","@id":"https:\/\/3coty.com\/de\/p\/14-turkey-duck-390\/","url":"https:\/\/3coty.com\/de\/p\/14-turkey-duck-390\/","name":"14. TRUTHAHN + ENTE 390 - 3coty\u00ae","isPartOf":{"@id":"https:\/\/3coty.com\/de\/#website"},"primaryImageOfPage":{"@id":"https:\/\/3coty.com\/de\/p\/14-turkey-duck-390\/#primaryimage"},"image":{"@id":"https:\/\/3coty.com\/de\/p\/14-turkey-duck-390\/#primaryimage"},"thumbnailUrl":"https:\/\/3coty.com\/wp-content\/uploads\/2025\/07\/3coty-p-14-390-01.jpg","datePublished":"2025-05-23T19:40:19+00:00","dateModified":"2026-04-16T03:56:53+00:00","breadcrumb":{"@id":"https:\/\/3coty.com\/de\/p\/14-turkey-duck-390\/#breadcrumb"},"inLanguage":"de","potentialAction":[{"@type":"ReadAction","target":["https:\/\/3coty.com\/de\/p\/14-turkey-duck-390\/"]}]},{"@type":"ImageObject","inLanguage":"de","@id":"https:\/\/3coty.com\/de\/p\/14-turkey-duck-390\/#primaryimage","url":"https:\/\/3coty.com\/wp-content\/uploads\/2025\/07\/3coty-p-14-390-01.jpg","contentUrl":"https:\/\/3coty.com\/wp-content\/uploads\/2025\/07\/3coty-p-14-390-01.jpg","width":1024,"height":1024},{"@type":"BreadcrumbList","@id":"https:\/\/3coty.com\/de\/p\/14-turkey-duck-390\/#breadcrumb","itemListElement":[{"@type":"ListItem","position":1,"name":"Home","item":"https:\/\/3coty.com\/de\/"},{"@type":"ListItem","position":2,"name":"SHOP","item":"https:\/\/3coty.com\/de\/shop\/"},{"@type":"ListItem","position":3,"name":"14. TRUTHAHN + ENTE 390"}]},{"@type":"WebSite","@id":"https:\/\/3coty.com\/de\/#website","url":"https:\/\/3coty.com\/de\/","name":"3coty\u00ae","description":"Meat-only Cat Food","publisher":{"@id":"https:\/\/3coty.com\/de\/#organization"},"potentialAction":[{"@type":"SearchAction","target":{"@type":"EntryPoint","urlTemplate":"https:\/\/3coty.com\/de\/?s={search_term_string}"},"query-input":{"@type":"PropertyValueSpecification","valueRequired":true,"valueName":"search_term_string"}}],"inLanguage":"de"},{"@type":"Organization","@id":"https:\/\/3coty.com\/de\/#organization","name":"3coty\u00ae","alternateName":"3coty","url":"https:\/\/3coty.com\/de\/","logo":{"@type":"ImageObject","inLanguage":"de","@id":"https:\/\/3coty.com\/de\/#\/schema\/logo\/image\/","url":"https:\/\/3coty.com\/wp-content\/uploads\/2025\/05\/icon-3coty-logo.svg","contentUrl":"https:\/\/3coty.com\/wp-content\/uploads\/2025\/05\/icon-3coty-logo.svg","width":283,"height":283,"caption":"3coty\u00ae"},"image":{"@id":"https:\/\/3coty.com\/de\/#\/schema\/logo\/image\/"},"sameAs":["https:\/\/www.facebook.com\/3coty","https:\/\/x.com\/3cotyCom","https:\/\/www.instagram.com\/3coty","https:\/\/www.linkedin.com\/company\/3coty","https:\/\/www.youtube.com\/@3coty"]}]},"product_price_amount":"5.75","product_price_currency":"EUR","og_availability":"instock","product_availability":"instock","product_retailer_item_id":"390T 14TC \/ 5901785316483","product_condition":"new"},"_links":{"self":[{"href":"https:\/\/3coty.com\/de\/wp-json\/wp\/v2\/product\/31642","targetHints":{"allow":["GET"]}}],"collection":[{"href":"https:\/\/3coty.com\/de\/wp-json\/wp\/v2\/product"}],"about":[{"href":"https:\/\/3coty.com\/de\/wp-json\/wp\/v2\/types\/product"}],"version-history":[{"count":4,"href":"https:\/\/3coty.com\/de\/wp-json\/wp\/v2\/product\/31642\/revisions"}],"predecessor-version":[{"id":56702,"href":"https:\/\/3coty.com\/de\/wp-json\/wp\/v2\/product\/31642\/revisions\/56702"}],"wp:featuredmedia":[{"embeddable":true,"href":"https:\/\/3coty.com\/de\/wp-json\/wp\/v2\/media\/56513"}],"wp:attachment":[{"href":"https:\/\/3coty.com\/de\/wp-json\/wp\/v2\/media?parent=31642"}],"wp:term":[{"taxonomy":"product_brand","embeddable":true,"href":"https:\/\/3coty.com\/de\/wp-json\/wp\/v2\/product_brand?post=31642"},{"taxonomy":"product_cat","embeddable":true,"href":"https:\/\/3coty.com\/de\/wp-json\/wp\/v2\/product_cat?post=31642"},{"taxonomy":"product_tag","embeddable":true,"href":"https:\/\/3coty.com\/de\/wp-json\/wp\/v2\/product_tag?post=31642"}],"curies":[{"name":"wp","href":"https:\/\/api.w.org\/{rel}","templated":true}]}}