{"id":31627,"date":"2025-05-23T12:14:38","date_gmt":"2025-05-23T12:14:38","guid":{"rendered":"https:\/\/3coty.com\/p\/07-turkey-780\/"},"modified":"2026-03-17T18:46:38","modified_gmt":"2026-03-17T18:46:38","slug":"07-turkey-780","status":"publish","type":"product","link":"https:\/\/3coty.com\/de\/p\/07-turkey-780\/","title":{"rendered":"07. TRUTHAHN 780"},"content":{"rendered":"<p><a href=\"https:\/\/3coty.com\/wp-content\/uploads\/2025\/07\/3coty-p-07-tab-1.svg\"><img fetchpriority=\"high\" decoding=\"async\" class=\"alignnone size-full wp-image-59665\" role=\"img\" src=\"https:\/\/3coty.com\/wp-content\/uploads\/2025\/07\/3coty-p-07-tab-1.svg\" alt=\"\" width=\"283\" height=\"283\" \/><\/a><\/p>\n<h2>KOMPLETTES UND NAT\u00dcRLICHES 3COTY\u00ae KATZENFUTTER<\/h2>\n<p><strong>100% NAT\u00dcRLICHES FLEISCH UND TIERISCHE NEBENPRODUKTE, schonend gegart in eigener n\u00e4hrstoffreicher Br\u00fche<\/strong><\/p>\n<p>Nat\u00fcrliches, komplettes, ausgewogenes Monoprotein Katzenfutter aus 100% Truthahn ist in eigener Br\u00fche gegart. In ideales Monoprotein f\u00fcr eine Eliminationsdi\u00e4t, wenn eine Lebensmittelallergie besteht. Nicht nur f\u00fcr diese Situationen, gef\u00e4llt die geschredderte Textur Katzen, die, wie in der Natur, gerne ihr Futter zerkauen. Von vielen erwachsenen Bengalen, Britisch Kurzhaar und anderen gro\u00dfen Rassen bevorzugt, k\u00f6nnte es f\u00fcr Kitten schwer zu fressen sein.<\/p>\n<p>Gro\u00dfe St\u00fccke zerkleinerten Truthahns in eigenem Gelee, dieses Monoprotein-Katzenfutter ist ideal f\u00fcr eine Eliminationsdi\u00e4t.<\/p>\n","protected":false},"excerpt":{"rendered":"<p><a href=\"https:\/\/3coty.com\/wp-content\/uploads\/2025\/07\/3coty-p-07-description-1.svg\"><img decoding=\"async\" class=\"alignnone size-medium wp-image-59629\" role=\"img\" src=\"https:\/\/3coty.com\/wp-content\/uploads\/2025\/07\/3coty-p-07-description-1.svg\" alt=\"\" width=\"300\" height=\"300\" \/><\/a><\/p>\n<p><strong>F\u00dcR ERWACHSENE KATZEN<\/strong> | GESCHREDDERT | MONOPROTEIN-KATZENFUTTER<\/p>\n<p><a href=\"https:\/\/3coty.com\/wp-content\/uploads\/2025\/07\/3coty-p-07-description-2.svg\"><img decoding=\"async\" class=\"alignnone size-full wp-image-59647\" role=\"img\" src=\"https:\/\/3coty.com\/wp-content\/uploads\/2025\/07\/3coty-p-07-description-2.svg\" alt=\"\" width=\"506\" height=\"85\" \/><\/a><\/p>\n","protected":false},"featured_media":59388,"template":"","meta":{"_acf_changed":false},"product_brand":[1952],"product_cat":[353],"product_tag":[844],"class_list":{"0":"post-31627","1":"product","2":"type-product","3":"status-publish","4":"has-post-thumbnail","6":"product_brand-3coty","7":"product_cat-for-adult-cats","8":"product_tag-07tu","10":"first","11":"outofstock","12":"featured","13":"taxable","14":"shipping-taxable","15":"purchasable","16":"product-type-simple"},"acf":[],"yoast_head":"<!-- This site is optimized with the Yoast SEO Premium plugin v27.4 (Yoast SEO v27.4) - https:\/\/yoast.com\/product\/yoast-seo-premium-wordpress\/ -->\n<title>07. TRUTHAHN 780 (780g) | F\u00fcr erwachsene Katzen | 3coty\u00ae Nat\u00fcrliches Katzenfutter 100% Fleisch<\/title>\n<meta name=\"description\" content=\"Dieses monoproteinhaltige Nassfutter aus 100% geschreddertem Truthahn ist nat\u00fcrlich, vollst\u00e4ndig und ausgewogen und wird in eigener Br\u00fche gegart. Es eignet sich ideal f\u00fcr erwachsene Katzen bei Ausscheidungsdi\u00e4ten, insbesondere wenn ein Futterallergieverdacht besteht, und passt besonders gut zu gr\u00f6\u00dferen Rassen, die gerne auf gr\u00f6\u00dferen Fleischst\u00fccken kauen. Ein reines Fleischfutter von 3coty\u00ae.\" \/>\n<meta name=\"robots\" content=\"index, follow, max-snippet:-1, max-image-preview:large, max-video-preview:-1\" \/>\n<link rel=\"canonical\" href=\"https:\/\/3coty.com\/de\/p\/07-turkey-780\/\" \/>\n<meta property=\"og:locale\" content=\"de_DE\" \/>\n<meta property=\"og:type\" content=\"article\" \/>\n<meta property=\"og:title\" content=\"07. TRUTHAHN 780 (780g) | F\u00fcr erwachsene Katzen | 3coty\u00ae Nat\u00fcrliches Katzenfutter 100% Fleisch\" \/>\n<meta property=\"og:description\" content=\"Dieses monoproteinhaltige Nassfutter aus 100% geschreddertem Truthahn ist nat\u00fcrlich, vollst\u00e4ndig und ausgewogen und wird in eigener Br\u00fche gegart. Es eignet sich ideal f\u00fcr erwachsene Katzen bei Ausscheidungsdi\u00e4ten, insbesondere wenn ein Futterallergieverdacht besteht, und passt besonders gut zu gr\u00f6\u00dferen Rassen, die gerne auf gr\u00f6\u00dferen Fleischst\u00fccken kauen. Ein reines Fleischfutter von 3coty\u00ae.\" \/>\n<meta property=\"og:url\" content=\"https:\/\/3coty.com\/de\/p\/07-turkey-780\/\" \/>\n<meta property=\"og:site_name\" content=\"3coty\u00ae\" \/>\n<meta property=\"article:publisher\" content=\"https:\/\/www.facebook.com\/3coty\" \/>\n<meta property=\"article:modified_time\" content=\"2026-03-17T18:46:38+00:00\" \/>\n<meta property=\"og:image\" content=\"https:\/\/3coty.com\/wp-content\/uploads\/2025\/12\/3coty-07-turkey-780-meat-only-cat-food.jpg\" \/>\n\t<meta property=\"og:image:width\" content=\"1200\" \/>\n\t<meta property=\"og:image:height\" content=\"630\" \/>\n\t<meta property=\"og:image:type\" content=\"image\/jpeg\" \/>\n<meta name=\"twitter:card\" content=\"summary_large_image\" \/>\n<meta name=\"twitter:title\" content=\"07. TRUTHAHN 780 (780g) | F\u00fcr erwachsene Katzen | 3coty\u00ae Nat\u00fcrliches Katzenfutter 100% Fleisch\" \/>\n<meta name=\"twitter:description\" content=\"Dieses monoproteinhaltige Nassfutter aus 100% geschreddertem Truthahn ist nat\u00fcrlich, vollst\u00e4ndig und ausgewogen und wird in eigener Br\u00fche gegart. Es eignet sich ideal f\u00fcr erwachsene Katzen bei Ausscheidungsdi\u00e4ten, insbesondere wenn ein Futterallergieverdacht besteht, und passt besonders gut zu gr\u00f6\u00dferen Rassen, die gerne auf gr\u00f6\u00dferen Fleischst\u00fccken kauen. Ein reines Fleischfutter von 3coty\u00ae.\" \/>\n<meta name=\"twitter:image\" content=\"https:\/\/3coty.com\/wp-content\/uploads\/2025\/12\/3coty-07-turkey-780-meat-only-cat-food.jpg\" \/>\n<meta name=\"twitter:site\" content=\"@3cotyCom\" \/>\n<meta name=\"twitter:label1\" content=\"Preis\" \/>\n\t<meta name=\"twitter:data1\" content=\"\u20ac&nbsp;8.50\" \/>\n\t<meta name=\"twitter:label2\" content=\"Verf\u00fcgbarkeit\" \/>\n\t<meta name=\"twitter:data2\" content=\"ausverkauft\" \/>\n<script type=\"application\/ld+json\" class=\"yoast-schema-graph\">{\"@context\":\"https:\\\/\\\/schema.org\",\"@graph\":[{\"@type\":\"WebPage\",\"@id\":\"https:\\\/\\\/3coty.com\\\/de\\\/p\\\/07-turkey-780\\\/\",\"url\":\"https:\\\/\\\/3coty.com\\\/de\\\/p\\\/07-turkey-780\\\/\",\"name\":\"07. TRUTHAHN 780 (780g) | F\u00fcr erwachsene Katzen | 3coty\u00ae Nat\u00fcrliches Katzenfutter 100% Fleisch\",\"isPartOf\":{\"@id\":\"https:\\\/\\\/3coty.com\\\/de\\\/#website\"},\"primaryImageOfPage\":{\"@id\":\"https:\\\/\\\/3coty.com\\\/de\\\/p\\\/07-turkey-780\\\/#primaryimage\"},\"image\":{\"@id\":\"https:\\\/\\\/3coty.com\\\/de\\\/p\\\/07-turkey-780\\\/#primaryimage\"},\"thumbnailUrl\":\"https:\\\/\\\/3coty.com\\\/wp-content\\\/uploads\\\/2025\\\/07\\\/3coty-p-07-780-01.jpg\",\"datePublished\":\"2025-05-23T12:14:38+00:00\",\"dateModified\":\"2026-03-17T18:46:38+00:00\",\"description\":\"Dieses monoproteinhaltige Nassfutter aus 100% geschreddertem Truthahn ist nat\u00fcrlich, vollst\u00e4ndig und ausgewogen und wird in eigener Br\u00fche gegart. Es eignet sich ideal f\u00fcr erwachsene Katzen bei Ausscheidungsdi\u00e4ten, insbesondere wenn ein Futterallergieverdacht besteht, und passt besonders gut zu gr\u00f6\u00dferen Rassen, die gerne auf gr\u00f6\u00dferen Fleischst\u00fccken kauen. Ein reines Fleischfutter von 3coty\u00ae.\",\"breadcrumb\":{\"@id\":\"https:\\\/\\\/3coty.com\\\/de\\\/p\\\/07-turkey-780\\\/#breadcrumb\"},\"inLanguage\":\"de\",\"potentialAction\":[{\"@type\":\"ReadAction\",\"target\":[\"https:\\\/\\\/3coty.com\\\/de\\\/p\\\/07-turkey-780\\\/\"]}]},{\"@type\":\"ImageObject\",\"inLanguage\":\"de\",\"@id\":\"https:\\\/\\\/3coty.com\\\/de\\\/p\\\/07-turkey-780\\\/#primaryimage\",\"url\":\"https:\\\/\\\/3coty.com\\\/wp-content\\\/uploads\\\/2025\\\/07\\\/3coty-p-07-780-01.jpg\",\"contentUrl\":\"https:\\\/\\\/3coty.com\\\/wp-content\\\/uploads\\\/2025\\\/07\\\/3coty-p-07-780-01.jpg\",\"width\":1024,\"height\":1024},{\"@type\":\"BreadcrumbList\",\"@id\":\"https:\\\/\\\/3coty.com\\\/de\\\/p\\\/07-turkey-780\\\/#breadcrumb\",\"itemListElement\":[{\"@type\":\"ListItem\",\"position\":1,\"name\":\"Home\",\"item\":\"https:\\\/\\\/3coty.com\\\/de\\\/\"},{\"@type\":\"ListItem\",\"position\":2,\"name\":\"SHOP\",\"item\":\"https:\\\/\\\/3coty.com\\\/de\\\/shop\\\/\"},{\"@type\":\"ListItem\",\"position\":3,\"name\":\"07. TRUTHAHN 780\"}]},{\"@type\":\"WebSite\",\"@id\":\"https:\\\/\\\/3coty.com\\\/de\\\/#website\",\"url\":\"https:\\\/\\\/3coty.com\\\/de\\\/\",\"name\":\"3coty\u00ae\",\"description\":\"Meat-only Cat Food\",\"publisher\":{\"@id\":\"https:\\\/\\\/3coty.com\\\/de\\\/#organization\"},\"potentialAction\":[{\"@type\":\"SearchAction\",\"target\":{\"@type\":\"EntryPoint\",\"urlTemplate\":\"https:\\\/\\\/3coty.com\\\/de\\\/?s={search_term_string}\"},\"query-input\":{\"@type\":\"PropertyValueSpecification\",\"valueRequired\":true,\"valueName\":\"search_term_string\"}}],\"inLanguage\":\"de\"},{\"@type\":\"Organization\",\"@id\":\"https:\\\/\\\/3coty.com\\\/de\\\/#organization\",\"name\":\"3coty\u00ae\",\"alternateName\":\"3coty\",\"url\":\"https:\\\/\\\/3coty.com\\\/de\\\/\",\"logo\":{\"@type\":\"ImageObject\",\"inLanguage\":\"de\",\"@id\":\"https:\\\/\\\/3coty.com\\\/de\\\/#\\\/schema\\\/logo\\\/image\\\/\",\"url\":\"https:\\\/\\\/3coty.com\\\/wp-content\\\/uploads\\\/2025\\\/05\\\/icon-3coty-logo.svg\",\"contentUrl\":\"https:\\\/\\\/3coty.com\\\/wp-content\\\/uploads\\\/2025\\\/05\\\/icon-3coty-logo.svg\",\"width\":283,\"height\":283,\"caption\":\"3coty\u00ae\"},\"image\":{\"@id\":\"https:\\\/\\\/3coty.com\\\/de\\\/#\\\/schema\\\/logo\\\/image\\\/\"},\"sameAs\":[\"https:\\\/\\\/www.facebook.com\\\/3coty\",\"https:\\\/\\\/x.com\\\/3cotyCom\",\"https:\\\/\\\/www.instagram.com\\\/3coty\",\"https:\\\/\\\/www.linkedin.com\\\/company\\\/3coty\",\"https:\\\/\\\/www.youtube.com\\\/@3coty\"]}]}<\/script>\n<meta property=\"product:price:amount\" content=\"8.50\" \/>\n<meta property=\"product:price:currency\" content=\"EUR\" \/>\n<meta property=\"og:availability\" content=\"out of stock\" \/>\n<meta property=\"product:availability\" content=\"out of stock\" \/>\n<meta property=\"product:retailer_item_id\" content=\"780T 07TU \/ 5901785316957\" \/>\n<meta property=\"product:condition\" content=\"new\" \/>\n<!-- \/ Yoast SEO Premium plugin. -->","yoast_head_json":{"title":"07. TRUTHAHN 780 (780g) | F\u00fcr erwachsene Katzen | 3coty\u00ae Nat\u00fcrliches Katzenfutter 100% Fleisch","description":"Dieses monoproteinhaltige Nassfutter aus 100% geschreddertem Truthahn ist nat\u00fcrlich, vollst\u00e4ndig und ausgewogen und wird in eigener Br\u00fche gegart. Es eignet sich ideal f\u00fcr erwachsene Katzen bei Ausscheidungsdi\u00e4ten, insbesondere wenn ein Futterallergieverdacht besteht, und passt besonders gut zu gr\u00f6\u00dferen Rassen, die gerne auf gr\u00f6\u00dferen Fleischst\u00fccken kauen. Ein reines Fleischfutter von 3coty\u00ae.","robots":{"index":"index","follow":"follow","max-snippet":"max-snippet:-1","max-image-preview":"max-image-preview:large","max-video-preview":"max-video-preview:-1"},"canonical":"https:\/\/3coty.com\/de\/p\/07-turkey-780\/","og_locale":"de_DE","og_type":"article","og_title":"07. TRUTHAHN 780 (780g) | F\u00fcr erwachsene Katzen | 3coty\u00ae Nat\u00fcrliches Katzenfutter 100% Fleisch","og_description":"Dieses monoproteinhaltige Nassfutter aus 100% geschreddertem Truthahn ist nat\u00fcrlich, vollst\u00e4ndig und ausgewogen und wird in eigener Br\u00fche gegart. Es eignet sich ideal f\u00fcr erwachsene Katzen bei Ausscheidungsdi\u00e4ten, insbesondere wenn ein Futterallergieverdacht besteht, und passt besonders gut zu gr\u00f6\u00dferen Rassen, die gerne auf gr\u00f6\u00dferen Fleischst\u00fccken kauen. Ein reines Fleischfutter von 3coty\u00ae.","og_url":"https:\/\/3coty.com\/de\/p\/07-turkey-780\/","og_site_name":"3coty\u00ae","article_publisher":"https:\/\/www.facebook.com\/3coty","article_modified_time":"2026-03-17T18:46:38+00:00","og_image":[{"width":1200,"height":630,"url":"https:\/\/3coty.com\/wp-content\/uploads\/2025\/12\/3coty-07-turkey-780-meat-only-cat-food.jpg","type":"image\/jpeg"}],"twitter_card":"summary_large_image","twitter_title":"07. TRUTHAHN 780 (780g) | F\u00fcr erwachsene Katzen | 3coty\u00ae Nat\u00fcrliches Katzenfutter 100% Fleisch","twitter_description":"Dieses monoproteinhaltige Nassfutter aus 100% geschreddertem Truthahn ist nat\u00fcrlich, vollst\u00e4ndig und ausgewogen und wird in eigener Br\u00fche gegart. Es eignet sich ideal f\u00fcr erwachsene Katzen bei Ausscheidungsdi\u00e4ten, insbesondere wenn ein Futterallergieverdacht besteht, und passt besonders gut zu gr\u00f6\u00dferen Rassen, die gerne auf gr\u00f6\u00dferen Fleischst\u00fccken kauen. Ein reines Fleischfutter von 3coty\u00ae.","twitter_image":"https:\/\/3coty.com\/wp-content\/uploads\/2025\/12\/3coty-07-turkey-780-meat-only-cat-food.jpg","twitter_site":"@3cotyCom","twitter_misc":{"Preis":"\u20ac&nbsp;8.50","Verf\u00fcgbarkeit":"ausverkauft"},"schema":{"@context":"https:\/\/schema.org","@graph":[{"@type":"WebPage","@id":"https:\/\/3coty.com\/de\/p\/07-turkey-780\/","url":"https:\/\/3coty.com\/de\/p\/07-turkey-780\/","name":"07. TRUTHAHN 780 (780g) | F\u00fcr erwachsene Katzen | 3coty\u00ae Nat\u00fcrliches Katzenfutter 100% Fleisch","isPartOf":{"@id":"https:\/\/3coty.com\/de\/#website"},"primaryImageOfPage":{"@id":"https:\/\/3coty.com\/de\/p\/07-turkey-780\/#primaryimage"},"image":{"@id":"https:\/\/3coty.com\/de\/p\/07-turkey-780\/#primaryimage"},"thumbnailUrl":"https:\/\/3coty.com\/wp-content\/uploads\/2025\/07\/3coty-p-07-780-01.jpg","datePublished":"2025-05-23T12:14:38+00:00","dateModified":"2026-03-17T18:46:38+00:00","description":"Dieses monoproteinhaltige Nassfutter aus 100% geschreddertem Truthahn ist nat\u00fcrlich, vollst\u00e4ndig und ausgewogen und wird in eigener Br\u00fche gegart. Es eignet sich ideal f\u00fcr erwachsene Katzen bei Ausscheidungsdi\u00e4ten, insbesondere wenn ein Futterallergieverdacht besteht, und passt besonders gut zu gr\u00f6\u00dferen Rassen, die gerne auf gr\u00f6\u00dferen Fleischst\u00fccken kauen. Ein reines Fleischfutter von 3coty\u00ae.","breadcrumb":{"@id":"https:\/\/3coty.com\/de\/p\/07-turkey-780\/#breadcrumb"},"inLanguage":"de","potentialAction":[{"@type":"ReadAction","target":["https:\/\/3coty.com\/de\/p\/07-turkey-780\/"]}]},{"@type":"ImageObject","inLanguage":"de","@id":"https:\/\/3coty.com\/de\/p\/07-turkey-780\/#primaryimage","url":"https:\/\/3coty.com\/wp-content\/uploads\/2025\/07\/3coty-p-07-780-01.jpg","contentUrl":"https:\/\/3coty.com\/wp-content\/uploads\/2025\/07\/3coty-p-07-780-01.jpg","width":1024,"height":1024},{"@type":"BreadcrumbList","@id":"https:\/\/3coty.com\/de\/p\/07-turkey-780\/#breadcrumb","itemListElement":[{"@type":"ListItem","position":1,"name":"Home","item":"https:\/\/3coty.com\/de\/"},{"@type":"ListItem","position":2,"name":"SHOP","item":"https:\/\/3coty.com\/de\/shop\/"},{"@type":"ListItem","position":3,"name":"07. TRUTHAHN 780"}]},{"@type":"WebSite","@id":"https:\/\/3coty.com\/de\/#website","url":"https:\/\/3coty.com\/de\/","name":"3coty\u00ae","description":"Meat-only Cat Food","publisher":{"@id":"https:\/\/3coty.com\/de\/#organization"},"potentialAction":[{"@type":"SearchAction","target":{"@type":"EntryPoint","urlTemplate":"https:\/\/3coty.com\/de\/?s={search_term_string}"},"query-input":{"@type":"PropertyValueSpecification","valueRequired":true,"valueName":"search_term_string"}}],"inLanguage":"de"},{"@type":"Organization","@id":"https:\/\/3coty.com\/de\/#organization","name":"3coty\u00ae","alternateName":"3coty","url":"https:\/\/3coty.com\/de\/","logo":{"@type":"ImageObject","inLanguage":"de","@id":"https:\/\/3coty.com\/de\/#\/schema\/logo\/image\/","url":"https:\/\/3coty.com\/wp-content\/uploads\/2025\/05\/icon-3coty-logo.svg","contentUrl":"https:\/\/3coty.com\/wp-content\/uploads\/2025\/05\/icon-3coty-logo.svg","width":283,"height":283,"caption":"3coty\u00ae"},"image":{"@id":"https:\/\/3coty.com\/de\/#\/schema\/logo\/image\/"},"sameAs":["https:\/\/www.facebook.com\/3coty","https:\/\/x.com\/3cotyCom","https:\/\/www.instagram.com\/3coty","https:\/\/www.linkedin.com\/company\/3coty","https:\/\/www.youtube.com\/@3coty"]}]},"product_price_amount":"8.50","product_price_currency":"EUR","og_availability":"out of stock","product_availability":"out of stock","product_retailer_item_id":"780T 07TU \/ 5901785316957","product_condition":"new"},"_links":{"self":[{"href":"https:\/\/3coty.com\/de\/wp-json\/wp\/v2\/product\/31627","targetHints":{"allow":["GET"]}}],"collection":[{"href":"https:\/\/3coty.com\/de\/wp-json\/wp\/v2\/product"}],"about":[{"href":"https:\/\/3coty.com\/de\/wp-json\/wp\/v2\/types\/product"}],"version-history":[{"count":6,"href":"https:\/\/3coty.com\/de\/wp-json\/wp\/v2\/product\/31627\/revisions"}],"predecessor-version":[{"id":81951,"href":"https:\/\/3coty.com\/de\/wp-json\/wp\/v2\/product\/31627\/revisions\/81951"}],"wp:featuredmedia":[{"embeddable":true,"href":"https:\/\/3coty.com\/de\/wp-json\/wp\/v2\/media\/59388"}],"wp:attachment":[{"href":"https:\/\/3coty.com\/de\/wp-json\/wp\/v2\/media?parent=31627"}],"wp:term":[{"taxonomy":"product_brand","embeddable":true,"href":"https:\/\/3coty.com\/de\/wp-json\/wp\/v2\/product_brand?post=31627"},{"taxonomy":"product_cat","embeddable":true,"href":"https:\/\/3coty.com\/de\/wp-json\/wp\/v2\/product_cat?post=31627"},{"taxonomy":"product_tag","embeddable":true,"href":"https:\/\/3coty.com\/de\/wp-json\/wp\/v2\/product_tag?post=31627"}],"curies":[{"name":"wp","href":"https:\/\/api.w.org\/{rel}","templated":true}]}}