{"id":31623,"date":"2025-05-23T11:32:54","date_gmt":"2025-05-23T11:32:54","guid":{"rendered":"https:\/\/3coty.com\/p\/06-goose-780\/"},"modified":"2025-12-10T14:57:11","modified_gmt":"2025-12-10T14:57:11","slug":"06-goose-780","status":"publish","type":"product","link":"https:\/\/3coty.com\/de\/p\/06-goose-780\/","title":{"rendered":"06. GANS 780"},"content":{"rendered":"<p><a href=\"https:\/\/3coty.com\/wp-content\/uploads\/2025\/07\/3coty-p-06-tab-1.svg\"><img fetchpriority=\"high\" decoding=\"async\" class=\"alignnone size-full wp-image-59919\" role=\"img\" src=\"https:\/\/3coty.com\/wp-content\/uploads\/2025\/07\/3coty-p-06-tab-1.svg\" alt=\"\" width=\"283\" height=\"283\" \/><\/a><\/p>\n<h2>KOMPLETTES UND NAT\u00dcRLICHES 3COTY\u00ae KATZENFUTTER<\/h2>\n<p><strong>100% NAT\u00dcRLICHES FLEISCH UND TIERISCHE NEBENPRODUKTE, schonend gegart in eigener n\u00e4hrstoffreicher Br\u00fche<\/strong><\/p>\n<p>Dieses Monoprotein-Futter mit 100% G\u00e4nsegeschmack wurde aus dem dunkelsten Fleisch in unserem Sortiment zusammengestellt und erm\u00f6glicht es dir, das Gewicht deiner Katze zu kontrollieren. Es ist fettarm und n\u00e4hrstoffreich und eignet sich f\u00fcr alle erwachsenen Katzen und ist das ideale Futter f\u00fcr sterilisierte Katzen. Es ist ein nat\u00fcrliches, vollst\u00e4ndiges und ausgewogenes Katzennassfutter, dessen Verf\u00fcgbarkeit durch die Saisonalit\u00e4t der Gans beeinflusst werden kann.<\/p>\n<p>Gans ist unser magerstes Fleisch. Es ist sehr nahrhaft und eignet sich f\u00fcr kastrierte Katzen und solche mit Gewichtsproblemen.<\/p>\n","protected":false},"excerpt":{"rendered":"<p><a href=\"https:\/\/3coty.com\/wp-content\/uploads\/2025\/07\/3coty-p-06-description-1.svg\"><img decoding=\"async\" class=\"alignnone wp-image-59883\" role=\"img\" src=\"https:\/\/3coty.com\/wp-content\/uploads\/2025\/07\/3coty-p-06-description-1.svg\" alt=\"\" width=\"350\" \/><\/a><\/p>\n<p><strong>F\u00dcR KASTRIERTE UND ERWACHSENE KATZEN<\/strong>\u00a0| PASTETE | MONOPROTEIN-KATZENFUTTER<\/p>\n<p><a href=\"https:\/\/3coty.com\/wp-content\/uploads\/2025\/07\/3coty-p-06-description-2.svg\"><img decoding=\"async\" class=\"alignnone size-full wp-image-59901\" role=\"img\" src=\"https:\/\/3coty.com\/wp-content\/uploads\/2025\/07\/3coty-p-06-description-2.svg\" alt=\"\" width=\"506\" height=\"85\" \/><\/a><\/p>\n","protected":false},"featured_media":60232,"template":"","meta":{"_acf_changed":false},"product_brand":[1952],"product_cat":[353,369],"product_tag":[823],"class_list":{"0":"post-31623","1":"product","2":"type-product","3":"status-publish","4":"has-post-thumbnail","6":"product_brand-3coty","7":"product_cat-for-adult-cats","8":"product_cat-for-sterilised-cats","9":"product_tag-06go","11":"first","12":"outofstock","13":"featured","14":"taxable","15":"shipping-taxable","16":"purchasable","17":"product-type-simple"},"acf":[],"yoast_head":"<!-- This site is optimized with the Yoast SEO Premium plugin v27.4 (Yoast SEO v27.4) - https:\/\/yoast.com\/product\/yoast-seo-premium-wordpress\/ -->\n<title>06. GANS 780 (780g) | F\u00fcr erwachsene Katzen | 3coty\u00ae Nat\u00fcrliches Katzenfutter 100% Fleisch<\/title>\n<meta name=\"description\" content=\"Dieses monoproteinhaltige Nassfutter aus 100% Gans wird aus dunklem Fleisch hergestellt, das von Natur aus fettarm und n\u00e4hrstoffreich ist. Es eignet sich f\u00fcr erwachsene und sterilisierte Katzen und ist ideal f\u00fcr Ausscheidungsdi\u00e4ten und die Gewichtskontrolle. Ein nat\u00fcrliches vollst\u00e4ndiges und ausgewogenes 3coty\u00ae Katzenfutter aus reinem Fleisch.\" \/>\n<meta name=\"robots\" content=\"index, follow, max-snippet:-1, max-image-preview:large, max-video-preview:-1\" \/>\n<link rel=\"canonical\" href=\"https:\/\/3coty.com\/de\/p\/06-goose-780\/\" \/>\n<meta property=\"og:locale\" content=\"de_DE\" \/>\n<meta property=\"og:type\" content=\"article\" \/>\n<meta property=\"og:title\" content=\"06. GANS 780 (780g) | F\u00fcr erwachsene Katzen | 3coty\u00ae Nat\u00fcrliches Katzenfutter 100% Fleisch\" \/>\n<meta property=\"og:description\" content=\"Dieses monoproteinhaltige Nassfutter aus 100% Gans wird aus dunklem Fleisch hergestellt, das von Natur aus fettarm und n\u00e4hrstoffreich ist. Es eignet sich f\u00fcr erwachsene und sterilisierte Katzen und ist ideal f\u00fcr Ausscheidungsdi\u00e4ten und die Gewichtskontrolle. Ein nat\u00fcrliches vollst\u00e4ndiges und ausgewogenes 3coty\u00ae Katzenfutter aus reinem Fleisch.\" \/>\n<meta property=\"og:url\" content=\"https:\/\/3coty.com\/de\/p\/06-goose-780\/\" \/>\n<meta property=\"og:site_name\" content=\"3coty\u00ae\" \/>\n<meta property=\"article:publisher\" content=\"https:\/\/www.facebook.com\/3coty\" \/>\n<meta property=\"article:modified_time\" content=\"2025-12-10T14:57:11+00:00\" \/>\n<meta property=\"og:image\" content=\"https:\/\/3coty.com\/wp-content\/uploads\/2025\/12\/3coty-06-goose-780-meat-only-cat-food.jpg\" \/>\n\t<meta property=\"og:image:width\" content=\"1200\" \/>\n\t<meta property=\"og:image:height\" content=\"630\" \/>\n\t<meta property=\"og:image:type\" content=\"image\/jpeg\" \/>\n<meta name=\"twitter:card\" content=\"summary_large_image\" \/>\n<meta name=\"twitter:title\" content=\"06. GANS 780 (780g) | F\u00fcr erwachsene Katzen | 3coty\u00ae Nat\u00fcrliches Katzenfutter 100% Fleisch\" \/>\n<meta name=\"twitter:description\" content=\"Dieses monoproteinhaltige Nassfutter aus 100% Gans wird aus dunklem Fleisch hergestellt, das von Natur aus fettarm und n\u00e4hrstoffreich ist. Es eignet sich f\u00fcr erwachsene und sterilisierte Katzen und ist ideal f\u00fcr Ausscheidungsdi\u00e4ten und die Gewichtskontrolle. Ein nat\u00fcrliches vollst\u00e4ndiges und ausgewogenes 3coty\u00ae Katzenfutter aus reinem Fleisch.\" \/>\n<meta name=\"twitter:image\" content=\"https:\/\/3coty.com\/wp-content\/uploads\/2025\/12\/3coty-06-goose-780-meat-only-cat-food.jpg\" \/>\n<meta name=\"twitter:site\" content=\"@3cotyCom\" \/>\n<meta name=\"twitter:label1\" content=\"Preis\" \/>\n\t<meta name=\"twitter:data1\" content=\"\u20ac&nbsp;11.00\" \/>\n\t<meta name=\"twitter:label2\" content=\"Verf\u00fcgbarkeit\" \/>\n\t<meta name=\"twitter:data2\" content=\"ausverkauft\" \/>\n<script type=\"application\/ld+json\" class=\"yoast-schema-graph\">{\"@context\":\"https:\\\/\\\/schema.org\",\"@graph\":[{\"@type\":\"WebPage\",\"@id\":\"https:\\\/\\\/3coty.com\\\/de\\\/p\\\/06-goose-780\\\/\",\"url\":\"https:\\\/\\\/3coty.com\\\/de\\\/p\\\/06-goose-780\\\/\",\"name\":\"06. GANS 780 (780g) | F\u00fcr erwachsene Katzen | 3coty\u00ae Nat\u00fcrliches Katzenfutter 100% Fleisch\",\"isPartOf\":{\"@id\":\"https:\\\/\\\/3coty.com\\\/de\\\/#website\"},\"primaryImageOfPage\":{\"@id\":\"https:\\\/\\\/3coty.com\\\/de\\\/p\\\/06-goose-780\\\/#primaryimage\"},\"image\":{\"@id\":\"https:\\\/\\\/3coty.com\\\/de\\\/p\\\/06-goose-780\\\/#primaryimage\"},\"thumbnailUrl\":\"https:\\\/\\\/3coty.com\\\/wp-content\\\/uploads\\\/2025\\\/07\\\/3coty-p-06-780-01.jpg\",\"datePublished\":\"2025-05-23T11:32:54+00:00\",\"dateModified\":\"2025-12-10T14:57:11+00:00\",\"description\":\"Dieses monoproteinhaltige Nassfutter aus 100% Gans wird aus dunklem Fleisch hergestellt, das von Natur aus fettarm und n\u00e4hrstoffreich ist. Es eignet sich f\u00fcr erwachsene und sterilisierte Katzen und ist ideal f\u00fcr Ausscheidungsdi\u00e4ten und die Gewichtskontrolle. Ein nat\u00fcrliches vollst\u00e4ndiges und ausgewogenes 3coty\u00ae Katzenfutter aus reinem Fleisch.\",\"breadcrumb\":{\"@id\":\"https:\\\/\\\/3coty.com\\\/de\\\/p\\\/06-goose-780\\\/#breadcrumb\"},\"inLanguage\":\"de\",\"potentialAction\":[{\"@type\":\"ReadAction\",\"target\":[\"https:\\\/\\\/3coty.com\\\/de\\\/p\\\/06-goose-780\\\/\"]}]},{\"@type\":\"ImageObject\",\"inLanguage\":\"de\",\"@id\":\"https:\\\/\\\/3coty.com\\\/de\\\/p\\\/06-goose-780\\\/#primaryimage\",\"url\":\"https:\\\/\\\/3coty.com\\\/wp-content\\\/uploads\\\/2025\\\/07\\\/3coty-p-06-780-01.jpg\",\"contentUrl\":\"https:\\\/\\\/3coty.com\\\/wp-content\\\/uploads\\\/2025\\\/07\\\/3coty-p-06-780-01.jpg\",\"width\":1024,\"height\":1024},{\"@type\":\"BreadcrumbList\",\"@id\":\"https:\\\/\\\/3coty.com\\\/de\\\/p\\\/06-goose-780\\\/#breadcrumb\",\"itemListElement\":[{\"@type\":\"ListItem\",\"position\":1,\"name\":\"Home\",\"item\":\"https:\\\/\\\/3coty.com\\\/de\\\/\"},{\"@type\":\"ListItem\",\"position\":2,\"name\":\"SHOP\",\"item\":\"https:\\\/\\\/3coty.com\\\/de\\\/shop\\\/\"},{\"@type\":\"ListItem\",\"position\":3,\"name\":\"06. GANS 780\"}]},{\"@type\":\"WebSite\",\"@id\":\"https:\\\/\\\/3coty.com\\\/de\\\/#website\",\"url\":\"https:\\\/\\\/3coty.com\\\/de\\\/\",\"name\":\"3coty\u00ae\",\"description\":\"Meat-only Cat Food\",\"publisher\":{\"@id\":\"https:\\\/\\\/3coty.com\\\/de\\\/#organization\"},\"potentialAction\":[{\"@type\":\"SearchAction\",\"target\":{\"@type\":\"EntryPoint\",\"urlTemplate\":\"https:\\\/\\\/3coty.com\\\/de\\\/?s={search_term_string}\"},\"query-input\":{\"@type\":\"PropertyValueSpecification\",\"valueRequired\":true,\"valueName\":\"search_term_string\"}}],\"inLanguage\":\"de\"},{\"@type\":\"Organization\",\"@id\":\"https:\\\/\\\/3coty.com\\\/de\\\/#organization\",\"name\":\"3coty\u00ae\",\"alternateName\":\"3coty\",\"url\":\"https:\\\/\\\/3coty.com\\\/de\\\/\",\"logo\":{\"@type\":\"ImageObject\",\"inLanguage\":\"de\",\"@id\":\"https:\\\/\\\/3coty.com\\\/de\\\/#\\\/schema\\\/logo\\\/image\\\/\",\"url\":\"https:\\\/\\\/3coty.com\\\/wp-content\\\/uploads\\\/2025\\\/05\\\/icon-3coty-logo.svg\",\"contentUrl\":\"https:\\\/\\\/3coty.com\\\/wp-content\\\/uploads\\\/2025\\\/05\\\/icon-3coty-logo.svg\",\"width\":283,\"height\":283,\"caption\":\"3coty\u00ae\"},\"image\":{\"@id\":\"https:\\\/\\\/3coty.com\\\/de\\\/#\\\/schema\\\/logo\\\/image\\\/\"},\"sameAs\":[\"https:\\\/\\\/www.facebook.com\\\/3coty\",\"https:\\\/\\\/x.com\\\/3cotyCom\",\"https:\\\/\\\/www.instagram.com\\\/3coty\",\"https:\\\/\\\/www.linkedin.com\\\/company\\\/3coty\",\"https:\\\/\\\/www.youtube.com\\\/@3coty\"]}]}<\/script>\n<meta property=\"product:price:amount\" content=\"11.00\" \/>\n<meta property=\"product:price:currency\" content=\"EUR\" \/>\n<meta property=\"og:availability\" content=\"out of stock\" \/>\n<meta property=\"product:availability\" content=\"out of stock\" \/>\n<meta property=\"product:retailer_item_id\" content=\"780T 06GO \/ 5901785317268\" \/>\n<meta property=\"product:condition\" content=\"new\" \/>\n<!-- \/ Yoast SEO Premium plugin. -->","yoast_head_json":{"title":"06. GANS 780 (780g) | F\u00fcr erwachsene Katzen | 3coty\u00ae Nat\u00fcrliches Katzenfutter 100% Fleisch","description":"Dieses monoproteinhaltige Nassfutter aus 100% Gans wird aus dunklem Fleisch hergestellt, das von Natur aus fettarm und n\u00e4hrstoffreich ist. Es eignet sich f\u00fcr erwachsene und sterilisierte Katzen und ist ideal f\u00fcr Ausscheidungsdi\u00e4ten und die Gewichtskontrolle. Ein nat\u00fcrliches vollst\u00e4ndiges und ausgewogenes 3coty\u00ae Katzenfutter aus reinem Fleisch.","robots":{"index":"index","follow":"follow","max-snippet":"max-snippet:-1","max-image-preview":"max-image-preview:large","max-video-preview":"max-video-preview:-1"},"canonical":"https:\/\/3coty.com\/de\/p\/06-goose-780\/","og_locale":"de_DE","og_type":"article","og_title":"06. GANS 780 (780g) | F\u00fcr erwachsene Katzen | 3coty\u00ae Nat\u00fcrliches Katzenfutter 100% Fleisch","og_description":"Dieses monoproteinhaltige Nassfutter aus 100% Gans wird aus dunklem Fleisch hergestellt, das von Natur aus fettarm und n\u00e4hrstoffreich ist. Es eignet sich f\u00fcr erwachsene und sterilisierte Katzen und ist ideal f\u00fcr Ausscheidungsdi\u00e4ten und die Gewichtskontrolle. Ein nat\u00fcrliches vollst\u00e4ndiges und ausgewogenes 3coty\u00ae Katzenfutter aus reinem Fleisch.","og_url":"https:\/\/3coty.com\/de\/p\/06-goose-780\/","og_site_name":"3coty\u00ae","article_publisher":"https:\/\/www.facebook.com\/3coty","article_modified_time":"2025-12-10T14:57:11+00:00","og_image":[{"width":1200,"height":630,"url":"https:\/\/3coty.com\/wp-content\/uploads\/2025\/12\/3coty-06-goose-780-meat-only-cat-food.jpg","type":"image\/jpeg"}],"twitter_card":"summary_large_image","twitter_title":"06. GANS 780 (780g) | F\u00fcr erwachsene Katzen | 3coty\u00ae Nat\u00fcrliches Katzenfutter 100% Fleisch","twitter_description":"Dieses monoproteinhaltige Nassfutter aus 100% Gans wird aus dunklem Fleisch hergestellt, das von Natur aus fettarm und n\u00e4hrstoffreich ist. Es eignet sich f\u00fcr erwachsene und sterilisierte Katzen und ist ideal f\u00fcr Ausscheidungsdi\u00e4ten und die Gewichtskontrolle. Ein nat\u00fcrliches vollst\u00e4ndiges und ausgewogenes 3coty\u00ae Katzenfutter aus reinem Fleisch.","twitter_image":"https:\/\/3coty.com\/wp-content\/uploads\/2025\/12\/3coty-06-goose-780-meat-only-cat-food.jpg","twitter_site":"@3cotyCom","twitter_misc":{"Preis":"\u20ac&nbsp;11.00","Verf\u00fcgbarkeit":"ausverkauft"},"schema":{"@context":"https:\/\/schema.org","@graph":[{"@type":"WebPage","@id":"https:\/\/3coty.com\/de\/p\/06-goose-780\/","url":"https:\/\/3coty.com\/de\/p\/06-goose-780\/","name":"06. GANS 780 (780g) | F\u00fcr erwachsene Katzen | 3coty\u00ae Nat\u00fcrliches Katzenfutter 100% Fleisch","isPartOf":{"@id":"https:\/\/3coty.com\/de\/#website"},"primaryImageOfPage":{"@id":"https:\/\/3coty.com\/de\/p\/06-goose-780\/#primaryimage"},"image":{"@id":"https:\/\/3coty.com\/de\/p\/06-goose-780\/#primaryimage"},"thumbnailUrl":"https:\/\/3coty.com\/wp-content\/uploads\/2025\/07\/3coty-p-06-780-01.jpg","datePublished":"2025-05-23T11:32:54+00:00","dateModified":"2025-12-10T14:57:11+00:00","description":"Dieses monoproteinhaltige Nassfutter aus 100% Gans wird aus dunklem Fleisch hergestellt, das von Natur aus fettarm und n\u00e4hrstoffreich ist. Es eignet sich f\u00fcr erwachsene und sterilisierte Katzen und ist ideal f\u00fcr Ausscheidungsdi\u00e4ten und die Gewichtskontrolle. Ein nat\u00fcrliches vollst\u00e4ndiges und ausgewogenes 3coty\u00ae Katzenfutter aus reinem Fleisch.","breadcrumb":{"@id":"https:\/\/3coty.com\/de\/p\/06-goose-780\/#breadcrumb"},"inLanguage":"de","potentialAction":[{"@type":"ReadAction","target":["https:\/\/3coty.com\/de\/p\/06-goose-780\/"]}]},{"@type":"ImageObject","inLanguage":"de","@id":"https:\/\/3coty.com\/de\/p\/06-goose-780\/#primaryimage","url":"https:\/\/3coty.com\/wp-content\/uploads\/2025\/07\/3coty-p-06-780-01.jpg","contentUrl":"https:\/\/3coty.com\/wp-content\/uploads\/2025\/07\/3coty-p-06-780-01.jpg","width":1024,"height":1024},{"@type":"BreadcrumbList","@id":"https:\/\/3coty.com\/de\/p\/06-goose-780\/#breadcrumb","itemListElement":[{"@type":"ListItem","position":1,"name":"Home","item":"https:\/\/3coty.com\/de\/"},{"@type":"ListItem","position":2,"name":"SHOP","item":"https:\/\/3coty.com\/de\/shop\/"},{"@type":"ListItem","position":3,"name":"06. GANS 780"}]},{"@type":"WebSite","@id":"https:\/\/3coty.com\/de\/#website","url":"https:\/\/3coty.com\/de\/","name":"3coty\u00ae","description":"Meat-only Cat Food","publisher":{"@id":"https:\/\/3coty.com\/de\/#organization"},"potentialAction":[{"@type":"SearchAction","target":{"@type":"EntryPoint","urlTemplate":"https:\/\/3coty.com\/de\/?s={search_term_string}"},"query-input":{"@type":"PropertyValueSpecification","valueRequired":true,"valueName":"search_term_string"}}],"inLanguage":"de"},{"@type":"Organization","@id":"https:\/\/3coty.com\/de\/#organization","name":"3coty\u00ae","alternateName":"3coty","url":"https:\/\/3coty.com\/de\/","logo":{"@type":"ImageObject","inLanguage":"de","@id":"https:\/\/3coty.com\/de\/#\/schema\/logo\/image\/","url":"https:\/\/3coty.com\/wp-content\/uploads\/2025\/05\/icon-3coty-logo.svg","contentUrl":"https:\/\/3coty.com\/wp-content\/uploads\/2025\/05\/icon-3coty-logo.svg","width":283,"height":283,"caption":"3coty\u00ae"},"image":{"@id":"https:\/\/3coty.com\/de\/#\/schema\/logo\/image\/"},"sameAs":["https:\/\/www.facebook.com\/3coty","https:\/\/x.com\/3cotyCom","https:\/\/www.instagram.com\/3coty","https:\/\/www.linkedin.com\/company\/3coty","https:\/\/www.youtube.com\/@3coty"]}]},"product_price_amount":"11.00","product_price_currency":"EUR","og_availability":"out of stock","product_availability":"out of stock","product_retailer_item_id":"780T 06GO \/ 5901785317268","product_condition":"new"},"_links":{"self":[{"href":"https:\/\/3coty.com\/de\/wp-json\/wp\/v2\/product\/31623","targetHints":{"allow":["GET"]}}],"collection":[{"href":"https:\/\/3coty.com\/de\/wp-json\/wp\/v2\/product"}],"about":[{"href":"https:\/\/3coty.com\/de\/wp-json\/wp\/v2\/types\/product"}],"version-history":[{"count":4,"href":"https:\/\/3coty.com\/de\/wp-json\/wp\/v2\/product\/31623\/revisions"}],"predecessor-version":[{"id":60333,"href":"https:\/\/3coty.com\/de\/wp-json\/wp\/v2\/product\/31623\/revisions\/60333"}],"wp:featuredmedia":[{"embeddable":true,"href":"https:\/\/3coty.com\/de\/wp-json\/wp\/v2\/media\/60232"}],"wp:attachment":[{"href":"https:\/\/3coty.com\/de\/wp-json\/wp\/v2\/media?parent=31623"}],"wp:term":[{"taxonomy":"product_brand","embeddable":true,"href":"https:\/\/3coty.com\/de\/wp-json\/wp\/v2\/product_brand?post=31623"},{"taxonomy":"product_cat","embeddable":true,"href":"https:\/\/3coty.com\/de\/wp-json\/wp\/v2\/product_cat?post=31623"},{"taxonomy":"product_tag","embeddable":true,"href":"https:\/\/3coty.com\/de\/wp-json\/wp\/v2\/product_tag?post=31623"}],"curies":[{"name":"wp","href":"https:\/\/api.w.org\/{rel}","templated":true}]}}