{"id":31608,"date":"2025-05-19T17:28:40","date_gmt":"2025-05-19T17:28:40","guid":{"rendered":"https:\/\/3coty.com\/p\/03-chicken-080\/"},"modified":"2026-03-22T11:51:19","modified_gmt":"2026-03-22T11:51:19","slug":"03-chicken-080","status":"publish","type":"product","link":"https:\/\/3coty.com\/de\/p\/03-chicken-080\/","title":{"rendered":"03. H\u00c4HNCHEN 080"},"content":{"rendered":"<p><a href=\"https:\/\/3coty.com\/wp-content\/uploads\/2025\/07\/3coty-p-03-tab-1.svg\"><img fetchpriority=\"high\" decoding=\"async\" class=\"alignnone size-full wp-image-61964\" role=\"img\" src=\"https:\/\/3coty.com\/wp-content\/uploads\/2025\/07\/3coty-p-03-tab-1.svg\" alt=\"\" width=\"283\" height=\"283\" \/><\/a><\/p>\n<h2>KOMPLETTES UND NAT\u00dcRLICHES 3COTY\u00ae KATZENFUTTER<\/h2>\n<p><strong>100% NAT\u00dcRLICHES FLEISCH UND TIERISCHE NEBENPRODUKTE, schonend gegart in eigener n\u00e4hrstoffreicher Br\u00fche<\/strong><\/p>\n<p>Diese 100% H\u00e4hnchen Sorte hat hohen Muskelfleischanteil, ist daher leicht verdaulich. Hilft Katzen beim \u00dcbergang von Trockenfutter zu einer rein fleischlichen Di\u00e4t. Schmeckt wie 33. H\u00c4HNCHEN f\u00fcr K\u00e4tzchen, die Fleischst\u00fccke sind etwas gr\u00f6\u00dfer, f\u00fcr erwachsene Katzen. Bei vielen Katzen ein beliebter Geschmack, war dieses Produkt das Erste, das wir als Monoproteinprodukt zur Eliminationsdi\u00e4t eingef\u00fchrt haben.<\/p>\n<p>Ein beliebter Geschmack, dieses 100% H\u00e4hnchen Produkt war das erste Monoproteinprodukt zur Eliminationsdi\u00e4t.<\/p>\n","protected":false},"excerpt":{"rendered":"<p><a href=\"https:\/\/3coty.com\/wp-content\/uploads\/2025\/07\/3coty-p-03-description-1.svg\"><img decoding=\"async\" class=\"alignnone size-medium wp-image-61928\" role=\"img\" src=\"https:\/\/3coty.com\/wp-content\/uploads\/2025\/07\/3coty-p-03-description-1.svg\" alt=\"\" width=\"300\" height=\"300\" \/><\/a><\/p>\n<p><strong>F\u00dcR ERWACHSENE KATZEN<\/strong> | PASTETE | MONOPROTEIN-KATZENFUTTER<\/p>\n<p><a href=\"https:\/\/3coty.com\/wp-content\/uploads\/2025\/07\/3coty-p-03-description-2.svg\"><img decoding=\"async\" class=\"alignnone size-full wp-image-61946\" role=\"img\" src=\"https:\/\/3coty.com\/wp-content\/uploads\/2025\/07\/3coty-p-03-description-2.svg\" alt=\"\" width=\"506\" height=\"85\" \/><\/a><\/p>\n","protected":false},"featured_media":62007,"template":"","meta":{"_acf_changed":false},"product_brand":[1952],"product_cat":[353],"product_tag":[779],"class_list":{"0":"post-31608","1":"product","2":"type-product","3":"status-publish","4":"has-post-thumbnail","6":"product_brand-3coty","7":"product_cat-for-adult-cats","8":"product_tag-03ch","10":"first","11":"instock","12":"featured","13":"taxable","14":"shipping-taxable","15":"purchasable","16":"product-type-simple"},"acf":[],"yoast_head":"<!-- This site is optimized with the Yoast SEO Premium plugin v27.3 (Yoast SEO v27.3) - https:\/\/yoast.com\/product\/yoast-seo-premium-wordpress\/ -->\n<title>03. H\u00c4HNCHEN 080 (80g) | F\u00fcr erwachsene Katzen | 3coty\u00ae Nat\u00fcrliches Katzenfutter 100% Fleisch<\/title>\n<meta name=\"description\" content=\"K\u00f6stlich zubereitetes H\u00e4hnchenfleisch. 100% nat\u00fcrliches vollst\u00e4ndiges und ausgewogenes Monoprotein Nassfutter f\u00fcr Katzen mit reiner Fleischern\u00e4hrung. H\u00e4hnchen 100%.\" \/>\n<meta name=\"robots\" content=\"index, follow, max-snippet:-1, max-image-preview:large, max-video-preview:-1\" \/>\n<link rel=\"canonical\" href=\"https:\/\/3coty.com\/de\/p\/03-chicken-080\/\" \/>\n<meta property=\"og:locale\" content=\"de_DE\" \/>\n<meta property=\"og:type\" content=\"article\" \/>\n<meta property=\"og:title\" content=\"03. H\u00c4HNCHEN 080 (80g) | F\u00fcr erwachsene Katzen | 3coty\u00ae Nat\u00fcrliches Katzenfutter 100% Fleisch\" \/>\n<meta property=\"og:description\" content=\"K\u00f6stlich zubereitetes H\u00e4hnchenfleisch. 100% nat\u00fcrliches vollst\u00e4ndiges und ausgewogenes Monoprotein Nassfutter f\u00fcr Katzen mit reiner Fleischern\u00e4hrung. H\u00e4hnchen 100%.\" \/>\n<meta property=\"og:url\" content=\"https:\/\/3coty.com\/de\/p\/03-chicken-080\/\" \/>\n<meta property=\"og:site_name\" content=\"3coty\u00ae\" \/>\n<meta property=\"article:publisher\" content=\"https:\/\/www.facebook.com\/3coty\" \/>\n<meta property=\"article:modified_time\" content=\"2026-03-22T11:51:19+00:00\" \/>\n<meta property=\"og:image\" content=\"https:\/\/3coty.com\/wp-content\/uploads\/2025\/10\/3coty-03-chicken-080-meat-only-cat-food.jpg\" \/>\n\t<meta property=\"og:image:width\" content=\"1200\" \/>\n\t<meta property=\"og:image:height\" content=\"630\" \/>\n\t<meta property=\"og:image:type\" content=\"image\/jpeg\" \/>\n<meta name=\"twitter:card\" content=\"summary_large_image\" \/>\n<meta name=\"twitter:title\" content=\"03. H\u00c4HNCHEN 080 (80g) | F\u00fcr erwachsene Katzen | 3coty\u00ae Nat\u00fcrliches Katzenfutter 100% Fleisch\" \/>\n<meta name=\"twitter:description\" content=\"K\u00f6stlich zubereitetes H\u00e4hnchenfleisch. 100% nat\u00fcrliches vollst\u00e4ndiges und ausgewogenes Monoprotein Nassfutter f\u00fcr Katzen mit reiner Fleischern\u00e4hrung. H\u00e4hnchen 100%.\" \/>\n<meta name=\"twitter:image\" content=\"https:\/\/3coty.com\/wp-content\/uploads\/2025\/10\/3coty-03-chicken-080-meat-only-cat-food.jpg\" \/>\n<meta name=\"twitter:site\" content=\"@3cotyCom\" \/>\n<meta name=\"twitter:label1\" content=\"Preis\" \/>\n\t<meta name=\"twitter:data1\" content=\"\u20ac&nbsp;2.00\" \/>\n\t<meta name=\"twitter:label2\" content=\"Verf\u00fcgbarkeit\" \/>\n\t<meta name=\"twitter:data2\" content=\"Auf Lager\" \/>\n<script type=\"application\/ld+json\" class=\"yoast-schema-graph\">{\"@context\":\"https:\\\/\\\/schema.org\",\"@graph\":[{\"@type\":\"WebPage\",\"@id\":\"https:\\\/\\\/3coty.com\\\/de\\\/p\\\/03-chicken-080\\\/\",\"url\":\"https:\\\/\\\/3coty.com\\\/de\\\/p\\\/03-chicken-080\\\/\",\"name\":\"03. H\u00c4HNCHEN 080 (80g) | F\u00fcr erwachsene Katzen | 3coty\u00ae Nat\u00fcrliches Katzenfutter 100% Fleisch\",\"isPartOf\":{\"@id\":\"https:\\\/\\\/3coty.com\\\/de\\\/#website\"},\"primaryImageOfPage\":{\"@id\":\"https:\\\/\\\/3coty.com\\\/de\\\/p\\\/03-chicken-080\\\/#primaryimage\"},\"image\":{\"@id\":\"https:\\\/\\\/3coty.com\\\/de\\\/p\\\/03-chicken-080\\\/#primaryimage\"},\"thumbnailUrl\":\"https:\\\/\\\/3coty.com\\\/wp-content\\\/uploads\\\/2025\\\/07\\\/3coty-p-03-080-01.jpg\",\"datePublished\":\"2025-05-19T17:28:40+00:00\",\"dateModified\":\"2026-03-22T11:51:19+00:00\",\"description\":\"K\u00f6stlich zubereitetes H\u00e4hnchenfleisch. 100% nat\u00fcrliches vollst\u00e4ndiges und ausgewogenes Monoprotein Nassfutter f\u00fcr Katzen mit reiner Fleischern\u00e4hrung. H\u00e4hnchen 100%.\",\"breadcrumb\":{\"@id\":\"https:\\\/\\\/3coty.com\\\/de\\\/p\\\/03-chicken-080\\\/#breadcrumb\"},\"inLanguage\":\"de\",\"potentialAction\":[{\"@type\":\"ReadAction\",\"target\":[\"https:\\\/\\\/3coty.com\\\/de\\\/p\\\/03-chicken-080\\\/\"]}]},{\"@type\":\"ImageObject\",\"inLanguage\":\"de\",\"@id\":\"https:\\\/\\\/3coty.com\\\/de\\\/p\\\/03-chicken-080\\\/#primaryimage\",\"url\":\"https:\\\/\\\/3coty.com\\\/wp-content\\\/uploads\\\/2025\\\/07\\\/3coty-p-03-080-01.jpg\",\"contentUrl\":\"https:\\\/\\\/3coty.com\\\/wp-content\\\/uploads\\\/2025\\\/07\\\/3coty-p-03-080-01.jpg\",\"width\":1024,\"height\":1024},{\"@type\":\"BreadcrumbList\",\"@id\":\"https:\\\/\\\/3coty.com\\\/de\\\/p\\\/03-chicken-080\\\/#breadcrumb\",\"itemListElement\":[{\"@type\":\"ListItem\",\"position\":1,\"name\":\"Home\",\"item\":\"https:\\\/\\\/3coty.com\\\/de\\\/\"},{\"@type\":\"ListItem\",\"position\":2,\"name\":\"SHOP\",\"item\":\"https:\\\/\\\/3coty.com\\\/de\\\/shop\\\/\"},{\"@type\":\"ListItem\",\"position\":3,\"name\":\"03. H\u00c4HNCHEN 080\"}]},{\"@type\":\"WebSite\",\"@id\":\"https:\\\/\\\/3coty.com\\\/de\\\/#website\",\"url\":\"https:\\\/\\\/3coty.com\\\/de\\\/\",\"name\":\"3coty\u00ae\",\"description\":\"Meat-only Cat Food\",\"publisher\":{\"@id\":\"https:\\\/\\\/3coty.com\\\/de\\\/#organization\"},\"potentialAction\":[{\"@type\":\"SearchAction\",\"target\":{\"@type\":\"EntryPoint\",\"urlTemplate\":\"https:\\\/\\\/3coty.com\\\/de\\\/?s={search_term_string}\"},\"query-input\":{\"@type\":\"PropertyValueSpecification\",\"valueRequired\":true,\"valueName\":\"search_term_string\"}}],\"inLanguage\":\"de\"},{\"@type\":\"Organization\",\"@id\":\"https:\\\/\\\/3coty.com\\\/de\\\/#organization\",\"name\":\"3coty\u00ae\",\"alternateName\":\"3coty\",\"url\":\"https:\\\/\\\/3coty.com\\\/de\\\/\",\"logo\":{\"@type\":\"ImageObject\",\"inLanguage\":\"de\",\"@id\":\"https:\\\/\\\/3coty.com\\\/de\\\/#\\\/schema\\\/logo\\\/image\\\/\",\"url\":\"https:\\\/\\\/3coty.com\\\/wp-content\\\/uploads\\\/2025\\\/05\\\/icon-3coty-logo.svg\",\"contentUrl\":\"https:\\\/\\\/3coty.com\\\/wp-content\\\/uploads\\\/2025\\\/05\\\/icon-3coty-logo.svg\",\"width\":283,\"height\":283,\"caption\":\"3coty\u00ae\"},\"image\":{\"@id\":\"https:\\\/\\\/3coty.com\\\/de\\\/#\\\/schema\\\/logo\\\/image\\\/\"},\"sameAs\":[\"https:\\\/\\\/www.facebook.com\\\/3coty\",\"https:\\\/\\\/x.com\\\/3cotyCom\",\"https:\\\/\\\/www.instagram.com\\\/3coty\",\"https:\\\/\\\/www.linkedin.com\\\/company\\\/3coty\",\"https:\\\/\\\/www.youtube.com\\\/@3coty\"]}]}<\/script>\n<meta property=\"product:price:amount\" content=\"2.00\" \/>\n<meta property=\"product:price:currency\" content=\"EUR\" \/>\n<meta property=\"og:availability\" content=\"instock\" \/>\n<meta property=\"product:availability\" content=\"instock\" \/>\n<meta property=\"product:retailer_item_id\" content=\"080T 03CH \/ 5901785315707\" \/>\n<meta property=\"product:condition\" content=\"new\" \/>\n<!-- \/ Yoast SEO Premium plugin. -->","yoast_head_json":{"title":"03. H\u00c4HNCHEN 080 (80g) | F\u00fcr erwachsene Katzen | 3coty\u00ae Nat\u00fcrliches Katzenfutter 100% Fleisch","description":"K\u00f6stlich zubereitetes H\u00e4hnchenfleisch. 100% nat\u00fcrliches vollst\u00e4ndiges und ausgewogenes Monoprotein Nassfutter f\u00fcr Katzen mit reiner Fleischern\u00e4hrung. H\u00e4hnchen 100%.","robots":{"index":"index","follow":"follow","max-snippet":"max-snippet:-1","max-image-preview":"max-image-preview:large","max-video-preview":"max-video-preview:-1"},"canonical":"https:\/\/3coty.com\/de\/p\/03-chicken-080\/","og_locale":"de_DE","og_type":"article","og_title":"03. H\u00c4HNCHEN 080 (80g) | F\u00fcr erwachsene Katzen | 3coty\u00ae Nat\u00fcrliches Katzenfutter 100% Fleisch","og_description":"K\u00f6stlich zubereitetes H\u00e4hnchenfleisch. 100% nat\u00fcrliches vollst\u00e4ndiges und ausgewogenes Monoprotein Nassfutter f\u00fcr Katzen mit reiner Fleischern\u00e4hrung. H\u00e4hnchen 100%.","og_url":"https:\/\/3coty.com\/de\/p\/03-chicken-080\/","og_site_name":"3coty\u00ae","article_publisher":"https:\/\/www.facebook.com\/3coty","article_modified_time":"2026-03-22T11:51:19+00:00","og_image":[{"width":1200,"height":630,"url":"https:\/\/3coty.com\/wp-content\/uploads\/2025\/10\/3coty-03-chicken-080-meat-only-cat-food.jpg","type":"image\/jpeg"}],"twitter_card":"summary_large_image","twitter_title":"03. H\u00c4HNCHEN 080 (80g) | F\u00fcr erwachsene Katzen | 3coty\u00ae Nat\u00fcrliches Katzenfutter 100% Fleisch","twitter_description":"K\u00f6stlich zubereitetes H\u00e4hnchenfleisch. 100% nat\u00fcrliches vollst\u00e4ndiges und ausgewogenes Monoprotein Nassfutter f\u00fcr Katzen mit reiner Fleischern\u00e4hrung. H\u00e4hnchen 100%.","twitter_image":"https:\/\/3coty.com\/wp-content\/uploads\/2025\/10\/3coty-03-chicken-080-meat-only-cat-food.jpg","twitter_site":"@3cotyCom","twitter_misc":{"Preis":"\u20ac&nbsp;2.00","Verf\u00fcgbarkeit":"Auf Lager"},"schema":{"@context":"https:\/\/schema.org","@graph":[{"@type":"WebPage","@id":"https:\/\/3coty.com\/de\/p\/03-chicken-080\/","url":"https:\/\/3coty.com\/de\/p\/03-chicken-080\/","name":"03. H\u00c4HNCHEN 080 (80g) | F\u00fcr erwachsene Katzen | 3coty\u00ae Nat\u00fcrliches Katzenfutter 100% Fleisch","isPartOf":{"@id":"https:\/\/3coty.com\/de\/#website"},"primaryImageOfPage":{"@id":"https:\/\/3coty.com\/de\/p\/03-chicken-080\/#primaryimage"},"image":{"@id":"https:\/\/3coty.com\/de\/p\/03-chicken-080\/#primaryimage"},"thumbnailUrl":"https:\/\/3coty.com\/wp-content\/uploads\/2025\/07\/3coty-p-03-080-01.jpg","datePublished":"2025-05-19T17:28:40+00:00","dateModified":"2026-03-22T11:51:19+00:00","description":"K\u00f6stlich zubereitetes H\u00e4hnchenfleisch. 100% nat\u00fcrliches vollst\u00e4ndiges und ausgewogenes Monoprotein Nassfutter f\u00fcr Katzen mit reiner Fleischern\u00e4hrung. H\u00e4hnchen 100%.","breadcrumb":{"@id":"https:\/\/3coty.com\/de\/p\/03-chicken-080\/#breadcrumb"},"inLanguage":"de","potentialAction":[{"@type":"ReadAction","target":["https:\/\/3coty.com\/de\/p\/03-chicken-080\/"]}]},{"@type":"ImageObject","inLanguage":"de","@id":"https:\/\/3coty.com\/de\/p\/03-chicken-080\/#primaryimage","url":"https:\/\/3coty.com\/wp-content\/uploads\/2025\/07\/3coty-p-03-080-01.jpg","contentUrl":"https:\/\/3coty.com\/wp-content\/uploads\/2025\/07\/3coty-p-03-080-01.jpg","width":1024,"height":1024},{"@type":"BreadcrumbList","@id":"https:\/\/3coty.com\/de\/p\/03-chicken-080\/#breadcrumb","itemListElement":[{"@type":"ListItem","position":1,"name":"Home","item":"https:\/\/3coty.com\/de\/"},{"@type":"ListItem","position":2,"name":"SHOP","item":"https:\/\/3coty.com\/de\/shop\/"},{"@type":"ListItem","position":3,"name":"03. H\u00c4HNCHEN 080"}]},{"@type":"WebSite","@id":"https:\/\/3coty.com\/de\/#website","url":"https:\/\/3coty.com\/de\/","name":"3coty\u00ae","description":"Meat-only Cat Food","publisher":{"@id":"https:\/\/3coty.com\/de\/#organization"},"potentialAction":[{"@type":"SearchAction","target":{"@type":"EntryPoint","urlTemplate":"https:\/\/3coty.com\/de\/?s={search_term_string}"},"query-input":{"@type":"PropertyValueSpecification","valueRequired":true,"valueName":"search_term_string"}}],"inLanguage":"de"},{"@type":"Organization","@id":"https:\/\/3coty.com\/de\/#organization","name":"3coty\u00ae","alternateName":"3coty","url":"https:\/\/3coty.com\/de\/","logo":{"@type":"ImageObject","inLanguage":"de","@id":"https:\/\/3coty.com\/de\/#\/schema\/logo\/image\/","url":"https:\/\/3coty.com\/wp-content\/uploads\/2025\/05\/icon-3coty-logo.svg","contentUrl":"https:\/\/3coty.com\/wp-content\/uploads\/2025\/05\/icon-3coty-logo.svg","width":283,"height":283,"caption":"3coty\u00ae"},"image":{"@id":"https:\/\/3coty.com\/de\/#\/schema\/logo\/image\/"},"sameAs":["https:\/\/www.facebook.com\/3coty","https:\/\/x.com\/3cotyCom","https:\/\/www.instagram.com\/3coty","https:\/\/www.linkedin.com\/company\/3coty","https:\/\/www.youtube.com\/@3coty"]}]},"product_price_amount":"2.00","product_price_currency":"EUR","og_availability":"instock","product_availability":"instock","product_retailer_item_id":"080T 03CH \/ 5901785315707","product_condition":"new"},"_links":{"self":[{"href":"https:\/\/3coty.com\/de\/wp-json\/wp\/v2\/product\/31608","targetHints":{"allow":["GET"]}}],"collection":[{"href":"https:\/\/3coty.com\/de\/wp-json\/wp\/v2\/product"}],"about":[{"href":"https:\/\/3coty.com\/de\/wp-json\/wp\/v2\/types\/product"}],"version-history":[{"count":4,"href":"https:\/\/3coty.com\/de\/wp-json\/wp\/v2\/product\/31608\/revisions"}],"predecessor-version":[{"id":62376,"href":"https:\/\/3coty.com\/de\/wp-json\/wp\/v2\/product\/31608\/revisions\/62376"}],"wp:featuredmedia":[{"embeddable":true,"href":"https:\/\/3coty.com\/de\/wp-json\/wp\/v2\/media\/62007"}],"wp:attachment":[{"href":"https:\/\/3coty.com\/de\/wp-json\/wp\/v2\/media?parent=31608"}],"wp:term":[{"taxonomy":"product_brand","embeddable":true,"href":"https:\/\/3coty.com\/de\/wp-json\/wp\/v2\/product_brand?post=31608"},{"taxonomy":"product_cat","embeddable":true,"href":"https:\/\/3coty.com\/de\/wp-json\/wp\/v2\/product_cat?post=31608"},{"taxonomy":"product_tag","embeddable":true,"href":"https:\/\/3coty.com\/de\/wp-json\/wp\/v2\/product_tag?post=31608"}],"curies":[{"name":"wp","href":"https:\/\/api.w.org\/{rel}","templated":true}]}}