{"id":34697,"date":"2025-05-27T13:11:57","date_gmt":"2025-05-27T13:11:57","guid":{"rendered":"https:\/\/3coty.com\/p\/62-turkey-075\/"},"modified":"2026-04-04T06:44:03","modified_gmt":"2026-04-04T06:44:03","slug":"62-turkey-075","status":"publish","type":"product","link":"https:\/\/3coty.com\/da\/p\/62-turkey-075\/","title":{"rendered":"62. KALKUN Cheers! 075"},"content":{"rendered":"<p><a href=\"https:\/\/3coty.com\/wp-content\/uploads\/2025\/07\/3coty-p-62-tab-1.svg\"><img fetchpriority=\"high\" decoding=\"async\" class=\"alignnone size-full wp-image-44038\" role=\"img\" src=\"https:\/\/3coty.com\/wp-content\/uploads\/2025\/07\/3coty-p-62-tab-1.svg\" alt=\"\" width=\"283\" height=\"283\" \/><\/a><\/p>\n<h2>3COTY\u00ae CHEERS! NATURLIGT SUPPLERINGSFODER til katte<\/h2>\n<p><strong>N\u00e6rende, naturlig bouillon med tilberedte k\u00f8dingredienser<\/strong><\/p>\n<p>Denne kalkunbouillon er lavet af de samme h\u00f8jkvalitets-k\u00f8dingredienser som vores foder. Den naturlige k\u00f8dsmag motiverer katten til at drikke v\u00e6ske, hvilket er vigtigt for at opretholde sunde nyrer. N\u00e5r en sk\u00e5l med vand bliver ignoreret, eller du er bekymret for, at din kat ikke drikker nok, kan denne n\u00e6ringsrige bouillon hj\u00e6lpe med at sikre, at katten f\u00e5r den v\u00e6ske, den har brug for for at forblive sund.<\/p>\n<p>Fremstillet af foderkvalitets kalkunk\u00f8d \u2013 denne velsmagende bouillon-drik st\u00f8tter sundt v\u00e6skeindtag for din kat.<\/p>\n","protected":false},"excerpt":{"rendered":"<p><a href=\"https:\/\/3coty.com\/wp-content\/uploads\/2025\/07\/3coty-p-62-description-1.svg\"><img decoding=\"async\" class=\"alignnone size-medium wp-image-44002\" role=\"img\" src=\"https:\/\/3coty.com\/wp-content\/uploads\/2025\/07\/3coty-p-62-description-1.svg\" alt=\"\" width=\"300\" height=\"300\" \/><\/a><\/p>\n<p><strong>TIL ALLE KATTE<\/strong> | BOUILLON | MONOPROTEIN-KATTEFODER<\/p>\n<p><a href=\"https:\/\/3coty.com\/wp-content\/uploads\/2025\/07\/3coty-p-62-description-2.svg\"><img decoding=\"async\" class=\"alignnone size-full wp-image-44020\" role=\"img\" src=\"https:\/\/3coty.com\/wp-content\/uploads\/2025\/07\/3coty-p-62-description-2.svg\" alt=\"\" width=\"506\" height=\"85\" \/><\/a><\/p>\n<p>&nbsp;<\/p>\n","protected":false},"featured_media":43752,"template":"","meta":{"_acf_changed":false},"product_brand":[],"product_cat":[418],"product_tag":[1259],"class_list":{"0":"post-34697","1":"product","2":"type-product","3":"status-publish","4":"has-post-thumbnail","6":"product_cat-well-being","7":"product_tag-62tu","9":"first","10":"instock","11":"featured","12":"taxable","13":"shipping-taxable","14":"purchasable","15":"product-type-simple"},"acf":[],"yoast_head":"<!-- This site is optimized with the Yoast SEO Premium plugin v27.4 (Yoast SEO v27.4) - https:\/\/yoast.com\/product\/yoast-seo-premium-wordpress\/ -->\n<title>62. KALKUN Cheers! 075 - 3coty\u00ae<\/title>\n<meta name=\"robots\" content=\"index, follow, max-snippet:-1, max-image-preview:large, max-video-preview:-1\" \/>\n<link rel=\"canonical\" href=\"https:\/\/3coty.com\/da\/p\/62-turkey-075\/\" \/>\n<meta property=\"og:locale\" content=\"da_DK\" \/>\n<meta property=\"og:type\" content=\"article\" \/>\n<meta property=\"og:title\" content=\"62. KALKUN Cheers! 075\" \/>\n<meta property=\"og:description\" content=\"TIL ALLE KATTE | BOUILLON | MONOPROTEIN-KATTEFODER    &nbsp;\" \/>\n<meta property=\"og:url\" content=\"https:\/\/3coty.com\/da\/p\/62-turkey-075\/\" \/>\n<meta property=\"og:site_name\" content=\"3coty\u00ae\" \/>\n<meta property=\"article:publisher\" content=\"https:\/\/www.facebook.com\/3coty\" \/>\n<meta property=\"article:modified_time\" content=\"2026-04-04T06:44:03+00:00\" \/>\n<meta property=\"og:image\" content=\"https:\/\/3coty.com\/wp-content\/uploads\/2025\/07\/3coty-p-62-075-01.jpg\" \/>\n\t<meta property=\"og:image:width\" content=\"1024\" \/>\n\t<meta property=\"og:image:height\" content=\"1024\" \/>\n\t<meta property=\"og:image:type\" content=\"image\/jpeg\" \/>\n<meta name=\"twitter:card\" content=\"summary_large_image\" \/>\n<meta name=\"twitter:site\" content=\"@3cotyCom\" \/>\n<meta name=\"twitter:label1\" content=\"Pris\" \/>\n\t<meta name=\"twitter:data1\" content=\"\u20ac&nbsp;1.50\" \/>\n\t<meta name=\"twitter:label2\" content=\"Tilg\u00e6ngelighed\" \/>\n\t<meta name=\"twitter:data2\" content=\"P\u00e5 lager\" \/>\n<script type=\"application\/ld+json\" class=\"yoast-schema-graph\">{\"@context\":\"https:\\\/\\\/schema.org\",\"@graph\":[{\"@type\":\"WebPage\",\"@id\":\"https:\\\/\\\/3coty.com\\\/da\\\/p\\\/62-turkey-075\\\/\",\"url\":\"https:\\\/\\\/3coty.com\\\/da\\\/p\\\/62-turkey-075\\\/\",\"name\":\"62. KALKUN Cheers! 075 - 3coty\u00ae\",\"isPartOf\":{\"@id\":\"https:\\\/\\\/3coty.com\\\/da\\\/#website\"},\"primaryImageOfPage\":{\"@id\":\"https:\\\/\\\/3coty.com\\\/da\\\/p\\\/62-turkey-075\\\/#primaryimage\"},\"image\":{\"@id\":\"https:\\\/\\\/3coty.com\\\/da\\\/p\\\/62-turkey-075\\\/#primaryimage\"},\"thumbnailUrl\":\"https:\\\/\\\/3coty.com\\\/wp-content\\\/uploads\\\/2025\\\/07\\\/3coty-p-62-075-01.jpg\",\"datePublished\":\"2025-05-27T13:11:57+00:00\",\"dateModified\":\"2026-04-04T06:44:03+00:00\",\"breadcrumb\":{\"@id\":\"https:\\\/\\\/3coty.com\\\/da\\\/p\\\/62-turkey-075\\\/#breadcrumb\"},\"inLanguage\":\"da-DK\",\"potentialAction\":[{\"@type\":\"ReadAction\",\"target\":[\"https:\\\/\\\/3coty.com\\\/da\\\/p\\\/62-turkey-075\\\/\"]}]},{\"@type\":\"ImageObject\",\"inLanguage\":\"da-DK\",\"@id\":\"https:\\\/\\\/3coty.com\\\/da\\\/p\\\/62-turkey-075\\\/#primaryimage\",\"url\":\"https:\\\/\\\/3coty.com\\\/wp-content\\\/uploads\\\/2025\\\/07\\\/3coty-p-62-075-01.jpg\",\"contentUrl\":\"https:\\\/\\\/3coty.com\\\/wp-content\\\/uploads\\\/2025\\\/07\\\/3coty-p-62-075-01.jpg\",\"width\":1024,\"height\":1024},{\"@type\":\"BreadcrumbList\",\"@id\":\"https:\\\/\\\/3coty.com\\\/da\\\/p\\\/62-turkey-075\\\/#breadcrumb\",\"itemListElement\":[{\"@type\":\"ListItem\",\"position\":1,\"name\":\"Home\",\"item\":\"https:\\\/\\\/3coty.com\\\/da\\\/\"},{\"@type\":\"ListItem\",\"position\":2,\"name\":\"BUTIK\",\"item\":\"https:\\\/\\\/3coty.com\\\/da\\\/shop\\\/\"},{\"@type\":\"ListItem\",\"position\":3,\"name\":\"62. KALKUN Cheers! 075\"}]},{\"@type\":\"WebSite\",\"@id\":\"https:\\\/\\\/3coty.com\\\/da\\\/#website\",\"url\":\"https:\\\/\\\/3coty.com\\\/da\\\/\",\"name\":\"3coty\u00ae\",\"description\":\"Meat-only Cat Food\",\"publisher\":{\"@id\":\"https:\\\/\\\/3coty.com\\\/da\\\/#organization\"},\"potentialAction\":[{\"@type\":\"SearchAction\",\"target\":{\"@type\":\"EntryPoint\",\"urlTemplate\":\"https:\\\/\\\/3coty.com\\\/da\\\/?s={search_term_string}\"},\"query-input\":{\"@type\":\"PropertyValueSpecification\",\"valueRequired\":true,\"valueName\":\"search_term_string\"}}],\"inLanguage\":\"da-DK\"},{\"@type\":\"Organization\",\"@id\":\"https:\\\/\\\/3coty.com\\\/da\\\/#organization\",\"name\":\"3coty\u00ae\",\"alternateName\":\"3coty\",\"url\":\"https:\\\/\\\/3coty.com\\\/da\\\/\",\"logo\":{\"@type\":\"ImageObject\",\"inLanguage\":\"da-DK\",\"@id\":\"https:\\\/\\\/3coty.com\\\/da\\\/#\\\/schema\\\/logo\\\/image\\\/\",\"url\":\"https:\\\/\\\/3coty.com\\\/wp-content\\\/uploads\\\/2025\\\/05\\\/icon-3coty-logo.svg\",\"contentUrl\":\"https:\\\/\\\/3coty.com\\\/wp-content\\\/uploads\\\/2025\\\/05\\\/icon-3coty-logo.svg\",\"width\":283,\"height\":283,\"caption\":\"3coty\u00ae\"},\"image\":{\"@id\":\"https:\\\/\\\/3coty.com\\\/da\\\/#\\\/schema\\\/logo\\\/image\\\/\"},\"sameAs\":[\"https:\\\/\\\/www.facebook.com\\\/3coty\",\"https:\\\/\\\/x.com\\\/3cotyCom\",\"https:\\\/\\\/www.instagram.com\\\/3coty\",\"https:\\\/\\\/www.linkedin.com\\\/company\\\/3coty\",\"https:\\\/\\\/www.youtube.com\\\/@3coty\"]}]}<\/script>\n<meta property=\"product:price:amount\" content=\"1.50\" \/>\n<meta property=\"product:price:currency\" content=\"EUR\" \/>\n<meta property=\"og:availability\" content=\"instock\" \/>\n<meta property=\"product:availability\" content=\"instock\" \/>\n<meta property=\"product:retailer_item_id\" content=\"075T 62TU \/ 5901785315899\" \/>\n<meta property=\"product:condition\" content=\"new\" \/>\n<!-- \/ Yoast SEO Premium plugin. -->","yoast_head_json":{"title":"62. KALKUN Cheers! 075 - 3coty\u00ae","robots":{"index":"index","follow":"follow","max-snippet":"max-snippet:-1","max-image-preview":"max-image-preview:large","max-video-preview":"max-video-preview:-1"},"canonical":"https:\/\/3coty.com\/da\/p\/62-turkey-075\/","og_locale":"da_DK","og_type":"article","og_title":"62. KALKUN Cheers! 075","og_description":"TIL ALLE KATTE | BOUILLON | MONOPROTEIN-KATTEFODER    &nbsp;","og_url":"https:\/\/3coty.com\/da\/p\/62-turkey-075\/","og_site_name":"3coty\u00ae","article_publisher":"https:\/\/www.facebook.com\/3coty","article_modified_time":"2026-04-04T06:44:03+00:00","og_image":[{"width":1024,"height":1024,"url":"https:\/\/3coty.com\/wp-content\/uploads\/2025\/07\/3coty-p-62-075-01.jpg","type":"image\/jpeg"}],"twitter_card":"summary_large_image","twitter_site":"@3cotyCom","twitter_misc":{"Pris":"\u20ac&nbsp;1.50","Tilg\u00e6ngelighed":"P\u00e5 lager"},"schema":{"@context":"https:\/\/schema.org","@graph":[{"@type":"WebPage","@id":"https:\/\/3coty.com\/da\/p\/62-turkey-075\/","url":"https:\/\/3coty.com\/da\/p\/62-turkey-075\/","name":"62. KALKUN Cheers! 075 - 3coty\u00ae","isPartOf":{"@id":"https:\/\/3coty.com\/da\/#website"},"primaryImageOfPage":{"@id":"https:\/\/3coty.com\/da\/p\/62-turkey-075\/#primaryimage"},"image":{"@id":"https:\/\/3coty.com\/da\/p\/62-turkey-075\/#primaryimage"},"thumbnailUrl":"https:\/\/3coty.com\/wp-content\/uploads\/2025\/07\/3coty-p-62-075-01.jpg","datePublished":"2025-05-27T13:11:57+00:00","dateModified":"2026-04-04T06:44:03+00:00","breadcrumb":{"@id":"https:\/\/3coty.com\/da\/p\/62-turkey-075\/#breadcrumb"},"inLanguage":"da-DK","potentialAction":[{"@type":"ReadAction","target":["https:\/\/3coty.com\/da\/p\/62-turkey-075\/"]}]},{"@type":"ImageObject","inLanguage":"da-DK","@id":"https:\/\/3coty.com\/da\/p\/62-turkey-075\/#primaryimage","url":"https:\/\/3coty.com\/wp-content\/uploads\/2025\/07\/3coty-p-62-075-01.jpg","contentUrl":"https:\/\/3coty.com\/wp-content\/uploads\/2025\/07\/3coty-p-62-075-01.jpg","width":1024,"height":1024},{"@type":"BreadcrumbList","@id":"https:\/\/3coty.com\/da\/p\/62-turkey-075\/#breadcrumb","itemListElement":[{"@type":"ListItem","position":1,"name":"Home","item":"https:\/\/3coty.com\/da\/"},{"@type":"ListItem","position":2,"name":"BUTIK","item":"https:\/\/3coty.com\/da\/shop\/"},{"@type":"ListItem","position":3,"name":"62. KALKUN Cheers! 075"}]},{"@type":"WebSite","@id":"https:\/\/3coty.com\/da\/#website","url":"https:\/\/3coty.com\/da\/","name":"3coty\u00ae","description":"Meat-only Cat Food","publisher":{"@id":"https:\/\/3coty.com\/da\/#organization"},"potentialAction":[{"@type":"SearchAction","target":{"@type":"EntryPoint","urlTemplate":"https:\/\/3coty.com\/da\/?s={search_term_string}"},"query-input":{"@type":"PropertyValueSpecification","valueRequired":true,"valueName":"search_term_string"}}],"inLanguage":"da-DK"},{"@type":"Organization","@id":"https:\/\/3coty.com\/da\/#organization","name":"3coty\u00ae","alternateName":"3coty","url":"https:\/\/3coty.com\/da\/","logo":{"@type":"ImageObject","inLanguage":"da-DK","@id":"https:\/\/3coty.com\/da\/#\/schema\/logo\/image\/","url":"https:\/\/3coty.com\/wp-content\/uploads\/2025\/05\/icon-3coty-logo.svg","contentUrl":"https:\/\/3coty.com\/wp-content\/uploads\/2025\/05\/icon-3coty-logo.svg","width":283,"height":283,"caption":"3coty\u00ae"},"image":{"@id":"https:\/\/3coty.com\/da\/#\/schema\/logo\/image\/"},"sameAs":["https:\/\/www.facebook.com\/3coty","https:\/\/x.com\/3cotyCom","https:\/\/www.instagram.com\/3coty","https:\/\/www.linkedin.com\/company\/3coty","https:\/\/www.youtube.com\/@3coty"]}]},"product_price_amount":"1.50","product_price_currency":"EUR","og_availability":"instock","product_availability":"instock","product_retailer_item_id":"075T 62TU \/ 5901785315899","product_condition":"new"},"_links":{"self":[{"href":"https:\/\/3coty.com\/da\/wp-json\/wp\/v2\/product\/34697","targetHints":{"allow":["GET"]}}],"collection":[{"href":"https:\/\/3coty.com\/da\/wp-json\/wp\/v2\/product"}],"about":[{"href":"https:\/\/3coty.com\/da\/wp-json\/wp\/v2\/types\/product"}],"version-history":[{"count":4,"href":"https:\/\/3coty.com\/da\/wp-json\/wp\/v2\/product\/34697\/revisions"}],"predecessor-version":[{"id":44112,"href":"https:\/\/3coty.com\/da\/wp-json\/wp\/v2\/product\/34697\/revisions\/44112"}],"wp:featuredmedia":[{"embeddable":true,"href":"https:\/\/3coty.com\/da\/wp-json\/wp\/v2\/media\/43752"}],"wp:attachment":[{"href":"https:\/\/3coty.com\/da\/wp-json\/wp\/v2\/media?parent=34697"}],"wp:term":[{"taxonomy":"product_brand","embeddable":true,"href":"https:\/\/3coty.com\/da\/wp-json\/wp\/v2\/product_brand?post=34697"},{"taxonomy":"product_cat","embeddable":true,"href":"https:\/\/3coty.com\/da\/wp-json\/wp\/v2\/product_cat?post=34697"},{"taxonomy":"product_tag","embeddable":true,"href":"https:\/\/3coty.com\/da\/wp-json\/wp\/v2\/product_tag?post=34697"}],"curies":[{"name":"wp","href":"https:\/\/api.w.org\/{rel}","templated":true}]}}