{"id":34631,"date":"2025-05-25T08:18:26","date_gmt":"2025-05-25T08:18:26","guid":{"rendered":"https:\/\/3coty.com\/p\/34-turkey-780\/"},"modified":"2026-04-14T10:53:43","modified_gmt":"2026-04-14T10:53:43","slug":"34-turkey-780","status":"publish","type":"product","link":"https:\/\/3coty.com\/da\/p\/34-turkey-780\/","title":{"rendered":"34. KALKUN 780"},"content":{"rendered":"<p><a href=\"https:\/\/3coty.com\/wp-content\/uploads\/2025\/07\/3coty-p-34-tab-1.svg\"><img fetchpriority=\"high\" decoding=\"async\" class=\"alignnone size-full wp-image-49431\" role=\"img\" src=\"https:\/\/3coty.com\/wp-content\/uploads\/2025\/07\/3coty-p-34-tab-1.svg\" alt=\"\" width=\"283\" height=\"283\" \/><\/a><\/p>\n<h2>NATURLIGT OG KOMPLET 3COTY\u00ae KATTEFODER<\/h2>\n<p><strong>99% NATURLIGE K\u00d8DINGREDIENSER og animalske biprodukter kogt i deres egen n\u00e6ringsrige bouillon, 1% BRUNALGE<\/strong><\/p>\n<p>N\u00e5r katte bliver \u00e6ldre, kan deres ford\u00f8jelsessystem have gavn af ekstra st\u00f8tte for at undg\u00e5 forstoppelse. De brunalger, der er tilsat dette monoproteinfoder med kalkun, hj\u00e6lper netop med dette og styrker samtidig immunforsvaret. Da nogle \u00e6ldre katte foretr\u00e6kker at slikke deres mad frem for at tygge den, er dette naturlige v\u00e5dfoder lavet som en mousse.<\/p>\n<p>Let at spise og ford\u00f8je \u2013 vores nye mousse med kalkun og brunalge til \u00e6ldre katte.<\/p>\n","protected":false},"excerpt":{"rendered":"<p><a href=\"https:\/\/3coty.com\/wp-content\/uploads\/2025\/07\/3coty-p-34-description-1.svg\"><img decoding=\"async\" class=\"alignnone size-medium wp-image-49829\" role=\"img\" src=\"https:\/\/3coty.com\/wp-content\/uploads\/2025\/07\/3coty-p-34-description-1.svg\" alt=\"\" width=\"300\" height=\"300\" \/><\/a><\/p>\n<p><strong>TIL SENIOR KATTE<\/strong> | MOUSSE | MONOPROTEIN-KATTEFODER<\/p>\n<p><a href=\"https:\/\/3coty.com\/wp-content\/uploads\/2025\/07\/3coty-p-34-description-2.svg\"><img decoding=\"async\" class=\"alignnone size-full wp-image-49413\" role=\"img\" src=\"https:\/\/3coty.com\/wp-content\/uploads\/2025\/07\/3coty-p-34-description-2.svg\" alt=\"\" width=\"506\" height=\"85\" \/><\/a><\/p>\n","protected":false},"featured_media":49739,"template":"","meta":{"_acf_changed":false},"product_brand":[],"product_cat":[402],"product_tag":[1073],"class_list":{"0":"post-34631","1":"product","2":"type-product","3":"status-publish","4":"has-post-thumbnail","6":"product_cat-for-senior-cats","7":"product_tag-34tu","9":"first","10":"outofstock","11":"featured","12":"taxable","13":"shipping-taxable","14":"purchasable","15":"product-type-simple"},"acf":[],"yoast_head":"<!-- This site is optimized with the Yoast SEO Premium plugin v27.4 (Yoast SEO v27.4) - https:\/\/yoast.com\/product\/yoast-seo-premium-wordpress\/ -->\n<title>34. KALKUN 780 - 3coty\u00ae<\/title>\n<meta name=\"robots\" content=\"index, follow, max-snippet:-1, max-image-preview:large, max-video-preview:-1\" \/>\n<link rel=\"canonical\" href=\"https:\/\/3coty.com\/da\/p\/34-turkey-780\/\" \/>\n<meta property=\"og:locale\" content=\"da_DK\" \/>\n<meta property=\"og:type\" content=\"article\" \/>\n<meta property=\"og:title\" content=\"34. KALKUN 780\" \/>\n<meta property=\"og:description\" content=\"TIL SENIOR KATTE | MOUSSE | MONOPROTEIN-KATTEFODER\" \/>\n<meta property=\"og:url\" content=\"https:\/\/3coty.com\/da\/p\/34-turkey-780\/\" \/>\n<meta property=\"og:site_name\" content=\"3coty\u00ae\" \/>\n<meta property=\"article:publisher\" content=\"https:\/\/www.facebook.com\/3coty\" \/>\n<meta property=\"article:modified_time\" content=\"2026-04-14T10:53:43+00:00\" \/>\n<meta property=\"og:image\" content=\"https:\/\/3coty.com\/wp-content\/uploads\/2025\/07\/3coty-p-34-780-01.jpg\" \/>\n\t<meta property=\"og:image:width\" content=\"1024\" \/>\n\t<meta property=\"og:image:height\" content=\"1024\" \/>\n\t<meta property=\"og:image:type\" content=\"image\/jpeg\" \/>\n<meta name=\"twitter:card\" content=\"summary_large_image\" \/>\n<meta name=\"twitter:site\" content=\"@3cotyCom\" \/>\n<meta name=\"twitter:label1\" content=\"Pris\" \/>\n\t<meta name=\"twitter:data1\" content=\"\u20ac&nbsp;10.35\" \/>\n\t<meta name=\"twitter:label2\" content=\"Tilg\u00e6ngelighed\" \/>\n\t<meta name=\"twitter:data2\" content=\"Ikke p\u00e5 lager\" \/>\n<script type=\"application\/ld+json\" class=\"yoast-schema-graph\">{\"@context\":\"https:\\\/\\\/schema.org\",\"@graph\":[{\"@type\":\"WebPage\",\"@id\":\"https:\\\/\\\/3coty.com\\\/da\\\/p\\\/34-turkey-780\\\/\",\"url\":\"https:\\\/\\\/3coty.com\\\/da\\\/p\\\/34-turkey-780\\\/\",\"name\":\"34. KALKUN 780 - 3coty\u00ae\",\"isPartOf\":{\"@id\":\"https:\\\/\\\/3coty.com\\\/da\\\/#website\"},\"primaryImageOfPage\":{\"@id\":\"https:\\\/\\\/3coty.com\\\/da\\\/p\\\/34-turkey-780\\\/#primaryimage\"},\"image\":{\"@id\":\"https:\\\/\\\/3coty.com\\\/da\\\/p\\\/34-turkey-780\\\/#primaryimage\"},\"thumbnailUrl\":\"https:\\\/\\\/3coty.com\\\/wp-content\\\/uploads\\\/2025\\\/07\\\/3coty-p-34-780-01.jpg\",\"datePublished\":\"2025-05-25T08:18:26+00:00\",\"dateModified\":\"2026-04-14T10:53:43+00:00\",\"breadcrumb\":{\"@id\":\"https:\\\/\\\/3coty.com\\\/da\\\/p\\\/34-turkey-780\\\/#breadcrumb\"},\"inLanguage\":\"da-DK\",\"potentialAction\":[{\"@type\":\"ReadAction\",\"target\":[\"https:\\\/\\\/3coty.com\\\/da\\\/p\\\/34-turkey-780\\\/\"]}]},{\"@type\":\"ImageObject\",\"inLanguage\":\"da-DK\",\"@id\":\"https:\\\/\\\/3coty.com\\\/da\\\/p\\\/34-turkey-780\\\/#primaryimage\",\"url\":\"https:\\\/\\\/3coty.com\\\/wp-content\\\/uploads\\\/2025\\\/07\\\/3coty-p-34-780-01.jpg\",\"contentUrl\":\"https:\\\/\\\/3coty.com\\\/wp-content\\\/uploads\\\/2025\\\/07\\\/3coty-p-34-780-01.jpg\",\"width\":1024,\"height\":1024},{\"@type\":\"BreadcrumbList\",\"@id\":\"https:\\\/\\\/3coty.com\\\/da\\\/p\\\/34-turkey-780\\\/#breadcrumb\",\"itemListElement\":[{\"@type\":\"ListItem\",\"position\":1,\"name\":\"Home\",\"item\":\"https:\\\/\\\/3coty.com\\\/da\\\/\"},{\"@type\":\"ListItem\",\"position\":2,\"name\":\"BUTIK\",\"item\":\"https:\\\/\\\/3coty.com\\\/da\\\/shop\\\/\"},{\"@type\":\"ListItem\",\"position\":3,\"name\":\"34. KALKUN 780\"}]},{\"@type\":\"WebSite\",\"@id\":\"https:\\\/\\\/3coty.com\\\/da\\\/#website\",\"url\":\"https:\\\/\\\/3coty.com\\\/da\\\/\",\"name\":\"3coty\u00ae\",\"description\":\"Meat-only Cat Food\",\"publisher\":{\"@id\":\"https:\\\/\\\/3coty.com\\\/da\\\/#organization\"},\"potentialAction\":[{\"@type\":\"SearchAction\",\"target\":{\"@type\":\"EntryPoint\",\"urlTemplate\":\"https:\\\/\\\/3coty.com\\\/da\\\/?s={search_term_string}\"},\"query-input\":{\"@type\":\"PropertyValueSpecification\",\"valueRequired\":true,\"valueName\":\"search_term_string\"}}],\"inLanguage\":\"da-DK\"},{\"@type\":\"Organization\",\"@id\":\"https:\\\/\\\/3coty.com\\\/da\\\/#organization\",\"name\":\"3coty\u00ae\",\"alternateName\":\"3coty\",\"url\":\"https:\\\/\\\/3coty.com\\\/da\\\/\",\"logo\":{\"@type\":\"ImageObject\",\"inLanguage\":\"da-DK\",\"@id\":\"https:\\\/\\\/3coty.com\\\/da\\\/#\\\/schema\\\/logo\\\/image\\\/\",\"url\":\"https:\\\/\\\/3coty.com\\\/wp-content\\\/uploads\\\/2025\\\/05\\\/icon-3coty-logo.svg\",\"contentUrl\":\"https:\\\/\\\/3coty.com\\\/wp-content\\\/uploads\\\/2025\\\/05\\\/icon-3coty-logo.svg\",\"width\":283,\"height\":283,\"caption\":\"3coty\u00ae\"},\"image\":{\"@id\":\"https:\\\/\\\/3coty.com\\\/da\\\/#\\\/schema\\\/logo\\\/image\\\/\"},\"sameAs\":[\"https:\\\/\\\/www.facebook.com\\\/3coty\",\"https:\\\/\\\/x.com\\\/3cotyCom\",\"https:\\\/\\\/www.instagram.com\\\/3coty\",\"https:\\\/\\\/www.linkedin.com\\\/company\\\/3coty\",\"https:\\\/\\\/www.youtube.com\\\/@3coty\"]}]}<\/script>\n<meta property=\"product:price:amount\" content=\"10.35\" \/>\n<meta property=\"product:price:currency\" content=\"EUR\" \/>\n<meta property=\"og:availability\" content=\"out of stock\" \/>\n<meta property=\"product:availability\" content=\"out of stock\" \/>\n<meta property=\"product:retailer_item_id\" content=\"780T 34TU \/ 5901785310054\" \/>\n<meta property=\"product:condition\" content=\"new\" \/>\n<!-- \/ Yoast SEO Premium plugin. -->","yoast_head_json":{"title":"34. KALKUN 780 - 3coty\u00ae","robots":{"index":"index","follow":"follow","max-snippet":"max-snippet:-1","max-image-preview":"max-image-preview:large","max-video-preview":"max-video-preview:-1"},"canonical":"https:\/\/3coty.com\/da\/p\/34-turkey-780\/","og_locale":"da_DK","og_type":"article","og_title":"34. KALKUN 780","og_description":"TIL SENIOR KATTE | MOUSSE | MONOPROTEIN-KATTEFODER","og_url":"https:\/\/3coty.com\/da\/p\/34-turkey-780\/","og_site_name":"3coty\u00ae","article_publisher":"https:\/\/www.facebook.com\/3coty","article_modified_time":"2026-04-14T10:53:43+00:00","og_image":[{"width":1024,"height":1024,"url":"https:\/\/3coty.com\/wp-content\/uploads\/2025\/07\/3coty-p-34-780-01.jpg","type":"image\/jpeg"}],"twitter_card":"summary_large_image","twitter_site":"@3cotyCom","twitter_misc":{"Pris":"\u20ac&nbsp;10.35","Tilg\u00e6ngelighed":"Ikke p\u00e5 lager"},"schema":{"@context":"https:\/\/schema.org","@graph":[{"@type":"WebPage","@id":"https:\/\/3coty.com\/da\/p\/34-turkey-780\/","url":"https:\/\/3coty.com\/da\/p\/34-turkey-780\/","name":"34. KALKUN 780 - 3coty\u00ae","isPartOf":{"@id":"https:\/\/3coty.com\/da\/#website"},"primaryImageOfPage":{"@id":"https:\/\/3coty.com\/da\/p\/34-turkey-780\/#primaryimage"},"image":{"@id":"https:\/\/3coty.com\/da\/p\/34-turkey-780\/#primaryimage"},"thumbnailUrl":"https:\/\/3coty.com\/wp-content\/uploads\/2025\/07\/3coty-p-34-780-01.jpg","datePublished":"2025-05-25T08:18:26+00:00","dateModified":"2026-04-14T10:53:43+00:00","breadcrumb":{"@id":"https:\/\/3coty.com\/da\/p\/34-turkey-780\/#breadcrumb"},"inLanguage":"da-DK","potentialAction":[{"@type":"ReadAction","target":["https:\/\/3coty.com\/da\/p\/34-turkey-780\/"]}]},{"@type":"ImageObject","inLanguage":"da-DK","@id":"https:\/\/3coty.com\/da\/p\/34-turkey-780\/#primaryimage","url":"https:\/\/3coty.com\/wp-content\/uploads\/2025\/07\/3coty-p-34-780-01.jpg","contentUrl":"https:\/\/3coty.com\/wp-content\/uploads\/2025\/07\/3coty-p-34-780-01.jpg","width":1024,"height":1024},{"@type":"BreadcrumbList","@id":"https:\/\/3coty.com\/da\/p\/34-turkey-780\/#breadcrumb","itemListElement":[{"@type":"ListItem","position":1,"name":"Home","item":"https:\/\/3coty.com\/da\/"},{"@type":"ListItem","position":2,"name":"BUTIK","item":"https:\/\/3coty.com\/da\/shop\/"},{"@type":"ListItem","position":3,"name":"34. KALKUN 780"}]},{"@type":"WebSite","@id":"https:\/\/3coty.com\/da\/#website","url":"https:\/\/3coty.com\/da\/","name":"3coty\u00ae","description":"Meat-only Cat Food","publisher":{"@id":"https:\/\/3coty.com\/da\/#organization"},"potentialAction":[{"@type":"SearchAction","target":{"@type":"EntryPoint","urlTemplate":"https:\/\/3coty.com\/da\/?s={search_term_string}"},"query-input":{"@type":"PropertyValueSpecification","valueRequired":true,"valueName":"search_term_string"}}],"inLanguage":"da-DK"},{"@type":"Organization","@id":"https:\/\/3coty.com\/da\/#organization","name":"3coty\u00ae","alternateName":"3coty","url":"https:\/\/3coty.com\/da\/","logo":{"@type":"ImageObject","inLanguage":"da-DK","@id":"https:\/\/3coty.com\/da\/#\/schema\/logo\/image\/","url":"https:\/\/3coty.com\/wp-content\/uploads\/2025\/05\/icon-3coty-logo.svg","contentUrl":"https:\/\/3coty.com\/wp-content\/uploads\/2025\/05\/icon-3coty-logo.svg","width":283,"height":283,"caption":"3coty\u00ae"},"image":{"@id":"https:\/\/3coty.com\/da\/#\/schema\/logo\/image\/"},"sameAs":["https:\/\/www.facebook.com\/3coty","https:\/\/x.com\/3cotyCom","https:\/\/www.instagram.com\/3coty","https:\/\/www.linkedin.com\/company\/3coty","https:\/\/www.youtube.com\/@3coty"]}]},"product_price_amount":"10.35","product_price_currency":"EUR","og_availability":"out of stock","product_availability":"out of stock","product_retailer_item_id":"780T 34TU \/ 5901785310054","product_condition":"new"},"_links":{"self":[{"href":"https:\/\/3coty.com\/da\/wp-json\/wp\/v2\/product\/34631","targetHints":{"allow":["GET"]}}],"collection":[{"href":"https:\/\/3coty.com\/da\/wp-json\/wp\/v2\/product"}],"about":[{"href":"https:\/\/3coty.com\/da\/wp-json\/wp\/v2\/types\/product"}],"version-history":[{"count":4,"href":"https:\/\/3coty.com\/da\/wp-json\/wp\/v2\/product\/34631\/revisions"}],"predecessor-version":[{"id":49917,"href":"https:\/\/3coty.com\/da\/wp-json\/wp\/v2\/product\/34631\/revisions\/49917"}],"wp:featuredmedia":[{"embeddable":true,"href":"https:\/\/3coty.com\/da\/wp-json\/wp\/v2\/media\/49739"}],"wp:attachment":[{"href":"https:\/\/3coty.com\/da\/wp-json\/wp\/v2\/media?parent=34631"}],"wp:term":[{"taxonomy":"product_brand","embeddable":true,"href":"https:\/\/3coty.com\/da\/wp-json\/wp\/v2\/product_brand?post=34631"},{"taxonomy":"product_cat","embeddable":true,"href":"https:\/\/3coty.com\/da\/wp-json\/wp\/v2\/product_cat?post=34631"},{"taxonomy":"product_tag","embeddable":true,"href":"https:\/\/3coty.com\/da\/wp-json\/wp\/v2\/product_tag?post=34631"}],"curies":[{"name":"wp","href":"https:\/\/api.w.org\/{rel}","templated":true}]}}