{"id":34603,"date":"2025-05-24T18:38:40","date_gmt":"2025-05-24T18:38:40","guid":{"rendered":"https:\/\/3coty.com\/p\/29-chicken-goose-180\/"},"modified":"2026-04-16T04:08:53","modified_gmt":"2026-04-16T04:08:53","slug":"29-chicken-goose-180","status":"publish","type":"product","link":"https:\/\/3coty.com\/da\/p\/29-chicken-goose-180\/","title":{"rendered":"29. KYLLING + G\u00c5S 180"},"content":{"rendered":"<p><a href=\"https:\/\/3coty.com\/wp-content\/uploads\/2025\/07\/3coty-p-29-tab-1.svg\"><img fetchpriority=\"high\" decoding=\"async\" class=\"alignnone size-full wp-image-51320\" role=\"img\" src=\"https:\/\/3coty.com\/wp-content\/uploads\/2025\/07\/3coty-p-29-tab-1.svg\" alt=\"\" width=\"283\" height=\"283\" \/><\/a><\/p>\n<h2>NATURLIGT OG KOMPLET 3COTY\u00ae KATTEFODER<\/h2>\n<p><strong>100% NATURLIGE K\u00d8DINGREDIENSER og animalske derivater, tilberedt i sin egen n\u00e6ringsrige bouillon<\/strong><\/p>\n<p>Kombinationen af kylling og g\u00e5s g\u00f8r denne smag tiltalende for katte, der foretr\u00e6kker kylling. Det m\u00f8rkere g\u00e5sek\u00f8d har en rigere og mere markant smag end det lyse kyllingek\u00f8d og tilf\u00f8rer variation til kattens kost. Det naturlige v\u00e5dfoder med pat\u00e9tekstur er finthakket og popul\u00e6rt blandt de fleste voksne katte og giver et komplet, balanceret m\u00e5ltid fra \u00e9n enkelt d\u00e5se.<\/p>\n<p>Saftig pat\u00e9 lavet af kylling og g\u00e5s med en afbalanceret smag fra de to k\u00f8dtyper.<\/p>\n","protected":false},"excerpt":{"rendered":"<p><a href=\"https:\/\/3coty.com\/wp-content\/uploads\/2025\/07\/3coty-p-29-description-1.svg\"><img decoding=\"async\" class=\"alignnone size-medium wp-image-51284\" role=\"img\" src=\"https:\/\/3coty.com\/wp-content\/uploads\/2025\/07\/3coty-p-29-description-1.svg\" alt=\"\" width=\"300\" height=\"300\" \/><\/a><\/p>\n<p><strong>TIL VOKSNE KATTE<\/strong> | PAT\u00c9 | DUOPROTEIN-KATTEFODER<\/p>\n<p><a href=\"https:\/\/3coty.com\/wp-content\/uploads\/2025\/07\/3coty-p-29-description-2.svg\"><img decoding=\"async\" class=\"alignnone size-full wp-image-51302\" role=\"img\" src=\"https:\/\/3coty.com\/wp-content\/uploads\/2025\/07\/3coty-p-29-description-2.svg\" alt=\"\" width=\"506\" height=\"85\" \/><\/a><\/p>\n","protected":false},"featured_media":51448,"template":"","meta":{"_acf_changed":false},"product_brand":[],"product_cat":[366],"product_tag":[1032],"class_list":{"0":"post-34603","1":"product","2":"type-product","3":"status-publish","4":"has-post-thumbnail","6":"product_cat-for-adult-cats","7":"product_tag-29cg","9":"first","10":"instock","11":"featured","12":"taxable","13":"shipping-taxable","14":"purchasable","15":"product-type-simple"},"acf":[],"yoast_head":"<!-- This site is optimized with the Yoast SEO Premium plugin v27.4 (Yoast SEO v27.4) - https:\/\/yoast.com\/product\/yoast-seo-premium-wordpress\/ -->\n<title>29. KYLLING + G\u00c5S 180 - 3coty\u00ae<\/title>\n<meta name=\"robots\" content=\"index, follow, max-snippet:-1, max-image-preview:large, max-video-preview:-1\" \/>\n<link rel=\"canonical\" href=\"https:\/\/3coty.com\/da\/p\/29-chicken-goose-180\/\" \/>\n<meta property=\"og:locale\" content=\"da_DK\" \/>\n<meta property=\"og:type\" content=\"article\" \/>\n<meta property=\"og:title\" content=\"29. KYLLING + G\u00c5S 180\" \/>\n<meta property=\"og:description\" content=\"TIL VOKSNE KATTE | PAT\u00c9 | DUOPROTEIN-KATTEFODER\" \/>\n<meta property=\"og:url\" content=\"https:\/\/3coty.com\/da\/p\/29-chicken-goose-180\/\" \/>\n<meta property=\"og:site_name\" content=\"3coty\u00ae\" \/>\n<meta property=\"article:publisher\" content=\"https:\/\/www.facebook.com\/3coty\" \/>\n<meta property=\"article:modified_time\" content=\"2026-04-16T04:08:53+00:00\" \/>\n<meta property=\"og:image\" content=\"https:\/\/3coty.com\/wp-content\/uploads\/2025\/07\/3coty-p-29-180-01.jpg\" \/>\n\t<meta property=\"og:image:width\" content=\"1024\" \/>\n\t<meta property=\"og:image:height\" content=\"1024\" \/>\n\t<meta property=\"og:image:type\" content=\"image\/jpeg\" \/>\n<meta name=\"twitter:card\" content=\"summary_large_image\" \/>\n<meta name=\"twitter:site\" content=\"@3cotyCom\" \/>\n<meta name=\"twitter:label1\" content=\"Pris\" \/>\n\t<meta name=\"twitter:data1\" content=\"\u20ac&nbsp;4.00\" \/>\n\t<meta name=\"twitter:label2\" content=\"Tilg\u00e6ngelighed\" \/>\n\t<meta name=\"twitter:data2\" content=\"P\u00e5 lager\" \/>\n<script type=\"application\/ld+json\" class=\"yoast-schema-graph\">{\"@context\":\"https:\\\/\\\/schema.org\",\"@graph\":[{\"@type\":\"WebPage\",\"@id\":\"https:\\\/\\\/3coty.com\\\/da\\\/p\\\/29-chicken-goose-180\\\/\",\"url\":\"https:\\\/\\\/3coty.com\\\/da\\\/p\\\/29-chicken-goose-180\\\/\",\"name\":\"29. KYLLING + G\u00c5S 180 - 3coty\u00ae\",\"isPartOf\":{\"@id\":\"https:\\\/\\\/3coty.com\\\/da\\\/#website\"},\"primaryImageOfPage\":{\"@id\":\"https:\\\/\\\/3coty.com\\\/da\\\/p\\\/29-chicken-goose-180\\\/#primaryimage\"},\"image\":{\"@id\":\"https:\\\/\\\/3coty.com\\\/da\\\/p\\\/29-chicken-goose-180\\\/#primaryimage\"},\"thumbnailUrl\":\"https:\\\/\\\/3coty.com\\\/wp-content\\\/uploads\\\/2025\\\/07\\\/3coty-p-29-180-01.jpg\",\"datePublished\":\"2025-05-24T18:38:40+00:00\",\"dateModified\":\"2026-04-16T04:08:53+00:00\",\"breadcrumb\":{\"@id\":\"https:\\\/\\\/3coty.com\\\/da\\\/p\\\/29-chicken-goose-180\\\/#breadcrumb\"},\"inLanguage\":\"da-DK\",\"potentialAction\":[{\"@type\":\"ReadAction\",\"target\":[\"https:\\\/\\\/3coty.com\\\/da\\\/p\\\/29-chicken-goose-180\\\/\"]}]},{\"@type\":\"ImageObject\",\"inLanguage\":\"da-DK\",\"@id\":\"https:\\\/\\\/3coty.com\\\/da\\\/p\\\/29-chicken-goose-180\\\/#primaryimage\",\"url\":\"https:\\\/\\\/3coty.com\\\/wp-content\\\/uploads\\\/2025\\\/07\\\/3coty-p-29-180-01.jpg\",\"contentUrl\":\"https:\\\/\\\/3coty.com\\\/wp-content\\\/uploads\\\/2025\\\/07\\\/3coty-p-29-180-01.jpg\",\"width\":1024,\"height\":1024},{\"@type\":\"BreadcrumbList\",\"@id\":\"https:\\\/\\\/3coty.com\\\/da\\\/p\\\/29-chicken-goose-180\\\/#breadcrumb\",\"itemListElement\":[{\"@type\":\"ListItem\",\"position\":1,\"name\":\"Home\",\"item\":\"https:\\\/\\\/3coty.com\\\/da\\\/\"},{\"@type\":\"ListItem\",\"position\":2,\"name\":\"BUTIK\",\"item\":\"https:\\\/\\\/3coty.com\\\/da\\\/shop\\\/\"},{\"@type\":\"ListItem\",\"position\":3,\"name\":\"29. KYLLING + G\u00c5S 180\"}]},{\"@type\":\"WebSite\",\"@id\":\"https:\\\/\\\/3coty.com\\\/da\\\/#website\",\"url\":\"https:\\\/\\\/3coty.com\\\/da\\\/\",\"name\":\"3coty\u00ae\",\"description\":\"Meat-only Cat Food\",\"publisher\":{\"@id\":\"https:\\\/\\\/3coty.com\\\/da\\\/#organization\"},\"potentialAction\":[{\"@type\":\"SearchAction\",\"target\":{\"@type\":\"EntryPoint\",\"urlTemplate\":\"https:\\\/\\\/3coty.com\\\/da\\\/?s={search_term_string}\"},\"query-input\":{\"@type\":\"PropertyValueSpecification\",\"valueRequired\":true,\"valueName\":\"search_term_string\"}}],\"inLanguage\":\"da-DK\"},{\"@type\":\"Organization\",\"@id\":\"https:\\\/\\\/3coty.com\\\/da\\\/#organization\",\"name\":\"3coty\u00ae\",\"alternateName\":\"3coty\",\"url\":\"https:\\\/\\\/3coty.com\\\/da\\\/\",\"logo\":{\"@type\":\"ImageObject\",\"inLanguage\":\"da-DK\",\"@id\":\"https:\\\/\\\/3coty.com\\\/da\\\/#\\\/schema\\\/logo\\\/image\\\/\",\"url\":\"https:\\\/\\\/3coty.com\\\/wp-content\\\/uploads\\\/2025\\\/05\\\/icon-3coty-logo.svg\",\"contentUrl\":\"https:\\\/\\\/3coty.com\\\/wp-content\\\/uploads\\\/2025\\\/05\\\/icon-3coty-logo.svg\",\"width\":283,\"height\":283,\"caption\":\"3coty\u00ae\"},\"image\":{\"@id\":\"https:\\\/\\\/3coty.com\\\/da\\\/#\\\/schema\\\/logo\\\/image\\\/\"},\"sameAs\":[\"https:\\\/\\\/www.facebook.com\\\/3coty\",\"https:\\\/\\\/x.com\\\/3cotyCom\",\"https:\\\/\\\/www.instagram.com\\\/3coty\",\"https:\\\/\\\/www.linkedin.com\\\/company\\\/3coty\",\"https:\\\/\\\/www.youtube.com\\\/@3coty\"]}]}<\/script>\n<meta property=\"product:price:amount\" content=\"4.00\" \/>\n<meta property=\"product:price:currency\" content=\"EUR\" \/>\n<meta property=\"og:availability\" content=\"instock\" \/>\n<meta property=\"product:availability\" content=\"instock\" \/>\n<meta property=\"product:retailer_item_id\" content=\"180T 29CG \/ 5901785315981\" \/>\n<meta property=\"product:condition\" content=\"new\" \/>\n<!-- \/ Yoast SEO Premium plugin. -->","yoast_head_json":{"title":"29. KYLLING + G\u00c5S 180 - 3coty\u00ae","robots":{"index":"index","follow":"follow","max-snippet":"max-snippet:-1","max-image-preview":"max-image-preview:large","max-video-preview":"max-video-preview:-1"},"canonical":"https:\/\/3coty.com\/da\/p\/29-chicken-goose-180\/","og_locale":"da_DK","og_type":"article","og_title":"29. KYLLING + G\u00c5S 180","og_description":"TIL VOKSNE KATTE | PAT\u00c9 | DUOPROTEIN-KATTEFODER","og_url":"https:\/\/3coty.com\/da\/p\/29-chicken-goose-180\/","og_site_name":"3coty\u00ae","article_publisher":"https:\/\/www.facebook.com\/3coty","article_modified_time":"2026-04-16T04:08:53+00:00","og_image":[{"width":1024,"height":1024,"url":"https:\/\/3coty.com\/wp-content\/uploads\/2025\/07\/3coty-p-29-180-01.jpg","type":"image\/jpeg"}],"twitter_card":"summary_large_image","twitter_site":"@3cotyCom","twitter_misc":{"Pris":"\u20ac&nbsp;4.00","Tilg\u00e6ngelighed":"P\u00e5 lager"},"schema":{"@context":"https:\/\/schema.org","@graph":[{"@type":"WebPage","@id":"https:\/\/3coty.com\/da\/p\/29-chicken-goose-180\/","url":"https:\/\/3coty.com\/da\/p\/29-chicken-goose-180\/","name":"29. KYLLING + G\u00c5S 180 - 3coty\u00ae","isPartOf":{"@id":"https:\/\/3coty.com\/da\/#website"},"primaryImageOfPage":{"@id":"https:\/\/3coty.com\/da\/p\/29-chicken-goose-180\/#primaryimage"},"image":{"@id":"https:\/\/3coty.com\/da\/p\/29-chicken-goose-180\/#primaryimage"},"thumbnailUrl":"https:\/\/3coty.com\/wp-content\/uploads\/2025\/07\/3coty-p-29-180-01.jpg","datePublished":"2025-05-24T18:38:40+00:00","dateModified":"2026-04-16T04:08:53+00:00","breadcrumb":{"@id":"https:\/\/3coty.com\/da\/p\/29-chicken-goose-180\/#breadcrumb"},"inLanguage":"da-DK","potentialAction":[{"@type":"ReadAction","target":["https:\/\/3coty.com\/da\/p\/29-chicken-goose-180\/"]}]},{"@type":"ImageObject","inLanguage":"da-DK","@id":"https:\/\/3coty.com\/da\/p\/29-chicken-goose-180\/#primaryimage","url":"https:\/\/3coty.com\/wp-content\/uploads\/2025\/07\/3coty-p-29-180-01.jpg","contentUrl":"https:\/\/3coty.com\/wp-content\/uploads\/2025\/07\/3coty-p-29-180-01.jpg","width":1024,"height":1024},{"@type":"BreadcrumbList","@id":"https:\/\/3coty.com\/da\/p\/29-chicken-goose-180\/#breadcrumb","itemListElement":[{"@type":"ListItem","position":1,"name":"Home","item":"https:\/\/3coty.com\/da\/"},{"@type":"ListItem","position":2,"name":"BUTIK","item":"https:\/\/3coty.com\/da\/shop\/"},{"@type":"ListItem","position":3,"name":"29. KYLLING + G\u00c5S 180"}]},{"@type":"WebSite","@id":"https:\/\/3coty.com\/da\/#website","url":"https:\/\/3coty.com\/da\/","name":"3coty\u00ae","description":"Meat-only Cat Food","publisher":{"@id":"https:\/\/3coty.com\/da\/#organization"},"potentialAction":[{"@type":"SearchAction","target":{"@type":"EntryPoint","urlTemplate":"https:\/\/3coty.com\/da\/?s={search_term_string}"},"query-input":{"@type":"PropertyValueSpecification","valueRequired":true,"valueName":"search_term_string"}}],"inLanguage":"da-DK"},{"@type":"Organization","@id":"https:\/\/3coty.com\/da\/#organization","name":"3coty\u00ae","alternateName":"3coty","url":"https:\/\/3coty.com\/da\/","logo":{"@type":"ImageObject","inLanguage":"da-DK","@id":"https:\/\/3coty.com\/da\/#\/schema\/logo\/image\/","url":"https:\/\/3coty.com\/wp-content\/uploads\/2025\/05\/icon-3coty-logo.svg","contentUrl":"https:\/\/3coty.com\/wp-content\/uploads\/2025\/05\/icon-3coty-logo.svg","width":283,"height":283,"caption":"3coty\u00ae"},"image":{"@id":"https:\/\/3coty.com\/da\/#\/schema\/logo\/image\/"},"sameAs":["https:\/\/www.facebook.com\/3coty","https:\/\/x.com\/3cotyCom","https:\/\/www.instagram.com\/3coty","https:\/\/www.linkedin.com\/company\/3coty","https:\/\/www.youtube.com\/@3coty"]}]},"product_price_amount":"4.00","product_price_currency":"EUR","og_availability":"instock","product_availability":"instock","product_retailer_item_id":"180T 29CG \/ 5901785315981","product_condition":"new"},"_links":{"self":[{"href":"https:\/\/3coty.com\/da\/wp-json\/wp\/v2\/product\/34603","targetHints":{"allow":["GET"]}}],"collection":[{"href":"https:\/\/3coty.com\/da\/wp-json\/wp\/v2\/product"}],"about":[{"href":"https:\/\/3coty.com\/da\/wp-json\/wp\/v2\/types\/product"}],"version-history":[{"count":4,"href":"https:\/\/3coty.com\/da\/wp-json\/wp\/v2\/product\/34603\/revisions"}],"predecessor-version":[{"id":51787,"href":"https:\/\/3coty.com\/da\/wp-json\/wp\/v2\/product\/34603\/revisions\/51787"}],"wp:featuredmedia":[{"embeddable":true,"href":"https:\/\/3coty.com\/da\/wp-json\/wp\/v2\/media\/51448"}],"wp:attachment":[{"href":"https:\/\/3coty.com\/da\/wp-json\/wp\/v2\/media?parent=34603"}],"wp:term":[{"taxonomy":"product_brand","embeddable":true,"href":"https:\/\/3coty.com\/da\/wp-json\/wp\/v2\/product_brand?post=34603"},{"taxonomy":"product_cat","embeddable":true,"href":"https:\/\/3coty.com\/da\/wp-json\/wp\/v2\/product_cat?post=34603"},{"taxonomy":"product_tag","embeddable":true,"href":"https:\/\/3coty.com\/da\/wp-json\/wp\/v2\/product_tag?post=34603"}],"curies":[{"name":"wp","href":"https:\/\/api.w.org\/{rel}","templated":true}]}}