{"id":34505,"date":"2025-05-23T11:38:22","date_gmt":"2025-05-23T11:38:22","guid":{"rendered":"https:\/\/3coty.com\/p\/07-turkey-080\/"},"modified":"2026-03-17T18:46:05","modified_gmt":"2026-03-17T18:46:05","slug":"07-turkey-080","status":"publish","type":"product","link":"https:\/\/3coty.com\/da\/p\/07-turkey-080\/","title":{"rendered":"07. KALKUN 080"},"content":{"rendered":"<p><a href=\"https:\/\/3coty.com\/wp-content\/uploads\/2025\/07\/3coty-p-07-tab-1.svg\"><img fetchpriority=\"high\" decoding=\"async\" class=\"alignnone size-full wp-image-59665\" role=\"img\" src=\"https:\/\/3coty.com\/wp-content\/uploads\/2025\/07\/3coty-p-07-tab-1.svg\" alt=\"\" width=\"283\" height=\"283\" \/><\/a><\/p>\n<h2>NATURLIGT OG KOMPLET 3COTY\u00ae KATTEFODER<\/h2>\n<p><strong>100% NATURLIGE K\u00d8DINGREDIENSER og animalske derivater, tilberedt i sin egen n\u00e6ringsrige bouillon<\/strong><\/p>\n<p>Naturligt, komplet og balanceret monoprotein kattefoder lavet af 100% kalkun tilberedt i sin egen bouillon. Perfekt til elimineringsdi\u00e6t ved mistanke om foderallergi. Den strimlede tekstur appellerer til katte, der kan lide at tygge deres mad \u2013 som i naturen. S\u00e6rlig popul\u00e6r hos voksne Bengalske katte, Britisk Korth\u00e5r og andre st\u00f8rre racer, men kan v\u00e6re for grov for killinger.<\/p>\n<p>Store stykker strimlet kalkun i egen bouillon, monoproteinfoder til elimineringsdi\u00e6t.<\/p>\n","protected":false},"excerpt":{"rendered":"<p><a href=\"https:\/\/3coty.com\/wp-content\/uploads\/2025\/07\/3coty-p-07-description-1.svg\"><img decoding=\"async\" class=\"alignnone size-medium wp-image-59629\" role=\"img\" src=\"https:\/\/3coty.com\/wp-content\/uploads\/2025\/07\/3coty-p-07-description-1.svg\" alt=\"\" width=\"300\" height=\"300\" \/><\/a><\/p>\n<p><strong>TIL VOKSNE KATTE<\/strong> | STRIMLET | MONOPROTEIN-KATTEFODER<\/p>\n<p><a href=\"https:\/\/3coty.com\/wp-content\/uploads\/2025\/07\/3coty-p-07-description-2.svg\"><img decoding=\"async\" class=\"alignnone size-full wp-image-59647\" role=\"img\" src=\"https:\/\/3coty.com\/wp-content\/uploads\/2025\/07\/3coty-p-07-description-2.svg\" alt=\"\" width=\"506\" height=\"85\" \/><\/a><\/p>\n","protected":false},"featured_media":59113,"template":"","meta":{"_acf_changed":false},"product_brand":[1952],"product_cat":[366],"product_tag":[841],"class_list":{"0":"post-34505","1":"product","2":"type-product","3":"status-publish","4":"has-post-thumbnail","6":"product_brand-3coty","7":"product_cat-for-adult-cats","8":"product_tag-07tu","10":"first","11":"instock","12":"featured","13":"taxable","14":"shipping-taxable","15":"purchasable","16":"product-type-simple"},"acf":[],"yoast_head":"<!-- This site is optimized with the Yoast SEO Premium plugin v27.4 (Yoast SEO v27.4) - https:\/\/yoast.com\/product\/yoast-seo-premium-wordpress\/ -->\n<title>07. KALKUN 080 (80g) | Til voksne katte | 3coty\u00ae Naturlig Kattefoder 100% K\u00f8d<\/title>\n<meta name=\"description\" content=\"Dette monoproteinfoder med 100% strimlet kalkun er naturligt, komplet og afbalanceret og tilberedes i sin egen bouillon. Det er ideelt til voksne katte p\u00e5 eliminationsdi\u00e6t, n\u00e5r der er mistanke om foderallergi, og det egner sig is\u00e6r til st\u00f8rre katteracer, der kan lide at tygge st\u00f8rre k\u00f8dstykker. Et 3coty\u00ae kattefoder lavet udelukkende af k\u00f8d.\" \/>\n<meta name=\"robots\" content=\"index, follow, max-snippet:-1, max-image-preview:large, max-video-preview:-1\" \/>\n<link rel=\"canonical\" href=\"https:\/\/3coty.com\/da\/p\/07-turkey-080\/\" \/>\n<meta property=\"og:locale\" content=\"da_DK\" \/>\n<meta property=\"og:type\" content=\"article\" \/>\n<meta property=\"og:title\" content=\"07. KALKUN 080 (80g) | Til voksne katte | 3coty\u00ae Naturlig Kattefoder 100% K\u00f8d\" \/>\n<meta property=\"og:description\" content=\"Dette monoproteinfoder med 100% strimlet kalkun er naturligt, komplet og afbalanceret og tilberedes i sin egen bouillon. Det er ideelt til voksne katte p\u00e5 eliminationsdi\u00e6t, n\u00e5r der er mistanke om foderallergi, og det egner sig is\u00e6r til st\u00f8rre katteracer, der kan lide at tygge st\u00f8rre k\u00f8dstykker. Et 3coty\u00ae kattefoder lavet udelukkende af k\u00f8d.\" \/>\n<meta property=\"og:url\" content=\"https:\/\/3coty.com\/da\/p\/07-turkey-080\/\" \/>\n<meta property=\"og:site_name\" content=\"3coty\u00ae\" \/>\n<meta property=\"article:publisher\" content=\"https:\/\/www.facebook.com\/3coty\" \/>\n<meta property=\"article:modified_time\" content=\"2026-03-17T18:46:05+00:00\" \/>\n<meta property=\"og:image\" content=\"https:\/\/3coty.com\/wp-content\/uploads\/2025\/12\/3coty-07-turkey-080-meat-only-cat-food.jpg\" \/>\n\t<meta property=\"og:image:width\" content=\"1200\" \/>\n\t<meta property=\"og:image:height\" content=\"630\" \/>\n\t<meta property=\"og:image:type\" content=\"image\/jpeg\" \/>\n<meta name=\"twitter:card\" content=\"summary_large_image\" \/>\n<meta name=\"twitter:title\" content=\"07. KALKUN 080 (80g) | Til voksne katte | 3coty\u00ae Naturlig Kattefoder 100% K\u00f8d\" \/>\n<meta name=\"twitter:description\" content=\"Dette monoproteinfoder med 100% strimlet kalkun er naturligt, komplet og afbalanceret og tilberedes i sin egen bouillon. Det er ideelt til voksne katte p\u00e5 eliminationsdi\u00e6t, n\u00e5r der er mistanke om foderallergi, og det egner sig is\u00e6r til st\u00f8rre katteracer, der kan lide at tygge st\u00f8rre k\u00f8dstykker. Et 3coty\u00ae kattefoder lavet udelukkende af k\u00f8d.\" \/>\n<meta name=\"twitter:image\" content=\"https:\/\/3coty.com\/wp-content\/uploads\/2025\/12\/3coty-07-turkey-080-meat-only-cat-food.jpg\" \/>\n<meta name=\"twitter:site\" content=\"@3cotyCom\" \/>\n<meta name=\"twitter:label1\" content=\"Pris\" \/>\n\t<meta name=\"twitter:data1\" content=\"\u20ac&nbsp;2.00\" \/>\n\t<meta name=\"twitter:label2\" content=\"Tilg\u00e6ngelighed\" \/>\n\t<meta name=\"twitter:data2\" content=\"P\u00e5 lager\" \/>\n<script type=\"application\/ld+json\" class=\"yoast-schema-graph\">{\"@context\":\"https:\\\/\\\/schema.org\",\"@graph\":[{\"@type\":\"WebPage\",\"@id\":\"https:\\\/\\\/3coty.com\\\/da\\\/p\\\/07-turkey-080\\\/\",\"url\":\"https:\\\/\\\/3coty.com\\\/da\\\/p\\\/07-turkey-080\\\/\",\"name\":\"07. KALKUN 080 (80g) | Til voksne katte | 3coty\u00ae Naturlig Kattefoder 100% K\u00f8d\",\"isPartOf\":{\"@id\":\"https:\\\/\\\/3coty.com\\\/da\\\/#website\"},\"primaryImageOfPage\":{\"@id\":\"https:\\\/\\\/3coty.com\\\/da\\\/p\\\/07-turkey-080\\\/#primaryimage\"},\"image\":{\"@id\":\"https:\\\/\\\/3coty.com\\\/da\\\/p\\\/07-turkey-080\\\/#primaryimage\"},\"thumbnailUrl\":\"https:\\\/\\\/3coty.com\\\/wp-content\\\/uploads\\\/2025\\\/07\\\/3coty-p-07-080-01.jpg\",\"datePublished\":\"2025-05-23T11:38:22+00:00\",\"dateModified\":\"2026-03-17T18:46:05+00:00\",\"description\":\"Dette monoproteinfoder med 100% strimlet kalkun er naturligt, komplet og afbalanceret og tilberedes i sin egen bouillon. Det er ideelt til voksne katte p\u00e5 eliminationsdi\u00e6t, n\u00e5r der er mistanke om foderallergi, og det egner sig is\u00e6r til st\u00f8rre katteracer, der kan lide at tygge st\u00f8rre k\u00f8dstykker. Et 3coty\u00ae kattefoder lavet udelukkende af k\u00f8d.\",\"breadcrumb\":{\"@id\":\"https:\\\/\\\/3coty.com\\\/da\\\/p\\\/07-turkey-080\\\/#breadcrumb\"},\"inLanguage\":\"da-DK\",\"potentialAction\":[{\"@type\":\"ReadAction\",\"target\":[\"https:\\\/\\\/3coty.com\\\/da\\\/p\\\/07-turkey-080\\\/\"]}]},{\"@type\":\"ImageObject\",\"inLanguage\":\"da-DK\",\"@id\":\"https:\\\/\\\/3coty.com\\\/da\\\/p\\\/07-turkey-080\\\/#primaryimage\",\"url\":\"https:\\\/\\\/3coty.com\\\/wp-content\\\/uploads\\\/2025\\\/07\\\/3coty-p-07-080-01.jpg\",\"contentUrl\":\"https:\\\/\\\/3coty.com\\\/wp-content\\\/uploads\\\/2025\\\/07\\\/3coty-p-07-080-01.jpg\",\"width\":1024,\"height\":1024},{\"@type\":\"BreadcrumbList\",\"@id\":\"https:\\\/\\\/3coty.com\\\/da\\\/p\\\/07-turkey-080\\\/#breadcrumb\",\"itemListElement\":[{\"@type\":\"ListItem\",\"position\":1,\"name\":\"Home\",\"item\":\"https:\\\/\\\/3coty.com\\\/da\\\/\"},{\"@type\":\"ListItem\",\"position\":2,\"name\":\"BUTIK\",\"item\":\"https:\\\/\\\/3coty.com\\\/da\\\/shop\\\/\"},{\"@type\":\"ListItem\",\"position\":3,\"name\":\"07. KALKUN 080\"}]},{\"@type\":\"WebSite\",\"@id\":\"https:\\\/\\\/3coty.com\\\/da\\\/#website\",\"url\":\"https:\\\/\\\/3coty.com\\\/da\\\/\",\"name\":\"3coty\u00ae\",\"description\":\"Meat-only Cat Food\",\"publisher\":{\"@id\":\"https:\\\/\\\/3coty.com\\\/da\\\/#organization\"},\"potentialAction\":[{\"@type\":\"SearchAction\",\"target\":{\"@type\":\"EntryPoint\",\"urlTemplate\":\"https:\\\/\\\/3coty.com\\\/da\\\/?s={search_term_string}\"},\"query-input\":{\"@type\":\"PropertyValueSpecification\",\"valueRequired\":true,\"valueName\":\"search_term_string\"}}],\"inLanguage\":\"da-DK\"},{\"@type\":\"Organization\",\"@id\":\"https:\\\/\\\/3coty.com\\\/da\\\/#organization\",\"name\":\"3coty\u00ae\",\"alternateName\":\"3coty\",\"url\":\"https:\\\/\\\/3coty.com\\\/da\\\/\",\"logo\":{\"@type\":\"ImageObject\",\"inLanguage\":\"da-DK\",\"@id\":\"https:\\\/\\\/3coty.com\\\/da\\\/#\\\/schema\\\/logo\\\/image\\\/\",\"url\":\"https:\\\/\\\/3coty.com\\\/wp-content\\\/uploads\\\/2025\\\/05\\\/icon-3coty-logo.svg\",\"contentUrl\":\"https:\\\/\\\/3coty.com\\\/wp-content\\\/uploads\\\/2025\\\/05\\\/icon-3coty-logo.svg\",\"width\":283,\"height\":283,\"caption\":\"3coty\u00ae\"},\"image\":{\"@id\":\"https:\\\/\\\/3coty.com\\\/da\\\/#\\\/schema\\\/logo\\\/image\\\/\"},\"sameAs\":[\"https:\\\/\\\/www.facebook.com\\\/3coty\",\"https:\\\/\\\/x.com\\\/3cotyCom\",\"https:\\\/\\\/www.instagram.com\\\/3coty\",\"https:\\\/\\\/www.linkedin.com\\\/company\\\/3coty\",\"https:\\\/\\\/www.youtube.com\\\/@3coty\"]}]}<\/script>\n<meta property=\"product:price:amount\" content=\"2.00\" \/>\n<meta property=\"product:price:currency\" content=\"EUR\" \/>\n<meta property=\"og:availability\" content=\"instock\" \/>\n<meta property=\"product:availability\" content=\"instock\" \/>\n<meta property=\"product:retailer_item_id\" content=\"080T 07TU \/ 5901785316902\" \/>\n<meta property=\"product:condition\" content=\"new\" \/>\n<!-- \/ Yoast SEO Premium plugin. -->","yoast_head_json":{"title":"07. KALKUN 080 (80g) | Til voksne katte | 3coty\u00ae Naturlig Kattefoder 100% K\u00f8d","description":"Dette monoproteinfoder med 100% strimlet kalkun er naturligt, komplet og afbalanceret og tilberedes i sin egen bouillon. Det er ideelt til voksne katte p\u00e5 eliminationsdi\u00e6t, n\u00e5r der er mistanke om foderallergi, og det egner sig is\u00e6r til st\u00f8rre katteracer, der kan lide at tygge st\u00f8rre k\u00f8dstykker. Et 3coty\u00ae kattefoder lavet udelukkende af k\u00f8d.","robots":{"index":"index","follow":"follow","max-snippet":"max-snippet:-1","max-image-preview":"max-image-preview:large","max-video-preview":"max-video-preview:-1"},"canonical":"https:\/\/3coty.com\/da\/p\/07-turkey-080\/","og_locale":"da_DK","og_type":"article","og_title":"07. KALKUN 080 (80g) | Til voksne katte | 3coty\u00ae Naturlig Kattefoder 100% K\u00f8d","og_description":"Dette monoproteinfoder med 100% strimlet kalkun er naturligt, komplet og afbalanceret og tilberedes i sin egen bouillon. Det er ideelt til voksne katte p\u00e5 eliminationsdi\u00e6t, n\u00e5r der er mistanke om foderallergi, og det egner sig is\u00e6r til st\u00f8rre katteracer, der kan lide at tygge st\u00f8rre k\u00f8dstykker. Et 3coty\u00ae kattefoder lavet udelukkende af k\u00f8d.","og_url":"https:\/\/3coty.com\/da\/p\/07-turkey-080\/","og_site_name":"3coty\u00ae","article_publisher":"https:\/\/www.facebook.com\/3coty","article_modified_time":"2026-03-17T18:46:05+00:00","og_image":[{"width":1200,"height":630,"url":"https:\/\/3coty.com\/wp-content\/uploads\/2025\/12\/3coty-07-turkey-080-meat-only-cat-food.jpg","type":"image\/jpeg"}],"twitter_card":"summary_large_image","twitter_title":"07. KALKUN 080 (80g) | Til voksne katte | 3coty\u00ae Naturlig Kattefoder 100% K\u00f8d","twitter_description":"Dette monoproteinfoder med 100% strimlet kalkun er naturligt, komplet og afbalanceret og tilberedes i sin egen bouillon. Det er ideelt til voksne katte p\u00e5 eliminationsdi\u00e6t, n\u00e5r der er mistanke om foderallergi, og det egner sig is\u00e6r til st\u00f8rre katteracer, der kan lide at tygge st\u00f8rre k\u00f8dstykker. Et 3coty\u00ae kattefoder lavet udelukkende af k\u00f8d.","twitter_image":"https:\/\/3coty.com\/wp-content\/uploads\/2025\/12\/3coty-07-turkey-080-meat-only-cat-food.jpg","twitter_site":"@3cotyCom","twitter_misc":{"Pris":"\u20ac&nbsp;2.00","Tilg\u00e6ngelighed":"P\u00e5 lager"},"schema":{"@context":"https:\/\/schema.org","@graph":[{"@type":"WebPage","@id":"https:\/\/3coty.com\/da\/p\/07-turkey-080\/","url":"https:\/\/3coty.com\/da\/p\/07-turkey-080\/","name":"07. KALKUN 080 (80g) | Til voksne katte | 3coty\u00ae Naturlig Kattefoder 100% K\u00f8d","isPartOf":{"@id":"https:\/\/3coty.com\/da\/#website"},"primaryImageOfPage":{"@id":"https:\/\/3coty.com\/da\/p\/07-turkey-080\/#primaryimage"},"image":{"@id":"https:\/\/3coty.com\/da\/p\/07-turkey-080\/#primaryimage"},"thumbnailUrl":"https:\/\/3coty.com\/wp-content\/uploads\/2025\/07\/3coty-p-07-080-01.jpg","datePublished":"2025-05-23T11:38:22+00:00","dateModified":"2026-03-17T18:46:05+00:00","description":"Dette monoproteinfoder med 100% strimlet kalkun er naturligt, komplet og afbalanceret og tilberedes i sin egen bouillon. Det er ideelt til voksne katte p\u00e5 eliminationsdi\u00e6t, n\u00e5r der er mistanke om foderallergi, og det egner sig is\u00e6r til st\u00f8rre katteracer, der kan lide at tygge st\u00f8rre k\u00f8dstykker. Et 3coty\u00ae kattefoder lavet udelukkende af k\u00f8d.","breadcrumb":{"@id":"https:\/\/3coty.com\/da\/p\/07-turkey-080\/#breadcrumb"},"inLanguage":"da-DK","potentialAction":[{"@type":"ReadAction","target":["https:\/\/3coty.com\/da\/p\/07-turkey-080\/"]}]},{"@type":"ImageObject","inLanguage":"da-DK","@id":"https:\/\/3coty.com\/da\/p\/07-turkey-080\/#primaryimage","url":"https:\/\/3coty.com\/wp-content\/uploads\/2025\/07\/3coty-p-07-080-01.jpg","contentUrl":"https:\/\/3coty.com\/wp-content\/uploads\/2025\/07\/3coty-p-07-080-01.jpg","width":1024,"height":1024},{"@type":"BreadcrumbList","@id":"https:\/\/3coty.com\/da\/p\/07-turkey-080\/#breadcrumb","itemListElement":[{"@type":"ListItem","position":1,"name":"Home","item":"https:\/\/3coty.com\/da\/"},{"@type":"ListItem","position":2,"name":"BUTIK","item":"https:\/\/3coty.com\/da\/shop\/"},{"@type":"ListItem","position":3,"name":"07. KALKUN 080"}]},{"@type":"WebSite","@id":"https:\/\/3coty.com\/da\/#website","url":"https:\/\/3coty.com\/da\/","name":"3coty\u00ae","description":"Meat-only Cat Food","publisher":{"@id":"https:\/\/3coty.com\/da\/#organization"},"potentialAction":[{"@type":"SearchAction","target":{"@type":"EntryPoint","urlTemplate":"https:\/\/3coty.com\/da\/?s={search_term_string}"},"query-input":{"@type":"PropertyValueSpecification","valueRequired":true,"valueName":"search_term_string"}}],"inLanguage":"da-DK"},{"@type":"Organization","@id":"https:\/\/3coty.com\/da\/#organization","name":"3coty\u00ae","alternateName":"3coty","url":"https:\/\/3coty.com\/da\/","logo":{"@type":"ImageObject","inLanguage":"da-DK","@id":"https:\/\/3coty.com\/da\/#\/schema\/logo\/image\/","url":"https:\/\/3coty.com\/wp-content\/uploads\/2025\/05\/icon-3coty-logo.svg","contentUrl":"https:\/\/3coty.com\/wp-content\/uploads\/2025\/05\/icon-3coty-logo.svg","width":283,"height":283,"caption":"3coty\u00ae"},"image":{"@id":"https:\/\/3coty.com\/da\/#\/schema\/logo\/image\/"},"sameAs":["https:\/\/www.facebook.com\/3coty","https:\/\/x.com\/3cotyCom","https:\/\/www.instagram.com\/3coty","https:\/\/www.linkedin.com\/company\/3coty","https:\/\/www.youtube.com\/@3coty"]}]},"product_price_amount":"2.00","product_price_currency":"EUR","og_availability":"instock","product_availability":"instock","product_retailer_item_id":"080T 07TU \/ 5901785316902","product_condition":"new"},"_links":{"self":[{"href":"https:\/\/3coty.com\/da\/wp-json\/wp\/v2\/product\/34505","targetHints":{"allow":["GET"]}}],"collection":[{"href":"https:\/\/3coty.com\/da\/wp-json\/wp\/v2\/product"}],"about":[{"href":"https:\/\/3coty.com\/da\/wp-json\/wp\/v2\/types\/product"}],"version-history":[{"count":6,"href":"https:\/\/3coty.com\/da\/wp-json\/wp\/v2\/product\/34505\/revisions"}],"predecessor-version":[{"id":82033,"href":"https:\/\/3coty.com\/da\/wp-json\/wp\/v2\/product\/34505\/revisions\/82033"}],"wp:featuredmedia":[{"embeddable":true,"href":"https:\/\/3coty.com\/da\/wp-json\/wp\/v2\/media\/59113"}],"wp:attachment":[{"href":"https:\/\/3coty.com\/da\/wp-json\/wp\/v2\/media?parent=34505"}],"wp:term":[{"taxonomy":"product_brand","embeddable":true,"href":"https:\/\/3coty.com\/da\/wp-json\/wp\/v2\/product_brand?post=34505"},{"taxonomy":"product_cat","embeddable":true,"href":"https:\/\/3coty.com\/da\/wp-json\/wp\/v2\/product_cat?post=34505"},{"taxonomy":"product_tag","embeddable":true,"href":"https:\/\/3coty.com\/da\/wp-json\/wp\/v2\/product_tag?post=34505"}],"curies":[{"name":"wp","href":"https:\/\/api.w.org\/{rel}","templated":true}]}}