{"id":34475,"date":"2025-05-19T17:41:43","date_gmt":"2025-05-19T17:41:43","guid":{"rendered":"https:\/\/3coty.com\/p\/03-chicken-180\/"},"modified":"2026-04-04T06:47:55","modified_gmt":"2026-04-04T06:47:55","slug":"03-chicken-180","status":"publish","type":"product","link":"https:\/\/3coty.com\/da\/p\/03-chicken-180\/","title":{"rendered":"03. KYLLING 180"},"content":{"rendered":"<p><a href=\"https:\/\/3coty.com\/wp-content\/uploads\/2025\/07\/3coty-p-03-tab-1.svg\"><img fetchpriority=\"high\" decoding=\"async\" class=\"alignnone size-full wp-image-61964\" role=\"img\" src=\"https:\/\/3coty.com\/wp-content\/uploads\/2025\/07\/3coty-p-03-tab-1.svg\" alt=\"\" width=\"283\" height=\"283\" \/><\/a><\/p>\n<h2>NATURLIGT OG KOMPLET 3COTY\u00ae KATTEFODER<\/h2>\n<p><strong>100% NATURLIGE K\u00d8DINGREDIENSER og animalske derivater, tilberedt i sin egen n\u00e6ringsrige bouillon<\/strong><\/p>\n<p>Denne variant med 100% kylling har et meget h\u00f8jt indhold af muskelk\u00f8d, hvilket g\u00f8r den let at ford\u00f8je. Den er velegnet til katte, der skal overg\u00e5 til en k\u00f8dbaseret kost, enten fra t\u00f8rfoder eller fra r\u00e5fodring. Smagen er den samme som i 33. KYLLING til killinger, men i dette produkt til voksne katte er k\u00f8dstykkerne st\u00f8rre. Det er det ultimative foder til katte, der elsker kylling. Denne kyllingevariant var det f\u00f8rste produkt, vi lancerede som en monoproteinkilde, egnet til eliminationsdi\u00e6t.<\/p>\n<p>En sikker favorit blandt mange katte \u2013 lavet af kyllingel\u00e5r og indmad. Blidt og letford\u00f8jeligt k\u00f8d-baseret kattefoder.<\/p>\n","protected":false},"excerpt":{"rendered":"<p><a href=\"https:\/\/3coty.com\/wp-content\/uploads\/2025\/07\/3coty-p-03-description-1.svg\"><img decoding=\"async\" class=\"alignnone size-medium wp-image-61928\" role=\"img\" src=\"https:\/\/3coty.com\/wp-content\/uploads\/2025\/07\/3coty-p-03-description-1.svg\" alt=\"\" width=\"300\" height=\"300\" \/><\/a><\/p>\n<p><strong>TIL VOKSNE KATTE<\/strong> | PAT\u00c9 | MONOPROTEIN-KATTEFODER<\/p>\n<p><a href=\"https:\/\/3coty.com\/wp-content\/uploads\/2025\/07\/3coty-p-03-description-2.svg\"><img decoding=\"async\" class=\"alignnone size-full wp-image-61946\" role=\"img\" src=\"https:\/\/3coty.com\/wp-content\/uploads\/2025\/07\/3coty-p-03-description-2.svg\" alt=\"\" width=\"506\" height=\"85\" \/><\/a><\/p>\n","protected":false},"featured_media":62092,"template":"","meta":{"_acf_changed":false},"product_brand":[1952],"product_cat":[366],"product_tag":[776],"class_list":{"0":"post-34475","1":"product","2":"type-product","3":"status-publish","4":"has-post-thumbnail","6":"product_brand-3coty","7":"product_cat-for-adult-cats","8":"product_tag-03ch","10":"first","11":"instock","12":"featured","13":"taxable","14":"shipping-taxable","15":"purchasable","16":"product-type-simple"},"acf":[],"yoast_head":"<!-- This site is optimized with the Yoast SEO Premium plugin v27.4 (Yoast SEO v27.4) - https:\/\/yoast.com\/product\/yoast-seo-premium-wordpress\/ -->\n<title>03. KYLLING 180 (180g) | Til voksne katte | 3coty\u00ae Naturlig Kattefoder 100% K\u00f8d<\/title>\n<meta name=\"description\" content=\"Omhyggeligt tilberedt kyllingek\u00f8d. 100% naturlig fuldst\u00e6ndig og afbalanceret monoproteinfoder til voksne katte med en kost udelukkende baseret p\u00e5 k\u00f8d. Kylling 100%.\" \/>\n<meta name=\"robots\" content=\"index, follow, max-snippet:-1, max-image-preview:large, max-video-preview:-1\" \/>\n<link rel=\"canonical\" href=\"https:\/\/3coty.com\/da\/p\/03-chicken-180\/\" \/>\n<meta property=\"og:locale\" content=\"da_DK\" \/>\n<meta property=\"og:type\" content=\"article\" \/>\n<meta property=\"og:title\" content=\"03. KYLLING 180 (180g) | Til voksne katte | 3coty\u00ae Naturlig Kattefoder 100% K\u00f8d\" \/>\n<meta property=\"og:description\" content=\"Omhyggeligt tilberedt kyllingek\u00f8d. 100% naturlig fuldst\u00e6ndig og afbalanceret monoproteinfoder til voksne katte med en kost udelukkende baseret p\u00e5 k\u00f8d. Kylling 100%.\" \/>\n<meta property=\"og:url\" content=\"https:\/\/3coty.com\/da\/p\/03-chicken-180\/\" \/>\n<meta property=\"og:site_name\" content=\"3coty\u00ae\" \/>\n<meta property=\"article:publisher\" content=\"https:\/\/www.facebook.com\/3coty\" \/>\n<meta property=\"article:modified_time\" content=\"2026-04-04T06:47:55+00:00\" \/>\n<meta property=\"og:image\" content=\"https:\/\/3coty.com\/wp-content\/uploads\/2025\/10\/3coty-03-chicken-180-meat-only-cat-food.jpg\" \/>\n\t<meta property=\"og:image:width\" content=\"1200\" \/>\n\t<meta property=\"og:image:height\" content=\"630\" \/>\n\t<meta property=\"og:image:type\" content=\"image\/jpeg\" \/>\n<meta name=\"twitter:card\" content=\"summary_large_image\" \/>\n<meta name=\"twitter:title\" content=\"03. KYLLING 180 (180g) | Til voksne katte | 3coty\u00ae Naturlig Kattefoder 100% K\u00f8d\" \/>\n<meta name=\"twitter:description\" content=\"Omhyggeligt tilberedt kyllingek\u00f8d. 100% naturlig fuldst\u00e6ndig og afbalanceret monoproteinfoder til voksne katte med en kost udelukkende baseret p\u00e5 k\u00f8d. Kylling 100%.\" \/>\n<meta name=\"twitter:image\" content=\"https:\/\/3coty.com\/wp-content\/uploads\/2025\/10\/3coty-03-chicken-180-meat-only-cat-food.jpg\" \/>\n<meta name=\"twitter:site\" content=\"@3cotyCom\" \/>\n<meta name=\"twitter:label1\" content=\"Pris\" \/>\n\t<meta name=\"twitter:data1\" content=\"\u20ac&nbsp;3.30\" \/>\n\t<meta name=\"twitter:label2\" content=\"Tilg\u00e6ngelighed\" \/>\n\t<meta name=\"twitter:data2\" content=\"P\u00e5 lager\" \/>\n<script type=\"application\/ld+json\" class=\"yoast-schema-graph\">{\"@context\":\"https:\\\/\\\/schema.org\",\"@graph\":[{\"@type\":\"WebPage\",\"@id\":\"https:\\\/\\\/3coty.com\\\/da\\\/p\\\/03-chicken-180\\\/\",\"url\":\"https:\\\/\\\/3coty.com\\\/da\\\/p\\\/03-chicken-180\\\/\",\"name\":\"03. KYLLING 180 (180g) | Til voksne katte | 3coty\u00ae Naturlig Kattefoder 100% K\u00f8d\",\"isPartOf\":{\"@id\":\"https:\\\/\\\/3coty.com\\\/da\\\/#website\"},\"primaryImageOfPage\":{\"@id\":\"https:\\\/\\\/3coty.com\\\/da\\\/p\\\/03-chicken-180\\\/#primaryimage\"},\"image\":{\"@id\":\"https:\\\/\\\/3coty.com\\\/da\\\/p\\\/03-chicken-180\\\/#primaryimage\"},\"thumbnailUrl\":\"https:\\\/\\\/3coty.com\\\/wp-content\\\/uploads\\\/2025\\\/07\\\/3coty-p-03-180-01.jpg\",\"datePublished\":\"2025-05-19T17:41:43+00:00\",\"dateModified\":\"2026-04-04T06:47:55+00:00\",\"description\":\"Omhyggeligt tilberedt kyllingek\u00f8d. 100% naturlig fuldst\u00e6ndig og afbalanceret monoproteinfoder til voksne katte med en kost udelukkende baseret p\u00e5 k\u00f8d. Kylling 100%.\",\"breadcrumb\":{\"@id\":\"https:\\\/\\\/3coty.com\\\/da\\\/p\\\/03-chicken-180\\\/#breadcrumb\"},\"inLanguage\":\"da-DK\",\"potentialAction\":[{\"@type\":\"ReadAction\",\"target\":[\"https:\\\/\\\/3coty.com\\\/da\\\/p\\\/03-chicken-180\\\/\"]}]},{\"@type\":\"ImageObject\",\"inLanguage\":\"da-DK\",\"@id\":\"https:\\\/\\\/3coty.com\\\/da\\\/p\\\/03-chicken-180\\\/#primaryimage\",\"url\":\"https:\\\/\\\/3coty.com\\\/wp-content\\\/uploads\\\/2025\\\/07\\\/3coty-p-03-180-01.jpg\",\"contentUrl\":\"https:\\\/\\\/3coty.com\\\/wp-content\\\/uploads\\\/2025\\\/07\\\/3coty-p-03-180-01.jpg\",\"width\":1024,\"height\":1024},{\"@type\":\"BreadcrumbList\",\"@id\":\"https:\\\/\\\/3coty.com\\\/da\\\/p\\\/03-chicken-180\\\/#breadcrumb\",\"itemListElement\":[{\"@type\":\"ListItem\",\"position\":1,\"name\":\"Home\",\"item\":\"https:\\\/\\\/3coty.com\\\/da\\\/\"},{\"@type\":\"ListItem\",\"position\":2,\"name\":\"BUTIK\",\"item\":\"https:\\\/\\\/3coty.com\\\/da\\\/shop\\\/\"},{\"@type\":\"ListItem\",\"position\":3,\"name\":\"03. KYLLING 180\"}]},{\"@type\":\"WebSite\",\"@id\":\"https:\\\/\\\/3coty.com\\\/da\\\/#website\",\"url\":\"https:\\\/\\\/3coty.com\\\/da\\\/\",\"name\":\"3coty\u00ae\",\"description\":\"Meat-only Cat Food\",\"publisher\":{\"@id\":\"https:\\\/\\\/3coty.com\\\/da\\\/#organization\"},\"potentialAction\":[{\"@type\":\"SearchAction\",\"target\":{\"@type\":\"EntryPoint\",\"urlTemplate\":\"https:\\\/\\\/3coty.com\\\/da\\\/?s={search_term_string}\"},\"query-input\":{\"@type\":\"PropertyValueSpecification\",\"valueRequired\":true,\"valueName\":\"search_term_string\"}}],\"inLanguage\":\"da-DK\"},{\"@type\":\"Organization\",\"@id\":\"https:\\\/\\\/3coty.com\\\/da\\\/#organization\",\"name\":\"3coty\u00ae\",\"alternateName\":\"3coty\",\"url\":\"https:\\\/\\\/3coty.com\\\/da\\\/\",\"logo\":{\"@type\":\"ImageObject\",\"inLanguage\":\"da-DK\",\"@id\":\"https:\\\/\\\/3coty.com\\\/da\\\/#\\\/schema\\\/logo\\\/image\\\/\",\"url\":\"https:\\\/\\\/3coty.com\\\/wp-content\\\/uploads\\\/2025\\\/05\\\/icon-3coty-logo.svg\",\"contentUrl\":\"https:\\\/\\\/3coty.com\\\/wp-content\\\/uploads\\\/2025\\\/05\\\/icon-3coty-logo.svg\",\"width\":283,\"height\":283,\"caption\":\"3coty\u00ae\"},\"image\":{\"@id\":\"https:\\\/\\\/3coty.com\\\/da\\\/#\\\/schema\\\/logo\\\/image\\\/\"},\"sameAs\":[\"https:\\\/\\\/www.facebook.com\\\/3coty\",\"https:\\\/\\\/x.com\\\/3cotyCom\",\"https:\\\/\\\/www.instagram.com\\\/3coty\",\"https:\\\/\\\/www.linkedin.com\\\/company\\\/3coty\",\"https:\\\/\\\/www.youtube.com\\\/@3coty\"]}]}<\/script>\n<meta property=\"product:price:amount\" content=\"3.30\" \/>\n<meta property=\"product:price:currency\" content=\"EUR\" \/>\n<meta property=\"og:availability\" content=\"instock\" \/>\n<meta property=\"product:availability\" content=\"instock\" \/>\n<meta property=\"product:retailer_item_id\" content=\"180T 03CH \/ 5901785315844\" \/>\n<meta property=\"product:condition\" content=\"new\" \/>\n<!-- \/ Yoast SEO Premium plugin. -->","yoast_head_json":{"title":"03. KYLLING 180 (180g) | Til voksne katte | 3coty\u00ae Naturlig Kattefoder 100% K\u00f8d","description":"Omhyggeligt tilberedt kyllingek\u00f8d. 100% naturlig fuldst\u00e6ndig og afbalanceret monoproteinfoder til voksne katte med en kost udelukkende baseret p\u00e5 k\u00f8d. Kylling 100%.","robots":{"index":"index","follow":"follow","max-snippet":"max-snippet:-1","max-image-preview":"max-image-preview:large","max-video-preview":"max-video-preview:-1"},"canonical":"https:\/\/3coty.com\/da\/p\/03-chicken-180\/","og_locale":"da_DK","og_type":"article","og_title":"03. KYLLING 180 (180g) | Til voksne katte | 3coty\u00ae Naturlig Kattefoder 100% K\u00f8d","og_description":"Omhyggeligt tilberedt kyllingek\u00f8d. 100% naturlig fuldst\u00e6ndig og afbalanceret monoproteinfoder til voksne katte med en kost udelukkende baseret p\u00e5 k\u00f8d. Kylling 100%.","og_url":"https:\/\/3coty.com\/da\/p\/03-chicken-180\/","og_site_name":"3coty\u00ae","article_publisher":"https:\/\/www.facebook.com\/3coty","article_modified_time":"2026-04-04T06:47:55+00:00","og_image":[{"width":1200,"height":630,"url":"https:\/\/3coty.com\/wp-content\/uploads\/2025\/10\/3coty-03-chicken-180-meat-only-cat-food.jpg","type":"image\/jpeg"}],"twitter_card":"summary_large_image","twitter_title":"03. KYLLING 180 (180g) | Til voksne katte | 3coty\u00ae Naturlig Kattefoder 100% K\u00f8d","twitter_description":"Omhyggeligt tilberedt kyllingek\u00f8d. 100% naturlig fuldst\u00e6ndig og afbalanceret monoproteinfoder til voksne katte med en kost udelukkende baseret p\u00e5 k\u00f8d. Kylling 100%.","twitter_image":"https:\/\/3coty.com\/wp-content\/uploads\/2025\/10\/3coty-03-chicken-180-meat-only-cat-food.jpg","twitter_site":"@3cotyCom","twitter_misc":{"Pris":"\u20ac&nbsp;3.30","Tilg\u00e6ngelighed":"P\u00e5 lager"},"schema":{"@context":"https:\/\/schema.org","@graph":[{"@type":"WebPage","@id":"https:\/\/3coty.com\/da\/p\/03-chicken-180\/","url":"https:\/\/3coty.com\/da\/p\/03-chicken-180\/","name":"03. KYLLING 180 (180g) | Til voksne katte | 3coty\u00ae Naturlig Kattefoder 100% K\u00f8d","isPartOf":{"@id":"https:\/\/3coty.com\/da\/#website"},"primaryImageOfPage":{"@id":"https:\/\/3coty.com\/da\/p\/03-chicken-180\/#primaryimage"},"image":{"@id":"https:\/\/3coty.com\/da\/p\/03-chicken-180\/#primaryimage"},"thumbnailUrl":"https:\/\/3coty.com\/wp-content\/uploads\/2025\/07\/3coty-p-03-180-01.jpg","datePublished":"2025-05-19T17:41:43+00:00","dateModified":"2026-04-04T06:47:55+00:00","description":"Omhyggeligt tilberedt kyllingek\u00f8d. 100% naturlig fuldst\u00e6ndig og afbalanceret monoproteinfoder til voksne katte med en kost udelukkende baseret p\u00e5 k\u00f8d. Kylling 100%.","breadcrumb":{"@id":"https:\/\/3coty.com\/da\/p\/03-chicken-180\/#breadcrumb"},"inLanguage":"da-DK","potentialAction":[{"@type":"ReadAction","target":["https:\/\/3coty.com\/da\/p\/03-chicken-180\/"]}]},{"@type":"ImageObject","inLanguage":"da-DK","@id":"https:\/\/3coty.com\/da\/p\/03-chicken-180\/#primaryimage","url":"https:\/\/3coty.com\/wp-content\/uploads\/2025\/07\/3coty-p-03-180-01.jpg","contentUrl":"https:\/\/3coty.com\/wp-content\/uploads\/2025\/07\/3coty-p-03-180-01.jpg","width":1024,"height":1024},{"@type":"BreadcrumbList","@id":"https:\/\/3coty.com\/da\/p\/03-chicken-180\/#breadcrumb","itemListElement":[{"@type":"ListItem","position":1,"name":"Home","item":"https:\/\/3coty.com\/da\/"},{"@type":"ListItem","position":2,"name":"BUTIK","item":"https:\/\/3coty.com\/da\/shop\/"},{"@type":"ListItem","position":3,"name":"03. KYLLING 180"}]},{"@type":"WebSite","@id":"https:\/\/3coty.com\/da\/#website","url":"https:\/\/3coty.com\/da\/","name":"3coty\u00ae","description":"Meat-only Cat Food","publisher":{"@id":"https:\/\/3coty.com\/da\/#organization"},"potentialAction":[{"@type":"SearchAction","target":{"@type":"EntryPoint","urlTemplate":"https:\/\/3coty.com\/da\/?s={search_term_string}"},"query-input":{"@type":"PropertyValueSpecification","valueRequired":true,"valueName":"search_term_string"}}],"inLanguage":"da-DK"},{"@type":"Organization","@id":"https:\/\/3coty.com\/da\/#organization","name":"3coty\u00ae","alternateName":"3coty","url":"https:\/\/3coty.com\/da\/","logo":{"@type":"ImageObject","inLanguage":"da-DK","@id":"https:\/\/3coty.com\/da\/#\/schema\/logo\/image\/","url":"https:\/\/3coty.com\/wp-content\/uploads\/2025\/05\/icon-3coty-logo.svg","contentUrl":"https:\/\/3coty.com\/wp-content\/uploads\/2025\/05\/icon-3coty-logo.svg","width":283,"height":283,"caption":"3coty\u00ae"},"image":{"@id":"https:\/\/3coty.com\/da\/#\/schema\/logo\/image\/"},"sameAs":["https:\/\/www.facebook.com\/3coty","https:\/\/x.com\/3cotyCom","https:\/\/www.instagram.com\/3coty","https:\/\/www.linkedin.com\/company\/3coty","https:\/\/www.youtube.com\/@3coty"]}]},"product_price_amount":"3.30","product_price_currency":"EUR","og_availability":"instock","product_availability":"instock","product_retailer_item_id":"180T 03CH \/ 5901785315844","product_condition":"new"},"_links":{"self":[{"href":"https:\/\/3coty.com\/da\/wp-json\/wp\/v2\/product\/34475","targetHints":{"allow":["GET"]}}],"collection":[{"href":"https:\/\/3coty.com\/da\/wp-json\/wp\/v2\/product"}],"about":[{"href":"https:\/\/3coty.com\/da\/wp-json\/wp\/v2\/types\/product"}],"version-history":[{"count":4,"href":"https:\/\/3coty.com\/da\/wp-json\/wp\/v2\/product\/34475\/revisions"}],"predecessor-version":[{"id":62437,"href":"https:\/\/3coty.com\/da\/wp-json\/wp\/v2\/product\/34475\/revisions\/62437"}],"wp:featuredmedia":[{"embeddable":true,"href":"https:\/\/3coty.com\/da\/wp-json\/wp\/v2\/media\/62092"}],"wp:attachment":[{"href":"https:\/\/3coty.com\/da\/wp-json\/wp\/v2\/media?parent=34475"}],"wp:term":[{"taxonomy":"product_brand","embeddable":true,"href":"https:\/\/3coty.com\/da\/wp-json\/wp\/v2\/product_brand?post=34475"},{"taxonomy":"product_cat","embeddable":true,"href":"https:\/\/3coty.com\/da\/wp-json\/wp\/v2\/product_cat?post=34475"},{"taxonomy":"product_tag","embeddable":true,"href":"https:\/\/3coty.com\/da\/wp-json\/wp\/v2\/product_tag?post=34475"}],"curies":[{"name":"wp","href":"https:\/\/api.w.org\/{rel}","templated":true}]}}