{"id":34467,"date":"2025-05-19T16:36:33","date_gmt":"2025-05-19T16:36:33","guid":{"rendered":"https:\/\/3coty.com\/p\/02-chicken-180\/"},"modified":"2026-03-17T18:39:53","modified_gmt":"2026-03-17T18:39:53","slug":"02-chicken-180","status":"publish","type":"product","link":"https:\/\/3coty.com\/da\/p\/02-chicken-180\/","title":{"rendered":"02. KYLLING 180"},"content":{"rendered":"<p><a href=\"https:\/\/3coty.com\/wp-content\/uploads\/2025\/07\/3coty-p-02-tab-1.svg\"><img fetchpriority=\"high\" decoding=\"async\" class=\"alignnone size-full wp-image-62592\" role=\"img\" src=\"https:\/\/3coty.com\/wp-content\/uploads\/2025\/07\/3coty-p-02-tab-1.svg\" alt=\"\" width=\"283\" height=\"283\" \/><\/a><\/p>\n<h2>NATURLIGT OG KOMPLET 3COTY\u00ae KATTEFODER<\/h2>\n<p><strong>99,5% NATURLIGE K\u00d8DINGREDIENSER og animalske derivater, tilberedt i sin egen n\u00e6ringsrige bouillon, 0,5% SPIRULINA<\/strong><\/p>\n<p>Algenpulver bliver ofte tilf\u00f8jet til kattefoder for at styrke deres immunsystem. Vores kattefoder med spirulina fjerner g\u00e6tteriet om, hvor meget der skal tilf\u00f8jes. Vi har inkluderet pr\u00e6cis den rigtige m\u00e6ngde for at sikre en perfekt afbalanceret indtagelse af denne superfood for voksne katte. Den revne tekstur tiltaler katte, der tror, de jager, som f.eks. Bengal, Abyssinien og Maine Coon katte.<\/p>\n<p>Baseret p\u00e5 vores grundl\u00e6ggende kyllingesmag, har dette foder 0,5% spirulina alger til at styrke immunsystemet og forbedre pelsen.<\/p>\n","protected":false},"excerpt":{"rendered":"<p><a href=\"https:\/\/3coty.com\/wp-content\/uploads\/2025\/07\/3coty-p-02-description-1.svg\"><img decoding=\"async\" class=\"alignnone size-medium wp-image-62556\" role=\"img\" src=\"https:\/\/3coty.com\/wp-content\/uploads\/2025\/07\/3coty-p-02-description-1.svg\" alt=\"\" width=\"300\" height=\"300\" \/><\/a><\/p>\n<p><strong>TIL VOKSNE KATTE<\/strong> | STRIMLET | MONOPROTEIN-KATTEFODER<br \/>\n<strong>MED SPIRULINA<\/strong><\/p>\n<p><a href=\"https:\/\/3coty.com\/wp-content\/uploads\/2025\/07\/3coty-p-02-description-2.svg\"><img decoding=\"async\" class=\"alignnone size-full wp-image-62574\" role=\"img\" src=\"https:\/\/3coty.com\/wp-content\/uploads\/2025\/07\/3coty-p-02-description-2.svg\" alt=\"\" width=\"506\" height=\"85\" \/><\/a><\/p>\n","protected":false},"featured_media":62720,"template":"","meta":{"_acf_changed":false},"product_brand":[1952],"product_cat":[366],"product_tag":[758],"class_list":{"0":"post-34467","1":"product","2":"type-product","3":"status-publish","4":"has-post-thumbnail","6":"product_brand-3coty","7":"product_cat-for-adult-cats","8":"product_tag-02ch","10":"first","11":"outofstock","12":"featured","13":"taxable","14":"shipping-taxable","15":"purchasable","16":"product-type-simple"},"acf":[],"yoast_head":"<!-- This site is optimized with the Yoast SEO Premium plugin v27.4 (Yoast SEO v27.4) - https:\/\/yoast.com\/product\/yoast-seo-premium-wordpress\/ -->\n<title>02. KYLLING 180 (180g) | Til voksne katte | 3coty\u00ae Naturlig Kattefoder 100% K\u00f8d<\/title>\n<meta name=\"description\" content=\"Naturlig fuldst\u00e6ndig og afbalanceret kattemad med kylling og spirulinaalge der st\u00f8tter immunforsvaret og en sund pels hos voksne katte. Strimlet tekstur som bengalere og abyssiniere foretr\u00e6kker.\" \/>\n<meta name=\"robots\" content=\"index, follow, max-snippet:-1, max-image-preview:large, max-video-preview:-1\" \/>\n<link rel=\"canonical\" href=\"https:\/\/3coty.com\/da\/p\/02-chicken-180\/\" \/>\n<meta property=\"og:locale\" content=\"da_DK\" \/>\n<meta property=\"og:type\" content=\"article\" \/>\n<meta property=\"og:title\" content=\"02. KYLLING 180 (180g) | Til voksne katte | 3coty\u00ae Naturlig Kattefoder 100% K\u00f8d\" \/>\n<meta property=\"og:description\" content=\"Naturlig fuldst\u00e6ndig og afbalanceret kattemad med kylling og spirulinaalge der st\u00f8tter immunforsvaret og en sund pels hos voksne katte. Strimlet tekstur som bengalere og abyssiniere foretr\u00e6kker.\" \/>\n<meta property=\"og:url\" content=\"https:\/\/3coty.com\/da\/p\/02-chicken-180\/\" \/>\n<meta property=\"og:site_name\" content=\"3coty\u00ae\" \/>\n<meta property=\"article:publisher\" content=\"https:\/\/www.facebook.com\/3coty\" \/>\n<meta property=\"article:modified_time\" content=\"2026-03-17T18:39:53+00:00\" \/>\n<meta property=\"og:image\" content=\"https:\/\/3coty.com\/wp-content\/uploads\/2025\/10\/3coty-02-chicken-180-meat-only-cat-food.jpg\" \/>\n\t<meta property=\"og:image:width\" content=\"1200\" \/>\n\t<meta property=\"og:image:height\" content=\"630\" \/>\n\t<meta property=\"og:image:type\" content=\"image\/jpeg\" \/>\n<meta name=\"twitter:card\" content=\"summary_large_image\" \/>\n<meta name=\"twitter:title\" content=\"02. KYLLING 180 (180g) | Til voksne katte | 3coty\u00ae Naturlig Kattefoder 100% K\u00f8d\" \/>\n<meta name=\"twitter:description\" content=\"Naturlig fuldst\u00e6ndig og afbalanceret kattemad med kylling og spirulinaalge der st\u00f8tter immunforsvaret og en sund pels hos voksne katte. Strimlet tekstur som bengalere og abyssiniere foretr\u00e6kker.\" \/>\n<meta name=\"twitter:image\" content=\"https:\/\/3coty.com\/wp-content\/uploads\/2025\/10\/3coty-02-chicken-180-meat-only-cat-food.jpg\" \/>\n<meta name=\"twitter:site\" content=\"@3cotyCom\" \/>\n<meta name=\"twitter:label1\" content=\"Pris\" \/>\n\t<meta name=\"twitter:data1\" content=\"\u20ac&nbsp;3.30\" \/>\n\t<meta name=\"twitter:label2\" content=\"Tilg\u00e6ngelighed\" \/>\n\t<meta name=\"twitter:data2\" content=\"Ikke p\u00e5 lager\" \/>\n<script type=\"application\/ld+json\" class=\"yoast-schema-graph\">{\"@context\":\"https:\\\/\\\/schema.org\",\"@graph\":[{\"@type\":\"WebPage\",\"@id\":\"https:\\\/\\\/3coty.com\\\/da\\\/p\\\/02-chicken-180\\\/\",\"url\":\"https:\\\/\\\/3coty.com\\\/da\\\/p\\\/02-chicken-180\\\/\",\"name\":\"02. KYLLING 180 (180g) | Til voksne katte | 3coty\u00ae Naturlig Kattefoder 100% K\u00f8d\",\"isPartOf\":{\"@id\":\"https:\\\/\\\/3coty.com\\\/da\\\/#website\"},\"primaryImageOfPage\":{\"@id\":\"https:\\\/\\\/3coty.com\\\/da\\\/p\\\/02-chicken-180\\\/#primaryimage\"},\"image\":{\"@id\":\"https:\\\/\\\/3coty.com\\\/da\\\/p\\\/02-chicken-180\\\/#primaryimage\"},\"thumbnailUrl\":\"https:\\\/\\\/3coty.com\\\/wp-content\\\/uploads\\\/2025\\\/07\\\/3coty-p-02-180-01.jpg\",\"datePublished\":\"2025-05-19T16:36:33+00:00\",\"dateModified\":\"2026-03-17T18:39:53+00:00\",\"description\":\"Naturlig fuldst\u00e6ndig og afbalanceret kattemad med kylling og spirulinaalge der st\u00f8tter immunforsvaret og en sund pels hos voksne katte. Strimlet tekstur som bengalere og abyssiniere foretr\u00e6kker.\",\"breadcrumb\":{\"@id\":\"https:\\\/\\\/3coty.com\\\/da\\\/p\\\/02-chicken-180\\\/#breadcrumb\"},\"inLanguage\":\"da-DK\",\"potentialAction\":[{\"@type\":\"ReadAction\",\"target\":[\"https:\\\/\\\/3coty.com\\\/da\\\/p\\\/02-chicken-180\\\/\"]}]},{\"@type\":\"ImageObject\",\"inLanguage\":\"da-DK\",\"@id\":\"https:\\\/\\\/3coty.com\\\/da\\\/p\\\/02-chicken-180\\\/#primaryimage\",\"url\":\"https:\\\/\\\/3coty.com\\\/wp-content\\\/uploads\\\/2025\\\/07\\\/3coty-p-02-180-01.jpg\",\"contentUrl\":\"https:\\\/\\\/3coty.com\\\/wp-content\\\/uploads\\\/2025\\\/07\\\/3coty-p-02-180-01.jpg\",\"width\":1024,\"height\":1024},{\"@type\":\"BreadcrumbList\",\"@id\":\"https:\\\/\\\/3coty.com\\\/da\\\/p\\\/02-chicken-180\\\/#breadcrumb\",\"itemListElement\":[{\"@type\":\"ListItem\",\"position\":1,\"name\":\"Home\",\"item\":\"https:\\\/\\\/3coty.com\\\/da\\\/\"},{\"@type\":\"ListItem\",\"position\":2,\"name\":\"BUTIK\",\"item\":\"https:\\\/\\\/3coty.com\\\/da\\\/shop\\\/\"},{\"@type\":\"ListItem\",\"position\":3,\"name\":\"02. KYLLING 180\"}]},{\"@type\":\"WebSite\",\"@id\":\"https:\\\/\\\/3coty.com\\\/da\\\/#website\",\"url\":\"https:\\\/\\\/3coty.com\\\/da\\\/\",\"name\":\"3coty\u00ae\",\"description\":\"Meat-only Cat Food\",\"publisher\":{\"@id\":\"https:\\\/\\\/3coty.com\\\/da\\\/#organization\"},\"potentialAction\":[{\"@type\":\"SearchAction\",\"target\":{\"@type\":\"EntryPoint\",\"urlTemplate\":\"https:\\\/\\\/3coty.com\\\/da\\\/?s={search_term_string}\"},\"query-input\":{\"@type\":\"PropertyValueSpecification\",\"valueRequired\":true,\"valueName\":\"search_term_string\"}}],\"inLanguage\":\"da-DK\"},{\"@type\":\"Organization\",\"@id\":\"https:\\\/\\\/3coty.com\\\/da\\\/#organization\",\"name\":\"3coty\u00ae\",\"alternateName\":\"3coty\",\"url\":\"https:\\\/\\\/3coty.com\\\/da\\\/\",\"logo\":{\"@type\":\"ImageObject\",\"inLanguage\":\"da-DK\",\"@id\":\"https:\\\/\\\/3coty.com\\\/da\\\/#\\\/schema\\\/logo\\\/image\\\/\",\"url\":\"https:\\\/\\\/3coty.com\\\/wp-content\\\/uploads\\\/2025\\\/05\\\/icon-3coty-logo.svg\",\"contentUrl\":\"https:\\\/\\\/3coty.com\\\/wp-content\\\/uploads\\\/2025\\\/05\\\/icon-3coty-logo.svg\",\"width\":283,\"height\":283,\"caption\":\"3coty\u00ae\"},\"image\":{\"@id\":\"https:\\\/\\\/3coty.com\\\/da\\\/#\\\/schema\\\/logo\\\/image\\\/\"},\"sameAs\":[\"https:\\\/\\\/www.facebook.com\\\/3coty\",\"https:\\\/\\\/x.com\\\/3cotyCom\",\"https:\\\/\\\/www.instagram.com\\\/3coty\",\"https:\\\/\\\/www.linkedin.com\\\/company\\\/3coty\",\"https:\\\/\\\/www.youtube.com\\\/@3coty\"]}]}<\/script>\n<meta property=\"product:price:amount\" content=\"3.30\" \/>\n<meta property=\"product:price:currency\" content=\"EUR\" \/>\n<meta property=\"og:availability\" content=\"out of stock\" \/>\n<meta property=\"product:availability\" content=\"out of stock\" \/>\n<meta property=\"product:retailer_item_id\" content=\"180T 02CH \/ 5901785317381\" \/>\n<meta property=\"product:condition\" content=\"new\" \/>\n<!-- \/ Yoast SEO Premium plugin. -->","yoast_head_json":{"title":"02. KYLLING 180 (180g) | Til voksne katte | 3coty\u00ae Naturlig Kattefoder 100% K\u00f8d","description":"Naturlig fuldst\u00e6ndig og afbalanceret kattemad med kylling og spirulinaalge der st\u00f8tter immunforsvaret og en sund pels hos voksne katte. Strimlet tekstur som bengalere og abyssiniere foretr\u00e6kker.","robots":{"index":"index","follow":"follow","max-snippet":"max-snippet:-1","max-image-preview":"max-image-preview:large","max-video-preview":"max-video-preview:-1"},"canonical":"https:\/\/3coty.com\/da\/p\/02-chicken-180\/","og_locale":"da_DK","og_type":"article","og_title":"02. KYLLING 180 (180g) | Til voksne katte | 3coty\u00ae Naturlig Kattefoder 100% K\u00f8d","og_description":"Naturlig fuldst\u00e6ndig og afbalanceret kattemad med kylling og spirulinaalge der st\u00f8tter immunforsvaret og en sund pels hos voksne katte. Strimlet tekstur som bengalere og abyssiniere foretr\u00e6kker.","og_url":"https:\/\/3coty.com\/da\/p\/02-chicken-180\/","og_site_name":"3coty\u00ae","article_publisher":"https:\/\/www.facebook.com\/3coty","article_modified_time":"2026-03-17T18:39:53+00:00","og_image":[{"width":1200,"height":630,"url":"https:\/\/3coty.com\/wp-content\/uploads\/2025\/10\/3coty-02-chicken-180-meat-only-cat-food.jpg","type":"image\/jpeg"}],"twitter_card":"summary_large_image","twitter_title":"02. KYLLING 180 (180g) | Til voksne katte | 3coty\u00ae Naturlig Kattefoder 100% K\u00f8d","twitter_description":"Naturlig fuldst\u00e6ndig og afbalanceret kattemad med kylling og spirulinaalge der st\u00f8tter immunforsvaret og en sund pels hos voksne katte. Strimlet tekstur som bengalere og abyssiniere foretr\u00e6kker.","twitter_image":"https:\/\/3coty.com\/wp-content\/uploads\/2025\/10\/3coty-02-chicken-180-meat-only-cat-food.jpg","twitter_site":"@3cotyCom","twitter_misc":{"Pris":"\u20ac&nbsp;3.30","Tilg\u00e6ngelighed":"Ikke p\u00e5 lager"},"schema":{"@context":"https:\/\/schema.org","@graph":[{"@type":"WebPage","@id":"https:\/\/3coty.com\/da\/p\/02-chicken-180\/","url":"https:\/\/3coty.com\/da\/p\/02-chicken-180\/","name":"02. KYLLING 180 (180g) | Til voksne katte | 3coty\u00ae Naturlig Kattefoder 100% K\u00f8d","isPartOf":{"@id":"https:\/\/3coty.com\/da\/#website"},"primaryImageOfPage":{"@id":"https:\/\/3coty.com\/da\/p\/02-chicken-180\/#primaryimage"},"image":{"@id":"https:\/\/3coty.com\/da\/p\/02-chicken-180\/#primaryimage"},"thumbnailUrl":"https:\/\/3coty.com\/wp-content\/uploads\/2025\/07\/3coty-p-02-180-01.jpg","datePublished":"2025-05-19T16:36:33+00:00","dateModified":"2026-03-17T18:39:53+00:00","description":"Naturlig fuldst\u00e6ndig og afbalanceret kattemad med kylling og spirulinaalge der st\u00f8tter immunforsvaret og en sund pels hos voksne katte. Strimlet tekstur som bengalere og abyssiniere foretr\u00e6kker.","breadcrumb":{"@id":"https:\/\/3coty.com\/da\/p\/02-chicken-180\/#breadcrumb"},"inLanguage":"da-DK","potentialAction":[{"@type":"ReadAction","target":["https:\/\/3coty.com\/da\/p\/02-chicken-180\/"]}]},{"@type":"ImageObject","inLanguage":"da-DK","@id":"https:\/\/3coty.com\/da\/p\/02-chicken-180\/#primaryimage","url":"https:\/\/3coty.com\/wp-content\/uploads\/2025\/07\/3coty-p-02-180-01.jpg","contentUrl":"https:\/\/3coty.com\/wp-content\/uploads\/2025\/07\/3coty-p-02-180-01.jpg","width":1024,"height":1024},{"@type":"BreadcrumbList","@id":"https:\/\/3coty.com\/da\/p\/02-chicken-180\/#breadcrumb","itemListElement":[{"@type":"ListItem","position":1,"name":"Home","item":"https:\/\/3coty.com\/da\/"},{"@type":"ListItem","position":2,"name":"BUTIK","item":"https:\/\/3coty.com\/da\/shop\/"},{"@type":"ListItem","position":3,"name":"02. KYLLING 180"}]},{"@type":"WebSite","@id":"https:\/\/3coty.com\/da\/#website","url":"https:\/\/3coty.com\/da\/","name":"3coty\u00ae","description":"Meat-only Cat Food","publisher":{"@id":"https:\/\/3coty.com\/da\/#organization"},"potentialAction":[{"@type":"SearchAction","target":{"@type":"EntryPoint","urlTemplate":"https:\/\/3coty.com\/da\/?s={search_term_string}"},"query-input":{"@type":"PropertyValueSpecification","valueRequired":true,"valueName":"search_term_string"}}],"inLanguage":"da-DK"},{"@type":"Organization","@id":"https:\/\/3coty.com\/da\/#organization","name":"3coty\u00ae","alternateName":"3coty","url":"https:\/\/3coty.com\/da\/","logo":{"@type":"ImageObject","inLanguage":"da-DK","@id":"https:\/\/3coty.com\/da\/#\/schema\/logo\/image\/","url":"https:\/\/3coty.com\/wp-content\/uploads\/2025\/05\/icon-3coty-logo.svg","contentUrl":"https:\/\/3coty.com\/wp-content\/uploads\/2025\/05\/icon-3coty-logo.svg","width":283,"height":283,"caption":"3coty\u00ae"},"image":{"@id":"https:\/\/3coty.com\/da\/#\/schema\/logo\/image\/"},"sameAs":["https:\/\/www.facebook.com\/3coty","https:\/\/x.com\/3cotyCom","https:\/\/www.instagram.com\/3coty","https:\/\/www.linkedin.com\/company\/3coty","https:\/\/www.youtube.com\/@3coty"]}]},"product_price_amount":"3.30","product_price_currency":"EUR","og_availability":"out of stock","product_availability":"out of stock","product_retailer_item_id":"180T 02CH \/ 5901785317381","product_condition":"new"},"_links":{"self":[{"href":"https:\/\/3coty.com\/da\/wp-json\/wp\/v2\/product\/34467","targetHints":{"allow":["GET"]}}],"collection":[{"href":"https:\/\/3coty.com\/da\/wp-json\/wp\/v2\/product"}],"about":[{"href":"https:\/\/3coty.com\/da\/wp-json\/wp\/v2\/types\/product"}],"version-history":[{"count":4,"href":"https:\/\/3coty.com\/da\/wp-json\/wp\/v2\/product\/34467\/revisions"}],"predecessor-version":[{"id":63063,"href":"https:\/\/3coty.com\/da\/wp-json\/wp\/v2\/product\/34467\/revisions\/63063"}],"wp:featuredmedia":[{"embeddable":true,"href":"https:\/\/3coty.com\/da\/wp-json\/wp\/v2\/media\/62720"}],"wp:attachment":[{"href":"https:\/\/3coty.com\/da\/wp-json\/wp\/v2\/media?parent=34467"}],"wp:term":[{"taxonomy":"product_brand","embeddable":true,"href":"https:\/\/3coty.com\/da\/wp-json\/wp\/v2\/product_brand?post=34467"},{"taxonomy":"product_cat","embeddable":true,"href":"https:\/\/3coty.com\/da\/wp-json\/wp\/v2\/product_cat?post=34467"},{"taxonomy":"product_tag","embeddable":true,"href":"https:\/\/3coty.com\/da\/wp-json\/wp\/v2\/product_tag?post=34467"}],"curies":[{"name":"wp","href":"https:\/\/api.w.org\/{rel}","templated":true}]}}