{"id":83969,"date":"2026-04-18T15:50:27","date_gmt":"2026-04-18T15:50:27","guid":{"rendered":"https:\/\/3coty.com\/?post_type=product&#038;p=83969"},"modified":"2026-04-18T15:59:02","modified_gmt":"2026-04-18T15:59:02","slug":"98-appetite-support-080","status":"publish","type":"product","link":"https:\/\/3coty.com\/cs\/p\/98-appetite-support-080\/","title":{"rendered":"98. PODPORA CHUTI K J\u00cdDLU 080"},"content":{"rendered":"<p><a href=\"https:\/\/3coty.com\/wp-content\/uploads\/2025\/07\/3coty-p-97-tab-1.svg\"><img fetchpriority=\"high\" decoding=\"async\" class=\"alignnone size-full wp-image-40832\" role=\"img\" src=\"https:\/\/3coty.com\/wp-content\/uploads\/2025\/07\/3coty-p-97-tab-1.svg\" alt=\"\" width=\"283\" height=\"283\" \/><\/a><\/p>\n<h2>3COTY\u00ae P\u0158\u00cdRODN\u00cd DOPL\u0147KOV\u00c9 KRMIVO PRO KO\u010cKY<\/h2>\n<p><strong>V\u00dd\u017dIVN\u00c9 KVASNICE + CHLORELLA (Chlorella vulgaris) + BIOTIN<\/strong><\/p>\n<p>Pro ko\u010dky, kter\u00e9 n\u011bkdy jed\u00ed m\u00e9n\u011b ne\u017e obvykle v d\u016fsledku stresu, hormon\u00e1ln\u00edch nebo sez\u00f3nn\u00edch zm\u011bn, b\u011bhem cestov\u00e1n\u00ed nebo p\u0159i p\u0159echodu na nov\u00e9 krmivo, tato posypka pom\u00e1h\u00e1 znovu probudit chu\u0165 k j\u00eddlu. Nutri\u010dn\u00ed kvasnice dod\u00e1vaj\u00ed p\u0159irozen\u011b atraktivn\u00ed chu\u0165, zat\u00edmco jejich vysok\u00fd obsah mal\u00fdch peptid\u016f a voln\u00fdch aminokyselin podporuje vst\u0159eb\u00e1v\u00e1n\u00ed \u017eivin. Taurin, esenci\u00e1ln\u00ed aminokyselina pro ko\u010dky, podporuje norm\u00e1ln\u00ed fyziologick\u00e9 funkce a celkovou vitalitu.<\/p>\n<p>Jednoduch\u00fd zp\u016fsob, jak podpo\u0159it ko\u010dky v obdob\u00edch sn\u00ed\u017een\u00e9 chuti k j\u00eddlu a pomoci jim vr\u00e1tit se k pravideln\u00e9mu krmen\u00ed.<\/p>\n","protected":false},"excerpt":{"rendered":"<p><a href=\"https:\/\/3coty.com\/wp-content\/uploads\/2025\/07\/3coty-p-97-description-1.svg\"><img decoding=\"async\" class=\"alignnone wp-image-40958 size-medium\" role=\"img\" src=\"https:\/\/3coty.com\/wp-content\/uploads\/2025\/07\/3coty-p-97-description-1.svg\" alt=\"\" width=\"300\" height=\"300\" \/><\/a><\/p>\n<p><strong>PRO V\u0160ECHNY KO\u010cKY<\/strong> | PR\u00c1\u0160EK | P\u0158\u00cdRODN\u00cd DOPL\u0147KOV\u00c9 KRMIVO PRO KO\u010cKY<br \/>\n<strong>PODPORUJE A ZLEP\u0160UJE CHU\u0164 K J\u00cdDLU<\/strong><\/p>\n<p><a href=\"https:\/\/3coty.com\/wp-content\/uploads\/2026\/03\/3coty-product-98-description-2.svg\"><img decoding=\"async\" class=\"alignnone size-full wp-image-83709\" role=\"img\" src=\"https:\/\/3coty.com\/wp-content\/uploads\/2026\/03\/3coty-product-98-description-2.svg\" alt=\"\" width=\"218\" height=\"85\" \/><\/a><\/p>\n","protected":false},"featured_media":83746,"template":"","meta":{"_acf_changed":false},"product_brand":[],"product_cat":[417],"product_tag":[2074],"class_list":{"0":"post-83969","1":"product","2":"type-product","3":"status-publish","4":"has-post-thumbnail","6":"product_cat-well-being","7":"product_tag-98as","9":"first","10":"instock","11":"taxable","12":"shipping-taxable","13":"purchasable","14":"product-type-simple"},"acf":[],"yoast_head":"<!-- This site is optimized with the Yoast SEO Premium plugin v27.4 (Yoast SEO v27.4) - https:\/\/yoast.com\/product\/yoast-seo-premium-wordpress\/ -->\n<title>98. PODPORA CHUTI K J\u00cdDLU 080 (80g) | Pro v\u0161echny ko\u010dky | 3coty\u00ae P\u0159\u00edrodn\u00ed dopl\u0148kov\u00e9 krmivo pro ko\u010dky<\/title>\n<meta name=\"description\" content=\"Dopl\u0148kov\u00e1 posypka pro ko\u010dky se sn\u00ed\u017eenou chut\u00ed k j\u00eddlu, s nutri\u010dn\u00edmi kvasnicemi a taurinem, kter\u00e1 pom\u00e1h\u00e1 obnovit pravideln\u00e9 stravov\u00e1n\u00ed.\" \/>\n<meta name=\"robots\" content=\"index, follow, max-snippet:-1, max-image-preview:large, max-video-preview:-1\" \/>\n<link rel=\"canonical\" href=\"https:\/\/3coty.com\/cs\/p\/98-appetite-support-080\/\" \/>\n<meta property=\"og:locale\" content=\"cs_CZ\" \/>\n<meta property=\"og:type\" content=\"article\" \/>\n<meta property=\"og:title\" content=\"98. PODPORA CHUTI K J\u00cdDLU 080 (80g) | Pro v\u0161echny ko\u010dky | 3coty\u00ae P\u0159\u00edrodn\u00ed dopl\u0148kov\u00e9 krmivo pro ko\u010dky\" \/>\n<meta property=\"og:description\" content=\"Dopl\u0148kov\u00e1 posypka pro ko\u010dky se sn\u00ed\u017eenou chut\u00ed k j\u00eddlu, s nutri\u010dn\u00edmi kvasnicemi a taurinem, kter\u00e1 pom\u00e1h\u00e1 obnovit pravideln\u00e9 stravov\u00e1n\u00ed.\" \/>\n<meta property=\"og:url\" content=\"https:\/\/3coty.com\/cs\/p\/98-appetite-support-080\/\" \/>\n<meta property=\"og:site_name\" content=\"3coty\u00ae\" \/>\n<meta property=\"article:publisher\" content=\"https:\/\/www.facebook.com\/3coty\" \/>\n<meta property=\"article:modified_time\" content=\"2026-04-18T15:59:02+00:00\" \/>\n<meta property=\"og:image\" content=\"https:\/\/3coty.com\/wp-content\/uploads\/2026\/04\/3coty-98-appetite-support-complementary-cat-food.jpg\" \/>\n\t<meta property=\"og:image:width\" content=\"1200\" \/>\n\t<meta property=\"og:image:height\" content=\"630\" \/>\n\t<meta property=\"og:image:type\" content=\"image\/jpeg\" \/>\n<meta name=\"twitter:card\" content=\"summary_large_image\" \/>\n<meta name=\"twitter:title\" content=\"98. PODPORA CHUTI K J\u00cdDLU 080 (80g) | Pro v\u0161echny ko\u010dky | 3coty\u00ae P\u0159\u00edrodn\u00ed dopl\u0148kov\u00e9 krmivo pro ko\u010dky\" \/>\n<meta name=\"twitter:description\" content=\"Dopl\u0148kov\u00e1 posypka pro ko\u010dky se sn\u00ed\u017eenou chut\u00ed k j\u00eddlu, s nutri\u010dn\u00edmi kvasnicemi a taurinem, kter\u00e1 pom\u00e1h\u00e1 obnovit pravideln\u00e9 stravov\u00e1n\u00ed.\" \/>\n<meta name=\"twitter:site\" content=\"@3cotyCom\" \/>\n<meta name=\"twitter:label1\" content=\"Cena\" \/>\n\t<meta name=\"twitter:data1\" content=\"\u20ac&nbsp;15.00\" \/>\n\t<meta name=\"twitter:label2\" content=\"Dostupnost\" \/>\n\t<meta name=\"twitter:data2\" content=\"Skladem\" \/>\n<script type=\"application\/ld+json\" class=\"yoast-schema-graph\">{\"@context\":\"https:\\\/\\\/schema.org\",\"@graph\":[{\"@type\":\"WebPage\",\"@id\":\"https:\\\/\\\/3coty.com\\\/cs\\\/p\\\/98-appetite-support-080\\\/\",\"url\":\"https:\\\/\\\/3coty.com\\\/cs\\\/p\\\/98-appetite-support-080\\\/\",\"name\":\"98. PODPORA CHUTI K J\u00cdDLU 080 (80g) | Pro v\u0161echny ko\u010dky | 3coty\u00ae P\u0159\u00edrodn\u00ed dopl\u0148kov\u00e9 krmivo pro ko\u010dky\",\"isPartOf\":{\"@id\":\"https:\\\/\\\/3coty.com\\\/cs\\\/#website\"},\"primaryImageOfPage\":{\"@id\":\"https:\\\/\\\/3coty.com\\\/cs\\\/p\\\/98-appetite-support-080\\\/#primaryimage\"},\"image\":{\"@id\":\"https:\\\/\\\/3coty.com\\\/cs\\\/p\\\/98-appetite-support-080\\\/#primaryimage\"},\"thumbnailUrl\":\"https:\\\/\\\/3coty.com\\\/wp-content\\\/uploads\\\/2026\\\/03\\\/3coty-product-98-01.jpg\",\"datePublished\":\"2026-04-18T15:50:27+00:00\",\"dateModified\":\"2026-04-18T15:59:02+00:00\",\"description\":\"Dopl\u0148kov\u00e1 posypka pro ko\u010dky se sn\u00ed\u017eenou chut\u00ed k j\u00eddlu, s nutri\u010dn\u00edmi kvasnicemi a taurinem, kter\u00e1 pom\u00e1h\u00e1 obnovit pravideln\u00e9 stravov\u00e1n\u00ed.\",\"breadcrumb\":{\"@id\":\"https:\\\/\\\/3coty.com\\\/cs\\\/p\\\/98-appetite-support-080\\\/#breadcrumb\"},\"inLanguage\":\"cs\",\"potentialAction\":[{\"@type\":\"ReadAction\",\"target\":[\"https:\\\/\\\/3coty.com\\\/cs\\\/p\\\/98-appetite-support-080\\\/\"]}]},{\"@type\":\"ImageObject\",\"inLanguage\":\"cs\",\"@id\":\"https:\\\/\\\/3coty.com\\\/cs\\\/p\\\/98-appetite-support-080\\\/#primaryimage\",\"url\":\"https:\\\/\\\/3coty.com\\\/wp-content\\\/uploads\\\/2026\\\/03\\\/3coty-product-98-01.jpg\",\"contentUrl\":\"https:\\\/\\\/3coty.com\\\/wp-content\\\/uploads\\\/2026\\\/03\\\/3coty-product-98-01.jpg\",\"width\":1024,\"height\":1024},{\"@type\":\"BreadcrumbList\",\"@id\":\"https:\\\/\\\/3coty.com\\\/cs\\\/p\\\/98-appetite-support-080\\\/#breadcrumb\",\"itemListElement\":[{\"@type\":\"ListItem\",\"position\":1,\"name\":\"Home\",\"item\":\"https:\\\/\\\/3coty.com\\\/cs\\\/\"},{\"@type\":\"ListItem\",\"position\":2,\"name\":\"OBCHOD\",\"item\":\"https:\\\/\\\/3coty.com\\\/cs\\\/shop\\\/\"},{\"@type\":\"ListItem\",\"position\":3,\"name\":\"98. PODPORA CHUTI K J\u00cdDLU 080\"}]},{\"@type\":\"WebSite\",\"@id\":\"https:\\\/\\\/3coty.com\\\/cs\\\/#website\",\"url\":\"https:\\\/\\\/3coty.com\\\/cs\\\/\",\"name\":\"3coty\u00ae\",\"description\":\"Meat-only Cat Food\",\"publisher\":{\"@id\":\"https:\\\/\\\/3coty.com\\\/cs\\\/#organization\"},\"potentialAction\":[{\"@type\":\"SearchAction\",\"target\":{\"@type\":\"EntryPoint\",\"urlTemplate\":\"https:\\\/\\\/3coty.com\\\/cs\\\/?s={search_term_string}\"},\"query-input\":{\"@type\":\"PropertyValueSpecification\",\"valueRequired\":true,\"valueName\":\"search_term_string\"}}],\"inLanguage\":\"cs\"},{\"@type\":\"Organization\",\"@id\":\"https:\\\/\\\/3coty.com\\\/cs\\\/#organization\",\"name\":\"3coty\u00ae\",\"alternateName\":\"3coty\",\"url\":\"https:\\\/\\\/3coty.com\\\/cs\\\/\",\"logo\":{\"@type\":\"ImageObject\",\"inLanguage\":\"cs\",\"@id\":\"https:\\\/\\\/3coty.com\\\/cs\\\/#\\\/schema\\\/logo\\\/image\\\/\",\"url\":\"https:\\\/\\\/3coty.com\\\/wp-content\\\/uploads\\\/2025\\\/05\\\/icon-3coty-logo.svg\",\"contentUrl\":\"https:\\\/\\\/3coty.com\\\/wp-content\\\/uploads\\\/2025\\\/05\\\/icon-3coty-logo.svg\",\"width\":283,\"height\":283,\"caption\":\"3coty\u00ae\"},\"image\":{\"@id\":\"https:\\\/\\\/3coty.com\\\/cs\\\/#\\\/schema\\\/logo\\\/image\\\/\"},\"sameAs\":[\"https:\\\/\\\/www.facebook.com\\\/3coty\",\"https:\\\/\\\/x.com\\\/3cotyCom\",\"https:\\\/\\\/www.instagram.com\\\/3coty\",\"https:\\\/\\\/www.linkedin.com\\\/company\\\/3coty\",\"https:\\\/\\\/www.youtube.com\\\/@3coty\"]}]}<\/script>\n<meta property=\"product:price:amount\" content=\"15.00\" \/>\n<meta property=\"product:price:currency\" content=\"EUR\" \/>\n<meta property=\"og:availability\" content=\"instock\" \/>\n<meta property=\"product:availability\" content=\"instock\" \/>\n<meta property=\"product:retailer_item_id\" content=\"100J 98AS \/ 5901785318944\" \/>\n<meta property=\"product:condition\" content=\"new\" \/>\n<!-- \/ Yoast SEO Premium plugin. -->","yoast_head_json":{"title":"98. PODPORA CHUTI K J\u00cdDLU 080 (80g) | Pro v\u0161echny ko\u010dky | 3coty\u00ae P\u0159\u00edrodn\u00ed dopl\u0148kov\u00e9 krmivo pro ko\u010dky","description":"Dopl\u0148kov\u00e1 posypka pro ko\u010dky se sn\u00ed\u017eenou chut\u00ed k j\u00eddlu, s nutri\u010dn\u00edmi kvasnicemi a taurinem, kter\u00e1 pom\u00e1h\u00e1 obnovit pravideln\u00e9 stravov\u00e1n\u00ed.","robots":{"index":"index","follow":"follow","max-snippet":"max-snippet:-1","max-image-preview":"max-image-preview:large","max-video-preview":"max-video-preview:-1"},"canonical":"https:\/\/3coty.com\/cs\/p\/98-appetite-support-080\/","og_locale":"cs_CZ","og_type":"article","og_title":"98. PODPORA CHUTI K J\u00cdDLU 080 (80g) | Pro v\u0161echny ko\u010dky | 3coty\u00ae P\u0159\u00edrodn\u00ed dopl\u0148kov\u00e9 krmivo pro ko\u010dky","og_description":"Dopl\u0148kov\u00e1 posypka pro ko\u010dky se sn\u00ed\u017eenou chut\u00ed k j\u00eddlu, s nutri\u010dn\u00edmi kvasnicemi a taurinem, kter\u00e1 pom\u00e1h\u00e1 obnovit pravideln\u00e9 stravov\u00e1n\u00ed.","og_url":"https:\/\/3coty.com\/cs\/p\/98-appetite-support-080\/","og_site_name":"3coty\u00ae","article_publisher":"https:\/\/www.facebook.com\/3coty","article_modified_time":"2026-04-18T15:59:02+00:00","og_image":[{"width":1200,"height":630,"url":"https:\/\/3coty.com\/wp-content\/uploads\/2026\/04\/3coty-98-appetite-support-complementary-cat-food.jpg","type":"image\/jpeg"}],"twitter_card":"summary_large_image","twitter_title":"98. PODPORA CHUTI K J\u00cdDLU 080 (80g) | Pro v\u0161echny ko\u010dky | 3coty\u00ae P\u0159\u00edrodn\u00ed dopl\u0148kov\u00e9 krmivo pro ko\u010dky","twitter_description":"Dopl\u0148kov\u00e1 posypka pro ko\u010dky se sn\u00ed\u017eenou chut\u00ed k j\u00eddlu, s nutri\u010dn\u00edmi kvasnicemi a taurinem, kter\u00e1 pom\u00e1h\u00e1 obnovit pravideln\u00e9 stravov\u00e1n\u00ed.","twitter_site":"@3cotyCom","twitter_misc":{"Cena":"\u20ac&nbsp;15.00","Dostupnost":"Skladem"},"schema":{"@context":"https:\/\/schema.org","@graph":[{"@type":"WebPage","@id":"https:\/\/3coty.com\/cs\/p\/98-appetite-support-080\/","url":"https:\/\/3coty.com\/cs\/p\/98-appetite-support-080\/","name":"98. PODPORA CHUTI K J\u00cdDLU 080 (80g) | Pro v\u0161echny ko\u010dky | 3coty\u00ae P\u0159\u00edrodn\u00ed dopl\u0148kov\u00e9 krmivo pro ko\u010dky","isPartOf":{"@id":"https:\/\/3coty.com\/cs\/#website"},"primaryImageOfPage":{"@id":"https:\/\/3coty.com\/cs\/p\/98-appetite-support-080\/#primaryimage"},"image":{"@id":"https:\/\/3coty.com\/cs\/p\/98-appetite-support-080\/#primaryimage"},"thumbnailUrl":"https:\/\/3coty.com\/wp-content\/uploads\/2026\/03\/3coty-product-98-01.jpg","datePublished":"2026-04-18T15:50:27+00:00","dateModified":"2026-04-18T15:59:02+00:00","description":"Dopl\u0148kov\u00e1 posypka pro ko\u010dky se sn\u00ed\u017eenou chut\u00ed k j\u00eddlu, s nutri\u010dn\u00edmi kvasnicemi a taurinem, kter\u00e1 pom\u00e1h\u00e1 obnovit pravideln\u00e9 stravov\u00e1n\u00ed.","breadcrumb":{"@id":"https:\/\/3coty.com\/cs\/p\/98-appetite-support-080\/#breadcrumb"},"inLanguage":"cs","potentialAction":[{"@type":"ReadAction","target":["https:\/\/3coty.com\/cs\/p\/98-appetite-support-080\/"]}]},{"@type":"ImageObject","inLanguage":"cs","@id":"https:\/\/3coty.com\/cs\/p\/98-appetite-support-080\/#primaryimage","url":"https:\/\/3coty.com\/wp-content\/uploads\/2026\/03\/3coty-product-98-01.jpg","contentUrl":"https:\/\/3coty.com\/wp-content\/uploads\/2026\/03\/3coty-product-98-01.jpg","width":1024,"height":1024},{"@type":"BreadcrumbList","@id":"https:\/\/3coty.com\/cs\/p\/98-appetite-support-080\/#breadcrumb","itemListElement":[{"@type":"ListItem","position":1,"name":"Home","item":"https:\/\/3coty.com\/cs\/"},{"@type":"ListItem","position":2,"name":"OBCHOD","item":"https:\/\/3coty.com\/cs\/shop\/"},{"@type":"ListItem","position":3,"name":"98. PODPORA CHUTI K J\u00cdDLU 080"}]},{"@type":"WebSite","@id":"https:\/\/3coty.com\/cs\/#website","url":"https:\/\/3coty.com\/cs\/","name":"3coty\u00ae","description":"Meat-only Cat Food","publisher":{"@id":"https:\/\/3coty.com\/cs\/#organization"},"potentialAction":[{"@type":"SearchAction","target":{"@type":"EntryPoint","urlTemplate":"https:\/\/3coty.com\/cs\/?s={search_term_string}"},"query-input":{"@type":"PropertyValueSpecification","valueRequired":true,"valueName":"search_term_string"}}],"inLanguage":"cs"},{"@type":"Organization","@id":"https:\/\/3coty.com\/cs\/#organization","name":"3coty\u00ae","alternateName":"3coty","url":"https:\/\/3coty.com\/cs\/","logo":{"@type":"ImageObject","inLanguage":"cs","@id":"https:\/\/3coty.com\/cs\/#\/schema\/logo\/image\/","url":"https:\/\/3coty.com\/wp-content\/uploads\/2025\/05\/icon-3coty-logo.svg","contentUrl":"https:\/\/3coty.com\/wp-content\/uploads\/2025\/05\/icon-3coty-logo.svg","width":283,"height":283,"caption":"3coty\u00ae"},"image":{"@id":"https:\/\/3coty.com\/cs\/#\/schema\/logo\/image\/"},"sameAs":["https:\/\/www.facebook.com\/3coty","https:\/\/x.com\/3cotyCom","https:\/\/www.instagram.com\/3coty","https:\/\/www.linkedin.com\/company\/3coty","https:\/\/www.youtube.com\/@3coty"]}]},"product_price_amount":"15.00","product_price_currency":"EUR","og_availability":"instock","product_availability":"instock","product_retailer_item_id":"100J 98AS \/ 5901785318944","product_condition":"new"},"_links":{"self":[{"href":"https:\/\/3coty.com\/cs\/wp-json\/wp\/v2\/product\/83969","targetHints":{"allow":["GET"]}}],"collection":[{"href":"https:\/\/3coty.com\/cs\/wp-json\/wp\/v2\/product"}],"about":[{"href":"https:\/\/3coty.com\/cs\/wp-json\/wp\/v2\/types\/product"}],"version-history":[{"count":3,"href":"https:\/\/3coty.com\/cs\/wp-json\/wp\/v2\/product\/83969\/revisions"}],"predecessor-version":[{"id":84023,"href":"https:\/\/3coty.com\/cs\/wp-json\/wp\/v2\/product\/83969\/revisions\/84023"}],"wp:featuredmedia":[{"embeddable":true,"href":"https:\/\/3coty.com\/cs\/wp-json\/wp\/v2\/media\/83746"}],"wp:attachment":[{"href":"https:\/\/3coty.com\/cs\/wp-json\/wp\/v2\/media?parent=83969"}],"wp:term":[{"taxonomy":"product_brand","embeddable":true,"href":"https:\/\/3coty.com\/cs\/wp-json\/wp\/v2\/product_brand?post=83969"},{"taxonomy":"product_cat","embeddable":true,"href":"https:\/\/3coty.com\/cs\/wp-json\/wp\/v2\/product_cat?post=83969"},{"taxonomy":"product_tag","embeddable":true,"href":"https:\/\/3coty.com\/cs\/wp-json\/wp\/v2\/product_tag?post=83969"}],"curies":[{"name":"wp","href":"https:\/\/api.w.org\/{rel}","templated":true}]}}