{"id":33986,"date":"2025-05-26T20:00:09","date_gmt":"2025-05-26T20:00:09","guid":{"rendered":"https:\/\/3coty.com\/p\/52-chicken-080\/"},"modified":"2026-04-16T09:01:24","modified_gmt":"2026-04-16T09:01:24","slug":"52-chicken-080","status":"publish","type":"product","link":"https:\/\/3coty.com\/cs\/p\/52-chicken-080\/","title":{"rendered":"52. KU\u0158E Struvite Care 080"},"content":{"rendered":"<p><a href=\"https:\/\/3coty.com\/wp-content\/uploads\/2025\/07\/3coty-p-52-tab-1.svg\"><img fetchpriority=\"high\" decoding=\"async\" class=\"alignnone size-full wp-image-45105\" role=\"img\" src=\"https:\/\/3coty.com\/wp-content\/uploads\/2025\/07\/3coty-p-52-tab-1.svg\" alt=\"\" width=\"283\" height=\"283\" \/><\/a><\/p>\n<h2>P\u0158\u00cdRODN\u00cd A KOMPLETN\u00cd KRMIVO PRO KO\u010cKY 3COTY\u00ae<\/h2>\n<p><strong>100% P\u0158\u00cdRODN\u00cdCH MASOV\u00ddCH SUROVIN a \u017eivo\u010di\u0161n\u00e9 deriv\u00e1ty va\u0159en\u00e9 ve vlastn\u00edm v\u00fd\u017eivn\u00e9m v\u00fdvaru<\/strong><\/p>\n<p><strong>P\u0158IROZEN\u00c1 STRAVA PRO KO\u010cKY S CITLIV\u00ddMI MO\u010cOV\u00ddMI CESTAMI | P\u0159isp\u00edv\u00e1 ke spr\u00e1vn\u00e9 funkci mo\u010dov\u00fdch cest<\/strong><\/p>\n<p>Po \u00fasp\u011bchu na\u0161eho krmiva 51. KR\u016eTA Struvite Care n\u00e1s majitel\u00e9 ko\u010dek po\u017e\u00e1dali, abychom vytvo\u0159ili variantu se stejn\u00fdm zam\u011b\u0159en\u00edm na podporu optim\u00e1ln\u00ed hladiny pH mo\u010di, tentokr\u00e1t na b\u00e1zi ku\u0159ec\u00edho masa. V\u017edy v\u00edt\u00e1me zp\u011btnou vazbu od na\u0161ich z\u00e1kazn\u00edk\u016f, a proto jsme toto krmivo za\u0159adili do na\u0161\u00ed \u0159ady pro ko\u010dky se speci\u00e1ln\u00edmi pot\u0159ebami. Je vhodn\u00e9 pro dosp\u011bl\u00e9 ko\u010dky a jeho drcen\u00e1 textura mu dod\u00e1v\u00e1 jemnou strukturu s kousky. Kompletn\u00ed udr\u017eovac\u00ed krmivo pro ko\u010dky v\u0161ech v\u011bkov\u00fdch kategori\u00ed.<\/p>\n<p>Kompletn\u00ed krmivo s ide\u00e1ln\u00edm pH pro ko\u010dky se sklonem k tvorb\u011b mo\u010dov\u00fdch krystal\u016f a struvitov\u00fdch kamen\u016f.<\/p>\n","protected":false},"excerpt":{"rendered":"<p><a href=\"https:\/\/3coty.com\/wp-content\/uploads\/2025\/07\/3coty-p-52-description-1.svg\"><img decoding=\"async\" class=\"alignnone size-medium wp-image-45069\" role=\"img\" src=\"https:\/\/3coty.com\/wp-content\/uploads\/2025\/07\/3coty-p-52-description-1.svg\" alt=\"\" width=\"300\" height=\"300\" \/><\/a><\/p>\n<p><strong>PRO KO\u010cKY S CITLIV\u00ddM MO\u010cOV\u00ddM \u00daSTROJ\u00cdM<\/strong> | DRCEN\u00dd | MONOPROTEINOV\u00c9 KRMIVO PRO KO\u010cKY<\/p>\n<p><a href=\"https:\/\/3coty.com\/wp-content\/uploads\/2025\/07\/3coty-p-52-description-2.svg\"><img decoding=\"async\" class=\"alignnone size-full wp-image-45087\" role=\"img\" src=\"https:\/\/3coty.com\/wp-content\/uploads\/2025\/07\/3coty-p-52-description-2.svg\" alt=\"\" width=\"506\" height=\"85\" \/><\/a><\/p>\n","protected":false},"featured_media":44926,"template":"","meta":{"_acf_changed":false},"product_brand":[],"product_cat":[417],"product_tag":[1201],"class_list":{"0":"post-33986","1":"product","2":"type-product","3":"status-publish","4":"has-post-thumbnail","6":"product_cat-well-being","7":"product_tag-52ch","9":"first","10":"instock","11":"featured","12":"taxable","13":"shipping-taxable","14":"purchasable","15":"product-type-simple"},"acf":[],"yoast_head":"<!-- This site is optimized with the Yoast SEO Premium plugin v27.4 (Yoast SEO v27.4) - https:\/\/yoast.com\/product\/yoast-seo-premium-wordpress\/ -->\n<title>52. KU\u0158E Struvite Care 080 - 3coty\u00ae<\/title>\n<meta name=\"robots\" content=\"index, follow, max-snippet:-1, max-image-preview:large, max-video-preview:-1\" \/>\n<link rel=\"canonical\" href=\"https:\/\/3coty.com\/cs\/p\/52-chicken-080\/\" \/>\n<meta property=\"og:locale\" content=\"cs_CZ\" \/>\n<meta property=\"og:type\" content=\"article\" \/>\n<meta property=\"og:title\" content=\"52. KU\u0158E Struvite Care 080\" \/>\n<meta property=\"og:description\" content=\"PRO KO\u010cKY S CITLIV\u00ddM MO\u010cOV\u00ddM \u00daSTROJ\u00cdM | DRCEN\u00dd | MONOPROTEINOV\u00c9 KRMIVO PRO KO\u010cKY\" \/>\n<meta property=\"og:url\" content=\"https:\/\/3coty.com\/cs\/p\/52-chicken-080\/\" \/>\n<meta property=\"og:site_name\" content=\"3coty\u00ae\" \/>\n<meta property=\"article:publisher\" content=\"https:\/\/www.facebook.com\/3coty\" \/>\n<meta property=\"article:modified_time\" content=\"2026-04-16T09:01:24+00:00\" \/>\n<meta property=\"og:image\" content=\"https:\/\/3coty.com\/wp-content\/uploads\/2025\/07\/3coty-p-52-080-01.jpg\" \/>\n\t<meta property=\"og:image:width\" content=\"1024\" \/>\n\t<meta property=\"og:image:height\" content=\"1024\" \/>\n\t<meta property=\"og:image:type\" content=\"image\/jpeg\" \/>\n<meta name=\"twitter:card\" content=\"summary_large_image\" \/>\n<meta name=\"twitter:site\" content=\"@3cotyCom\" \/>\n<meta name=\"twitter:label1\" content=\"Cena\" \/>\n\t<meta name=\"twitter:data1\" content=\"\u20ac&nbsp;2.50\" \/>\n\t<meta name=\"twitter:label2\" content=\"Dostupnost\" \/>\n\t<meta name=\"twitter:data2\" content=\"Skladem\" \/>\n<script type=\"application\/ld+json\" class=\"yoast-schema-graph\">{\"@context\":\"https:\\\/\\\/schema.org\",\"@graph\":[{\"@type\":\"WebPage\",\"@id\":\"https:\\\/\\\/3coty.com\\\/cs\\\/p\\\/52-chicken-080\\\/\",\"url\":\"https:\\\/\\\/3coty.com\\\/cs\\\/p\\\/52-chicken-080\\\/\",\"name\":\"52. KU\u0158E Struvite Care 080 - 3coty\u00ae\",\"isPartOf\":{\"@id\":\"https:\\\/\\\/3coty.com\\\/cs\\\/#website\"},\"primaryImageOfPage\":{\"@id\":\"https:\\\/\\\/3coty.com\\\/cs\\\/p\\\/52-chicken-080\\\/#primaryimage\"},\"image\":{\"@id\":\"https:\\\/\\\/3coty.com\\\/cs\\\/p\\\/52-chicken-080\\\/#primaryimage\"},\"thumbnailUrl\":\"https:\\\/\\\/3coty.com\\\/wp-content\\\/uploads\\\/2025\\\/07\\\/3coty-p-52-080-01.jpg\",\"datePublished\":\"2025-05-26T20:00:09+00:00\",\"dateModified\":\"2026-04-16T09:01:24+00:00\",\"breadcrumb\":{\"@id\":\"https:\\\/\\\/3coty.com\\\/cs\\\/p\\\/52-chicken-080\\\/#breadcrumb\"},\"inLanguage\":\"cs\",\"potentialAction\":[{\"@type\":\"ReadAction\",\"target\":[\"https:\\\/\\\/3coty.com\\\/cs\\\/p\\\/52-chicken-080\\\/\"]}]},{\"@type\":\"ImageObject\",\"inLanguage\":\"cs\",\"@id\":\"https:\\\/\\\/3coty.com\\\/cs\\\/p\\\/52-chicken-080\\\/#primaryimage\",\"url\":\"https:\\\/\\\/3coty.com\\\/wp-content\\\/uploads\\\/2025\\\/07\\\/3coty-p-52-080-01.jpg\",\"contentUrl\":\"https:\\\/\\\/3coty.com\\\/wp-content\\\/uploads\\\/2025\\\/07\\\/3coty-p-52-080-01.jpg\",\"width\":1024,\"height\":1024},{\"@type\":\"BreadcrumbList\",\"@id\":\"https:\\\/\\\/3coty.com\\\/cs\\\/p\\\/52-chicken-080\\\/#breadcrumb\",\"itemListElement\":[{\"@type\":\"ListItem\",\"position\":1,\"name\":\"Home\",\"item\":\"https:\\\/\\\/3coty.com\\\/cs\\\/\"},{\"@type\":\"ListItem\",\"position\":2,\"name\":\"OBCHOD\",\"item\":\"https:\\\/\\\/3coty.com\\\/cs\\\/shop\\\/\"},{\"@type\":\"ListItem\",\"position\":3,\"name\":\"52. KU\u0158E Struvite Care 080\"}]},{\"@type\":\"WebSite\",\"@id\":\"https:\\\/\\\/3coty.com\\\/cs\\\/#website\",\"url\":\"https:\\\/\\\/3coty.com\\\/cs\\\/\",\"name\":\"3coty\u00ae\",\"description\":\"Meat-only Cat Food\",\"publisher\":{\"@id\":\"https:\\\/\\\/3coty.com\\\/cs\\\/#organization\"},\"potentialAction\":[{\"@type\":\"SearchAction\",\"target\":{\"@type\":\"EntryPoint\",\"urlTemplate\":\"https:\\\/\\\/3coty.com\\\/cs\\\/?s={search_term_string}\"},\"query-input\":{\"@type\":\"PropertyValueSpecification\",\"valueRequired\":true,\"valueName\":\"search_term_string\"}}],\"inLanguage\":\"cs\"},{\"@type\":\"Organization\",\"@id\":\"https:\\\/\\\/3coty.com\\\/cs\\\/#organization\",\"name\":\"3coty\u00ae\",\"alternateName\":\"3coty\",\"url\":\"https:\\\/\\\/3coty.com\\\/cs\\\/\",\"logo\":{\"@type\":\"ImageObject\",\"inLanguage\":\"cs\",\"@id\":\"https:\\\/\\\/3coty.com\\\/cs\\\/#\\\/schema\\\/logo\\\/image\\\/\",\"url\":\"https:\\\/\\\/3coty.com\\\/wp-content\\\/uploads\\\/2025\\\/05\\\/icon-3coty-logo.svg\",\"contentUrl\":\"https:\\\/\\\/3coty.com\\\/wp-content\\\/uploads\\\/2025\\\/05\\\/icon-3coty-logo.svg\",\"width\":283,\"height\":283,\"caption\":\"3coty\u00ae\"},\"image\":{\"@id\":\"https:\\\/\\\/3coty.com\\\/cs\\\/#\\\/schema\\\/logo\\\/image\\\/\"},\"sameAs\":[\"https:\\\/\\\/www.facebook.com\\\/3coty\",\"https:\\\/\\\/x.com\\\/3cotyCom\",\"https:\\\/\\\/www.instagram.com\\\/3coty\",\"https:\\\/\\\/www.linkedin.com\\\/company\\\/3coty\",\"https:\\\/\\\/www.youtube.com\\\/@3coty\"]}]}<\/script>\n<meta property=\"product:price:amount\" content=\"2.50\" \/>\n<meta property=\"product:price:currency\" content=\"EUR\" \/>\n<meta property=\"og:availability\" content=\"instock\" \/>\n<meta property=\"product:availability\" content=\"instock\" \/>\n<meta property=\"product:retailer_item_id\" content=\"080T 52CH \/ 5901785318708\" \/>\n<meta property=\"product:condition\" content=\"new\" \/>\n<!-- \/ Yoast SEO Premium plugin. -->","yoast_head_json":{"title":"52. KU\u0158E Struvite Care 080 - 3coty\u00ae","robots":{"index":"index","follow":"follow","max-snippet":"max-snippet:-1","max-image-preview":"max-image-preview:large","max-video-preview":"max-video-preview:-1"},"canonical":"https:\/\/3coty.com\/cs\/p\/52-chicken-080\/","og_locale":"cs_CZ","og_type":"article","og_title":"52. KU\u0158E Struvite Care 080","og_description":"PRO KO\u010cKY S CITLIV\u00ddM MO\u010cOV\u00ddM \u00daSTROJ\u00cdM | DRCEN\u00dd | MONOPROTEINOV\u00c9 KRMIVO PRO KO\u010cKY","og_url":"https:\/\/3coty.com\/cs\/p\/52-chicken-080\/","og_site_name":"3coty\u00ae","article_publisher":"https:\/\/www.facebook.com\/3coty","article_modified_time":"2026-04-16T09:01:24+00:00","og_image":[{"width":1024,"height":1024,"url":"https:\/\/3coty.com\/wp-content\/uploads\/2025\/07\/3coty-p-52-080-01.jpg","type":"image\/jpeg"}],"twitter_card":"summary_large_image","twitter_site":"@3cotyCom","twitter_misc":{"Cena":"\u20ac&nbsp;2.50","Dostupnost":"Skladem"},"schema":{"@context":"https:\/\/schema.org","@graph":[{"@type":"WebPage","@id":"https:\/\/3coty.com\/cs\/p\/52-chicken-080\/","url":"https:\/\/3coty.com\/cs\/p\/52-chicken-080\/","name":"52. KU\u0158E Struvite Care 080 - 3coty\u00ae","isPartOf":{"@id":"https:\/\/3coty.com\/cs\/#website"},"primaryImageOfPage":{"@id":"https:\/\/3coty.com\/cs\/p\/52-chicken-080\/#primaryimage"},"image":{"@id":"https:\/\/3coty.com\/cs\/p\/52-chicken-080\/#primaryimage"},"thumbnailUrl":"https:\/\/3coty.com\/wp-content\/uploads\/2025\/07\/3coty-p-52-080-01.jpg","datePublished":"2025-05-26T20:00:09+00:00","dateModified":"2026-04-16T09:01:24+00:00","breadcrumb":{"@id":"https:\/\/3coty.com\/cs\/p\/52-chicken-080\/#breadcrumb"},"inLanguage":"cs","potentialAction":[{"@type":"ReadAction","target":["https:\/\/3coty.com\/cs\/p\/52-chicken-080\/"]}]},{"@type":"ImageObject","inLanguage":"cs","@id":"https:\/\/3coty.com\/cs\/p\/52-chicken-080\/#primaryimage","url":"https:\/\/3coty.com\/wp-content\/uploads\/2025\/07\/3coty-p-52-080-01.jpg","contentUrl":"https:\/\/3coty.com\/wp-content\/uploads\/2025\/07\/3coty-p-52-080-01.jpg","width":1024,"height":1024},{"@type":"BreadcrumbList","@id":"https:\/\/3coty.com\/cs\/p\/52-chicken-080\/#breadcrumb","itemListElement":[{"@type":"ListItem","position":1,"name":"Home","item":"https:\/\/3coty.com\/cs\/"},{"@type":"ListItem","position":2,"name":"OBCHOD","item":"https:\/\/3coty.com\/cs\/shop\/"},{"@type":"ListItem","position":3,"name":"52. KU\u0158E Struvite Care 080"}]},{"@type":"WebSite","@id":"https:\/\/3coty.com\/cs\/#website","url":"https:\/\/3coty.com\/cs\/","name":"3coty\u00ae","description":"Meat-only Cat Food","publisher":{"@id":"https:\/\/3coty.com\/cs\/#organization"},"potentialAction":[{"@type":"SearchAction","target":{"@type":"EntryPoint","urlTemplate":"https:\/\/3coty.com\/cs\/?s={search_term_string}"},"query-input":{"@type":"PropertyValueSpecification","valueRequired":true,"valueName":"search_term_string"}}],"inLanguage":"cs"},{"@type":"Organization","@id":"https:\/\/3coty.com\/cs\/#organization","name":"3coty\u00ae","alternateName":"3coty","url":"https:\/\/3coty.com\/cs\/","logo":{"@type":"ImageObject","inLanguage":"cs","@id":"https:\/\/3coty.com\/cs\/#\/schema\/logo\/image\/","url":"https:\/\/3coty.com\/wp-content\/uploads\/2025\/05\/icon-3coty-logo.svg","contentUrl":"https:\/\/3coty.com\/wp-content\/uploads\/2025\/05\/icon-3coty-logo.svg","width":283,"height":283,"caption":"3coty\u00ae"},"image":{"@id":"https:\/\/3coty.com\/cs\/#\/schema\/logo\/image\/"},"sameAs":["https:\/\/www.facebook.com\/3coty","https:\/\/x.com\/3cotyCom","https:\/\/www.instagram.com\/3coty","https:\/\/www.linkedin.com\/company\/3coty","https:\/\/www.youtube.com\/@3coty"]}]},"product_price_amount":"2.50","product_price_currency":"EUR","og_availability":"instock","product_availability":"instock","product_retailer_item_id":"080T 52CH \/ 5901785318708","product_condition":"new"},"_links":{"self":[{"href":"https:\/\/3coty.com\/cs\/wp-json\/wp\/v2\/product\/33986","targetHints":{"allow":["GET"]}}],"collection":[{"href":"https:\/\/3coty.com\/cs\/wp-json\/wp\/v2\/product"}],"about":[{"href":"https:\/\/3coty.com\/cs\/wp-json\/wp\/v2\/types\/product"}],"version-history":[{"count":4,"href":"https:\/\/3coty.com\/cs\/wp-json\/wp\/v2\/product\/33986\/revisions"}],"predecessor-version":[{"id":45486,"href":"https:\/\/3coty.com\/cs\/wp-json\/wp\/v2\/product\/33986\/revisions\/45486"}],"wp:featuredmedia":[{"embeddable":true,"href":"https:\/\/3coty.com\/cs\/wp-json\/wp\/v2\/media\/44926"}],"wp:attachment":[{"href":"https:\/\/3coty.com\/cs\/wp-json\/wp\/v2\/media?parent=33986"}],"wp:term":[{"taxonomy":"product_brand","embeddable":true,"href":"https:\/\/3coty.com\/cs\/wp-json\/wp\/v2\/product_brand?post=33986"},{"taxonomy":"product_cat","embeddable":true,"href":"https:\/\/3coty.com\/cs\/wp-json\/wp\/v2\/product_cat?post=33986"},{"taxonomy":"product_tag","embeddable":true,"href":"https:\/\/3coty.com\/cs\/wp-json\/wp\/v2\/product_tag?post=33986"}],"curies":[{"name":"wp","href":"https:\/\/api.w.org\/{rel}","templated":true}]}}