{"id":33983,"date":"2025-05-26T19:08:55","date_gmt":"2025-05-26T19:08:55","guid":{"rendered":"https:\/\/3coty.com\/p\/48-chicken-780\/"},"modified":"2026-04-13T12:14:34","modified_gmt":"2026-04-13T12:14:34","slug":"48-chicken-780","status":"publish","type":"product","link":"https:\/\/3coty.com\/cs\/p\/48-chicken-780\/","title":{"rendered":"48. KU\u0158E 780"},"content":{"rendered":"<p><a href=\"https:\/\/3coty.com\/wp-content\/uploads\/2025\/07\/3coty-p-48-tab-1.svg\"><img fetchpriority=\"high\" decoding=\"async\" class=\"alignnone size-medium wp-image-45669\" role=\"img\" src=\"https:\/\/3coty.com\/wp-content\/uploads\/2025\/07\/3coty-p-48-tab-1.svg\" alt=\"\" width=\"300\" height=\"300\" \/><\/a><\/p>\n<h2>P\u0158\u00cdRODN\u00cd A KOMPLETN\u00cd KRMIVO PRO KO\u010cKY 3COTY\u00ae<\/h2>\n<p><strong>98,5% P\u0158\u00cdRODN\u00cdCH MASOV\u00ddCH SUROVIN a \u017eivo\u010di\u0161n\u00e9 deriv\u00e1ty va\u0159en\u00e9 ve vlastn\u00edm v\u00fd\u017eivn\u00e9m v\u00fdvaru, 1% HN\u011aD\u00c9 \u0158ASY, 0,5 % SPIRULINY<\/strong><\/p>\n<p>Toto p\u0159\u00edrodn\u00ed mokr\u00e9 krmivo pro ko\u010dky, formulovan\u00e9 jako p\u011bna, nevy\u017eaduje \u017ev\u00fdk\u00e1n\u00ed a umo\u017e\u0148uje 100% masovou stravu pro ko\u010dky, kter\u00e9 mohou p\u0159ij\u00edt o zuby. Obsah 1% hn\u011bd\u00e9 \u0159asy podporuje tr\u00e1vic\u00ed syst\u00e9m a pom\u00e1h\u00e1 p\u0159edch\u00e1zet z\u00e1cp\u011b, co\u017e je \u010dast\u00fd probl\u00e9m u star\u0161\u00edch ko\u010dek. P\u0159\u00eddavek 0,5% spiruliny posiluje imunitn\u00ed syst\u00e9m a pom\u00e1h\u00e1 star\u0161\u00edm ko\u010dk\u00e1m l\u00e9pe odol\u00e1vat nemocem.<\/p>\n<p>P\u011bnov\u00e9 mokr\u00e9 krmivo s ku\u0159ec\u00edm masem a spirulinou pro star\u0161\u00ed ko\u010dky, obohacen\u00e9 o hn\u011bdou \u0159asu pro podporu tr\u00e1ven\u00ed.<\/p>\n","protected":false},"excerpt":{"rendered":"<p><a href=\"https:\/\/3coty.com\/wp-content\/uploads\/2025\/07\/3coty-p-48-description-1.svg\"><img decoding=\"async\" class=\"alignnone size-medium wp-image-45633\" role=\"img\" src=\"https:\/\/3coty.com\/wp-content\/uploads\/2025\/07\/3coty-p-48-description-1.svg\" alt=\"\" width=\"300\" height=\"300\" \/><\/a><\/p>\n<p><strong>PRO STAR\u0160\u00cd KO\u010cKY<\/strong>\u00a0| P\u011aNA | MONOPROTEINOV\u00c9 KRMIVO PRO KO\u010cKY<br \/>\n<strong>SE SPIRULINOU<\/strong><\/p>\n<p><a href=\"https:\/\/3coty.com\/wp-content\/uploads\/2025\/07\/3coty-p-48-description-2.svg\"><img decoding=\"async\" class=\"alignnone size-full wp-image-45651\" role=\"img\" src=\"https:\/\/3coty.com\/wp-content\/uploads\/2025\/07\/3coty-p-48-description-2.svg\" alt=\"\" width=\"581\" height=\"85\" \/><\/a><\/p>\n","protected":false},"featured_media":45976,"template":"","meta":{"_acf_changed":false},"product_brand":[],"product_cat":[401],"product_tag":[1169],"class_list":{"0":"post-33983","1":"product","2":"type-product","3":"status-publish","4":"has-post-thumbnail","6":"product_cat-for-senior-cats","7":"product_tag-48ch","9":"first","10":"instock","11":"featured","12":"taxable","13":"shipping-taxable","14":"purchasable","15":"product-type-simple"},"acf":[],"yoast_head":"<!-- This site is optimized with the Yoast SEO Premium plugin v27.4 (Yoast SEO v27.4) - https:\/\/yoast.com\/product\/yoast-seo-premium-wordpress\/ -->\n<title>48. KU\u0158E 780 - 3coty\u00ae<\/title>\n<meta name=\"robots\" content=\"index, follow, max-snippet:-1, max-image-preview:large, max-video-preview:-1\" \/>\n<link rel=\"canonical\" href=\"https:\/\/3coty.com\/cs\/p\/48-chicken-780\/\" \/>\n<meta property=\"og:locale\" content=\"cs_CZ\" \/>\n<meta property=\"og:type\" content=\"article\" \/>\n<meta property=\"og:title\" content=\"48. KU\u0158E 780\" \/>\n<meta property=\"og:description\" content=\"PRO STAR\u0160\u00cd KO\u010cKY\u00a0| P\u011aNA | MONOPROTEINOV\u00c9 KRMIVO PRO KO\u010cKY SE SPIRULINOU\" \/>\n<meta property=\"og:url\" content=\"https:\/\/3coty.com\/cs\/p\/48-chicken-780\/\" \/>\n<meta property=\"og:site_name\" content=\"3coty\u00ae\" \/>\n<meta property=\"article:publisher\" content=\"https:\/\/www.facebook.com\/3coty\" \/>\n<meta property=\"article:modified_time\" content=\"2026-04-13T12:14:34+00:00\" \/>\n<meta property=\"og:image\" content=\"https:\/\/3coty.com\/wp-content\/uploads\/2025\/07\/3coty-p-48-780-01.jpg\" \/>\n\t<meta property=\"og:image:width\" content=\"1024\" \/>\n\t<meta property=\"og:image:height\" content=\"1024\" \/>\n\t<meta property=\"og:image:type\" content=\"image\/jpeg\" \/>\n<meta name=\"twitter:card\" content=\"summary_large_image\" \/>\n<meta name=\"twitter:site\" content=\"@3cotyCom\" \/>\n<meta name=\"twitter:label1\" content=\"Cena\" \/>\n\t<meta name=\"twitter:data1\" content=\"\u20ac&nbsp;10.35\" \/>\n\t<meta name=\"twitter:label2\" content=\"Dostupnost\" \/>\n\t<meta name=\"twitter:data2\" content=\"Skladem\" \/>\n<script type=\"application\/ld+json\" class=\"yoast-schema-graph\">{\"@context\":\"https:\\\/\\\/schema.org\",\"@graph\":[{\"@type\":\"WebPage\",\"@id\":\"https:\\\/\\\/3coty.com\\\/cs\\\/p\\\/48-chicken-780\\\/\",\"url\":\"https:\\\/\\\/3coty.com\\\/cs\\\/p\\\/48-chicken-780\\\/\",\"name\":\"48. KU\u0158E 780 - 3coty\u00ae\",\"isPartOf\":{\"@id\":\"https:\\\/\\\/3coty.com\\\/cs\\\/#website\"},\"primaryImageOfPage\":{\"@id\":\"https:\\\/\\\/3coty.com\\\/cs\\\/p\\\/48-chicken-780\\\/#primaryimage\"},\"image\":{\"@id\":\"https:\\\/\\\/3coty.com\\\/cs\\\/p\\\/48-chicken-780\\\/#primaryimage\"},\"thumbnailUrl\":\"https:\\\/\\\/3coty.com\\\/wp-content\\\/uploads\\\/2025\\\/07\\\/3coty-p-48-780-01.jpg\",\"datePublished\":\"2025-05-26T19:08:55+00:00\",\"dateModified\":\"2026-04-13T12:14:34+00:00\",\"breadcrumb\":{\"@id\":\"https:\\\/\\\/3coty.com\\\/cs\\\/p\\\/48-chicken-780\\\/#breadcrumb\"},\"inLanguage\":\"cs\",\"potentialAction\":[{\"@type\":\"ReadAction\",\"target\":[\"https:\\\/\\\/3coty.com\\\/cs\\\/p\\\/48-chicken-780\\\/\"]}]},{\"@type\":\"ImageObject\",\"inLanguage\":\"cs\",\"@id\":\"https:\\\/\\\/3coty.com\\\/cs\\\/p\\\/48-chicken-780\\\/#primaryimage\",\"url\":\"https:\\\/\\\/3coty.com\\\/wp-content\\\/uploads\\\/2025\\\/07\\\/3coty-p-48-780-01.jpg\",\"contentUrl\":\"https:\\\/\\\/3coty.com\\\/wp-content\\\/uploads\\\/2025\\\/07\\\/3coty-p-48-780-01.jpg\",\"width\":1024,\"height\":1024},{\"@type\":\"BreadcrumbList\",\"@id\":\"https:\\\/\\\/3coty.com\\\/cs\\\/p\\\/48-chicken-780\\\/#breadcrumb\",\"itemListElement\":[{\"@type\":\"ListItem\",\"position\":1,\"name\":\"Home\",\"item\":\"https:\\\/\\\/3coty.com\\\/cs\\\/\"},{\"@type\":\"ListItem\",\"position\":2,\"name\":\"OBCHOD\",\"item\":\"https:\\\/\\\/3coty.com\\\/cs\\\/shop\\\/\"},{\"@type\":\"ListItem\",\"position\":3,\"name\":\"48. KU\u0158E 780\"}]},{\"@type\":\"WebSite\",\"@id\":\"https:\\\/\\\/3coty.com\\\/cs\\\/#website\",\"url\":\"https:\\\/\\\/3coty.com\\\/cs\\\/\",\"name\":\"3coty\u00ae\",\"description\":\"Meat-only Cat Food\",\"publisher\":{\"@id\":\"https:\\\/\\\/3coty.com\\\/cs\\\/#organization\"},\"potentialAction\":[{\"@type\":\"SearchAction\",\"target\":{\"@type\":\"EntryPoint\",\"urlTemplate\":\"https:\\\/\\\/3coty.com\\\/cs\\\/?s={search_term_string}\"},\"query-input\":{\"@type\":\"PropertyValueSpecification\",\"valueRequired\":true,\"valueName\":\"search_term_string\"}}],\"inLanguage\":\"cs\"},{\"@type\":\"Organization\",\"@id\":\"https:\\\/\\\/3coty.com\\\/cs\\\/#organization\",\"name\":\"3coty\u00ae\",\"alternateName\":\"3coty\",\"url\":\"https:\\\/\\\/3coty.com\\\/cs\\\/\",\"logo\":{\"@type\":\"ImageObject\",\"inLanguage\":\"cs\",\"@id\":\"https:\\\/\\\/3coty.com\\\/cs\\\/#\\\/schema\\\/logo\\\/image\\\/\",\"url\":\"https:\\\/\\\/3coty.com\\\/wp-content\\\/uploads\\\/2025\\\/05\\\/icon-3coty-logo.svg\",\"contentUrl\":\"https:\\\/\\\/3coty.com\\\/wp-content\\\/uploads\\\/2025\\\/05\\\/icon-3coty-logo.svg\",\"width\":283,\"height\":283,\"caption\":\"3coty\u00ae\"},\"image\":{\"@id\":\"https:\\\/\\\/3coty.com\\\/cs\\\/#\\\/schema\\\/logo\\\/image\\\/\"},\"sameAs\":[\"https:\\\/\\\/www.facebook.com\\\/3coty\",\"https:\\\/\\\/x.com\\\/3cotyCom\",\"https:\\\/\\\/www.instagram.com\\\/3coty\",\"https:\\\/\\\/www.linkedin.com\\\/company\\\/3coty\",\"https:\\\/\\\/www.youtube.com\\\/@3coty\"]}]}<\/script>\n<meta property=\"product:price:amount\" content=\"10.35\" \/>\n<meta property=\"product:price:currency\" content=\"EUR\" \/>\n<meta property=\"og:availability\" content=\"instock\" \/>\n<meta property=\"product:availability\" content=\"instock\" \/>\n<meta property=\"product:retailer_item_id\" content=\"780T 48CH \/ 5901785310085\" \/>\n<meta property=\"product:condition\" content=\"new\" \/>\n<!-- \/ Yoast SEO Premium plugin. -->","yoast_head_json":{"title":"48. KU\u0158E 780 - 3coty\u00ae","robots":{"index":"index","follow":"follow","max-snippet":"max-snippet:-1","max-image-preview":"max-image-preview:large","max-video-preview":"max-video-preview:-1"},"canonical":"https:\/\/3coty.com\/cs\/p\/48-chicken-780\/","og_locale":"cs_CZ","og_type":"article","og_title":"48. KU\u0158E 780","og_description":"PRO STAR\u0160\u00cd KO\u010cKY\u00a0| P\u011aNA | MONOPROTEINOV\u00c9 KRMIVO PRO KO\u010cKY SE SPIRULINOU","og_url":"https:\/\/3coty.com\/cs\/p\/48-chicken-780\/","og_site_name":"3coty\u00ae","article_publisher":"https:\/\/www.facebook.com\/3coty","article_modified_time":"2026-04-13T12:14:34+00:00","og_image":[{"width":1024,"height":1024,"url":"https:\/\/3coty.com\/wp-content\/uploads\/2025\/07\/3coty-p-48-780-01.jpg","type":"image\/jpeg"}],"twitter_card":"summary_large_image","twitter_site":"@3cotyCom","twitter_misc":{"Cena":"\u20ac&nbsp;10.35","Dostupnost":"Skladem"},"schema":{"@context":"https:\/\/schema.org","@graph":[{"@type":"WebPage","@id":"https:\/\/3coty.com\/cs\/p\/48-chicken-780\/","url":"https:\/\/3coty.com\/cs\/p\/48-chicken-780\/","name":"48. KU\u0158E 780 - 3coty\u00ae","isPartOf":{"@id":"https:\/\/3coty.com\/cs\/#website"},"primaryImageOfPage":{"@id":"https:\/\/3coty.com\/cs\/p\/48-chicken-780\/#primaryimage"},"image":{"@id":"https:\/\/3coty.com\/cs\/p\/48-chicken-780\/#primaryimage"},"thumbnailUrl":"https:\/\/3coty.com\/wp-content\/uploads\/2025\/07\/3coty-p-48-780-01.jpg","datePublished":"2025-05-26T19:08:55+00:00","dateModified":"2026-04-13T12:14:34+00:00","breadcrumb":{"@id":"https:\/\/3coty.com\/cs\/p\/48-chicken-780\/#breadcrumb"},"inLanguage":"cs","potentialAction":[{"@type":"ReadAction","target":["https:\/\/3coty.com\/cs\/p\/48-chicken-780\/"]}]},{"@type":"ImageObject","inLanguage":"cs","@id":"https:\/\/3coty.com\/cs\/p\/48-chicken-780\/#primaryimage","url":"https:\/\/3coty.com\/wp-content\/uploads\/2025\/07\/3coty-p-48-780-01.jpg","contentUrl":"https:\/\/3coty.com\/wp-content\/uploads\/2025\/07\/3coty-p-48-780-01.jpg","width":1024,"height":1024},{"@type":"BreadcrumbList","@id":"https:\/\/3coty.com\/cs\/p\/48-chicken-780\/#breadcrumb","itemListElement":[{"@type":"ListItem","position":1,"name":"Home","item":"https:\/\/3coty.com\/cs\/"},{"@type":"ListItem","position":2,"name":"OBCHOD","item":"https:\/\/3coty.com\/cs\/shop\/"},{"@type":"ListItem","position":3,"name":"48. KU\u0158E 780"}]},{"@type":"WebSite","@id":"https:\/\/3coty.com\/cs\/#website","url":"https:\/\/3coty.com\/cs\/","name":"3coty\u00ae","description":"Meat-only Cat Food","publisher":{"@id":"https:\/\/3coty.com\/cs\/#organization"},"potentialAction":[{"@type":"SearchAction","target":{"@type":"EntryPoint","urlTemplate":"https:\/\/3coty.com\/cs\/?s={search_term_string}"},"query-input":{"@type":"PropertyValueSpecification","valueRequired":true,"valueName":"search_term_string"}}],"inLanguage":"cs"},{"@type":"Organization","@id":"https:\/\/3coty.com\/cs\/#organization","name":"3coty\u00ae","alternateName":"3coty","url":"https:\/\/3coty.com\/cs\/","logo":{"@type":"ImageObject","inLanguage":"cs","@id":"https:\/\/3coty.com\/cs\/#\/schema\/logo\/image\/","url":"https:\/\/3coty.com\/wp-content\/uploads\/2025\/05\/icon-3coty-logo.svg","contentUrl":"https:\/\/3coty.com\/wp-content\/uploads\/2025\/05\/icon-3coty-logo.svg","width":283,"height":283,"caption":"3coty\u00ae"},"image":{"@id":"https:\/\/3coty.com\/cs\/#\/schema\/logo\/image\/"},"sameAs":["https:\/\/www.facebook.com\/3coty","https:\/\/x.com\/3cotyCom","https:\/\/www.instagram.com\/3coty","https:\/\/www.linkedin.com\/company\/3coty","https:\/\/www.youtube.com\/@3coty"]}]},"product_price_amount":"10.35","product_price_currency":"EUR","og_availability":"instock","product_availability":"instock","product_retailer_item_id":"780T 48CH \/ 5901785310085","product_condition":"new"},"_links":{"self":[{"href":"https:\/\/3coty.com\/cs\/wp-json\/wp\/v2\/product\/33983","targetHints":{"allow":["GET"]}}],"collection":[{"href":"https:\/\/3coty.com\/cs\/wp-json\/wp\/v2\/product"}],"about":[{"href":"https:\/\/3coty.com\/cs\/wp-json\/wp\/v2\/types\/product"}],"version-history":[{"count":4,"href":"https:\/\/3coty.com\/cs\/wp-json\/wp\/v2\/product\/33983\/revisions"}],"predecessor-version":[{"id":46124,"href":"https:\/\/3coty.com\/cs\/wp-json\/wp\/v2\/product\/33983\/revisions\/46124"}],"wp:featuredmedia":[{"embeddable":true,"href":"https:\/\/3coty.com\/cs\/wp-json\/wp\/v2\/media\/45976"}],"wp:attachment":[{"href":"https:\/\/3coty.com\/cs\/wp-json\/wp\/v2\/media?parent=33983"}],"wp:term":[{"taxonomy":"product_brand","embeddable":true,"href":"https:\/\/3coty.com\/cs\/wp-json\/wp\/v2\/product_brand?post=33983"},{"taxonomy":"product_cat","embeddable":true,"href":"https:\/\/3coty.com\/cs\/wp-json\/wp\/v2\/product_cat?post=33983"},{"taxonomy":"product_tag","embeddable":true,"href":"https:\/\/3coty.com\/cs\/wp-json\/wp\/v2\/product_tag?post=33983"}],"curies":[{"name":"wp","href":"https:\/\/api.w.org\/{rel}","templated":true}]}}