{"id":33899,"date":"2025-05-23T12:14:38","date_gmt":"2025-05-23T12:14:38","guid":{"rendered":"https:\/\/3coty.com\/p\/07-turkey-780\/"},"modified":"2026-03-17T18:46:38","modified_gmt":"2026-03-17T18:46:38","slug":"07-turkey-780","status":"publish","type":"product","link":"https:\/\/3coty.com\/cs\/p\/07-turkey-780\/","title":{"rendered":"07. KR\u016eTA 780"},"content":{"rendered":"<p><a href=\"https:\/\/3coty.com\/wp-content\/uploads\/2025\/07\/3coty-p-07-tab-1.svg\"><img fetchpriority=\"high\" decoding=\"async\" class=\"alignnone size-full wp-image-59665\" role=\"img\" src=\"https:\/\/3coty.com\/wp-content\/uploads\/2025\/07\/3coty-p-07-tab-1.svg\" alt=\"\" width=\"283\" height=\"283\" \/><\/a><\/p>\n<h2>P\u0158\u00cdRODN\u00cd A KOMPLETN\u00cd KRMIVO PRO KO\u010cKY 3COTY\u00ae<\/h2>\n<p><strong>100% P\u0158\u00cdRODN\u00cdCH MASOV\u00ddCH SUROVIN a \u017eivo\u010di\u0161n\u00e9 deriv\u00e1ty va\u0159en\u00e9 ve vlastn\u00edm v\u00fd\u017eivn\u00e9m v\u00fdvaru<\/strong><\/p>\n<p>P\u0159\u00edrodn\u00ed, kompletn\u00ed a vyv\u00e1\u017een\u00e9 monoproteinov\u00e9 krmivo pro ko\u010dky vyroben\u00e9 ze 100% kr\u016fty va\u0159en\u00e9 ve vlastn\u00ed \u0161\u0165\u00e1v\u011b. Je ide\u00e1ln\u00ed pro elimina\u010dn\u00ed dietu p\u0159i podez\u0159en\u00ed na potravinovou alergii. D\u00edky sv\u00e9 drcen\u00e9 konzistenci je obl\u00edben\u00e9 u ko\u010dek, kter\u00e9 r\u00e1dy \u017ev\u00fdkaj\u00ed potravu, podobn\u011b jako ve voln\u00e9 p\u0159\u00edrod\u011b. Krmivo si obl\u00edbily p\u0159edev\u0161\u00edm dosp\u011bl\u00e9 ko\u010dky v\u011bt\u0161\u00edch plemen, jako je beng\u00e1lsk\u00e1 nebo britsk\u00e1 kr\u00e1tkosrst\u00e1, ale pro ko\u0165ata m\u016f\u017ee b\u00fdt obt\u00ed\u017en\u011bj\u0161\u00ed na konzumaci.<\/p>\n<p>V\u011bt\u0161\u00ed kousky drcen\u00e9 kr\u016fty ve vlastn\u00ed \u017eel\u00e9. Monoproteinov\u00e9 krmivo vhodn\u00e9 pro elimina\u010dn\u00ed dietu.<\/p>\n","protected":false},"excerpt":{"rendered":"<p><a href=\"https:\/\/3coty.com\/wp-content\/uploads\/2025\/07\/3coty-p-07-description-1.svg\"><img decoding=\"async\" class=\"alignnone size-medium wp-image-59629\" role=\"img\" src=\"https:\/\/3coty.com\/wp-content\/uploads\/2025\/07\/3coty-p-07-description-1.svg\" alt=\"\" width=\"300\" height=\"300\" \/><\/a><\/p>\n<p><strong>PRO DOSP\u011aL\u00c9 KO\u010cKY<\/strong> | DRCEN\u00dd | MONOPROTEINOV\u00c9 KRMIVO PRO KO\u010cKY<\/p>\n<p><a href=\"https:\/\/3coty.com\/wp-content\/uploads\/2025\/07\/3coty-p-07-description-2.svg\"><img decoding=\"async\" class=\"alignnone size-full wp-image-59647\" role=\"img\" src=\"https:\/\/3coty.com\/wp-content\/uploads\/2025\/07\/3coty-p-07-description-2.svg\" alt=\"\" width=\"506\" height=\"85\" \/><\/a><\/p>\n","protected":false},"featured_media":59382,"template":"","meta":{"_acf_changed":false},"product_brand":[1952],"product_cat":[359],"product_tag":[833],"class_list":{"0":"post-33899","1":"product","2":"type-product","3":"status-publish","4":"has-post-thumbnail","6":"product_brand-3coty","7":"product_cat-for-adult-cats","8":"product_tag-07tu","10":"first","11":"outofstock","12":"featured","13":"taxable","14":"shipping-taxable","15":"purchasable","16":"product-type-simple"},"acf":[],"yoast_head":"<!-- This site is optimized with the Yoast SEO Premium plugin v27.4 (Yoast SEO v27.4) - https:\/\/yoast.com\/product\/yoast-seo-premium-wordpress\/ -->\n<title>07. KR\u016eTA 780 (780g) | Pro dosp\u011bl\u00e9 ko\u010dky | 3coty\u00ae P\u0159\u00edrodn\u00ed Krmivo pro Ko\u010dky 100% Masa<\/title>\n<meta name=\"description\" content=\"Toto monoproteinov\u00e9 mokr\u00e9 krmivo ze 100% drcen\u00e9 kr\u016fty je p\u0159\u00edrodn\u00ed, kompletn\u00ed a vyv\u00e1\u017een\u00e9 a va\u0159\u00ed se ve vlastn\u00ed \u0161\u0165\u00e1v\u011b. Je ide\u00e1ln\u00ed pro dosp\u011bl\u00e9 ko\u010dky na elimina\u010dn\u00ed diet\u011b p\u0159i podez\u0159en\u00ed na potravinovou alergii a zvl\u00e1\u0161t\u011b vhodn\u00e9 pro v\u011bt\u0161\u00ed ko\u010di\u010d\u00ed plemena, kter\u00e1 r\u00e1da \u017ev\u00fdkaj\u00ed v\u011bt\u0161\u00ed kousky masa. Jedin\u00e9 masit\u00e9 krmivo 3coty\u00ae vyroben\u00e9 pouze z masa.\" \/>\n<meta name=\"robots\" content=\"index, follow, max-snippet:-1, max-image-preview:large, max-video-preview:-1\" \/>\n<link rel=\"canonical\" href=\"https:\/\/3coty.com\/cs\/p\/07-turkey-780\/\" \/>\n<meta property=\"og:locale\" content=\"cs_CZ\" \/>\n<meta property=\"og:type\" content=\"article\" \/>\n<meta property=\"og:title\" content=\"07. KR\u016eTA 780 (780g) | Pro dosp\u011bl\u00e9 ko\u010dky | 3coty\u00ae P\u0159\u00edrodn\u00ed Krmivo pro Ko\u010dky 100% Masa\" \/>\n<meta property=\"og:description\" content=\"Toto monoproteinov\u00e9 mokr\u00e9 krmivo ze 100% drcen\u00e9 kr\u016fty je p\u0159\u00edrodn\u00ed, kompletn\u00ed a vyv\u00e1\u017een\u00e9 a va\u0159\u00ed se ve vlastn\u00ed \u0161\u0165\u00e1v\u011b. Je ide\u00e1ln\u00ed pro dosp\u011bl\u00e9 ko\u010dky na elimina\u010dn\u00ed diet\u011b p\u0159i podez\u0159en\u00ed na potravinovou alergii a zvl\u00e1\u0161t\u011b vhodn\u00e9 pro v\u011bt\u0161\u00ed ko\u010di\u010d\u00ed plemena, kter\u00e1 r\u00e1da \u017ev\u00fdkaj\u00ed v\u011bt\u0161\u00ed kousky masa. Jedin\u00e9 masit\u00e9 krmivo 3coty\u00ae vyroben\u00e9 pouze z masa.\" \/>\n<meta property=\"og:url\" content=\"https:\/\/3coty.com\/cs\/p\/07-turkey-780\/\" \/>\n<meta property=\"og:site_name\" content=\"3coty\u00ae\" \/>\n<meta property=\"article:publisher\" content=\"https:\/\/www.facebook.com\/3coty\" \/>\n<meta property=\"article:modified_time\" content=\"2026-03-17T18:46:38+00:00\" \/>\n<meta property=\"og:image\" content=\"https:\/\/3coty.com\/wp-content\/uploads\/2025\/12\/3coty-07-turkey-780-meat-only-cat-food.jpg\" \/>\n\t<meta property=\"og:image:width\" content=\"1200\" \/>\n\t<meta property=\"og:image:height\" content=\"630\" \/>\n\t<meta property=\"og:image:type\" content=\"image\/jpeg\" \/>\n<meta name=\"twitter:card\" content=\"summary_large_image\" \/>\n<meta name=\"twitter:title\" content=\"07. KR\u016eTA 780 (780g) | Pro dosp\u011bl\u00e9 ko\u010dky | 3coty\u00ae P\u0159\u00edrodn\u00ed Krmivo pro Ko\u010dky 100% Masa\" \/>\n<meta name=\"twitter:description\" content=\"Toto monoproteinov\u00e9 mokr\u00e9 krmivo ze 100% drcen\u00e9 kr\u016fty je p\u0159\u00edrodn\u00ed, kompletn\u00ed a vyv\u00e1\u017een\u00e9 a va\u0159\u00ed se ve vlastn\u00ed \u0161\u0165\u00e1v\u011b. Je ide\u00e1ln\u00ed pro dosp\u011bl\u00e9 ko\u010dky na elimina\u010dn\u00ed diet\u011b p\u0159i podez\u0159en\u00ed na potravinovou alergii a zvl\u00e1\u0161t\u011b vhodn\u00e9 pro v\u011bt\u0161\u00ed ko\u010di\u010d\u00ed plemena, kter\u00e1 r\u00e1da \u017ev\u00fdkaj\u00ed v\u011bt\u0161\u00ed kousky masa. Jedin\u00e9 masit\u00e9 krmivo 3coty\u00ae vyroben\u00e9 pouze z masa.\" \/>\n<meta name=\"twitter:image\" content=\"https:\/\/3coty.com\/wp-content\/uploads\/2025\/12\/3coty-07-turkey-780-meat-only-cat-food.jpg\" \/>\n<meta name=\"twitter:site\" content=\"@3cotyCom\" \/>\n<meta name=\"twitter:label1\" content=\"Cena\" \/>\n\t<meta name=\"twitter:data1\" content=\"\u20ac&nbsp;8.50\" \/>\n\t<meta name=\"twitter:label2\" content=\"Dostupnost\" \/>\n\t<meta name=\"twitter:data2\" content=\"Vyprod\u00e1no\" \/>\n<script type=\"application\/ld+json\" class=\"yoast-schema-graph\">{\"@context\":\"https:\\\/\\\/schema.org\",\"@graph\":[{\"@type\":\"WebPage\",\"@id\":\"https:\\\/\\\/3coty.com\\\/cs\\\/p\\\/07-turkey-780\\\/\",\"url\":\"https:\\\/\\\/3coty.com\\\/cs\\\/p\\\/07-turkey-780\\\/\",\"name\":\"07. KR\u016eTA 780 (780g) | Pro dosp\u011bl\u00e9 ko\u010dky | 3coty\u00ae P\u0159\u00edrodn\u00ed Krmivo pro Ko\u010dky 100% Masa\",\"isPartOf\":{\"@id\":\"https:\\\/\\\/3coty.com\\\/cs\\\/#website\"},\"primaryImageOfPage\":{\"@id\":\"https:\\\/\\\/3coty.com\\\/cs\\\/p\\\/07-turkey-780\\\/#primaryimage\"},\"image\":{\"@id\":\"https:\\\/\\\/3coty.com\\\/cs\\\/p\\\/07-turkey-780\\\/#primaryimage\"},\"thumbnailUrl\":\"https:\\\/\\\/3coty.com\\\/wp-content\\\/uploads\\\/2025\\\/07\\\/3coty-p-07-780-01.jpg\",\"datePublished\":\"2025-05-23T12:14:38+00:00\",\"dateModified\":\"2026-03-17T18:46:38+00:00\",\"description\":\"Toto monoproteinov\u00e9 mokr\u00e9 krmivo ze 100% drcen\u00e9 kr\u016fty je p\u0159\u00edrodn\u00ed, kompletn\u00ed a vyv\u00e1\u017een\u00e9 a va\u0159\u00ed se ve vlastn\u00ed \u0161\u0165\u00e1v\u011b. Je ide\u00e1ln\u00ed pro dosp\u011bl\u00e9 ko\u010dky na elimina\u010dn\u00ed diet\u011b p\u0159i podez\u0159en\u00ed na potravinovou alergii a zvl\u00e1\u0161t\u011b vhodn\u00e9 pro v\u011bt\u0161\u00ed ko\u010di\u010d\u00ed plemena, kter\u00e1 r\u00e1da \u017ev\u00fdkaj\u00ed v\u011bt\u0161\u00ed kousky masa. Jedin\u00e9 masit\u00e9 krmivo 3coty\u00ae vyroben\u00e9 pouze z masa.\",\"breadcrumb\":{\"@id\":\"https:\\\/\\\/3coty.com\\\/cs\\\/p\\\/07-turkey-780\\\/#breadcrumb\"},\"inLanguage\":\"cs\",\"potentialAction\":[{\"@type\":\"ReadAction\",\"target\":[\"https:\\\/\\\/3coty.com\\\/cs\\\/p\\\/07-turkey-780\\\/\"]}]},{\"@type\":\"ImageObject\",\"inLanguage\":\"cs\",\"@id\":\"https:\\\/\\\/3coty.com\\\/cs\\\/p\\\/07-turkey-780\\\/#primaryimage\",\"url\":\"https:\\\/\\\/3coty.com\\\/wp-content\\\/uploads\\\/2025\\\/07\\\/3coty-p-07-780-01.jpg\",\"contentUrl\":\"https:\\\/\\\/3coty.com\\\/wp-content\\\/uploads\\\/2025\\\/07\\\/3coty-p-07-780-01.jpg\",\"width\":1024,\"height\":1024},{\"@type\":\"BreadcrumbList\",\"@id\":\"https:\\\/\\\/3coty.com\\\/cs\\\/p\\\/07-turkey-780\\\/#breadcrumb\",\"itemListElement\":[{\"@type\":\"ListItem\",\"position\":1,\"name\":\"Home\",\"item\":\"https:\\\/\\\/3coty.com\\\/cs\\\/\"},{\"@type\":\"ListItem\",\"position\":2,\"name\":\"OBCHOD\",\"item\":\"https:\\\/\\\/3coty.com\\\/cs\\\/shop\\\/\"},{\"@type\":\"ListItem\",\"position\":3,\"name\":\"07. KR\u016eTA 780\"}]},{\"@type\":\"WebSite\",\"@id\":\"https:\\\/\\\/3coty.com\\\/cs\\\/#website\",\"url\":\"https:\\\/\\\/3coty.com\\\/cs\\\/\",\"name\":\"3coty\u00ae\",\"description\":\"Meat-only Cat Food\",\"publisher\":{\"@id\":\"https:\\\/\\\/3coty.com\\\/cs\\\/#organization\"},\"potentialAction\":[{\"@type\":\"SearchAction\",\"target\":{\"@type\":\"EntryPoint\",\"urlTemplate\":\"https:\\\/\\\/3coty.com\\\/cs\\\/?s={search_term_string}\"},\"query-input\":{\"@type\":\"PropertyValueSpecification\",\"valueRequired\":true,\"valueName\":\"search_term_string\"}}],\"inLanguage\":\"cs\"},{\"@type\":\"Organization\",\"@id\":\"https:\\\/\\\/3coty.com\\\/cs\\\/#organization\",\"name\":\"3coty\u00ae\",\"alternateName\":\"3coty\",\"url\":\"https:\\\/\\\/3coty.com\\\/cs\\\/\",\"logo\":{\"@type\":\"ImageObject\",\"inLanguage\":\"cs\",\"@id\":\"https:\\\/\\\/3coty.com\\\/cs\\\/#\\\/schema\\\/logo\\\/image\\\/\",\"url\":\"https:\\\/\\\/3coty.com\\\/wp-content\\\/uploads\\\/2025\\\/05\\\/icon-3coty-logo.svg\",\"contentUrl\":\"https:\\\/\\\/3coty.com\\\/wp-content\\\/uploads\\\/2025\\\/05\\\/icon-3coty-logo.svg\",\"width\":283,\"height\":283,\"caption\":\"3coty\u00ae\"},\"image\":{\"@id\":\"https:\\\/\\\/3coty.com\\\/cs\\\/#\\\/schema\\\/logo\\\/image\\\/\"},\"sameAs\":[\"https:\\\/\\\/www.facebook.com\\\/3coty\",\"https:\\\/\\\/x.com\\\/3cotyCom\",\"https:\\\/\\\/www.instagram.com\\\/3coty\",\"https:\\\/\\\/www.linkedin.com\\\/company\\\/3coty\",\"https:\\\/\\\/www.youtube.com\\\/@3coty\"]}]}<\/script>\n<meta property=\"product:price:amount\" content=\"8.50\" \/>\n<meta property=\"product:price:currency\" content=\"EUR\" \/>\n<meta property=\"og:availability\" content=\"out of stock\" \/>\n<meta property=\"product:availability\" content=\"out of stock\" \/>\n<meta property=\"product:retailer_item_id\" content=\"780T 07TU \/ 5901785316957\" \/>\n<meta property=\"product:condition\" content=\"new\" \/>\n<!-- \/ Yoast SEO Premium plugin. -->","yoast_head_json":{"title":"07. KR\u016eTA 780 (780g) | Pro dosp\u011bl\u00e9 ko\u010dky | 3coty\u00ae P\u0159\u00edrodn\u00ed Krmivo pro Ko\u010dky 100% Masa","description":"Toto monoproteinov\u00e9 mokr\u00e9 krmivo ze 100% drcen\u00e9 kr\u016fty je p\u0159\u00edrodn\u00ed, kompletn\u00ed a vyv\u00e1\u017een\u00e9 a va\u0159\u00ed se ve vlastn\u00ed \u0161\u0165\u00e1v\u011b. Je ide\u00e1ln\u00ed pro dosp\u011bl\u00e9 ko\u010dky na elimina\u010dn\u00ed diet\u011b p\u0159i podez\u0159en\u00ed na potravinovou alergii a zvl\u00e1\u0161t\u011b vhodn\u00e9 pro v\u011bt\u0161\u00ed ko\u010di\u010d\u00ed plemena, kter\u00e1 r\u00e1da \u017ev\u00fdkaj\u00ed v\u011bt\u0161\u00ed kousky masa. Jedin\u00e9 masit\u00e9 krmivo 3coty\u00ae vyroben\u00e9 pouze z masa.","robots":{"index":"index","follow":"follow","max-snippet":"max-snippet:-1","max-image-preview":"max-image-preview:large","max-video-preview":"max-video-preview:-1"},"canonical":"https:\/\/3coty.com\/cs\/p\/07-turkey-780\/","og_locale":"cs_CZ","og_type":"article","og_title":"07. KR\u016eTA 780 (780g) | Pro dosp\u011bl\u00e9 ko\u010dky | 3coty\u00ae P\u0159\u00edrodn\u00ed Krmivo pro Ko\u010dky 100% Masa","og_description":"Toto monoproteinov\u00e9 mokr\u00e9 krmivo ze 100% drcen\u00e9 kr\u016fty je p\u0159\u00edrodn\u00ed, kompletn\u00ed a vyv\u00e1\u017een\u00e9 a va\u0159\u00ed se ve vlastn\u00ed \u0161\u0165\u00e1v\u011b. Je ide\u00e1ln\u00ed pro dosp\u011bl\u00e9 ko\u010dky na elimina\u010dn\u00ed diet\u011b p\u0159i podez\u0159en\u00ed na potravinovou alergii a zvl\u00e1\u0161t\u011b vhodn\u00e9 pro v\u011bt\u0161\u00ed ko\u010di\u010d\u00ed plemena, kter\u00e1 r\u00e1da \u017ev\u00fdkaj\u00ed v\u011bt\u0161\u00ed kousky masa. Jedin\u00e9 masit\u00e9 krmivo 3coty\u00ae vyroben\u00e9 pouze z masa.","og_url":"https:\/\/3coty.com\/cs\/p\/07-turkey-780\/","og_site_name":"3coty\u00ae","article_publisher":"https:\/\/www.facebook.com\/3coty","article_modified_time":"2026-03-17T18:46:38+00:00","og_image":[{"width":1200,"height":630,"url":"https:\/\/3coty.com\/wp-content\/uploads\/2025\/12\/3coty-07-turkey-780-meat-only-cat-food.jpg","type":"image\/jpeg"}],"twitter_card":"summary_large_image","twitter_title":"07. KR\u016eTA 780 (780g) | Pro dosp\u011bl\u00e9 ko\u010dky | 3coty\u00ae P\u0159\u00edrodn\u00ed Krmivo pro Ko\u010dky 100% Masa","twitter_description":"Toto monoproteinov\u00e9 mokr\u00e9 krmivo ze 100% drcen\u00e9 kr\u016fty je p\u0159\u00edrodn\u00ed, kompletn\u00ed a vyv\u00e1\u017een\u00e9 a va\u0159\u00ed se ve vlastn\u00ed \u0161\u0165\u00e1v\u011b. Je ide\u00e1ln\u00ed pro dosp\u011bl\u00e9 ko\u010dky na elimina\u010dn\u00ed diet\u011b p\u0159i podez\u0159en\u00ed na potravinovou alergii a zvl\u00e1\u0161t\u011b vhodn\u00e9 pro v\u011bt\u0161\u00ed ko\u010di\u010d\u00ed plemena, kter\u00e1 r\u00e1da \u017ev\u00fdkaj\u00ed v\u011bt\u0161\u00ed kousky masa. Jedin\u00e9 masit\u00e9 krmivo 3coty\u00ae vyroben\u00e9 pouze z masa.","twitter_image":"https:\/\/3coty.com\/wp-content\/uploads\/2025\/12\/3coty-07-turkey-780-meat-only-cat-food.jpg","twitter_site":"@3cotyCom","twitter_misc":{"Cena":"\u20ac&nbsp;8.50","Dostupnost":"Vyprod\u00e1no"},"schema":{"@context":"https:\/\/schema.org","@graph":[{"@type":"WebPage","@id":"https:\/\/3coty.com\/cs\/p\/07-turkey-780\/","url":"https:\/\/3coty.com\/cs\/p\/07-turkey-780\/","name":"07. KR\u016eTA 780 (780g) | Pro dosp\u011bl\u00e9 ko\u010dky | 3coty\u00ae P\u0159\u00edrodn\u00ed Krmivo pro Ko\u010dky 100% Masa","isPartOf":{"@id":"https:\/\/3coty.com\/cs\/#website"},"primaryImageOfPage":{"@id":"https:\/\/3coty.com\/cs\/p\/07-turkey-780\/#primaryimage"},"image":{"@id":"https:\/\/3coty.com\/cs\/p\/07-turkey-780\/#primaryimage"},"thumbnailUrl":"https:\/\/3coty.com\/wp-content\/uploads\/2025\/07\/3coty-p-07-780-01.jpg","datePublished":"2025-05-23T12:14:38+00:00","dateModified":"2026-03-17T18:46:38+00:00","description":"Toto monoproteinov\u00e9 mokr\u00e9 krmivo ze 100% drcen\u00e9 kr\u016fty je p\u0159\u00edrodn\u00ed, kompletn\u00ed a vyv\u00e1\u017een\u00e9 a va\u0159\u00ed se ve vlastn\u00ed \u0161\u0165\u00e1v\u011b. Je ide\u00e1ln\u00ed pro dosp\u011bl\u00e9 ko\u010dky na elimina\u010dn\u00ed diet\u011b p\u0159i podez\u0159en\u00ed na potravinovou alergii a zvl\u00e1\u0161t\u011b vhodn\u00e9 pro v\u011bt\u0161\u00ed ko\u010di\u010d\u00ed plemena, kter\u00e1 r\u00e1da \u017ev\u00fdkaj\u00ed v\u011bt\u0161\u00ed kousky masa. Jedin\u00e9 masit\u00e9 krmivo 3coty\u00ae vyroben\u00e9 pouze z masa.","breadcrumb":{"@id":"https:\/\/3coty.com\/cs\/p\/07-turkey-780\/#breadcrumb"},"inLanguage":"cs","potentialAction":[{"@type":"ReadAction","target":["https:\/\/3coty.com\/cs\/p\/07-turkey-780\/"]}]},{"@type":"ImageObject","inLanguage":"cs","@id":"https:\/\/3coty.com\/cs\/p\/07-turkey-780\/#primaryimage","url":"https:\/\/3coty.com\/wp-content\/uploads\/2025\/07\/3coty-p-07-780-01.jpg","contentUrl":"https:\/\/3coty.com\/wp-content\/uploads\/2025\/07\/3coty-p-07-780-01.jpg","width":1024,"height":1024},{"@type":"BreadcrumbList","@id":"https:\/\/3coty.com\/cs\/p\/07-turkey-780\/#breadcrumb","itemListElement":[{"@type":"ListItem","position":1,"name":"Home","item":"https:\/\/3coty.com\/cs\/"},{"@type":"ListItem","position":2,"name":"OBCHOD","item":"https:\/\/3coty.com\/cs\/shop\/"},{"@type":"ListItem","position":3,"name":"07. KR\u016eTA 780"}]},{"@type":"WebSite","@id":"https:\/\/3coty.com\/cs\/#website","url":"https:\/\/3coty.com\/cs\/","name":"3coty\u00ae","description":"Meat-only Cat Food","publisher":{"@id":"https:\/\/3coty.com\/cs\/#organization"},"potentialAction":[{"@type":"SearchAction","target":{"@type":"EntryPoint","urlTemplate":"https:\/\/3coty.com\/cs\/?s={search_term_string}"},"query-input":{"@type":"PropertyValueSpecification","valueRequired":true,"valueName":"search_term_string"}}],"inLanguage":"cs"},{"@type":"Organization","@id":"https:\/\/3coty.com\/cs\/#organization","name":"3coty\u00ae","alternateName":"3coty","url":"https:\/\/3coty.com\/cs\/","logo":{"@type":"ImageObject","inLanguage":"cs","@id":"https:\/\/3coty.com\/cs\/#\/schema\/logo\/image\/","url":"https:\/\/3coty.com\/wp-content\/uploads\/2025\/05\/icon-3coty-logo.svg","contentUrl":"https:\/\/3coty.com\/wp-content\/uploads\/2025\/05\/icon-3coty-logo.svg","width":283,"height":283,"caption":"3coty\u00ae"},"image":{"@id":"https:\/\/3coty.com\/cs\/#\/schema\/logo\/image\/"},"sameAs":["https:\/\/www.facebook.com\/3coty","https:\/\/x.com\/3cotyCom","https:\/\/www.instagram.com\/3coty","https:\/\/www.linkedin.com\/company\/3coty","https:\/\/www.youtube.com\/@3coty"]}]},"product_price_amount":"8.50","product_price_currency":"EUR","og_availability":"out of stock","product_availability":"out of stock","product_retailer_item_id":"780T 07TU \/ 5901785316957","product_condition":"new"},"_links":{"self":[{"href":"https:\/\/3coty.com\/cs\/wp-json\/wp\/v2\/product\/33899","targetHints":{"allow":["GET"]}}],"collection":[{"href":"https:\/\/3coty.com\/cs\/wp-json\/wp\/v2\/product"}],"about":[{"href":"https:\/\/3coty.com\/cs\/wp-json\/wp\/v2\/types\/product"}],"version-history":[{"count":5,"href":"https:\/\/3coty.com\/cs\/wp-json\/wp\/v2\/product\/33899\/revisions"}],"predecessor-version":[{"id":59742,"href":"https:\/\/3coty.com\/cs\/wp-json\/wp\/v2\/product\/33899\/revisions\/59742"}],"wp:featuredmedia":[{"embeddable":true,"href":"https:\/\/3coty.com\/cs\/wp-json\/wp\/v2\/media\/59382"}],"wp:attachment":[{"href":"https:\/\/3coty.com\/cs\/wp-json\/wp\/v2\/media?parent=33899"}],"wp:term":[{"taxonomy":"product_brand","embeddable":true,"href":"https:\/\/3coty.com\/cs\/wp-json\/wp\/v2\/product_brand?post=33899"},{"taxonomy":"product_cat","embeddable":true,"href":"https:\/\/3coty.com\/cs\/wp-json\/wp\/v2\/product_cat?post=33899"},{"taxonomy":"product_tag","embeddable":true,"href":"https:\/\/3coty.com\/cs\/wp-json\/wp\/v2\/product_tag?post=33899"}],"curies":[{"name":"wp","href":"https:\/\/api.w.org\/{rel}","templated":true}]}}