{"id":33892,"date":"2025-05-23T11:10:43","date_gmt":"2025-05-23T11:10:43","guid":{"rendered":"https:\/\/3coty.com\/p\/06-goose-080\/"},"modified":"2026-03-17T18:45:12","modified_gmt":"2026-03-17T18:45:12","slug":"06-goose-080","status":"publish","type":"product","link":"https:\/\/3coty.com\/cs\/p\/06-goose-080\/","title":{"rendered":"06. HUSA 080"},"content":{"rendered":"<p><a href=\"https:\/\/3coty.com\/wp-content\/uploads\/2025\/07\/3coty-p-06-tab-1.svg\"><img fetchpriority=\"high\" decoding=\"async\" class=\"alignnone size-full wp-image-59919\" role=\"img\" src=\"https:\/\/3coty.com\/wp-content\/uploads\/2025\/07\/3coty-p-06-tab-1.svg\" alt=\"\" width=\"283\" height=\"283\" \/><\/a><\/p>\n<h2>P\u0158\u00cdRODN\u00cd A KOMPLETN\u00cd KRMIVO PRO KO\u010cKY 3COTY\u00ae<\/h2>\n<p><strong>100% P\u0158\u00cdRODN\u00cdCH MASOV\u00ddCH SUROVIN a \u017eivo\u010di\u0161n\u00e9 deriv\u00e1ty va\u0159en\u00e9 ve vlastn\u00edm v\u00fd\u017eivn\u00e9m v\u00fdvaru<\/strong><\/p>\n<p>Krmivo ze 100% hus\u00edho masa, p\u0159ipraven\u00e9 z nejtmav\u0161\u00edho masa v na\u0161\u00ed nab\u00eddce, je jednoproteinov\u00e1 varianta vhodn\u00e1 pro elimina\u010dn\u00ed diety a z\u00e1rove\u0148 podporuje udr\u017een\u00ed optim\u00e1ln\u00ed hmotnosti. D\u00edky n\u00edzk\u00e9mu obsahu tuku a vysok\u00e9 v\u00fd\u017eivov\u00e9 hodnot\u011b je vhodn\u00e9 pro v\u0161echny dosp\u011bl\u00e9 ko\u010dky, zejm\u00e9na pro kastrovan\u00e9. Jedn\u00e1 se o p\u0159\u00edrodn\u00ed, kompletn\u00ed a vyv\u00e1\u017een\u00e9 mokr\u00e9 krmivo, jeho\u017e dostupnost se m\u016f\u017ee m\u011bnit v z\u00e1vislosti na sez\u00f3nnosti hus\u00edho masa.<\/p>\n<p>Husa je n\u00e1\u0161 nejm\u00e9n\u011b tu\u010dn\u00fd druh masa. V\u00fd\u017eivov\u011b bohat\u00e1, ide\u00e1ln\u00ed pro kastrovan\u00e9 ko\u010dky a ty, kter\u00e9 pot\u0159ebuj\u00ed regulovat hmotnost.<\/p>\n","protected":false},"excerpt":{"rendered":"<p><a href=\"https:\/\/3coty.com\/wp-content\/uploads\/2025\/07\/3coty-p-06-description-1.svg\"><img decoding=\"async\" class=\"alignnone wp-image-59883\" role=\"img\" src=\"https:\/\/3coty.com\/wp-content\/uploads\/2025\/07\/3coty-p-06-description-1.svg\" alt=\"\" width=\"350\" \/><\/a><\/p>\n<p><strong>PRO KASTROVAN\u00c9 A DOSP\u011aL\u00c9 KO\u010cKY<\/strong>\u00a0| PAT\u00c9 | MONOPROTEINOV\u00c9 KRMIVO PRO KO\u010cKY<\/p>\n<p><a href=\"https:\/\/3coty.com\/wp-content\/uploads\/2025\/07\/3coty-p-06-description-2.svg\"><img decoding=\"async\" class=\"alignnone size-full wp-image-59901\" role=\"img\" src=\"https:\/\/3coty.com\/wp-content\/uploads\/2025\/07\/3coty-p-06-description-2.svg\" alt=\"\" width=\"506\" height=\"85\" \/><\/a><\/p>\n","protected":false},"featured_media":59956,"template":"","meta":{"_acf_changed":false},"product_brand":[1952],"product_cat":[359,375],"product_tag":[824],"class_list":{"0":"post-33892","1":"product","2":"type-product","3":"status-publish","4":"has-post-thumbnail","6":"product_brand-3coty","7":"product_cat-for-adult-cats","8":"product_cat-for-sterilised-cats","9":"product_tag-06go","11":"first","12":"instock","13":"featured","14":"taxable","15":"shipping-taxable","16":"purchasable","17":"product-type-simple"},"acf":[],"yoast_head":"<!-- This site is optimized with the Yoast SEO Premium plugin v27.4 (Yoast SEO v27.4) - https:\/\/yoast.com\/product\/yoast-seo-premium-wordpress\/ -->\n<title>06. HUSA 080 (80g) | Pro dosp\u011bl\u00e9 ko\u010dky | 3coty\u00ae P\u0159\u00edrodn\u00ed Krmivo pro Ko\u010dky 100% Masa<\/title>\n<meta name=\"description\" content=\"Toto monoproteinov\u00e9 mokr\u00e9 krmivo 100% z husy je vyrobeno z tmav\u00e9ho masa, kter\u00e9 m\u00e1 p\u0159irozen\u011b n\u00edzk\u00fd obsah tuku a je bohat\u00e9 na \u017eiviny. Hod\u00ed se pro v\u0161echny dosp\u011bl\u00e9 ko\u010dky a je ide\u00e1ln\u00ed pro kastrovan\u00e9 ko\u010dky a elimina\u010dn\u00ed diety a z\u00e1rove\u0148 podporuje kontrolu hmotnosti. P\u0159\u00edrodn\u00ed kompletn\u00ed a vyv\u00e1\u017een\u00e9 krmivo 3coty\u00ae vyroben\u00e9 pouze z masa.\" \/>\n<meta name=\"robots\" content=\"index, follow, max-snippet:-1, max-image-preview:large, max-video-preview:-1\" \/>\n<link rel=\"canonical\" href=\"https:\/\/3coty.com\/cs\/p\/06-goose-080\/\" \/>\n<meta property=\"og:locale\" content=\"cs_CZ\" \/>\n<meta property=\"og:type\" content=\"article\" \/>\n<meta property=\"og:title\" content=\"06. HUSA 080 (80g) | Pro dosp\u011bl\u00e9 ko\u010dky | 3coty\u00ae P\u0159\u00edrodn\u00ed Krmivo pro Ko\u010dky 100% Masa\" \/>\n<meta property=\"og:description\" content=\"Toto monoproteinov\u00e9 mokr\u00e9 krmivo 100% z husy je vyrobeno z tmav\u00e9ho masa, kter\u00e9 m\u00e1 p\u0159irozen\u011b n\u00edzk\u00fd obsah tuku a je bohat\u00e9 na \u017eiviny. Hod\u00ed se pro v\u0161echny dosp\u011bl\u00e9 ko\u010dky a je ide\u00e1ln\u00ed pro kastrovan\u00e9 ko\u010dky a elimina\u010dn\u00ed diety a z\u00e1rove\u0148 podporuje kontrolu hmotnosti. P\u0159\u00edrodn\u00ed kompletn\u00ed a vyv\u00e1\u017een\u00e9 krmivo 3coty\u00ae vyroben\u00e9 pouze z masa.\" \/>\n<meta property=\"og:url\" content=\"https:\/\/3coty.com\/cs\/p\/06-goose-080\/\" \/>\n<meta property=\"og:site_name\" content=\"3coty\u00ae\" \/>\n<meta property=\"article:publisher\" content=\"https:\/\/www.facebook.com\/3coty\" \/>\n<meta property=\"article:modified_time\" content=\"2026-03-17T18:45:12+00:00\" \/>\n<meta property=\"og:image\" content=\"https:\/\/3coty.com\/wp-content\/uploads\/2025\/12\/3coty-06-goose-080-meat-only-cat-food.jpg\" \/>\n\t<meta property=\"og:image:width\" content=\"1200\" \/>\n\t<meta property=\"og:image:height\" content=\"630\" \/>\n\t<meta property=\"og:image:type\" content=\"image\/jpeg\" \/>\n<meta name=\"twitter:card\" content=\"summary_large_image\" \/>\n<meta name=\"twitter:title\" content=\"06. HUSA 080 (80g) | Pro dosp\u011bl\u00e9 ko\u010dky | 3coty\u00ae P\u0159\u00edrodn\u00ed Krmivo pro Ko\u010dky 100% Masa\" \/>\n<meta name=\"twitter:description\" content=\"Toto monoproteinov\u00e9 mokr\u00e9 krmivo 100% z husy je vyrobeno z tmav\u00e9ho masa, kter\u00e9 m\u00e1 p\u0159irozen\u011b n\u00edzk\u00fd obsah tuku a je bohat\u00e9 na \u017eiviny. Hod\u00ed se pro v\u0161echny dosp\u011bl\u00e9 ko\u010dky a je ide\u00e1ln\u00ed pro kastrovan\u00e9 ko\u010dky a elimina\u010dn\u00ed diety a z\u00e1rove\u0148 podporuje kontrolu hmotnosti. P\u0159\u00edrodn\u00ed kompletn\u00ed a vyv\u00e1\u017een\u00e9 krmivo 3coty\u00ae vyroben\u00e9 pouze z masa.\" \/>\n<meta name=\"twitter:image\" content=\"https:\/\/3coty.com\/wp-content\/uploads\/2025\/12\/3coty-06-goose-080-meat-only-cat-food.jpg\" \/>\n<meta name=\"twitter:site\" content=\"@3cotyCom\" \/>\n<meta name=\"twitter:label1\" content=\"Cena\" \/>\n\t<meta name=\"twitter:data1\" content=\"\u20ac&nbsp;3.00\" \/>\n\t<meta name=\"twitter:label2\" content=\"Dostupnost\" \/>\n\t<meta name=\"twitter:data2\" content=\"Skladem\" \/>\n<script type=\"application\/ld+json\" class=\"yoast-schema-graph\">{\"@context\":\"https:\\\/\\\/schema.org\",\"@graph\":[{\"@type\":\"WebPage\",\"@id\":\"https:\\\/\\\/3coty.com\\\/cs\\\/p\\\/06-goose-080\\\/\",\"url\":\"https:\\\/\\\/3coty.com\\\/cs\\\/p\\\/06-goose-080\\\/\",\"name\":\"06. HUSA 080 (80g) | Pro dosp\u011bl\u00e9 ko\u010dky | 3coty\u00ae P\u0159\u00edrodn\u00ed Krmivo pro Ko\u010dky 100% Masa\",\"isPartOf\":{\"@id\":\"https:\\\/\\\/3coty.com\\\/cs\\\/#website\"},\"primaryImageOfPage\":{\"@id\":\"https:\\\/\\\/3coty.com\\\/cs\\\/p\\\/06-goose-080\\\/#primaryimage\"},\"image\":{\"@id\":\"https:\\\/\\\/3coty.com\\\/cs\\\/p\\\/06-goose-080\\\/#primaryimage\"},\"thumbnailUrl\":\"https:\\\/\\\/3coty.com\\\/wp-content\\\/uploads\\\/2025\\\/07\\\/3coty-p-06-080-01.jpg\",\"datePublished\":\"2025-05-23T11:10:43+00:00\",\"dateModified\":\"2026-03-17T18:45:12+00:00\",\"description\":\"Toto monoproteinov\u00e9 mokr\u00e9 krmivo 100% z husy je vyrobeno z tmav\u00e9ho masa, kter\u00e9 m\u00e1 p\u0159irozen\u011b n\u00edzk\u00fd obsah tuku a je bohat\u00e9 na \u017eiviny. Hod\u00ed se pro v\u0161echny dosp\u011bl\u00e9 ko\u010dky a je ide\u00e1ln\u00ed pro kastrovan\u00e9 ko\u010dky a elimina\u010dn\u00ed diety a z\u00e1rove\u0148 podporuje kontrolu hmotnosti. P\u0159\u00edrodn\u00ed kompletn\u00ed a vyv\u00e1\u017een\u00e9 krmivo 3coty\u00ae vyroben\u00e9 pouze z masa.\",\"breadcrumb\":{\"@id\":\"https:\\\/\\\/3coty.com\\\/cs\\\/p\\\/06-goose-080\\\/#breadcrumb\"},\"inLanguage\":\"cs\",\"potentialAction\":[{\"@type\":\"ReadAction\",\"target\":[\"https:\\\/\\\/3coty.com\\\/cs\\\/p\\\/06-goose-080\\\/\"]}]},{\"@type\":\"ImageObject\",\"inLanguage\":\"cs\",\"@id\":\"https:\\\/\\\/3coty.com\\\/cs\\\/p\\\/06-goose-080\\\/#primaryimage\",\"url\":\"https:\\\/\\\/3coty.com\\\/wp-content\\\/uploads\\\/2025\\\/07\\\/3coty-p-06-080-01.jpg\",\"contentUrl\":\"https:\\\/\\\/3coty.com\\\/wp-content\\\/uploads\\\/2025\\\/07\\\/3coty-p-06-080-01.jpg\",\"width\":1024,\"height\":1024},{\"@type\":\"BreadcrumbList\",\"@id\":\"https:\\\/\\\/3coty.com\\\/cs\\\/p\\\/06-goose-080\\\/#breadcrumb\",\"itemListElement\":[{\"@type\":\"ListItem\",\"position\":1,\"name\":\"Home\",\"item\":\"https:\\\/\\\/3coty.com\\\/cs\\\/\"},{\"@type\":\"ListItem\",\"position\":2,\"name\":\"OBCHOD\",\"item\":\"https:\\\/\\\/3coty.com\\\/cs\\\/shop\\\/\"},{\"@type\":\"ListItem\",\"position\":3,\"name\":\"06. HUSA 080\"}]},{\"@type\":\"WebSite\",\"@id\":\"https:\\\/\\\/3coty.com\\\/cs\\\/#website\",\"url\":\"https:\\\/\\\/3coty.com\\\/cs\\\/\",\"name\":\"3coty\u00ae\",\"description\":\"Meat-only Cat Food\",\"publisher\":{\"@id\":\"https:\\\/\\\/3coty.com\\\/cs\\\/#organization\"},\"potentialAction\":[{\"@type\":\"SearchAction\",\"target\":{\"@type\":\"EntryPoint\",\"urlTemplate\":\"https:\\\/\\\/3coty.com\\\/cs\\\/?s={search_term_string}\"},\"query-input\":{\"@type\":\"PropertyValueSpecification\",\"valueRequired\":true,\"valueName\":\"search_term_string\"}}],\"inLanguage\":\"cs\"},{\"@type\":\"Organization\",\"@id\":\"https:\\\/\\\/3coty.com\\\/cs\\\/#organization\",\"name\":\"3coty\u00ae\",\"alternateName\":\"3coty\",\"url\":\"https:\\\/\\\/3coty.com\\\/cs\\\/\",\"logo\":{\"@type\":\"ImageObject\",\"inLanguage\":\"cs\",\"@id\":\"https:\\\/\\\/3coty.com\\\/cs\\\/#\\\/schema\\\/logo\\\/image\\\/\",\"url\":\"https:\\\/\\\/3coty.com\\\/wp-content\\\/uploads\\\/2025\\\/05\\\/icon-3coty-logo.svg\",\"contentUrl\":\"https:\\\/\\\/3coty.com\\\/wp-content\\\/uploads\\\/2025\\\/05\\\/icon-3coty-logo.svg\",\"width\":283,\"height\":283,\"caption\":\"3coty\u00ae\"},\"image\":{\"@id\":\"https:\\\/\\\/3coty.com\\\/cs\\\/#\\\/schema\\\/logo\\\/image\\\/\"},\"sameAs\":[\"https:\\\/\\\/www.facebook.com\\\/3coty\",\"https:\\\/\\\/x.com\\\/3cotyCom\",\"https:\\\/\\\/www.instagram.com\\\/3coty\",\"https:\\\/\\\/www.linkedin.com\\\/company\\\/3coty\",\"https:\\\/\\\/www.youtube.com\\\/@3coty\"]}]}<\/script>\n<meta property=\"product:price:amount\" content=\"3.00\" \/>\n<meta property=\"product:price:currency\" content=\"EUR\" \/>\n<meta property=\"og:availability\" content=\"instock\" \/>\n<meta property=\"product:availability\" content=\"instock\" \/>\n<meta property=\"product:retailer_item_id\" content=\"080T 06GO \/ 5901785317237\" \/>\n<meta property=\"product:condition\" content=\"new\" \/>\n<!-- \/ Yoast SEO Premium plugin. -->","yoast_head_json":{"title":"06. HUSA 080 (80g) | Pro dosp\u011bl\u00e9 ko\u010dky | 3coty\u00ae P\u0159\u00edrodn\u00ed Krmivo pro Ko\u010dky 100% Masa","description":"Toto monoproteinov\u00e9 mokr\u00e9 krmivo 100% z husy je vyrobeno z tmav\u00e9ho masa, kter\u00e9 m\u00e1 p\u0159irozen\u011b n\u00edzk\u00fd obsah tuku a je bohat\u00e9 na \u017eiviny. Hod\u00ed se pro v\u0161echny dosp\u011bl\u00e9 ko\u010dky a je ide\u00e1ln\u00ed pro kastrovan\u00e9 ko\u010dky a elimina\u010dn\u00ed diety a z\u00e1rove\u0148 podporuje kontrolu hmotnosti. P\u0159\u00edrodn\u00ed kompletn\u00ed a vyv\u00e1\u017een\u00e9 krmivo 3coty\u00ae vyroben\u00e9 pouze z masa.","robots":{"index":"index","follow":"follow","max-snippet":"max-snippet:-1","max-image-preview":"max-image-preview:large","max-video-preview":"max-video-preview:-1"},"canonical":"https:\/\/3coty.com\/cs\/p\/06-goose-080\/","og_locale":"cs_CZ","og_type":"article","og_title":"06. HUSA 080 (80g) | Pro dosp\u011bl\u00e9 ko\u010dky | 3coty\u00ae P\u0159\u00edrodn\u00ed Krmivo pro Ko\u010dky 100% Masa","og_description":"Toto monoproteinov\u00e9 mokr\u00e9 krmivo 100% z husy je vyrobeno z tmav\u00e9ho masa, kter\u00e9 m\u00e1 p\u0159irozen\u011b n\u00edzk\u00fd obsah tuku a je bohat\u00e9 na \u017eiviny. Hod\u00ed se pro v\u0161echny dosp\u011bl\u00e9 ko\u010dky a je ide\u00e1ln\u00ed pro kastrovan\u00e9 ko\u010dky a elimina\u010dn\u00ed diety a z\u00e1rove\u0148 podporuje kontrolu hmotnosti. P\u0159\u00edrodn\u00ed kompletn\u00ed a vyv\u00e1\u017een\u00e9 krmivo 3coty\u00ae vyroben\u00e9 pouze z masa.","og_url":"https:\/\/3coty.com\/cs\/p\/06-goose-080\/","og_site_name":"3coty\u00ae","article_publisher":"https:\/\/www.facebook.com\/3coty","article_modified_time":"2026-03-17T18:45:12+00:00","og_image":[{"width":1200,"height":630,"url":"https:\/\/3coty.com\/wp-content\/uploads\/2025\/12\/3coty-06-goose-080-meat-only-cat-food.jpg","type":"image\/jpeg"}],"twitter_card":"summary_large_image","twitter_title":"06. HUSA 080 (80g) | Pro dosp\u011bl\u00e9 ko\u010dky | 3coty\u00ae P\u0159\u00edrodn\u00ed Krmivo pro Ko\u010dky 100% Masa","twitter_description":"Toto monoproteinov\u00e9 mokr\u00e9 krmivo 100% z husy je vyrobeno z tmav\u00e9ho masa, kter\u00e9 m\u00e1 p\u0159irozen\u011b n\u00edzk\u00fd obsah tuku a je bohat\u00e9 na \u017eiviny. Hod\u00ed se pro v\u0161echny dosp\u011bl\u00e9 ko\u010dky a je ide\u00e1ln\u00ed pro kastrovan\u00e9 ko\u010dky a elimina\u010dn\u00ed diety a z\u00e1rove\u0148 podporuje kontrolu hmotnosti. P\u0159\u00edrodn\u00ed kompletn\u00ed a vyv\u00e1\u017een\u00e9 krmivo 3coty\u00ae vyroben\u00e9 pouze z masa.","twitter_image":"https:\/\/3coty.com\/wp-content\/uploads\/2025\/12\/3coty-06-goose-080-meat-only-cat-food.jpg","twitter_site":"@3cotyCom","twitter_misc":{"Cena":"\u20ac&nbsp;3.00","Dostupnost":"Skladem"},"schema":{"@context":"https:\/\/schema.org","@graph":[{"@type":"WebPage","@id":"https:\/\/3coty.com\/cs\/p\/06-goose-080\/","url":"https:\/\/3coty.com\/cs\/p\/06-goose-080\/","name":"06. HUSA 080 (80g) | Pro dosp\u011bl\u00e9 ko\u010dky | 3coty\u00ae P\u0159\u00edrodn\u00ed Krmivo pro Ko\u010dky 100% Masa","isPartOf":{"@id":"https:\/\/3coty.com\/cs\/#website"},"primaryImageOfPage":{"@id":"https:\/\/3coty.com\/cs\/p\/06-goose-080\/#primaryimage"},"image":{"@id":"https:\/\/3coty.com\/cs\/p\/06-goose-080\/#primaryimage"},"thumbnailUrl":"https:\/\/3coty.com\/wp-content\/uploads\/2025\/07\/3coty-p-06-080-01.jpg","datePublished":"2025-05-23T11:10:43+00:00","dateModified":"2026-03-17T18:45:12+00:00","description":"Toto monoproteinov\u00e9 mokr\u00e9 krmivo 100% z husy je vyrobeno z tmav\u00e9ho masa, kter\u00e9 m\u00e1 p\u0159irozen\u011b n\u00edzk\u00fd obsah tuku a je bohat\u00e9 na \u017eiviny. Hod\u00ed se pro v\u0161echny dosp\u011bl\u00e9 ko\u010dky a je ide\u00e1ln\u00ed pro kastrovan\u00e9 ko\u010dky a elimina\u010dn\u00ed diety a z\u00e1rove\u0148 podporuje kontrolu hmotnosti. P\u0159\u00edrodn\u00ed kompletn\u00ed a vyv\u00e1\u017een\u00e9 krmivo 3coty\u00ae vyroben\u00e9 pouze z masa.","breadcrumb":{"@id":"https:\/\/3coty.com\/cs\/p\/06-goose-080\/#breadcrumb"},"inLanguage":"cs","potentialAction":[{"@type":"ReadAction","target":["https:\/\/3coty.com\/cs\/p\/06-goose-080\/"]}]},{"@type":"ImageObject","inLanguage":"cs","@id":"https:\/\/3coty.com\/cs\/p\/06-goose-080\/#primaryimage","url":"https:\/\/3coty.com\/wp-content\/uploads\/2025\/07\/3coty-p-06-080-01.jpg","contentUrl":"https:\/\/3coty.com\/wp-content\/uploads\/2025\/07\/3coty-p-06-080-01.jpg","width":1024,"height":1024},{"@type":"BreadcrumbList","@id":"https:\/\/3coty.com\/cs\/p\/06-goose-080\/#breadcrumb","itemListElement":[{"@type":"ListItem","position":1,"name":"Home","item":"https:\/\/3coty.com\/cs\/"},{"@type":"ListItem","position":2,"name":"OBCHOD","item":"https:\/\/3coty.com\/cs\/shop\/"},{"@type":"ListItem","position":3,"name":"06. HUSA 080"}]},{"@type":"WebSite","@id":"https:\/\/3coty.com\/cs\/#website","url":"https:\/\/3coty.com\/cs\/","name":"3coty\u00ae","description":"Meat-only Cat Food","publisher":{"@id":"https:\/\/3coty.com\/cs\/#organization"},"potentialAction":[{"@type":"SearchAction","target":{"@type":"EntryPoint","urlTemplate":"https:\/\/3coty.com\/cs\/?s={search_term_string}"},"query-input":{"@type":"PropertyValueSpecification","valueRequired":true,"valueName":"search_term_string"}}],"inLanguage":"cs"},{"@type":"Organization","@id":"https:\/\/3coty.com\/cs\/#organization","name":"3coty\u00ae","alternateName":"3coty","url":"https:\/\/3coty.com\/cs\/","logo":{"@type":"ImageObject","inLanguage":"cs","@id":"https:\/\/3coty.com\/cs\/#\/schema\/logo\/image\/","url":"https:\/\/3coty.com\/wp-content\/uploads\/2025\/05\/icon-3coty-logo.svg","contentUrl":"https:\/\/3coty.com\/wp-content\/uploads\/2025\/05\/icon-3coty-logo.svg","width":283,"height":283,"caption":"3coty\u00ae"},"image":{"@id":"https:\/\/3coty.com\/cs\/#\/schema\/logo\/image\/"},"sameAs":["https:\/\/www.facebook.com\/3coty","https:\/\/x.com\/3cotyCom","https:\/\/www.instagram.com\/3coty","https:\/\/www.linkedin.com\/company\/3coty","https:\/\/www.youtube.com\/@3coty"]}]},"product_price_amount":"3.00","product_price_currency":"EUR","og_availability":"instock","product_availability":"instock","product_retailer_item_id":"080T 06GO \/ 5901785317237","product_condition":"new"},"_links":{"self":[{"href":"https:\/\/3coty.com\/cs\/wp-json\/wp\/v2\/product\/33892","targetHints":{"allow":["GET"]}}],"collection":[{"href":"https:\/\/3coty.com\/cs\/wp-json\/wp\/v2\/product"}],"about":[{"href":"https:\/\/3coty.com\/cs\/wp-json\/wp\/v2\/types\/product"}],"version-history":[{"count":4,"href":"https:\/\/3coty.com\/cs\/wp-json\/wp\/v2\/product\/33892\/revisions"}],"predecessor-version":[{"id":60361,"href":"https:\/\/3coty.com\/cs\/wp-json\/wp\/v2\/product\/33892\/revisions\/60361"}],"wp:featuredmedia":[{"embeddable":true,"href":"https:\/\/3coty.com\/cs\/wp-json\/wp\/v2\/media\/59956"}],"wp:attachment":[{"href":"https:\/\/3coty.com\/cs\/wp-json\/wp\/v2\/media?parent=33892"}],"wp:term":[{"taxonomy":"product_brand","embeddable":true,"href":"https:\/\/3coty.com\/cs\/wp-json\/wp\/v2\/product_brand?post=33892"},{"taxonomy":"product_cat","embeddable":true,"href":"https:\/\/3coty.com\/cs\/wp-json\/wp\/v2\/product_cat?post=33892"},{"taxonomy":"product_tag","embeddable":true,"href":"https:\/\/3coty.com\/cs\/wp-json\/wp\/v2\/product_tag?post=33892"}],"curies":[{"name":"wp","href":"https:\/\/api.w.org\/{rel}","templated":true}]}}