{"id":33876,"date":"2025-05-19T15:55:12","date_gmt":"2025-05-19T15:55:12","guid":{"rendered":"https:\/\/3coty.com\/p\/02-chicken-080\/"},"modified":"2026-03-17T18:39:39","modified_gmt":"2026-03-17T18:39:39","slug":"02-chicken-080","status":"publish","type":"product","link":"https:\/\/3coty.com\/cs\/p\/02-chicken-080\/","title":{"rendered":"02. KU\u0158E 080"},"content":{"rendered":"<p><a href=\"https:\/\/3coty.com\/wp-content\/uploads\/2025\/07\/3coty-p-02-tab-1.svg\"><img fetchpriority=\"high\" decoding=\"async\" class=\"alignnone size-full wp-image-62592\" role=\"img\" src=\"https:\/\/3coty.com\/wp-content\/uploads\/2025\/07\/3coty-p-02-tab-1.svg\" alt=\"\" width=\"283\" height=\"283\" \/><\/a><\/p>\n<h2>P\u0158\u00cdRODN\u00cd A KOMPLETN\u00cd KRMIVO PRO KO\u010cKY 3COTY\u00ae<\/h2>\n<p><strong>99,5% P\u0158\u00cdRODN\u00cdCH MASOV\u00ddCH SUROVIN a \u017eivo\u010di\u0161n\u00e9 deriv\u00e1ty va\u0159en\u00e9 ve vlastn\u00edm v\u00fd\u017eivn\u00e9m v\u00fdvaru, 0,5% SPIRULINY<\/strong><\/p>\n<p>\u0158asov\u00fd pr\u00e1\u0161ek se do krmiva pro ko\u010dky \u010dasto p\u0159id\u00e1v\u00e1 kv\u016fli pos\u00edlen\u00ed p\u0159irozen\u00e9 imunity. V na\u0161em receptu s ku\u0159etem a spirulinou nen\u00ed pot\u0159eba nic odm\u011b\u0159ovat \u2013 p\u0159idali jsme ide\u00e1ln\u00ed mno\u017estv\u00ed t\u00e9to superpotraviny pro vyv\u00e1\u017een\u00fd p\u0159\u00edsun \u017eivin vhodn\u00fd pro dosp\u011bl\u00e9 ko\u010dky. Trhan\u00e1 textura je obl\u00edben\u00e1 u ko\u010dek se siln\u00fdm loveck\u00fdm instinktem, jako jsou beng\u00e1lky, habe\u0161sk\u00e9 ko\u010dky nebo maine coony.<\/p>\n<p>Varianta vych\u00e1zej\u00edc\u00ed z na\u0161eho klasick\u00e9ho ku\u0159ec\u00edho receptu obsahuje 0,5 % spiruliny pro podporu imunity a zlep\u0161en\u00ed kvality srsti.<\/p>\n","protected":false},"excerpt":{"rendered":"<p><a href=\"https:\/\/3coty.com\/wp-content\/uploads\/2025\/07\/3coty-p-02-description-1.svg\"><img decoding=\"async\" class=\"alignnone size-medium wp-image-62556\" role=\"img\" src=\"https:\/\/3coty.com\/wp-content\/uploads\/2025\/07\/3coty-p-02-description-1.svg\" alt=\"\" width=\"300\" height=\"300\" \/><\/a><\/p>\n<p><strong>PRO DOSP\u011aL\u00c9 KO\u010cKY<\/strong> | DRCEN\u00dd | MONOPROTEINOV\u00c9 KRMIVO PRO KO\u010cKY<br \/>\n<strong>SE SPIRULINOU<\/strong><\/p>\n<p><a href=\"https:\/\/3coty.com\/wp-content\/uploads\/2025\/07\/3coty-p-02-description-2.svg\"><img decoding=\"async\" class=\"alignnone size-full wp-image-62574\" role=\"img\" src=\"https:\/\/3coty.com\/wp-content\/uploads\/2025\/07\/3coty-p-02-description-2.svg\" alt=\"\" width=\"506\" height=\"85\" \/><\/a><\/p>\n","protected":false},"featured_media":62629,"template":"","meta":{"_acf_changed":false},"product_brand":[1952],"product_cat":[359],"product_tag":[764],"class_list":{"0":"post-33876","1":"product","2":"type-product","3":"status-publish","4":"has-post-thumbnail","6":"product_brand-3coty","7":"product_cat-for-adult-cats","8":"product_tag-02ch","10":"first","11":"instock","12":"featured","13":"taxable","14":"shipping-taxable","15":"purchasable","16":"product-type-simple"},"acf":[],"yoast_head":"<!-- This site is optimized with the Yoast SEO Premium plugin v27.3 (Yoast SEO v27.3) - https:\/\/yoast.com\/product\/yoast-seo-premium-wordpress\/ -->\n<title>02. KU\u0158E 080 (80g) | Pro dosp\u011bl\u00e9 ko\u010dky | 3coty\u00ae P\u0159\u00edrodn\u00ed Krmivo pro Ko\u010dky 100% Masa<\/title>\n<meta name=\"description\" content=\"P\u0159\u00edrodn\u00ed kompletn\u00ed a vyv\u00e1\u017een\u00e9 krmivo s ku\u0159etem a \u0159asou spirulinou podporuj\u00edc\u00ed imunitu a zdravou srst dosp\u011bl\u00fdch ko\u010dek. Trhan\u00e1 textura obl\u00edben\u00e1 u beng\u00e1lsk\u00fdch a habe\u0161sk\u00fdch ko\u010dek.\" \/>\n<meta name=\"robots\" content=\"index, follow, max-snippet:-1, max-image-preview:large, max-video-preview:-1\" \/>\n<link rel=\"canonical\" href=\"https:\/\/3coty.com\/cs\/p\/02-chicken-080\/\" \/>\n<meta property=\"og:locale\" content=\"cs_CZ\" \/>\n<meta property=\"og:type\" content=\"article\" \/>\n<meta property=\"og:title\" content=\"02. KU\u0158E 080 (80g) | Pro dosp\u011bl\u00e9 ko\u010dky | 3coty\u00ae P\u0159\u00edrodn\u00ed Krmivo pro Ko\u010dky 100% Masa\" \/>\n<meta property=\"og:description\" content=\"P\u0159\u00edrodn\u00ed kompletn\u00ed a vyv\u00e1\u017een\u00e9 krmivo s ku\u0159etem a \u0159asou spirulinou podporuj\u00edc\u00ed imunitu a zdravou srst dosp\u011bl\u00fdch ko\u010dek. Trhan\u00e1 textura obl\u00edben\u00e1 u beng\u00e1lsk\u00fdch a habe\u0161sk\u00fdch ko\u010dek.\" \/>\n<meta property=\"og:url\" content=\"https:\/\/3coty.com\/cs\/p\/02-chicken-080\/\" \/>\n<meta property=\"og:site_name\" content=\"3coty\u00ae\" \/>\n<meta property=\"article:publisher\" content=\"https:\/\/www.facebook.com\/3coty\" \/>\n<meta property=\"article:modified_time\" content=\"2026-03-17T18:39:39+00:00\" \/>\n<meta property=\"og:image\" content=\"https:\/\/3coty.com\/wp-content\/uploads\/2025\/10\/3coty-02-chicken-080-meat-only-cat-food.jpg\" \/>\n\t<meta property=\"og:image:width\" content=\"1200\" \/>\n\t<meta property=\"og:image:height\" content=\"630\" \/>\n\t<meta property=\"og:image:type\" content=\"image\/jpeg\" \/>\n<meta name=\"twitter:card\" content=\"summary_large_image\" \/>\n<meta name=\"twitter:title\" content=\"02. KU\u0158E 080 (80g) | Pro dosp\u011bl\u00e9 ko\u010dky | 3coty\u00ae P\u0159\u00edrodn\u00ed Krmivo pro Ko\u010dky 100% Masa\" \/>\n<meta name=\"twitter:description\" content=\"P\u0159\u00edrodn\u00ed kompletn\u00ed a vyv\u00e1\u017een\u00e9 krmivo s ku\u0159etem a \u0159asou spirulinou podporuj\u00edc\u00ed imunitu a zdravou srst dosp\u011bl\u00fdch ko\u010dek. Trhan\u00e1 textura obl\u00edben\u00e1 u beng\u00e1lsk\u00fdch a habe\u0161sk\u00fdch ko\u010dek.\" \/>\n<meta name=\"twitter:image\" content=\"https:\/\/3coty.com\/wp-content\/uploads\/2025\/10\/3coty-02-chicken-080-meat-only-cat-food.jpg\" \/>\n<meta name=\"twitter:site\" content=\"@3cotyCom\" \/>\n<meta name=\"twitter:label1\" content=\"Cena\" \/>\n\t<meta name=\"twitter:data1\" content=\"\u20ac&nbsp;2.00\" \/>\n\t<meta name=\"twitter:label2\" content=\"Dostupnost\" \/>\n\t<meta name=\"twitter:data2\" content=\"Skladem\" \/>\n<script type=\"application\/ld+json\" class=\"yoast-schema-graph\">{\"@context\":\"https:\\\/\\\/schema.org\",\"@graph\":[{\"@type\":\"WebPage\",\"@id\":\"https:\\\/\\\/3coty.com\\\/cs\\\/p\\\/02-chicken-080\\\/\",\"url\":\"https:\\\/\\\/3coty.com\\\/cs\\\/p\\\/02-chicken-080\\\/\",\"name\":\"02. KU\u0158E 080 (80g) | Pro dosp\u011bl\u00e9 ko\u010dky | 3coty\u00ae P\u0159\u00edrodn\u00ed Krmivo pro Ko\u010dky 100% Masa\",\"isPartOf\":{\"@id\":\"https:\\\/\\\/3coty.com\\\/cs\\\/#website\"},\"primaryImageOfPage\":{\"@id\":\"https:\\\/\\\/3coty.com\\\/cs\\\/p\\\/02-chicken-080\\\/#primaryimage\"},\"image\":{\"@id\":\"https:\\\/\\\/3coty.com\\\/cs\\\/p\\\/02-chicken-080\\\/#primaryimage\"},\"thumbnailUrl\":\"https:\\\/\\\/3coty.com\\\/wp-content\\\/uploads\\\/2025\\\/07\\\/3coty-p-02-080-01.jpg\",\"datePublished\":\"2025-05-19T15:55:12+00:00\",\"dateModified\":\"2026-03-17T18:39:39+00:00\",\"description\":\"P\u0159\u00edrodn\u00ed kompletn\u00ed a vyv\u00e1\u017een\u00e9 krmivo s ku\u0159etem a \u0159asou spirulinou podporuj\u00edc\u00ed imunitu a zdravou srst dosp\u011bl\u00fdch ko\u010dek. Trhan\u00e1 textura obl\u00edben\u00e1 u beng\u00e1lsk\u00fdch a habe\u0161sk\u00fdch ko\u010dek.\",\"breadcrumb\":{\"@id\":\"https:\\\/\\\/3coty.com\\\/cs\\\/p\\\/02-chicken-080\\\/#breadcrumb\"},\"inLanguage\":\"cs\",\"potentialAction\":[{\"@type\":\"ReadAction\",\"target\":[\"https:\\\/\\\/3coty.com\\\/cs\\\/p\\\/02-chicken-080\\\/\"]}]},{\"@type\":\"ImageObject\",\"inLanguage\":\"cs\",\"@id\":\"https:\\\/\\\/3coty.com\\\/cs\\\/p\\\/02-chicken-080\\\/#primaryimage\",\"url\":\"https:\\\/\\\/3coty.com\\\/wp-content\\\/uploads\\\/2025\\\/07\\\/3coty-p-02-080-01.jpg\",\"contentUrl\":\"https:\\\/\\\/3coty.com\\\/wp-content\\\/uploads\\\/2025\\\/07\\\/3coty-p-02-080-01.jpg\",\"width\":1024,\"height\":1024},{\"@type\":\"BreadcrumbList\",\"@id\":\"https:\\\/\\\/3coty.com\\\/cs\\\/p\\\/02-chicken-080\\\/#breadcrumb\",\"itemListElement\":[{\"@type\":\"ListItem\",\"position\":1,\"name\":\"Home\",\"item\":\"https:\\\/\\\/3coty.com\\\/cs\\\/\"},{\"@type\":\"ListItem\",\"position\":2,\"name\":\"OBCHOD\",\"item\":\"https:\\\/\\\/3coty.com\\\/cs\\\/shop\\\/\"},{\"@type\":\"ListItem\",\"position\":3,\"name\":\"02. KU\u0158E 080\"}]},{\"@type\":\"WebSite\",\"@id\":\"https:\\\/\\\/3coty.com\\\/cs\\\/#website\",\"url\":\"https:\\\/\\\/3coty.com\\\/cs\\\/\",\"name\":\"3coty\u00ae\",\"description\":\"Meat-only Cat Food\",\"publisher\":{\"@id\":\"https:\\\/\\\/3coty.com\\\/cs\\\/#organization\"},\"potentialAction\":[{\"@type\":\"SearchAction\",\"target\":{\"@type\":\"EntryPoint\",\"urlTemplate\":\"https:\\\/\\\/3coty.com\\\/cs\\\/?s={search_term_string}\"},\"query-input\":{\"@type\":\"PropertyValueSpecification\",\"valueRequired\":true,\"valueName\":\"search_term_string\"}}],\"inLanguage\":\"cs\"},{\"@type\":\"Organization\",\"@id\":\"https:\\\/\\\/3coty.com\\\/cs\\\/#organization\",\"name\":\"3coty\u00ae\",\"alternateName\":\"3coty\",\"url\":\"https:\\\/\\\/3coty.com\\\/cs\\\/\",\"logo\":{\"@type\":\"ImageObject\",\"inLanguage\":\"cs\",\"@id\":\"https:\\\/\\\/3coty.com\\\/cs\\\/#\\\/schema\\\/logo\\\/image\\\/\",\"url\":\"https:\\\/\\\/3coty.com\\\/wp-content\\\/uploads\\\/2025\\\/05\\\/icon-3coty-logo.svg\",\"contentUrl\":\"https:\\\/\\\/3coty.com\\\/wp-content\\\/uploads\\\/2025\\\/05\\\/icon-3coty-logo.svg\",\"width\":283,\"height\":283,\"caption\":\"3coty\u00ae\"},\"image\":{\"@id\":\"https:\\\/\\\/3coty.com\\\/cs\\\/#\\\/schema\\\/logo\\\/image\\\/\"},\"sameAs\":[\"https:\\\/\\\/www.facebook.com\\\/3coty\",\"https:\\\/\\\/x.com\\\/3cotyCom\",\"https:\\\/\\\/www.instagram.com\\\/3coty\",\"https:\\\/\\\/www.linkedin.com\\\/company\\\/3coty\",\"https:\\\/\\\/www.youtube.com\\\/@3coty\"]}]}<\/script>\n<meta property=\"product:price:amount\" content=\"2.00\" \/>\n<meta property=\"product:price:currency\" content=\"EUR\" \/>\n<meta property=\"og:availability\" content=\"instock\" \/>\n<meta property=\"product:availability\" content=\"instock\" \/>\n<meta property=\"product:retailer_item_id\" content=\"080T 02CH \/ 5901785317374\" \/>\n<meta property=\"product:condition\" content=\"new\" \/>\n<!-- \/ Yoast SEO Premium plugin. -->","yoast_head_json":{"title":"02. KU\u0158E 080 (80g) | Pro dosp\u011bl\u00e9 ko\u010dky | 3coty\u00ae P\u0159\u00edrodn\u00ed Krmivo pro Ko\u010dky 100% Masa","description":"P\u0159\u00edrodn\u00ed kompletn\u00ed a vyv\u00e1\u017een\u00e9 krmivo s ku\u0159etem a \u0159asou spirulinou podporuj\u00edc\u00ed imunitu a zdravou srst dosp\u011bl\u00fdch ko\u010dek. Trhan\u00e1 textura obl\u00edben\u00e1 u beng\u00e1lsk\u00fdch a habe\u0161sk\u00fdch ko\u010dek.","robots":{"index":"index","follow":"follow","max-snippet":"max-snippet:-1","max-image-preview":"max-image-preview:large","max-video-preview":"max-video-preview:-1"},"canonical":"https:\/\/3coty.com\/cs\/p\/02-chicken-080\/","og_locale":"cs_CZ","og_type":"article","og_title":"02. KU\u0158E 080 (80g) | Pro dosp\u011bl\u00e9 ko\u010dky | 3coty\u00ae P\u0159\u00edrodn\u00ed Krmivo pro Ko\u010dky 100% Masa","og_description":"P\u0159\u00edrodn\u00ed kompletn\u00ed a vyv\u00e1\u017een\u00e9 krmivo s ku\u0159etem a \u0159asou spirulinou podporuj\u00edc\u00ed imunitu a zdravou srst dosp\u011bl\u00fdch ko\u010dek. Trhan\u00e1 textura obl\u00edben\u00e1 u beng\u00e1lsk\u00fdch a habe\u0161sk\u00fdch ko\u010dek.","og_url":"https:\/\/3coty.com\/cs\/p\/02-chicken-080\/","og_site_name":"3coty\u00ae","article_publisher":"https:\/\/www.facebook.com\/3coty","article_modified_time":"2026-03-17T18:39:39+00:00","og_image":[{"width":1200,"height":630,"url":"https:\/\/3coty.com\/wp-content\/uploads\/2025\/10\/3coty-02-chicken-080-meat-only-cat-food.jpg","type":"image\/jpeg"}],"twitter_card":"summary_large_image","twitter_title":"02. KU\u0158E 080 (80g) | Pro dosp\u011bl\u00e9 ko\u010dky | 3coty\u00ae P\u0159\u00edrodn\u00ed Krmivo pro Ko\u010dky 100% Masa","twitter_description":"P\u0159\u00edrodn\u00ed kompletn\u00ed a vyv\u00e1\u017een\u00e9 krmivo s ku\u0159etem a \u0159asou spirulinou podporuj\u00edc\u00ed imunitu a zdravou srst dosp\u011bl\u00fdch ko\u010dek. Trhan\u00e1 textura obl\u00edben\u00e1 u beng\u00e1lsk\u00fdch a habe\u0161sk\u00fdch ko\u010dek.","twitter_image":"https:\/\/3coty.com\/wp-content\/uploads\/2025\/10\/3coty-02-chicken-080-meat-only-cat-food.jpg","twitter_site":"@3cotyCom","twitter_misc":{"Cena":"\u20ac&nbsp;2.00","Dostupnost":"Skladem"},"schema":{"@context":"https:\/\/schema.org","@graph":[{"@type":"WebPage","@id":"https:\/\/3coty.com\/cs\/p\/02-chicken-080\/","url":"https:\/\/3coty.com\/cs\/p\/02-chicken-080\/","name":"02. KU\u0158E 080 (80g) | Pro dosp\u011bl\u00e9 ko\u010dky | 3coty\u00ae P\u0159\u00edrodn\u00ed Krmivo pro Ko\u010dky 100% Masa","isPartOf":{"@id":"https:\/\/3coty.com\/cs\/#website"},"primaryImageOfPage":{"@id":"https:\/\/3coty.com\/cs\/p\/02-chicken-080\/#primaryimage"},"image":{"@id":"https:\/\/3coty.com\/cs\/p\/02-chicken-080\/#primaryimage"},"thumbnailUrl":"https:\/\/3coty.com\/wp-content\/uploads\/2025\/07\/3coty-p-02-080-01.jpg","datePublished":"2025-05-19T15:55:12+00:00","dateModified":"2026-03-17T18:39:39+00:00","description":"P\u0159\u00edrodn\u00ed kompletn\u00ed a vyv\u00e1\u017een\u00e9 krmivo s ku\u0159etem a \u0159asou spirulinou podporuj\u00edc\u00ed imunitu a zdravou srst dosp\u011bl\u00fdch ko\u010dek. Trhan\u00e1 textura obl\u00edben\u00e1 u beng\u00e1lsk\u00fdch a habe\u0161sk\u00fdch ko\u010dek.","breadcrumb":{"@id":"https:\/\/3coty.com\/cs\/p\/02-chicken-080\/#breadcrumb"},"inLanguage":"cs","potentialAction":[{"@type":"ReadAction","target":["https:\/\/3coty.com\/cs\/p\/02-chicken-080\/"]}]},{"@type":"ImageObject","inLanguage":"cs","@id":"https:\/\/3coty.com\/cs\/p\/02-chicken-080\/#primaryimage","url":"https:\/\/3coty.com\/wp-content\/uploads\/2025\/07\/3coty-p-02-080-01.jpg","contentUrl":"https:\/\/3coty.com\/wp-content\/uploads\/2025\/07\/3coty-p-02-080-01.jpg","width":1024,"height":1024},{"@type":"BreadcrumbList","@id":"https:\/\/3coty.com\/cs\/p\/02-chicken-080\/#breadcrumb","itemListElement":[{"@type":"ListItem","position":1,"name":"Home","item":"https:\/\/3coty.com\/cs\/"},{"@type":"ListItem","position":2,"name":"OBCHOD","item":"https:\/\/3coty.com\/cs\/shop\/"},{"@type":"ListItem","position":3,"name":"02. KU\u0158E 080"}]},{"@type":"WebSite","@id":"https:\/\/3coty.com\/cs\/#website","url":"https:\/\/3coty.com\/cs\/","name":"3coty\u00ae","description":"Meat-only Cat Food","publisher":{"@id":"https:\/\/3coty.com\/cs\/#organization"},"potentialAction":[{"@type":"SearchAction","target":{"@type":"EntryPoint","urlTemplate":"https:\/\/3coty.com\/cs\/?s={search_term_string}"},"query-input":{"@type":"PropertyValueSpecification","valueRequired":true,"valueName":"search_term_string"}}],"inLanguage":"cs"},{"@type":"Organization","@id":"https:\/\/3coty.com\/cs\/#organization","name":"3coty\u00ae","alternateName":"3coty","url":"https:\/\/3coty.com\/cs\/","logo":{"@type":"ImageObject","inLanguage":"cs","@id":"https:\/\/3coty.com\/cs\/#\/schema\/logo\/image\/","url":"https:\/\/3coty.com\/wp-content\/uploads\/2025\/05\/icon-3coty-logo.svg","contentUrl":"https:\/\/3coty.com\/wp-content\/uploads\/2025\/05\/icon-3coty-logo.svg","width":283,"height":283,"caption":"3coty\u00ae"},"image":{"@id":"https:\/\/3coty.com\/cs\/#\/schema\/logo\/image\/"},"sameAs":["https:\/\/www.facebook.com\/3coty","https:\/\/x.com\/3cotyCom","https:\/\/www.instagram.com\/3coty","https:\/\/www.linkedin.com\/company\/3coty","https:\/\/www.youtube.com\/@3coty"]}]},"product_price_amount":"2.00","product_price_currency":"EUR","og_availability":"instock","product_availability":"instock","product_retailer_item_id":"080T 02CH \/ 5901785317374","product_condition":"new"},"_links":{"self":[{"href":"https:\/\/3coty.com\/cs\/wp-json\/wp\/v2\/product\/33876","targetHints":{"allow":["GET"]}}],"collection":[{"href":"https:\/\/3coty.com\/cs\/wp-json\/wp\/v2\/product"}],"about":[{"href":"https:\/\/3coty.com\/cs\/wp-json\/wp\/v2\/types\/product"}],"version-history":[{"count":4,"href":"https:\/\/3coty.com\/cs\/wp-json\/wp\/v2\/product\/33876\/revisions"}],"predecessor-version":[{"id":63038,"href":"https:\/\/3coty.com\/cs\/wp-json\/wp\/v2\/product\/33876\/revisions\/63038"}],"wp:featuredmedia":[{"embeddable":true,"href":"https:\/\/3coty.com\/cs\/wp-json\/wp\/v2\/media\/62629"}],"wp:attachment":[{"href":"https:\/\/3coty.com\/cs\/wp-json\/wp\/v2\/media?parent=33876"}],"wp:term":[{"taxonomy":"product_brand","embeddable":true,"href":"https:\/\/3coty.com\/cs\/wp-json\/wp\/v2\/product_brand?post=33876"},{"taxonomy":"product_cat","embeddable":true,"href":"https:\/\/3coty.com\/cs\/wp-json\/wp\/v2\/product_cat?post=33876"},{"taxonomy":"product_tag","embeddable":true,"href":"https:\/\/3coty.com\/cs\/wp-json\/wp\/v2\/product_tag?post=33876"}],"curies":[{"name":"wp","href":"https:\/\/api.w.org\/{rel}","templated":true}]}}